{"id":3420,"date":"2024-05-03T06:26:53","date_gmt":"2024-05-03T06:26:53","guid":{"rendered":"https:\/\/elfsight.com\/it\/?page_id=3420"},"modified":"2024-11-12T08:11:06","modified_gmt":"2024-11-12T08:11:06","slug":"magento","status":"publish","type":"page","link":"https:\/\/elfsight.com\/it\/all-in-one-chat-widget\/magento\/","title":{"rendered":"All-in-One Chat &#8211; Magento"},"content":{"rendered":"<div class=\"application-platform-content-item-description application-platform-content-item\" id=\"description\" data-nav-section=\"description\"> <h2>Descrizione<\/h2> <p>Il plugin Elfsight Live Chat \u00e8 una delle possibilit\u00e0 pi\u00f9 convenienti per i visitatori del sito web di rivolgersi a te e ottenere supporto da Voi. Rimarrai disponibile dal vivo in tutti i messenger pi\u00f9 utilizzati 24 ore su 24, 7 giorni su 7. Incorpora lo strumento nel tuo sito e pu\u00f2 essere attivato su pagine particolari o per determinate categorie di pubblico, scegli gli attivatori che avviano la chat, imposta il tuo testo di benvenuto, imposta icone e altre funzionalit\u00e0. Con l&#8217;aiuto del widget attivo rimarrai raggiungibile per i visitatori in ogni momento e da qualsiasi luogo.<\/p> <p><b>Tutti i messenger pi\u00f9 popolari come Facebook, WhatsApp, Viber, Telegram e molto altro in uno per il l&#8217;interazione pi\u00f9 avvincente e pratica con il tuo pubblico!<\/b><\/p> <p><b>Centralizza le richieste dei tuoi clienti<\/b><br>Combinando tutti i canali di messaggistica pi\u00f9 noti all&#8217;interno dell&#8217;estensione reattiva della casella di chat, potrai Sarai in grado di risolvere pi\u00f9 attivit\u00e0 in un unico posto, migliorando la soddisfazione del cliente.<\/p><p><b>Strumento estremamente personalizzabile<\/b><br>Telegram, Discord, Line, Facebook Messenger, WhatsApp, Viber, &#8211; tu sei libero di applicarli tutti insieme, o scegliere quelli che soddisfano le tue esigenze, modificandone colori, dimensioni e altro.<\/b><p><b>Garantisci una comunicazione in tempo reale<\/b><br>Incorporando il plug-in Live chat sulle pagine del tuo sito web, conoscerai meglio i tuoi visitatori fornendo loro un servizio di prima classe e realizzando servizi pi\u00f9 mirati.<\/b><\/div> <div class=\"application-platform-content-item-features application-platform-content-item\" id=\"features\" data-nav-section=\"features\"> <h2>Dai un&#8217;occhiata all&#8217;elenco delle funzionalit\u00e0 pi\u00f9 potenti: <\/h2> <ul><li>Aggiungi il plug-in di messaggistica All-in-One Chat sulla tua pagina per chattare con i visitatori. <\/li><li>3 varianti della posizione della chat: bolla mobile, bolla incorporata e finestra di chat incorporata. <\/li><li>Una libreria di icone a bolle tra cui scegliere. <\/li><li>Titolo della chat flessibile con immagine della pagina, nome e didascalia<\/li><li>Seleziona l&#8217;immagine della pagina per impostazione predefinita, dalla nostra raccolta o carica la tua immagine. <\/li><\/ul><p><a href=\"#demo\">Esamina tutte le impostazioni nella demo completa<\/a><\/p> <\/div> <div class=\"application-platform-content-item-installation application-platform-content-item\" id=\"installation\" data-nav-section=\"installation\"> <h2>Come incorporare l&#8217;estensione Live Chat nel mio sito Magento?<\/h2> <p>Basta seguire le linee guida seguenti per integrare il plugin.<\/p> <ol><li><b>Lancia il nostro editor gratuito e inizia a creare la tua estensione personalizzata.<\/b><br> Trova la forma e le specifiche preferite del plugin e salva tutte le correzioni.<\/li> <li><b>Ricevi il tuo codice personale rivelato nel box su Elfsight Apps. <\/b><br> Non appena la configurazione del tuo plugin personale \u00e8 terminata, copia il codice esclusivo nella casella emersa e salvalo per un&#8217;occasione successiva.<\/li> <li><b>Inizia a utilizzare l&#8217;estensione il Pagina web Magento.<\/b><br> Integra il codice copiato di recente nella tua pagina web e applica le modifiche.<\/li> <li><b>Il gioco \u00e8 fatto! L&#8217;integrazione \u00e8 stata completata con successo.<\/b><br> Apri la tua pagina web per dare un&#8217;occhiata alle prestazioni del plug-in della chat.<\/li><\/ol><p>Se riscontri problemi, non esitare a presentare ricorso al nostro team di assistenza clienti. I nostri specialisti saranno felici di risolvere tutte le domande che potresti avere con lo strumento.<\/p> <div class=\"faq\" data-component=\"FAQ\"><div class=\"faq-item\">\r\n\t\t\t\t\t<div class=\"faq-item-question\">\r\n\t\t\t\t\t\t<h3 class=\"faq-item-question-text\">Come posso aggiungere la chat all-in-one al mio sito web Magento senza competenze di programmazione?<\/h3>\r\n\r\n\t\t\t\t\t\t<div class=\"faq-item-question-icon\"><\/div>\r\n\t\t\t\t\t<\/div>\r\n\r\n\t\t\t\t\t<div class=\"faq-item-answer\">\r\n\t\t\t\t\t\t<div class=\"faq-item-answer-text\"><p>Elfsight fornisce una soluzione SaaS che ti consente di creare tu stesso un widget di chat tutto in uno, scopri quanto \u00e8 semplice il processo: lavora direttamente nell&#8217;editor online per creare un widget di chat tutto in uno su cui vorresti vedere il tuo sito web Magento. Scegli uno dei modelli predefiniti e regola le impostazioni della chat all-in-one, aggiungi i tuoi contenuti, modifica il layout e i colori senza alcuna abilit\u00e0 di codifica. Salva la chat all-in-one e copia il suo codice di installazione, in modo da poterla aggiungere facilmente al tuo sito Magento senza acquistare un piano a pagamento. Con il nostro editor intuitivo qualsiasi utente di Internet pu\u00f2 creare un widget di chat tutto in uno online e incorporarlo facilmente nel proprio sito Web Magento. Non \u00e8 necessario pagare o inserire le credenziali della carta per accedere al servizio. In caso di problemi in qualsiasi momento, non esitare a contattare il nostro team di supporto tecnico.<\/p><\/div>\r\n\t\t\t\t\t<\/div>\r\n\t\t\t\t<\/div><\/div><\/div>","protected":false},"excerpt":{"rendered":"","protected":false},"author":9,"featured_media":0,"parent":1886,"menu_order":0,"comment_status":"closed","ping_status":"closed","template":"templates\/template-application-platform.php","meta":{"publish_to_discourse":"","publish_post_category":"","wpdc_auto_publish_overridden":"","wpdc_topic_tags":"","wpdc_pin_topic":"","wpdc_pin_until":"","discourse_post_id":"","discourse_permalink":"","wpdc_publishing_response":"","wpdc_publishing_error":"","footnotes":""},"class_list":["post-3420","page","type-page","status-publish","hentry"],"yoast_head":"<!-- This site is optimized with the Yoast SEO plugin v25.3.1 - https:\/\/yoast.com\/wordpress\/plugins\/seo\/ -->\n<title>Chat dal vivo: aggiungi il widget Chat Box ai siti Web Magento (gratuito e semplice)<\/title>\n<meta name=\"description\" content=\"Aggiungi la tua estensione All-in-One Live Chat al sito web Magento in 1-2-3. Applica la nostra demo attiva per creare senza sforzo il tuo plugin di chat unico.\" \/>\n<meta name=\"robots\" content=\"index, follow, max-snippet:-1, max-image-preview:large, max-video-preview:-1\" \/>\n<link rel=\"canonical\" href=\"https:\/\/elfsight.com\/it\/all-in-one-chat-widget\/magento\/\" \/>\n<meta property=\"og:locale\" content=\"it_IT\" \/>\n<meta property=\"og:type\" content=\"article\" \/>\n<meta property=\"og:title\" content=\"Chat dal vivo: aggiungi il widget Chat Box ai siti Web Magento (gratuito e semplice)\" \/>\n<meta property=\"og:description\" content=\"Aggiungi la tua estensione All-in-One Live Chat al sito web Magento in 1-2-3. Applica la nostra demo attiva per creare senza sforzo il tuo plugin di chat unico.\" \/>\n<meta property=\"og:url\" content=\"https:\/\/elfsight.com\/it\/all-in-one-chat-widget\/magento\/\" \/>\n<meta property=\"og:site_name\" content=\"Elfsight IT\" \/>\n<meta property=\"article:modified_time\" content=\"2024-11-12T08:11:06+00:00\" \/>\n<meta name=\"twitter:card\" content=\"summary_large_image\" \/>\n<meta name=\"twitter:label1\" content=\"Tempo di lettura stimato\" \/>\n\t<meta name=\"twitter:data1\" content=\"3 minuti\" \/>\n<!-- \/ Yoast SEO plugin. -->","yoast_head_json":{"title":"Chat dal vivo: aggiungi il widget Chat Box ai siti Web Magento (gratuito e semplice)","description":"Aggiungi la tua estensione All-in-One Live Chat al sito web Magento in 1-2-3. Applica la nostra demo attiva per creare senza sforzo il tuo plugin di chat unico.","robots":{"index":"index","follow":"follow","max-snippet":"max-snippet:-1","max-image-preview":"max-image-preview:large","max-video-preview":"max-video-preview:-1"},"canonical":"https:\/\/elfsight.com\/it\/all-in-one-chat-widget\/magento\/","og_locale":"it_IT","og_type":"article","og_title":"Chat dal vivo: aggiungi il widget Chat Box ai siti Web Magento (gratuito e semplice)","og_description":"Aggiungi la tua estensione All-in-One Live Chat al sito web Magento in 1-2-3. Applica la nostra demo attiva per creare senza sforzo il tuo plugin di chat unico.","og_url":"https:\/\/elfsight.com\/it\/all-in-one-chat-widget\/magento\/","og_site_name":"Elfsight IT","article_modified_time":"2024-11-12T08:11:06+00:00","twitter_card":"summary_large_image","twitter_misc":{"Tempo di lettura stimato":"3 minuti"},"schema":{"@context":"https:\/\/schema.org","@graph":[{"@type":"WebPage","@id":"https:\/\/elfsight.com\/it\/all-in-one-chat-widget\/magento\/","url":"https:\/\/elfsight.com\/it\/all-in-one-chat-widget\/magento\/","name":"Chat dal vivo: aggiungi il widget Chat Box ai siti Web Magento (gratuito e semplice)","isPartOf":{"@id":"https:\/\/elfsight.com\/it\/#website"},"datePublished":"2024-05-03T06:26:53+00:00","dateModified":"2024-11-12T08:11:06+00:00","description":"Aggiungi la tua estensione All-in-One Live Chat al sito web Magento in 1-2-3. Applica la nostra demo attiva per creare senza sforzo il tuo plugin di chat unico.","breadcrumb":{"@id":"https:\/\/elfsight.com\/it\/all-in-one-chat-widget\/magento\/#breadcrumb"},"inLanguage":"it-IT","potentialAction":[{"@type":"ReadAction","target":["https:\/\/elfsight.com\/it\/all-in-one-chat-widget\/magento\/"]}]},{"@type":"BreadcrumbList","@id":"https:\/\/elfsight.com\/it\/all-in-one-chat-widget\/magento\/#breadcrumb","itemListElement":[{"@type":"ListItem","position":1,"name":"Home","item":"https:\/\/elfsight.com\/it\/"},{"@type":"ListItem","position":2,"name":"All-in-One Chat","item":"https:\/\/elfsight.com\/it\/all-in-one-chat-widget\/"},{"@type":"ListItem","position":3,"name":"All-in-One Chat &#8211; Magento"}]},{"@type":"WebSite","@id":"https:\/\/elfsight.com\/it\/#website","url":"https:\/\/elfsight.com\/it\/","name":"Elfsight IT","description":"Just another Elfsight Sites site","potentialAction":[{"@type":"SearchAction","target":{"@type":"EntryPoint","urlTemplate":"https:\/\/elfsight.com\/it\/?s={search_term_string}"},"query-input":{"@type":"PropertyValueSpecification","valueRequired":true,"valueName":"search_term_string"}}],"inLanguage":"it-IT"}]}},"meta_box":{"industry":"","seo_heading":"","heading":"","description":"","cta_heading":"","cta_description":"","application":"1885","h1":"Estensione Magento Live Chat","h1_caption":"Offri ai tuoi clienti la possibilit\u00e0 di raggiungerti su pi\u00f9 piattaforme di messaggistica come whatsapp, Facebook, Telegram e altro da un'unica estensione nel tuo sito web Magento senza sforzo.","application_category":[],"applications_title":"","applications_request_title":"","applications_request_button_text":"","hero_text":"","hero_video":"","hero_video_schema_markup":"","selling_points_title":"","selling_points_caption":"","selling_points":[],"selling_points_cta_text":"","features_title":"","features":"","ed_cta_examples_text":"","ed_cta_examples_hidden":"","ed_cta_demo_text":"","ed_cta_demo_hidden":"","why_caption":"","why_editor_title":"","why_editor_text":"","why_team_title":"","why_team_text":"","why_service_title":"","why_service_text":"","template_catalog_visible":"","template_catalog_title":"","template_catalog_text":"","template_catalog_categories_visible":"","demo_title":"Crea la tua estensione Chat tutto in uno","demo_caption":"Configura la tua chat All-in-One e aggiungila gratuitamente al tuo sito Magento!","default_faq_hidden":"","app_template_category":[],"platform":"39","template_public_id":"","codecanyon_url":"","codecanyon_item_id":"","codecanyon_price":"","pricing_caption":"","pricing_elfsight_apps_hide_column":"","pricing_elfsight_apps_url":"","pricing_codecanyon_price_caption":"","integration_category":[],"integration_request_title":"","integration_request_cta":"","integration_platform":"","integrations":[],"platform_category":[],"video_schema_markup":"","price":"da $ 0 al mese","trial":"","benefits":[{"text":"Aiuto per l'installazione gratuito"},{"text":"Servizio clienti efficace"},{"text":"Garanzia di rimborso di 14 giorni"},{"text":"Aggiornamento costante"}],"button_url":"#demo","button_target_blank":"","button_nofollow":"","attributes":[{"name":"Installazioni"},{"name":"Reattivo","content":"S\u00cc"},{"name":"Browser compatibili","content":"Firefox, Safari, Opera, Chrome, Edge"}],"tags":[],"tags_disable_links":"","hide_more_platforms":"","video_object":"","demo_hide_cta":"","demo_hide_cloud_options":"","pricing_title":"","pricing":[{"pricing_icon":"platform","pricing_title":"Elfsight Apps","pricing_title_caption":"Versione indipendente dalla piattaforma che funziona su qualsiasi sito web","pricing_price":"da $ 0 \/ mese","pricing_price_caption":"inizia con un piano gratuito","pricing_benefits":[{"text":"Siti web illimitati"},{"text":"Supporto aziendale professionale e ben documentato"},{"text":"Aiuto per l'installazione gratuito"},{"text":"Progettazione flessibile"}],"pricing_button_text":"Aggiungi al sito web","pricing_button_url":"#demo"}],"related_apps_title":"","related_apps_hidden":"","author":"","image":[],"title":"","job":"","social_networks":[]},"_links":{"self":[{"href":"https:\/\/elfsight.com\/it\/wp-json\/wp\/v2\/pages\/3420","targetHints":{"allow":["GET"]}}],"collection":[{"href":"https:\/\/elfsight.com\/it\/wp-json\/wp\/v2\/pages"}],"about":[{"href":"https:\/\/elfsight.com\/it\/wp-json\/wp\/v2\/types\/page"}],"author":[{"embeddable":true,"href":"https:\/\/elfsight.com\/it\/wp-json\/wp\/v2\/users\/9"}],"replies":[{"embeddable":true,"href":"https:\/\/elfsight.com\/it\/wp-json\/wp\/v2\/comments?post=3420"}],"version-history":[{"count":1,"href":"https:\/\/elfsight.com\/it\/wp-json\/wp\/v2\/pages\/3420\/revisions"}],"predecessor-version":[{"id":3424,"href":"https:\/\/elfsight.com\/it\/wp-json\/wp\/v2\/pages\/3420\/revisions\/3424"}],"up":[{"embeddable":true,"href":"https:\/\/elfsight.com\/it\/wp-json\/wp\/v2\/pages\/1886"}],"wp:attachment":[{"href":"https:\/\/elfsight.com\/it\/wp-json\/wp\/v2\/media?parent=3420"}],"curies":[{"name":"wp","href":"https:\/\/api.w.org\/{rel}","templated":true}]}}