{"id":3413,"date":"2024-05-03T06:26:50","date_gmt":"2024-05-03T06:26:50","guid":{"rendered":"https:\/\/elfsight.com\/it\/?page_id=3413"},"modified":"2024-11-12T08:10:57","modified_gmt":"2024-11-12T08:10:57","slug":"opencart","status":"publish","type":"page","link":"https:\/\/elfsight.com\/it\/all-in-one-chat-widget\/opencart\/","title":{"rendered":"All-in-One Chat &#8211; OpenCart"},"content":{"rendered":"<div class=\"application-platform-content-item-description application-platform-content-item\" id=\"description\" data-nav-section=\"description\"> <h2>Descrizione<\/h2> <p>Il modulo Elfsight Live Chat \u00e8 una delle possibilit\u00e0 pi\u00f9 veloci per contattare le persone e ottenere risposte alle loro domande. Potrai rimanere disponibile dal vivo in tutte le chat pi\u00f9 preferite senza sosta. Incorpora l&#8217;estensione sul tuo sito e potr\u00e0 essere attiva solo su pagine specifiche o per determinati gruppi di pubblico, scegli i trigger di avvio della chat, scrivi il tuo messaggio di benvenuto, seleziona le icone e molto altro ancora. Utilizzando il widget attivo rimarrai raggiungibile dalle persone in ogni momento e da qualsiasi luogo. <\/p> <p><b>Accesso facile e risposta rapida, aumento delle vendite attraverso la consulenza<\/b><\/p> <\/div> <div class=\"application-platform-content-item-features application-platform-content-item\" id=\"features\" data-nav-section=\"features\"> <h2>Le funzionalit\u00e0 di base dell&#8217;estensione contiene<\/h2> <ul><li>Incorpora il modulo di messaggistica Live Chat tutto in uno sul tuo sito web per chattare con gli utenti. <\/li><li>Tre tipi di posizione della chat: bolla mobile, bolla incorporata e finestra di chat incorporata. <\/li><li>Una libreria di icone di bolle tra cui scegliere. <\/li><li>Titolo della chat malleabile con immagine della pagina, nome e sottotitolo<\/li><li>Impostazione dell&#8217;immagine della pagina per impostazione predefinita, dalla nostra raccolta o caricamento di un&#8217;immagine personalizzata. <\/li><\/ul><p><a href=\"#demo\">Puoi sentire se il widget fa per te provando la demo<\/a><\/p> <div class=\"faq\" data-component=\"FAQ\"><div class=\"faq-item\">\r\n\t\t\t\t\t<div class=\"faq-item-question\">\r\n\t\t\t\t\t\t<h3 class=\"faq-item-question-text\">Come aggiungere la casella di chat tutto in uno a una pagina Opencart?<\/h3>\r\n\r\n\t\t\t\t\t\t<div class=\"faq-item-question-icon\"><\/div>\r\n\t\t\t\t\t<\/div>\r\n\r\n\t\t\t\t\t<div class=\"faq-item-answer\">\r\n\t\t\t\t\t\t<div class=\"faq-item-answer-text\"><p>L&#8217;aggiunta del plug-in di chat al sito Web richiede solo circa 90 secondi. Inoltre, non \u00e8 necessario avere conoscenze di programmazione web. <\/p><ol><li>Regola l&#8217;estensione per Opencart nel configuratore live gratuito. <\/li> <li>Copia il tuo codice di installazione. <\/li> <li>Incorpora il codice nel punto necessario nel modello del sito. <\/li> <li>Capito! La configurazione del plug-in di chat su Opencart \u00e8 completata! <\/li><\/ol><p>Riscontri problemi con l&#8217;inserimento dell&#8217;estensione su Opencart o l&#8217;impostazione della chat All-in-One? Potresti trovare la guida dettagliata sull&#8217;aggiunta di un modulo di chat <a href=\"https:\/\/elfsight.com\/tutorials\/how-to-add-live-chat-to-website\/#how-to-add-live-chat -to-opencart\">in questa pagina<\/a>. <\/p><\/div>\r\n\t\t\t\t\t<\/div>\r\n\t\t\t\t<\/div><div class=\"faq-item\">\r\n\t\t\t\t\t<div class=\"faq-item-question\">\r\n\t\t\t\t\t\t<h3 class=\"faq-item-question-text\">Ho la possibilit\u00e0 di vedere come apparir\u00e0 l'estensione su un sito web?<\/h3>\r\n\r\n\t\t\t\t\t\t<div class=\"faq-item-question-icon\"><\/div>\r\n\t\t\t\t\t<\/div>\r\n\r\n\t\t\t\t\t<div class=\"faq-item-answer\">\r\n\t\t\t\t\t\t<div class=\"faq-item-answer-text\"><p>Certamente! Durante la creazione del plug-in di chat Opencart nel <a href=\"https:\/\/elfsight.com\/all-in-one-chat-widget\/#demo\">costruttore di widget online<\/a>, vedrai tutte le revisioni nella parte destra dell&#8217;editor. La tua casella di chat avr\u00e0 esattamente lo stesso aspetto che avrai sul tuo sito web Opencart. <\/p><\/div>\r\n\t\t\t\t\t<\/div>\r\n\t\t\t\t<\/div><div class=\"faq-item\">\r\n\t\t\t\t\t<div class=\"faq-item-question\">\r\n\t\t\t\t\t\t<h3 class=\"faq-item-question-text\">Quali altri moduli sono necessari per un sito Web Opencart?<\/h3>\r\n\r\n\t\t\t\t\t\t<div class=\"faq-item-question-icon\"><\/div>\r\n\t\t\t\t\t<\/div>\r\n\r\n\t\t\t\t\t<div class=\"faq-item-answer\">\r\n\t\t\t\t\t\t<div class=\"faq-item-answer-text\"><p>Opencart \u00e8 un sistema di carrello della spesa gratuito. Potrebbe essere utile per chiunque desideri aumentare le vendite e i tassi di conversione con l&#8217;aiuto di un negozio online. Esistono diversi widget Elfsight che potrebbero interessare gli utenti di Opencart.<\/p><p>Ad esempio, <a href=\"https:\/\/elfsight.com\/whatsapp-chat-widget\/opencart\/\">WhatsApp La chat<\/a> \u00e8 fantastica per ricevere messaggi dal sito Web Opencart tramite il messenger pi\u00f9 popolare al mondo, <a href=\"https:\/\/elfsight.com\/instagram-feed-instashow\/opencart\/\">Feed di Instagram<\/a> serve per caricare la tua bellissima galleria sul sito web, il pulsante <a href=\"https:\/\/elfsight.com\/facebook-chat-widget\/opencart\/\">Facebook Messenger<\/a> \u00e8 ottimo per chattare con gli utenti. Inoltre, hai l&#8217;opportunit\u00e0 di presentare ottime testimonianze dei tuoi clienti con <a href=\"https:\/\/elfsight.com\/google-reviews-widget\/opencart\/\">Google Recensioni<\/a> e di mostrare foto straordinarie dei tuoi articoli con un <a href=\"https:\/\/elfsight.com\/slider-widget\/opencart\/\">Slider<\/a>.<\/p><\/div>\r\n\t\t\t\t\t<\/div>\r\n\t\t\t\t<\/div><\/div><\/div> <div class=\"application-platform-content-item-installazione  application-platform-content-item\" id=\"installazione \" data-nav-section=\"installazione \"> <h2>Come aggiungere l&#8217;estensione Live Chat alla mia pagina Web OpenCart?<\/h2> <p>Basta seguire le linee guida seguenti per iniziare a utilizzare il modulo.<\/p> <ol><li><b>Lancia il nostro configuratore gratuito e inizia a creare la tua estensione personalizzata.<\/b><br> Scegli la forma e le caratteristiche preferite del modulo e salva tutte le modifiche.<\/li> <li><b>Ricevi il tuo codice univoco dimostrato nel box su Elfsight Apps.<\/b><br> Subito dopo che la generazione del tuo modulo personale \u00e8 terminata, copia il tuo codice nel popup visualizzato e salvalo per ulteriori occasioni.<\/li> <li><b>Avvia l&#8217;applicazione di l&#8217;estensione sul sito OpenCart.<\/b><br> Inserisci il codice salvato in precedenza nel tuo sito e salva le modifiche.<\/li> <li><b>Il gioco \u00e8 fatto! L&#8217;incorporamento \u00e8 stato completato.<\/b><br> Apri il tuo sito web per vedere come funziona il modulo.<\/li><\/ol><p>Se hai domande o affronti alcuni problemi, non esitare a rivolgerti al nostro team di supporto. I nostri consulenti saranno entusiasti di aiutarti con tutte le domande che potresti avere con il plugin. <\/p> <\/div>","protected":false},"excerpt":{"rendered":"","protected":false},"author":9,"featured_media":0,"parent":1886,"menu_order":0,"comment_status":"closed","ping_status":"closed","template":"templates\/template-application-platform.php","meta":{"publish_to_discourse":"","publish_post_category":"","wpdc_auto_publish_overridden":"","wpdc_topic_tags":"","wpdc_pin_topic":"","wpdc_pin_until":"","discourse_post_id":"","discourse_permalink":"","wpdc_publishing_response":"","wpdc_publishing_error":"","footnotes":""},"class_list":["post-3413","page","type-page","status-publish","hentry"],"yoast_head":"<!-- This site is optimized with the Yoast SEO plugin v25.3.1 - https:\/\/yoast.com\/wordpress\/plugins\/seo\/ -->\n<title>Chat dal vivo: aggiungi chat online ai siti Web OpenCart (facile e gratuita)<\/title>\n<meta name=\"description\" content=\"Aggiungi rapidamente la tua estensione All-in-One Live Chat sulla pagina Web OpenCart. Utilizza la nostra demo live per creare il tuo modulo di chat unico senza sforzo.\" \/>\n<meta name=\"robots\" content=\"index, follow, max-snippet:-1, max-image-preview:large, max-video-preview:-1\" \/>\n<link rel=\"canonical\" href=\"https:\/\/elfsight.com\/it\/all-in-one-chat-widget\/opencart\/\" \/>\n<meta property=\"og:locale\" content=\"it_IT\" \/>\n<meta property=\"og:type\" content=\"article\" \/>\n<meta property=\"og:title\" content=\"Chat dal vivo: aggiungi chat online ai siti Web OpenCart (facile e gratuita)\" \/>\n<meta property=\"og:description\" content=\"Aggiungi rapidamente la tua estensione All-in-One Live Chat sulla pagina Web OpenCart. Utilizza la nostra demo live per creare il tuo modulo di chat unico senza sforzo.\" \/>\n<meta property=\"og:url\" content=\"https:\/\/elfsight.com\/it\/all-in-one-chat-widget\/opencart\/\" \/>\n<meta property=\"og:site_name\" content=\"Elfsight IT\" \/>\n<meta property=\"article:modified_time\" content=\"2024-11-12T08:10:57+00:00\" \/>\n<meta name=\"twitter:card\" content=\"summary_large_image\" \/>\n<meta name=\"twitter:label1\" content=\"Tempo di lettura stimato\" \/>\n\t<meta name=\"twitter:data1\" content=\"3 minuti\" \/>\n<!-- \/ Yoast SEO plugin. -->","yoast_head_json":{"title":"Chat dal vivo: aggiungi chat online ai siti Web OpenCart (facile e gratuita)","description":"Aggiungi rapidamente la tua estensione All-in-One Live Chat sulla pagina Web OpenCart. Utilizza la nostra demo live per creare il tuo modulo di chat unico senza sforzo.","robots":{"index":"index","follow":"follow","max-snippet":"max-snippet:-1","max-image-preview":"max-image-preview:large","max-video-preview":"max-video-preview:-1"},"canonical":"https:\/\/elfsight.com\/it\/all-in-one-chat-widget\/opencart\/","og_locale":"it_IT","og_type":"article","og_title":"Chat dal vivo: aggiungi chat online ai siti Web OpenCart (facile e gratuita)","og_description":"Aggiungi rapidamente la tua estensione All-in-One Live Chat sulla pagina Web OpenCart. Utilizza la nostra demo live per creare il tuo modulo di chat unico senza sforzo.","og_url":"https:\/\/elfsight.com\/it\/all-in-one-chat-widget\/opencart\/","og_site_name":"Elfsight IT","article_modified_time":"2024-11-12T08:10:57+00:00","twitter_card":"summary_large_image","twitter_misc":{"Tempo di lettura stimato":"3 minuti"},"schema":{"@context":"https:\/\/schema.org","@graph":[{"@type":"WebPage","@id":"https:\/\/elfsight.com\/it\/all-in-one-chat-widget\/opencart\/","url":"https:\/\/elfsight.com\/it\/all-in-one-chat-widget\/opencart\/","name":"Chat dal vivo: aggiungi chat online ai siti Web OpenCart (facile e gratuita)","isPartOf":{"@id":"https:\/\/elfsight.com\/it\/#website"},"datePublished":"2024-05-03T06:26:50+00:00","dateModified":"2024-11-12T08:10:57+00:00","description":"Aggiungi rapidamente la tua estensione All-in-One Live Chat sulla pagina Web OpenCart. Utilizza la nostra demo live per creare il tuo modulo di chat unico senza sforzo.","breadcrumb":{"@id":"https:\/\/elfsight.com\/it\/all-in-one-chat-widget\/opencart\/#breadcrumb"},"inLanguage":"it-IT","potentialAction":[{"@type":"ReadAction","target":["https:\/\/elfsight.com\/it\/all-in-one-chat-widget\/opencart\/"]}]},{"@type":"BreadcrumbList","@id":"https:\/\/elfsight.com\/it\/all-in-one-chat-widget\/opencart\/#breadcrumb","itemListElement":[{"@type":"ListItem","position":1,"name":"Home","item":"https:\/\/elfsight.com\/it\/"},{"@type":"ListItem","position":2,"name":"All-in-One Chat","item":"https:\/\/elfsight.com\/it\/all-in-one-chat-widget\/"},{"@type":"ListItem","position":3,"name":"All-in-One Chat &#8211; OpenCart"}]},{"@type":"WebSite","@id":"https:\/\/elfsight.com\/it\/#website","url":"https:\/\/elfsight.com\/it\/","name":"Elfsight IT","description":"Just another Elfsight Sites site","potentialAction":[{"@type":"SearchAction","target":{"@type":"EntryPoint","urlTemplate":"https:\/\/elfsight.com\/it\/?s={search_term_string}"},"query-input":{"@type":"PropertyValueSpecification","valueRequired":true,"valueName":"search_term_string"}}],"inLanguage":"it-IT"}]}},"meta_box":{"industry":"","seo_heading":"","heading":"","description":"","cta_heading":"","cta_description":"","application":"1885","h1":"Estensione OpenCart Live Chat","h1_caption":"Offri ai tuoi clienti la possibilit\u00e0 di raggiungerti su pi\u00f9 piattaforme di messaggistica come whatsapp, Facebook, Telegram e altro da un'unica estensione nel tuo sito Web Opencart senza sforzo.","application_category":[],"applications_title":"","applications_request_title":"","applications_request_button_text":"","hero_text":"","hero_video":"","hero_video_schema_markup":"","selling_points_title":"","selling_points_caption":"","selling_points":[],"selling_points_cta_text":"","features_title":"","features":"","ed_cta_examples_text":"","ed_cta_examples_hidden":"","ed_cta_demo_text":"","ed_cta_demo_hidden":"","why_caption":"","why_editor_title":"","why_editor_text":"","why_team_title":"","why_team_text":"","why_service_title":"","why_service_text":"","template_catalog_visible":"","template_catalog_title":"","template_catalog_text":"","template_catalog_categories_visible":"","demo_title":"Crea la tua estensione Chat tutto in uno","demo_caption":"Configura la tua chat all-in-one e aggiungila gratuitamente al tuo sito Web OpenCart!","default_faq_hidden":"","app_template_category":[],"platform":"41","template_public_id":"","codecanyon_url":"","codecanyon_item_id":"","codecanyon_price":"","pricing_caption":"","pricing_elfsight_apps_hide_column":"","pricing_elfsight_apps_url":"","pricing_codecanyon_price_caption":"","integration_category":[],"integration_request_title":"","integration_request_cta":"","integration_platform":"","integrations":[],"platform_category":[],"video_schema_markup":"","price":"da $ 0 al mese","trial":"","benefits":[{"text":"Aiuto gratuito per l'installazione"},{"text":"Supporto eccezionale"},{"text":"Garanzia di rimborso di 14 giorni"},{"text":"Aggiornamenti gratuiti continui"}],"button_url":"#demo","button_target_blank":"","button_nofollow":"","attributes":[{"name":"Installazioni"},{"name":"Reattivo","content":"S\u00cc"},{"name":"Browser compatibili","content":"Firefox, Safari, Opera, Chrome, Edge"}],"tags":[],"tags_disable_links":"","hide_more_platforms":"","video_object":"","demo_hide_cta":"","demo_hide_cloud_options":"","pricing_title":"","pricing":[{"pricing_icon":"platform","pricing_title":"Elfsight Apps","pricing_title_caption":"Versione multipiattaforma che funziona su qualsiasi sito web","pricing_price":"da $ 0 \/ mese","pricing_price_caption":"inizia con il piano gratuito","pricing_benefits":[{"text":"Siti web illimitati"},{"text":"Assistenza gratuita e puntuale"},{"text":"Aiuto per l'installazione gratuito"},{"text":"Progettazione flessibile"}],"pricing_button_text":"Aggiungi al sito web","pricing_button_url":"#demo"}],"related_apps_title":"","related_apps_hidden":"","author":"","image":[],"title":"","job":"","social_networks":[]},"_links":{"self":[{"href":"https:\/\/elfsight.com\/it\/wp-json\/wp\/v2\/pages\/3413","targetHints":{"allow":["GET"]}}],"collection":[{"href":"https:\/\/elfsight.com\/it\/wp-json\/wp\/v2\/pages"}],"about":[{"href":"https:\/\/elfsight.com\/it\/wp-json\/wp\/v2\/types\/page"}],"author":[{"embeddable":true,"href":"https:\/\/elfsight.com\/it\/wp-json\/wp\/v2\/users\/9"}],"replies":[{"embeddable":true,"href":"https:\/\/elfsight.com\/it\/wp-json\/wp\/v2\/comments?post=3413"}],"version-history":[{"count":1,"href":"https:\/\/elfsight.com\/it\/wp-json\/wp\/v2\/pages\/3413\/revisions"}],"predecessor-version":[{"id":3417,"href":"https:\/\/elfsight.com\/it\/wp-json\/wp\/v2\/pages\/3413\/revisions\/3417"}],"up":[{"embeddable":true,"href":"https:\/\/elfsight.com\/it\/wp-json\/wp\/v2\/pages\/1886"}],"wp:attachment":[{"href":"https:\/\/elfsight.com\/it\/wp-json\/wp\/v2\/media?parent=3413"}],"curies":[{"name":"wp","href":"https:\/\/api.w.org\/{rel}","templated":true}]}}