{"id":3412,"date":"2024-05-03T06:26:49","date_gmt":"2024-05-03T06:26:49","guid":{"rendered":"https:\/\/elfsight.com\/it\/?page_id=3412"},"modified":"2025-03-17T07:51:57","modified_gmt":"2025-03-17T07:51:57","slug":"shopify","status":"publish","type":"page","link":"https:\/\/elfsight.com\/it\/all-in-one-chat-widget\/shopify\/","title":{"rendered":"All-in-One Chat &#8211; Shopify"},"content":{"rendered":"\n<div class=\"application-platform-content-item-description application-platform-content-item\" id=\"description\" data-nav-section=\"description\"> <h2>Incorpora la chat all-in-one su Shopify con il widget Elfsight<\/h2> <p>App di chat online all-in-one di Elfsight \u00e8 uno dei modi pi\u00f9 rapidi con cui i visitatori del sito web possono rivolgersi a te e risolvere le loro domande. Rimani disponibile in tempo reale in tutti i messenger pi\u00f9 utilizzati. Incorpora l&#8217;app nella tua pagina e potr\u00e0 essere attiva solo su pagine specifiche o per categorie separate di pubblico, assegna attivatori di avvio chat, componi il tuo testo di benvenuto, scegli icone e altre funzionalit\u00e0. Avendo il widget attivo e funzionante rimarrai raggiungibile per le persone in ogni momento e da qualsiasi luogo.<\/p> <p><b>Genera lead tramite indirizzamento diretto.<\/b><\/p> <\/div> <div class=\"application-platform-content-item-features application-platform-content-item\" id=\"features\" data-nav-section=\"features\"> <h2>Queste sono solo alcune delle varie funzionalit\u00e0 del widget: <\/h2> <ul><li>Aggiungi l&#8217;app di messaggistica di chat online tutto in uno sulla tua pagina per chattare con gli utenti. <\/li><li>Tre tipi di posizione della chat: bolla mobile, bolla incorporata e finestra di chat incorporata. <\/li><li>Una libreria di icone a bolle tra cui scegliere. <\/li><li>Titolo della chat flessibile con logo, nome e sottotitolo della pagina.<\/li><li>Seleziona l&#8217;immagine della pagina per impostazione predefinita, dalla libreria o carica la tua immagine. <\/li><\/ul><p><a href=\"#demo\">Puoi esplorare le offerte del widget provando la demo<\/a><\/p> <div class=\"faq\" data-component=\"FAQ\"><div class=\"faq-item\">\r\n\t\t\t\t\t<div class=\"faq-item-question\">\r\n\t\t\t\t\t\t<h3 class=\"faq-item-question-text\">Come aggiungere dalla casella di chat All-in-One a una pagina Shopify?<\/h3>\r\n\r\n\t\t\t\t\t\t<div class=\"faq-item-question-icon\"><\/div>\r\n\t\t\t\t\t<\/div>\r\n\r\n\t\t\t\t\t<div class=\"faq-item-answer\">\r\n\t\t\t\t\t\t<div class=\"faq-item-answer-text\"><p>L&#8217;installazione richiede 90 secondi. Inoltre, non \u00e8 necessario avere alcuna competenza di programmazione. <\/p><ol><li>Regola il widget Shopify nel configuratore live gratuito.<\/li> <li>Copia il tuo codice di installazione.<\/li> <li>Inserisci il codice nel punto necessario nel backend del sito .<\/li> <li>Capito! La configurazione del plug-in della chat su Shopify \u00e8 completa!<\/li><\/ol><p>Riscontri problemi con l&#8217;installazione del plug-in su Shopify o con la formattazione della chat All-in-One? Potresti scoprire la guida dettagliata <a href=\"https:\/\/elfsight.com\/tutorials\/how-to-add-live-chat-to-website\/#how-to-add-live-chat-to-shopify\">in questa pagina<\/a>. <\/p><\/div>\r\n\t\t\t\t\t<\/div>\r\n\t\t\t\t<\/div><div class=\"faq-item\">\r\n\t\t\t\t\t<div class=\"faq-item-question\">\r\n\t\t\t\t\t\t<h3 class=\"faq-item-question-text\">Posso vedere come apparir\u00e0 il widget su un sito?<\/h3>\r\n\r\n\t\t\t\t\t\t<div class=\"faq-item-question-icon\"><\/div>\r\n\t\t\t\t\t<\/div>\r\n\r\n\t\t\t\t\t<div class=\"faq-item-answer\">\r\n\t\t\t\t\t\t<div class=\"faq-item-answer-text\"><p>S\u00ec, puoi! Nel processo di sviluppo del plug-in della chat di Shopify nell&#8217;<a href=\"https:\/\/elfsight.com\/all-in-one-chat-widget\/#demo\">editor online gratuito<\/a>, prenderai in considerazione tutti le modifiche a destra. La tua casella di chat avr\u00e0 esattamente lo stesso aspetto che avrai sul tuo sito Shopify. <\/p><\/div>\r\n\t\t\t\t\t<\/div>\r\n\t\t\t\t<\/div><div class=\"faq-item\">\r\n\t\t\t\t\t<div class=\"faq-item-question\">\r\n\t\t\t\t\t\t<h3 class=\"faq-item-question-text\">Quali altri widget sono necessari per un sito Shopify?<\/h3>\r\n\r\n\t\t\t\t\t\t<div class=\"faq-item-question-icon\"><\/div>\r\n\t\t\t\t\t<\/div>\r\n\r\n\t\t\t\t\t<div class=\"faq-item-answer\">\r\n\t\t\t\t\t\t<div class=\"faq-item-answer-text\"><p>Shopify \u00e8 una piattaforma popolare tra i proprietari di negozi online. Fornisce una serie di strumenti straordinari per la migliore esperienza utente e assistenza clienti. Avrai bisogno di alcuni strumenti aggiuntivi per aumentare i tassi di conversione e vendere i prodotti in modo pi\u00f9 efficiente.<\/p><p>Ad esempio, puoi presentare foto e video in uno spettacolare <a href=\"https:\/\/elfsight.com\/slider-widget\/shopify\/\">Slider<\/a>, presenta fantastiche testimonianze sulla tua attivit\u00e0 con <a href=\"https:\/\/elfsight.com\/google-reviews-widget\/shopify\/\">Google Recensioni<\/a>. Inoltre, c&#8217;\u00e8 l&#8217;opportunit\u00e0 di recuperare il <a href=\"https:\/\/elfsight.com\/google-reviews-widget\/shopify\/\">feed di Instagram<\/a> come decorazione, <a href=\"https:\/\/elfsight.com\/pdf-embed-widget\/shopify\/\">incorpora PDF<\/a> e <a href=\"https:\/\/elfsight.com\/logo-showcase-widget\/shopify\/\">loghi<\/a> nelle tue pagine web.<\/p><\/div>\r\n\t\t\t\t\t<\/div>\r\n\t\t\t\t<\/div><\/div><\/div> <div class=\"application-platform-content-item-installation application-platform-content-item\" id=\"installation\" data-nav-section=\"installation\"> <h2>Come incorporare l&#8217;app Live Chat sul mio sito Shopify?<\/h2> <div class=\"contenitore video\"><iframe width=\"560\" height=\"315\" src=\"https:\/\/www.youtube.com\/embed\/mfLwq7EZc64?si=7ZwfVw1y0pf64ZrW\" frameborder=\"0\" allow=\"accelerometer; autoplay; clipboard-write; encrypted-media; gyroscope; picture-in-picture; web-share\" allowfullscreen><\/iframe><\/div><p>Segui semplicemente i passaggi presentati di seguito per integrare il widget.<\/p> <ol><li><b>Utilizza il nostro configuratore gratuito e inizia a creare la tua app unica.<\/b><br> Specifica l&#8217;interfaccia preferibile e le specifiche del widget e salva tutte le correzioni.<\/li> <li><b>Copia il tuo codice univoco che appare nella casella su Elfsight Apps.<\/b><br> Subito dopo la creazione di il tuo widget \u00e8 terminato, copia il tuo codice nella finestra visualizzata e conservalo per un uso futuro.<\/li> <li><b>Inizia ad applicare l&#8217;app sul sito Shopify.<\/b><br> Incolla il codice che hai hai salvato in precedenza nel tuo sito e applica le correzioni.<\/li> <li><b>Hai finito! L&#8217;incorporamento \u00e8 stato completato con successo.<\/b><br> Vai al tuo sito web per vedere il funzionamento della chat online.<\/li><\/ol><p>Se riscontri problemi, non aver paura di chiedere assistenza del nostro personale di supporto. I nostri consulenti saranno entusiasti di risolvere tutte le difficolt\u00e0 che potresti avere con il plugin.<\/p> <\/div><div class=\"faq\" data-component=\"FAQ\"><div class=\"faq-item\">\r\n\t\t\t\t\t<div class=\"faq-item-question\">\r\n\t\t\t\t\t\t<h3 class=\"faq-item-question-text\">Come posso aggiungere una Live Chat a Shopify?<\/h3>\r\n\r\n\t\t\t\t\t\t<div class=\"faq-item-question-icon\"><\/div>\r\n\t\t\t\t\t<\/div>\r\n\r\n\t\t\t\t\t<div class=\"faq-item-answer\">\r\n\t\t\t\t\t\t<div class=\"faq-item-answer-text\"><p>La creazione dello strumento avviene all&#8217;interno del sito Elfsight e non \u00e8 necessario imparare a programmare. Utilizza la nostra demo live per personalizzare il tuo widget, acquisire il codice e inserirlo nel tuo sito. <\/p><\/div>\r\n\t\t\t\t\t<\/div>\r\n\t\t\t\t<\/div><div class=\"faq-item\">\r\n\t\t\t\t\t<div class=\"faq-item-question\">\r\n\t\t\t\t\t\t<h3 class=\"faq-item-question-text\">I modi migliori per utilizzare l'integrazione della Live Chat<\/h3>\r\n\r\n\t\t\t\t\t\t<div class=\"faq-item-question-icon\"><\/div>\r\n\t\t\t\t\t<\/div>\r\n\r\n\t\t\t\t\t<div class=\"faq-item-answer\">\r\n\t\t\t\t\t\t<div class=\"faq-item-answer-text\"><p>Offriamo numerose opzioni di regolazione: widget a grandezza naturale da inserire nell&#8217;area dei contenuti, plugin mobili per funzionalit\u00e0 di scorrimento, miniature per pi\u00e8 di pagina, intestazione e tutti i tipi di opportunit\u00e0 verticali per barre laterali e menu del sito web. <\/p><\/div>\r\n\t\t\t\t\t<\/div>\r\n\t\t\t\t<\/div><div class=\"faq-item\">\r\n\t\t\t\t\t<div class=\"faq-item-question\">\r\n\t\t\t\t\t\t<h3 class=\"faq-item-question-text\">Come posso creare una live chat di supporto o onboarding tramite l'editor?<\/h3>\r\n\r\n\t\t\t\t\t\t<div class=\"faq-item-question-icon\"><\/div>\r\n\t\t\t\t\t<\/div>\r\n\r\n\t\t\t\t\t<div class=\"faq-item-answer\">\r\n\t\t\t\t\t\t<div class=\"faq-item-answer-text\"><p>Sei libero di apportare eventuali modifiche al widget. Ci sono molti layout applicabili nell&#8217;editor e tutti possono essere rapidamente modificati nel modo che preferisci. <\/p><\/div>\r\n\t\t\t\t\t<\/div>\r\n\t\t\t\t<\/div><\/div>\n","protected":false},"excerpt":{"rendered":"","protected":false},"author":9,"featured_media":0,"parent":1886,"menu_order":0,"comment_status":"closed","ping_status":"closed","template":"templates\/template-application-platform.php","meta":{"publish_to_discourse":"","publish_post_category":"","wpdc_auto_publish_overridden":"","wpdc_topic_tags":"","wpdc_pin_topic":"","wpdc_pin_until":"","discourse_post_id":"","discourse_permalink":"","wpdc_publishing_response":"","wpdc_publishing_error":"","footnotes":""},"class_list":["post-3412","page","type-page","status-publish","hentry"],"yoast_head":"<!-- This site is optimized with the Yoast SEO plugin v25.3.1 - https:\/\/yoast.com\/wordpress\/plugins\/seo\/ -->\n<title>Chat dal vivo: aggiungi l&#039;app di chat online ai siti Web Shopify (gratuita e veloce)<\/title>\n<meta name=\"description\" content=\"Aggiungi la tua app All-in-One Live Chat al sito web Shopify in pochi minuti. Utilizza la nostra pratica demo per creare facilmente la tua esclusiva chat online.\" \/>\n<meta name=\"robots\" content=\"index, follow, max-snippet:-1, max-image-preview:large, max-video-preview:-1\" \/>\n<link rel=\"canonical\" href=\"https:\/\/elfsight.com\/it\/all-in-one-chat-widget\/shopify\/\" \/>\n<meta property=\"og:locale\" content=\"it_IT\" \/>\n<meta property=\"og:type\" content=\"article\" \/>\n<meta property=\"og:title\" content=\"Chat dal vivo: aggiungi l&#039;app di chat online ai siti Web Shopify (gratuita e veloce)\" \/>\n<meta property=\"og:description\" content=\"Aggiungi la tua app All-in-One Live Chat al sito web Shopify in pochi minuti. Utilizza la nostra pratica demo per creare facilmente la tua esclusiva chat online.\" \/>\n<meta property=\"og:url\" content=\"https:\/\/elfsight.com\/it\/all-in-one-chat-widget\/shopify\/\" \/>\n<meta property=\"og:site_name\" content=\"Elfsight IT\" \/>\n<meta property=\"article:modified_time\" content=\"2025-03-17T07:51:57+00:00\" \/>\n<meta name=\"twitter:card\" content=\"summary_large_image\" \/>\n<meta name=\"twitter:label1\" content=\"Tempo di lettura stimato\" \/>\n\t<meta name=\"twitter:data1\" content=\"4 minuti\" \/>\n<!-- \/ Yoast SEO plugin. -->","yoast_head_json":{"title":"Chat dal vivo: aggiungi l'app di chat online ai siti Web Shopify (gratuita e veloce)","description":"Aggiungi la tua app All-in-One Live Chat al sito web Shopify in pochi minuti. Utilizza la nostra pratica demo per creare facilmente la tua esclusiva chat online.","robots":{"index":"index","follow":"follow","max-snippet":"max-snippet:-1","max-image-preview":"max-image-preview:large","max-video-preview":"max-video-preview:-1"},"canonical":"https:\/\/elfsight.com\/it\/all-in-one-chat-widget\/shopify\/","og_locale":"it_IT","og_type":"article","og_title":"Chat dal vivo: aggiungi l'app di chat online ai siti Web Shopify (gratuita e veloce)","og_description":"Aggiungi la tua app All-in-One Live Chat al sito web Shopify in pochi minuti. Utilizza la nostra pratica demo per creare facilmente la tua esclusiva chat online.","og_url":"https:\/\/elfsight.com\/it\/all-in-one-chat-widget\/shopify\/","og_site_name":"Elfsight IT","article_modified_time":"2025-03-17T07:51:57+00:00","twitter_card":"summary_large_image","twitter_misc":{"Tempo di lettura stimato":"4 minuti"},"schema":{"@context":"https:\/\/schema.org","@graph":[{"@type":"WebPage","@id":"https:\/\/elfsight.com\/it\/all-in-one-chat-widget\/shopify\/","url":"https:\/\/elfsight.com\/it\/all-in-one-chat-widget\/shopify\/","name":"Chat dal vivo: aggiungi l'app di chat online ai siti Web Shopify (gratuita e veloce)","isPartOf":{"@id":"https:\/\/elfsight.com\/it\/#website"},"datePublished":"2024-05-03T06:26:49+00:00","dateModified":"2025-03-17T07:51:57+00:00","description":"Aggiungi la tua app All-in-One Live Chat al sito web Shopify in pochi minuti. Utilizza la nostra pratica demo per creare facilmente la tua esclusiva chat online.","breadcrumb":{"@id":"https:\/\/elfsight.com\/it\/all-in-one-chat-widget\/shopify\/#breadcrumb"},"inLanguage":"it-IT","potentialAction":[{"@type":"ReadAction","target":["https:\/\/elfsight.com\/it\/all-in-one-chat-widget\/shopify\/"]}]},{"@type":"BreadcrumbList","@id":"https:\/\/elfsight.com\/it\/all-in-one-chat-widget\/shopify\/#breadcrumb","itemListElement":[{"@type":"ListItem","position":1,"name":"Home","item":"https:\/\/elfsight.com\/it\/"},{"@type":"ListItem","position":2,"name":"All-in-One Chat","item":"https:\/\/elfsight.com\/it\/all-in-one-chat-widget\/"},{"@type":"ListItem","position":3,"name":"All-in-One Chat &#8211; Shopify"}]},{"@type":"WebSite","@id":"https:\/\/elfsight.com\/it\/#website","url":"https:\/\/elfsight.com\/it\/","name":"Elfsight IT","description":"Just another Elfsight Sites site","potentialAction":[{"@type":"SearchAction","target":{"@type":"EntryPoint","urlTemplate":"https:\/\/elfsight.com\/it\/?s={search_term_string}"},"query-input":{"@type":"PropertyValueSpecification","valueRequired":true,"valueName":"search_term_string"}}],"inLanguage":"it-IT"}]}},"meta_box":{"industry":"","seo_heading":"","heading":"","description":"","cta_heading":"","cta_description":"","application":"1885","h1":"Applicazione di chat dal vivo di Shopify","h1_caption":"Offri ai tuoi clienti la possibilit\u00e0 di raggiungerti su pi\u00f9 piattaforme di messaggistica come Whatsapp, Facebook, Telegram e altro da un'unica app nel tuo sito Web Shopify senza sforzo.","application_category":[],"applications_title":"","applications_request_title":"","applications_request_button_text":"","hero_text":"","hero_video":"","hero_video_schema_markup":"","selling_points_title":"","selling_points_caption":"","selling_points":[],"selling_points_cta_text":"","features_title":"","features":"","ed_cta_examples_text":"","ed_cta_examples_hidden":"","ed_cta_demo_text":"","ed_cta_demo_hidden":"","why_caption":"","why_editor_title":"","why_editor_text":"","why_team_title":"","why_team_text":"","why_service_title":"","why_service_text":"","template_catalog_visible":"0","template_catalog_title":"","template_catalog_text":"","template_catalog_categories_visible":"","demo_title":"Crea la tua app di chat tutto in uno","demo_caption":"Configura la tua chat All-in-One e aggiungila gratuitamente al tuo sito Shopify!","default_faq_hidden":"","app_template_category":[],"platform":"42","template_public_id":"","codecanyon_url":"","codecanyon_item_id":"","codecanyon_price":"","pricing_caption":"","pricing_elfsight_apps_hide_column":"","pricing_elfsight_apps_url":"","pricing_codecanyon_price_caption":"","integration_category":[],"integration_request_title":"","integration_request_cta":"","integration_platform":"","integrations":[],"platform_category":[],"video_schema_markup":"","price":"da $ 0 al mese","trial":"","benefits":[{"text":"Servizio di installazione gratuito"},{"text":"Supporto premium"},{"text":"Garanzia di rimborso di 14 giorni"},{"text":"Aggiornamenti gratuiti continui"}],"button_url":"#demo","button_target_blank":"0","button_nofollow":"0","attributes":[{"name":"Installazioni"},{"name":"Reattivo","content":"S\u00cc"},{"name":"Browser compatibili","content":" Firefox, Safari, Opera, Chrome, Edge"}],"tags":[],"tags_disable_links":"0","hide_more_platforms":"0","video_object":"","demo_hide_cta":"0","demo_hide_cloud_options":"0","pricing_title":"","pricing":[{"pricing_icon":"cloud","pricing_title":"Elfsight Apps","pricing_title_caption":"Versione multipiattaforma che funziona su qualsiasi sito web","pricing_price":"da $ 0 \/ mese","pricing_price_caption":"inizia con il piano gratuito","pricing_benefits":[{"text":"Siti web illimitati"},{"text":"Supporto premium"},{"text":"Servizio di installazione gratuito"},{"text":"Offerta speciale per pi\u00f9 app"}],"pricing_button_text":"Aggiungi al sito web","pricing_button_url":"#demo"}],"related_apps_title":"","related_apps_hidden":"0","author":"","image":[],"title":"","job":"","social_networks":[]},"_links":{"self":[{"href":"https:\/\/elfsight.com\/it\/wp-json\/wp\/v2\/pages\/3412","targetHints":{"allow":["GET"]}}],"collection":[{"href":"https:\/\/elfsight.com\/it\/wp-json\/wp\/v2\/pages"}],"about":[{"href":"https:\/\/elfsight.com\/it\/wp-json\/wp\/v2\/types\/page"}],"author":[{"embeddable":true,"href":"https:\/\/elfsight.com\/it\/wp-json\/wp\/v2\/users\/9"}],"replies":[{"embeddable":true,"href":"https:\/\/elfsight.com\/it\/wp-json\/wp\/v2\/comments?post=3412"}],"version-history":[{"count":4,"href":"https:\/\/elfsight.com\/it\/wp-json\/wp\/v2\/pages\/3412\/revisions"}],"predecessor-version":[{"id":8906,"href":"https:\/\/elfsight.com\/it\/wp-json\/wp\/v2\/pages\/3412\/revisions\/8906"}],"up":[{"embeddable":true,"href":"https:\/\/elfsight.com\/it\/wp-json\/wp\/v2\/pages\/1886"}],"wp:attachment":[{"href":"https:\/\/elfsight.com\/it\/wp-json\/wp\/v2\/media?parent=3412"}],"curies":[{"name":"wp","href":"https:\/\/api.w.org\/{rel}","templated":true}]}}