{"id":3411,"date":"2024-05-03T06:26:48","date_gmt":"2024-05-03T06:26:48","guid":{"rendered":"https:\/\/elfsight.com\/it\/?page_id=3411"},"modified":"2025-03-17T07:53:45","modified_gmt":"2025-03-17T07:53:45","slug":"squarespace","status":"publish","type":"page","link":"https:\/\/elfsight.com\/it\/all-in-one-chat-widget\/squarespace\/","title":{"rendered":"All-in-One Chat &#8211; Squarespace"},"content":{"rendered":"\n<div class=\"application-platform-content-item-description application-platform-content-item\" id=\"description\" data-nav-section=\"description\"> <h2>Incorpora la chat All-in-One su Squarespace con il widget Elfsight<\/h2> <p>Il widget Elfsight All-in-One Chat \u00e8 una delle possibilit\u00e0 pi\u00f9 veloci per raggiungere le persone e ottenere risposte alle loro domande. Rimani disponibile online in tutte le chat pi\u00f9 utilizzate. Incorpora il plug-in nel tuo sito web e potr\u00e0 apparire su pagine selezionate o per categorie separate di pubblico, scegli gli antipasti per avviare la chat, componi il testo di benvenuto, seleziona icone e altre funzionalit\u00e0. Avendo il plugin attivo sarai raggiungibile dai visitatori in qualsiasi momento e in qualsiasi luogo. <\/p> <p><b>Aumenta il numero di lead attraverso contatti individuali<\/b><\/p> <\/div> <div class=\"application-platform-content-item-features application-platform-content-item\" id=\"features\" data-nav-section=\"features\"> <h2>Ecco le caratteristiche essenziali del widget: <\/h2> <ul><li>Aggiungi la casella di chat All-in-One Messenger sul tuo sito web per chattare con gli utenti. <\/li><li>Tre varianti della posizione della chat: bolla mobile, bolla incorporata e finestra di chat incorporata. <\/li><li>Una libreria di icone di bolle tra cui scegliere. <\/li><li>Titolo della chat flessibile con logo, nome e didascalia della pagina<\/li><li>Scegliere l&#8217;immagine della pagina per impostazione predefinita, dalla nostra libreria o caricare la tua immagine. <\/li><\/ul><p><a href=\"#demo\">Prova questa demo per vedere quanto vale il widget<\/a><\/p> <div class=\"faq\" data-component=\"FAQ\"><div class=\"faq-item\">\r\n\t\t\t\t\t<div class=\"faq-item-question\">\r\n\t\t\t\t\t\t<h3 class=\"faq-item-question-text\">How to aggiungere la casella Chat tutto in uno a una pagina Squarespace?<\/h3>\r\n\r\n\t\t\t\t\t\t<div class=\"faq-item-question-icon\"><\/div>\r\n\t\t\t\t\t<\/div>\r\n\r\n\t\t\t\t\t<div class=\"faq-item-answer\">\r\n\t\t\t\t\t\t<div class=\"faq-item-answer-text\"><p>L&#8217;aggiunta al sito web richiede solo pochi secondi. Inoltre, non \u00e8 necessario avere competenze di programmazione. <\/p><ol><li>Personalizza il widget Squarespace nel configuratore live gratuito. <\/li> <li>Copia il tuo codice di installazione. <\/li> <li>Incolla il codice nel punto necessario nel backend del sito. <\/li> <li>Lavoro fantastico! L&#8217;installazione del plugin di chat su Squarespace \u00e8 completata! <\/li><\/ol><p>Hai problemi con l&#8217;inserimento del plug-in in Squarespace o con la formattazione della chat All-in-One? Potresti trovare la guida dettagliata <a href=\"https:\/\/elfsight.com\/tutorials\/how-to-add-live-chat-to-website\/#how-to-add-live-chat-to-squarespace\">in questa pagina<\/a>. <\/p><\/div>\r\n\t\t\t\t\t<\/div>\r\n\t\t\t\t<\/div><div class=\"faq-item\">\r\n\t\t\t\t\t<div class=\"faq-item-question\">\r\n\t\t\t\t\t\t<h3 class=\"faq-item-question-text\">C'\u00e8 la possibilit\u00e0 di vedere come apparir\u00e0 il widget su un sito web?<\/h3>\r\n\r\n\t\t\t\t\t\t<div class=\"faq-item-question-icon\"><\/div>\r\n\t\t\t\t\t<\/div>\r\n\r\n\t\t\t\t\t<div class=\"faq-item-answer\">\r\n\t\t\t\t\t\t<div class=\"faq-item-answer-text\"><p>Certamente! Durante il processo di creazione del plug-in di chat di Squarespace nell&#8217;<a href=\"https:\/\/elfsight.com\/all-in-one-chat-widget\/#demo\">editor live<\/a>, vedrai tutti i cambiamenti nella parte destra di esso. La casella di chat sar\u00e0 identica a quella che avrai su un sito web Squarespace. <\/p><\/div>\r\n\t\t\t\t\t<\/div>\r\n\t\t\t\t<\/div><div class=\"faq-item\">\r\n\t\t\t\t\t<div class=\"faq-item-question\">\r\n\t\t\t\t\t\t<h3 class=\"faq-item-question-text\">Quali altri widget sono essenziali per un sito web Squarespace?<\/h3>\r\n\r\n\t\t\t\t\t\t<div class=\"faq-item-question-icon\"><\/div>\r\n\t\t\t\t\t<\/div>\r\n\r\n\t\t\t\t\t<div class=\"faq-item-answer\">\r\n\t\t\t\t\t\t<div class=\"faq-item-answer-text\"><p>Squarespace \u00e8 una piattaforma straordinaria per creare quasi ogni tipo di sito web: dal blog al portfolio. I siti di tipo e-commerce sono molto popolari tra gli utenti Squarespace e puoi trovare molti strumenti per il tuo negozio online offerti da Elfsight.<\/p><p>Ad esempio, Google Reviews aumenter\u00e0 la fiducia nel tuo marchio, il pulsante Chat di WhatsApp lo far\u00e0 velocizza la comunicazione con i tuoi utenti. Il <a href=\"https:\/\/elfsight.com\/countdown-timer-widget\/squarespace\/\">Timer per il conto alla rovescia<\/a> aumenter\u00e0 l&#8217;interesse per una vendita straordinaria, <a href=\"https:\/\/elfsight.com\/event-calendar-widget\/squarespace\/\">Widget calendario<\/a> includer\u00e0 i tuoi fantastici eventi e, infine, <a href=\"https:\/\/elfsight.com\/qr-code-widget\/squarespace\/\">QR codice<\/a> porter\u00e0 a qualsiasi pagina con informazioni dettagliate.<\/p><\/div>\r\n\t\t\t\t\t<\/div>\r\n\t\t\t\t<\/div><\/div><\/div> <div class=\"application-platform-content-item-installation application-platform-content-item\" id=\"installation\" data-nav-section=\"installation\"> <h2>Come incorporo il plugin Live Chat sul mio Sito Squarespace? <\/h2> <div class=\"video-container\"><iframe width=\"560\" height=\"315\" src=\"https:\/\/www.youtube.com\/embed\/zBgvDOtNfSg?si=UT8ui-cHbhrRRhY3\" frameborder=\"0\" allow=\"accelerometer; autoplay; clipboard-write; encrypted-media; gyroscope; picture-in-picture; web-share\" allowfullscreen><\/iframe><\/div><p>Segui semplicemente le linee guida riportate di seguito per integrare il widget.<\/p> <ol><li><b>Avviando il nostro configuratore gratuito, inizia a creare il tuo widget personalizzato.<\/b><br> Trova l&#8217;aspetto personalizzato e le caratteristiche del widget e salva le modifiche.<\/li> <li><b>Ricevi il tuo codice univoco visualizzato nella casella delle app Elfsight.<\/b><br> Giusto una volta completata la configurazione del tuo strumento personale, copia il codice individuale nella casella visualizzata e conservalo per occasioni future.<\/li> <li><b>Inizia a utilizzare lo strumento sulla tua pagina web Squarespace.<\/b><br> Aggiungi il codice salvato di recente nel tuo sito web e applica le modifiche.<\/li> <li><b>Il gioco \u00e8 fatto! L&#8217;incorporamento \u00e8 stato completato.<\/b><br> Vai al tuo sito web per verificare le prestazioni della casella di chat online.<\/li><\/ol> <p>A condizione di gestire richieste o di incontrare difficolt\u00e0, non non aver paura di scrivere al nostro personale del servizio clienti. Il nostro personale sar\u00e0 lieto di risolvere tutte le difficolt\u00e0 che potresti avere con il widget.<\/p> <\/div>\n","protected":false},"excerpt":{"rendered":"","protected":false},"author":9,"featured_media":0,"parent":1886,"menu_order":0,"comment_status":"closed","ping_status":"closed","template":"templates\/template-application-platform.php","meta":{"publish_to_discourse":"","publish_post_category":"","wpdc_auto_publish_overridden":"","wpdc_topic_tags":"","wpdc_pin_topic":"","wpdc_pin_until":"","discourse_post_id":"","discourse_permalink":"","wpdc_publishing_response":"","wpdc_publishing_error":"","footnotes":""},"class_list":["post-3411","page","type-page","status-publish","hentry"],"yoast_head":"<!-- This site is optimized with the Yoast SEO plugin v25.3.1 - https:\/\/yoast.com\/wordpress\/plugins\/seo\/ -->\n<title>Widget della chat dal vivo | Chat online con i siti web Squarespace (gratuita e semplice)<\/title>\n<meta name=\"description\" content=\"Aggiungi rapidamente il tuo plug-in All-in-One Live Chat sulla home page di Squarespace. Utilizza la nostra demo live per creare la tua chat box online in modo semplice e senza codifica.\" \/>\n<meta name=\"robots\" content=\"index, follow, max-snippet:-1, max-image-preview:large, max-video-preview:-1\" \/>\n<link rel=\"canonical\" href=\"https:\/\/elfsight.com\/it\/all-in-one-chat-widget\/squarespace\/\" \/>\n<meta property=\"og:locale\" content=\"it_IT\" \/>\n<meta property=\"og:type\" content=\"article\" \/>\n<meta property=\"og:title\" content=\"Widget della chat dal vivo | Chat online con i siti web Squarespace (gratuita e semplice)\" \/>\n<meta property=\"og:description\" content=\"Aggiungi rapidamente il tuo plug-in All-in-One Live Chat sulla home page di Squarespace. Utilizza la nostra demo live per creare la tua chat box online in modo semplice e senza codifica.\" \/>\n<meta property=\"og:url\" content=\"https:\/\/elfsight.com\/it\/all-in-one-chat-widget\/squarespace\/\" \/>\n<meta property=\"og:site_name\" content=\"Elfsight IT\" \/>\n<meta property=\"article:modified_time\" content=\"2025-03-17T07:53:45+00:00\" \/>\n<meta name=\"twitter:card\" content=\"summary_large_image\" \/>\n<meta name=\"twitter:label1\" content=\"Tempo di lettura stimato\" \/>\n\t<meta name=\"twitter:data1\" content=\"4 minuti\" \/>\n<!-- \/ Yoast SEO plugin. -->","yoast_head_json":{"title":"Widget della chat dal vivo | Chat online con i siti web Squarespace (gratuita e semplice)","description":"Aggiungi rapidamente il tuo plug-in All-in-One Live Chat sulla home page di Squarespace. Utilizza la nostra demo live per creare la tua chat box online in modo semplice e senza codifica.","robots":{"index":"index","follow":"follow","max-snippet":"max-snippet:-1","max-image-preview":"max-image-preview:large","max-video-preview":"max-video-preview:-1"},"canonical":"https:\/\/elfsight.com\/it\/all-in-one-chat-widget\/squarespace\/","og_locale":"it_IT","og_type":"article","og_title":"Widget della chat dal vivo | Chat online con i siti web Squarespace (gratuita e semplice)","og_description":"Aggiungi rapidamente il tuo plug-in All-in-One Live Chat sulla home page di Squarespace. Utilizza la nostra demo live per creare la tua chat box online in modo semplice e senza codifica.","og_url":"https:\/\/elfsight.com\/it\/all-in-one-chat-widget\/squarespace\/","og_site_name":"Elfsight IT","article_modified_time":"2025-03-17T07:53:45+00:00","twitter_card":"summary_large_image","twitter_misc":{"Tempo di lettura stimato":"4 minuti"},"schema":{"@context":"https:\/\/schema.org","@graph":[{"@type":"WebPage","@id":"https:\/\/elfsight.com\/it\/all-in-one-chat-widget\/squarespace\/","url":"https:\/\/elfsight.com\/it\/all-in-one-chat-widget\/squarespace\/","name":"Widget della chat dal vivo | Chat online con i siti web Squarespace (gratuita e semplice)","isPartOf":{"@id":"https:\/\/elfsight.com\/it\/#website"},"datePublished":"2024-05-03T06:26:48+00:00","dateModified":"2025-03-17T07:53:45+00:00","description":"Aggiungi rapidamente il tuo plug-in All-in-One Live Chat sulla home page di Squarespace. Utilizza la nostra demo live per creare la tua chat box online in modo semplice e senza codifica.","breadcrumb":{"@id":"https:\/\/elfsight.com\/it\/all-in-one-chat-widget\/squarespace\/#breadcrumb"},"inLanguage":"it-IT","potentialAction":[{"@type":"ReadAction","target":["https:\/\/elfsight.com\/it\/all-in-one-chat-widget\/squarespace\/"]}]},{"@type":"BreadcrumbList","@id":"https:\/\/elfsight.com\/it\/all-in-one-chat-widget\/squarespace\/#breadcrumb","itemListElement":[{"@type":"ListItem","position":1,"name":"Home","item":"https:\/\/elfsight.com\/it\/"},{"@type":"ListItem","position":2,"name":"All-in-One Chat","item":"https:\/\/elfsight.com\/it\/all-in-one-chat-widget\/"},{"@type":"ListItem","position":3,"name":"All-in-One Chat &#8211; Squarespace"}]},{"@type":"WebSite","@id":"https:\/\/elfsight.com\/it\/#website","url":"https:\/\/elfsight.com\/it\/","name":"Elfsight IT","description":"Just another Elfsight Sites site","potentialAction":[{"@type":"SearchAction","target":{"@type":"EntryPoint","urlTemplate":"https:\/\/elfsight.com\/it\/?s={search_term_string}"},"query-input":{"@type":"PropertyValueSpecification","valueRequired":true,"valueName":"search_term_string"}}],"inLanguage":"it-IT"}]}},"meta_box":{"industry":"","seo_heading":"","heading":"","description":"","cta_heading":"","cta_description":"","application":"1885","h1":"Plug-in per la chat dal vivo di Squarespace","h1_caption":"Offri ai tuoi clienti la possibilit\u00e0 di raggiungerti su pi\u00f9 piattaforme di messaggistica come Whatsapp, Facebook, Telegram e altro da un unico plug-in nel tuo sito web Squarespace senza sforzo.","application_category":[],"applications_title":"","applications_request_title":"","applications_request_button_text":"","hero_text":"","hero_video":"","hero_video_schema_markup":"","selling_points_title":"","selling_points_caption":"","selling_points":[],"selling_points_cta_text":"","features_title":"","features":"","ed_cta_examples_text":"","ed_cta_examples_hidden":"","ed_cta_demo_text":"","ed_cta_demo_hidden":"","why_caption":"","why_editor_title":"","why_editor_text":"","why_team_title":"","why_team_text":"","why_service_title":"","why_service_text":"","template_catalog_visible":"0","template_catalog_title":"","template_catalog_text":"","template_catalog_categories_visible":"","demo_title":"Crea il tuo plugin di chat tutto in uno","demo_caption":"Configura la tua chat All-in-One e aggiungila gratuitamente al tuo sito web Squarespace!","default_faq_hidden":"","app_template_category":[],"platform":"43","template_public_id":"","codecanyon_url":"","codecanyon_item_id":"","codecanyon_price":"","pricing_caption":"","pricing_elfsight_apps_hide_column":"","pricing_elfsight_apps_url":"","pricing_codecanyon_price_caption":"","integration_category":[],"integration_request_title":"","integration_request_cta":"","integration_platform":"","integrations":[],"platform_category":[],"video_schema_markup":"","price":"da $ 0 al mese","trial":"","benefits":[{"text":"Aiuto per l'installazione gratuito"},{"text":"Supporto premium"},{"text":"Garanzia di rimborso di 14 giorni"},{"text":"Aggiornamenti regolari"}],"button_url":"#demo","button_target_blank":"0","button_nofollow":"0","attributes":[{"name":"Installazioni"},{"name":"Reattivo","content":"S\u00cc"},{"name":"Browser compatibili","content":"Firefox, Safari, Opera, Chrome, Edge"}],"tags":[],"tags_disable_links":"0","hide_more_platforms":"0","video_object":"","demo_hide_cta":"0","demo_hide_cloud_options":"0","pricing_title":"","pricing":[{"pricing_icon":"platform","pricing_title":"Elfsight Apps","pricing_title_caption":"Soluzione indipendente dalla piattaforma che funziona su qualsiasi sito","pricing_price":"da $ 0 \/ mese","pricing_price_caption":"inizia con il piano gratuito","pricing_benefits":[{"text":"Siti web illimitati"},{"text":"Supporto aziendale premium e ben documentato"},{"text":"Aiuto gratuito per l'installazione"},{"text":"Progettazione flessibile"}],"pricing_button_text":"Aggiungi al sito web","pricing_button_url":"#demo"}],"related_apps_title":"","related_apps_hidden":"0","author":"","image":[],"title":"","job":"","social_networks":[]},"_links":{"self":[{"href":"https:\/\/elfsight.com\/it\/wp-json\/wp\/v2\/pages\/3411","targetHints":{"allow":["GET"]}}],"collection":[{"href":"https:\/\/elfsight.com\/it\/wp-json\/wp\/v2\/pages"}],"about":[{"href":"https:\/\/elfsight.com\/it\/wp-json\/wp\/v2\/types\/page"}],"author":[{"embeddable":true,"href":"https:\/\/elfsight.com\/it\/wp-json\/wp\/v2\/users\/9"}],"replies":[{"embeddable":true,"href":"https:\/\/elfsight.com\/it\/wp-json\/wp\/v2\/comments?post=3411"}],"version-history":[{"count":3,"href":"https:\/\/elfsight.com\/it\/wp-json\/wp\/v2\/pages\/3411\/revisions"}],"predecessor-version":[{"id":8908,"href":"https:\/\/elfsight.com\/it\/wp-json\/wp\/v2\/pages\/3411\/revisions\/8908"}],"up":[{"embeddable":true,"href":"https:\/\/elfsight.com\/it\/wp-json\/wp\/v2\/pages\/1886"}],"wp:attachment":[{"href":"https:\/\/elfsight.com\/it\/wp-json\/wp\/v2\/media?parent=3411"}],"curies":[{"name":"wp","href":"https:\/\/api.w.org\/{rel}","templated":true}]}}