{"id":3404,"date":"2024-05-03T06:26:45","date_gmt":"2024-05-03T06:26:45","guid":{"rendered":"https:\/\/elfsight.com\/it\/?page_id=3404"},"modified":"2025-03-17T07:59:24","modified_gmt":"2025-03-17T07:59:24","slug":"weebly","status":"publish","type":"page","link":"https:\/\/elfsight.com\/it\/all-in-one-chat-widget\/weebly\/","title":{"rendered":"All-in-One Chat &#8211; Weebly"},"content":{"rendered":"\n<div class=\"application-platform-content-item-description application-platform-content-item\" id=\"description\" data-nav-section=\"description\"> <h2>Descrizione<\/h2> <p>L&#8217;app di chat online tutto in uno di Elfsight \u00e8 uno dei modi pi\u00f9 rapidi con cui gli utenti possono raggiungerti e ricevere supporto da te. Rimarrai disponibile dal vivo in tutte le chat pi\u00f9 utilizzate 24 ore su 24, 7 giorni su 7. Integra l&#8217;app sul tuo sito e puoi impostarla per apparire su pagine selezionate o per determinate categorie di pubblico, scegli gli avviatori di chat, imposta il tuo messaggio di benvenuto, imposta le icone e altre funzionalit\u00e0. Utilizzando il widget attivo sarai connesso alle persone in ogni momento e in qualsiasi luogo.<\/p> <p><b>Tutti i messenger pi\u00f9 popolari come WhatsApp, Facebook, Telegram, Viber e altri in uno per il pi\u00f9 efficiente e interazione confortevole con i clienti! <\/b><\/p> <p><b>Consolida le richieste dei tuoi clienti<\/b><br>Unendo tutti i principali canali di comunicazione nella nostra app Chat Box sarai in grado di gestire numerose attivit\u00e0 in un&#8217;unica posizione, migliorando la soddisfazione del cliente.<\/p><p><b>Strumento altamente personalizzabile<\/b><br>Line, Viber, Discord, Telegram, Facebook Messenger, WhatsApp: puoi usarli tutti insieme o scegliere il quelli che soddisfano le tue esigenze, regolandone i colori, le dimensioni e molto altro ancora.<\/b><p><b>Fornisci una conversazione in tempo reale<\/b><br>Inserendo il plug-in della chat dal vivo nelle pagine del tuo sito, acquisirai familiarit\u00e0 con i tuoi visitatori pi\u00f9 velocemente fornendo loro un servizio di prim&#8217;ordine e offrendo servizi pi\u00f9 informati.<\/b><\/div> <div class=\"application-platform-content-item-features application-platform-content-item\" id=\"features\" data-nav-section=\"features\"> <h2>Questi sono solo alcuni dei tanti funzionalit\u00e0 del widget: <\/h2> <ul><li>Aggiungi il messenger All-in-One Online Chat Box sul tuo sito per chattare con i visitatori. <\/li><li>Tre tipi di posizione della chat: bolla mobile, bolla incorporata e finestra di chat incorporata. <\/li><li>Una libreria di icone a bolle tra cui scegliere. <\/li><li>Intestazione della chat flessibile con logo, nome e sottotitolo della pagina<\/li><li>Selezionare l&#8217;immagine della pagina per impostazione predefinita, dalla libreria o caricare un&#8217;immagine personalizzata. <\/li><\/ul><p><a href=\"#demo\">Prova tutte le impostazioni nella demo funzionale al 100%<\/a><\/p> <\/div> <div class=\"application-platform-content-item-installation application-platform-content-item\" id=\"installation\" data-nav-section=\"installation\"> <h2>Come incorporo l&#8217;app Live Chat nel mio sito web Weebly? <\/h2> <div class=\"video-container\"><iframe width=\"560\" height=\"315\" src=\"https:\/\/www.youtube.com\/embed\/Rqc0bbNNi8Q?si=a3ZujqvcRE0tzDhq\" frameborder=\"0\" allow=\"accelerometer; autoplay; clipboard-write; encrypted-media; gyroscope; picture-in-picture; web-share\" allowfullscreen><\/iframe><\/div><p>Segui semplicemente i passaggi presentati di seguito per iniziare a lavorare con lo strumento. <\/p> <ol><li><b>Esegui il nostro configuratore gratuito e inizia a creare la tua app personalizzata. <\/b><br> Trova l&#8217;aspetto e le prestazioni desiderabili del widget e applica tutte le correzioni. <\/li> <li><b>Ricevi il tuo codice personale che appare nel riquadro sulle App Elfsight. <\/b><br> Una volta completata la creazione del tuo widget, copia il codice nel popup visualizzato e salvalo per un utilizzo successivo. <\/li> <li><b>Inizia l&#8217;utilizzo dell&#8217;app sulla pagina web di Weebly. <\/b><br> Inserisci il codice copiato in precedenza nel tuo sito web e salva i miglioramenti. <\/li> <li><b>L&#8217;installazione \u00e8 stata eseguita con successo. <\/b><br> Apri il tuo sito per visualizzare il lavoro dell&#8217;app Live Chat.<\/li><\/ol><p>In caso di difficolt\u00e0, non esitare a contattare il nostro team di assistenza clienti. I nostri consulenti non vedono l&#8217;ora di risolvere tutte le domande che potresti avere con lo strumento. <\/p> <\/div><div class=\"faq\" data-component=\"FAQ\"><div class=\"faq-item\">\r\n\t\t\t\t\t<div class=\"faq-item-question\">\r\n\t\t\t\t\t\t<h3 class=\"faq-item-question-text\">In che modo posso aggiungere una Live Chat al mio sito Weebly?<\/h3>\r\n\r\n\t\t\t\t\t\t<div class=\"faq-item-question-icon\"><\/div>\r\n\t\t\t\t\t<\/div>\r\n\r\n\t\t\t\t\t<div class=\"faq-item-answer\">\r\n\t\t\t\t\t\t<div class=\"faq-item-answer-text\"><p>Avviene la creazione del widget sulle pagine di Elfsight e non \u00e8 necessario imparare a programmare. Vai alla demo live per modificare il tuo plugin, ottenere il codice e integrarlo nel tuo sito web. <\/p><\/div>\r\n\t\t\t\t\t<\/div>\r\n\t\t\t\t<\/div><div class=\"faq-item\">\r\n\t\t\t\t\t<div class=\"faq-item-question\">\r\n\t\t\t\t\t\t<h3 class=\"faq-item-question-text\">I modi migliori per utilizzare l'integrazione della Live Chat<\/h3>\r\n\r\n\t\t\t\t\t\t<div class=\"faq-item-question-icon\"><\/div>\r\n\t\t\t\t\t<\/div>\r\n\r\n\t\t\t\t\t<div class=\"faq-item-answer\">\r\n\t\t\t\t\t\t<div class=\"faq-item-answer-text\"><p>Abbiamo molte opzioni di personalizzazione: widget a lunghezza intera da inserire nella sezione dei contenuti, widget mobili per opzioni di scorrimento, miniature per il pi\u00e8 di pagina, la sezione principale e tutte le varianti delle opportunit\u00e0 verticali per le barre laterali e i menu del sito web. <\/p><\/div>\r\n\t\t\t\t\t<\/div>\r\n\t\t\t\t<\/div><div class=\"faq-item\">\r\n\t\t\t\t\t<div class=\"faq-item-question\">\r\n\t\t\t\t\t\t<h3 class=\"faq-item-question-text\">Posso creare una chat live di supporto o feedback tramite l'agenzia del tuo editore?<\/h3>\r\n\r\n\t\t\t\t\t\t<div class=\"faq-item-question-icon\"><\/div>\r\n\t\t\t\t\t<\/div>\r\n\r\n\t\t\t\t\t<div class=\"faq-item-answer\">\r\n\t\t\t\t\t\t<div class=\"faq-item-answer-text\"><p>Puoi apportare qualsiasi modifica al widget. Ci sono tantissimi layout disponibili nell&#8217;editor e tutti possono essere rapidamente personalizzati proprio come desideri. <\/p><\/div>\r\n\t\t\t\t\t<\/div>\r\n\t\t\t\t<\/div><\/div>\n","protected":false},"excerpt":{"rendered":"","protected":false},"author":9,"featured_media":0,"parent":1886,"menu_order":0,"comment_status":"closed","ping_status":"closed","template":"templates\/template-application-platform.php","meta":{"publish_to_discourse":"","publish_post_category":"","wpdc_auto_publish_overridden":"","wpdc_topic_tags":"","wpdc_pin_topic":"","wpdc_pin_until":"","discourse_post_id":"","discourse_permalink":"","wpdc_publishing_response":"","wpdc_publishing_error":"","footnotes":""},"class_list":["post-3404","page","type-page","status-publish","hentry"],"yoast_head":"<!-- This site is optimized with the Yoast SEO plugin v25.3.1 - https:\/\/yoast.com\/wordpress\/plugins\/seo\/ -->\n<title>Chat dal vivo: aggiungi widget di chat online ai siti Web Weebly (gratuito e semplice)<\/title>\n<meta name=\"description\" content=\"Aggiungi la tua app All-in-One Live Chat a Weebly in 1-2-3. Utilizza la nostra demo attiva per creare la tua esclusiva app di chat online in modo rapido e senza codifica.\" \/>\n<meta name=\"robots\" content=\"index, follow, max-snippet:-1, max-image-preview:large, max-video-preview:-1\" \/>\n<link rel=\"canonical\" href=\"https:\/\/elfsight.com\/it\/all-in-one-chat-widget\/weebly\/\" \/>\n<meta property=\"og:locale\" content=\"it_IT\" \/>\n<meta property=\"og:type\" content=\"article\" \/>\n<meta property=\"og:title\" content=\"Chat dal vivo: aggiungi widget di chat online ai siti Web Weebly (gratuito e semplice)\" \/>\n<meta property=\"og:description\" content=\"Aggiungi la tua app All-in-One Live Chat a Weebly in 1-2-3. Utilizza la nostra demo attiva per creare la tua esclusiva app di chat online in modo rapido e senza codifica.\" \/>\n<meta property=\"og:url\" content=\"https:\/\/elfsight.com\/it\/all-in-one-chat-widget\/weebly\/\" \/>\n<meta property=\"og:site_name\" content=\"Elfsight IT\" \/>\n<meta property=\"article:modified_time\" content=\"2025-03-17T07:59:24+00:00\" \/>\n<meta name=\"twitter:card\" content=\"summary_large_image\" \/>\n<meta name=\"twitter:label1\" content=\"Tempo di lettura stimato\" \/>\n\t<meta name=\"twitter:data1\" content=\"4 minuti\" \/>\n<!-- \/ Yoast SEO plugin. -->","yoast_head_json":{"title":"Chat dal vivo: aggiungi widget di chat online ai siti Web Weebly (gratuito e semplice)","description":"Aggiungi la tua app All-in-One Live Chat a Weebly in 1-2-3. Utilizza la nostra demo attiva per creare la tua esclusiva app di chat online in modo rapido e senza codifica.","robots":{"index":"index","follow":"follow","max-snippet":"max-snippet:-1","max-image-preview":"max-image-preview:large","max-video-preview":"max-video-preview:-1"},"canonical":"https:\/\/elfsight.com\/it\/all-in-one-chat-widget\/weebly\/","og_locale":"it_IT","og_type":"article","og_title":"Chat dal vivo: aggiungi widget di chat online ai siti Web Weebly (gratuito e semplice)","og_description":"Aggiungi la tua app All-in-One Live Chat a Weebly in 1-2-3. Utilizza la nostra demo attiva per creare la tua esclusiva app di chat online in modo rapido e senza codifica.","og_url":"https:\/\/elfsight.com\/it\/all-in-one-chat-widget\/weebly\/","og_site_name":"Elfsight IT","article_modified_time":"2025-03-17T07:59:24+00:00","twitter_card":"summary_large_image","twitter_misc":{"Tempo di lettura stimato":"4 minuti"},"schema":{"@context":"https:\/\/schema.org","@graph":[{"@type":"WebPage","@id":"https:\/\/elfsight.com\/it\/all-in-one-chat-widget\/weebly\/","url":"https:\/\/elfsight.com\/it\/all-in-one-chat-widget\/weebly\/","name":"Chat dal vivo: aggiungi widget di chat online ai siti Web Weebly (gratuito e semplice)","isPartOf":{"@id":"https:\/\/elfsight.com\/it\/#website"},"datePublished":"2024-05-03T06:26:45+00:00","dateModified":"2025-03-17T07:59:24+00:00","description":"Aggiungi la tua app All-in-One Live Chat a Weebly in 1-2-3. Utilizza la nostra demo attiva per creare la tua esclusiva app di chat online in modo rapido e senza codifica.","breadcrumb":{"@id":"https:\/\/elfsight.com\/it\/all-in-one-chat-widget\/weebly\/#breadcrumb"},"inLanguage":"it-IT","potentialAction":[{"@type":"ReadAction","target":["https:\/\/elfsight.com\/it\/all-in-one-chat-widget\/weebly\/"]}]},{"@type":"BreadcrumbList","@id":"https:\/\/elfsight.com\/it\/all-in-one-chat-widget\/weebly\/#breadcrumb","itemListElement":[{"@type":"ListItem","position":1,"name":"Home","item":"https:\/\/elfsight.com\/it\/"},{"@type":"ListItem","position":2,"name":"All-in-One Chat","item":"https:\/\/elfsight.com\/it\/all-in-one-chat-widget\/"},{"@type":"ListItem","position":3,"name":"All-in-One Chat &#8211; Weebly"}]},{"@type":"WebSite","@id":"https:\/\/elfsight.com\/it\/#website","url":"https:\/\/elfsight.com\/it\/","name":"Elfsight IT","description":"Just another Elfsight Sites site","potentialAction":[{"@type":"SearchAction","target":{"@type":"EntryPoint","urlTemplate":"https:\/\/elfsight.com\/it\/?s={search_term_string}"},"query-input":{"@type":"PropertyValueSpecification","valueRequired":true,"valueName":"search_term_string"}}],"inLanguage":"it-IT"}]}},"meta_box":{"industry":"","seo_heading":"","heading":"","description":"","cta_heading":"","cta_description":"","application":"1885","h1":"Applicazione Weebly per la chat dal vivo","h1_caption":"Offri ai tuoi clienti la possibilit\u00e0 di raggiungerti su pi\u00f9 piattaforme di messaggistica come Whatsapp, Facebook, Telegram e altro da un'unica app nel tuo sito Web Weebly senza sforzo.","application_category":[],"applications_title":"","applications_request_title":"","applications_request_button_text":"","hero_text":"","hero_video":"","hero_video_schema_markup":"","selling_points_title":"","selling_points_caption":"","selling_points":[],"selling_points_cta_text":"","features_title":"","features":"","ed_cta_examples_text":"","ed_cta_examples_hidden":"","ed_cta_demo_text":"","ed_cta_demo_hidden":"","why_caption":"","why_editor_title":"","why_editor_text":"","why_team_title":"","why_team_text":"","why_service_title":"","why_service_text":"","template_catalog_visible":"0","template_catalog_title":"","template_catalog_text":"","template_catalog_categories_visible":"","demo_title":"Crea la tua app di chat tutto in uno","demo_caption":"Configura la tua chat All-in-One e aggiungila gratuitamente al tuo sito Web Weebly!","default_faq_hidden":"","app_template_category":[],"platform":"45","template_public_id":"","codecanyon_url":"","codecanyon_item_id":"","codecanyon_price":"","pricing_caption":"","pricing_elfsight_apps_hide_column":"","pricing_elfsight_apps_url":"","pricing_codecanyon_price_caption":"","integration_category":[],"integration_request_title":"","integration_request_cta":"","integration_platform":"","integrations":[],"platform_category":[],"video_schema_markup":"","price":"da $ 0 al mese","trial":"","benefits":[{"text":"Assistenza gratuita per l'installazione"},{"text":"Supporto premium"},{"text":"Garanzia di rimborso di 14 giorni"},{"text":"Aggiornamento costante"}],"button_url":"#demo","button_target_blank":"0","button_nofollow":"0","attributes":[{"name":"Installazioni"},{"name":"Reattivo","content":"S\u00cc"},{"name":"Browser compatibili","content":"IE11, Firefox, Safari, Opera, Chrome, Edge"}],"tags":[],"tags_disable_links":"0","hide_more_platforms":"0","video_object":"","demo_hide_cta":"0","demo_hide_cloud_options":"0","pricing_title":"","pricing":[{"pricing_icon":"platform","pricing_title":"Elfsight Apps","pricing_title_caption":"Software multipiattaforma","pricing_price":"da $ 0 \/ mese","pricing_price_caption":"inizia con un piano gratuito","pricing_benefits":[{"text":"Domini illimitati"},{"text":"Assistenza clienti veloce"},{"text":"Supporto gratuito per l'installazione"},{"text":"Progettazione flessibile"}],"pricing_button_text":"Aggiungi al sito web","pricing_button_url":"#demo"}],"related_apps_title":"","related_apps_hidden":"0","author":"","image":[],"title":"","job":"","social_networks":[]},"_links":{"self":[{"href":"https:\/\/elfsight.com\/it\/wp-json\/wp\/v2\/pages\/3404","targetHints":{"allow":["GET"]}}],"collection":[{"href":"https:\/\/elfsight.com\/it\/wp-json\/wp\/v2\/pages"}],"about":[{"href":"https:\/\/elfsight.com\/it\/wp-json\/wp\/v2\/types\/page"}],"author":[{"embeddable":true,"href":"https:\/\/elfsight.com\/it\/wp-json\/wp\/v2\/users\/9"}],"replies":[{"embeddable":true,"href":"https:\/\/elfsight.com\/it\/wp-json\/wp\/v2\/comments?post=3404"}],"version-history":[{"count":3,"href":"https:\/\/elfsight.com\/it\/wp-json\/wp\/v2\/pages\/3404\/revisions"}],"predecessor-version":[{"id":8913,"href":"https:\/\/elfsight.com\/it\/wp-json\/wp\/v2\/pages\/3404\/revisions\/8913"}],"up":[{"embeddable":true,"href":"https:\/\/elfsight.com\/it\/wp-json\/wp\/v2\/pages\/1886"}],"wp:attachment":[{"href":"https:\/\/elfsight.com\/it\/wp-json\/wp\/v2\/media?parent=3404"}],"curies":[{"name":"wp","href":"https:\/\/api.w.org\/{rel}","templated":true}]}}