{"id":3403,"date":"2024-05-03T06:26:44","date_gmt":"2024-05-03T06:26:44","guid":{"rendered":"https:\/\/elfsight.com\/it\/?page_id=3403"},"modified":"2025-03-17T08:01:13","modified_gmt":"2025-03-17T08:01:13","slug":"wix","status":"publish","type":"page","link":"https:\/\/elfsight.com\/it\/all-in-one-chat-widget\/wix\/","title":{"rendered":"All-in-One Chat &#8211; Wix"},"content":{"rendered":"\n<div class=\"application-platform-content-item-description application-platform-content-item\" id=\"description\" data-nav-section=\"description\"> <h2>Descrizione<\/h2> <p>La Live Chat all-in-one di Elfsight \u00e8 uno degli strumenti pi\u00f9 rapidi con cui le persone possono contattarti e ottenere supporto da te. Rimani disponibile online in tutte le chat pi\u00f9 popolari 24 ore su 24, 7 giorni su 7. Aggiungi l&#8217;app al tuo sito e puoi impostarla per apparire su pagine selezionate o per determinati gruppi di pubblico, scegli gli antipasti per avviare la chat, scrivi il tuo messaggio di benvenuto, scegli le icone e altro ancora. Avendo l&#8217;app installata e funzionante rimarrai raggiungibile per i visitatori in qualsiasi momento e da qualsiasi luogo. <\/p> <p><b>Tutti i pi\u00f9 importanti messenger come Telegram, Viber, WhatsApp, Facebook e altri in uno per la massima interazione produttiva e pratica con i clienti! <\/b><\/p> <p><b>Centralizza le richieste dei tuoi clienti<\/b><br>Unendo tutti i principali canali di comunicazione nella nostra app reattiva Chat Box sarai in grado di risolvere pi\u00f9 attivit\u00e0 in un unico posto, migliorare la soddisfazione del cliente.<\/p><p><b>Strumento estremamente personalizzabile<\/b><br>WhatsApp, Viber, Facebook Messenger, Telegram, Discord, Line: sei libero di usarli tutti contemporaneamente o di sceglierli quelli che soddisfano le tue esigenze, modificandone i colori, le dimensioni e molto altro.<\/b><p><b>Organizza una conversazione in tempo reale<\/b><br>Aggiungendo il widget di chat dal vivo sulle pagine del tuo sito , conoscerai meglio i tuoi utenti garantendo loro un servizio di alta qualit\u00e0 e fornendo servizi pi\u00f9 informati.<\/b><\/div> <div class=\"application-platform-content-item-features application-platform-content-item\" id=\"features\" data-nav-section=\"features\"> <h2>Il widget offre funzionalit\u00e0 utili e facili, qui ne sono alcuni: <\/h2> <ul><li>Incorpora l&#8217;app di messaggistica tutto in uno per chat online sulla tua pagina per conversare con i visitatori. <\/li><li>3 tipi di posizione della chat: bolla mobile, bolla incorporata e finestra di chat incorporata. <\/li><li>Una raccolta di icone di bolle tra cui scegliere. <\/li><li>Titolo della chat flessibile con logo, nome e sottotitolo della pagina<\/li><li>Impostazione dell&#8217;immagine della pagina per impostazione predefinita, dalla nostra raccolta o caricamento di un&#8217;immagine personalizzata. <\/li><\/ul><p><a href=\"#demo\">Puoi scoprire subito tutte le funzionalit\u00e0 del widget nella demo<\/a><\/p> <\/div> <div class=\"application-platform-content-item-installazione application-platform-content-item\" id=\"installazione\" data-nav-section=\"installazione\"> <h2>Come incorporare l&#8217;app Live Chat sulla mia pagina web Wix? <\/h2> <div class=\"video-container\"><iframe width=\"560\" height=\"315\" src=\"https:\/\/www.youtube.com\/embed\/4QxLPwfdx6E?si=8VN1BHN0meQVvXQb\" frameborder=\"0\" allow=\"accelerometer; autoplay; clipboard-write; encrypted-media; gyroscope; picture-in-picture; web-share\" allowfullscreen><\/iframe><\/div><p>Segui semplicemente i passaggi indicati di seguito per aggiungere il plug-in. <\/p> <ol><li><b>Utilizza la nostra demo gratuita e inizia a creare il tuo strumento personalizzato. <\/b><br> Scegli la forma preferibile e le caratteristiche funzionali del widget e salva le modifiche. <\/li> <li><b>Copia il codice univoco che viene mostrato nella vedova su Elfsight Apps. <\/b><br> Una volta completata la configurazione del tuo strumento, copia il codice individuale dalla casella visualizzata e conservalo per un uso futuro. <\/li> <li><b>Avvia l&#8217;utilizzo dell&#8217;app sul sito web Wix. <\/b><br> Incolla il codice che hai salvato in precedenza nella tua home page e applica le correzioni. <\/li> <li><b>L&#8217;installazione \u00e8 terminata con successo. <\/b><br> Vai alla tua pagina web per vedere le prestazioni dell&#8217;app Chat.<\/li><\/ol> <p>A condizione che tu abbia a che fare con domande o incontri qualche difficolt\u00e0, non esitare ad entrare contattare il nostro team di supporto. I nostri consulenti saranno felici di risolvere tutte le difficolt\u00e0 che potresti riscontrare con il plugin. <\/p> <\/div><div class=\"faq\" data-component=\"FAQ\"><div class=\"faq-item\">\r\n\t\t\t\t\t<div class=\"faq-item-question\">\r\n\t\t\t\t\t\t<h3 class=\"faq-item-question-text\">In che modo posso aggiungere una live chat al sito Wix?<\/h3>\r\n\r\n\t\t\t\t\t\t<div class=\"faq-item-question-icon\"><\/div>\r\n\t\t\t\t\t<\/div>\r\n\r\n\t\t\t\t\t<div class=\"faq-item-answer\">\r\n\t\t\t\t\t\t<div class=\"faq-item-answer-text\"><p>La costruzione del widget \u00e8 eseguito sulle pagine Elfsight e non \u00e8 necessario scrivere codice. Apri la demo online per progettare la tua app, ottenere il codice e implementarlo nel tuo sito. <\/p><\/div>\r\n\t\t\t\t\t<\/div>\r\n\t\t\t\t<\/div><div class=\"faq-item\">\r\n\t\t\t\t\t<div class=\"faq-item-question\">\r\n\t\t\t\t\t\t<h3 class=\"faq-item-question-text\">I modi migliori per utilizzare l'integrazione della Live Chat<\/h3>\r\n\r\n\t\t\t\t\t\t<div class=\"faq-item-question-icon\"><\/div>\r\n\t\t\t\t\t<\/div>\r\n\r\n\t\t\t\t\t<div class=\"faq-item-answer\">\r\n\t\t\t\t\t\t<div class=\"faq-item-answer-text\"><p>Offriamo un&#8217;ampia gamma di opportunit\u00e0 di personalizzazione: widget su vasta scala da implementare nella sezione dei contenuti , widget mobili per opportunit\u00e0 di scorrimento, layout per pi\u00e8 di pagina, intestazione e tutti i tipi di opzioni verticali per barre laterali e menu del sito web. <\/p><\/div>\r\n\t\t\t\t\t<\/div>\r\n\t\t\t\t<\/div><div class=\"faq-item\">\r\n\t\t\t\t\t<div class=\"faq-item-question\">\r\n\t\t\t\t\t\t<h3 class=\"faq-item-question-text\">Come posso creare una consultazione o una chat di aiuto dal vivo tramite l'agenzia del tuo editore?<\/h3>\r\n\r\n\t\t\t\t\t\t<div class=\"faq-item-question-icon\"><\/div>\r\n\t\t\t\t\t<\/div>\r\n\r\n\t\t\t\t\t<div class=\"faq-item-answer\">\r\n\t\t\t\t\t\t<div class=\"faq-item-answer-text\"><p>Puoi modellare qualsiasi modifica del widget. Nell&#8217;editor \u00e8 disponibile un&#8217;ampia gamma di layout e tutti possono essere facilmente personalizzati nel modo desiderato. <\/p><\/div>\r\n\t\t\t\t\t<\/div>\r\n\t\t\t\t<\/div><div class=\"faq-item\">\r\n\t\t\t\t\t<div class=\"faq-item-question\">\r\n\t\t\t\t\t\t<h3 class=\"faq-item-question-text\">Quali altri widget possono migliorare il mio sito web Wix?<\/h3>\r\n\r\n\t\t\t\t\t\t<div class=\"faq-item-question-icon\"><\/div>\r\n\t\t\t\t\t<\/div>\r\n\r\n\t\t\t\t\t<div class=\"faq-item-answer\">\r\n\t\t\t\t\t\t<div class=\"faq-item-answer-text\"><p>Esistono molti widget Wix che possono facilmente migliorare il tuo sito web. Ad esempio, ci sono altri widget di chat come <a href=\"https:\/\/elfsight.com\/whatsapp-chat-widget\/wix\/\" target=\"_blank\" rel=\"noopener\">WhatsAppChat<\/a>, <a href=\"https:\/\/elfsight.com\/facebook-chat-widget\/wix\/\" target=\"_blank\" rel=\"noopener\">Chat di Facebook<\/a>, <a href=\"https:\/\/elfsight.com\/telegram-chat-widget\/wix\/\" target=\"_blank\" rel=\"noopener\">Chat di Telegram<\/a>, <a href=\"https:\/\/elfsight.com\/viber-chat-widget\/wix\/\" target=\"_blank\" rel=\"noopener\">Chat Viber<\/a>. Sono tutti facili da implementare e possono migliorare notevolmente le prestazioni del tuo sito web.<\/p><\/div>\r\n\t\t\t\t\t<\/div>\r\n\t\t\t\t<\/div><\/div>\n","protected":false},"excerpt":{"rendered":"","protected":false},"author":9,"featured_media":0,"parent":1886,"menu_order":0,"comment_status":"closed","ping_status":"closed","template":"templates\/template-application-platform.php","meta":{"publish_to_discourse":"","publish_post_category":"","wpdc_auto_publish_overridden":"","wpdc_topic_tags":"","wpdc_pin_topic":"","wpdc_pin_until":"","discourse_post_id":"","discourse_permalink":"","wpdc_publishing_response":"","wpdc_publishing_error":"","footnotes":""},"class_list":["post-3403","page","type-page","status-publish","hentry"],"yoast_head":"<!-- This site is optimized with the Yoast SEO plugin v25.3.1 - https:\/\/yoast.com\/wordpress\/plugins\/seo\/ -->\n<title>Chat dal vivo: aggiungi widget di chat online ai siti Web Wix (gratuito e semplice)<\/title>\n<meta name=\"description\" content=\"Aggiungi la tua app All-in-One Live Chat a Wix in 1-2-3. Applica la nostra pratica demo per costruire la tua esclusiva chat box online rapidamente e senza codifica.\" \/>\n<meta name=\"robots\" content=\"index, follow, max-snippet:-1, max-image-preview:large, max-video-preview:-1\" \/>\n<link rel=\"canonical\" href=\"https:\/\/elfsight.com\/it\/all-in-one-chat-widget\/wix\/\" \/>\n<meta property=\"og:locale\" content=\"it_IT\" \/>\n<meta property=\"og:type\" content=\"article\" \/>\n<meta property=\"og:title\" content=\"Chat dal vivo: aggiungi widget di chat online ai siti Web Wix (gratuito e semplice)\" \/>\n<meta property=\"og:description\" content=\"Aggiungi la tua app All-in-One Live Chat a Wix in 1-2-3. Applica la nostra pratica demo per costruire la tua esclusiva chat box online rapidamente e senza codifica.\" \/>\n<meta property=\"og:url\" content=\"https:\/\/elfsight.com\/it\/all-in-one-chat-widget\/wix\/\" \/>\n<meta property=\"og:site_name\" content=\"Elfsight IT\" \/>\n<meta property=\"article:modified_time\" content=\"2025-03-17T08:01:13+00:00\" \/>\n<meta name=\"twitter:card\" content=\"summary_large_image\" \/>\n<meta name=\"twitter:label1\" content=\"Tempo di lettura stimato\" \/>\n\t<meta name=\"twitter:data1\" content=\"4 minuti\" \/>\n<!-- \/ Yoast SEO plugin. -->","yoast_head_json":{"title":"Chat dal vivo: aggiungi widget di chat online ai siti Web Wix (gratuito e semplice)","description":"Aggiungi la tua app All-in-One Live Chat a Wix in 1-2-3. Applica la nostra pratica demo per costruire la tua esclusiva chat box online rapidamente e senza codifica.","robots":{"index":"index","follow":"follow","max-snippet":"max-snippet:-1","max-image-preview":"max-image-preview:large","max-video-preview":"max-video-preview:-1"},"canonical":"https:\/\/elfsight.com\/it\/all-in-one-chat-widget\/wix\/","og_locale":"it_IT","og_type":"article","og_title":"Chat dal vivo: aggiungi widget di chat online ai siti Web Wix (gratuito e semplice)","og_description":"Aggiungi la tua app All-in-One Live Chat a Wix in 1-2-3. Applica la nostra pratica demo per costruire la tua esclusiva chat box online rapidamente e senza codifica.","og_url":"https:\/\/elfsight.com\/it\/all-in-one-chat-widget\/wix\/","og_site_name":"Elfsight IT","article_modified_time":"2025-03-17T08:01:13+00:00","twitter_card":"summary_large_image","twitter_misc":{"Tempo di lettura stimato":"4 minuti"},"schema":{"@context":"https:\/\/schema.org","@graph":[{"@type":"WebPage","@id":"https:\/\/elfsight.com\/it\/all-in-one-chat-widget\/wix\/","url":"https:\/\/elfsight.com\/it\/all-in-one-chat-widget\/wix\/","name":"Chat dal vivo: aggiungi widget di chat online ai siti Web Wix (gratuito e semplice)","isPartOf":{"@id":"https:\/\/elfsight.com\/it\/#website"},"datePublished":"2024-05-03T06:26:44+00:00","dateModified":"2025-03-17T08:01:13+00:00","description":"Aggiungi la tua app All-in-One Live Chat a Wix in 1-2-3. Applica la nostra pratica demo per costruire la tua esclusiva chat box online rapidamente e senza codifica.","breadcrumb":{"@id":"https:\/\/elfsight.com\/it\/all-in-one-chat-widget\/wix\/#breadcrumb"},"inLanguage":"it-IT","potentialAction":[{"@type":"ReadAction","target":["https:\/\/elfsight.com\/it\/all-in-one-chat-widget\/wix\/"]}]},{"@type":"BreadcrumbList","@id":"https:\/\/elfsight.com\/it\/all-in-one-chat-widget\/wix\/#breadcrumb","itemListElement":[{"@type":"ListItem","position":1,"name":"Home","item":"https:\/\/elfsight.com\/it\/"},{"@type":"ListItem","position":2,"name":"All-in-One Chat","item":"https:\/\/elfsight.com\/it\/all-in-one-chat-widget\/"},{"@type":"ListItem","position":3,"name":"All-in-One Chat &#8211; Wix"}]},{"@type":"WebSite","@id":"https:\/\/elfsight.com\/it\/#website","url":"https:\/\/elfsight.com\/it\/","name":"Elfsight IT","description":"Just another Elfsight Sites site","potentialAction":[{"@type":"SearchAction","target":{"@type":"EntryPoint","urlTemplate":"https:\/\/elfsight.com\/it\/?s={search_term_string}"},"query-input":{"@type":"PropertyValueSpecification","valueRequired":true,"valueName":"search_term_string"}}],"inLanguage":"it-IT"}]}},"meta_box":{"industry":"","seo_heading":"","heading":"","description":"","cta_heading":"","cta_description":"","application":"1885","h1":"Applicazione Wix LiveChat","h1_caption":"Offri ai tuoi clienti la possibilit\u00e0 di raggiungerti su pi\u00f9 piattaforme di messaggistica come Whatsapp, Facebook, Telegram e altro da un'unica app nel tuo sito web Wix senza sforzo.","application_category":[],"applications_title":"","applications_request_title":"","applications_request_button_text":"","hero_text":"","hero_video":"","hero_video_schema_markup":"","selling_points_title":"","selling_points_caption":"","selling_points":[],"selling_points_cta_text":"","features_title":"","features":"","ed_cta_examples_text":"","ed_cta_examples_hidden":"","ed_cta_demo_text":"","ed_cta_demo_hidden":"","why_caption":"","why_editor_title":"","why_editor_text":"","why_team_title":"","why_team_text":"","why_service_title":"","why_service_text":"","template_catalog_visible":"0","template_catalog_title":"","template_catalog_text":"","template_catalog_categories_visible":"","demo_title":"Crea la tua app di chat tutto in uno","demo_caption":"Configura la tua chat All-in-One e aggiungila gratuitamente al tuo sito Wix!","default_faq_hidden":"","app_template_category":[],"platform":"29","template_public_id":"","codecanyon_url":"","codecanyon_item_id":"","codecanyon_price":"","pricing_caption":"","pricing_elfsight_apps_hide_column":"","pricing_elfsight_apps_url":"","pricing_codecanyon_price_caption":"","integration_category":[],"integration_request_title":"","integration_request_cta":"","integration_platform":"","integrations":[],"platform_category":[],"video_schema_markup":"","price":"da $ 0 al mese","trial":"","benefits":[{"text":"Assistenza per l'installazione gratuita"},{"text":"Supporto eccezionale"},{"text":"Garanzia di rimborso di 14 giorni"},{"text":"Aggiornamento costante"}],"button_url":"#demo","button_target_blank":"0","button_nofollow":"0","attributes":[{"name":"Installazioni"},{"name":"Reattivo","content":"Completamente adattivo"},{"name":"Browser compatibili","content":"Chrome, Edge, Opera, Safari, Firefox"}],"tags":[],"tags_disable_links":"0","hide_more_platforms":"0","video_object":"","demo_hide_cta":"0","demo_hide_cloud_options":"0","pricing_title":"","pricing":[{"pricing_icon":"platform","pricing_title":"Elfsight Apps","pricing_title_caption":"Soluzione multipiattaforma","pricing_price":"da $ 0 \/ mese","pricing_price_caption":"inizia con il piano gratuito","pricing_benefits":[{"text":"Numero illimitato di siti web"},{"text":"Assistenza clienti dedicata"},{"text":"Supporto per l'installazione senza costi"},{"text":"Completamente personalizzabile"}],"pricing_button_text":"Aggiungi al sito web","pricing_button_url":"#demo"}],"related_apps_title":"","related_apps_hidden":"0","author":"","image":[],"title":"","job":"","social_networks":[]},"_links":{"self":[{"href":"https:\/\/elfsight.com\/it\/wp-json\/wp\/v2\/pages\/3403","targetHints":{"allow":["GET"]}}],"collection":[{"href":"https:\/\/elfsight.com\/it\/wp-json\/wp\/v2\/pages"}],"about":[{"href":"https:\/\/elfsight.com\/it\/wp-json\/wp\/v2\/types\/page"}],"author":[{"embeddable":true,"href":"https:\/\/elfsight.com\/it\/wp-json\/wp\/v2\/users\/9"}],"replies":[{"embeddable":true,"href":"https:\/\/elfsight.com\/it\/wp-json\/wp\/v2\/comments?post=3403"}],"version-history":[{"count":3,"href":"https:\/\/elfsight.com\/it\/wp-json\/wp\/v2\/pages\/3403\/revisions"}],"predecessor-version":[{"id":8915,"href":"https:\/\/elfsight.com\/it\/wp-json\/wp\/v2\/pages\/3403\/revisions\/8915"}],"up":[{"embeddable":true,"href":"https:\/\/elfsight.com\/it\/wp-json\/wp\/v2\/pages\/1886"}],"wp:attachment":[{"href":"https:\/\/elfsight.com\/it\/wp-json\/wp\/v2\/media?parent=3403"}],"curies":[{"name":"wp","href":"https:\/\/api.w.org\/{rel}","templated":true}]}}