{"id":3402,"date":"2024-05-03T06:26:43","date_gmt":"2024-05-03T06:26:43","guid":{"rendered":"https:\/\/elfsight.com\/it\/?page_id=3402"},"modified":"2025-03-17T08:03:13","modified_gmt":"2025-03-17T08:03:13","slug":"wordpress","status":"publish","type":"page","link":"https:\/\/elfsight.com\/it\/all-in-one-chat-widget\/wordpress\/","title":{"rendered":"All-in-One Chat &#8211; WordPress"},"content":{"rendered":"\n<iframe width=\"720\" height=\"405\" src=\"https:\/\/www.youtube.com\/embed\/utblbU9lyGE\" frameborder=\"0\" allowfullscreen=\"\"><\/iframe><div class=\"application-platform-content-item-description application-platform-content-item\" id=\"description\" data-nav-section=\"description\"> <h2>Incorpora la chat all-in-one su WordPress con il widget Elfsight<\/h2> <p>La migliore chat dal vivo all-in-one di Elfsight \u00e8 una delle possibilit\u00e0 pi\u00f9 comode per gli utenti di contattarti e ottenere supporto da te. Potrai rimanere disponibile dal vivo in tutti i messenger pi\u00f9 preferiti. Incorpora il plug-in nel tuo sito e impostalo in modo che venga visualizzato su pagine particolari o per gruppi separati di visitatori, scegli i trigger di avvio della chat, imposta il testo di benvenuto, scegli icone e altre funzionalit\u00e0. Utilizzando il plugin attivo e funzionante sarai in contatto con i visitatori in qualsiasi momento e da qualsiasi luogo. <\/p> <p><b>Tutti i pi\u00f9 importanti messenger come Telegram, Facebook, Viber, WhatsApp e altri in uno per la massima interazione sufficiente e pratica con il tuo pubblico!<\/b><\/p> <p><b>Centralizza le richieste dei tuoi clienti<\/b><br>Combinando tutti i canali di messaggistica pi\u00f9 noti nel plug-in della casella di chat sarai in grado di gestire numerose attivit\u00e0 in un unico posto, aumentando la soddisfazione del cliente.<\/p><p><b>Strumento profondamente personalizzabile<\/b><br>Discord, Line, Viber, Telegram, WhatsApp, Facebook Messenger: puoi usarli tutti insieme o scegliere quelli che soddisfano le tue esigenze, personalizzandone i colori , dimensioni e altro ancora.<\/p><p><b>Mantieni una conversazione in tempo reale<\/b><br>Incorporando il widget della chat dal vivo nelle pagine del tuo sito web, conoscerai meglio il tuo pubblico fornendogli il servizio di alta qualit\u00e0 e offre servizi pi\u00f9 mirati.<\/p><\/div> <div class=\"application-platform-content-item-features application-platform-content-item\" id=\"features\" data-nav-section=\"features\"> <h2>Queste sono solo alcune delle ricche funzionalit\u00e0 del widget: <\/h2> <ul><li>Integrazione Plug-in di messaggistica Live Chat tutto in uno sulla tua pagina per chattare con i visitatori. <\/li><li>3 tipi di posizione della chat: bolla mobile, bolla incorporata e finestra di chat incorporata. <\/li><li>Una raccolta di icone di bolle tra cui scegliere. <\/li><li>Titolo della chat flessibile con logo, nome e sottotitolo della pagina<\/li><li>Scegliere l&#8217;immagine della pagina per impostazione predefinita, dalla nostra libreria o caricare la tua foto. <\/li><\/ul><p><a href=\"#demo\">Prova semplicemente questa demo per vedere come funziona<\/a><\/p><div class=\"faq\" data-component=\"FAQ\"><div class=\"faq-item\">\r\n\t\t\t\t\t<div class=\"faq-item-question\">\r\n\t\t\t\t\t\t<h3 class=\"faq-item-question-text\">Come aggiungere il Finestra di chat tutto in uno su una pagina WordPress?<\/h3>\r\n\r\n\t\t\t\t\t\t<div class=\"faq-item-question-icon\"><\/div>\r\n\t\t\t\t\t<\/div>\r\n\r\n\t\t\t\t\t<div class=\"faq-item-answer\">\r\n\t\t\t\t\t\t<div class=\"faq-item-answer-text\"><p>L&#8217;installazione richiede circa alcuni secondi. Inoltre, non \u00e8 necessario avere conoscenze di programmazione web. <\/p><ol><li>Modifica il widget per WordPress nel configuratore gratuito e guarda le modifiche in tempo reale. <\/li> <li>Ottieni il tuo codice di installazione personale. <\/li> <li>Inserisci il codice nella posizione necessaria nel backend del sito web. <\/li> <li>Lavoro fantastico! La configurazione del plugin di chat su WordPress \u00e8 completata! <\/li><\/ol><p>Stai riscontrando problemi con l&#8217;inserimento del plugin su WordPress o l&#8217;impostazione della chat All-in-One? Puoi scoprire la guida dettagliata <a href=\"https:\/\/elfsight.com\/tutorials\/how-to-add-live-chat-to-website\/#how-to-add-live-chat-to-wordpress\">in questa pagina<\/a>. <\/p><\/div>\r\n\t\t\t\t\t<\/div>\r\n\t\t\t\t<\/div><div class=\"faq-item\">\r\n\t\t\t\t\t<div class=\"faq-item-question\">\r\n\t\t\t\t\t\t<h3 class=\"faq-item-question-text\">Posso vedere come apparir\u00e0 il widget sul mio sito web?<\/h3>\r\n\r\n\t\t\t\t\t\t<div class=\"faq-item-question-icon\"><\/div>\r\n\t\t\t\t\t<\/div>\r\n\r\n\t\t\t\t\t<div class=\"faq-item-answer\">\r\n\t\t\t\t\t\t<div class=\"faq-item-answer-text\"><p>Certamente! Durante la creazione del plug-in della chat di WordPress nell&#8217;<a href=\"https:\/\/elfsight.com\/all-in-one-chat-widget\/#demo\">editor online<\/a>, prenderai in considerazione tutte le modifiche su la destra. La tua casella di chat sar\u00e0 identica a quella che avrai sul tuo sito WordPress. <\/p><\/div>\r\n\t\t\t\t\t<\/div>\r\n\t\t\t\t<\/div><div class=\"faq-item\">\r\n\t\t\t\t\t<div class=\"faq-item-question\">\r\n\t\t\t\t\t\t<h3 class=\"faq-item-question-text\">Quali altri widget sono essenziali per un sito Web WordPress?<\/h3>\r\n\r\n\t\t\t\t\t\t<div class=\"faq-item-question-icon\"><\/div>\r\n\t\t\t\t\t<\/div>\r\n\r\n\t\t\t\t\t<div class=\"faq-item-answer\">\r\n\t\t\t\t\t\t<div class=\"faq-item-answer-text\"><p>WordPress \u00e8 una piattaforma meravigliosa sia per i principianti assoluti che per gli sviluppatori web professionisti. Inoltre, \u00e8 perfetto per qualsiasi tipo di sito web: dai blog ai grandi mercati.<\/p><p>Puoi trovare molti strumenti utili per il sito web WordPress su Elfsight: <a href=\"https:\/\/elfsight.com\/whatsapp-chat-widget\/wordpress\/\">pulsante Chat di WhatsApp<\/a> faciliter\u00e0 la comunicazione con l&#8217;assistenza clienti, con <a href=\"https:\/\/elfsight.com\/facebook-chat-widget\/wordpress\/\"> Chat su Facebook<\/a> aumenterai le vendite, <a href=\"https:\/\/elfsight.com\/google-reviews-widget\/wordpress\/\">Google Recensioni<\/a> dimostrer\u00e0 che puoi essere affidabile. <a href=\"https:\/\/elfsight.com\/testimonials-slider-widget\/wordpress\/\">Slider delle testimonianze<\/a> sar\u00e0 utile per mostrare i preventivi dei tuoi clienti e <a href=\"https:\/\/elfsight.com\/youtube-channel-plugin-yottie\/wordpress\/\">Galleria YouTube<\/a> sar\u00e0 fantastico per recuperare video utili e recensioni di video.<\/p><\/div>\r\n\t\t\t\t\t<\/div>\r\n\t\t\t\t<\/div><\/div><\/div> <div class=\"application-platform-content-item-installazione application-platform-content-item\" id=\"installazione\" data-nav-section=\"installazione\"> <h2>Come posso aggiungere il plug-in Live Chat al mio sito Web WordPress?<\/h2> <div class=\"video-description\"><iframe width=\"560\" height=\"315\" src=\"https:\/\/www.youtube.com\/embed\/utblbU9lyGE?si=57gZz0BSxMjeT-jS\" frameborder=\"0\" allow=\"accelerometer; autoplay; clipboard-write; encrypted-media; gyroscope; picture-in-picture; web-share\" allowfullscreen><\/iframe><\/div><p>Segui semplicemente le istruzioni seguenti per attivare il widget. <\/p> <ol><li><b>Esegui il nostro configuratore gratuito e inizia a lavorare con il tuo plugin personalizzato.<\/b><br> Scegli il design e gli aspetti preferiti del widget e applica tutte le correzioni.<\/li> <li><b>Ricevi il codice univoco che appare nella finestra delle App Elfsight. <\/b><br> Una volta completata la configurazione del tuo widget, copia il codice esclusivo nella casella visualizzata e salvalo per un uso successivo.<\/li> <li><b>Inizia a utilizzare il plug-in sul tuo Sito web WordPress. <\/b><br> Inserisci il codice salvato di recente nella tua pagina e salva le modifiche.<\/li> <li><b>L&#8217;installazione \u00e8 completamente completata.<\/b><br> Visita il tuo sito web per vedere in azione come va la Chat Box.<\/li><\/ol><p>Se dovessi affrontare domande o affrontare eventuali complicazioni, non aver paura di chiedere assistenza al nostro personale del servizio clienti. Il nostro personale sar\u00e0 felice di risolvere tutte le domande che potresti avere con il plugin. <\/p> <\/div><div class=\"faq\" data-component=\"FAQ\"><div class=\"faq-item\">\r\n\t\t\t\t\t<div class=\"faq-item-question\">\r\n\t\t\t\t\t\t<h3 class=\"faq-item-question-text\">In che modo incorporo una live chat in WordPress?<\/h3>\r\n\r\n\t\t\t\t\t\t<div class=\"faq-item-question-icon\"><\/div>\r\n\t\t\t\t\t<\/div>\r\n\r\n\t\t\t\t\t<div class=\"faq-item-answer\">\r\n\t\t\t\t\t\t<div class=\"faq-item-answer-text\"><p>La creazione dello strumento avviene all&#8217;interno il sito Elfsight e non \u00e8 necessario scrivere codice. Utilizza la demo attiva per personalizzare il tuo widget personale, acquisire il codice e aggiungerlo al tuo sito web. <\/p><\/div>\r\n\t\t\t\t\t<\/div>\r\n\t\t\t\t<\/div><div class=\"faq-item\">\r\n\t\t\t\t\t<div class=\"faq-item-question\">\r\n\t\t\t\t\t\t<h3 class=\"faq-item-question-text\">I migliori esempi di utilizzo dell'integrazione della Live Chat<\/h3>\r\n\r\n\t\t\t\t\t\t<div class=\"faq-item-question-icon\"><\/div>\r\n\t\t\t\t\t<\/div>\r\n\r\n\t\t\t\t\t<div class=\"faq-item-answer\">\r\n\t\t\t\t\t\t<div class=\"faq-item-answer-text\"><p>Offriamo tantissime possibilit\u00e0 di personalizzazione: widget su vasta scala da aggiungere nella zona dei contenuti, mobili widget con opzioni di scorrimento, miniature per il pi\u00e8 di pagina del tuo sito web, sezione principale e tutti i tipi di possibilit\u00e0 verticali per le barre laterali e i menu del sito web. <\/p><\/div>\r\n\t\t\t\t\t<\/div>\r\n\t\t\t\t<\/div><div class=\"faq-item\">\r\n\t\t\t\t\t<div class=\"faq-item-question\">\r\n\t\t\t\t\t\t<h3 class=\"faq-item-question-text\">Esiste un'opzione per creare una vendita o una prenotazione live chat con l'aiuto dell'editor?<\/h3>\r\n\r\n\t\t\t\t\t\t<div class=\"faq-item-question-icon\"><\/div>\r\n\t\t\t\t\t<\/div>\r\n\r\n\t\t\t\t\t<div class=\"faq-item-answer\">\r\n\t\t\t\t\t\t<div class=\"faq-item-answer-text\"><p>Puoi creare qualsiasi modifica del widget. Ci sono molti layout disponibili nell&#8217;editor e tutti possono essere facilmente personalizzati in base alle tue esigenze. <\/p><\/div>\r\n\t\t\t\t\t<\/div>\r\n\t\t\t\t<\/div><\/div>\n","protected":false},"excerpt":{"rendered":"","protected":false},"author":9,"featured_media":0,"parent":1886,"menu_order":0,"comment_status":"closed","ping_status":"closed","template":"templates\/template-application-platform.php","meta":{"publish_to_discourse":"","publish_post_category":"","wpdc_auto_publish_overridden":"","wpdc_topic_tags":"","wpdc_pin_topic":"","wpdc_pin_until":"","discourse_post_id":"","discourse_permalink":"","wpdc_publishing_response":"","wpdc_publishing_error":"","footnotes":""},"class_list":["post-3402","page","type-page","status-publish","hentry"],"yoast_head":"<!-- This site is optimized with the Yoast SEO plugin v25.3.1 - https:\/\/yoast.com\/wordpress\/plugins\/seo\/ -->\n<title>Chat dal vivo: aggiungi il widget Chat Box ai siti Web WordPress (gratuito e semplice)<\/title>\n<meta name=\"description\" content=\"Aggiungi la tua live chat all-in-one al sito WordPress in pochi minuti. Utilizza la nostra pratica demo per modellare facilmente il tuo esclusivo plug-in di chat online.\" \/>\n<meta name=\"robots\" content=\"index, follow, max-snippet:-1, max-image-preview:large, max-video-preview:-1\" \/>\n<link rel=\"canonical\" href=\"https:\/\/elfsight.com\/it\/all-in-one-chat-widget\/wordpress\/\" \/>\n<meta property=\"og:locale\" content=\"it_IT\" \/>\n<meta property=\"og:type\" content=\"article\" \/>\n<meta property=\"og:title\" content=\"Chat dal vivo: aggiungi il widget Chat Box ai siti Web WordPress (gratuito e semplice)\" \/>\n<meta property=\"og:description\" content=\"Aggiungi la tua live chat all-in-one al sito WordPress in pochi minuti. Utilizza la nostra pratica demo per modellare facilmente il tuo esclusivo plug-in di chat online.\" \/>\n<meta property=\"og:url\" content=\"https:\/\/elfsight.com\/it\/all-in-one-chat-widget\/wordpress\/\" \/>\n<meta property=\"og:site_name\" content=\"Elfsight IT\" \/>\n<meta property=\"article:modified_time\" content=\"2025-03-17T08:03:13+00:00\" \/>\n<meta name=\"twitter:card\" content=\"summary_large_image\" \/>\n<meta name=\"twitter:label1\" content=\"Tempo di lettura stimato\" \/>\n\t<meta name=\"twitter:data1\" content=\"5 minuti\" \/>\n<!-- \/ Yoast SEO plugin. -->","yoast_head_json":{"title":"Chat dal vivo: aggiungi il widget Chat Box ai siti Web WordPress (gratuito e semplice)","description":"Aggiungi la tua live chat all-in-one al sito WordPress in pochi minuti. Utilizza la nostra pratica demo per modellare facilmente il tuo esclusivo plug-in di chat online.","robots":{"index":"index","follow":"follow","max-snippet":"max-snippet:-1","max-image-preview":"max-image-preview:large","max-video-preview":"max-video-preview:-1"},"canonical":"https:\/\/elfsight.com\/it\/all-in-one-chat-widget\/wordpress\/","og_locale":"it_IT","og_type":"article","og_title":"Chat dal vivo: aggiungi il widget Chat Box ai siti Web WordPress (gratuito e semplice)","og_description":"Aggiungi la tua live chat all-in-one al sito WordPress in pochi minuti. Utilizza la nostra pratica demo per modellare facilmente il tuo esclusivo plug-in di chat online.","og_url":"https:\/\/elfsight.com\/it\/all-in-one-chat-widget\/wordpress\/","og_site_name":"Elfsight IT","article_modified_time":"2025-03-17T08:03:13+00:00","twitter_card":"summary_large_image","twitter_misc":{"Tempo di lettura stimato":"5 minuti"},"schema":{"@context":"https:\/\/schema.org","@graph":[{"@type":"WebPage","@id":"https:\/\/elfsight.com\/it\/all-in-one-chat-widget\/wordpress\/","url":"https:\/\/elfsight.com\/it\/all-in-one-chat-widget\/wordpress\/","name":"Chat dal vivo: aggiungi il widget Chat Box ai siti Web WordPress (gratuito e semplice)","isPartOf":{"@id":"https:\/\/elfsight.com\/it\/#website"},"datePublished":"2024-05-03T06:26:43+00:00","dateModified":"2025-03-17T08:03:13+00:00","description":"Aggiungi la tua live chat all-in-one al sito WordPress in pochi minuti. Utilizza la nostra pratica demo per modellare facilmente il tuo esclusivo plug-in di chat online.","breadcrumb":{"@id":"https:\/\/elfsight.com\/it\/all-in-one-chat-widget\/wordpress\/#breadcrumb"},"inLanguage":"it-IT","potentialAction":[{"@type":"ReadAction","target":["https:\/\/elfsight.com\/it\/all-in-one-chat-widget\/wordpress\/"]}]},{"@type":"BreadcrumbList","@id":"https:\/\/elfsight.com\/it\/all-in-one-chat-widget\/wordpress\/#breadcrumb","itemListElement":[{"@type":"ListItem","position":1,"name":"Home","item":"https:\/\/elfsight.com\/it\/"},{"@type":"ListItem","position":2,"name":"All-in-One Chat","item":"https:\/\/elfsight.com\/it\/all-in-one-chat-widget\/"},{"@type":"ListItem","position":3,"name":"All-in-One Chat &#8211; WordPress"}]},{"@type":"WebSite","@id":"https:\/\/elfsight.com\/it\/#website","url":"https:\/\/elfsight.com\/it\/","name":"Elfsight IT","description":"Just another Elfsight Sites site","potentialAction":[{"@type":"SearchAction","target":{"@type":"EntryPoint","urlTemplate":"https:\/\/elfsight.com\/it\/?s={search_term_string}"},"query-input":{"@type":"PropertyValueSpecification","valueRequired":true,"valueName":"search_term_string"}}],"inLanguage":"it-IT"}]}},"meta_box":{"industry":"","seo_heading":"","heading":"","description":"","cta_heading":"","cta_description":"","application":"1885","h1":"Plug-in per la chat dal vivo di WordPress","h1_caption":"Offri ai tuoi clienti la possibilit\u00e0 di raggiungerti su pi\u00f9 piattaforme di messaggistica come Whatsapp, Facebook, Telegram e altro da un unico plug-in nel tuo sito Web WordPress senza sforzo.","application_category":[],"applications_title":"","applications_request_title":"","applications_request_button_text":"","hero_text":"","hero_video":"","hero_video_schema_markup":"","selling_points_title":"","selling_points_caption":"","selling_points":[],"selling_points_cta_text":"","features_title":"","features":"","ed_cta_examples_text":"","ed_cta_examples_hidden":"","ed_cta_demo_text":"","ed_cta_demo_hidden":"","why_caption":"","why_editor_title":"","why_editor_text":"","why_team_title":"","why_team_text":"","why_service_title":"","why_service_text":"","template_catalog_visible":"0","template_catalog_title":"","template_catalog_text":"","template_catalog_categories_visible":"","demo_title":"Crea il tuo plugin di chat tutto in uno","demo_caption":"Configura la tua chat All-in-One e aggiungila gratuitamente al tuo sito Web WordPress!","default_faq_hidden":"","app_template_category":[],"platform":"28","template_public_id":"","codecanyon_url":"","codecanyon_item_id":"","codecanyon_price":"","pricing_caption":"","pricing_elfsight_apps_hide_column":"","pricing_elfsight_apps_url":"","pricing_codecanyon_price_caption":"","integration_category":[],"integration_request_title":"","integration_request_cta":"","integration_platform":"","integrations":[],"platform_category":[],"video_schema_markup":"","price":"da $ 0 al mese","trial":"","benefits":[{"text":"Assistenza gratuita per l'installazione"},{"text":"Supporto premium"},{"text":"Garanzia di rimborso di 14 giorni"},{"text":"Aggiornamenti gratuiti regolari"}],"button_url":"#demo","button_target_blank":"0","button_nofollow":"0","attributes":[{"name":"Installazioni"},{"name":"Reattivo","content":"S\u00cc"},{"name":"Browser compatibili","content":"Firefox, Safari, Opera, Chrome, Edge"}],"tags":[],"tags_disable_links":"0","hide_more_platforms":"0","video_object":"","demo_hide_cta":"0","demo_hide_cloud_options":"0","pricing_title":"","pricing":[{"pricing_icon":"platform","pricing_title":"Elfsight Apps","pricing_title_caption":"Software multipiattaforma","pricing_price":"da $ 0 \/ mese","pricing_price_caption":"inizia con il piano gratuito","pricing_benefits":[{"text":"Domini illimitati"},{"text":"Supporto professionale e puntuale"},{"text":"Servizio di installazione gratuito"},{"text":"Offerta speciale per pi\u00f9 app"}],"pricing_button_text":"Aggiungi al sito web","pricing_button_url":"#demo"}],"related_apps_title":"","related_apps_hidden":"0","author":"","image":[],"title":"","job":"","social_networks":[]},"_links":{"self":[{"href":"https:\/\/elfsight.com\/it\/wp-json\/wp\/v2\/pages\/3402","targetHints":{"allow":["GET"]}}],"collection":[{"href":"https:\/\/elfsight.com\/it\/wp-json\/wp\/v2\/pages"}],"about":[{"href":"https:\/\/elfsight.com\/it\/wp-json\/wp\/v2\/types\/page"}],"author":[{"embeddable":true,"href":"https:\/\/elfsight.com\/it\/wp-json\/wp\/v2\/users\/9"}],"replies":[{"embeddable":true,"href":"https:\/\/elfsight.com\/it\/wp-json\/wp\/v2\/comments?post=3402"}],"version-history":[{"count":3,"href":"https:\/\/elfsight.com\/it\/wp-json\/wp\/v2\/pages\/3402\/revisions"}],"predecessor-version":[{"id":8917,"href":"https:\/\/elfsight.com\/it\/wp-json\/wp\/v2\/pages\/3402\/revisions\/8917"}],"up":[{"embeddable":true,"href":"https:\/\/elfsight.com\/it\/wp-json\/wp\/v2\/pages\/1886"}],"wp:attachment":[{"href":"https:\/\/elfsight.com\/it\/wp-json\/wp\/v2\/media?parent=3402"}],"curies":[{"name":"wp","href":"https:\/\/api.w.org\/{rel}","templated":true}]}}