{"id":3386,"date":"2024-05-03T06:26:35","date_gmt":"2024-05-03T06:26:35","guid":{"rendered":"https:\/\/elfsight.com\/it\/?page_id=3386"},"modified":"2024-11-11T11:19:42","modified_gmt":"2024-11-11T11:19:42","slug":"woocommerce","status":"publish","type":"page","link":"https:\/\/elfsight.com\/it\/aliexpress-reviews-widget\/woocommerce\/","title":{"rendered":"AliExpress Reviews &#8211; Woocommerce"},"content":{"rendered":"<div class=\"application-platform-content-item-description application-platform-content-item\" id=\"description\" data-nav-section=\"description\"><h2>Incorpora recensioni AliExpress su Woocommerce con il widget Elfsight<\/h2> <p>Il plugin Elfsight Recensioni AliExpress, realizzato esclusivamente per Woocommerce, \u00e8 un widget versatile e robusto progettato per catturare l&#8217;attenzione dei visitatori del tuo sito web o della tua pagina. Con questo plug-in dinamico a tua disposizione, puoi visualizzare facilmente un&#8217;ampia variet\u00e0 di immagini, video o persino enfatizzare le ultime promozioni e offerte sul tuo negozio online. Le possibilit\u00e0 sono illimitate e hai la libert\u00e0 di aggiungere tutte le diapositive che desideri al codice HTML della tua pagina web Woocommerce, permettendoti di mostrare con orgoglio i tuoi prodotti ed evidenziare quelle promozioni allettanti.<\/p><p>Una delle qualit\u00e0 pi\u00f9 straordinarie. del plugin Elfsight AliExpress Reviews per Woocommerce \u00e8 la sua notevole adattabilit\u00e0. Puoi perfezionare le tue diapositive con effetti visivi accattivanti, rendendo le presentazioni dei tuoi prodotti ancora pi\u00f9 accattivanti. Che tu voglia mostrare immagini accattivanti o video accattivanti, hai la libert\u00e0 creativa di personalizzarne le dimensioni, assicurandoti che si integrino perfettamente con il design e lo stile della tua pagina web.<\/p><p>Ci\u00f2 che rende eccezionale questo widget Woocommerce AliExpress Reviews \u00e8 la sua capacit\u00e0 di aiutarti a creare uno slider accattivante che non solo attiri gli utenti ma li tenga anche impegnati sulla tua pagina web per periodi pi\u00f9 lunghi. Mentre i visitatori esplorano il tuo sito Woocommerce, la natura dinamica e interattiva di questo plug-in garantisce che rimangano coinvolti, riducendo la probabilit\u00e0 che se ne vadano prematuramente.<\/p><p>Il plug-in Elfsight AliExpress Reviews per il sito Web Woocommerce apre un mondo di possibilit\u00e0 per imprese di e-commerce. Aumenta la visibilit\u00e0 del tuo prodotto, coinvolgi il tuo pubblico e migliora l&#8217;attrattiva generale del tuo sito web Woocommerce con questo widget eccezionale. \u00c8 il widget perfetto per i proprietari di siti Web Woocommerce che cercano di lasciare un&#8217;impressione duratura e generare pi\u00f9 conversioni. Porta oggi stesso il tuo sito web Woocommerce a nuovi livelli con il plugin Elfsight AliExpress Reviews. <\/p> <p><b>Utilizza il plug-in AliExpress Reviews per accelerare il successo del tuo e-commerce!<\/b><\/p> <div class=\"faq\" data-component=\"FAQ\"><div class=\"faq-item\">\r\n\t\t\t\t\t<div class=\"faq-item-question\">\r\n\t\t\t\t\t\t<h3 class=\"faq-item-question-text\">Perch\u00e9 Scegli Elfsight AliExpress Reviews per WooCommerce?<\/h3>\r\n\r\n\t\t\t\t\t\t<div class=\"faq-item-question-icon\"><\/div>\r\n\t\t\t\t\t<\/div>\r\n\r\n\t\t\t\t\t<div class=\"faq-item-answer\">\r\n\t\t\t\t\t\t<div class=\"faq-item-answer-text\"><p>Elfsight AliExpress Reviews per WooCommerce \u00e8 la scelta migliore per i proprietari di negozi online che utilizzano WooCommerce e desiderano migliorare le proprie schede di prodotto con recensioni di clienti autentiche. Ecco alcuni motivi convincenti per selezionare questo plugin:<\/p><ul> <li>Integrazione semplice: aggiungere recensioni AliExpress al tuo negozio WooCommerce \u00e8 un gioco da ragazzi. Non hai bisogno di alcuna capacit\u00e0 di programmazione; \u00e8 semplice come copiare e incollare.<\/li> <li>Opzioni di personalizzazione: personalizza il tuo widget Recensioni AliExpress per adattarlo allo stile e al marchio del tuo negozio. Scegli tra vari temi, layout e impostazioni di visualizzazione delle recensioni.<\/li> <li>Feedback dei clienti reali: mostra recensioni reali da AliExpress, fornendo ai potenziali acquirenti approfondimenti preziosi e prove sociali.<\/li> <li>Maggiore fiducia: costruisci fidati dei tuoi clienti mostrando recensioni autentiche, incoraggiandoli a prendere decisioni di acquisto informate.<\/li> <li>Aumento delle vendite: presentando recensioni autentiche, aumenterai la fiducia dei clienti e incrementerai le vendite, rendendo il tuo negozio WooCommerce pi\u00f9 redditizio. <\/li><\/ul><p>Con Elfsight AliExpress Reviews per WooCommerce, puoi migliorare in modo significativo le tue schede di prodotto e creare un&#8217;esperienza di acquisto pi\u00f9 affidabile.<\/p><\/div>\r\n\t\t\t\t\t<\/div>\r\n\t\t\t\t<\/div><div class=\"faq-item\">\r\n\t\t\t\t\t<div class=\"faq-item-question\">\r\n\t\t\t\t\t\t<h3 class=\"faq-item-question-text\">Come aggiungere le recensioni Elfsight AliExpress al tuo negozio WooCommerce?<\/h3>\r\n\r\n\t\t\t\t\t\t<div class=\"faq-item-question-icon\"><\/div>\r\n\t\t\t\t\t<\/div>\r\n\r\n\t\t\t\t\t<div class=\"faq-item-answer\">\r\n\t\t\t\t\t\t<div class=\"faq-item-answer-text\"><p>L&#8217;integrazione delle recensioni Elfsight AliExpress con il tuo negozio WooCommerce \u00e8 un processo rapido e semplice. Segui questi passaggi per iniziare:<\/p><ol> <li><strong>Personalizzazione del widget:<\/strong> inizia personalizzando il tuo widget AliExpress Reviews utilizzando il nostro configuratore gratuito. Puoi scegliere il layout, il design e altre impostazioni preferiti.<\/li> <li><strong>Codice di installazione:<\/strong> dopo aver personalizzato il tuo widget, riceverai un codice di installazione univoco. Copia questo codice, poich\u00e9 ti servir\u00e0 per il passaggio successivo.<\/li> <li><strong>Integrazione del negozio:<\/strong> accedi al backend del tuo negozio WooCommerce e incolla il codice di installazione nella posizione richiesta. Salva le modifiche.<\/li> <li><strong>Goditi AliExpress Reviews:<\/strong> il tuo widget AliExpress Reviews \u00e8 ora integrato con successo nel tuo negozio. Visita le schede dei tuoi prodotti per vedere come funziona.<\/li><\/ol><p>Ecco fatto! Hai aggiunto con successo le recensioni di Elfsight AliExpress al tuo negozio WooCommerce, migliorando le tue schede di prodotto con feedback autentici dei clienti.<\/p><\/div>\r\n\t\t\t\t\t<\/div>\r\n\t\t\t\t<\/div><div class=\"faq-item\">\r\n\t\t\t\t\t<div class=\"faq-item-question\">\r\n\t\t\t\t\t\t<h3 class=\"faq-item-question-text\">Visualizza in anteprima l'aspetto del widget con la nostra demo live<\/h3>\r\n\r\n\t\t\t\t\t\t<div class=\"faq-item-question-icon\"><\/div>\r\n\t\t\t\t\t<\/div>\r\n\r\n\t\t\t\t\t<div class=\"faq-item-answer\">\r\n\t\t\t\t\t\t<div class=\"faq-item-answer-text\"> <p>Sei curioso di sapere come apparir\u00e0 il widget Recensioni AliExpress sul tuo negozio WooCommerce? Puoi visualizzarne l&#8217;anteprima prima di aggiungerlo al tuo sito. Durante la personalizzazione del widget nel builder online, puoi vedere le modifiche in tempo reale sul lato destro. Ci\u00f2 significa che puoi assicurarti che la visualizzazione delle recensioni corrisponda perfettamente allo stile del tuo negozio WooCommerce.<\/p><p><a href=\"https:\/\/elfsight.com\/aliexpress-reviews-widget\/#demo\">Prova il Demo dal vivo adesso<\/a><\/p><\/div>\r\n\t\t\t\t\t<\/div>\r\n\t\t\t\t<\/div><\/div><\/div><div class=\"application-platform-content-item-features application-platform-content-item\" id=\"features\" data-nav-section=\"features\"><h2>Caratteristiche principali del widget: una rapida panoramica<\/h2> <p> Scatena il potenziale del plugin Elfsight AliExpress Reviews con queste straordinarie funzionalit\u00e0 che ti consentono di assumere il controllo delle prestazioni del tuo sito web o della tua pagina online e del coinvolgimento degli utenti:<\/p><ul> <li> <strong>Pulsanti Call to Action (CTA) per una conversione avanzata:<\/strong> con il plug-in Elfsight AliExpress Reviews, puoi facilmente incorporare pulsanti Call to Action (CTA) nel contenuto del tuo sito web o della pagina e nel codice HTML. Questi pulsanti fungono da potente widget per guidare gli utenti verso la conversione, sia che si tratti di effettuare un acquisto, di iscriversi a una newsletter o di qualsiasi altra azione desiderata. Personalizza i pulsanti Recensioni AliExpress per allinearli agli obiettivi della tua pagina web e stimolare l&#8217;interazione dell&#8217;utente. <\/li> <li> <strong>Durata della transizione delle diapositive personalizzabile:<\/strong> regola la durata del passaggio da una diapositiva all&#8217;altra per adattarla al ritmo del tuo sito web o della tua pagina Woocommerce. Hai la flessibilit\u00e0 di impostare la velocit\u00e0 di rotazione del contenuto all&#8217;interno del plug-in, assicurandoti che integri l&#8217;esperienza utente complessiva del tuo sito. <\/li> <li> <strong>Opzioni di funzionalit\u00e0 multiple:<\/strong> il plug-in Elfsight AliExpress Reviews offre una gamma di funzionalit\u00e0 tra cui scegliere per il tuo sito Web o pagina. Puoi selezionare e integrare quelli che meglio si allineano alle tue esigenze e ai tuoi obiettivi specifici nel codice HTML della tua pagina web, migliorando la funzionalit\u00e0 generale e l&#8217;attrattiva del tuo negozio online. <\/li> <li> <strong>Posizionamento avanzato dei contenuti:<\/strong> sfrutta le opzioni di posizionamento avanzate fornite dal plug-in, che ti consentono di posizionare i tuoi contenuti di AliExpress Reviews ovunque sul tuo sito web o pagina Woocommerce. Questo livello di controllo ti consente di creare un&#8217;esperienza utente fluida e coinvolgente che risuoni con il tuo pubblico. <\/li> <li> <strong>Cinque variet\u00e0 di contenuti:<\/strong> il plug-in Elfsight AliExpress Reviews fornisce cinque opzioni di contenuto che puoi personalizzare in base alle tue preferenze. Che si tratti di immagini, video, descrizioni di prodotti, testimonianze di clienti o offerte allettanti, puoi incorporare perfettamente questi elementi nel codice del tuo plugin AliExpress Reviews, arricchendo il contenuto e l&#8217;attrattiva visiva del tuo sito web o della tua pagina. <\/li><\/ul><p>Incorporare le recensioni di Elfsight AliExpress nel codice HTML della tua pagina web Woocommerce ti garantisce l&#8217;accesso a un set completo di widget che non solo migliorano il coinvolgimento degli utenti, ma migliorano anche la funzionalit\u00e0 e l&#8217;estetica della tua pagina web. Che si tratti di aumentare le conversioni tramite pulsanti CTA, regolare la durata della diapositiva per un&#8217;esperienza pi\u00f9 fluida o utilizzare il posizionamento avanzato, questo plug-in per recensioni di AliExpress \u00e8 la chiave per ottimizzare le prestazioni del tuo sito web e creare un percorso utente pi\u00f9 coinvolgente.<\/p><p> <a href=\"#demo\">Esplora le funzionalit\u00e0 del plugin con l&#8217;aiuto della dimostrazione.<\/a><\/p> <\/div><div class=\"application-platform-content-item-installation application-platform-content-item\" id=\"installation\" data-nav-section=\"installation\"><h2>Come aggiungere recensioni AliExpress alle tue Pagina Woocommerce<\/h2> <p>Segui questi semplici passaggi per attivare il plug-in sul tuo sito Woocommerce.<\/p> <ol><li><b>Inizia utilizzando la nostra demo gratuita per creare il tuo plug-in AliExpress Reviews personalizzato per Woocommerce sito web.<\/b><br> Seleziona l&#8217;aspetto e le funzionalit\u00e0 preferite per il widget e applica le modifiche desiderate. <\/li> <li><b>Copia il codice HTML univoco generato sulle app Elfsight.<\/b><br> Dopo aver creato il tuo plugin personalizzato, copia il codice HTML fornito nella finestra popup e salvalo per un uso futuro. <\/li> <li><b>Implementa il plug-in AliExpress Reviews sul tuo sito web Woocommerce.<\/b><br> Aggiungi il codice salvato in precedenza nella sezione HTML del tuo sito web o pagina Woocommerce e apporta le modifiche necessarie. <\/li> <li><b>Ecco fatto! L&#8217;aggiunta di AliExpress Reviews \u00e8 completa.<\/b><br> Visita il tuo sito per vedere come funziona il plugin Woocommerce AliExpress Reviews. <\/li><\/ol> <p>Se hai domande o incontri difficolt\u00e0, non esitare a contattare il nostro team di assistenza clienti. I nostri esperti sono pronti ad assisterti per qualsiasi domanda tu possa avere relativa ai prodotti.<\/p> <\/div>","protected":false},"excerpt":{"rendered":"","protected":false},"author":9,"featured_media":0,"parent":2981,"menu_order":0,"comment_status":"closed","ping_status":"closed","template":"templates\/template-application-platform.php","meta":{"publish_to_discourse":"","publish_post_category":"","wpdc_auto_publish_overridden":"","wpdc_topic_tags":"","wpdc_pin_topic":"","wpdc_pin_until":"","discourse_post_id":"","discourse_permalink":"","wpdc_publishing_response":"","wpdc_publishing_error":"","footnotes":""},"class_list":["post-3386","page","type-page","status-publish","hentry"],"yoast_head":"<!-- This site is optimized with the Yoast SEO plugin v25.3.1 - https:\/\/yoast.com\/wordpress\/plugins\/seo\/ -->\n<title>Migliora il tuo negozio Woocommerce con le recensioni di Elfsight AliExpress<\/title>\n<meta name=\"description\" content=\"Migliora la fiducia e il coinvolgimento del tuo negozio Woocommerce con la perfetta integrazione delle recensioni di Elfsight AliExpress. Scopri il semplice processo per incorporare le recensioni dei clienti e le vetrine dei prodotti, portando a un miglioramento delle conversioni e della fiducia dei clienti.\" \/>\n<meta name=\"robots\" content=\"index, follow, max-snippet:-1, max-image-preview:large, max-video-preview:-1\" \/>\n<link rel=\"canonical\" href=\"https:\/\/elfsight.com\/it\/aliexpress-reviews-widget\/woocommerce\/\" \/>\n<meta property=\"og:locale\" content=\"it_IT\" \/>\n<meta property=\"og:type\" content=\"article\" \/>\n<meta property=\"og:title\" content=\"Migliora il tuo negozio Woocommerce con le recensioni di Elfsight AliExpress\" \/>\n<meta property=\"og:description\" content=\"Migliora la fiducia e il coinvolgimento del tuo negozio Woocommerce con la perfetta integrazione delle recensioni di Elfsight AliExpress. Scopri il semplice processo per incorporare le recensioni dei clienti e le vetrine dei prodotti, portando a un miglioramento delle conversioni e della fiducia dei clienti.\" \/>\n<meta property=\"og:url\" content=\"https:\/\/elfsight.com\/it\/aliexpress-reviews-widget\/woocommerce\/\" \/>\n<meta property=\"og:site_name\" content=\"Elfsight IT\" \/>\n<meta property=\"article:modified_time\" content=\"2024-11-11T11:19:42+00:00\" \/>\n<meta name=\"twitter:card\" content=\"summary_large_image\" \/>\n<meta name=\"twitter:label1\" content=\"Tempo di lettura stimato\" \/>\n\t<meta name=\"twitter:data1\" content=\"7 minuti\" \/>\n<!-- \/ Yoast SEO plugin. -->","yoast_head_json":{"title":"Migliora il tuo negozio Woocommerce con le recensioni di Elfsight AliExpress","description":"Migliora la fiducia e il coinvolgimento del tuo negozio Woocommerce con la perfetta integrazione delle recensioni di Elfsight AliExpress. Scopri il semplice processo per incorporare le recensioni dei clienti e le vetrine dei prodotti, portando a un miglioramento delle conversioni e della fiducia dei clienti.","robots":{"index":"index","follow":"follow","max-snippet":"max-snippet:-1","max-image-preview":"max-image-preview:large","max-video-preview":"max-video-preview:-1"},"canonical":"https:\/\/elfsight.com\/it\/aliexpress-reviews-widget\/woocommerce\/","og_locale":"it_IT","og_type":"article","og_title":"Migliora il tuo negozio Woocommerce con le recensioni di Elfsight AliExpress","og_description":"Migliora la fiducia e il coinvolgimento del tuo negozio Woocommerce con la perfetta integrazione delle recensioni di Elfsight AliExpress. Scopri il semplice processo per incorporare le recensioni dei clienti e le vetrine dei prodotti, portando a un miglioramento delle conversioni e della fiducia dei clienti.","og_url":"https:\/\/elfsight.com\/it\/aliexpress-reviews-widget\/woocommerce\/","og_site_name":"Elfsight IT","article_modified_time":"2024-11-11T11:19:42+00:00","twitter_card":"summary_large_image","twitter_misc":{"Tempo di lettura stimato":"7 minuti"},"schema":{"@context":"https:\/\/schema.org","@graph":[{"@type":"WebPage","@id":"https:\/\/elfsight.com\/it\/aliexpress-reviews-widget\/woocommerce\/","url":"https:\/\/elfsight.com\/it\/aliexpress-reviews-widget\/woocommerce\/","name":"Migliora il tuo negozio Woocommerce con le recensioni di Elfsight AliExpress","isPartOf":{"@id":"https:\/\/elfsight.com\/it\/#website"},"datePublished":"2024-05-03T06:26:35+00:00","dateModified":"2024-11-11T11:19:42+00:00","description":"Migliora la fiducia e il coinvolgimento del tuo negozio Woocommerce con la perfetta integrazione delle recensioni di Elfsight AliExpress. Scopri il semplice processo per incorporare le recensioni dei clienti e le vetrine dei prodotti, portando a un miglioramento delle conversioni e della fiducia dei clienti.","breadcrumb":{"@id":"https:\/\/elfsight.com\/it\/aliexpress-reviews-widget\/woocommerce\/#breadcrumb"},"inLanguage":"it-IT","potentialAction":[{"@type":"ReadAction","target":["https:\/\/elfsight.com\/it\/aliexpress-reviews-widget\/woocommerce\/"]}]},{"@type":"BreadcrumbList","@id":"https:\/\/elfsight.com\/it\/aliexpress-reviews-widget\/woocommerce\/#breadcrumb","itemListElement":[{"@type":"ListItem","position":1,"name":"Home","item":"https:\/\/elfsight.com\/it\/"},{"@type":"ListItem","position":2,"name":"AliExpress Reviews","item":"https:\/\/elfsight.com\/it\/aliexpress-reviews-widget\/"},{"@type":"ListItem","position":3,"name":"AliExpress Reviews &#8211; Woocommerce"}]},{"@type":"WebSite","@id":"https:\/\/elfsight.com\/it\/#website","url":"https:\/\/elfsight.com\/it\/","name":"Elfsight IT","description":"Just another Elfsight Sites site","potentialAction":[{"@type":"SearchAction","target":{"@type":"EntryPoint","urlTemplate":"https:\/\/elfsight.com\/it\/?s={search_term_string}"},"query-input":{"@type":"PropertyValueSpecification","valueRequired":true,"valueName":"search_term_string"}}],"inLanguage":"it-IT"}]}},"meta_box":{"industry":"","seo_heading":"","heading":"","description":"","cta_heading":"","cta_description":"","application":"2980","h1":"Come incorporare le recensioni di AliExpress su un sito Woocommerce","h1_caption":"Mostra le recensioni del tuo negozio aliexpress per creare fiducia e migliorare la credibilit\u00e0 delle tue schede di prodotto nel tuo sito web WooCommerce.","application_category":[],"applications_title":"","applications_request_title":"","applications_request_button_text":"","hero_text":"","hero_video":"","hero_video_schema_markup":"","selling_points_title":"","selling_points_caption":"","selling_points":[],"selling_points_cta_text":"","features_title":"","features":"","ed_cta_examples_text":"","ed_cta_examples_hidden":"","ed_cta_demo_text":"","ed_cta_demo_hidden":"","why_caption":"","why_editor_title":"","why_editor_text":"","why_team_title":"","why_team_text":"","why_service_title":"","why_service_text":"","template_catalog_visible":"","template_catalog_title":"","template_catalog_text":"","template_catalog_categories_visible":"","demo_title":"Crea la tua app Recensioni AliExpress","demo_caption":"Configura le tue recensioni AliExpress e aggiungile gratuitamente al tuo sito WooCommerce!","default_faq_hidden":"","app_template_category":[],"platform":"80","template_public_id":"","codecanyon_url":"","codecanyon_item_id":"","codecanyon_price":"","pricing_caption":"","pricing_elfsight_apps_hide_column":"","pricing_elfsight_apps_url":"","pricing_codecanyon_price_caption":"","integration_category":[],"integration_request_title":"","integration_request_cta":"","integration_platform":"","integrations":[],"platform_category":[],"video_schema_markup":"","price":"da $ 0 al mese","trial":"","benefits":[{"text":"Aiuto per l'installazione gratuito"},{"text":"Supporto eccezionale"},{"text":"Garanzia di rimborso di 14 giorni"},{"text":"Sviluppo continuo"}],"button_url":"#demo","button_target_blank":"","button_nofollow":"","attributes":[{"name":"Installazioni"},{"name":"Reattivo","content":"S\u00cc"},{"name":"Browser compatibili","content":"Firefox, Safari, Opera, Chrome, Edge"}],"tags":[],"tags_disable_links":"","hide_more_platforms":"","video_object":"","demo_hide_cta":"","demo_hide_cloud_options":"","pricing_title":"","pricing":[{"pricing_icon":"platform","pricing_title":"Elfsight Apps","pricing_title_caption":"Soluzione digitale multipiattaforma adatta a qualsiasi sito","pricing_price":"da $ 0 \/ mese","pricing_price_caption":"inizia con un piano gratuito","pricing_benefits":[{"text":"Siti web illimitati"},{"text":"Supporto professionale e ben documentato"},{"text":"Assistenza per l'installazione gratuita"},{"text":"100% personalizzabile"}],"pricing_button_text":"Aggiungi al sito web","pricing_button_url":"#demo"}],"related_apps_title":"","related_apps_hidden":"","author":"","image":[],"title":"","job":"","social_networks":[]},"_links":{"self":[{"href":"https:\/\/elfsight.com\/it\/wp-json\/wp\/v2\/pages\/3386","targetHints":{"allow":["GET"]}}],"collection":[{"href":"https:\/\/elfsight.com\/it\/wp-json\/wp\/v2\/pages"}],"about":[{"href":"https:\/\/elfsight.com\/it\/wp-json\/wp\/v2\/types\/page"}],"author":[{"embeddable":true,"href":"https:\/\/elfsight.com\/it\/wp-json\/wp\/v2\/users\/9"}],"replies":[{"embeddable":true,"href":"https:\/\/elfsight.com\/it\/wp-json\/wp\/v2\/comments?post=3386"}],"version-history":[{"count":1,"href":"https:\/\/elfsight.com\/it\/wp-json\/wp\/v2\/pages\/3386\/revisions"}],"predecessor-version":[{"id":3390,"href":"https:\/\/elfsight.com\/it\/wp-json\/wp\/v2\/pages\/3386\/revisions\/3390"}],"up":[{"embeddable":true,"href":"https:\/\/elfsight.com\/it\/wp-json\/wp\/v2\/pages\/2981"}],"wp:attachment":[{"href":"https:\/\/elfsight.com\/it\/wp-json\/wp\/v2\/media?parent=3386"}],"curies":[{"name":"wp","href":"https:\/\/api.w.org\/{rel}","templated":true}]}}