{"id":3380,"date":"2024-05-03T06:26:33","date_gmt":"2024-05-03T06:26:33","guid":{"rendered":"https:\/\/elfsight.com\/it\/?page_id=3380"},"modified":"2025-03-19T08:24:56","modified_gmt":"2025-03-19T08:24:56","slug":"wix","status":"publish","type":"page","link":"https:\/\/elfsight.com\/it\/airbnb-reviews-widget\/wix\/","title":{"rendered":"Airbnb Reviews &#8211; Wix"},"content":{"rendered":"\n<div class=\"application-platform-content-item-description application-platform-content-item\" id=\"description\" data-nav-section=\"description\"> <h2>Descrizione<\/h2> <p>Elfsight Airbnb Reviews \u00e8 un widget semplice che ti consente di mostrare le recensioni sulla tua attivit\u00e0 da Airbnb sul tuo sito web . Con l&#8217;aiuto di questo widget, puoi utilizzare diversi filtri per nascondere le recensioni indesiderate, aggiungere le tue valutazioni in stelle e numeri da Airbnb, aggiungere informazioni sugli autori e integrare un pulsante che aiuter\u00e0 i visitatori ad aggiungere un&#8217;altra recensione su Airbnb. Le recensioni di Elfsight Airbnb ti aiuteranno a dimostrare la tua perfetta prova sociale sul tuo sito web e ad aumentare le vendite. <\/p> <div class=\"faq\" data-component=\"FAQ\"><div class=\"faq-item\">\r\n\t\t\t\t\t<div class=\"faq-item-question\">\r\n\t\t\t\t\t\t<h3 class=\"faq-item-question-text\">Dove posso incorporare questo plugin<\/h3>\r\n\r\n\t\t\t\t\t\t<div class=\"faq-item-question-icon\"><\/div>\r\n\t\t\t\t\t<\/div>\r\n\r\n\t\t\t\t\t<div class=\"faq-item-answer\">\r\n\t\t\t\t\t\t<div class=\"faq-item-answer-text\"> <p>Sei libero di visualizzare il widget in qualsiasi pagina del sito, o incollarlo nel modello del sito web, in questo caso verr\u00e0 mostrare su tutte le pagine. Le recensioni faranno un buon lavoro sulle pagine dei prodotti o sulla pagina Chi siamo, i luoghi in cui devi dimostrare la tua alta valutazione. <\/p> <\/div>\r\n\t\t\t\t\t<\/div>\r\n\t\t\t\t<\/div><div class=\"faq-item\">\r\n\t\t\t\t\t<div class=\"faq-item-question\">\r\n\t\t\t\t\t\t<h3 class=\"faq-item-question-text\">Come posso trarre vantaggio dalle recensioni di Airbnb?<\/h3>\r\n\r\n\t\t\t\t\t\t<div class=\"faq-item-question-icon\"><\/div>\r\n\t\t\t\t\t<\/div>\r\n\r\n\t\t\t\t\t<div class=\"faq-item-answer\">\r\n\t\t\t\t\t\t<div class=\"faq-item-answer-text\"> <p>Le recensioni condivise da persone reali sembrano perfettamente credibili per i clienti del tuo sito web e mostrano loro che ci si pu\u00f2 fidare della tua attivit\u00e0. Una valutazione elevata e recensioni positive possono aiutarti ad aumentare il livello delle vendite dal tuo sito. Inoltre, il pulsante attivo pu\u00f2 contribuire a pi\u00f9 recensioni dei clienti relative alle tue offerte o servizi su Airbnb. <\/p> <\/div>\r\n\t\t\t\t\t<\/div>\r\n\t\t\t\t<\/div> <div class=\"faq-item\">\r\n\t\t\t\t\t<div class=\"faq-item-question\">\r\n\t\t\t\t\t\t<h3 class=\"faq-item-question-text\">Come faccio ad aggiungere recensioni di Airbnb al mio sito Wix?<\/h3>\r\n\r\n\t\t\t\t\t\t<div class=\"faq-item-question-icon\"><\/div>\r\n\t\t\t\t\t<\/div>\r\n\r\n\t\t\t\t\t<div class=\"faq-item-answer\">\r\n\t\t\t\t\t\t<div class=\"faq-item-answer-text\"> <p>Avrai bisogno di due minuti di tempo per avere il widget attivo e funzionante. L\u2019installazione \u00e8 estremamente veloce, gratuita e non richiede codifica. <\/p> <ol><li>C&#8217;\u00e8 un&#8217;opzione per incorporare le recensioni di Airbnb sul sito tramite il nostro servizio. Basta seguire le istruzioni riportate di seguito in questa pagina. <\/li> <li>Il widget pu\u00f2 essere inserito tramite il nostro servizio o tramite il marketplace. Puoi visualizzare maggiori informazioni su queste varianti e scegliere quella pi\u00f9 adatta. <\/li> <\/ol> <\/div>\r\n\t\t\t\t\t<\/div>\r\n\t\t\t\t<\/div> <\/div> <\/div> <div class=\"application-platform-content-item-features application-platform-content-item\" id=\"features\" data-nav-section=\"features\"> <h2>Caratteristiche<\/h2> <p>Per avere una percezione completa del widget, visualizzare l&#8217;elenco delle sue caratteristiche principali. Rendono il widget davvero efficiente per il tuo sito web: <\/p> <ul> <li>Quattro layout disponibili: Elenco, Griglia, Massoneria e Slider;<\/li> <li>Il pulsante attivo per condividere una recensione porta gli utenti alla tua pagina Airbnb; <\/li> <li>Sei elementi flessibili delle recensioni: nome e foto dell&#8217;autore, testo del consiglio, data di condivisione, icona Airbnb e valutazione in stelle; <\/li> <\/ul><p><a href=\"#demo\">La demo ti mostrer\u00e0 pi\u00f9 funzionalit\u00e0<\/a><\/p> <\/div> <div class=\"application-platform-content-item-installation application-platform-content-item\" id=\"installation\" data-nav-section=\"installation\"> <h2> Scopri come incollare le recensioni di Airbnb sul tuo sito Wix<\/h2><div class=\"video-container\"><iframe width=\"560\" height=\"315\" src=\"https:\/\/www.youtube.com\/embed\/HIl83roRsio?si=rX5-DgjE8wX7n54X\" frameborder=\"0\" allow=\"accelerometer; autoplay; clipboard-write; encrypted-media; gyroscope; picture-in-picture; web-share\" allowfullscreen><\/iframe><\/div><p>Le seguenti azioni sono l&#8217;unica cosa che devi fare per configurare il widget. \u00c8 veloce e senza codifica. <\/p> <ol><li><b>Progetta il tuo plugin Airbnb personalizzato<\/b><br> Utilizzando il nostro editor gratuito, genera un plugin con l&#8217;aspetto e la funzionalit\u00e0 selezionati. <\/li><li><b>Acquisisci il codice personale per pubblicare il plugin<\/b><br> Dopo aver generato il tuo widget, otterrai il codice univoco dalla finestra che appare su Elfsight Apps. Copialo. <\/li> <li><b>Pubblica il plugin sul tuo sito Wix<\/b><br> Scegli l&#8217;area in cui desideri incorporare il plugin e aggiungi l\u00ec il codice copiato. Pubblica le modifiche. <\/li> <li><b>Fatto!<\/b><br> Visita la pagina per visualizzare il tuo plugin. <\/li> <\/ol><p>Non riesci ancora a deciderti? Oppure hai problemi? Basta inviare una richiesta al nostro team di assistenza clienti per risolvere qualsiasi problema. <\/p> <\/div>\n","protected":false},"excerpt":{"rendered":"","protected":false},"author":9,"featured_media":0,"parent":2411,"menu_order":0,"comment_status":"closed","ping_status":"closed","template":"templates\/template-application-platform.php","meta":{"publish_to_discourse":"","publish_post_category":"","wpdc_auto_publish_overridden":"","wpdc_topic_tags":"","wpdc_pin_topic":"","wpdc_pin_until":"","discourse_post_id":"","discourse_permalink":"","wpdc_publishing_response":"","wpdc_publishing_error":"","footnotes":""},"class_list":["post-3380","page","type-page","status-publish","hentry"],"yoast_head":"<!-- This site is optimized with the Yoast SEO plugin v25.3.1 - https:\/\/yoast.com\/wordpress\/plugins\/seo\/ -->\n<title>Incorpora le recensioni di Airbnb sul tuo sito web Wix (2025)<\/title>\n<meta name=\"description\" content=\"\u00c8 assolutamente semplice modellare la tua app Recensioni Airbnb e aggiungerla al sito web Wix. L&#039;assistenza clienti Elfsight \u00e8 gratuita.\" \/>\n<meta name=\"robots\" content=\"index, follow, max-snippet:-1, max-image-preview:large, max-video-preview:-1\" \/>\n<link rel=\"canonical\" href=\"https:\/\/elfsight.com\/it\/airbnb-reviews-widget\/wix\/\" \/>\n<meta property=\"og:locale\" content=\"it_IT\" \/>\n<meta property=\"og:type\" content=\"article\" \/>\n<meta property=\"og:title\" content=\"Incorpora le recensioni di Airbnb sul tuo sito web Wix (2025)\" \/>\n<meta property=\"og:description\" content=\"\u00c8 assolutamente semplice modellare la tua app Recensioni Airbnb e aggiungerla al sito web Wix. L&#039;assistenza clienti Elfsight \u00e8 gratuita.\" \/>\n<meta property=\"og:url\" content=\"https:\/\/elfsight.com\/it\/airbnb-reviews-widget\/wix\/\" \/>\n<meta property=\"og:site_name\" content=\"Elfsight IT\" \/>\n<meta property=\"article:modified_time\" content=\"2025-03-19T08:24:56+00:00\" \/>\n<meta name=\"twitter:card\" content=\"summary_large_image\" \/>\n<meta name=\"twitter:label1\" content=\"Tempo di lettura stimato\" \/>\n\t<meta name=\"twitter:data1\" content=\"3 minuti\" \/>\n<!-- \/ Yoast SEO plugin. -->","yoast_head_json":{"title":"Incorpora le recensioni di Airbnb sul tuo sito web Wix (2025)","description":"\u00c8 assolutamente semplice modellare la tua app Recensioni Airbnb e aggiungerla al sito web Wix. L'assistenza clienti Elfsight \u00e8 gratuita.","robots":{"index":"index","follow":"follow","max-snippet":"max-snippet:-1","max-image-preview":"max-image-preview:large","max-video-preview":"max-video-preview:-1"},"canonical":"https:\/\/elfsight.com\/it\/airbnb-reviews-widget\/wix\/","og_locale":"it_IT","og_type":"article","og_title":"Incorpora le recensioni di Airbnb sul tuo sito web Wix (2025)","og_description":"\u00c8 assolutamente semplice modellare la tua app Recensioni Airbnb e aggiungerla al sito web Wix. L'assistenza clienti Elfsight \u00e8 gratuita.","og_url":"https:\/\/elfsight.com\/it\/airbnb-reviews-widget\/wix\/","og_site_name":"Elfsight IT","article_modified_time":"2025-03-19T08:24:56+00:00","twitter_card":"summary_large_image","twitter_misc":{"Tempo di lettura stimato":"3 minuti"},"schema":{"@context":"https:\/\/schema.org","@graph":[{"@type":"WebPage","@id":"https:\/\/elfsight.com\/it\/airbnb-reviews-widget\/wix\/","url":"https:\/\/elfsight.com\/it\/airbnb-reviews-widget\/wix\/","name":"Incorpora le recensioni di Airbnb sul tuo sito web Wix (2025)","isPartOf":{"@id":"https:\/\/elfsight.com\/it\/#website"},"datePublished":"2024-05-03T06:26:33+00:00","dateModified":"2025-03-19T08:24:56+00:00","description":"\u00c8 assolutamente semplice modellare la tua app Recensioni Airbnb e aggiungerla al sito web Wix. L'assistenza clienti Elfsight \u00e8 gratuita.","breadcrumb":{"@id":"https:\/\/elfsight.com\/it\/airbnb-reviews-widget\/wix\/#breadcrumb"},"inLanguage":"it-IT","potentialAction":[{"@type":"ReadAction","target":["https:\/\/elfsight.com\/it\/airbnb-reviews-widget\/wix\/"]}]},{"@type":"BreadcrumbList","@id":"https:\/\/elfsight.com\/it\/airbnb-reviews-widget\/wix\/#breadcrumb","itemListElement":[{"@type":"ListItem","position":1,"name":"Home","item":"https:\/\/elfsight.com\/it\/"},{"@type":"ListItem","position":2,"name":"Airbnb Reviews","item":"https:\/\/elfsight.com\/it\/airbnb-reviews-widget\/"},{"@type":"ListItem","position":3,"name":"Airbnb Reviews &#8211; Wix"}]},{"@type":"WebSite","@id":"https:\/\/elfsight.com\/it\/#website","url":"https:\/\/elfsight.com\/it\/","name":"Elfsight IT","description":"Just another Elfsight Sites site","potentialAction":[{"@type":"SearchAction","target":{"@type":"EntryPoint","urlTemplate":"https:\/\/elfsight.com\/it\/?s={search_term_string}"},"query-input":{"@type":"PropertyValueSpecification","valueRequired":true,"valueName":"search_term_string"}}],"inLanguage":"it-IT"}]}},"meta_box":{"industry":"","seo_heading":"","heading":"","description":"","cta_heading":"","cta_description":"","application":"2410","h1":"Recensioni di Wix Airbnb","h1_caption":"Visualizza le recensioni dal tuo annuncio Airbnb per attirare pi\u00f9 ospiti con feedback autentici nel tuo sito web Wix.","application_category":[],"applications_title":"","applications_request_title":"","applications_request_button_text":"","hero_text":"","hero_video":"","hero_video_schema_markup":"","selling_points_title":"","selling_points_caption":"","selling_points":[],"selling_points_cta_text":"","features_title":"","features":"","ed_cta_examples_text":"","ed_cta_examples_hidden":"","ed_cta_demo_text":"","ed_cta_demo_hidden":"","why_caption":"","why_editor_title":"","why_editor_text":"","why_team_title":"","why_team_text":"","why_service_title":"","why_service_text":"","template_catalog_visible":"0","template_catalog_title":"","template_catalog_text":"","template_catalog_categories_visible":"","demo_title":"Crea la tua app Recensioni Airbnb","demo_caption":"Configura le tue recensioni Airbnb e aggiungile gratuitamente al tuo sito Wix!","default_faq_hidden":"","app_template_category":[],"platform":"29","template_public_id":"","codecanyon_url":"","codecanyon_item_id":"","codecanyon_price":"","pricing_caption":"","pricing_elfsight_apps_hide_column":"","pricing_elfsight_apps_url":"","pricing_codecanyon_price_caption":"","integration_category":[],"integration_request_title":"","integration_request_cta":"","integration_platform":"","integrations":[],"platform_category":[],"video_schema_markup":"","price":"da $ 0 al mese","trial":"","benefits":[{"text":"Assistenza gratuita per l'installazione"},{"text":"Supporto premium"},{"text":"Garanzia di rimborso di 14 giorni"},{"text":"Miglioramenti a vita"}],"button_url":"#demo","button_target_blank":"0","button_nofollow":"0","attributes":[{"name":"Installazioni"},{"name":"Reattivo","content":"S\u00cc"},{"name":"Browser compatibili","content":"IE11, Firefox, Safari, Opera, Chrome, Edge"}],"tags":[],"tags_disable_links":"0","hide_more_platforms":"0","video_object":"","demo_hide_cta":"0","demo_hide_cloud_options":"0","pricing_title":"","pricing":[{"pricing_icon":"platform","pricing_title":"Elfsight Apps","pricing_title_caption":"Versione multipiattaforma che funziona su qualsiasi sito web","pricing_price":"da $ 0 \/ mese","pricing_price_caption":"inizia con il piano gratuito","pricing_benefits":[{"text":"Siti web illimitati"},{"text":"Supporto aziendale dedicato"},{"text":"Supporto per l'installazione senza costi"},{"text":"100% personalizzabile"}],"pricing_button_text":"Aggiungi al sito web","pricing_button_url":"#demo"}],"related_apps_title":"","related_apps_hidden":"0","author":"","image":[],"title":"","job":"","social_networks":[]},"_links":{"self":[{"href":"https:\/\/elfsight.com\/it\/wp-json\/wp\/v2\/pages\/3380","targetHints":{"allow":["GET"]}}],"collection":[{"href":"https:\/\/elfsight.com\/it\/wp-json\/wp\/v2\/pages"}],"about":[{"href":"https:\/\/elfsight.com\/it\/wp-json\/wp\/v2\/types\/page"}],"author":[{"embeddable":true,"href":"https:\/\/elfsight.com\/it\/wp-json\/wp\/v2\/users\/9"}],"replies":[{"embeddable":true,"href":"https:\/\/elfsight.com\/it\/wp-json\/wp\/v2\/comments?post=3380"}],"version-history":[{"count":3,"href":"https:\/\/elfsight.com\/it\/wp-json\/wp\/v2\/pages\/3380\/revisions"}],"predecessor-version":[{"id":9253,"href":"https:\/\/elfsight.com\/it\/wp-json\/wp\/v2\/pages\/3380\/revisions\/9253"}],"up":[{"embeddable":true,"href":"https:\/\/elfsight.com\/it\/wp-json\/wp\/v2\/pages\/2411"}],"wp:attachment":[{"href":"https:\/\/elfsight.com\/it\/wp-json\/wp\/v2\/media?parent=3380"}],"curies":[{"name":"wp","href":"https:\/\/api.w.org\/{rel}","templated":true}]}}