{"id":3371,"date":"2024-05-03T06:26:28","date_gmt":"2024-05-03T06:26:28","guid":{"rendered":"https:\/\/elfsight.com\/it\/?page_id=3371"},"modified":"2025-03-19T08:17:15","modified_gmt":"2025-03-19T08:17:15","slug":"shopify","status":"publish","type":"page","link":"https:\/\/elfsight.com\/it\/airbnb-reviews-widget\/shopify\/","title":{"rendered":"Airbnb Reviews &#8211; Shopify"},"content":{"rendered":"\n<div class=\"application-platform-content-item-description application-platform-content-item\" id=\"description\" data-nav-section=\"description\"> <h2>Incorpora recensioni Airbnb su Shopify con il widget Elfsight<\/h2> <p>Elfsight Airbnb Reviews \u00e8 uno strumento utile che ti aiuter\u00e0 a dimostrare le recensioni del tuo sito sulle tue offerte da parte degli utenti di Airbnb. Con l&#8217;aiuto del nostro widget, sarai in grado di applicare filtri per eliminare le recensioni indesiderate, mostrare le tue valutazioni in stelle e numeri da Airbnb, mostrare dettagli sugli autori e posizionare un pulsante che reindirizzer\u00e0 i visitatori a lasciare un&#8217;altra recensione su Airbnb. Le recensioni di Elfsight Airbnb ti aiuteranno a vantare la tua perfetta prova sociale sul tuo sito web personale e ad attirare nuove vendite. <\/p> <div class=\"faq\" data-component=\"FAQ\"><div class=\"faq-item\">\r\n\t\t\t\t\t<div class=\"faq-item-question\">\r\n\t\t\t\t\t\t<h3 class=\"faq-item-question-text\">Dove posso aggiungere il widget sul mio sito web<\/h3>\r\n\r\n\t\t\t\t\t\t<div class=\"faq-item-question-icon\"><\/div>\r\n\t\t\t\t\t<\/div>\r\n\r\n\t\t\t\t\t<div class=\"faq-item-answer\">\r\n\t\t\t\t\t\t<div class=\"faq-item-answer-text\"> <p>Puoi integrare il widget in qualsiasi pagina del tuo sito, oppure inserirlo nel template, in questo caso verr\u00e0 mostrare su tutte le pagine. Le recensioni possono funzionare bene sulle pagine dei prodotti o sulla pagina Chi siamo, dove desideri impressionare gli utenti con la tua valutazione elevata. <\/p> <\/div>\r\n\t\t\t\t\t<\/div>\r\n\t\t\t\t<\/div><div class=\"faq-item\">\r\n\t\t\t\t\t<div class=\"faq-item-question\">\r\n\t\t\t\t\t\t<h3 class=\"faq-item-question-text\">Come posso trarre vantaggio da questo plugin?<\/h3>\r\n\r\n\t\t\t\t\t\t<div class=\"faq-item-question-icon\"><\/div>\r\n\t\t\t\t\t<\/div>\r\n\r\n\t\t\t\t\t<div class=\"faq-item-answer\">\r\n\t\t\t\t\t\t<div class=\"faq-item-answer-text\"> <p>Le recensioni scritte da persone reali sono perfettamente affidabili per gli utenti del tuo sito e indicano loro che ci si pu\u00f2 fidare della tua attivit\u00e0. Una valutazione elevata e recensioni eccellenti possono aiutarti a incrementare gli acquisti dal tuo sito web. Inoltre, il pulsante di reindirizzamento contribuir\u00e0 ad avere pi\u00f9 recensioni dei clienti sulla tua attivit\u00e0 su Airbnb. <\/p> <\/div>\r\n\t\t\t\t\t<\/div>\r\n\t\t\t\t<\/div> <div class=\"faq-item\">\r\n\t\t\t\t\t<div class=\"faq-item-question\">\r\n\t\t\t\t\t\t<h3 class=\"faq-item-question-text\">Come posso installare le recensioni di Airbnb sul mio sito web Shopify?<\/h3>\r\n\r\n\t\t\t\t\t\t<div class=\"faq-item-question-icon\"><\/div>\r\n\t\t\t\t\t<\/div>\r\n\r\n\t\t\t\t\t<div class=\"faq-item-answer\">\r\n\t\t\t\t\t\t<div class=\"faq-item-answer-text\"> <p>Ci vorr\u00e0 solo un minuto per iniziare a utilizzare il widget. Il processo \u00e8 molto rapido, gratuito e non include la codifica. <\/p> <ol><li>Puoi aggiungere recensioni di Airbnb al sito web nel nostro servizio. Basta seguire i passaggi della breve descrizione qui sotto in questa pagina. <\/li> <li>Le recensioni di Elfsight Airbnb possono essere integrate nel nostro servizio o tramite il marketplace. Qui puoi confrontare queste opzioni e scegliere la tua. <\/li> <\/ol> <\/div>\r\n\t\t\t\t\t<\/div>\r\n\t\t\t\t<\/div> <\/div> <\/div> <div class=\"application-platform-content-item-features application-platform-content-item\" id=\"features\" data-nav-section=\"features\"> <h2>Caratteristiche principali del widget Recensioni di Airbnb<\/h2> <p>Per una migliore conoscenza delle recensioni di Airbnb, puoi studiare l&#8217;elenco delle sue principali funzionalit\u00e0. Rendono il nostro widget estremamente efficiente per il tuo sito web: <\/p> <ul> <li>Tre varianti di filtri: per tipo, escludi per e quantit\u00e0 di recensioni da visualizzare; <\/li> <li>Il pulsante per richiedere una recensione indirizza le persone alla pagina Airbnb; <\/li> <li>Due varianti di scenari di rifiuto della richiesta di revisione: mostrare un messaggio di testo o rimuovere il pulsante. <\/li> <\/ul><p><a href=\"#demo\">Per conoscere tutte le funzionalit\u00e0, guarda la demo dal vivo<\/a><\/p> <\/div> <div class=\"application-platform-content-item-installation application-platform-content-item\" id=\"installation\" data-nav-section=\"installation\"> <h2>Scopri come inserire le recensioni di Airbnb nel tuo negozio Shopify<\/h2><div class=\"video-container\"><iframe width=\"560\" height=\"315\" src=\"https:\/\/www.youtube.com\/embed\/Vqjc4zTq7ZI?si=0jq9IO_jjygawkv8\" frameborder=\"0\" allow=\"accelerometer; autoplay; clipboard-write; encrypted-media; gyroscope; picture-in-picture; web-share\" allowfullscreen><\/iframe><\/div><p>I passaggi seguenti sono l&#8217;unica cosa di cui hai bisogno per dimostrare. <\/p> <ol><li><b>Gestisci il nostro editor gratuito e inizia a creare la tua app personalizzata. <\/b><br> Trova la disposizione preferibile e le caratteristiche funzionali dell&#8217;app e salva tutte le modifiche. <\/li> <li><b>Copia il tuo codice univoco che appare nella casella su Elfsight Apps. <\/b><br> Non appena la configurazione della tua app \u00e8 terminata, copia il codice personale dalla finestra emersa e conservalo per un&#8217;occasione successiva. <\/li> <li><b>Inizia a utilizzare l&#8217;app sul tuo sito Shopify. <\/b><br> Integra il codice che hai copiato in precedenza nel tuo sito web e applica le modifiche. <\/li> <li><b>Il gioco \u00e8 fatto! L&#8217;integrazione \u00e8 completamente eseguita. <\/b><br> Vai al tuo sito per vedere come sta funzionando l&#8217;app. <\/li><\/ol><p>Non riesci ancora a deciderti? O hai domande? Basta inviare una richiesta al nostro servizio di assistenza clienti per risolvere qualsiasi problema. <\/p> <\/div>\n","protected":false},"excerpt":{"rendered":"","protected":false},"author":9,"featured_media":0,"parent":2411,"menu_order":0,"comment_status":"closed","ping_status":"closed","template":"templates\/template-application-platform.php","meta":{"publish_to_discourse":"","publish_post_category":"","wpdc_auto_publish_overridden":"","wpdc_topic_tags":"","wpdc_pin_topic":"","wpdc_pin_until":"","discourse_post_id":"","discourse_permalink":"","wpdc_publishing_response":"","wpdc_publishing_error":"","footnotes":""},"class_list":["post-3371","page","type-page","status-publish","hentry"],"yoast_head":"<!-- This site is optimized with the Yoast SEO plugin v25.3.1 - https:\/\/yoast.com\/wordpress\/plugins\/seo\/ -->\n<title>Incorpora le recensioni di Airbnb sul tuo sito Shopify (facile e veloce)<\/title>\n<meta name=\"description\" content=\"\u00c8 assolutamente semplice modellare il tuo widget Recensioni Airbnb e pubblicarlo sul tuo negozio Shopify. Il supporto client Elfsight \u00e8 gratuito.\" \/>\n<meta name=\"robots\" content=\"index, follow, max-snippet:-1, max-image-preview:large, max-video-preview:-1\" \/>\n<link rel=\"canonical\" href=\"https:\/\/elfsight.com\/it\/airbnb-reviews-widget\/shopify\/\" \/>\n<meta property=\"og:locale\" content=\"it_IT\" \/>\n<meta property=\"og:type\" content=\"article\" \/>\n<meta property=\"og:title\" content=\"Incorpora le recensioni di Airbnb sul tuo sito Shopify (facile e veloce)\" \/>\n<meta property=\"og:description\" content=\"\u00c8 assolutamente semplice modellare il tuo widget Recensioni Airbnb e pubblicarlo sul tuo negozio Shopify. Il supporto client Elfsight \u00e8 gratuito.\" \/>\n<meta property=\"og:url\" content=\"https:\/\/elfsight.com\/it\/airbnb-reviews-widget\/shopify\/\" \/>\n<meta property=\"og:site_name\" content=\"Elfsight IT\" \/>\n<meta property=\"article:modified_time\" content=\"2025-03-19T08:17:15+00:00\" \/>\n<meta name=\"twitter:card\" content=\"summary_large_image\" \/>\n<meta name=\"twitter:label1\" content=\"Tempo di lettura stimato\" \/>\n\t<meta name=\"twitter:data1\" content=\"3 minuti\" \/>\n<!-- \/ Yoast SEO plugin. -->","yoast_head_json":{"title":"Incorpora le recensioni di Airbnb sul tuo sito Shopify (facile e veloce)","description":"\u00c8 assolutamente semplice modellare il tuo widget Recensioni Airbnb e pubblicarlo sul tuo negozio Shopify. Il supporto client Elfsight \u00e8 gratuito.","robots":{"index":"index","follow":"follow","max-snippet":"max-snippet:-1","max-image-preview":"max-image-preview:large","max-video-preview":"max-video-preview:-1"},"canonical":"https:\/\/elfsight.com\/it\/airbnb-reviews-widget\/shopify\/","og_locale":"it_IT","og_type":"article","og_title":"Incorpora le recensioni di Airbnb sul tuo sito Shopify (facile e veloce)","og_description":"\u00c8 assolutamente semplice modellare il tuo widget Recensioni Airbnb e pubblicarlo sul tuo negozio Shopify. Il supporto client Elfsight \u00e8 gratuito.","og_url":"https:\/\/elfsight.com\/it\/airbnb-reviews-widget\/shopify\/","og_site_name":"Elfsight IT","article_modified_time":"2025-03-19T08:17:15+00:00","twitter_card":"summary_large_image","twitter_misc":{"Tempo di lettura stimato":"3 minuti"},"schema":{"@context":"https:\/\/schema.org","@graph":[{"@type":"WebPage","@id":"https:\/\/elfsight.com\/it\/airbnb-reviews-widget\/shopify\/","url":"https:\/\/elfsight.com\/it\/airbnb-reviews-widget\/shopify\/","name":"Incorpora le recensioni di Airbnb sul tuo sito Shopify (facile e veloce)","isPartOf":{"@id":"https:\/\/elfsight.com\/it\/#website"},"datePublished":"2024-05-03T06:26:28+00:00","dateModified":"2025-03-19T08:17:15+00:00","description":"\u00c8 assolutamente semplice modellare il tuo widget Recensioni Airbnb e pubblicarlo sul tuo negozio Shopify. Il supporto client Elfsight \u00e8 gratuito.","breadcrumb":{"@id":"https:\/\/elfsight.com\/it\/airbnb-reviews-widget\/shopify\/#breadcrumb"},"inLanguage":"it-IT","potentialAction":[{"@type":"ReadAction","target":["https:\/\/elfsight.com\/it\/airbnb-reviews-widget\/shopify\/"]}]},{"@type":"BreadcrumbList","@id":"https:\/\/elfsight.com\/it\/airbnb-reviews-widget\/shopify\/#breadcrumb","itemListElement":[{"@type":"ListItem","position":1,"name":"Home","item":"https:\/\/elfsight.com\/it\/"},{"@type":"ListItem","position":2,"name":"Airbnb Reviews","item":"https:\/\/elfsight.com\/it\/airbnb-reviews-widget\/"},{"@type":"ListItem","position":3,"name":"Airbnb Reviews &#8211; Shopify"}]},{"@type":"WebSite","@id":"https:\/\/elfsight.com\/it\/#website","url":"https:\/\/elfsight.com\/it\/","name":"Elfsight IT","description":"Just another Elfsight Sites site","potentialAction":[{"@type":"SearchAction","target":{"@type":"EntryPoint","urlTemplate":"https:\/\/elfsight.com\/it\/?s={search_term_string}"},"query-input":{"@type":"PropertyValueSpecification","valueRequired":true,"valueName":"search_term_string"}}],"inLanguage":"it-IT"}]}},"meta_box":{"industry":"","seo_heading":"","heading":"","description":"","cta_heading":"","cta_description":"","application":"2410","h1":"Recensioni di Shopify Airbnb","h1_caption":"Visualizza le recensioni del tuo annuncio Airbnb per attirare pi\u00f9 ospiti con feedback autentici nel tuo sito web Shopify.","application_category":[],"applications_title":"","applications_request_title":"","applications_request_button_text":"","hero_text":"","hero_video":"","hero_video_schema_markup":"","selling_points_title":"","selling_points_caption":"","selling_points":[],"selling_points_cta_text":"","features_title":"","features":"","ed_cta_examples_text":"","ed_cta_examples_hidden":"","ed_cta_demo_text":"","ed_cta_demo_hidden":"","why_caption":"","why_editor_title":"","why_editor_text":"","why_team_title":"","why_team_text":"","why_service_title":"","why_service_text":"","template_catalog_visible":"0","template_catalog_title":"","template_catalog_text":"","template_catalog_categories_visible":"","demo_title":"Crea la tua app Recensioni Airbnb","demo_caption":"Configura le tue recensioni Airbnb e aggiungile gratuitamente al tuo sito Shopify!","default_faq_hidden":"","app_template_category":[],"platform":"42","template_public_id":"","codecanyon_url":"","codecanyon_item_id":"","codecanyon_price":"","pricing_caption":"","pricing_elfsight_apps_hide_column":"","pricing_elfsight_apps_url":"","pricing_codecanyon_price_caption":"","integration_category":[],"integration_request_title":"","integration_request_cta":"","integration_platform":"","integrations":[],"platform_category":[],"video_schema_markup":"","price":"da $ 0 al mese","trial":"","benefits":[{"text":"Servizio di installazione gratuito"},{"text":"Supporto premium"},{"text":"Garanzia di rimborso di 14 giorni"},{"text":"Aggiornamenti gratuiti continui"}],"button_url":"#demo","button_target_blank":"0","button_nofollow":"0","attributes":[{"name":"Installazioni"},{"name":"Reattivo","content":"S\u00cc"},{"name":"Browser compatibili","content":"Chrome, Edge, Safari, Opera, Firefox"}],"tags":[],"tags_disable_links":"0","hide_more_platforms":"0","video_object":"","demo_hide_cta":"0","demo_hide_cloud_options":"0","pricing_title":"","pricing":[{"pricing_icon":"cloud","pricing_title":"Elfsight Apps","pricing_title_caption":"Versione multipiattaforma che funziona su qualsiasi sito web","pricing_price":"da $ 0 \/ mese","pricing_price_caption":"inizia con il piano gratuito","pricing_benefits":[{"text":"Siti web illimitati"},{"text":"Supporto premium"},{"text":"Servizio di installazione gratuito"},{"text":"Offerta speciale per pi\u00f9 app"}],"pricing_button_text":"Aggiungi al sito web","pricing_button_url":"#demo"}],"related_apps_title":"","related_apps_hidden":"0","author":"","image":[],"title":"","job":"","social_networks":[]},"_links":{"self":[{"href":"https:\/\/elfsight.com\/it\/wp-json\/wp\/v2\/pages\/3371","targetHints":{"allow":["GET"]}}],"collection":[{"href":"https:\/\/elfsight.com\/it\/wp-json\/wp\/v2\/pages"}],"about":[{"href":"https:\/\/elfsight.com\/it\/wp-json\/wp\/v2\/types\/page"}],"author":[{"embeddable":true,"href":"https:\/\/elfsight.com\/it\/wp-json\/wp\/v2\/users\/9"}],"replies":[{"embeddable":true,"href":"https:\/\/elfsight.com\/it\/wp-json\/wp\/v2\/comments?post=3371"}],"version-history":[{"count":3,"href":"https:\/\/elfsight.com\/it\/wp-json\/wp\/v2\/pages\/3371\/revisions"}],"predecessor-version":[{"id":9245,"href":"https:\/\/elfsight.com\/it\/wp-json\/wp\/v2\/pages\/3371\/revisions\/9245"}],"up":[{"embeddable":true,"href":"https:\/\/elfsight.com\/it\/wp-json\/wp\/v2\/pages\/2411"}],"wp:attachment":[{"href":"https:\/\/elfsight.com\/it\/wp-json\/wp\/v2\/media?parent=3371"}],"curies":[{"name":"wp","href":"https:\/\/api.w.org\/{rel}","templated":true}]}}