{"id":3370,"date":"2024-05-03T06:26:27","date_gmt":"2024-05-03T06:26:27","guid":{"rendered":"https:\/\/elfsight.com\/it\/?page_id=3370"},"modified":"2024-11-12T08:40:33","modified_gmt":"2024-11-12T08:40:33","slug":"opencart","status":"publish","type":"page","link":"https:\/\/elfsight.com\/it\/airbnb-reviews-widget\/opencart\/","title":{"rendered":"Airbnb Reviews &#8211; OpenCart"},"content":{"rendered":"<div class=\"application-platform-content-item-description application-platform-content-item\" id=\"description\" data-nav-section=\"description\"> <h2>Descrizione<\/h2> <p>Se desideri rivelare il tuo apprezzamento tra i clienti e convincere i visitatori del sito che i tuoi ospiti amano visitare il tuo alloggio, Il widget Elfsight Airbnb Reviews far\u00e0 il lavoro. Utilizzando questo widget, dimostrerai facilmente le recensioni dei clienti di Airbnb sul tuo sito web con i dettagli sui loro autori, puoi utilizzare i filtri per mostrare solo il meglio, aggiungere valutazioni e un pulsante attivo, che porter\u00e0 gli utenti al tuo account Airbnb, dove potranno condividi una nuova recensione. <\/p> <div class=\"faq\" data-component=\"FAQ\"><div class=\"faq-item\">\r\n\t\t\t\t\t<div class=\"faq-item-question\">\r\n\t\t\t\t\t\t<h3 class=\"faq-item-question-text\">Dove posso pubblicare il widget sul mio sito<\/h3>\r\n\r\n\t\t\t\t\t\t<div class=\"faq-item-question-icon\"><\/div>\r\n\t\t\t\t\t<\/div>\r\n\r\n\t\t\t\t\t<div class=\"faq-item-answer\">\r\n\t\t\t\t\t\t<div class=\"faq-item-answer-text\"> <p>Puoi incollare il widget di revisione in qualsiasi pagina del sito Web o inserirlo nel modello del sito e verr\u00e0 visualizzato appaiono su tutte le pagine. Le recensioni sono efficaci sulle pagine dei prodotti o sulla pagina Chi siamo, i luoghi in cui desideri impressionare gli utenti con la tua valutazione elevata. <\/p> <\/div>\r\n\t\t\t\t\t<\/div>\r\n\t\t\t\t<\/div><div class=\"faq-item\">\r\n\t\t\t\t\t<div class=\"faq-item-question\">\r\n\t\t\t\t\t\t<h3 class=\"faq-item-question-text\">Come posso trarre vantaggio da questo plugin?<\/h3>\r\n\r\n\t\t\t\t\t\t<div class=\"faq-item-question-icon\"><\/div>\r\n\t\t\t\t\t<\/div>\r\n\r\n\t\t\t\t\t<div class=\"faq-item-answer\">\r\n\t\t\t\t\t\t<div class=\"faq-item-answer-text\"> <p>Le recensioni lasciate da persone reali sembrano credibili agli utenti del tuo sito e mostrano loro che la tua azienda \u00e8 affidabile. Una valutazione elevata e impressioni eccellenti possono aiutarti ad aumentare le vendite dal tuo sito web. Inoltre, il pulsante attivo pu\u00f2 contribuire a ricevere pi\u00f9 recensioni da parte degli utenti sulla tua attivit\u00e0 su Airbnb. <\/p> <\/div>\r\n\t\t\t\t\t<\/div>\r\n\t\t\t\t<\/div> <div class=\"faq-item\">\r\n\t\t\t\t\t<div class=\"faq-item-question\">\r\n\t\t\t\t\t\t<h3 class=\"faq-item-question-text\">Di cosa ho bisogno per incorporare le recensioni di Airbnb nel mio sito web OpenCart?<\/h3>\r\n\r\n\t\t\t\t\t\t<div class=\"faq-item-question-icon\"><\/div>\r\n\t\t\t\t\t<\/div>\r\n\r\n\t\t\t\t\t<div class=\"faq-item-answer\">\r\n\t\t\t\t\t\t<div class=\"faq-item-answer-text\"> <p>Ci vogliono solo tre minuti di tempo per avere il widget attivo e funzionante. L&#8217;incorporamento \u00e8 davvero veloce, gratuito e senza codifica. <\/p> <ol><li>C&#8217;\u00e8 un&#8217;opzione per posizionare il widget sulla pagina web tramite il nostro servizio. Basta usare la guida qui sotto in questa pagina. <\/li> <li>Il widget pu\u00f2 essere introdotto tramite il nostro servizio o tramite il marketplace. Puoi conoscere tutti i dettagli di queste opzioni e sceglierne una pi\u00f9 adatta. <\/li> <\/ol> <\/div>\r\n\t\t\t\t\t<\/div>\r\n\t\t\t\t<\/div> <\/div> <\/div> <div class=\"application-platform-content-item-features application-platform-content-item\" id=\"features\" data-nav-section=\"features\"> <h2>Caratteristiche<\/h2> <p>Per acquisire una migliore conoscenza delle recensioni di Airbnb, scopri l&#8217;elenco delle sue caratteristiche essenziali. Rendono il widget estremamente vantaggioso per il tuo sito web: <\/p> <ul> <li>Quattro layout pronti all&#8217;uso: Elenco, Griglia, Massoneria e Slider; <\/li> <li>Il pulsante attivo per aggiungere un&#8217;altra recensione indirizza le persone alla pagina Airbnb; <\/li> <li>Due opzioni di scenari di rifiuto della richiesta di revisione: rivelare il messaggio o nascondere il pulsante. <\/li> <\/ul><p><a href=\"#demo\">Per controllare un elenco completo delle funzionalit\u00e0, guarda la nostra demo live<\/a><\/p> <\/div> <div class=\"application-platform-content-item-installation  application-platform-content-item\" id=\"installation \" data-nav-section=\"installation \"> <h2>Scopri come incorporare le recensioni di Airbnb nel tuo sito web OpenCart<\/h2> <p> Un paio di semplici azioni sono l&#8217;unica cosa di cui hai bisogno per avere il widget Recensioni di Airbnb attivo. <\/p> <ol><li><b>Esegui la nostra demo gratuita e inizia a dare forma alla tua estensione Recensioni personalizzata. <\/b><br> Determina la disposizione selezionata e le prestazioni dell&#8217;estensione e salva tutte le modifiche. <\/li> <li><b>Acquisisci il codice univoco mostrato nel riquadro delle app Elfsight. <\/b><br> Non appena la creazione della tua estensione \u00e8 completata, copia il codice nella casella visualizzata e conservalo per un ulteriore utilizzo. <\/li> <li><b>Avvia l&#8217;utilizzo dell&#8217;estensione sul sito OpenCart. <\/b><br> Incolla il codice salvato in precedenza nel tuo sito web e applica le modifiche. <\/li> <li><b>Il gioco \u00e8 fatto! L&#8217;incorporamento \u00e8 stato eseguito con successo. <\/b><br> Apri la tua pagina web per dare un&#8217;occhiata al funzionamento dell&#8217;estensione. <\/li><\/ol><p>Non hai ancora deciso? O ti sei imbattuto in qualcosa? Basta una singola richiesta al nostro team di supporto per risolvere ogni problema. <\/p> <\/div>","protected":false},"excerpt":{"rendered":"","protected":false},"author":9,"featured_media":0,"parent":2411,"menu_order":0,"comment_status":"closed","ping_status":"closed","template":"templates\/template-application-platform.php","meta":{"publish_to_discourse":"","publish_post_category":"","wpdc_auto_publish_overridden":"","wpdc_topic_tags":"","wpdc_pin_topic":"","wpdc_pin_until":"","discourse_post_id":"","discourse_permalink":"","wpdc_publishing_response":"","wpdc_publishing_error":"","footnotes":""},"class_list":["post-3370","page","type-page","status-publish","hentry"],"yoast_head":"<!-- This site is optimized with the Yoast SEO plugin v25.3.1 - https:\/\/yoast.com\/wordpress\/plugins\/seo\/ -->\n<title>Incorpora le recensioni di Airbnb sul tuo sito web OpenCart (2026)<\/title>\n<meta name=\"description\" content=\"\u00c8 semplicissimo progettare il tuo widget Recensioni Airbnb e visualizzarlo sul tuo sito OpenCart. L&#039;assistenza clienti Elfsight \u00e8 gratuita.\" \/>\n<meta name=\"robots\" content=\"index, follow, max-snippet:-1, max-image-preview:large, max-video-preview:-1\" \/>\n<link rel=\"canonical\" href=\"https:\/\/elfsight.com\/it\/airbnb-reviews-widget\/opencart\/\" \/>\n<meta property=\"og:locale\" content=\"it_IT\" \/>\n<meta property=\"og:type\" content=\"article\" \/>\n<meta property=\"og:title\" content=\"Incorpora le recensioni di Airbnb sul tuo sito web OpenCart (2026)\" \/>\n<meta property=\"og:description\" content=\"\u00c8 semplicissimo progettare il tuo widget Recensioni Airbnb e visualizzarlo sul tuo sito OpenCart. L&#039;assistenza clienti Elfsight \u00e8 gratuita.\" \/>\n<meta property=\"og:url\" content=\"https:\/\/elfsight.com\/it\/airbnb-reviews-widget\/opencart\/\" \/>\n<meta property=\"og:site_name\" content=\"Elfsight IT\" \/>\n<meta property=\"article:modified_time\" content=\"2024-11-12T08:40:33+00:00\" \/>\n<meta name=\"twitter:card\" content=\"summary_large_image\" \/>\n<meta name=\"twitter:label1\" content=\"Tempo di lettura stimato\" \/>\n\t<meta name=\"twitter:data1\" content=\"3 minuti\" \/>\n<!-- \/ Yoast SEO plugin. -->","yoast_head_json":{"title":"Incorpora le recensioni di Airbnb sul tuo sito web OpenCart (2026)","description":"\u00c8 semplicissimo progettare il tuo widget Recensioni Airbnb e visualizzarlo sul tuo sito OpenCart. L'assistenza clienti Elfsight \u00e8 gratuita.","robots":{"index":"index","follow":"follow","max-snippet":"max-snippet:-1","max-image-preview":"max-image-preview:large","max-video-preview":"max-video-preview:-1"},"canonical":"https:\/\/elfsight.com\/it\/airbnb-reviews-widget\/opencart\/","og_locale":"it_IT","og_type":"article","og_title":"Incorpora le recensioni di Airbnb sul tuo sito web OpenCart (2026)","og_description":"\u00c8 semplicissimo progettare il tuo widget Recensioni Airbnb e visualizzarlo sul tuo sito OpenCart. L'assistenza clienti Elfsight \u00e8 gratuita.","og_url":"https:\/\/elfsight.com\/it\/airbnb-reviews-widget\/opencart\/","og_site_name":"Elfsight IT","article_modified_time":"2024-11-12T08:40:33+00:00","twitter_card":"summary_large_image","twitter_misc":{"Tempo di lettura stimato":"3 minuti"},"schema":{"@context":"https:\/\/schema.org","@graph":[{"@type":"WebPage","@id":"https:\/\/elfsight.com\/it\/airbnb-reviews-widget\/opencart\/","url":"https:\/\/elfsight.com\/it\/airbnb-reviews-widget\/opencart\/","name":"Incorpora le recensioni di Airbnb sul tuo sito web OpenCart (2026)","isPartOf":{"@id":"https:\/\/elfsight.com\/it\/#website"},"datePublished":"2024-05-03T06:26:27+00:00","dateModified":"2024-11-12T08:40:33+00:00","description":"\u00c8 semplicissimo progettare il tuo widget Recensioni Airbnb e visualizzarlo sul tuo sito OpenCart. L'assistenza clienti Elfsight \u00e8 gratuita.","breadcrumb":{"@id":"https:\/\/elfsight.com\/it\/airbnb-reviews-widget\/opencart\/#breadcrumb"},"inLanguage":"it-IT","potentialAction":[{"@type":"ReadAction","target":["https:\/\/elfsight.com\/it\/airbnb-reviews-widget\/opencart\/"]}]},{"@type":"BreadcrumbList","@id":"https:\/\/elfsight.com\/it\/airbnb-reviews-widget\/opencart\/#breadcrumb","itemListElement":[{"@type":"ListItem","position":1,"name":"Home","item":"https:\/\/elfsight.com\/it\/"},{"@type":"ListItem","position":2,"name":"Airbnb Reviews","item":"https:\/\/elfsight.com\/it\/airbnb-reviews-widget\/"},{"@type":"ListItem","position":3,"name":"Airbnb Reviews &#8211; OpenCart"}]},{"@type":"WebSite","@id":"https:\/\/elfsight.com\/it\/#website","url":"https:\/\/elfsight.com\/it\/","name":"Elfsight IT","description":"Just another Elfsight Sites site","potentialAction":[{"@type":"SearchAction","target":{"@type":"EntryPoint","urlTemplate":"https:\/\/elfsight.com\/it\/?s={search_term_string}"},"query-input":{"@type":"PropertyValueSpecification","valueRequired":true,"valueName":"search_term_string"}}],"inLanguage":"it-IT"}]}},"meta_box":{"industry":"","seo_heading":"","heading":"","description":"","cta_heading":"","cta_description":"","application":"2410","h1":"Recensioni di Airbnb OpenCart","h1_caption":"Visualizza le recensioni dal tuo annuncio Airbnb per attirare pi\u00f9 ospiti con feedback autentici nel tuo sito web Opencart.","application_category":[],"applications_title":"","applications_request_title":"","applications_request_button_text":"","hero_text":"","hero_video":"","hero_video_schema_markup":"","selling_points_title":"","selling_points_caption":"","selling_points":[],"selling_points_cta_text":"","features_title":"","features":"","ed_cta_examples_text":"","ed_cta_examples_hidden":"","ed_cta_demo_text":"","ed_cta_demo_hidden":"","why_caption":"","why_editor_title":"","why_editor_text":"","why_team_title":"","why_team_text":"","why_service_title":"","why_service_text":"","template_catalog_visible":"","template_catalog_title":"","template_catalog_text":"","template_catalog_categories_visible":"","demo_title":"Crea la tua estensione per le recensioni di Airbnb","demo_caption":"Configura le tue recensioni Airbnb e aggiungile gratuitamente al tuo sito OpenCart!","default_faq_hidden":"","app_template_category":[],"platform":"41","template_public_id":"","codecanyon_url":"","codecanyon_item_id":"","codecanyon_price":"","pricing_caption":"","pricing_elfsight_apps_hide_column":"","pricing_elfsight_apps_url":"","pricing_codecanyon_price_caption":"","integration_category":[],"integration_request_title":"","integration_request_cta":"","integration_platform":"","integrations":[],"platform_category":[],"video_schema_markup":"","price":"da $ 0 al mese","trial":"","benefits":[{"text":"Servizio di installazione gratuito"},{"text":"Servizio clienti professionale"},{"text":"Garanzia di rimborso di 14 giorni"},{"text":"Aggiornamenti gratuiti continui"}],"button_url":"#demo","button_target_blank":"","button_nofollow":"","attributes":[{"name":"Installazioni"},{"name":"Reattivo","content":"S\u00cc"},{"name":"Browser compatibili","content":"Firefox, Safari, Opera, Chrome, Edge"}],"tags":[],"tags_disable_links":"","hide_more_platforms":"","video_object":"","demo_hide_cta":"","demo_hide_cloud_options":"","pricing_title":"","pricing":[{"pricing_icon":"platform","pricing_title":"Elfsight Apps","pricing_title_caption":"Versione indipendente dalla piattaforma adatta a qualsiasi sito web","pricing_price":"da $ 0 \/ mese","pricing_price_caption":"inizia con il piano gratuito","pricing_benefits":[{"text":"Siti web illimitati"},{"text":"Supporto aziendale professionale"},{"text":"Servizio di installazione gratuito"},{"text":"Progettazione flessibile"}],"pricing_button_text":"Aggiungi al sito web","pricing_button_url":"#demo"}],"related_apps_title":"","related_apps_hidden":"","author":"","image":[],"title":"","job":"","social_networks":[]},"_links":{"self":[{"href":"https:\/\/elfsight.com\/it\/wp-json\/wp\/v2\/pages\/3370","targetHints":{"allow":["GET"]}}],"collection":[{"href":"https:\/\/elfsight.com\/it\/wp-json\/wp\/v2\/pages"}],"about":[{"href":"https:\/\/elfsight.com\/it\/wp-json\/wp\/v2\/types\/page"}],"author":[{"embeddable":true,"href":"https:\/\/elfsight.com\/it\/wp-json\/wp\/v2\/users\/9"}],"replies":[{"embeddable":true,"href":"https:\/\/elfsight.com\/it\/wp-json\/wp\/v2\/comments?post=3370"}],"version-history":[{"count":1,"href":"https:\/\/elfsight.com\/it\/wp-json\/wp\/v2\/pages\/3370\/revisions"}],"predecessor-version":[{"id":3374,"href":"https:\/\/elfsight.com\/it\/wp-json\/wp\/v2\/pages\/3370\/revisions\/3374"}],"up":[{"embeddable":true,"href":"https:\/\/elfsight.com\/it\/wp-json\/wp\/v2\/pages\/2411"}],"wp:attachment":[{"href":"https:\/\/elfsight.com\/it\/wp-json\/wp\/v2\/media?parent=3370"}],"curies":[{"name":"wp","href":"https:\/\/api.w.org\/{rel}","templated":true}]}}