{"id":3363,"date":"2024-05-03T06:26:24","date_gmt":"2024-05-03T06:26:24","guid":{"rendered":"https:\/\/elfsight.com\/it\/?page_id=3363"},"modified":"2024-11-12T08:40:24","modified_gmt":"2024-11-12T08:40:24","slug":"magento","status":"publish","type":"page","link":"https:\/\/elfsight.com\/it\/airbnb-reviews-widget\/magento\/","title":{"rendered":"Airbnb Reviews &#8211; Magento"},"content":{"rendered":"<div class=\"application-platform-content-item-description application-platform-content-item\" id=\"description\" data-nav-section=\"description\"> <h2>Descrizione<\/h2> <p>Se hai bisogno di mostrare la tua alta valutazione da parte dei clienti e convincere i visitatori del sito web che vale la pena soggiornare nel tuo alloggio, Il widget Elfsight Airbnb Reviews si adatta perfettamente a te. Utilizzando il nostro strumento, inserirai rapidamente le recensioni dei clienti di Airbnb sul tuo sito web con informazioni sui loro autori, le filtrerai per dimostrare solo positive, mostrerai valutazioni e il pulsante di richiesta di recensione, che porter\u00e0 gli utenti al tuo account Airbnb, in modo che possano condividere un&#8217;altra recensione. <\/p> <div class=\"faq\" data-component=\"FAQ\"><div class=\"faq-item\">\r\n\t\t\t\t\t<div class=\"faq-item-question\">\r\n\t\t\t\t\t\t<h3 class=\"faq-item-question-text\">Dove posso aggiungere il widget<\/h3>\r\n\r\n\t\t\t\t\t\t<div class=\"faq-item-question-icon\"><\/div>\r\n\t\t\t\t\t<\/div>\r\n\r\n\t\t\t\t\t<div class=\"faq-item-answer\">\r\n\t\t\t\t\t\t<div class=\"faq-item-answer-text\"> <p>Il nostro widget pu\u00f2 essere incorporato in qualsiasi pagina, dove desideri mostrare il tuo alto apprezzamento e popolarit\u00e0 tra i clienti. Se ne hai bisogno su tutte le pagine del sito, puoi facilmente incollarlo nel modello del sito web. <\/p> <\/div>\r\n\t\t\t\t\t<\/div>\r\n\t\t\t\t<\/div><div class=\"faq-item\">\r\n\t\t\t\t\t<div class=\"faq-item-question\">\r\n\t\t\t\t\t\t<h3 class=\"faq-item-question-text\">Come potrei trarre vantaggio dalle recensioni di Airbnb?<\/h3>\r\n\r\n\t\t\t\t\t\t<div class=\"faq-item-question-icon\"><\/div>\r\n\t\t\t\t\t<\/div>\r\n\r\n\t\t\t\t\t<div class=\"faq-item-answer\">\r\n\t\t\t\t\t\t<div class=\"faq-item-answer-text\"> <p>Le recensioni di persone reali sono perfettamente affidabili per i visitatori del tuo sito e indicano loro che la tua azienda \u00e8 affidabile. Una valutazione elevata e buone impressioni possono aiutare ad aumentare il livello delle vendite dal tuo sito web. Inoltre, il pulsante di reindirizzamento pu\u00f2 contribuire ad avere pi\u00f9 recensioni dei clienti sulla tua attivit\u00e0 su Airbnb. <\/p> <\/div>\r\n\t\t\t\t\t<\/div>\r\n\t\t\t\t<\/div> <div class=\"faq-item\">\r\n\t\t\t\t\t<div class=\"faq-item-question\">\r\n\t\t\t\t\t\t<h3 class=\"faq-item-question-text\">Di cosa ho bisogno per aggiungere recensioni Airbnb sul mio sito Magento?<\/h3>\r\n\r\n\t\t\t\t\t\t<div class=\"faq-item-question-icon\"><\/div>\r\n\t\t\t\t\t<\/div>\r\n\r\n\t\t\t\t\t<div class=\"faq-item-answer\">\r\n\t\t\t\t\t\t<div class=\"faq-item-answer-text\"> <p>Avrai bisogno solo di un paio di minuti per incorporare il widget. Il processo \u00e8 super veloce, gratuito e senza codifica. <\/p> <ol><li>Puoi incollare le recensioni di Airbnb sul tuo sito web direttamente tramite il nostro servizio. Basta vedere le istruzioni riportate di seguito in questa pagina. <\/li> <li>Le recensioni di Elfsight Airbnb possono essere inserite direttamente sul nostro servizio o tramite marketplace. Puoi confrontare le due varianti e scegliere la tua. <\/li> <\/ol> <\/div>\r\n\t\t\t\t\t<\/div>\r\n\t\t\t\t<\/div> <\/div> <\/div> <div class=\"application-platform-content-item-features application-platform-content-item\" id=\"features\" data-nav-section=\"features\"> <h2>Caratteristiche<\/h2> <p>Per avere una percezione pi\u00f9 chiara del widget, consultare la elenco delle sue funzioni pi\u00f9 importanti. Rendono il nostro widget davvero efficace per il tuo negozio: <\/p> <ul> <li>4 tipi di layout: Elenco, Griglia, Massoneria e Slider; <\/li> <li>Un&#8217;opzione per mostrare o nascondere l&#8217;intestazione del widget; <\/li> <li>Due opzioni di scenari di rifiuto della richiesta di revisione: visualizzare il messaggio o rimuovere il pulsante. <\/li> <\/ul><p><a href=\"#demo\">Per scoprire tutte le funzionalit\u00e0, guarda la nostra demo<\/a><\/p> <\/div> <div class=\"application-platform-content-item-installation application-platform-content-item\" id=\"installation\" data-nav-section=\"installation\"> <h2>Scopri come incorporare le recensioni di Airbnb nel tuo sito Magento<\/h2> <p>Le seguenti azioni sono l&#8217;unica cosa che devi fare per iniziare a utilizzare il widget. <\/p> <ol><li><b>Esegui il nostro configuratore gratuito e inizia a creare la tua estensione personalizzata. <\/b><br> Determina la forma preferibile e le specifiche dell&#8217;estensione e salva tutte le modifiche. <\/li> <li><b>Copia il codice univoco che appare nel riquadro su Elfsight Apps. <\/b><br> Una volta completata la generazione della tua estensione personale, copia il codice esclusivo nel popup visualizzato e salvalo per un uso successivo. <\/li> <li><b>Avvia l&#8217;utilizzo dell&#8217;estensione sul tuo sito web Magento. <\/b><br> Integra il codice che hai salvato in precedenza nel tuo sito e salva le correzioni. <\/li> <li><b>L&#8217;installazione \u00e8 terminata con successo. <\/b><br> Apri la tua pagina web per verificare il rendimento dell&#8217;estensione. <\/li><\/ol><p>Ancora indeciso? O ti sei imbattuto in qualcosa? Basta inviare la tua richiesta al nostro servizio clienti per aiutarti con ogni domanda. <\/p> <\/div>","protected":false},"excerpt":{"rendered":"","protected":false},"author":9,"featured_media":0,"parent":2411,"menu_order":0,"comment_status":"closed","ping_status":"closed","template":"templates\/template-application-platform.php","meta":{"publish_to_discourse":"","publish_post_category":"","wpdc_auto_publish_overridden":"","wpdc_topic_tags":"","wpdc_pin_topic":"","wpdc_pin_until":"","discourse_post_id":"","discourse_permalink":"","wpdc_publishing_response":"","wpdc_publishing_error":"","footnotes":""},"class_list":["post-3363","page","type-page","status-publish","hentry"],"yoast_head":"<!-- This site is optimized with the Yoast SEO plugin v25.3.1 - https:\/\/yoast.com\/wordpress\/plugins\/seo\/ -->\n<title>Incorpora le recensioni di Airbnb sul tuo sito web Magento (2025)<\/title>\n<meta name=\"description\" content=\"Ecco la possibilit\u00e0 di costruire un widget per le recensioni di Airbnb e incorporarlo nel tuo sito web Magento. Ottieni supporto clienti gratuito e altri bonus da Elfsight.\" \/>\n<meta name=\"robots\" content=\"index, follow, max-snippet:-1, max-image-preview:large, max-video-preview:-1\" \/>\n<link rel=\"canonical\" href=\"https:\/\/elfsight.com\/it\/airbnb-reviews-widget\/magento\/\" \/>\n<meta property=\"og:locale\" content=\"it_IT\" \/>\n<meta property=\"og:type\" content=\"article\" \/>\n<meta property=\"og:title\" content=\"Incorpora le recensioni di Airbnb sul tuo sito web Magento (2025)\" \/>\n<meta property=\"og:description\" content=\"Ecco la possibilit\u00e0 di costruire un widget per le recensioni di Airbnb e incorporarlo nel tuo sito web Magento. Ottieni supporto clienti gratuito e altri bonus da Elfsight.\" \/>\n<meta property=\"og:url\" content=\"https:\/\/elfsight.com\/it\/airbnb-reviews-widget\/magento\/\" \/>\n<meta property=\"og:site_name\" content=\"Elfsight IT\" \/>\n<meta property=\"article:modified_time\" content=\"2024-11-12T08:40:24+00:00\" \/>\n<meta name=\"twitter:card\" content=\"summary_large_image\" \/>\n<meta name=\"twitter:label1\" content=\"Tempo di lettura stimato\" \/>\n\t<meta name=\"twitter:data1\" content=\"3 minuti\" \/>\n<!-- \/ Yoast SEO plugin. -->","yoast_head_json":{"title":"Incorpora le recensioni di Airbnb sul tuo sito web Magento (2025)","description":"Ecco la possibilit\u00e0 di costruire un widget per le recensioni di Airbnb e incorporarlo nel tuo sito web Magento. Ottieni supporto clienti gratuito e altri bonus da Elfsight.","robots":{"index":"index","follow":"follow","max-snippet":"max-snippet:-1","max-image-preview":"max-image-preview:large","max-video-preview":"max-video-preview:-1"},"canonical":"https:\/\/elfsight.com\/it\/airbnb-reviews-widget\/magento\/","og_locale":"it_IT","og_type":"article","og_title":"Incorpora le recensioni di Airbnb sul tuo sito web Magento (2025)","og_description":"Ecco la possibilit\u00e0 di costruire un widget per le recensioni di Airbnb e incorporarlo nel tuo sito web Magento. Ottieni supporto clienti gratuito e altri bonus da Elfsight.","og_url":"https:\/\/elfsight.com\/it\/airbnb-reviews-widget\/magento\/","og_site_name":"Elfsight IT","article_modified_time":"2024-11-12T08:40:24+00:00","twitter_card":"summary_large_image","twitter_misc":{"Tempo di lettura stimato":"3 minuti"},"schema":{"@context":"https:\/\/schema.org","@graph":[{"@type":"WebPage","@id":"https:\/\/elfsight.com\/it\/airbnb-reviews-widget\/magento\/","url":"https:\/\/elfsight.com\/it\/airbnb-reviews-widget\/magento\/","name":"Incorpora le recensioni di Airbnb sul tuo sito web Magento (2025)","isPartOf":{"@id":"https:\/\/elfsight.com\/it\/#website"},"datePublished":"2024-05-03T06:26:24+00:00","dateModified":"2024-11-12T08:40:24+00:00","description":"Ecco la possibilit\u00e0 di costruire un widget per le recensioni di Airbnb e incorporarlo nel tuo sito web Magento. Ottieni supporto clienti gratuito e altri bonus da Elfsight.","breadcrumb":{"@id":"https:\/\/elfsight.com\/it\/airbnb-reviews-widget\/magento\/#breadcrumb"},"inLanguage":"it-IT","potentialAction":[{"@type":"ReadAction","target":["https:\/\/elfsight.com\/it\/airbnb-reviews-widget\/magento\/"]}]},{"@type":"BreadcrumbList","@id":"https:\/\/elfsight.com\/it\/airbnb-reviews-widget\/magento\/#breadcrumb","itemListElement":[{"@type":"ListItem","position":1,"name":"Home","item":"https:\/\/elfsight.com\/it\/"},{"@type":"ListItem","position":2,"name":"Airbnb Reviews","item":"https:\/\/elfsight.com\/it\/airbnb-reviews-widget\/"},{"@type":"ListItem","position":3,"name":"Airbnb Reviews &#8211; Magento"}]},{"@type":"WebSite","@id":"https:\/\/elfsight.com\/it\/#website","url":"https:\/\/elfsight.com\/it\/","name":"Elfsight IT","description":"Just another Elfsight Sites site","potentialAction":[{"@type":"SearchAction","target":{"@type":"EntryPoint","urlTemplate":"https:\/\/elfsight.com\/it\/?s={search_term_string}"},"query-input":{"@type":"PropertyValueSpecification","valueRequired":true,"valueName":"search_term_string"}}],"inLanguage":"it-IT"}]}},"meta_box":{"industry":"","seo_heading":"","heading":"","description":"","cta_heading":"","cta_description":"","application":"2410","h1":"Recensioni di Magento Airbnb","h1_caption":"Visualizza le recensioni dal tuo annuncio Airbnb per attirare pi\u00f9 ospiti con feedback autentici nel tuo sito web Magento.","application_category":[],"applications_title":"","applications_request_title":"","applications_request_button_text":"","hero_text":"","hero_video":"","hero_video_schema_markup":"","selling_points_title":"","selling_points_caption":"","selling_points":[],"selling_points_cta_text":"","features_title":"","features":"","ed_cta_examples_text":"","ed_cta_examples_hidden":"","ed_cta_demo_text":"","ed_cta_demo_hidden":"","why_caption":"","why_editor_title":"","why_editor_text":"","why_team_title":"","why_team_text":"","why_service_title":"","why_service_text":"","template_catalog_visible":"","template_catalog_title":"","template_catalog_text":"","template_catalog_categories_visible":"","demo_title":"Crea la tua estensione per le recensioni di Airbnb","demo_caption":"Configura le tue recensioni Airbnb e aggiungile gratuitamente al tuo sito Magento!","default_faq_hidden":"","app_template_category":[],"platform":"39","template_public_id":"","codecanyon_url":"","codecanyon_item_id":"","codecanyon_price":"","pricing_caption":"","pricing_elfsight_apps_hide_column":"","pricing_elfsight_apps_url":"","pricing_codecanyon_price_caption":"","integration_category":[],"integration_request_title":"","integration_request_cta":"","integration_platform":"","integrations":[],"platform_category":[],"video_schema_markup":"","price":"da $ 0 al mese","trial":"","benefits":[{"text":"Servizio di installazione gratuito"},{"text":"Supporto premium"},{"text":"Garanzia di rimborso di 14 giorni"},{"text":"Miglioramenti a vita"}],"button_url":"#demo","button_target_blank":"","button_nofollow":"","attributes":[{"name":"Installazioni"},{"name":"Reattivo","content":"S\u00cc"},{"name":"Browser compatibili","content":"Firefox, Safari, Opera, Chrome, Edge"}],"tags":[],"tags_disable_links":"","hide_more_platforms":"","video_object":"","demo_hide_cta":"","demo_hide_cloud_options":"","pricing_title":"","pricing":[{"pricing_icon":"platform","pricing_title":"Elfsight Apps","pricing_title_caption":"Versione multipiattaforma adatta a qualsiasi sito web","pricing_price":"da $ 0 \/ mese","pricing_price_caption":"inizia con un piano gratuito","pricing_benefits":[{"text":"Domini illimitati"},{"text":"Supporto aziendale dedicato e ben documentato"},{"text":"Aiuto per l'installazione gratuito"},{"text":"100% personalizzabile"}],"pricing_button_text":"Aggiungi al sito web","pricing_button_url":"#demo"}],"related_apps_title":"","related_apps_hidden":"","author":"","image":[],"title":"","job":"","social_networks":[]},"_links":{"self":[{"href":"https:\/\/elfsight.com\/it\/wp-json\/wp\/v2\/pages\/3363","targetHints":{"allow":["GET"]}}],"collection":[{"href":"https:\/\/elfsight.com\/it\/wp-json\/wp\/v2\/pages"}],"about":[{"href":"https:\/\/elfsight.com\/it\/wp-json\/wp\/v2\/types\/page"}],"author":[{"embeddable":true,"href":"https:\/\/elfsight.com\/it\/wp-json\/wp\/v2\/users\/9"}],"replies":[{"embeddable":true,"href":"https:\/\/elfsight.com\/it\/wp-json\/wp\/v2\/comments?post=3363"}],"version-history":[{"count":1,"href":"https:\/\/elfsight.com\/it\/wp-json\/wp\/v2\/pages\/3363\/revisions"}],"predecessor-version":[{"id":3367,"href":"https:\/\/elfsight.com\/it\/wp-json\/wp\/v2\/pages\/3363\/revisions\/3367"}],"up":[{"embeddable":true,"href":"https:\/\/elfsight.com\/it\/wp-json\/wp\/v2\/pages\/2411"}],"wp:attachment":[{"href":"https:\/\/elfsight.com\/it\/wp-json\/wp\/v2\/media?parent=3363"}],"curies":[{"name":"wp","href":"https:\/\/api.w.org\/{rel}","templated":true}]}}