{"id":3362,"date":"2024-05-03T06:26:23","date_gmt":"2024-05-03T06:26:23","guid":{"rendered":"https:\/\/elfsight.com\/it\/?page_id=3362"},"modified":"2024-11-12T08:40:24","modified_gmt":"2024-11-12T08:40:24","slug":"jquery","status":"publish","type":"page","link":"https:\/\/elfsight.com\/it\/airbnb-reviews-widget\/jquery\/","title":{"rendered":"Airbnb Reviews &#8211; jQuery"},"content":{"rendered":"<div class=\"application-platform-content-item-description application-platform-content-item\" id=\"description\" data-nav-section=\"description\"> <h2>Descrizione<\/h2> <p>Se desideri mostrare il tuo apprezzamento ai clienti e convincere i visitatori del sito che vale la pena acquistare i tuoi prodotti o servizi , Il widget Elfsight Airbnb Reviews si adatta perfettamente a te. Avendo questo strumento, puoi integrare le recensioni degli utenti di Airbnb nel tuo sito web con le informazioni sui loro autori, ordinarle per rivelare solo quelle buone, aggiungere valutazioni e un pulsante attivo che porter\u00e0 gli utenti sulla tua pagina Airbnb, in modo che possano aggiungere un&#8217;altra recensione. <\/p> <div class=\"faq\" data-component=\"FAQ\"><div class=\"faq-item\">\r\n\t\t\t\t\t<div class=\"faq-item-question\">\r\n\t\t\t\t\t\t<h3 class=\"faq-item-question-text\">Dove posso visualizzare il widget<\/h3>\r\n\r\n\t\t\t\t\t\t<div class=\"faq-item-question-icon\"><\/div>\r\n\t\t\t\t\t<\/div>\r\n\r\n\t\t\t\t\t<div class=\"faq-item-answer\">\r\n\t\t\t\t\t\t<div class=\"faq-item-answer-text\"> <p>Puoi incollare il widget in qualsiasi pagina del sito Web o incollarlo nel modello del sito e verr\u00e0 visualizzato su tutte le pagine . Le recensioni sono efficaci sulle pagine dei prodotti o sulla pagina Chi siamo, dove devi vantare la tua valutazione elevata. <\/p> <\/div>\r\n\t\t\t\t\t<\/div>\r\n\t\t\t\t<\/div><div class=\"faq-item\">\r\n\t\t\t\t\t<div class=\"faq-item-question\">\r\n\t\t\t\t\t\t<h3 class=\"faq-item-question-text\">Come posso trarre vantaggio da questo plugin?<\/h3>\r\n\r\n\t\t\t\t\t\t<div class=\"faq-item-question-icon\"><\/div>\r\n\t\t\t\t\t<\/div>\r\n\r\n\t\t\t\t\t<div class=\"faq-item-answer\">\r\n\t\t\t\t\t\t<div class=\"faq-item-answer-text\"> <p>Le recensioni pubblicate da persone reali sono perfettamente affidabili per i clienti del tuo sito web e significano per loro che la tua attivit\u00e0 \u00e8 affidabile. Una valutazione elevata e recensioni eccellenti possono aiutarti ad aumentare le vendite dal tuo sito web. Inoltre, il pulsante di reindirizzamento contribuir\u00e0 ad avere pi\u00f9 recensioni dei clienti sui tuoi servizi di alloggio su Airbnb. <\/p> <\/div>\r\n\t\t\t\t\t<\/div>\r\n\t\t\t\t<\/div> <div class=\"faq-item\">\r\n\t\t\t\t\t<div class=\"faq-item-question\">\r\n\t\t\t\t\t\t<h3 class=\"faq-item-question-text\">Come posso aggiungere recensioni di Airbnb al mio sito web jQuery? <\/h3>\r\n\r\n\t\t\t\t\t\t<div class=\"faq-item-question-icon\"><\/div>\r\n\t\t\t\t\t<\/div>\r\n\r\n\t\t\t\t\t<div class=\"faq-item-answer\">\r\n\t\t\t\t\t\t<div class=\"faq-item-answer-text\"> <p>Ci vogliono tre minuti del tuo tempo per avere il widget attivo e funzionante. \u00c8 super veloce, gratuito e non richiede codifica. <\/p> <ol><li>Puoi integrare le recensioni di Airbnb alla tua pagina web tramite il nostro servizio. Basta seguire i passaggi della breve descrizione di seguito in questa pagina. <\/li> <li>Le recensioni di Elfsight Airbnb possono essere aggiunte tramite il nostro servizio o tramite il marketplace. Puoi conoscere i vantaggi di queste varianti e selezionarne una pi\u00f9 adatta. <\/li> <\/ol> <\/div>\r\n\t\t\t\t\t<\/div>\r\n\t\t\t\t<\/div> <\/div> <\/div> <div class=\"application-platform-content-item-features application-platform-content-item\" id=\"features\" data-nav-section=\"features\"> <h2>Caratteristiche<\/h2> <p>Per avere una conoscenza chiara delle recensioni di Airbnb, guarda l&#8217;elenco delle sue principali caratteristiche. Rendono il widget davvero efficace per te:<\/p> <ul> <li>Tre filtri predefiniti: per tipo, esclusione per e quantit\u00e0 di recensioni da visualizzare; <\/li> <li>Il pulsante di richiesta di revisione porta i visitatori alla pagina Airbnb; <\/li> <li>Due possibili scenari di rifiuto della richiesta di revisione: mostrare un messaggio personalizzato o nascondere il pulsante. <\/li> <\/ul><p><a href=\"#demo\">La nostra demo dal vivo ti riveler\u00e0 pi\u00f9 funzionalit\u00e0<\/a><\/p> <\/div> <div class=\"application-platform-content-item-installation application-platform-content-item\" id=\"installation\" data-nav-section=\"installation\"> <h2>Verifica come introdurre le recensioni di Airbnb nel tuo sito jQuery<\/h2> <p>Un paio di rapidi passaggi sono l&#8217;unica cosa che devi dimostrare.<\/p> <ol><li><b>Crea la tua recensione personale Plugin per recensioni di Airbnb<\/b><br> Gestisci il nostro configuratore gratuito, crea un plugin con il layout e le funzionalit\u00e0 che preferisci.<\/li><li><b>Ricevi il codice individuale per integrare il plugin<\/b><br> Dopo aver creato il tuo widget, otterrai il codice individuale dalla finestra che appare su Elfsight Apps. Copia il codice per un uso successivo.<\/li> <li><b>Visualizza il plug-in sul tuo sito web jQuery<\/b><br> Scegli il luogo in cui prevedi di incorporare il plug-in e incolla l\u00ec il codice copiato. Pubblica le modifiche. <\/li> <li><b>La configurazione \u00e8 completata<\/b><br> Vai al sito web per dare un&#8217;occhiata al tuo lavoro.<\/li> <\/ol><p>Hai ancora qualcosa che ti rende incerto? Oppure hai domande da porre? Basta scrivere una richiesta al nostro team di assistenza clienti. <\/p> <\/div>","protected":false},"excerpt":{"rendered":"","protected":false},"author":9,"featured_media":0,"parent":2411,"menu_order":0,"comment_status":"closed","ping_status":"closed","template":"templates\/template-application-platform.php","meta":{"publish_to_discourse":"","publish_post_category":"","wpdc_auto_publish_overridden":"","wpdc_topic_tags":"","wpdc_pin_topic":"","wpdc_pin_until":"","discourse_post_id":"","discourse_permalink":"","wpdc_publishing_response":"","wpdc_publishing_error":"","footnotes":""},"class_list":["post-3362","page","type-page","status-publish","hentry"],"yoast_head":"<!-- This site is optimized with the Yoast SEO plugin v25.3.1 - https:\/\/yoast.com\/wordpress\/plugins\/seo\/ -->\n<title>Incorpora le recensioni di Airbnb sul tuo sito web jQuery (in 2 minuti)<\/title>\n<meta name=\"description\" content=\"Ecco la possibilit\u00e0 di creare widget Recensioni Airbnb e integrarlo nel tuo sito Web jQuery. Goditi il \u200b\u200bsupporto clienti gratuito e altri vantaggi di Elfsight.\" \/>\n<meta name=\"robots\" content=\"index, follow, max-snippet:-1, max-image-preview:large, max-video-preview:-1\" \/>\n<link rel=\"canonical\" href=\"https:\/\/elfsight.com\/it\/airbnb-reviews-widget\/jquery\/\" \/>\n<meta property=\"og:locale\" content=\"it_IT\" \/>\n<meta property=\"og:type\" content=\"article\" \/>\n<meta property=\"og:title\" content=\"Incorpora le recensioni di Airbnb sul tuo sito web jQuery (in 2 minuti)\" \/>\n<meta property=\"og:description\" content=\"Ecco la possibilit\u00e0 di creare widget Recensioni Airbnb e integrarlo nel tuo sito Web jQuery. Goditi il \u200b\u200bsupporto clienti gratuito e altri vantaggi di Elfsight.\" \/>\n<meta property=\"og:url\" content=\"https:\/\/elfsight.com\/it\/airbnb-reviews-widget\/jquery\/\" \/>\n<meta property=\"og:site_name\" content=\"Elfsight IT\" \/>\n<meta property=\"article:modified_time\" content=\"2024-11-12T08:40:24+00:00\" \/>\n<meta name=\"twitter:card\" content=\"summary_large_image\" \/>\n<meta name=\"twitter:label1\" content=\"Tempo di lettura stimato\" \/>\n\t<meta name=\"twitter:data1\" content=\"3 minuti\" \/>\n<!-- \/ Yoast SEO plugin. -->","yoast_head_json":{"title":"Incorpora le recensioni di Airbnb sul tuo sito web jQuery (in 2 minuti)","description":"Ecco la possibilit\u00e0 di creare widget Recensioni Airbnb e integrarlo nel tuo sito Web jQuery. Goditi il \u200b\u200bsupporto clienti gratuito e altri vantaggi di Elfsight.","robots":{"index":"index","follow":"follow","max-snippet":"max-snippet:-1","max-image-preview":"max-image-preview:large","max-video-preview":"max-video-preview:-1"},"canonical":"https:\/\/elfsight.com\/it\/airbnb-reviews-widget\/jquery\/","og_locale":"it_IT","og_type":"article","og_title":"Incorpora le recensioni di Airbnb sul tuo sito web jQuery (in 2 minuti)","og_description":"Ecco la possibilit\u00e0 di creare widget Recensioni Airbnb e integrarlo nel tuo sito Web jQuery. Goditi il \u200b\u200bsupporto clienti gratuito e altri vantaggi di Elfsight.","og_url":"https:\/\/elfsight.com\/it\/airbnb-reviews-widget\/jquery\/","og_site_name":"Elfsight IT","article_modified_time":"2024-11-12T08:40:24+00:00","twitter_card":"summary_large_image","twitter_misc":{"Tempo di lettura stimato":"3 minuti"},"schema":{"@context":"https:\/\/schema.org","@graph":[{"@type":"WebPage","@id":"https:\/\/elfsight.com\/it\/airbnb-reviews-widget\/jquery\/","url":"https:\/\/elfsight.com\/it\/airbnb-reviews-widget\/jquery\/","name":"Incorpora le recensioni di Airbnb sul tuo sito web jQuery (in 2 minuti)","isPartOf":{"@id":"https:\/\/elfsight.com\/it\/#website"},"datePublished":"2024-05-03T06:26:23+00:00","dateModified":"2024-11-12T08:40:24+00:00","description":"Ecco la possibilit\u00e0 di creare widget Recensioni Airbnb e integrarlo nel tuo sito Web jQuery. Goditi il \u200b\u200bsupporto clienti gratuito e altri vantaggi di Elfsight.","breadcrumb":{"@id":"https:\/\/elfsight.com\/it\/airbnb-reviews-widget\/jquery\/#breadcrumb"},"inLanguage":"it-IT","potentialAction":[{"@type":"ReadAction","target":["https:\/\/elfsight.com\/it\/airbnb-reviews-widget\/jquery\/"]}]},{"@type":"BreadcrumbList","@id":"https:\/\/elfsight.com\/it\/airbnb-reviews-widget\/jquery\/#breadcrumb","itemListElement":[{"@type":"ListItem","position":1,"name":"Home","item":"https:\/\/elfsight.com\/it\/"},{"@type":"ListItem","position":2,"name":"Airbnb Reviews","item":"https:\/\/elfsight.com\/it\/airbnb-reviews-widget\/"},{"@type":"ListItem","position":3,"name":"Airbnb Reviews &#8211; jQuery"}]},{"@type":"WebSite","@id":"https:\/\/elfsight.com\/it\/#website","url":"https:\/\/elfsight.com\/it\/","name":"Elfsight IT","description":"Just another Elfsight Sites site","potentialAction":[{"@type":"SearchAction","target":{"@type":"EntryPoint","urlTemplate":"https:\/\/elfsight.com\/it\/?s={search_term_string}"},"query-input":{"@type":"PropertyValueSpecification","valueRequired":true,"valueName":"search_term_string"}}],"inLanguage":"it-IT"}]}},"meta_box":{"industry":"","seo_heading":"","heading":"","description":"","cta_heading":"","cta_description":"","application":"2410","h1":"jQuery Recensioni Airbnb","h1_caption":"Visualizza le recensioni dal tuo annuncio Airbnb per attirare pi\u00f9 ospiti con feedback autentici nel tuo sito web jQuery senza sforzo.","application_category":[],"applications_title":"","applications_request_title":"","applications_request_button_text":"","hero_text":"","hero_video":"","hero_video_schema_markup":"","selling_points_title":"","selling_points_caption":"","selling_points":[],"selling_points_cta_text":"","features_title":"","features":"","ed_cta_examples_text":"","ed_cta_examples_hidden":"","ed_cta_demo_text":"","ed_cta_demo_hidden":"","why_caption":"","why_editor_title":"","why_editor_text":"","why_team_title":"","why_team_text":"","why_service_title":"","why_service_text":"","template_catalog_visible":"","template_catalog_title":"","template_catalog_text":"","template_catalog_categories_visible":"","demo_title":"Crea il tuo plugin per le recensioni di Airbnb","demo_caption":"Configura le tue recensioni Airbnb e aggiungile gratuitamente al tuo sito jQuery!","default_faq_hidden":"","app_template_category":[],"platform":"37","template_public_id":"","codecanyon_url":"","codecanyon_item_id":"","codecanyon_price":"","pricing_caption":"","pricing_elfsight_apps_hide_column":"","pricing_elfsight_apps_url":"","pricing_codecanyon_price_caption":"","integration_category":[],"integration_request_title":"","integration_request_cta":"","integration_platform":"","integrations":[],"platform_category":[],"video_schema_markup":"","price":"da $ 0 al mese","trial":"","benefits":[{"text":"Servizio di installazione gratuito"},{"text":"Supporto premium"},{"text":"Garanzia di rimborso di 14 giorni"},{"text":"Sviluppo continuo"}],"button_url":"#demo","button_target_blank":"","button_nofollow":"","attributes":[{"name":"Installazioni"},{"name":"Reattivo","content":"S\u00cc"},{"name":"Browser compatibili","content":"Edge, Firefox, Chrome, Opera, Safari"}],"tags":[],"tags_disable_links":"","hide_more_platforms":"","video_object":"","demo_hide_cta":"","demo_hide_cloud_options":"","pricing_title":"","pricing":[{"pricing_icon":"platform","pricing_title":"Elfsight Apps","pricing_title_caption":"Soluzione digitale multipiattaforma adatta a qualsiasi sito","pricing_price":"da $ 0 \/ mese","pricing_price_caption":"inizia con un piano gratuito","pricing_benefits":[{"text":"Siti web illimitati"},{"text":"Assistenza clienti premium"},{"text":"Aiuto per l'installazione gratuito"},{"text":"Progettazione flessibile"}],"pricing_button_text":"Aggiungi al sito web","pricing_button_url":"#demo"}],"related_apps_title":"","related_apps_hidden":"","author":"","image":[],"title":"","job":"","social_networks":[]},"_links":{"self":[{"href":"https:\/\/elfsight.com\/it\/wp-json\/wp\/v2\/pages\/3362","targetHints":{"allow":["GET"]}}],"collection":[{"href":"https:\/\/elfsight.com\/it\/wp-json\/wp\/v2\/pages"}],"about":[{"href":"https:\/\/elfsight.com\/it\/wp-json\/wp\/v2\/types\/page"}],"author":[{"embeddable":true,"href":"https:\/\/elfsight.com\/it\/wp-json\/wp\/v2\/users\/9"}],"replies":[{"embeddable":true,"href":"https:\/\/elfsight.com\/it\/wp-json\/wp\/v2\/comments?post=3362"}],"version-history":[{"count":1,"href":"https:\/\/elfsight.com\/it\/wp-json\/wp\/v2\/pages\/3362\/revisions"}],"predecessor-version":[{"id":3366,"href":"https:\/\/elfsight.com\/it\/wp-json\/wp\/v2\/pages\/3362\/revisions\/3366"}],"up":[{"embeddable":true,"href":"https:\/\/elfsight.com\/it\/wp-json\/wp\/v2\/pages\/2411"}],"wp:attachment":[{"href":"https:\/\/elfsight.com\/it\/wp-json\/wp\/v2\/media?parent=3362"}],"curies":[{"name":"wp","href":"https:\/\/api.w.org\/{rel}","templated":true}]}}