{"id":3356,"date":"2024-05-03T06:26:21","date_gmt":"2024-05-03T06:26:21","guid":{"rendered":"https:\/\/elfsight.com\/it\/?page_id=3356"},"modified":"2025-03-19T08:10:05","modified_gmt":"2025-03-19T08:10:05","slug":"elementor","status":"publish","type":"page","link":"https:\/\/elfsight.com\/it\/airbnb-reviews-widget\/elementor\/","title":{"rendered":"Airbnb Reviews &#8211; Elementor"},"content":{"rendered":"\n<div class=\"application-platform-content-item-description application-platform-content-item\" id=\"description\" data-nav-section=\"description\"> <h2>Incorpora recensioni Airbnb su Elementor con il widget Elfsight<\/h2> <p>Elfsight Airbnb Reviews \u00e8 uno strumento semplice, che ti aiuta a mostrare sul sito recensioni sui tuoi prodotti o servizi da parte degli utenti di Airbnb. Usando questo widget, sarai in grado di utilizzare filtri per nascondere recensioni indesiderate, vantare le tue valutazioni in stelle e numeri da Airbnb, visualizzare informazioni sugli autori e mostrare un pulsante che reindirizzer\u00e0 i visitatori a scrivere la loro recensione su Airbnb. Le recensioni di Elfsight Airbnb ti aiuteranno a mostrare la tua elevata prova sociale sul sito web e ad aumentare le vendite. <\/p> <div class=\"faq\" data-component=\"FAQ\"><div class=\"faq-item\">\r\n\t\t\t\t\t<div class=\"faq-item-question\">\r\n\t\t\t\t\t\t<h3 class=\"faq-item-question-text\">Dove posso aggiungere questo plugin<\/h3>\r\n\r\n\t\t\t\t\t\t<div class=\"faq-item-question-icon\"><\/div>\r\n\t\t\t\t\t<\/div>\r\n\r\n\t\t\t\t\t<div class=\"faq-item-answer\">\r\n\t\t\t\t\t\t<div class=\"faq-item-answer-text\"> <p>Sei libero di incorporare il widget di revisione su qualsiasi pagina del tuo sito o incollarlo nel modello del sito web e sar\u00e0 visualizzato su tutte le pagine. Le recensioni possono essere efficaci sulle pagine dei prodotti o sulla pagina Chi siamo, aree del sito Web in cui desideri dimostrare la tua valutazione elevata. <\/p> <\/div>\r\n\t\t\t\t\t<\/div>\r\n\t\t\t\t<\/div><div class=\"faq-item\">\r\n\t\t\t\t\t<div class=\"faq-item-question\">\r\n\t\t\t\t\t\t<h3 class=\"faq-item-question-text\">Quali sono i vantaggi di avere il widget per me? <\/h3>\r\n\r\n\t\t\t\t\t\t<div class=\"faq-item-question-icon\"><\/div>\r\n\t\t\t\t\t<\/div>\r\n\r\n\t\t\t\t\t<div class=\"faq-item-answer\">\r\n\t\t\t\t\t\t<div class=\"faq-item-answer-text\"> <p>Le recensioni condivise da persone reali sono della massima affidabilit\u00e0 per i visitatori del tuo sito e dimostrano loro che la tua attivit\u00e0 \u00e8 affidabile compagno. Una valutazione elevata e recensioni eccellenti possono aiutare a rafforzare il livello di vendita sul tuo sito. Inoltre, il pulsante attivo pu\u00f2 contribuire a pi\u00f9 recensioni dei clienti relative alle tue offerte o servizi su Airbnb. <\/p> <\/div>\r\n\t\t\t\t\t<\/div>\r\n\t\t\t\t<\/div> <div class=\"faq-item\">\r\n\t\t\t\t\t<div class=\"faq-item-question\">\r\n\t\t\t\t\t\t<h3 class=\"faq-item-question-text\">Come posso incorporare le recensioni di Airbnb sul mio sito web Elementor? <\/h3>\r\n\r\n\t\t\t\t\t\t<div class=\"faq-item-question-icon\"><\/div>\r\n\t\t\t\t\t<\/div>\r\n\r\n\t\t\t\t\t<div class=\"faq-item-answer\">\r\n\t\t\t\t\t\t<div class=\"faq-item-answer-text\"> <p>Ci vuole un minuto di tempo per impostare il widget. Il processo \u00e8 davvero veloce, gratuito e senza codifica. <\/p> <ol><li>C&#8217;\u00e8 un&#8217;opzione per introdurre le recensioni di Airbnb nella tua pagina web tramite il nostro servizio. Per farlo dovrai consultare la guida qui sotto in questa pagina. <\/li> <li>Le recensioni Elfsight Airbnb possono essere integrate tramite il nostro servizio o tramite il marketplace. Qui puoi conoscere tutti i dettagli di entrambe le varianti e scegliere la tua. <\/li> <\/ol> <\/div>\r\n\t\t\t\t\t<\/div>\r\n\t\t\t\t<\/div> <\/div> <\/div> <div class=\"application-platform-content-item-features application-platform-content-item\" id=\"features\" data-nav-section=\"features\"> <h2>Caratteristiche principali del widget Recensioni di Airbnb<\/h2> <p>Per una comprensione completa delle recensioni di Airbnb, puoi dare un&#8217;occhiata all&#8217;elenco delle funzionalit\u00e0 principali. Rendono il widget davvero vantaggioso per te: <\/p> <ul> <li>3 filtri pronti all&#8217;uso: per tipologia, esclusione per e quantit\u00e0 di recensioni da visualizzare; <\/li> <li>Il pulsante per richiedere una recensione indirizza gli utenti alla tua pagina Airbnb; <\/li> <li>Due scenari alternativi dopo il rifiuto della richiesta di revisione: rivelare un messaggio personalizzato o nascondere il pulsante. <\/li> <\/ul><p><a href=\"#demo\">Per esplorare tutte le funzionalit\u00e0, guarda la nostra demo live<\/a><\/p> <\/div> <div class=\"application-platform-content-item-installation application-platform-content-item\" id=\"installation\" data-nav-section=\"installation\"> <h2>Controlla come incollare le recensioni di Airbnb sul tuo sito Elementor<\/h2><div class=\"video-container\"><iframe width=\"560\" height=\"315\" src=\"https:\/\/www.youtube.com\/embed\/8slWJdqidVY?si=k19hbby8RcrvzYNN\" frameborder=\"0\" allow=\"accelerometer; autoplay; clipboard-write; encrypted-media; gyroscope; picture-in-picture; web-share\" allowfullscreen><\/iframe><\/div><p>Queste diverse azioni sono l&#8217;unica cosa che devi integrare. <\/p> <ol><li><b>Costruisci il tuo plugin Airbnb personalizzato<\/b><br> Nella nostra demo gratuita, crea un plugin con l&#8217;interfaccia e le caratteristiche funzionali che preferisci.<\/li><li><b>Copia il codice individuale per configurare il plugin<\/b><br> Dopo aver personalizzato il tuo widget, acquisirai il codice di installazione dalla finestra visualizzata su Elfsight Apps. Copia questo codice.<\/li> <li><b> Il plugin sul tuo sito web Elementor<\/b><br> Seleziona il luogo in cui desideri mostrare il plugin e inserisci l\u00ec il codice copiato. Applica i risultati.<\/li> <li><b>Fatto!<\/b><br> Vai alla pagina web per visualizzare il tuo lavoro.<\/li> <\/ol><p>Hai ancora dubbi su qualcosa? O ti sei imbattuto in qualcosa? Basta scrivere una richiesta al nostro dipartimento di assistenza clienti. Risolveranno ogni tipo di problema. <\/p> <\/div>\n","protected":false},"excerpt":{"rendered":"","protected":false},"author":9,"featured_media":0,"parent":2411,"menu_order":0,"comment_status":"closed","ping_status":"closed","template":"templates\/template-application-platform.php","meta":{"publish_to_discourse":"","publish_post_category":"","wpdc_auto_publish_overridden":"","wpdc_topic_tags":"","wpdc_pin_topic":"","wpdc_pin_until":"","discourse_post_id":"","discourse_permalink":"","wpdc_publishing_response":"","wpdc_publishing_error":"","footnotes":""},"class_list":["post-3356","page","type-page","status-publish","hentry"],"yoast_head":"<!-- This site is optimized with the Yoast SEO plugin v25.3.1 - https:\/\/yoast.com\/wordpress\/plugins\/seo\/ -->\n<title>Incorpora le recensioni di Airbnb sul tuo sito web Elementor (2025)<\/title>\n<meta name=\"description\" content=\"Creare il tuo widget Recensioni Airbnb \u00e8 facilissimo. Aggiungi il widget al tuo sito Elementor in pochi secondi. Il servizio clienti Elfsight \u00e8 gratuito.\" \/>\n<meta name=\"robots\" content=\"index, follow, max-snippet:-1, max-image-preview:large, max-video-preview:-1\" \/>\n<link rel=\"canonical\" href=\"https:\/\/elfsight.com\/it\/airbnb-reviews-widget\/elementor\/\" \/>\n<meta property=\"og:locale\" content=\"it_IT\" \/>\n<meta property=\"og:type\" content=\"article\" \/>\n<meta property=\"og:title\" content=\"Incorpora le recensioni di Airbnb sul tuo sito web Elementor (2025)\" \/>\n<meta property=\"og:description\" content=\"Creare il tuo widget Recensioni Airbnb \u00e8 facilissimo. Aggiungi il widget al tuo sito Elementor in pochi secondi. Il servizio clienti Elfsight \u00e8 gratuito.\" \/>\n<meta property=\"og:url\" content=\"https:\/\/elfsight.com\/it\/airbnb-reviews-widget\/elementor\/\" \/>\n<meta property=\"og:site_name\" content=\"Elfsight IT\" \/>\n<meta property=\"article:modified_time\" content=\"2025-03-19T08:10:05+00:00\" \/>\n<meta name=\"twitter:card\" content=\"summary_large_image\" \/>\n<meta name=\"twitter:label1\" content=\"Tempo di lettura stimato\" \/>\n\t<meta name=\"twitter:data1\" content=\"3 minuti\" \/>\n<!-- \/ Yoast SEO plugin. -->","yoast_head_json":{"title":"Incorpora le recensioni di Airbnb sul tuo sito web Elementor (2025)","description":"Creare il tuo widget Recensioni Airbnb \u00e8 facilissimo. Aggiungi il widget al tuo sito Elementor in pochi secondi. Il servizio clienti Elfsight \u00e8 gratuito.","robots":{"index":"index","follow":"follow","max-snippet":"max-snippet:-1","max-image-preview":"max-image-preview:large","max-video-preview":"max-video-preview:-1"},"canonical":"https:\/\/elfsight.com\/it\/airbnb-reviews-widget\/elementor\/","og_locale":"it_IT","og_type":"article","og_title":"Incorpora le recensioni di Airbnb sul tuo sito web Elementor (2025)","og_description":"Creare il tuo widget Recensioni Airbnb \u00e8 facilissimo. Aggiungi il widget al tuo sito Elementor in pochi secondi. Il servizio clienti Elfsight \u00e8 gratuito.","og_url":"https:\/\/elfsight.com\/it\/airbnb-reviews-widget\/elementor\/","og_site_name":"Elfsight IT","article_modified_time":"2025-03-19T08:10:05+00:00","twitter_card":"summary_large_image","twitter_misc":{"Tempo di lettura stimato":"3 minuti"},"schema":{"@context":"https:\/\/schema.org","@graph":[{"@type":"WebPage","@id":"https:\/\/elfsight.com\/it\/airbnb-reviews-widget\/elementor\/","url":"https:\/\/elfsight.com\/it\/airbnb-reviews-widget\/elementor\/","name":"Incorpora le recensioni di Airbnb sul tuo sito web Elementor (2025)","isPartOf":{"@id":"https:\/\/elfsight.com\/it\/#website"},"datePublished":"2024-05-03T06:26:21+00:00","dateModified":"2025-03-19T08:10:05+00:00","description":"Creare il tuo widget Recensioni Airbnb \u00e8 facilissimo. Aggiungi il widget al tuo sito Elementor in pochi secondi. Il servizio clienti Elfsight \u00e8 gratuito.","breadcrumb":{"@id":"https:\/\/elfsight.com\/it\/airbnb-reviews-widget\/elementor\/#breadcrumb"},"inLanguage":"it-IT","potentialAction":[{"@type":"ReadAction","target":["https:\/\/elfsight.com\/it\/airbnb-reviews-widget\/elementor\/"]}]},{"@type":"BreadcrumbList","@id":"https:\/\/elfsight.com\/it\/airbnb-reviews-widget\/elementor\/#breadcrumb","itemListElement":[{"@type":"ListItem","position":1,"name":"Home","item":"https:\/\/elfsight.com\/it\/"},{"@type":"ListItem","position":2,"name":"Airbnb Reviews","item":"https:\/\/elfsight.com\/it\/airbnb-reviews-widget\/"},{"@type":"ListItem","position":3,"name":"Airbnb Reviews &#8211; Elementor"}]},{"@type":"WebSite","@id":"https:\/\/elfsight.com\/it\/#website","url":"https:\/\/elfsight.com\/it\/","name":"Elfsight IT","description":"Just another Elfsight Sites site","potentialAction":[{"@type":"SearchAction","target":{"@type":"EntryPoint","urlTemplate":"https:\/\/elfsight.com\/it\/?s={search_term_string}"},"query-input":{"@type":"PropertyValueSpecification","valueRequired":true,"valueName":"search_term_string"}}],"inLanguage":"it-IT"}]}},"meta_box":{"industry":"","seo_heading":"","heading":"","description":"","cta_heading":"","cta_description":"","application":"2410","h1":"Recensioni di Elementor Airbnb","h1_caption":"Visualizza le recensioni dal tuo annuncio Airbnb per attirare pi\u00f9 ospiti con feedback autentici nel tuo sito web Elementor senza sforzo.","application_category":[],"applications_title":"","applications_request_title":"","applications_request_button_text":"","hero_text":"","hero_video":"","hero_video_schema_markup":"","selling_points_title":"","selling_points_caption":"","selling_points":[],"selling_points_cta_text":"","features_title":"","features":"","ed_cta_examples_text":"","ed_cta_examples_hidden":"","ed_cta_demo_text":"","ed_cta_demo_hidden":"","why_caption":"","why_editor_title":"","why_editor_text":"","why_team_title":"","why_team_text":"","why_service_title":"","why_service_text":"","template_catalog_visible":"0","template_catalog_title":"","template_catalog_text":"","template_catalog_categories_visible":"","demo_title":"Crea il tuo widget Recensioni Airbnb","demo_caption":"Configura le tue recensioni Airbnb e aggiungile gratuitamente al tuo sito web Elementor!","default_faq_hidden":"","app_template_category":[],"platform":"68","template_public_id":"","codecanyon_url":"","codecanyon_item_id":"","codecanyon_price":"","pricing_caption":"","pricing_elfsight_apps_hide_column":"","pricing_elfsight_apps_url":"","pricing_codecanyon_price_caption":"","integration_category":[],"integration_request_title":"","integration_request_cta":"","integration_platform":"","integrations":[],"platform_category":[],"video_schema_markup":"","price":"da $ 0 al mese","trial":"","benefits":[{"text":"Assistenza per l'installazione gratuita"},{"text":"Assistenza clienti con esperienza"},{"text":"Garanzia di rimborso di 14 giorni"},{"text":"Aggiornamenti continui"}],"button_url":"#demo","button_target_blank":"0","button_nofollow":"0","attributes":[{"name":"Installazioni"},{"name":"Reattivo","content":"S\u00cc"},{"name":"Browser compatibili","content":"Firefox, Safari, Opera, Chrome, Edge"}],"tags":[],"tags_disable_links":"0","hide_more_platforms":"0","video_object":"","demo_hide_cta":"0","demo_hide_cloud_options":"0","pricing_title":"","pricing":[{"pricing_icon":"platform","pricing_title":"Elfsight Apps","pricing_title_caption":"Soluzione indipendente dalla piattaforma adatta a qualsiasi sito","pricing_price":"da $ 0 \/ mese","pricing_price_caption":"inizia con il piano gratuito","pricing_benefits":[{"text":"Domini illimitati"},{"text":"Assistenza clienti veloce"},{"text":"Assistenza per l'installazione gratuita"},{"text":"Ottimo affare per pi\u00f9 app"}],"pricing_button_text":"Aggiungi al sito web","pricing_button_url":"#demo"}],"related_apps_title":"","related_apps_hidden":"0","author":"","image":[],"title":"","job":"","social_networks":[]},"_links":{"self":[{"href":"https:\/\/elfsight.com\/it\/wp-json\/wp\/v2\/pages\/3356","targetHints":{"allow":["GET"]}}],"collection":[{"href":"https:\/\/elfsight.com\/it\/wp-json\/wp\/v2\/pages"}],"about":[{"href":"https:\/\/elfsight.com\/it\/wp-json\/wp\/v2\/types\/page"}],"author":[{"embeddable":true,"href":"https:\/\/elfsight.com\/it\/wp-json\/wp\/v2\/users\/9"}],"replies":[{"embeddable":true,"href":"https:\/\/elfsight.com\/it\/wp-json\/wp\/v2\/comments?post=3356"}],"version-history":[{"count":3,"href":"https:\/\/elfsight.com\/it\/wp-json\/wp\/v2\/pages\/3356\/revisions"}],"predecessor-version":[{"id":9241,"href":"https:\/\/elfsight.com\/it\/wp-json\/wp\/v2\/pages\/3356\/revisions\/9241"}],"up":[{"embeddable":true,"href":"https:\/\/elfsight.com\/it\/wp-json\/wp\/v2\/pages\/2411"}],"wp:attachment":[{"href":"https:\/\/elfsight.com\/it\/wp-json\/wp\/v2\/media?parent=3356"}],"curies":[{"name":"wp","href":"https:\/\/api.w.org\/{rel}","templated":true}]}}