{"id":3355,"date":"2024-05-03T06:26:20","date_gmt":"2024-05-03T06:26:20","guid":{"rendered":"https:\/\/elfsight.com\/it\/?page_id=3355"},"modified":"2025-03-19T08:07:44","modified_gmt":"2025-03-19T08:07:44","slug":"drupal","status":"publish","type":"page","link":"https:\/\/elfsight.com\/it\/airbnb-reviews-widget\/drupal\/","title":{"rendered":"Airbnb Reviews &#8211; Drupal"},"content":{"rendered":"\n<div class=\"application-platform-content-item-description application-platform-content-item\" id=\"description\" data-nav-section=\"description\"> <h2>Descrizione<\/h2> <p>Se stai cercando un modo per dimostrare il tuo apprezzamento tra gli utenti e convincere i visitatori del sito web che le tue offerte sono vale la pena spendere soldi, Elfsight Airbnb Reviews far\u00e0 il lavoro. Con l&#8217;aiuto del nostro widget, sei libero di mostrare le recensioni degli utenti di Airbnb sul tuo sito. Includi informazioni sui loro autori, utilizza i filtri per mostrare solo quelli buoni, aggiungi valutazioni e un pulsante di reindirizzamento, che porter\u00e0 le persone sul tuo account Airbnb, in modo che possano pubblicare una nuova recensione. <\/p> <div class=\"faq\" data-component=\"FAQ\"><div class=\"faq-item\">\r\n\t\t\t\t\t<div class=\"faq-item-question\">\r\n\t\t\t\t\t\t<h3 class=\"faq-item-question-text\">Dove posso inserirlo nel mio sito web<\/h3>\r\n\r\n\t\t\t\t\t\t<div class=\"faq-item-question-icon\"><\/div>\r\n\t\t\t\t\t<\/div>\r\n\r\n\t\t\t\t\t<div class=\"faq-item-answer\">\r\n\t\t\t\t\t\t<div class=\"faq-item-answer-text\"> <p>Puoi aggiungere il widget in qualsiasi pagina del sito, oppure aggiungerlo al template, cos\u00ec apparir\u00e0 su tutti pagine. Le recensioni possono funzionare bene sulle pagine dei prodotti o sulla pagina Chi siamo, dove desideri mostrare la tua valutazione elevata. <\/p> <\/div>\r\n\t\t\t\t\t<\/div>\r\n\t\t\t\t<\/div><div class=\"faq-item\">\r\n\t\t\t\t\t<div class=\"faq-item-question\">\r\n\t\t\t\t\t\t<h3 class=\"faq-item-question-text\">Come potrei trarre vantaggio da questo plugin?<\/h3>\r\n\r\n\t\t\t\t\t\t<div class=\"faq-item-question-icon\"><\/div>\r\n\t\t\t\t\t<\/div>\r\n\r\n\t\t\t\t\t<div class=\"faq-item-answer\">\r\n\t\t\t\t\t\t<div class=\"faq-item-answer-text\"> <p>Le recensioni di persone reali sembrano perfettamente affidabili per gli utenti del tuo sito web e mostrano loro che la tua attivit\u00e0 \u00e8 affidabile. Un punteggio elevato e buone recensioni possono aiutare ad attirare pi\u00f9 ospiti. Inoltre, il pulsante di reindirizzamento pu\u00f2 contribuire ad avere pi\u00f9 recensioni relative al tuo alloggio o ai tuoi servizi su Airbnb. <\/p> <\/div>\r\n\t\t\t\t\t<\/div>\r\n\t\t\t\t<\/div> <div class=\"faq-item\">\r\n\t\t\t\t\t<div class=\"faq-item-question\">\r\n\t\t\t\t\t\t<h3 class=\"faq-item-question-text\">Come faccio ad aggiungere recensioni di Airbnb sul mio sito web?<\/h3>\r\n\r\n\t\t\t\t\t\t<div class=\"faq-item-question-icon\"><\/div>\r\n\t\t\t\t\t<\/div>\r\n\r\n\t\t\t\t\t<div class=\"faq-item-answer\">\r\n\t\t\t\t\t\t<div class=\"faq-item-answer-text\"> <p>Ti serviranno solo tre minuti di tempo per configurarlo. \u00c8 super veloce, gratuito e senza codifica. <\/p> <ol><li>Puoi integrare le Recensioni di Airbnb nel tuo sito tramite il nostro servizio. Per farlo vedere la guida in basso in questa pagina. <\/li> <li>Il widget pu\u00f2 essere impostato tramite il nostro servizio o sul marketplace. Puoi confrontare pi\u00f9 dettagli le due opzioni e scegliere quella pi\u00f9 adatta. <\/li> <\/ol> <\/div>\r\n\t\t\t\t\t<\/div>\r\n\t\t\t\t<\/div> <\/div> <\/div> <div class=\"application-platform-content-item-features application-platform-content-item\" id=\"features\" data-nav-section=\"features\"> <h2>Caratteristiche<\/h2> <p>Per dare una migliore idea del widget, esaminare l&#8217;elenco dei tratti essenziali. Rendono il widget estremamente efficace per te: <\/p> <ul> <li>Quattro layout disponibili: Elenco, Griglia, Massoneria e Dispositivo di scorrimento; <\/li> <li>Il pulsante di richiesta di revisione porta i clienti alla pagina Airbnb; <\/li> <li>Due varianti di scenari dopo il rifiuto della richiesta di revisione: visualizzare il messaggio o nascondere il pulsante. <\/li> <\/ul><p><a href=\"#demo\">Scopri un elenco completo delle funzionalit\u00e0 nella demo dal vivo<\/a><\/p> <\/div> <div class=\"application-platform-content-item-installation application-platform-content-item\" id=\"installation\" data-nav-section=\"installation\"> <h2>Scopri come incorporare le recensioni di Airbnb nella tua pagina Drupal<\/h2><div class=\"video-container\"><iframe width=\"560\" height=\"315\" src=\"https:\/\/www.youtube.com\/embed\/mbhB44s3LZs?si=exXW0_e8dpWq3ZT3\" frameborder=\"0\" allow=\"accelerometer; autoplay; clipboard-write; encrypted-media; gyroscope; picture-in-picture; web-share\" allowfullscreen><\/iframe><\/div><p>Segui semplicemente le linee guida seguenti per incorporare il modulo su Drupal.<\/p> <ol><li> <b>Esegui il nostro configuratore gratuito e inizia a creare il tuo widget. <\/b><br> Scegli il layout e gli aspetti preferiti di drupal e salva le modifiche. <\/li> <li><b>Ottieni il codice univoco esposto nella finestra su Elfsight Apps. <\/b><br> Subito dopo aver terminato la configurazione del tuo drupal personale di Recensioni Airbnb, copia il codice personale nel popup visualizzato e salvalo per un&#8217;occasione successiva. <\/li> <li><b>Inizia l&#8217;utilizzo del modulo sul sito Drupal. <\/b><br> Inserisci il codice salvato di recente nel tuo sito web e salva le modifiche. <\/li> <li><b>L&#8217;installazione \u00e8 completamente completata. <\/b><br> Visita la tua pagina per dare un&#8217;occhiata alle prestazioni dello strumento. <\/li><\/ol><p>Dubbi ancora qualcosa? Oppure hai problemi? Basta semplicemente indirizzare una richiesta al nostro servizio clienti. Risolveranno ogni problema. <\/p> <\/div>\n","protected":false},"excerpt":{"rendered":"","protected":false},"author":9,"featured_media":0,"parent":2411,"menu_order":0,"comment_status":"closed","ping_status":"closed","template":"templates\/template-application-platform.php","meta":{"publish_to_discourse":"","publish_post_category":"","wpdc_auto_publish_overridden":"","wpdc_topic_tags":"","wpdc_pin_topic":"","wpdc_pin_until":"","discourse_post_id":"","discourse_permalink":"","wpdc_publishing_response":"","wpdc_publishing_error":"","footnotes":""},"class_list":["post-3355","page","type-page","status-publish","hentry"],"yoast_head":"<!-- This site is optimized with the Yoast SEO plugin v25.3.1 - https:\/\/yoast.com\/wordpress\/plugins\/seo\/ -->\n<title>Incorpora le recensioni di Airbnb sul tuo sito Drupal (in 2 minuti)<\/title>\n<meta name=\"description\" content=\"Ecco un&#039;opportunit\u00e0 per progettare il widget Recensioni di Airbnb e integrarlo nel tuo sito Drupal. Goditi il \u200b\u200bservizio clienti gratuito e altri vantaggi di Elfsight.\" \/>\n<meta name=\"robots\" content=\"index, follow, max-snippet:-1, max-image-preview:large, max-video-preview:-1\" \/>\n<link rel=\"canonical\" href=\"https:\/\/elfsight.com\/it\/airbnb-reviews-widget\/drupal\/\" \/>\n<meta property=\"og:locale\" content=\"it_IT\" \/>\n<meta property=\"og:type\" content=\"article\" \/>\n<meta property=\"og:title\" content=\"Incorpora le recensioni di Airbnb sul tuo sito Drupal (in 2 minuti)\" \/>\n<meta property=\"og:description\" content=\"Ecco un&#039;opportunit\u00e0 per progettare il widget Recensioni di Airbnb e integrarlo nel tuo sito Drupal. Goditi il \u200b\u200bservizio clienti gratuito e altri vantaggi di Elfsight.\" \/>\n<meta property=\"og:url\" content=\"https:\/\/elfsight.com\/it\/airbnb-reviews-widget\/drupal\/\" \/>\n<meta property=\"og:site_name\" content=\"Elfsight IT\" \/>\n<meta property=\"article:modified_time\" content=\"2025-03-19T08:07:44+00:00\" \/>\n<meta name=\"twitter:card\" content=\"summary_large_image\" \/>\n<meta name=\"twitter:label1\" content=\"Tempo di lettura stimato\" \/>\n\t<meta name=\"twitter:data1\" content=\"3 minuti\" \/>\n<!-- \/ Yoast SEO plugin. -->","yoast_head_json":{"title":"Incorpora le recensioni di Airbnb sul tuo sito Drupal (in 2 minuti)","description":"Ecco un'opportunit\u00e0 per progettare il widget Recensioni di Airbnb e integrarlo nel tuo sito Drupal. Goditi il \u200b\u200bservizio clienti gratuito e altri vantaggi di Elfsight.","robots":{"index":"index","follow":"follow","max-snippet":"max-snippet:-1","max-image-preview":"max-image-preview:large","max-video-preview":"max-video-preview:-1"},"canonical":"https:\/\/elfsight.com\/it\/airbnb-reviews-widget\/drupal\/","og_locale":"it_IT","og_type":"article","og_title":"Incorpora le recensioni di Airbnb sul tuo sito Drupal (in 2 minuti)","og_description":"Ecco un'opportunit\u00e0 per progettare il widget Recensioni di Airbnb e integrarlo nel tuo sito Drupal. Goditi il \u200b\u200bservizio clienti gratuito e altri vantaggi di Elfsight.","og_url":"https:\/\/elfsight.com\/it\/airbnb-reviews-widget\/drupal\/","og_site_name":"Elfsight IT","article_modified_time":"2025-03-19T08:07:44+00:00","twitter_card":"summary_large_image","twitter_misc":{"Tempo di lettura stimato":"3 minuti"},"schema":{"@context":"https:\/\/schema.org","@graph":[{"@type":"WebPage","@id":"https:\/\/elfsight.com\/it\/airbnb-reviews-widget\/drupal\/","url":"https:\/\/elfsight.com\/it\/airbnb-reviews-widget\/drupal\/","name":"Incorpora le recensioni di Airbnb sul tuo sito Drupal (in 2 minuti)","isPartOf":{"@id":"https:\/\/elfsight.com\/it\/#website"},"datePublished":"2024-05-03T06:26:20+00:00","dateModified":"2025-03-19T08:07:44+00:00","description":"Ecco un'opportunit\u00e0 per progettare il widget Recensioni di Airbnb e integrarlo nel tuo sito Drupal. Goditi il \u200b\u200bservizio clienti gratuito e altri vantaggi di Elfsight.","breadcrumb":{"@id":"https:\/\/elfsight.com\/it\/airbnb-reviews-widget\/drupal\/#breadcrumb"},"inLanguage":"it-IT","potentialAction":[{"@type":"ReadAction","target":["https:\/\/elfsight.com\/it\/airbnb-reviews-widget\/drupal\/"]}]},{"@type":"BreadcrumbList","@id":"https:\/\/elfsight.com\/it\/airbnb-reviews-widget\/drupal\/#breadcrumb","itemListElement":[{"@type":"ListItem","position":1,"name":"Home","item":"https:\/\/elfsight.com\/it\/"},{"@type":"ListItem","position":2,"name":"Airbnb Reviews","item":"https:\/\/elfsight.com\/it\/airbnb-reviews-widget\/"},{"@type":"ListItem","position":3,"name":"Airbnb Reviews &#8211; Drupal"}]},{"@type":"WebSite","@id":"https:\/\/elfsight.com\/it\/#website","url":"https:\/\/elfsight.com\/it\/","name":"Elfsight IT","description":"Just another Elfsight Sites site","potentialAction":[{"@type":"SearchAction","target":{"@type":"EntryPoint","urlTemplate":"https:\/\/elfsight.com\/it\/?s={search_term_string}"},"query-input":{"@type":"PropertyValueSpecification","valueRequired":true,"valueName":"search_term_string"}}],"inLanguage":"it-IT"}]}},"meta_box":{"industry":"","seo_heading":"","heading":"","description":"","cta_heading":"","cta_description":"","application":"2410","h1":"Recensioni Drupal Airbnb","h1_caption":"Visualizza le recensioni dal tuo annuncio Airbnb per attirare pi\u00f9 ospiti con feedback autentici nel tuo sito Drupal.","application_category":[],"applications_title":"","applications_request_title":"","applications_request_button_text":"","hero_text":"","hero_video":"","hero_video_schema_markup":"","selling_points_title":"","selling_points_caption":"","selling_points":[],"selling_points_cta_text":"","features_title":"","features":"","ed_cta_examples_text":"","ed_cta_examples_hidden":"","ed_cta_demo_text":"","ed_cta_demo_hidden":"","why_caption":"","why_editor_title":"","why_editor_text":"","why_team_title":"","why_team_text":"","why_service_title":"","why_service_text":"","template_catalog_visible":"0","template_catalog_title":"","template_catalog_text":"","template_catalog_categories_visible":"","demo_title":"Crea il tuo modulo Recensioni Airbnb","demo_caption":"Configura le tue recensioni Airbnb e aggiungile gratuitamente al tuo sito Drupal!","default_faq_hidden":"","app_template_category":[],"platform":"34","template_public_id":"","codecanyon_url":"","codecanyon_item_id":"","codecanyon_price":"","pricing_caption":"","pricing_elfsight_apps_hide_column":"","pricing_elfsight_apps_url":"","pricing_codecanyon_price_caption":"","integration_category":[],"integration_request_title":"","integration_request_cta":"","integration_platform":"","integrations":[],"platform_category":[],"video_schema_markup":"","price":"da $ 0 al mese","trial":"","benefits":[{"text":"Servizio di installazione gratuito"},{"text":"Assistenza clienti con esperienza"},{"text":"Garanzia di rimborso di 14 giorni"},{"text":"Aggiornamenti continui"}],"button_url":"#demo","button_target_blank":"0","button_nofollow":"0","attributes":[{"name":"Installazioni"},{"name":"Reattivo","content":"S\u00cc"},{"name":"Browser compatibili","content":"Firefox, Safari, Opera, Chrome, Edge"}],"tags":[],"tags_disable_links":"0","hide_more_platforms":"0","video_object":"","demo_hide_cta":"0","demo_hide_cloud_options":"0","pricing_title":"","pricing":[{"pricing_icon":"platform","pricing_title":"Elfsight Apps","pricing_title_caption":"Versione multipiattaforma che funziona su qualsiasi sito web","pricing_price":"da $ 0 \/ mese","pricing_price_caption":"inizia con il piano gratuito","pricing_benefits":[{"text":"Siti web illimitati"},{"text":"Supporto gratuito"},{"text":"Aiuto per l'installazione gratuito"},{"text":"Offerta speciale per pi\u00f9 app"}],"pricing_button_text":"Aggiungi al sito web","pricing_button_url":"#demo"}],"related_apps_title":"","related_apps_hidden":"0","author":"","image":[],"title":"","job":"","social_networks":[]},"_links":{"self":[{"href":"https:\/\/elfsight.com\/it\/wp-json\/wp\/v2\/pages\/3355","targetHints":{"allow":["GET"]}}],"collection":[{"href":"https:\/\/elfsight.com\/it\/wp-json\/wp\/v2\/pages"}],"about":[{"href":"https:\/\/elfsight.com\/it\/wp-json\/wp\/v2\/types\/page"}],"author":[{"embeddable":true,"href":"https:\/\/elfsight.com\/it\/wp-json\/wp\/v2\/users\/9"}],"replies":[{"embeddable":true,"href":"https:\/\/elfsight.com\/it\/wp-json\/wp\/v2\/comments?post=3355"}],"version-history":[{"count":3,"href":"https:\/\/elfsight.com\/it\/wp-json\/wp\/v2\/pages\/3355\/revisions"}],"predecessor-version":[{"id":9239,"href":"https:\/\/elfsight.com\/it\/wp-json\/wp\/v2\/pages\/3355\/revisions\/9239"}],"up":[{"embeddable":true,"href":"https:\/\/elfsight.com\/it\/wp-json\/wp\/v2\/pages\/2411"}],"wp:attachment":[{"href":"https:\/\/elfsight.com\/it\/wp-json\/wp\/v2\/media?parent=3355"}],"curies":[{"name":"wp","href":"https:\/\/api.w.org\/{rel}","templated":true}]}}