{"id":3354,"date":"2024-05-03T06:26:19","date_gmt":"2024-05-03T06:26:19","guid":{"rendered":"https:\/\/elfsight.com\/it\/?page_id=3354"},"modified":"2025-03-19T08:06:32","modified_gmt":"2025-03-19T08:06:32","slug":"blogger","status":"publish","type":"page","link":"https:\/\/elfsight.com\/it\/airbnb-reviews-widget\/blogger\/","title":{"rendered":"Airbnb Reviews &#8211; Blogger"},"content":{"rendered":"\n<div class=\"application-platform-content-item-description application-platform-content-item\" id=\"description\" data-nav-section=\"description\"> <h2>Descrizione<\/h2> <p>Elfsight Airbnb Reviews \u00e8 un utile widget che ti consentir\u00e0 di integrare facilmente sul tuo sito web recensioni su le tue offerte dai post su Airbnb. Con l&#8217;aiuto di questo widget, hai a tua disposizione diversi filtri per eliminare le recensioni indesiderate, dimostrare le tue valutazioni in stelle e numeri da Airbnb, aggiungere dettagli sugli autori e aggiungere un pulsante che porter\u00e0 i visitatori a pubblicare un&#8217;altra recensione su Airbnb. Le recensioni di Elfsight Airbnb ti aiuteranno a dimostrare la tua perfetta prova sociale sul tuo sito e ad aumentare le vendite. <\/p> <div class=\"faq\" data-component=\"FAQ\"><div class=\"faq-item\">\r\n\t\t\t\t\t<div class=\"faq-item-question\">\r\n\t\t\t\t\t\t<h3 class=\"faq-item-question-text\">Dove posso inserire questo plugin nel mio sito<\/h3>\r\n\r\n\t\t\t\t\t\t<div class=\"faq-item-question-icon\"><\/div>\r\n\t\t\t\t\t<\/div>\r\n\r\n\t\t\t\t\t<div class=\"faq-item-answer\">\r\n\t\t\t\t\t\t<div class=\"faq-item-answer-text\"> <p>Questo widget pu\u00f2 essere posizionato su qualsiasi pagina web, dove \u00e8 meglio dimostrare la tua valutazione elevata e popolarit\u00e0 tra i clienti. Se ne hai bisogno su tutte le pagine del sito, puoi semplicemente incollarlo nel modello del sito web. <\/p> <\/div>\r\n\t\t\t\t\t<\/div>\r\n\t\t\t\t<\/div><div class=\"faq-item\">\r\n\t\t\t\t\t<div class=\"faq-item-question\">\r\n\t\t\t\t\t\t<h3 class=\"faq-item-question-text\">Quali vantaggi pu\u00f2 darmi?<\/h3>\r\n\r\n\t\t\t\t\t\t<div class=\"faq-item-question-icon\"><\/div>\r\n\t\t\t\t\t<\/div>\r\n\r\n\t\t\t\t\t<div class=\"faq-item-answer\">\r\n\t\t\t\t\t\t<div class=\"faq-item-answer-text\"> <p>Le recensioni scritte da persone reali sono perfettamente credibili per i clienti del tuo sito e dimostrano loro che la tua azienda \u00e8 un partner affidabile. Una valutazione elevata e impressioni eccellenti possono aiutarti ad aumentare le vendite sul tuo sito web. Inoltre, il pulsante attivo pu\u00f2 contribuire ad aumentare il numero di recensioni dei clienti sulla tua attivit\u00e0 su Airbnb. <\/p> <\/div>\r\n\t\t\t\t\t<\/div>\r\n\t\t\t\t<\/div> <div class=\"faq-item\">\r\n\t\t\t\t\t<div class=\"faq-item-question\">\r\n\t\t\t\t\t\t<h3 class=\"faq-item-question-text\">Come faccio a incorporare le recensioni di Airbnb sul mio sito Blogger?<\/h3>\r\n\r\n\t\t\t\t\t\t<div class=\"faq-item-question-icon\"><\/div>\r\n\t\t\t\t\t<\/div>\r\n\r\n\t\t\t\t\t<div class=\"faq-item-answer\">\r\n\t\t\t\t\t\t<div class=\"faq-item-answer-text\"> <p>Ti servono solo tre minuti del tuo tempo per attivare il widget delle recensioni. \u00c8 molto veloce, gratuito e senza codifica. <\/p> <ol><li>Puoi posizionare il widget nella pagina web direttamente nel nostro servizio. Basta controllare la guida di seguito in questa pagina. <\/li> <li>Le recensioni Elfsight Airbnb possono essere integrate tramite il nostro servizio o tramite il marketplace. Qui potrai confrontare i pro e i contro delle due opzioni e scegliere la tua. <\/li> <\/ol> <\/div>\r\n\t\t\t\t\t<\/div>\r\n\t\t\t\t<\/div> <\/div> <\/div> <div class=\"application-platform-content-item-features application-platform-content-item\" id=\"features\" data-nav-section=\"features\"> <h2>Caratteristiche<\/h2> <p>Per avere una chiara percezione delle recensioni di Airbnb, vedere l&#8217;elenco delle caratteristiche pi\u00f9 importanti. Rendono il widget estremamente vantaggioso per te: <\/p> <ul> <li>Tre tipi di filtri: per tipo, esclusione per e quantit\u00e0 di recensioni da visualizzare; <\/li> <li>Un&#8217;opzione per controllare la visualizzazione dell&#8217;intestazione del widget; <\/li> <li>6 elementi personalizzabili del widget: nome dell&#8217;autore e foto, testo del consiglio, data, icona Airbnb e valutazione in stelle. <\/li> <\/ul><p><a href=\"#demo\">Per esplorare altre funzionalit\u00e0, guarda la nostra demo<\/a><\/p> <\/div> <div class=\"application-platform-content-item-installation application-platform-content-item\" id=\"installation\" data-nav-section=\"installation\"> <h2>Scopri come impostare le recensioni di Airbnb sulla tua pagina Blogger<\/h2> <div class=\"video-container\"><iframe width=\"560\" height=\"315\" src=\"https:\/\/www.youtube.com\/embed\/d5v3xhgpO8E?si=NWsel9N-JUxgM0Ht\" frameborder=\"0\" allow=\"accelerometer; autoplay; clipboard-write; encrypted-media; gyroscope; picture-in-picture; web-share\" allowfullscreen><\/iframe><\/div><p>I seguenti passaggi sono l&#8217;unica cosa che devi fare per incorporare il widget. <\/p> <ol><li><b>Crea il tuo plugin Airbnb personalizzato<\/b><br> Nel nostro editor gratuito, crea un plugin con il layout e le caratteristiche funzionali che preferisci. <\/li><li><b>Copia il codice personale per incorporare il plugin<\/b><br> Dopo aver generato il tuo widget, otterrai il codice di installazione dalla finestra visualizzata su Elfsight Apps. Copialo. <\/li> <li><b>Pubblica il plugin sul tuo sito Blogger<\/b><br> Scegli l&#8217;area in cui vuoi integrare il plugin e inserisci l\u00ec il codice copiato. Applica i risultati.<\/li> <li><b>La configurazione \u00e8 riuscita!<\/b><br> Visita il sito web per visualizzare le tue recensioni. <\/li> <\/ol><p>Non riesci ancora a deciderti? O hai domande? Basta una singola richiesta al nostro team di supporto per risolvere qualsiasi tipo di problema. <\/p> <\/div>\n","protected":false},"excerpt":{"rendered":"","protected":false},"author":9,"featured_media":0,"parent":2411,"menu_order":0,"comment_status":"closed","ping_status":"closed","template":"templates\/template-application-platform.php","meta":{"publish_to_discourse":"","publish_post_category":"","wpdc_auto_publish_overridden":"","wpdc_topic_tags":"","wpdc_pin_topic":"","wpdc_pin_until":"","discourse_post_id":"","discourse_permalink":"","wpdc_publishing_response":"","wpdc_publishing_error":"","footnotes":""},"class_list":["post-3354","page","type-page","status-publish","hentry"],"yoast_head":"<!-- This site is optimized with the Yoast SEO plugin v25.3.1 - https:\/\/yoast.com\/wordpress\/plugins\/seo\/ -->\n<title>Incorpora le recensioni di Airbnb sul tuo sito Blogger (facile e veloce)<\/title>\n<meta name=\"description\" content=\"Creare il tuo widget Recensioni Airbnb e pubblicarlo sul tuo sito web Blogger \u00e8 un processo semplicissimo. Il servizio clienti Elfsight \u00e8 gratuito.\" \/>\n<meta name=\"robots\" content=\"index, follow, max-snippet:-1, max-image-preview:large, max-video-preview:-1\" \/>\n<link rel=\"canonical\" href=\"https:\/\/elfsight.com\/it\/airbnb-reviews-widget\/blogger\/\" \/>\n<meta property=\"og:locale\" content=\"it_IT\" \/>\n<meta property=\"og:type\" content=\"article\" \/>\n<meta property=\"og:title\" content=\"Incorpora le recensioni di Airbnb sul tuo sito Blogger (facile e veloce)\" \/>\n<meta property=\"og:description\" content=\"Creare il tuo widget Recensioni Airbnb e pubblicarlo sul tuo sito web Blogger \u00e8 un processo semplicissimo. Il servizio clienti Elfsight \u00e8 gratuito.\" \/>\n<meta property=\"og:url\" content=\"https:\/\/elfsight.com\/it\/airbnb-reviews-widget\/blogger\/\" \/>\n<meta property=\"og:site_name\" content=\"Elfsight IT\" \/>\n<meta property=\"article:modified_time\" content=\"2025-03-19T08:06:32+00:00\" \/>\n<meta name=\"twitter:card\" content=\"summary_large_image\" \/>\n<meta name=\"twitter:label1\" content=\"Tempo di lettura stimato\" \/>\n\t<meta name=\"twitter:data1\" content=\"3 minuti\" \/>\n<!-- \/ Yoast SEO plugin. -->","yoast_head_json":{"title":"Incorpora le recensioni di Airbnb sul tuo sito Blogger (facile e veloce)","description":"Creare il tuo widget Recensioni Airbnb e pubblicarlo sul tuo sito web Blogger \u00e8 un processo semplicissimo. Il servizio clienti Elfsight \u00e8 gratuito.","robots":{"index":"index","follow":"follow","max-snippet":"max-snippet:-1","max-image-preview":"max-image-preview:large","max-video-preview":"max-video-preview:-1"},"canonical":"https:\/\/elfsight.com\/it\/airbnb-reviews-widget\/blogger\/","og_locale":"it_IT","og_type":"article","og_title":"Incorpora le recensioni di Airbnb sul tuo sito Blogger (facile e veloce)","og_description":"Creare il tuo widget Recensioni Airbnb e pubblicarlo sul tuo sito web Blogger \u00e8 un processo semplicissimo. Il servizio clienti Elfsight \u00e8 gratuito.","og_url":"https:\/\/elfsight.com\/it\/airbnb-reviews-widget\/blogger\/","og_site_name":"Elfsight IT","article_modified_time":"2025-03-19T08:06:32+00:00","twitter_card":"summary_large_image","twitter_misc":{"Tempo di lettura stimato":"3 minuti"},"schema":{"@context":"https:\/\/schema.org","@graph":[{"@type":"WebPage","@id":"https:\/\/elfsight.com\/it\/airbnb-reviews-widget\/blogger\/","url":"https:\/\/elfsight.com\/it\/airbnb-reviews-widget\/blogger\/","name":"Incorpora le recensioni di Airbnb sul tuo sito Blogger (facile e veloce)","isPartOf":{"@id":"https:\/\/elfsight.com\/it\/#website"},"datePublished":"2024-05-03T06:26:19+00:00","dateModified":"2025-03-19T08:06:32+00:00","description":"Creare il tuo widget Recensioni Airbnb e pubblicarlo sul tuo sito web Blogger \u00e8 un processo semplicissimo. Il servizio clienti Elfsight \u00e8 gratuito.","breadcrumb":{"@id":"https:\/\/elfsight.com\/it\/airbnb-reviews-widget\/blogger\/#breadcrumb"},"inLanguage":"it-IT","potentialAction":[{"@type":"ReadAction","target":["https:\/\/elfsight.com\/it\/airbnb-reviews-widget\/blogger\/"]}]},{"@type":"BreadcrumbList","@id":"https:\/\/elfsight.com\/it\/airbnb-reviews-widget\/blogger\/#breadcrumb","itemListElement":[{"@type":"ListItem","position":1,"name":"Home","item":"https:\/\/elfsight.com\/it\/"},{"@type":"ListItem","position":2,"name":"Airbnb Reviews","item":"https:\/\/elfsight.com\/it\/airbnb-reviews-widget\/"},{"@type":"ListItem","position":3,"name":"Airbnb Reviews &#8211; Blogger"}]},{"@type":"WebSite","@id":"https:\/\/elfsight.com\/it\/#website","url":"https:\/\/elfsight.com\/it\/","name":"Elfsight IT","description":"Just another Elfsight Sites site","potentialAction":[{"@type":"SearchAction","target":{"@type":"EntryPoint","urlTemplate":"https:\/\/elfsight.com\/it\/?s={search_term_string}"},"query-input":{"@type":"PropertyValueSpecification","valueRequired":true,"valueName":"search_term_string"}}],"inLanguage":"it-IT"}]}},"meta_box":{"industry":"","seo_heading":"","heading":"","description":"","cta_heading":"","cta_description":"","application":"2410","h1":"Recensioni dei blogger su Airbnb","h1_caption":"Visualizza le recensioni dal tuo annuncio Airbnb per attirare pi\u00f9 ospiti con feedback autentici nel tuo sito web Blogger.","application_category":[],"applications_title":"","applications_request_title":"","applications_request_button_text":"","hero_text":"","hero_video":"","hero_video_schema_markup":"","selling_points_title":"","selling_points_caption":"","selling_points":[],"selling_points_cta_text":"","features_title":"","features":"","ed_cta_examples_text":"","ed_cta_examples_hidden":"","ed_cta_demo_text":"","ed_cta_demo_hidden":"","why_caption":"","why_editor_title":"","why_editor_text":"","why_team_title":"","why_team_text":"","why_service_title":"","why_service_text":"","template_catalog_visible":"0","template_catalog_title":"","template_catalog_text":"","template_catalog_categories_visible":"","demo_title":"Crea il tuo widget Recensioni Airbnb","demo_caption":"Configura le tue recensioni Airbnb e aggiungile gratuitamente al tuo sito Blogger!","default_faq_hidden":"","app_template_category":[],"platform":"33","template_public_id":"","codecanyon_url":"","codecanyon_item_id":"","codecanyon_price":"","pricing_caption":"","pricing_elfsight_apps_hide_column":"","pricing_elfsight_apps_url":"","pricing_codecanyon_price_caption":"","integration_category":[],"integration_request_title":"","integration_request_cta":"","integration_platform":"","integrations":[],"platform_category":[],"video_schema_markup":"","price":"da $ 0 al mese","trial":"","benefits":[{"text":"Aiuto per l'installazione gratuito"},{"text":"Supporto eccezionale"},{"text":"Garanzia di rimborso di 14 giorni"},{"text":"Aggiornamento costante"}],"button_url":"#demo","button_target_blank":"0","button_nofollow":"0","attributes":[{"name":"Installazioni"},{"name":"Reattivo","content":"S\u00cc"},{"name":"Browser compatibili","content":"IE11, Firefox, Safari, Opera, Chrome, Edge"}],"tags":[],"tags_disable_links":"0","hide_more_platforms":"0","video_object":"","demo_hide_cta":"0","demo_hide_cloud_options":"0","pricing_title":"","pricing":[{"pricing_icon":"platform","pricing_title":"Elfsight Apps","pricing_title_caption":"Soluzione digitale indipendente dalla piattaforma","pricing_price":"da $ 0 \/ mese","pricing_price_caption":"inizia con un piano gratuito","pricing_benefits":[{"text":"Siti web illimitati"},{"text":"Assistenza clienti gratuita"},{"text":"Aiuto per l'installazione gratuito"},{"text":"Completamente personalizzabile"}],"pricing_button_text":"Aggiungi al sito web","pricing_button_url":"#demo"}],"related_apps_title":"","related_apps_hidden":"0","author":"","image":[],"title":"","job":"","social_networks":[]},"_links":{"self":[{"href":"https:\/\/elfsight.com\/it\/wp-json\/wp\/v2\/pages\/3354","targetHints":{"allow":["GET"]}}],"collection":[{"href":"https:\/\/elfsight.com\/it\/wp-json\/wp\/v2\/pages"}],"about":[{"href":"https:\/\/elfsight.com\/it\/wp-json\/wp\/v2\/types\/page"}],"author":[{"embeddable":true,"href":"https:\/\/elfsight.com\/it\/wp-json\/wp\/v2\/users\/9"}],"replies":[{"embeddable":true,"href":"https:\/\/elfsight.com\/it\/wp-json\/wp\/v2\/comments?post=3354"}],"version-history":[{"count":3,"href":"https:\/\/elfsight.com\/it\/wp-json\/wp\/v2\/pages\/3354\/revisions"}],"predecessor-version":[{"id":9238,"href":"https:\/\/elfsight.com\/it\/wp-json\/wp\/v2\/pages\/3354\/revisions\/9238"}],"up":[{"embeddable":true,"href":"https:\/\/elfsight.com\/it\/wp-json\/wp\/v2\/pages\/2411"}],"wp:attachment":[{"href":"https:\/\/elfsight.com\/it\/wp-json\/wp\/v2\/media?parent=3354"}],"curies":[{"name":"wp","href":"https:\/\/api.w.org\/{rel}","templated":true}]}}