{"id":3332,"date":"2024-05-03T06:26:09","date_gmt":"2024-05-03T06:26:09","guid":{"rendered":"https:\/\/elfsight.com\/it\/?page_id=3332"},"modified":"2024-11-11T11:22:15","modified_gmt":"2024-11-11T11:22:15","slug":"jimdo","status":"publish","type":"page","link":"https:\/\/elfsight.com\/it\/airbnb-reviews-widget\/jimdo\/","title":{"rendered":"Airbnb Reviews &#8211; Jimdo"},"content":{"rendered":"<div class=\"application-platform-content-item-description application-platform-content-item\" id=\"description\" data-nav-section=\"description\"> <h2>Descrizione<\/h2> <p>Airbnb Reviews \u00e8 un utile widget che ti d\u00e0 la possibilit\u00e0 di visualizzare le testimonianze dei tuoi prodotti direttamente sul tuo sito web pagina da tutti i noti siti di recensioni aziendali. Utilizzando il nostro widget, potrai applicare filtri per nascondere le recensioni indesiderate, mostrare la tua valutazione in stelle e quantit\u00e0 dal tuo account su qualsiasi pagina web di recensioni aziendali, aggiungere informazioni sugli autori delle recensioni e aggiungere un pulsante di invito all&#8217;azione che indurr\u00e0 gli utenti a lasciare la loro opinione. Il nostro widget Recensioni di Airbnb ti stimoler\u00e0 a dimostrare la tua notevole prova sociale sulla pagina web e iniziare a ottenere nuove vendite.<\/p><p><b>Con %\u043f\u0440\u043e\u0434\u0443\u043a\u0442%, ottieni una crescita attiva del business e un aumento delle vendite <\/b> <\/p> <\/div> <div class=\"application-platform-content-item-features application-platform-content-item\" id=\"features\" data-nav-section=\"features\"> <h2>Il widget ha funzionalit\u00e0 pratiche e semplici, visualizzane alcune: <\/h2> <ul><li>Aggiungi recensioni dei clienti da Airbnb Places<\/li><li>3 tipi di filtri: escludi per, per tipo e quantit\u00e0 di recensioni<\/li><li>Quattro tipi di layout: Slider, Massoneria, Griglia ed Elenco<\/li><li>tipi di navigazione con frecce e trascinamenti nel layout Slider<\/li><li>Imposta la velocit\u00e0 della diapositiva e la velocit\u00e0 di riproduzione automatica<\/li><li>Seleziona il tipo di impaginazione nel layout Slider<\/li><li>Pulsante di invito all&#8217;azione per ottenere le recensioni dei nuovi utenti sulla pagina Airbnb <\/li><li>3 modelli di recensioni: Bubble, Spotlight, Classic<\/li><li>6 elementi flessibili delle recensioni: consiglio e data, valutazione a stelle, icona Airbnb, foto e nome dell&#8217;autore<\/li><li>Un&#8217;opzione per modificare la dimensione del carattere del testo della recensione<\/li><\/ul><p><a href=\"#demo\">Puoi controllare tutte le funzionalit\u00e0 del widget nella demo <\/a><\/p> <\/div> <div class=\"application-platform-content-item-installazione application-platform-content-item\" id=\"installazione\" data-nav-section=\"installazione\"> <h2>Come incorporare le recensioni di Airbnb nel mio sito Jimdo? <\/h2> <p>Basta applicare le istruzioni seguenti per iniziare a lavorare con lo strumento. <\/p> <ol><li><b>Lancia la nostra demo gratuita e inizia a costruire il tuo strumento. <\/b><br> Specifica l&#8217;interfaccia personalizzata e le funzionalit\u00e0 del widget e salva le modifiche. <\/li> <li><b>Ricevi il codice univoco che appare nella finestra sulle App Elfsight. <\/b><br> Una volta terminata la configurazione del tuo widget personale, copia il codice esclusivo nella finestra emersa e salvalo per un utilizzo futuro. <\/li> <li><b>Inizia a utilizzare il widget sulla home page di Jimdo. <\/b><br> Inserisci il codice salvato di recente nel tuo sito web e applica le correzioni. <\/li> <li><b>Il gioco \u00e8 fatto! L&#8217;incorporamento \u00e8 completamente completato. <\/b><br> Vai al tuo sito per vedere come funziona lo strumento. <\/li><\/ol> <p>Nella condizione di affrontare domande o affrontare alcune difficolt\u00e0, non esitare a metterti in contatto con il nostro team di supporto. I nostri specialisti saranno felici di aiutarti con tutti i problemi che potresti avere con il widget. <\/p> <div class=\"faq\" data-component=\"FAQ\"> <div class=\"faq-item\">\r\n\t\t\t\t\t<div class=\"faq-item-question\">\r\n\t\t\t\t\t\t<h3 class=\"faq-item-question-text\">Come posso aggiungere recensioni Airbnb al mio sito web Jimdo senza competenze di programmazione?<\/h3>\r\n\r\n\t\t\t\t\t\t<div class=\"faq-item-question-icon\"><\/div>\r\n\t\t\t\t\t<\/div>\r\n\r\n\t\t\t\t\t<div class=\"faq-item-answer\">\r\n\t\t\t\t\t\t<div class=\"faq-item-answer-text\"> <p>Elfsight fornisce una soluzione SaaS che ti consente di creare tu stesso un widget Recensioni Airbnb, scopri quanto \u00e8 facile Il processo \u00e8: lavora direttamente nell&#8217;editor online per creare un widget per le recensioni di Airbnb che vorresti vedere sul tuo sito Jimdo. Scegli uno dei modelli predefiniti e regola le impostazioni delle recensioni di Airbnb, aggiungi i tuoi contenuti, modifica il layout e i colori senza competenze di codifica. Salva le recensioni di Airbnb e copia il codice di installazione, che potrai facilmente incorporare nel tuo sito Jimdo senza dover acquistare un piano a pagamento. Con il nostro editor intuitivo qualsiasi utente di Internet pu\u00f2 creare widget per le recensioni di Airbnb online e incorporarlo facilmente nel proprio sito web Jimdo. Non \u00e8 necessario pagare o inserire le credenziali della carta per accedere al servizio. In caso di problemi in qualsiasi momento, non esitate a contattare il nostro team di supporto tecnico.<\/p> <\/div>\r\n\t\t\t\t\t<\/div>\r\n\t\t\t\t<\/div> <\/div> <\/div>","protected":false},"excerpt":{"rendered":"","protected":false},"author":9,"featured_media":0,"parent":2411,"menu_order":0,"comment_status":"closed","ping_status":"closed","template":"templates\/template-application-platform.php","meta":{"publish_to_discourse":"","publish_post_category":"","wpdc_auto_publish_overridden":"","wpdc_topic_tags":"","wpdc_pin_topic":"","wpdc_pin_until":"","discourse_post_id":"","discourse_permalink":"","wpdc_publishing_response":"","wpdc_publishing_error":"","footnotes":""},"class_list":["post-3332","page","type-page","status-publish","hentry"],"yoast_head":"<!-- This site is optimized with the Yoast SEO plugin v25.3.1 - https:\/\/yoast.com\/wordpress\/plugins\/seo\/ -->\n<title>Incorpora le recensioni di Airbnb sul tuo sito Jimdo (in 2 minuti)<\/title>\n<meta name=\"description\" content=\"\u00c8 facile creare il tuo widget Recensioni Airbnb e posizionarlo sul tuo sito Jimdo. Il supporto client Elfsight \u00e8 gratuito.\" \/>\n<meta name=\"robots\" content=\"index, follow, max-snippet:-1, max-image-preview:large, max-video-preview:-1\" \/>\n<link rel=\"canonical\" href=\"https:\/\/elfsight.com\/it\/airbnb-reviews-widget\/jimdo\/\" \/>\n<meta property=\"og:locale\" content=\"it_IT\" \/>\n<meta property=\"og:type\" content=\"article\" \/>\n<meta property=\"og:title\" content=\"Incorpora le recensioni di Airbnb sul tuo sito Jimdo (in 2 minuti)\" \/>\n<meta property=\"og:description\" content=\"\u00c8 facile creare il tuo widget Recensioni Airbnb e posizionarlo sul tuo sito Jimdo. Il supporto client Elfsight \u00e8 gratuito.\" \/>\n<meta property=\"og:url\" content=\"https:\/\/elfsight.com\/it\/airbnb-reviews-widget\/jimdo\/\" \/>\n<meta property=\"og:site_name\" content=\"Elfsight IT\" \/>\n<meta property=\"article:modified_time\" content=\"2024-11-11T11:22:15+00:00\" \/>\n<meta name=\"twitter:card\" content=\"summary_large_image\" \/>\n<meta name=\"twitter:label1\" content=\"Tempo di lettura stimato\" \/>\n\t<meta name=\"twitter:data1\" content=\"3 minuti\" \/>\n<!-- \/ Yoast SEO plugin. -->","yoast_head_json":{"title":"Incorpora le recensioni di Airbnb sul tuo sito Jimdo (in 2 minuti)","description":"\u00c8 facile creare il tuo widget Recensioni Airbnb e posizionarlo sul tuo sito Jimdo. Il supporto client Elfsight \u00e8 gratuito.","robots":{"index":"index","follow":"follow","max-snippet":"max-snippet:-1","max-image-preview":"max-image-preview:large","max-video-preview":"max-video-preview:-1"},"canonical":"https:\/\/elfsight.com\/it\/airbnb-reviews-widget\/jimdo\/","og_locale":"it_IT","og_type":"article","og_title":"Incorpora le recensioni di Airbnb sul tuo sito Jimdo (in 2 minuti)","og_description":"\u00c8 facile creare il tuo widget Recensioni Airbnb e posizionarlo sul tuo sito Jimdo. Il supporto client Elfsight \u00e8 gratuito.","og_url":"https:\/\/elfsight.com\/it\/airbnb-reviews-widget\/jimdo\/","og_site_name":"Elfsight IT","article_modified_time":"2024-11-11T11:22:15+00:00","twitter_card":"summary_large_image","twitter_misc":{"Tempo di lettura stimato":"3 minuti"},"schema":{"@context":"https:\/\/schema.org","@graph":[{"@type":"WebPage","@id":"https:\/\/elfsight.com\/it\/airbnb-reviews-widget\/jimdo\/","url":"https:\/\/elfsight.com\/it\/airbnb-reviews-widget\/jimdo\/","name":"Incorpora le recensioni di Airbnb sul tuo sito Jimdo (in 2 minuti)","isPartOf":{"@id":"https:\/\/elfsight.com\/it\/#website"},"datePublished":"2024-05-03T06:26:09+00:00","dateModified":"2024-11-11T11:22:15+00:00","description":"\u00c8 facile creare il tuo widget Recensioni Airbnb e posizionarlo sul tuo sito Jimdo. Il supporto client Elfsight \u00e8 gratuito.","breadcrumb":{"@id":"https:\/\/elfsight.com\/it\/airbnb-reviews-widget\/jimdo\/#breadcrumb"},"inLanguage":"it-IT","potentialAction":[{"@type":"ReadAction","target":["https:\/\/elfsight.com\/it\/airbnb-reviews-widget\/jimdo\/"]}]},{"@type":"BreadcrumbList","@id":"https:\/\/elfsight.com\/it\/airbnb-reviews-widget\/jimdo\/#breadcrumb","itemListElement":[{"@type":"ListItem","position":1,"name":"Home","item":"https:\/\/elfsight.com\/it\/"},{"@type":"ListItem","position":2,"name":"Airbnb Reviews","item":"https:\/\/elfsight.com\/it\/airbnb-reviews-widget\/"},{"@type":"ListItem","position":3,"name":"Airbnb Reviews &#8211; Jimdo"}]},{"@type":"WebSite","@id":"https:\/\/elfsight.com\/it\/#website","url":"https:\/\/elfsight.com\/it\/","name":"Elfsight IT","description":"Just another Elfsight Sites site","potentialAction":[{"@type":"SearchAction","target":{"@type":"EntryPoint","urlTemplate":"https:\/\/elfsight.com\/it\/?s={search_term_string}"},"query-input":{"@type":"PropertyValueSpecification","valueRequired":true,"valueName":"search_term_string"}}],"inLanguage":"it-IT"}]}},"meta_box":{"industry":"","seo_heading":"","heading":"","description":"","cta_heading":"","cta_description":"","application":"2410","h1":"Widget Recensioni Jimdo Airbnb","h1_caption":"Visualizza le recensioni del tuo annuncio Airbnb per attirare pi\u00f9 ospiti con feedback autentici nel tuo sito Jimdo.","application_category":[],"applications_title":"","applications_request_title":"","applications_request_button_text":"","hero_text":"","hero_video":"","hero_video_schema_markup":"","selling_points_title":"","selling_points_caption":"","selling_points":[],"selling_points_cta_text":"","features_title":"","features":"","ed_cta_examples_text":"","ed_cta_examples_hidden":"","ed_cta_demo_text":"","ed_cta_demo_hidden":"","why_caption":"","why_editor_title":"","why_editor_text":"","why_team_title":"","why_team_text":"","why_service_title":"","why_service_text":"","template_catalog_visible":"","template_catalog_title":"","template_catalog_text":"","template_catalog_categories_visible":"","demo_title":"Crea il tuo widget Recensioni Airbnb","demo_caption":"Configura le tue recensioni Airbnb e aggiungile gratuitamente al tuo sito Jimdo!","default_faq_hidden":"","app_template_category":[],"platform":"55","template_public_id":"","codecanyon_url":"","codecanyon_item_id":"","codecanyon_price":"","pricing_caption":"","pricing_elfsight_apps_hide_column":"","pricing_elfsight_apps_url":"","pricing_codecanyon_price_caption":"","integration_category":[],"integration_request_title":"","integration_request_cta":"","integration_platform":"","integrations":[],"platform_category":[],"video_schema_markup":"","price":"da $ 0 al mese","trial":"","benefits":[{"text":"Servizio clienti professionale"},{"text":"Aiuto per l'installazione gratuito"},{"text":"Garanzia di rimborso di 14 giorni"},{"text":"Aggiornamenti gratuiti continui"}],"button_url":"#demo","button_target_blank":"","button_nofollow":"","attributes":[{"name":"Installazioni"},{"name":"Reattivo","content":"S\u00cc"},{"name":"Browser compatibili","content":"Firefox, Safari, Opera, Chrome, Edge"}],"tags":[],"tags_disable_links":"","hide_more_platforms":"","video_object":"","demo_hide_cta":"","demo_hide_cloud_options":"","pricing_title":"","pricing":[{"pricing_icon":"platform","pricing_title":"Elfsight Apps","pricing_title_caption":"Software multipiattaforma","pricing_price":"da $ 0 \/ mese","pricing_price_caption":"inizia con un piano gratuito","pricing_benefits":[{"text":"Domini illimitati"},{"text":"Supporto premium e ben documentato"},{"text":"Aiuto per l'installazione gratuito"},{"text":"Completamente personalizzabile"}],"pricing_button_text":"Aggiungi al sito web","pricing_button_url":"#demo"}],"related_apps_title":"","related_apps_hidden":"","author":"","image":[],"title":"","job":"","social_networks":[]},"_links":{"self":[{"href":"https:\/\/elfsight.com\/it\/wp-json\/wp\/v2\/pages\/3332","targetHints":{"allow":["GET"]}}],"collection":[{"href":"https:\/\/elfsight.com\/it\/wp-json\/wp\/v2\/pages"}],"about":[{"href":"https:\/\/elfsight.com\/it\/wp-json\/wp\/v2\/types\/page"}],"author":[{"embeddable":true,"href":"https:\/\/elfsight.com\/it\/wp-json\/wp\/v2\/users\/9"}],"replies":[{"embeddable":true,"href":"https:\/\/elfsight.com\/it\/wp-json\/wp\/v2\/comments?post=3332"}],"version-history":[{"count":1,"href":"https:\/\/elfsight.com\/it\/wp-json\/wp\/v2\/pages\/3332\/revisions"}],"predecessor-version":[{"id":3336,"href":"https:\/\/elfsight.com\/it\/wp-json\/wp\/v2\/pages\/3332\/revisions\/3336"}],"up":[{"embeddable":true,"href":"https:\/\/elfsight.com\/it\/wp-json\/wp\/v2\/pages\/2411"}],"wp:attachment":[{"href":"https:\/\/elfsight.com\/it\/wp-json\/wp\/v2\/media?parent=3332"}],"curies":[{"name":"wp","href":"https:\/\/api.w.org\/{rel}","templated":true}]}}