{"id":3330,"date":"2024-05-03T06:26:07","date_gmt":"2024-05-03T06:26:07","guid":{"rendered":"https:\/\/elfsight.com\/it\/?page_id=3330"},"modified":"2025-03-21T10:01:27","modified_gmt":"2025-03-21T10:01:27","slug":"bigcommerce","status":"publish","type":"page","link":"https:\/\/elfsight.com\/it\/age-verification-widget\/bigcommerce\/","title":{"rendered":"Age Verification &#8211; BigCommerce"},"content":{"rendered":"\n<div class=\"application-platform-content-item-description application-platform-content-item\" id=\"description\" data-nav-section=\"description\"> <h2>Descrizione<\/h2> <p>Il nostro widget diventer\u00e0 il modo pi\u00f9 semplice per impostare un popup immediato, che controller\u00e0 l&#8217;et\u00e0 di un utente. Il nostro widget aiuta a rendere disponibile il materiale sensibile all&#8217;et\u00e0 per gli utenti adulti e a scoraggiarlo per gli spettatori minorenni. Puoi specificare il limite di et\u00e0, scegliere il formato di verifica, posizionare il popup su tutto il sito Web o solo su pagine specifiche e definire l&#8217;azione. Anche l&#8217;aspetto pu\u00f2 essere adattato, con dettagli verniciabili e la possibilit\u00e0 di mostrare le proprie immagini. <\/p> <div class=\"faq\" data-component=\"FAQ\"> <div class=\"faq-item\">\r\n\t\t\t\t\t<div class=\"faq-item-question\">\r\n\t\t\t\t\t\t<h3 class=\"faq-item-question-text\">Dove posso inserire la verifica dell'et\u00e0<\/h3>\r\n\r\n\t\t\t\t\t\t<div class=\"faq-item-question-icon\"><\/div>\r\n\t\t\t\t\t<\/div>\r\n\r\n\t\t\t\t\t<div class=\"faq-item-answer\">\r\n\t\t\t\t\t\t<div class=\"faq-item-answer-text\"> <p>Puoi scegliere di mostrare la finestra di controllo dell&#8217;et\u00e0 su tutte le pagine o selezionare le pagine in cui integrarla. Inoltre, c&#8217;\u00e8 la funzione per nominare le pagine su cui non lo desideri. <\/p> <\/div>\r\n\t\t\t\t\t<\/div>\r\n\t\t\t\t<\/div> <div class=\"faq-item\">\r\n\t\t\t\t\t<div class=\"faq-item-question\">\r\n\t\t\t\t\t\t<h3 class=\"faq-item-question-text\">Come ne trarrei beneficio? <\/h3>\r\n\r\n\t\t\t\t\t\t<div class=\"faq-item-question-icon\"><\/div>\r\n\t\t\t\t\t<\/div>\r\n\r\n\t\t\t\t\t<div class=\"faq-item-answer\">\r\n\t\t\t\t\t\t<div class=\"faq-item-answer-text\"> <p>Con l&#8217;aiuto del nostro widget, \u00e8 assolutamente facile e veloce creare una finestra di controllo dell&#8217;et\u00e0 e scoraggiare i visitatori minorenni. Ci\u00f2 contribuir\u00e0 a garantire che il tuo sito web sia conforme alla legislazione. Inoltre, porter\u00e0 pi\u00f9 visitatori target e clienti validi. <\/p> <\/div>\r\n\t\t\t\t\t<\/div>\r\n\t\t\t\t<\/div> <div class=\"faq-item\">\r\n\t\t\t\t\t<div class=\"faq-item-question\">\r\n\t\t\t\t\t\t<h3 class=\"faq-item-question-text\">Come posso aggiungere la verifica dell'et\u00e0 sul mio sito BigCommerce? <\/h3>\r\n\r\n\t\t\t\t\t\t<div class=\"faq-item-question-icon\"><\/div>\r\n\t\t\t\t\t<\/div>\r\n\r\n\t\t\t\t\t<div class=\"faq-item-answer\">\r\n\t\t\t\t\t\t<div class=\"faq-item-answer-text\"> <p>Ci vorr\u00e0 solo un minuto di tempo per attivare il widget. L&#8217;installazione \u00e8 molto veloce, gratuita e priva di codifica. <\/p> <p>Il widget pu\u00f2 essere introdotto direttamente sul nostro servizio o tramite il marketplace. Puoi confrontare le due varianti e scegliere la tua.<\/p> <\/div>\r\n\t\t\t\t\t<\/div>\r\n\t\t\t\t<\/div> <\/div> <\/div> <div class=\"application-platform-content-item-features application-platform-content-item\" id=\"features\" data-nav-section=\"features\"> <h2>Caratteristiche<\/h2> <p>Per formare una versione migliore idea del widget, controlla l&#8217;elenco delle sue caratteristiche principali. Rendono questo widget davvero efficiente per il tuo negozio: <\/p> <ul><li>Seleziona uno dei tre tipi di verifica: richiesta per la data di nascita completa, solo l&#8217;anno di nascita o una domanda che offre risposte S\u00ec e No; <\/li><li>Imposta il widget per ricordare un visitatore per un qualsiasi periodo di tempo in giorni; <\/li><li>Due possibili scenari per i visitatori minorenni: mostrare un testo o indirizzare un utente verso un altro indirizzo; <\/li><li>Carica qualsiasi immagine per il popup di controllo dell&#8217;et\u00e0; <\/li><li>Visualizza testo aggiuntivo con collegamenti sotto il pulsante di verifica. <\/li><\/ul><p><a href=\"#demo\">Guarda tutte le funzionalit\u00e0 nella nostra demo<\/a><\/p> <\/div> <div class=\"application-platform-content-item-installation application-platform-content-item\" id=\"installation\" data-nav-section=\"installation\"> <h2>Facciamo controlla come aggiungere il widget di verifica dell&#8217;et\u00e0 al tuo sito web BigCommerce<\/h2> <div class=\"video-container\"><iframe width=\"560\" height=\"315\" src=\"https:\/\/www.youtube.com\/embed\/Dc4FWjE4-RQ?si=rikgCpnAcgS0BIGh\" frameborder=\"0\" allow=\"accelerometer; autoplay; clipboard-write; encrypted-media; gyroscope; picture-in-picture; web-share\" allowfullscreen><\/iframe><\/div><p>\u00c8 sufficiente eseguire diversi passaggi presentati di seguito per attivare il plug-in su BigCommerce.<\/p> <ol><li><b>Esegui il nostro configuratore gratuito e inizia a creare il tuo strumento. <\/b><br> Specifica il layout e le specifiche preferite dello strumento e applica le correzioni. <\/li> <li><b>Copia il codice personale che appare nella finestra su Elfsight Apps. <\/b><br> Non appena la creazione del tuo widget di verifica \u00e8 terminata, copia il codice personale nel popup visualizzato e conservalo per un ulteriore utilizzo. <\/li> <li><b>Inizia a utilizzare il widget sul tuo sito BigCommerce. <\/b><br> Integra il codice copiato di recente nella tua pagina e applica i miglioramenti. <\/li> <li><b>Fatto! L&#8217;integrazione \u00e8 stata completata con successo. <\/b><br> Vai al tuo sito web per esaminare il funzionamento del plug-in. <\/li><\/ol><p>Non riesci ancora a decidere? O hai domande? Scrivi semplicemente una richiesta al nostro team di supporto e risolveranno qualsiasi tipo di domanda. <\/p> <\/div>\n","protected":false},"excerpt":{"rendered":"","protected":false},"author":9,"featured_media":0,"parent":1175,"menu_order":0,"comment_status":"closed","ping_status":"closed","template":"templates\/template-application-platform.php","meta":{"publish_to_discourse":"","publish_post_category":"","wpdc_auto_publish_overridden":"","wpdc_topic_tags":"","wpdc_pin_topic":"","wpdc_pin_until":"","discourse_post_id":"","discourse_permalink":"","wpdc_publishing_response":"","wpdc_publishing_error":"","footnotes":""},"class_list":["post-3330","page","type-page","status-publish","hentry"],"yoast_head":"<!-- This site is optimized with the Yoast SEO plugin v25.3.1 - https:\/\/yoast.com\/wordpress\/plugins\/seo\/ -->\n<title>App di verifica dell&#039;et\u00e0 sul sito web di BigCommerce (veloce e gratuita)<\/title>\n<meta name=\"description\" content=\"Con Elfsight, produci la tua verifica dell&#039;et\u00e0 e mostrala facilmente sul tuo sito web BigCommerce. Offriamo assistenza clienti gratuita e altri bonus.\" \/>\n<meta name=\"robots\" content=\"index, follow, max-snippet:-1, max-image-preview:large, max-video-preview:-1\" \/>\n<link rel=\"canonical\" href=\"https:\/\/elfsight.com\/it\/age-verification-widget\/bigcommerce\/\" \/>\n<meta property=\"og:locale\" content=\"it_IT\" \/>\n<meta property=\"og:type\" content=\"article\" \/>\n<meta property=\"og:title\" content=\"App di verifica dell&#039;et\u00e0 sul sito web di BigCommerce (veloce e gratuita)\" \/>\n<meta property=\"og:description\" content=\"Con Elfsight, produci la tua verifica dell&#039;et\u00e0 e mostrala facilmente sul tuo sito web BigCommerce. Offriamo assistenza clienti gratuita e altri bonus.\" \/>\n<meta property=\"og:url\" content=\"https:\/\/elfsight.com\/it\/age-verification-widget\/bigcommerce\/\" \/>\n<meta property=\"og:site_name\" content=\"Elfsight IT\" \/>\n<meta property=\"article:modified_time\" content=\"2025-03-21T10:01:27+00:00\" \/>\n<meta name=\"twitter:card\" content=\"summary_large_image\" \/>\n<meta name=\"twitter:label1\" content=\"Tempo di lettura stimato\" \/>\n\t<meta name=\"twitter:data1\" content=\"3 minuti\" \/>\n<!-- \/ Yoast SEO plugin. -->","yoast_head_json":{"title":"App di verifica dell'et\u00e0 sul sito web di BigCommerce (veloce e gratuita)","description":"Con Elfsight, produci la tua verifica dell'et\u00e0 e mostrala facilmente sul tuo sito web BigCommerce. Offriamo assistenza clienti gratuita e altri bonus.","robots":{"index":"index","follow":"follow","max-snippet":"max-snippet:-1","max-image-preview":"max-image-preview:large","max-video-preview":"max-video-preview:-1"},"canonical":"https:\/\/elfsight.com\/it\/age-verification-widget\/bigcommerce\/","og_locale":"it_IT","og_type":"article","og_title":"App di verifica dell'et\u00e0 sul sito web di BigCommerce (veloce e gratuita)","og_description":"Con Elfsight, produci la tua verifica dell'et\u00e0 e mostrala facilmente sul tuo sito web BigCommerce. Offriamo assistenza clienti gratuita e altri bonus.","og_url":"https:\/\/elfsight.com\/it\/age-verification-widget\/bigcommerce\/","og_site_name":"Elfsight IT","article_modified_time":"2025-03-21T10:01:27+00:00","twitter_card":"summary_large_image","twitter_misc":{"Tempo di lettura stimato":"3 minuti"},"schema":{"@context":"https:\/\/schema.org","@graph":[{"@type":"WebPage","@id":"https:\/\/elfsight.com\/it\/age-verification-widget\/bigcommerce\/","url":"https:\/\/elfsight.com\/it\/age-verification-widget\/bigcommerce\/","name":"App di verifica dell'et\u00e0 sul sito web di BigCommerce (veloce e gratuita)","isPartOf":{"@id":"https:\/\/elfsight.com\/it\/#website"},"datePublished":"2024-05-03T06:26:07+00:00","dateModified":"2025-03-21T10:01:27+00:00","description":"Con Elfsight, produci la tua verifica dell'et\u00e0 e mostrala facilmente sul tuo sito web BigCommerce. Offriamo assistenza clienti gratuita e altri bonus.","breadcrumb":{"@id":"https:\/\/elfsight.com\/it\/age-verification-widget\/bigcommerce\/#breadcrumb"},"inLanguage":"it-IT","potentialAction":[{"@type":"ReadAction","target":["https:\/\/elfsight.com\/it\/age-verification-widget\/bigcommerce\/"]}]},{"@type":"BreadcrumbList","@id":"https:\/\/elfsight.com\/it\/age-verification-widget\/bigcommerce\/#breadcrumb","itemListElement":[{"@type":"ListItem","position":1,"name":"Home","item":"https:\/\/elfsight.com\/it\/"},{"@type":"ListItem","position":2,"name":"Age Verification","item":"https:\/\/elfsight.com\/it\/age-verification-widget\/"},{"@type":"ListItem","position":3,"name":"Age Verification &#8211; BigCommerce"}]},{"@type":"WebSite","@id":"https:\/\/elfsight.com\/it\/#website","url":"https:\/\/elfsight.com\/it\/","name":"Elfsight IT","description":"Just another Elfsight Sites site","potentialAction":[{"@type":"SearchAction","target":{"@type":"EntryPoint","urlTemplate":"https:\/\/elfsight.com\/it\/?s={search_term_string}"},"query-input":{"@type":"PropertyValueSpecification","valueRequired":true,"valueName":"search_term_string"}}],"inLanguage":"it-IT"}]}},"meta_box":{"industry":"","seo_heading":"","heading":"","description":"","cta_heading":"","cta_description":"","application":"1174","h1":"App di verifica dell'et\u00e0 di BigCommerce","h1_caption":"Assicurati che i contenuti sensibili all'et\u00e0 siano accessibili in modo responsabile con un'app di verifica dell'et\u00e0 semplice e personalizzabile nel tuo sito web BigCommerce senza sforzo.","application_category":[],"applications_title":"","applications_request_title":"","applications_request_button_text":"","hero_text":"","hero_video":"","hero_video_schema_markup":"","selling_points_title":"","selling_points_caption":"","selling_points":[],"selling_points_cta_text":"","features_title":"","features":"","ed_cta_examples_text":"","ed_cta_examples_hidden":"","ed_cta_demo_text":"","ed_cta_demo_hidden":"","why_caption":"","why_editor_title":"","why_editor_text":"","why_team_title":"","why_team_text":"","why_service_title":"","why_service_text":"","template_catalog_visible":"0","template_catalog_title":"","template_catalog_text":"","template_catalog_categories_visible":"","demo_title":"Crea la tua app per la verifica dell'et\u00e0","demo_caption":"Configura la verifica dell'et\u00e0 e aggiungila gratuitamente al tuo sito BigCommerce!","default_faq_hidden":"","app_template_category":[],"platform":"32","template_public_id":"","codecanyon_url":"","codecanyon_item_id":"","codecanyon_price":"","pricing_caption":"","pricing_elfsight_apps_hide_column":"","pricing_elfsight_apps_url":"","pricing_codecanyon_price_caption":"","integration_category":[],"integration_request_title":"","integration_request_cta":"","integration_platform":"","integrations":[],"platform_category":[],"video_schema_markup":"","price":"da $ 0 al mese","trial":"","benefits":[{"text":"Assistenza gratuita per l'installazione"},{"text":"Servizio clienti efficace"},{"text":"Garanzia di rimborso di 14 giorni"},{"text":"Aggiornamento costante"}],"button_url":"#demo","button_target_blank":"0","button_nofollow":"0","attributes":[{"name":"Installazioni","content":"10,000 - 100,000"},{"name":"Reattivo","content":"S\u00cc"},{"name":"Browser compatibili","content":"Edge, Safari, Firefox, Opera, Chrome"}],"tags":[],"tags_disable_links":"0","hide_more_platforms":"0","video_object":"","demo_hide_cta":"0","demo_hide_cloud_options":"0","pricing_title":"","pricing":[{"pricing_icon":"platform","pricing_title":"Elfsight Apps","pricing_title_caption":"Soluzione digitale multipiattaforma adatta a qualsiasi sito","pricing_price":"da $ 0 \/ mese","pricing_price_caption":"inizia con il piano gratuito","pricing_benefits":[{"text":"Domini illimitati"},{"text":"Assistenza clienti veloce"},{"text":"Assistenza per l'installazione gratuita"},{"text":"100% personalizzabile"}],"pricing_button_text":"Aggiungi al sito web","pricing_button_url":"#demo"}],"related_apps_title":"","related_apps_hidden":"0","author":"","image":[],"title":"","job":"","social_networks":[]},"_links":{"self":[{"href":"https:\/\/elfsight.com\/it\/wp-json\/wp\/v2\/pages\/3330","targetHints":{"allow":["GET"]}}],"collection":[{"href":"https:\/\/elfsight.com\/it\/wp-json\/wp\/v2\/pages"}],"about":[{"href":"https:\/\/elfsight.com\/it\/wp-json\/wp\/v2\/types\/page"}],"author":[{"embeddable":true,"href":"https:\/\/elfsight.com\/it\/wp-json\/wp\/v2\/users\/9"}],"replies":[{"embeddable":true,"href":"https:\/\/elfsight.com\/it\/wp-json\/wp\/v2\/comments?post=3330"}],"version-history":[{"count":5,"href":"https:\/\/elfsight.com\/it\/wp-json\/wp\/v2\/pages\/3330\/revisions"}],"predecessor-version":[{"id":9567,"href":"https:\/\/elfsight.com\/it\/wp-json\/wp\/v2\/pages\/3330\/revisions\/9567"}],"up":[{"embeddable":true,"href":"https:\/\/elfsight.com\/it\/wp-json\/wp\/v2\/pages\/1175"}],"wp:attachment":[{"href":"https:\/\/elfsight.com\/it\/wp-json\/wp\/v2\/media?parent=3330"}],"curies":[{"name":"wp","href":"https:\/\/api.w.org\/{rel}","templated":true}]}}