{"id":3325,"date":"2024-05-03T06:26:06","date_gmt":"2024-05-03T06:26:06","guid":{"rendered":"https:\/\/elfsight.com\/it\/?page_id=3325"},"modified":"2025-03-21T10:02:44","modified_gmt":"2025-03-21T10:02:44","slug":"blogger","status":"publish","type":"page","link":"https:\/\/elfsight.com\/it\/age-verification-widget\/blogger\/","title":{"rendered":"Age Verification &#8211; Blogger"},"content":{"rendered":"\n<div class=\"application-platform-content-item-description application-platform-content-item\" id=\"description\" data-nav-section=\"description\"> <h2>Descrizione<\/h2> <p>Il widget Elfsight sar\u00e0 lo strumento pi\u00f9 semplice per ottenere una finestra di caricamento della pagina che verifica l&#8217;et\u00e0 di un visitatore. Il widget rende il tuo materiale limitato per et\u00e0 raggiungibile per gli utenti maggiorenni e lo nasconde dalla categoria dei minorenni. Puoi definire un limite di et\u00e0 richiesto, specificare il metodo di verifica, introdurre il widget su ciascuna pagina o solo su quella selezionata e scegliere lo scenario. Anche l&#8217;interfaccia \u00e8 sotto il tuo controllo con dettagli verniciabili e la funzione per caricare le tue immagini. <\/p> <div class=\"faq\" data-component=\"FAQ\"> <div class=\"faq-item\">\r\n\t\t\t\t\t<div class=\"faq-item-question\">\r\n\t\t\t\t\t\t<h3 class=\"faq-item-question-text\">Dove posso installarlo sul mio sito<\/h3>\r\n\r\n\t\t\t\t\t\t<div class=\"faq-item-question-icon\"><\/div>\r\n\t\t\t\t\t<\/div>\r\n\r\n\t\t\t\t\t<div class=\"faq-item-answer\">\r\n\t\t\t\t\t\t<div class=\"faq-item-answer-text\"> <p>Puoi mostrare il popup di controllo dell&#8217;et\u00e0 su tutti i siti Web o scegliere le pagine in cui mostrarlo. Inoltre, c&#8217;\u00e8 la possibilit\u00e0 di escludere le pagine in cui non ti serve. <\/p> <\/div>\r\n\t\t\t\t\t<\/div>\r\n\t\t\t\t<\/div> <div class=\"faq-item\">\r\n\t\t\t\t\t<div class=\"faq-item-question\">\r\n\t\t\t\t\t\t<h3 class=\"faq-item-question-text\">Come posso trarre vantaggio da questo plugin? <\/h3>\r\n\r\n\t\t\t\t\t\t<div class=\"faq-item-question-icon\"><\/div>\r\n\t\t\t\t\t<\/div>\r\n\r\n\t\t\t\t\t<div class=\"faq-item-answer\">\r\n\t\t\t\t\t\t<div class=\"faq-item-answer-text\"> <p>Utilizzando questo widget, \u00e8 estremamente semplice e veloce mostrare una finestra di verifica dell&#8217;et\u00e0 e rendere il tuo materiale non disponibile per i visitatori minorenni. In questo modo sarai sicuro che il tuo sito web sia conforme alla legislazione. Inoltre, questo attirer\u00e0 pi\u00f9 visitatori target e potenziali clienti validi. <\/p> <\/div>\r\n\t\t\t\t\t<\/div>\r\n\t\t\t\t<\/div> <div class=\"faq-item\">\r\n\t\t\t\t\t<div class=\"faq-item-question\">\r\n\t\t\t\t\t\t<h3 class=\"faq-item-question-text\">Come faccio ad aggiungere la verifica dell'et\u00e0 al mio sito Blogger? <\/h3>\r\n\r\n\t\t\t\t\t\t<div class=\"faq-item-question-icon\"><\/div>\r\n\t\t\t\t\t<\/div>\r\n\r\n\t\t\t\t\t<div class=\"faq-item-answer\">\r\n\t\t\t\t\t\t<div class=\"faq-item-answer-text\"> <p>Avrai bisogno solo di due minuti di tempo per configurarla. L&#8217;installazione \u00e8 davvero veloce, gratuita e non include la codifica. <\/p> <p>La verifica dell&#8217;et\u00e0 Elfsight pu\u00f2 essere integrata tramite il nostro servizio o tramite il marketplace. Qui puoi confrontare i vantaggi di entrambe le varianti e scegliere quella pi\u00f9 adatta. <\/p> <\/div>\r\n\t\t\t\t\t<\/div>\r\n\t\t\t\t<\/div> <\/div> <\/div> <div class=\"application-platform-content-item-features application-platform-content-item\" id=\"features\" data-nav-section=\"features\"> <h2>Caratteristiche<\/h2> <p>Per una comprensione pi\u00f9 chiara del widget, controlla l&#8217;elenco delle principali tratti. Rendono il widget incredibilmente efficace per te: <\/p> <ul><li>Scegli uno dei tre formati di controllo: chiedi la data di nascita completa, solo l&#8217;anno di nascita o una domanda che offre opzioni S\u00ec e No; <\/li><li>L&#8217;opzione di ricordare gli utenti per qualsiasi periodo di tempo; <\/li><li>2 scenari per scoraggiare i visitatori: visualizzare un testo personalizzato o indirizzare un utente a qualsiasi indirizzo; <\/li><li>Aggiungi la tua immagine da aggiungere al popup di verifica; <\/li><li>Dimostra dettagli aggiuntivi con i collegamenti sotto il pulsante di verifica. <\/li><\/ul><p><a href=\"#demo\">La demo dal vivo ti aprir\u00e0 tutte le funzionalit\u00e0<\/a><\/p> <\/div> <div class=\"application-platform-content-item-installation application-platform-content-item\" id=\"installation\" data-nav-section=\"installation\"> <h2>Scopri come aggiungere il widget di verifica dell&#8217;et\u00e0 al tuo sito web Blogger. \u00c8 veloce.<\/h2> <div class=\"video-container\"><iframe width=\"560\" height=\"315\" src=\"https:\/\/www.youtube.com\/embed\/5tEa0-ah-0E?si=UvGcXXaC3XPYWi_c\" frameborder=\"0\" allow=\"accelerometer; autoplay; clipboard-write; encrypted-media; gyroscope; picture-in-picture; web-share\" allowfullscreen><\/iframe><\/div><p>I passaggi seguenti sono l&#8217;unica cosa che devi fare. <\/p> <ol><li><b>Genera il tuo plugin personale per la verifica dell&#8217;et\u00e0<\/b><br> Gestendo il nostro configuratore gratuito, imposta un plugin con il layout e le funzioni selezionati. <\/li><li><b>Copia il codice individuale per visualizzare il plugin<\/b><br> Dopo aver personalizzato il tuo widget, riceverai il codice di installazione dalla notifica popup sulle app Elfsight. Copialo.<\/li> <li><b> Il plugin sul tuo sito web Muse<\/b><br> Scegli l&#8217;area in cui desideri incorporare il plugin e inserisci l\u00ec il codice copiato. Salva le modifiche. <\/li> <li><b>Congratulazioni! Hai appena pubblicato il widget! <\/b><br> Visita la pagina web per visualizzare il tuo plugin. <\/li> <\/ol><p>Hai ancora dubbi? O hai domande? Basta una sola richiesta al nostro servizio clienti per risolvere qualsiasi tipo di problema. <\/p> <\/div>\n","protected":false},"excerpt":{"rendered":"","protected":false},"author":9,"featured_media":0,"parent":1175,"menu_order":0,"comment_status":"closed","ping_status":"closed","template":"templates\/template-application-platform.php","meta":{"publish_to_discourse":"","publish_post_category":"","wpdc_auto_publish_overridden":"","wpdc_topic_tags":"","wpdc_pin_topic":"","wpdc_pin_until":"","discourse_post_id":"","discourse_permalink":"","wpdc_publishing_response":"","wpdc_publishing_error":"","footnotes":""},"class_list":["post-3325","page","type-page","status-publish","hentry"],"yoast_head":"<!-- This site is optimized with the Yoast SEO plugin v25.3.1 - https:\/\/yoast.com\/wordpress\/plugins\/seo\/ -->\n<title>Aggiungi il widget di verifica dell&#039;et\u00e0 al sito web di Blogger (veloce e gratuito)<\/title>\n<meta name=\"description\" content=\"\u00c8 facile creare il widget di verifica dell&#039;et\u00e0 e pubblicarlo sul sito Web di Blogger. L&#039;assistenza clienti Elfsight \u00e8 gratuita.\" \/>\n<meta name=\"robots\" content=\"index, follow, max-snippet:-1, max-image-preview:large, max-video-preview:-1\" \/>\n<link rel=\"canonical\" href=\"https:\/\/elfsight.com\/it\/age-verification-widget\/blogger\/\" \/>\n<meta property=\"og:locale\" content=\"it_IT\" \/>\n<meta property=\"og:type\" content=\"article\" \/>\n<meta property=\"og:title\" content=\"Aggiungi il widget di verifica dell&#039;et\u00e0 al sito web di Blogger (veloce e gratuito)\" \/>\n<meta property=\"og:description\" content=\"\u00c8 facile creare il widget di verifica dell&#039;et\u00e0 e pubblicarlo sul sito Web di Blogger. L&#039;assistenza clienti Elfsight \u00e8 gratuita.\" \/>\n<meta property=\"og:url\" content=\"https:\/\/elfsight.com\/it\/age-verification-widget\/blogger\/\" \/>\n<meta property=\"og:site_name\" content=\"Elfsight IT\" \/>\n<meta property=\"article:modified_time\" content=\"2025-03-21T10:02:44+00:00\" \/>\n<meta name=\"twitter:card\" content=\"summary_large_image\" \/>\n<meta name=\"twitter:label1\" content=\"Tempo di lettura stimato\" \/>\n\t<meta name=\"twitter:data1\" content=\"3 minuti\" \/>\n<!-- \/ Yoast SEO plugin. -->","yoast_head_json":{"title":"Aggiungi il widget di verifica dell'et\u00e0 al sito web di Blogger (veloce e gratuito)","description":"\u00c8 facile creare il widget di verifica dell'et\u00e0 e pubblicarlo sul sito Web di Blogger. L'assistenza clienti Elfsight \u00e8 gratuita.","robots":{"index":"index","follow":"follow","max-snippet":"max-snippet:-1","max-image-preview":"max-image-preview:large","max-video-preview":"max-video-preview:-1"},"canonical":"https:\/\/elfsight.com\/it\/age-verification-widget\/blogger\/","og_locale":"it_IT","og_type":"article","og_title":"Aggiungi il widget di verifica dell'et\u00e0 al sito web di Blogger (veloce e gratuito)","og_description":"\u00c8 facile creare il widget di verifica dell'et\u00e0 e pubblicarlo sul sito Web di Blogger. L'assistenza clienti Elfsight \u00e8 gratuita.","og_url":"https:\/\/elfsight.com\/it\/age-verification-widget\/blogger\/","og_site_name":"Elfsight IT","article_modified_time":"2025-03-21T10:02:44+00:00","twitter_card":"summary_large_image","twitter_misc":{"Tempo di lettura stimato":"3 minuti"},"schema":{"@context":"https:\/\/schema.org","@graph":[{"@type":"WebPage","@id":"https:\/\/elfsight.com\/it\/age-verification-widget\/blogger\/","url":"https:\/\/elfsight.com\/it\/age-verification-widget\/blogger\/","name":"Aggiungi il widget di verifica dell'et\u00e0 al sito web di Blogger (veloce e gratuito)","isPartOf":{"@id":"https:\/\/elfsight.com\/it\/#website"},"datePublished":"2024-05-03T06:26:06+00:00","dateModified":"2025-03-21T10:02:44+00:00","description":"\u00c8 facile creare il widget di verifica dell'et\u00e0 e pubblicarlo sul sito Web di Blogger. L'assistenza clienti Elfsight \u00e8 gratuita.","breadcrumb":{"@id":"https:\/\/elfsight.com\/it\/age-verification-widget\/blogger\/#breadcrumb"},"inLanguage":"it-IT","potentialAction":[{"@type":"ReadAction","target":["https:\/\/elfsight.com\/it\/age-verification-widget\/blogger\/"]}]},{"@type":"BreadcrumbList","@id":"https:\/\/elfsight.com\/it\/age-verification-widget\/blogger\/#breadcrumb","itemListElement":[{"@type":"ListItem","position":1,"name":"Home","item":"https:\/\/elfsight.com\/it\/"},{"@type":"ListItem","position":2,"name":"Age Verification","item":"https:\/\/elfsight.com\/it\/age-verification-widget\/"},{"@type":"ListItem","position":3,"name":"Age Verification &#8211; Blogger"}]},{"@type":"WebSite","@id":"https:\/\/elfsight.com\/it\/#website","url":"https:\/\/elfsight.com\/it\/","name":"Elfsight IT","description":"Just another Elfsight Sites site","potentialAction":[{"@type":"SearchAction","target":{"@type":"EntryPoint","urlTemplate":"https:\/\/elfsight.com\/it\/?s={search_term_string}"},"query-input":{"@type":"PropertyValueSpecification","valueRequired":true,"valueName":"search_term_string"}}],"inLanguage":"it-IT"}]}},"meta_box":{"industry":"","seo_heading":"","heading":"","description":"","cta_heading":"","cta_description":"","application":"1174","h1":"Widget di verifica dell'et\u00e0 di Blogger","h1_caption":"Assicurati che i contenuti sensibili all'et\u00e0 siano accessibili in modo responsabile con un widget di verifica dell'et\u00e0 semplice e personalizzabile nel tuo sito web Blogger senza sforzo.","application_category":[],"applications_title":"","applications_request_title":"","applications_request_button_text":"","hero_text":"","hero_video":"","hero_video_schema_markup":"","selling_points_title":"","selling_points_caption":"","selling_points":[],"selling_points_cta_text":"","features_title":"","features":"","ed_cta_examples_text":"","ed_cta_examples_hidden":"","ed_cta_demo_text":"","ed_cta_demo_hidden":"","why_caption":"","why_editor_title":"","why_editor_text":"","why_team_title":"","why_team_text":"","why_service_title":"","why_service_text":"","template_catalog_visible":"0","template_catalog_title":"","template_catalog_text":"","template_catalog_categories_visible":"","demo_title":"Crea il tuo widget di verifica dell'et\u00e0","demo_caption":"Configura la verifica dell'et\u00e0 e aggiungila gratuitamente al tuo sito Blogger!","default_faq_hidden":"","app_template_category":[],"platform":"33","template_public_id":"","codecanyon_url":"","codecanyon_item_id":"","codecanyon_price":"","pricing_caption":"","pricing_elfsight_apps_hide_column":"","pricing_elfsight_apps_url":"","pricing_codecanyon_price_caption":"","integration_category":[],"integration_request_title":"","integration_request_cta":"","integration_platform":"","integrations":[],"platform_category":[],"video_schema_markup":"","price":"da $ 0 al mese","trial":"","benefits":[{"text":"Assistenza gratuita per l'installazione"},{"text":"Supporto premium"},{"text":"Garanzia di rimborso di 14 giorni"},{"text":"Sviluppo continuo"}],"button_url":"#demo","button_target_blank":"0","button_nofollow":"0","attributes":[{"name":"Installazioni","content":"10,000 - 100,000"},{"name":"Reattivo","content":"S\u00cc"},{"name":"Browser compatibili","content":"Firefox, Safari, Opera, Chrome, Edge"}],"tags":[],"tags_disable_links":"0","hide_more_platforms":"0","video_object":"","demo_hide_cta":"0","demo_hide_cloud_options":"0","pricing_title":"","pricing":[{"pricing_icon":"platform","pricing_title":"Elfsight Apps","pricing_title_caption":"Versione indipendente dalla piattaforma che funziona su qualsiasi sito","pricing_price":"da $ 0 \/ mese","pricing_price_caption":"inizia con un piano gratuito","pricing_benefits":[{"text":"Domini illimitati"},{"text":"Assistenza clienti gratuita"},{"text":"Assistenza gratuita per l'installazione"},{"text":"Progettazione flessibile"}],"pricing_button_text":"Aggiungi al sito web","pricing_button_url":"#demo"}],"related_apps_title":"","related_apps_hidden":"0","author":"","image":[],"title":"","job":"","social_networks":[]},"_links":{"self":[{"href":"https:\/\/elfsight.com\/it\/wp-json\/wp\/v2\/pages\/3325","targetHints":{"allow":["GET"]}}],"collection":[{"href":"https:\/\/elfsight.com\/it\/wp-json\/wp\/v2\/pages"}],"about":[{"href":"https:\/\/elfsight.com\/it\/wp-json\/wp\/v2\/types\/page"}],"author":[{"embeddable":true,"href":"https:\/\/elfsight.com\/it\/wp-json\/wp\/v2\/users\/9"}],"replies":[{"embeddable":true,"href":"https:\/\/elfsight.com\/it\/wp-json\/wp\/v2\/comments?post=3325"}],"version-history":[{"count":3,"href":"https:\/\/elfsight.com\/it\/wp-json\/wp\/v2\/pages\/3325\/revisions"}],"predecessor-version":[{"id":9568,"href":"https:\/\/elfsight.com\/it\/wp-json\/wp\/v2\/pages\/3325\/revisions\/9568"}],"up":[{"embeddable":true,"href":"https:\/\/elfsight.com\/it\/wp-json\/wp\/v2\/pages\/1175"}],"wp:attachment":[{"href":"https:\/\/elfsight.com\/it\/wp-json\/wp\/v2\/media?parent=3325"}],"curies":[{"name":"wp","href":"https:\/\/api.w.org\/{rel}","templated":true}]}}