{"id":3323,"date":"2024-05-03T06:26:04","date_gmt":"2024-05-03T06:26:04","guid":{"rendered":"https:\/\/elfsight.com\/it\/?page_id=3323"},"modified":"2025-03-21T10:05:58","modified_gmt":"2025-03-21T10:05:58","slug":"joomla","status":"publish","type":"page","link":"https:\/\/elfsight.com\/it\/age-verification-widget\/joomla\/","title":{"rendered":"Age Verification &#8211; Joomla"},"content":{"rendered":"\n<div class=\"application-platform-content-item-description application-platform-content-item\" id=\"description\" data-nav-section=\"description\"> <h2>Descrizione<\/h2> <p>Questo widget sar\u00e0 lo strumento pi\u00f9 pratico per creare una notifica immediata, che controlla l&#8217;et\u00e0 di un visitatore del sito web. Questo widget ti aiuter\u00e0 a rendere i tuoi contenuti soggetti a limiti di et\u00e0 disponibili per gli utenti maggiorenni e a nasconderli per la categoria dei minorenni. Sono disponibili opzioni per scegliere il limite di et\u00e0 corretto, definire il modulo di verifica, introdurre il widget su tutte o solo pagine specifiche e l&#8217;azione dopo la negazione dell&#8217;accesso. Anche lo stile \u00e8 sotto il tuo controllo con elementi verniciabili e la possibilit\u00e0 di caricare le tue immagini. <\/p> <div class=\"faq\" data-component=\"FAQ\"> <div class=\"faq-item\">\r\n\t\t\t\t\t<div class=\"faq-item-question\">\r\n\t\t\t\t\t\t<h3 class=\"faq-item-question-text\">Dove posso integrarlo nel mio sito web<\/h3>\r\n\r\n\t\t\t\t\t\t<div class=\"faq-item-question-icon\"><\/div>\r\n\t\t\t\t\t<\/div>\r\n\r\n\t\t\t\t\t<div class=\"faq-item-answer\">\r\n\t\t\t\t\t\t<div class=\"faq-item-answer-text\"> <p>Puoi mostrare il popup del controllo dell&#8217;et\u00e0 su tutte le pagine o scegliere le pagine per visualizzarlo. Inoltre, puoi utilizzare la funzione per escludere quelle pagine in cui non le desideri. <\/p> <\/div>\r\n\t\t\t\t\t<\/div>\r\n\t\t\t\t<\/div> <div class=\"faq-item\">\r\n\t\t\t\t\t<div class=\"faq-item-question\">\r\n\t\t\t\t\t\t<h3 class=\"faq-item-question-text\">Quali vantaggi pu\u00f2 darmi? <\/h3>\r\n\r\n\t\t\t\t\t\t<div class=\"faq-item-question-icon\"><\/div>\r\n\t\t\t\t\t<\/div>\r\n\r\n\t\t\t\t\t<div class=\"faq-item-answer\">\r\n\t\t\t\t\t\t<div class=\"faq-item-answer-text\"> <p>Con l&#8217;aiuto di questo widget, \u00e8 perfettamente semplice e veloce incorporare un popup di verifica dell&#8217;et\u00e0 e nascondere il tuo materiale agli utenti minorenni . Ci\u00f2 contribuir\u00e0 a garantire che il tuo sito web sia conforme alla legislazione. Inoltre, attirer\u00e0 nuovi visitatori target e validi potenziali clienti. <\/p> <\/div>\r\n\t\t\t\t\t<\/div>\r\n\t\t\t\t<\/div> <div class=\"faq-item\">\r\n\t\t\t\t\t<div class=\"faq-item-question\">\r\n\t\t\t\t\t\t<h3 class=\"faq-item-question-text\">Di cosa ho bisogno per aggiungere la verifica dell'et\u00e0 sul mio sito Joomla? <\/h3>\r\n\r\n\t\t\t\t\t\t<div class=\"faq-item-question-icon\"><\/div>\r\n\t\t\t\t\t<\/div>\r\n\r\n\t\t\t\t\t<div class=\"faq-item-answer\">\r\n\t\t\t\t\t\t<div class=\"faq-item-answer-text\"> <p>Hai solo bisogno di tre minuti di tempo per attivare la notifica. Il processo di integrazione \u00e8 estremamente veloce, gratuito e non prevede la codifica. <\/p> <p>Il widget pu\u00f2 essere inserito tramite il nostro servizio o sul marketplace. Puoi confrontare pi\u00f9 queste opzioni e selezionare la tua. <\/p> <\/div>\r\n\t\t\t\t\t<\/div>\r\n\t\t\t\t<\/div> <\/div> <\/div> <div class=\"application-platform-content-item-features application-platform-content-item\" id=\"features\" data-nav-section=\"features\"> <h2>Funzionalit\u00e0<\/h2> <p>Per comprendere meglio la verifica dell&#8217;et\u00e0, consultare l&#8217;elenco delle le funzioni primarie. Rendono il widget incredibilmente efficiente per la tua attivit\u00e0: <\/p> <ul><li>Scegli uno dei tre formati di controllo: richiesta per la data di nascita completa, solo l&#8217;anno di nascita o una domanda con risposte S\u00ec e No; <\/li><li>Imposta il widget per ricordare gli utenti per qualsiasi periodo di tempo; <\/li><li>2 scenari per utenti minorenni: mostrare un messaggio o reindirizzare un utente ad un altro indirizzo; <\/li><li>Carica qualsiasi immagine da mostrare nel popup di controllo; <\/li><li>Dimostra dettagli aggiuntivi con i collegamenti sotto il pulsante di verifica. <\/li><\/ul><p><a href=\"#demo\">Guarda tutte le funzionalit\u00e0 nella demo<\/a><\/p> <\/div> <div class=\"application-platform-content-item-installation application-platform-content-item\" id=\"installation\" data-nav-section=\"installation\"> <h2>Ecco come per incollare il widget di verifica dell&#8217;et\u00e0 sul tuo sito web Joomla. \u00c8 incredibilmente semplice.<\/h2> <div class=\"video-container\"><iframe width=\"560\" height=\"315\" src=\"https:\/\/www.youtube.com\/embed\/Ki4cj6YEVxY?si=dz_Ko7f5mselEPVH\" frameborder=\"0\" allow=\"accelerometer; autoplay; clipboard-write; encrypted-media; gyroscope; picture-in-picture; web-share\" allowfullscreen><\/iframe><\/div><p> Un paio di semplici passaggi sono l&#8217;unica cosa che devi fare per incorporare il widget. <\/p> <ol><li><b>Apri il nostro editor gratuito e inizia a lavorare con la tua estensione. <\/b><br> Trova la disposizione e i parametri selezionati dell&#8217;estensione e salva tutte le modifiche. <\/li> <li><b>Ricevi il tuo codice individuale spuntando nella casella sulle app Elfsight. <\/b><br> Una volta completata la creazione della tua estensione, copia il codice nel popup visualizzato e salvalo per un utilizzo successivo. <\/li> <li><b>Avviare l&#8217;utilizzo dell&#8217;estensione sul sito Joomla. <\/b><br> Integra il codice salvato in precedenza nella tua pagina web e applica le modifiche. <\/li> <li><b>L&#8217;installazione \u00e8 terminata con successo. <\/b><br> Vai alla tua pagina web per esaminare il funzionamento dell&#8217;estensione. <\/li><\/ol><p>Ancora indeciso? O ti sei imbattuto in qualcosa? Basta inviare una richiesta al nostro team di assistenza clienti e risolveremo qualsiasi tipo di problema. <\/p> <\/div>\n","protected":false},"excerpt":{"rendered":"","protected":false},"author":9,"featured_media":0,"parent":1175,"menu_order":0,"comment_status":"closed","ping_status":"closed","template":"templates\/template-application-platform.php","meta":{"publish_to_discourse":"","publish_post_category":"","wpdc_auto_publish_overridden":"","wpdc_topic_tags":"","wpdc_pin_topic":"","wpdc_pin_until":"","discourse_post_id":"","discourse_permalink":"","wpdc_publishing_response":"","wpdc_publishing_error":"","footnotes":""},"class_list":["post-3323","page","type-page","status-publish","hentry"],"yoast_head":"<!-- This site is optimized with the Yoast SEO plugin v25.3.1 - https:\/\/yoast.com\/wordpress\/plugins\/seo\/ -->\n<title>Aggiungi l&#039;estensione di verifica dell&#039;et\u00e0 al sito Web Joomla (veloce e gratuita)<\/title>\n<meta name=\"description\" content=\"Non \u00e8 un problema creare la tua estensione di verifica dell&#039;et\u00e0 e posizionarla sul sito Web Joomla. Il servizio clienti Elfsight \u00e8 gratuito.\" \/>\n<meta name=\"robots\" content=\"index, follow, max-snippet:-1, max-image-preview:large, max-video-preview:-1\" \/>\n<link rel=\"canonical\" href=\"https:\/\/elfsight.com\/it\/age-verification-widget\/joomla\/\" \/>\n<meta property=\"og:locale\" content=\"it_IT\" \/>\n<meta property=\"og:type\" content=\"article\" \/>\n<meta property=\"og:title\" content=\"Aggiungi l&#039;estensione di verifica dell&#039;et\u00e0 al sito Web Joomla (veloce e gratuita)\" \/>\n<meta property=\"og:description\" content=\"Non \u00e8 un problema creare la tua estensione di verifica dell&#039;et\u00e0 e posizionarla sul sito Web Joomla. Il servizio clienti Elfsight \u00e8 gratuito.\" \/>\n<meta property=\"og:url\" content=\"https:\/\/elfsight.com\/it\/age-verification-widget\/joomla\/\" \/>\n<meta property=\"og:site_name\" content=\"Elfsight IT\" \/>\n<meta property=\"article:modified_time\" content=\"2025-03-21T10:05:58+00:00\" \/>\n<meta name=\"twitter:card\" content=\"summary_large_image\" \/>\n<meta name=\"twitter:label1\" content=\"Tempo di lettura stimato\" \/>\n\t<meta name=\"twitter:data1\" content=\"3 minuti\" \/>\n<!-- \/ Yoast SEO plugin. -->","yoast_head_json":{"title":"Aggiungi l'estensione di verifica dell'et\u00e0 al sito Web Joomla (veloce e gratuita)","description":"Non \u00e8 un problema creare la tua estensione di verifica dell'et\u00e0 e posizionarla sul sito Web Joomla. Il servizio clienti Elfsight \u00e8 gratuito.","robots":{"index":"index","follow":"follow","max-snippet":"max-snippet:-1","max-image-preview":"max-image-preview:large","max-video-preview":"max-video-preview:-1"},"canonical":"https:\/\/elfsight.com\/it\/age-verification-widget\/joomla\/","og_locale":"it_IT","og_type":"article","og_title":"Aggiungi l'estensione di verifica dell'et\u00e0 al sito Web Joomla (veloce e gratuita)","og_description":"Non \u00e8 un problema creare la tua estensione di verifica dell'et\u00e0 e posizionarla sul sito Web Joomla. Il servizio clienti Elfsight \u00e8 gratuito.","og_url":"https:\/\/elfsight.com\/it\/age-verification-widget\/joomla\/","og_site_name":"Elfsight IT","article_modified_time":"2025-03-21T10:05:58+00:00","twitter_card":"summary_large_image","twitter_misc":{"Tempo di lettura stimato":"3 minuti"},"schema":{"@context":"https:\/\/schema.org","@graph":[{"@type":"WebPage","@id":"https:\/\/elfsight.com\/it\/age-verification-widget\/joomla\/","url":"https:\/\/elfsight.com\/it\/age-verification-widget\/joomla\/","name":"Aggiungi l'estensione di verifica dell'et\u00e0 al sito Web Joomla (veloce e gratuita)","isPartOf":{"@id":"https:\/\/elfsight.com\/it\/#website"},"datePublished":"2024-05-03T06:26:04+00:00","dateModified":"2025-03-21T10:05:58+00:00","description":"Non \u00e8 un problema creare la tua estensione di verifica dell'et\u00e0 e posizionarla sul sito Web Joomla. Il servizio clienti Elfsight \u00e8 gratuito.","breadcrumb":{"@id":"https:\/\/elfsight.com\/it\/age-verification-widget\/joomla\/#breadcrumb"},"inLanguage":"it-IT","potentialAction":[{"@type":"ReadAction","target":["https:\/\/elfsight.com\/it\/age-verification-widget\/joomla\/"]}]},{"@type":"BreadcrumbList","@id":"https:\/\/elfsight.com\/it\/age-verification-widget\/joomla\/#breadcrumb","itemListElement":[{"@type":"ListItem","position":1,"name":"Home","item":"https:\/\/elfsight.com\/it\/"},{"@type":"ListItem","position":2,"name":"Age Verification","item":"https:\/\/elfsight.com\/it\/age-verification-widget\/"},{"@type":"ListItem","position":3,"name":"Age Verification &#8211; Joomla"}]},{"@type":"WebSite","@id":"https:\/\/elfsight.com\/it\/#website","url":"https:\/\/elfsight.com\/it\/","name":"Elfsight IT","description":"Just another Elfsight Sites site","potentialAction":[{"@type":"SearchAction","target":{"@type":"EntryPoint","urlTemplate":"https:\/\/elfsight.com\/it\/?s={search_term_string}"},"query-input":{"@type":"PropertyValueSpecification","valueRequired":true,"valueName":"search_term_string"}}],"inLanguage":"it-IT"}]}},"meta_box":{"industry":"","seo_heading":"","heading":"","description":"","cta_heading":"","cta_description":"","application":"1174","h1":"Estensione per la verifica dell'et\u00e0 di Joomla","h1_caption":"Assicurati che i contenuti sensibili all'et\u00e0 siano accessibili in modo responsabile con un'estensione di verifica dell'et\u00e0 semplice e personalizzabile nel tuo sito Web Joomla senza sforzo.","application_category":[],"applications_title":"","applications_request_title":"","applications_request_button_text":"","hero_text":"","hero_video":"","hero_video_schema_markup":"","selling_points_title":"","selling_points_caption":"","selling_points":[],"selling_points_cta_text":"","features_title":"","features":"","ed_cta_examples_text":"","ed_cta_examples_hidden":"","ed_cta_demo_text":"","ed_cta_demo_hidden":"","why_caption":"","why_editor_title":"","why_editor_text":"","why_team_title":"","why_team_text":"","why_service_title":"","why_service_text":"","template_catalog_visible":"0","template_catalog_title":"","template_catalog_text":"","template_catalog_categories_visible":"","demo_title":"Crea il tuo plugin per la verifica dell'et\u00e0","demo_caption":"Configura la verifica dell'et\u00e0 e aggiungila gratuitamente al tuo sito Joomla!","default_faq_hidden":"","app_template_category":[],"platform":"36","template_public_id":"","codecanyon_url":"","codecanyon_item_id":"","codecanyon_price":"","pricing_caption":"","pricing_elfsight_apps_hide_column":"","pricing_elfsight_apps_url":"","pricing_codecanyon_price_caption":"","integration_category":[],"integration_request_title":"","integration_request_cta":"","integration_platform":"","integrations":[],"platform_category":[],"video_schema_markup":"","price":"da $ 0 al mese","trial":"","benefits":[{"text":"Servizio di installazione gratuito"},{"text":"Supporto premium"},{"text":"Garanzia di rimborso di 14 giorni"},{"text":"Servizio clienti efficace"}],"button_url":"#demo","button_target_blank":"0","button_nofollow":"0","attributes":[{"name":"Installazioni"},{"name":"Reattivo","content":"S\u00cc"},{"name":"Browser compatibili","content":"Safari, Chrome, Firefox, Opera, Edge"}],"tags":[],"tags_disable_links":"0","hide_more_platforms":"0","video_object":"","demo_hide_cta":"0","demo_hide_cloud_options":"0","pricing_title":"","pricing":[{"pricing_icon":"platform","pricing_title":"Elfsight Apps","pricing_title_caption":"Software indipendente dalla piattaforma adatto a qualsiasi sito web","pricing_price":"da $ 0 \/ mese","pricing_price_caption":"inizia con il piano gratuito","pricing_benefits":[{"text":"Domini illimitati"},{"text":"Supporto aziendale 24 ore su 24, 7 giorni su 7 e ben documentato"},{"text":"Supporto gratuito per l'installazione"},{"text":"Prezzo da prendere per pi\u00f9 app"}],"pricing_button_text":"Aggiungi al sito web","pricing_button_url":"#demo"}],"related_apps_title":"","related_apps_hidden":"0","author":"","image":[],"title":"","job":"","social_networks":[]},"_links":{"self":[{"href":"https:\/\/elfsight.com\/it\/wp-json\/wp\/v2\/pages\/3323","targetHints":{"allow":["GET"]}}],"collection":[{"href":"https:\/\/elfsight.com\/it\/wp-json\/wp\/v2\/pages"}],"about":[{"href":"https:\/\/elfsight.com\/it\/wp-json\/wp\/v2\/types\/page"}],"author":[{"embeddable":true,"href":"https:\/\/elfsight.com\/it\/wp-json\/wp\/v2\/users\/9"}],"replies":[{"embeddable":true,"href":"https:\/\/elfsight.com\/it\/wp-json\/wp\/v2\/comments?post=3323"}],"version-history":[{"count":3,"href":"https:\/\/elfsight.com\/it\/wp-json\/wp\/v2\/pages\/3323\/revisions"}],"predecessor-version":[{"id":9571,"href":"https:\/\/elfsight.com\/it\/wp-json\/wp\/v2\/pages\/3323\/revisions\/9571"}],"up":[{"embeddable":true,"href":"https:\/\/elfsight.com\/it\/wp-json\/wp\/v2\/pages\/1175"}],"wp:attachment":[{"href":"https:\/\/elfsight.com\/it\/wp-json\/wp\/v2\/media?parent=3323"}],"curies":[{"name":"wp","href":"https:\/\/api.w.org\/{rel}","templated":true}]}}