{"id":3322,"date":"2024-05-03T06:26:03","date_gmt":"2024-05-03T06:26:03","guid":{"rendered":"https:\/\/elfsight.com\/it\/?page_id=3322"},"modified":"2024-11-12T13:11:28","modified_gmt":"2024-11-12T13:11:28","slug":"jquery","status":"publish","type":"page","link":"https:\/\/elfsight.com\/it\/age-verification-widget\/jquery\/","title":{"rendered":"Age Verification &#8211; jQuery"},"content":{"rendered":"<div class=\"application-platform-content-item-description application-platform-content-item\" id=\"description\" data-nav-section=\"description\"> <h2>Descrizione<\/h2> <p>Il nostro widget diventer\u00e0 il metodo migliore per impostare un popup di caricamento della pagina che controlla l&#8217;et\u00e0 di un visitatore del sito web. Questo widget rende disponibili contenuti soggetti a limiti di et\u00e0 per gli utenti maggiorenni e li allontana dal pubblico minorenne. \u00c8 possibile specificare un limite di et\u00e0 richiesto, specificare il metodo di verifica, inserire la finestra su tutte le pagine o solo su quelle selezionate e nominare l&#8217;azione. L&#8217;aspetto \u00e8 facilmente personalizzabile, con elementi verniciabili e la possibilit\u00e0 di mostrare le tue foto. <\/p> <div class=\"faq\" data-component=\"FAQ\"> <div class=\"faq-item\">\r\n\t\t\t\t\t<div class=\"faq-item-question\">\r\n\t\t\t\t\t\t<h3 class=\"faq-item-question-text\">Dove posso visualizzarlo<\/h3>\r\n\r\n\t\t\t\t\t\t<div class=\"faq-item-question-icon\"><\/div>\r\n\t\t\t\t\t<\/div>\r\n\r\n\t\t\t\t\t<div class=\"faq-item-answer\">\r\n\t\t\t\t\t\t<div class=\"faq-item-answer-text\"> <p>Puoi mostrare il popup di controllo dell&#8217;et\u00e0 su tutte le pagine o nominare pagine specifiche per integrarlo. Inoltre, c&#8217;\u00e8 la funzione per specificare quelle pagine su cui non lo desideri. <\/p> <\/div>\r\n\t\t\t\t\t<\/div>\r\n\t\t\t\t<\/div> <div class=\"faq-item\">\r\n\t\t\t\t\t<div class=\"faq-item-question\">\r\n\t\t\t\t\t\t<h3 class=\"faq-item-question-text\">Quali sono i vantaggi di avere il widget per me? <\/h3>\r\n\r\n\t\t\t\t\t\t<div class=\"faq-item-question-icon\"><\/div>\r\n\t\t\t\t\t<\/div>\r\n\r\n\t\t\t\t\t<div class=\"faq-item-answer\">\r\n\t\t\t\t\t\t<div class=\"faq-item-answer-text\"> <p>Utilizzando questo widget, \u00e8 perfettamente semplice e veloce creare una finestra di verifica dell&#8217;et\u00e0 e bloccare l&#8217;accesso al tuo materiale per utenti minorenni. In questo modo sarai sicuro che il tuo sito web soddisfi i requisiti legali. Inoltre, attirer\u00e0 nuovi visitatori target e clienti validi. <\/p> <\/div>\r\n\t\t\t\t\t<\/div>\r\n\t\t\t\t<\/div> <div class=\"faq-item\">\r\n\t\t\t\t\t<div class=\"faq-item-question\">\r\n\t\t\t\t\t\t<h3 class=\"faq-item-question-text\">Come installo la verifica dell'et\u00e0 su jQuery? <\/h3>\r\n\r\n\t\t\t\t\t\t<div class=\"faq-item-question-icon\"><\/div>\r\n\t\t\t\t\t<\/div>\r\n\r\n\t\t\t\t\t<div class=\"faq-item-answer\">\r\n\t\t\t\t\t\t<div class=\"faq-item-answer-text\"> <p>Avrai bisogno solo di due minuti di tempo per incorporare il widget. \u00c8 super veloce, gratuito e senza codifica. <\/p> <p>Puoi impostare il widget sul tuo sito direttamente tramite il nostro servizio. Per questo, dovrai applicare la guida di seguito in questa pagina. <\/p> <\/div>\r\n\t\t\t\t\t<\/div>\r\n\t\t\t\t<\/div> <\/div> <\/div> <div class=\"application-platform-content-item-features application-platform-content-item\" id=\"features\" data-nav-section=\"features\"> <h2>Funzionalit\u00e0<\/h2> <p>Per ottenere una migliore percezione della verifica dell&#8217;et\u00e0, ecco l&#8217;elenco delle le caratteristiche pi\u00f9 eccezionali. Rendono il nostro widget estremamente efficace per te: <\/p> <ul><li>Seleziona uno dei metodi di controllo: richiesta della data di nascita completa, solo dell&#8217;anno di nascita o una domanda con le opzioni S\u00ec e No; <\/li><li>Imposta il widget per ricordare i visitatori per qualsiasi periodo di tempo; <\/li><li>2 possibili scenari per gli utenti scoraggiati: visualizzare un messaggio personalizzato o reindirizzare un utente a qualsiasi indirizzo; <\/li><li>Aggiungi un&#8217;immagine personalizzata per il popup di controllo dell&#8217;et\u00e0; <\/li><li>Fornisci testo dettagliato e collegamenti sotto il pulsante di verifica. <\/li><\/ul><p><a href=\"#demo\">La nostra demo ti mostrer\u00e0 tutte le funzionalit\u00e0<\/a><\/p> <\/div> <div class=\"application-platform-content-item-installation application-platform-content-item\" id=\"installation\" data-nav-section=\"installation\"> <h2>Scopri come impostare la verifica dell&#8217;et\u00e0 sul tuo sito web jQuery. Non richiede codifica ed \u00e8 veloce.<\/h2> <p>Le seguenti azioni sono l&#8217;unica cosa che devi fare per dimostrare il widget.<\/p><ol><li><b>Genera il tuo esclusivo plug-in di verifica dell&#8217;et\u00e0 <\/b><br> Con l&#8217;aiuto della nostra demo gratuita, crea un plugin con aspetto e funzioni preferibili.<\/li><li><b>Acquisisci il codice personale per integrare il plugin<\/b><br> Dopo aver personalizzato il tuo widget, acquisirai il tuo codice personale dalla notifica che apparir\u00e0 su Elfsight Apps. Copia questo codice. <\/li> <li><b>Visualizza il plugin sul tuo sito jQuery<\/b><br> Vai nell&#8217;area in cui devi posizionare il plugin e inserisci l\u00ec il codice salvato. Applica le modifiche.<\/li> <li><b>Congratulazioni! Hai appena incorporato il widget!<\/b><br> Entra nella tua pagina, per vedere il tuo plugin.<\/li> <\/ol><p>Non hai ancora deciso? O riscontri problemi? Basta inviare una richiesta al nostro dipartimento di assistenza clienti e loro risolveranno ogni problema. <\/p> <\/div>","protected":false},"excerpt":{"rendered":"","protected":false},"author":9,"featured_media":0,"parent":1175,"menu_order":0,"comment_status":"closed","ping_status":"closed","template":"templates\/template-application-platform.php","meta":{"publish_to_discourse":"","publish_post_category":"","wpdc_auto_publish_overridden":"","wpdc_topic_tags":"","wpdc_pin_topic":"","wpdc_pin_until":"","discourse_post_id":"","discourse_permalink":"","wpdc_publishing_response":"","wpdc_publishing_error":"","footnotes":""},"class_list":["post-3322","page","type-page","status-publish","hentry"],"yoast_head":"<!-- This site is optimized with the Yoast SEO plugin v25.3.1 - https:\/\/yoast.com\/wordpress\/plugins\/seo\/ -->\n<title>Aggiungi il plug-in di verifica dell&#039;et\u00e0 al sito Web jQuery (veloce e gratuito)<\/title>\n<meta name=\"description\" content=\"\u00c8 facile modellare il plug-in di verifica dell&#039;et\u00e0 e posizionarlo sul sito Web jQuery. L&#039;assistenza clienti Elfsight \u00e8 gratuita e veloce.\" \/>\n<meta name=\"robots\" content=\"index, follow, max-snippet:-1, max-image-preview:large, max-video-preview:-1\" \/>\n<link rel=\"canonical\" href=\"https:\/\/elfsight.com\/it\/age-verification-widget\/jquery\/\" \/>\n<meta property=\"og:locale\" content=\"it_IT\" \/>\n<meta property=\"og:type\" content=\"article\" \/>\n<meta property=\"og:title\" content=\"Aggiungi il plug-in di verifica dell&#039;et\u00e0 al sito Web jQuery (veloce e gratuito)\" \/>\n<meta property=\"og:description\" content=\"\u00c8 facile modellare il plug-in di verifica dell&#039;et\u00e0 e posizionarlo sul sito Web jQuery. L&#039;assistenza clienti Elfsight \u00e8 gratuita e veloce.\" \/>\n<meta property=\"og:url\" content=\"https:\/\/elfsight.com\/it\/age-verification-widget\/jquery\/\" \/>\n<meta property=\"og:site_name\" content=\"Elfsight IT\" \/>\n<meta property=\"article:modified_time\" content=\"2024-11-12T13:11:28+00:00\" \/>\n<meta name=\"twitter:card\" content=\"summary_large_image\" \/>\n<meta name=\"twitter:label1\" content=\"Tempo di lettura stimato\" \/>\n\t<meta name=\"twitter:data1\" content=\"3 minuti\" \/>\n<!-- \/ Yoast SEO plugin. -->","yoast_head_json":{"title":"Aggiungi il plug-in di verifica dell'et\u00e0 al sito Web jQuery (veloce e gratuito)","description":"\u00c8 facile modellare il plug-in di verifica dell'et\u00e0 e posizionarlo sul sito Web jQuery. L'assistenza clienti Elfsight \u00e8 gratuita e veloce.","robots":{"index":"index","follow":"follow","max-snippet":"max-snippet:-1","max-image-preview":"max-image-preview:large","max-video-preview":"max-video-preview:-1"},"canonical":"https:\/\/elfsight.com\/it\/age-verification-widget\/jquery\/","og_locale":"it_IT","og_type":"article","og_title":"Aggiungi il plug-in di verifica dell'et\u00e0 al sito Web jQuery (veloce e gratuito)","og_description":"\u00c8 facile modellare il plug-in di verifica dell'et\u00e0 e posizionarlo sul sito Web jQuery. L'assistenza clienti Elfsight \u00e8 gratuita e veloce.","og_url":"https:\/\/elfsight.com\/it\/age-verification-widget\/jquery\/","og_site_name":"Elfsight IT","article_modified_time":"2024-11-12T13:11:28+00:00","twitter_card":"summary_large_image","twitter_misc":{"Tempo di lettura stimato":"3 minuti"},"schema":{"@context":"https:\/\/schema.org","@graph":[{"@type":"WebPage","@id":"https:\/\/elfsight.com\/it\/age-verification-widget\/jquery\/","url":"https:\/\/elfsight.com\/it\/age-verification-widget\/jquery\/","name":"Aggiungi il plug-in di verifica dell'et\u00e0 al sito Web jQuery (veloce e gratuito)","isPartOf":{"@id":"https:\/\/elfsight.com\/it\/#website"},"datePublished":"2024-05-03T06:26:03+00:00","dateModified":"2024-11-12T13:11:28+00:00","description":"\u00c8 facile modellare il plug-in di verifica dell'et\u00e0 e posizionarlo sul sito Web jQuery. L'assistenza clienti Elfsight \u00e8 gratuita e veloce.","breadcrumb":{"@id":"https:\/\/elfsight.com\/it\/age-verification-widget\/jquery\/#breadcrumb"},"inLanguage":"it-IT","potentialAction":[{"@type":"ReadAction","target":["https:\/\/elfsight.com\/it\/age-verification-widget\/jquery\/"]}]},{"@type":"BreadcrumbList","@id":"https:\/\/elfsight.com\/it\/age-verification-widget\/jquery\/#breadcrumb","itemListElement":[{"@type":"ListItem","position":1,"name":"Home","item":"https:\/\/elfsight.com\/it\/"},{"@type":"ListItem","position":2,"name":"Age Verification","item":"https:\/\/elfsight.com\/it\/age-verification-widget\/"},{"@type":"ListItem","position":3,"name":"Age Verification &#8211; jQuery"}]},{"@type":"WebSite","@id":"https:\/\/elfsight.com\/it\/#website","url":"https:\/\/elfsight.com\/it\/","name":"Elfsight IT","description":"Just another Elfsight Sites site","potentialAction":[{"@type":"SearchAction","target":{"@type":"EntryPoint","urlTemplate":"https:\/\/elfsight.com\/it\/?s={search_term_string}"},"query-input":{"@type":"PropertyValueSpecification","valueRequired":true,"valueName":"search_term_string"}}],"inLanguage":"it-IT"}]}},"meta_box":{"industry":"","seo_heading":"","heading":"","description":"","cta_heading":"","cta_description":"","application":"1174","h1":"Plug-in per la verifica dell'et\u00e0 jQuery","h1_caption":"Assicurati che i contenuti sensibili all'et\u00e0 siano accessibili in modo responsabile con un plug-in di verifica dell'et\u00e0 semplice e personalizzabile nel tuo sito Web jQuery senza sforzo.","application_category":[],"applications_title":"","applications_request_title":"","applications_request_button_text":"","hero_text":"","hero_video":"","hero_video_schema_markup":"","selling_points_title":"","selling_points_caption":"","selling_points":[],"selling_points_cta_text":"","features_title":"","features":"","ed_cta_examples_text":"","ed_cta_examples_hidden":"","ed_cta_demo_text":"","ed_cta_demo_hidden":"","why_caption":"","why_editor_title":"","why_editor_text":"","why_team_title":"","why_team_text":"","why_service_title":"","why_service_text":"","template_catalog_visible":"","template_catalog_title":"","template_catalog_text":"","template_catalog_categories_visible":"","demo_title":"Crea il tuo plugin per la verifica dell'et\u00e0","demo_caption":"Configura la verifica dell'et\u00e0 e aggiungila gratuitamente al tuo sito Web jQuery!","default_faq_hidden":"","app_template_category":[],"platform":"37","template_public_id":"","codecanyon_url":"","codecanyon_item_id":"","codecanyon_price":"","pricing_caption":"","pricing_elfsight_apps_hide_column":"","pricing_elfsight_apps_url":"","pricing_codecanyon_price_caption":"","integration_category":[],"integration_request_title":"","integration_request_cta":"","integration_platform":"","integrations":[],"platform_category":[],"video_schema_markup":"","price":"da $ 0 al mese","trial":"","benefits":[{"text":"Assistenza gratuita per l'installazione"},{"text":"Servizio clienti professionale"},{"text":"Garanzia di rimborso di 14 giorni"},{"text":"Sviluppo continuo"}],"button_url":"#demo","button_target_blank":"0","button_nofollow":"0","attributes":[{"name":"Installazioni","content":"10,000 - 100,000"},{"name":"Reattivo","content":"S\u00cc"},{"name":"Browser compatibili","content":"Firefox, Safari, Opera, Chrome, Edge"}],"tags":[],"tags_disable_links":"0","hide_more_platforms":"","video_object":"","demo_hide_cta":"0","demo_hide_cloud_options":"0","pricing_title":"","pricing":[{"pricing_icon":"platform","pricing_title":"Elfsight Apps","pricing_title_caption":"Versione multipiattaforma che funziona su qualsiasi sito web","pricing_price":"da $ 0 \/ mese","pricing_price_caption":"inizia con un piano gratuito","pricing_benefits":[{"text":"Domini illimitati"},{"text":"Supporto premium, puntuale e ben documentato"},{"text":"Aiuto gratuito per l'installazione"},{"text":"100% personalizzabile"}],"pricing_button_text":"Aggiungi al sito web","pricing_button_url":"#demo"}],"related_apps_title":"","related_apps_hidden":"0","author":"","image":[],"title":"","job":"","social_networks":[]},"_links":{"self":[{"href":"https:\/\/elfsight.com\/it\/wp-json\/wp\/v2\/pages\/3322","targetHints":{"allow":["GET"]}}],"collection":[{"href":"https:\/\/elfsight.com\/it\/wp-json\/wp\/v2\/pages"}],"about":[{"href":"https:\/\/elfsight.com\/it\/wp-json\/wp\/v2\/types\/page"}],"author":[{"embeddable":true,"href":"https:\/\/elfsight.com\/it\/wp-json\/wp\/v2\/users\/9"}],"replies":[{"embeddable":true,"href":"https:\/\/elfsight.com\/it\/wp-json\/wp\/v2\/comments?post=3322"}],"version-history":[{"count":1,"href":"https:\/\/elfsight.com\/it\/wp-json\/wp\/v2\/pages\/3322\/revisions"}],"predecessor-version":[{"id":3326,"href":"https:\/\/elfsight.com\/it\/wp-json\/wp\/v2\/pages\/3322\/revisions\/3326"}],"up":[{"embeddable":true,"href":"https:\/\/elfsight.com\/it\/wp-json\/wp\/v2\/pages\/1175"}],"wp:attachment":[{"href":"https:\/\/elfsight.com\/it\/wp-json\/wp\/v2\/media?parent=3322"}],"curies":[{"name":"wp","href":"https:\/\/api.w.org\/{rel}","templated":true}]}}