{"id":3316,"date":"2024-05-03T06:26:01","date_gmt":"2024-05-03T06:26:01","guid":{"rendered":"https:\/\/elfsight.com\/it\/?page_id=3316"},"modified":"2025-03-21T10:09:00","modified_gmt":"2025-03-21T10:09:00","slug":"html","status":"publish","type":"page","link":"https:\/\/elfsight.com\/it\/age-verification-widget\/html\/","title":{"rendered":"Age Verification &#8211; HTML"},"content":{"rendered":"\n<div class=\"application-platform-content-item-description application-platform-content-item\" id=\"description\" data-nav-section=\"description\"> <h2>Descrizione<\/h2> <p>Il widget Elfsight sar\u00e0 lo strumento pi\u00f9 rapido per impostare una notifica di caricamento della pagina che controller\u00e0 l&#8217;et\u00e0 di un utente. Il nostro widget aiuta a rendere accessibile il materiale limitato all&#8217;et\u00e0 agli adulti e a bloccarne l&#8217;accesso agli spettatori minorenni. Sono disponibili opzioni per specificare un limite di et\u00e0 appropriato, definire il formato di verifica, incorporare il widget su ciascuna o solo su pi\u00f9 pagine e l&#8217;azione successiva al rifiuto di accesso. L&#8217;aspetto \u00e8 facilmente personalizzabile con dettagli verniciabili e la possibilit\u00e0 di aggiungere immagini personalizzate. <\/p> <div class=\"faq\" data-component=\"FAQ\"> <div class=\"faq-item\">\r\n\t\t\t\t\t<div class=\"faq-item-question\">\r\n\t\t\t\t\t\t<h3 class=\"faq-item-question-text\">Dove posso installare il widget<\/h3>\r\n\r\n\t\t\t\t\t\t<div class=\"faq-item-question-icon\"><\/div>\r\n\t\t\t\t\t<\/div>\r\n\r\n\t\t\t\t\t<div class=\"faq-item-answer\">\r\n\t\t\t\t\t\t<div class=\"faq-item-answer-text\"> <p>Puoi scegliere di mostrare la finestra di verifica su tutto il sito o nominare specifiche le pagine in cui integrarla. Inoltre, c&#8217;\u00e8 la possibilit\u00e0 di specificare le pagine in cui non lo desideri. <\/p> <\/div>\r\n\t\t\t\t\t<\/div>\r\n\t\t\t\t<\/div> <div class=\"faq-item\">\r\n\t\t\t\t\t<div class=\"faq-item-question\">\r\n\t\t\t\t\t\t<h3 class=\"faq-item-question-text\">Come potrei trarne vantaggio? <\/h3>\r\n\r\n\t\t\t\t\t\t<div class=\"faq-item-question-icon\"><\/div>\r\n\t\t\t\t\t<\/div>\r\n\r\n\t\t\t\t\t<div class=\"faq-item-answer\">\r\n\t\t\t\t\t\t<div class=\"faq-item-answer-text\"> <p>Con l&#8217;aiuto del widget Elfsight, \u00e8 perfettamente facile e veloce incorporare un popup di controllo dell&#8217;et\u00e0 e nascondere il tuo materiale ai visitatori minorenni . Pertanto, ti assicurerai che il tuo sito web soddisfi i requisiti legali. Inoltre, questo attirer\u00e0 pi\u00f9 visitatori target e clienti validi. <\/p> <\/div>\r\n\t\t\t\t\t<\/div>\r\n\t\t\t\t<\/div> <div class=\"faq-item\">\r\n\t\t\t\t\t<div class=\"faq-item-question\">\r\n\t\t\t\t\t\t<h3 class=\"faq-item-question-text\">Di cosa ho bisogno per aggiungere la verifica dell'et\u00e0 all'HTML? <\/h3>\r\n\r\n\t\t\t\t\t\t<div class=\"faq-item-question-icon\"><\/div>\r\n\t\t\t\t\t<\/div>\r\n\r\n\t\t\t\t\t<div class=\"faq-item-answer\">\r\n\t\t\t\t\t\t<div class=\"faq-item-answer-text\"> <p>Ci vorr\u00e0 solo un minuto del tuo tempo per impostare una notifica. Il processo di integrazione \u00e8 estremamente rapido, gratuito e senza codifica. <\/p> <p>Puoi impostare il widget sul sito tramite il nostro servizio. Per realizzarlo segui la guida pi\u00f9 avanti in questa pagina. <\/p> <\/div>\r\n\t\t\t\t\t<\/div>\r\n\t\t\t\t<\/div> <\/div> <\/div> <div class=\"application-platform-content-item-features application-platform-content-item\" id=\"features\" data-nav-section=\"features\"> <h2>Funzionalit\u00e0<\/h2> <p>Per comprendere appieno la verifica dell&#8217;et\u00e0, controlla l&#8217;elenco delle pi\u00f9 tratti importanti. Rendono il widget incredibilmente efficace per te: <\/p> <ul><li>Scegli uno dei tipi di controllo: richiesta per la data di nascita completa, solo l&#8217;anno di nascita o una domanda con le opzioni S\u00ec e No;<\/li><li>Scegliere di ricordare i visitatori per qualsiasi periodo di tempo in giorni;<\/li><li>Due possibili scenari dopo la negazione dell&#8217;accesso: visualizzare un testo o reindirizzare un utente a qualsiasi indirizzo;<\/li><li>Carica la tua immagine da visualizzare nel popup di controllo dell&#8217;et\u00e0;<\/li><li>Visualizza dettagli dettagliati con collegamenti sotto il pulsante di verifica. <\/li><\/ul><p><a href=\"#demo\">Per scoprire un elenco completo delle funzionalit\u00e0, vedere la demo<\/a><\/p> <\/div> <div class=\"application-platform-content-item-installation application-platform-content-item\" id=\"installation\" data-nav-section=\"installation\"> <h2>Scopri come incorporare il codice di verifica dell&#8217;et\u00e0 nel tuo sito web HTML. \u00c8 super veloce.<\/h2> <div class=\"video-container\"><iframe width=\"560\" height=\"315\" src=\"https:\/\/www.youtube.com\/embed\/b9gIB_3-s5k?si=ehpZ0Rmu2dig7QtE\" frameborder=\"0\" allow=\"accelerometer; autoplay; clipboard-write; encrypted-media; gyroscope; picture-in-picture; web-share\" allowfullscreen><\/iframe><\/div><p>Questi diversi passaggi sono l&#8217;unica cosa che devi fare per incorporare il widget <\/p> <ol><li><b>Genera il tuo plug-in unico per la verifica dell&#8217;et\u00e0<\/b><br> Con l&#8217;aiuto della nostra demo gratuita, crea un plug-in con aspetto e funzioni preferibili. <\/li><li><b>Acquisisci il codice personale per integrare il plugin<\/b><br> Dopo aver personalizzato il tuo widget, acquisirai il tuo codice personale dalla notifica che apparir\u00e0 su Elfsight Apps. Copia questo codice. <\/li> <li><b>Visualizza il plugin sul tuo sito HTML<\/b><br> Vai nell&#8217;area in cui devi posizionare il plugin e inserisci l\u00ec il codice salvato. Applica le modifiche.<\/li> <li><b>Congratulazioni! Hai appena incorporato il widget! <\/b><br> Entra nella tua pagina per vedere il tuo plugin. <\/li> <\/ol><p>Non riesci ancora a decidere? Oppure hai problemi? Una richiesta al nostro supporto clienti risolver\u00e0 qualsiasi questione. <\/p> <\/div>\n","protected":false},"excerpt":{"rendered":"","protected":false},"author":9,"featured_media":0,"parent":1175,"menu_order":0,"comment_status":"closed","ping_status":"closed","template":"templates\/template-application-platform.php","meta":{"publish_to_discourse":"","publish_post_category":"","wpdc_auto_publish_overridden":"","wpdc_topic_tags":"","wpdc_pin_topic":"","wpdc_pin_until":"","discourse_post_id":"","discourse_permalink":"","wpdc_publishing_response":"","wpdc_publishing_error":"","footnotes":""},"class_list":["post-3316","page","type-page","status-publish","hentry"],"yoast_head":"<!-- This site is optimized with the Yoast SEO plugin v25.3.1 - https:\/\/yoast.com\/wordpress\/plugins\/seo\/ -->\n<title>Codice di verifica dell&#039;et\u00e0 sul sito Web HTML (veloce e gratuito)<\/title>\n<meta name=\"description\" content=\"Ecco la possibilit\u00e0 di creare un codice di verifica dell&#039;et\u00e0 e integrarlo nel tuo sito Web HTML. Goditi l&#039;assistenza clienti gratuita e altri vantaggi di Elfsight.\" \/>\n<meta name=\"robots\" content=\"index, follow, max-snippet:-1, max-image-preview:large, max-video-preview:-1\" \/>\n<link rel=\"canonical\" href=\"https:\/\/elfsight.com\/it\/age-verification-widget\/html\/\" \/>\n<meta property=\"og:locale\" content=\"it_IT\" \/>\n<meta property=\"og:type\" content=\"article\" \/>\n<meta property=\"og:title\" content=\"Codice di verifica dell&#039;et\u00e0 sul sito Web HTML (veloce e gratuito)\" \/>\n<meta property=\"og:description\" content=\"Ecco la possibilit\u00e0 di creare un codice di verifica dell&#039;et\u00e0 e integrarlo nel tuo sito Web HTML. Goditi l&#039;assistenza clienti gratuita e altri vantaggi di Elfsight.\" \/>\n<meta property=\"og:url\" content=\"https:\/\/elfsight.com\/it\/age-verification-widget\/html\/\" \/>\n<meta property=\"og:site_name\" content=\"Elfsight IT\" \/>\n<meta property=\"article:modified_time\" content=\"2025-03-21T10:09:00+00:00\" \/>\n<meta name=\"twitter:card\" content=\"summary_large_image\" \/>\n<meta name=\"twitter:label1\" content=\"Tempo di lettura stimato\" \/>\n\t<meta name=\"twitter:data1\" content=\"3 minuti\" \/>\n<!-- \/ Yoast SEO plugin. -->","yoast_head_json":{"title":"Codice di verifica dell'et\u00e0 sul sito Web HTML (veloce e gratuito)","description":"Ecco la possibilit\u00e0 di creare un codice di verifica dell'et\u00e0 e integrarlo nel tuo sito Web HTML. Goditi l'assistenza clienti gratuita e altri vantaggi di Elfsight.","robots":{"index":"index","follow":"follow","max-snippet":"max-snippet:-1","max-image-preview":"max-image-preview:large","max-video-preview":"max-video-preview:-1"},"canonical":"https:\/\/elfsight.com\/it\/age-verification-widget\/html\/","og_locale":"it_IT","og_type":"article","og_title":"Codice di verifica dell'et\u00e0 sul sito Web HTML (veloce e gratuito)","og_description":"Ecco la possibilit\u00e0 di creare un codice di verifica dell'et\u00e0 e integrarlo nel tuo sito Web HTML. Goditi l'assistenza clienti gratuita e altri vantaggi di Elfsight.","og_url":"https:\/\/elfsight.com\/it\/age-verification-widget\/html\/","og_site_name":"Elfsight IT","article_modified_time":"2025-03-21T10:09:00+00:00","twitter_card":"summary_large_image","twitter_misc":{"Tempo di lettura stimato":"3 minuti"},"schema":{"@context":"https:\/\/schema.org","@graph":[{"@type":"WebPage","@id":"https:\/\/elfsight.com\/it\/age-verification-widget\/html\/","url":"https:\/\/elfsight.com\/it\/age-verification-widget\/html\/","name":"Codice di verifica dell'et\u00e0 sul sito Web HTML (veloce e gratuito)","isPartOf":{"@id":"https:\/\/elfsight.com\/it\/#website"},"datePublished":"2024-05-03T06:26:01+00:00","dateModified":"2025-03-21T10:09:00+00:00","description":"Ecco la possibilit\u00e0 di creare un codice di verifica dell'et\u00e0 e integrarlo nel tuo sito Web HTML. Goditi l'assistenza clienti gratuita e altri vantaggi di Elfsight.","breadcrumb":{"@id":"https:\/\/elfsight.com\/it\/age-verification-widget\/html\/#breadcrumb"},"inLanguage":"it-IT","potentialAction":[{"@type":"ReadAction","target":["https:\/\/elfsight.com\/it\/age-verification-widget\/html\/"]}]},{"@type":"BreadcrumbList","@id":"https:\/\/elfsight.com\/it\/age-verification-widget\/html\/#breadcrumb","itemListElement":[{"@type":"ListItem","position":1,"name":"Home","item":"https:\/\/elfsight.com\/it\/"},{"@type":"ListItem","position":2,"name":"Age Verification","item":"https:\/\/elfsight.com\/it\/age-verification-widget\/"},{"@type":"ListItem","position":3,"name":"Age Verification &#8211; HTML"}]},{"@type":"WebSite","@id":"https:\/\/elfsight.com\/it\/#website","url":"https:\/\/elfsight.com\/it\/","name":"Elfsight IT","description":"Just another Elfsight Sites site","potentialAction":[{"@type":"SearchAction","target":{"@type":"EntryPoint","urlTemplate":"https:\/\/elfsight.com\/it\/?s={search_term_string}"},"query-input":{"@type":"PropertyValueSpecification","valueRequired":true,"valueName":"search_term_string"}}],"inLanguage":"it-IT"}]}},"meta_box":{"industry":"","seo_heading":"","heading":"","description":"","cta_heading":"","cta_description":"","application":"1174","h1":"Codice di verifica dell'et\u00e0 HTML","h1_caption":"Assicurati che i contenuti sensibili all'et\u00e0 siano accessibili in modo responsabile con un widget di verifica dell'et\u00e0 semplice e personalizzabile nel tuo sito Web HTML senza sforzo.","application_category":[],"applications_title":"","applications_request_title":"","applications_request_button_text":"","hero_text":"","hero_video":"","hero_video_schema_markup":"","selling_points_title":"","selling_points_caption":"","selling_points":[],"selling_points_cta_text":"","features_title":"","features":"","ed_cta_examples_text":"","ed_cta_examples_hidden":"","ed_cta_demo_text":"","ed_cta_demo_hidden":"","why_caption":"","why_editor_title":"","why_editor_text":"","why_team_title":"","why_team_text":"","why_service_title":"","why_service_text":"","template_catalog_visible":"0","template_catalog_title":"","template_catalog_text":"","template_catalog_categories_visible":"","demo_title":"Crea il tuo widget di verifica dell'et\u00e0","demo_caption":"Configura la verifica dell'et\u00e0 e aggiungila gratuitamente al tuo sito Web HTML!","default_faq_hidden":"","app_template_category":[],"platform":"35","template_public_id":"","codecanyon_url":"","codecanyon_item_id":"","codecanyon_price":"","pricing_caption":"","pricing_elfsight_apps_hide_column":"","pricing_elfsight_apps_url":"","pricing_codecanyon_price_caption":"","integration_category":[],"integration_request_title":"","integration_request_cta":"","integration_platform":"","integrations":[],"platform_category":[],"video_schema_markup":"","price":"da $ 0 al mese","trial":"","benefits":[{"text":"Assistenza gratuita per l'installazione"},{"text":"Supporto eccezionale"},{"text":"Garanzia di rimborso di 14 giorni"},{"text":"Sviluppo continuo"}],"button_url":"#demo","button_target_blank":"0","button_nofollow":"0","attributes":[{"name":"Installazioni"},{"name":"Reattivo","content":"S\u00cc"},{"name":"Browser compatibili","content":"Firefox, Safari, Opera, Chrome, Edge"}],"tags":[],"tags_disable_links":"0","hide_more_platforms":"0","video_object":"","demo_hide_cta":"0","demo_hide_cloud_options":"0","pricing_title":"","pricing":[{"pricing_icon":"platform","pricing_title":"Elfsight Apps","pricing_title_caption":"Soluzione multipiattaforma","pricing_price":"da $ 0 \/ mese","pricing_price_caption":"inizia con il piano gratuito","pricing_benefits":[{"text":"Siti web illimitati"},{"text":"Supporto professionale"},{"text":"Supporto gratuito per l'installazione"},{"text":"Offerta speciale per pi\u00f9 app"}],"pricing_button_text":"Aggiungi al sito web","pricing_button_url":"#demo"}],"related_apps_title":"","related_apps_hidden":"0","author":"","image":[],"title":"","job":"","social_networks":[]},"_links":{"self":[{"href":"https:\/\/elfsight.com\/it\/wp-json\/wp\/v2\/pages\/3316","targetHints":{"allow":["GET"]}}],"collection":[{"href":"https:\/\/elfsight.com\/it\/wp-json\/wp\/v2\/pages"}],"about":[{"href":"https:\/\/elfsight.com\/it\/wp-json\/wp\/v2\/types\/page"}],"author":[{"embeddable":true,"href":"https:\/\/elfsight.com\/it\/wp-json\/wp\/v2\/users\/9"}],"replies":[{"embeddable":true,"href":"https:\/\/elfsight.com\/it\/wp-json\/wp\/v2\/comments?post=3316"}],"version-history":[{"count":3,"href":"https:\/\/elfsight.com\/it\/wp-json\/wp\/v2\/pages\/3316\/revisions"}],"predecessor-version":[{"id":9573,"href":"https:\/\/elfsight.com\/it\/wp-json\/wp\/v2\/pages\/3316\/revisions\/9573"}],"up":[{"embeddable":true,"href":"https:\/\/elfsight.com\/it\/wp-json\/wp\/v2\/pages\/1175"}],"wp:attachment":[{"href":"https:\/\/elfsight.com\/it\/wp-json\/wp\/v2\/media?parent=3316"}],"curies":[{"name":"wp","href":"https:\/\/api.w.org\/{rel}","templated":true}]}}