{"id":3315,"date":"2024-05-03T06:26:00","date_gmt":"2024-05-03T06:26:00","guid":{"rendered":"https:\/\/elfsight.com\/it\/?page_id=3315"},"modified":"2024-11-12T13:11:21","modified_gmt":"2024-11-12T13:11:21","slug":"opencart","status":"publish","type":"page","link":"https:\/\/elfsight.com\/it\/age-verification-widget\/opencart\/","title":{"rendered":"Age Verification &#8211; OpenCart"},"content":{"rendered":"<div class=\"application-platform-content-item-description application-platform-content-item\" id=\"description\" data-nav-section=\"description\"> <h2>Descrizione<\/h2> <p>Il nostro widget \u00e8 il modo migliore per organizzare una notifica di caricamento della pagina, che richiede l&#8217;et\u00e0 di un visitatore . Il widget aiuta a rendere il materiale soggetto a limiti di et\u00e0 raggiungibile per gli utenti maggiorenni e a proteggerlo per il pubblico minorenne. Il widget consente di determinare il limite di et\u00e0, scegliere il formato di verifica, posizionare la finestra su tutto il sito Web o solo su un numero di pagine e selezionare l&#8217;azione. L&#8217;interfaccia \u00e8 flessibile, include dettagli verniciabili e la funzione per caricare le tue foto. <\/p> <div class=\"faq\" data-component=\"FAQ\"> <div class=\"faq-item\">\r\n\t\t\t\t\t<div class=\"faq-item-question\">\r\n\t\t\t\t\t\t<h3 class=\"faq-item-question-text\">Dove posso inserirlo<\/h3>\r\n\r\n\t\t\t\t\t\t<div class=\"faq-item-question-icon\"><\/div>\r\n\t\t\t\t\t<\/div>\r\n\r\n\t\t\t\t\t<div class=\"faq-item-answer\">\r\n\t\t\t\t\t\t<div class=\"faq-item-answer-text\"> <p>Puoi mostrare la finestra di verifica su tutto il sito web o specificare le pagine in cui visualizzarla. Inoltre, c&#8217;\u00e8 la funzione di escludere le pagine in cui non ti servono. <\/p> <\/div>\r\n\t\t\t\t\t<\/div>\r\n\t\t\t\t<\/div> <div class=\"faq-item\">\r\n\t\t\t\t\t<div class=\"faq-item-question\">\r\n\t\t\t\t\t\t<h3 class=\"faq-item-question-text\">Quali sono i vantaggi di avere questo plugin per me?<\/h3>\r\n\r\n\t\t\t\t\t\t<div class=\"faq-item-question-icon\"><\/div>\r\n\t\t\t\t\t<\/div>\r\n\r\n\t\t\t\t\t<div class=\"faq-item-answer\">\r\n\t\t\t\t\t\t<div class=\"faq-item-answer-text\"> <p>Utilizzando il nostro widget, \u00e8 estremamente facile e veloce mostrare una finestra di verifica dell&#8217;et\u00e0 e deviare l&#8217;accesso ai tuoi contenuti per utenti minorenni. In questo modo sarai sicuro che il tuo sito sia conforme alla normativa. Inoltre, questo porter\u00e0 pi\u00f9 pubblico target e clienti validi.<\/p> <\/div>\r\n\t\t\t\t\t<\/div>\r\n\t\t\t\t<\/div> <div class=\"faq-item\">\r\n\t\t\t\t\t<div class=\"faq-item-question\">\r\n\t\t\t\t\t\t<h3 class=\"faq-item-question-text\">Di cosa ho bisogno per aggiungere la verifica dell'et\u00e0 sul mio sito OpenCart?<\/h3>\r\n\r\n\t\t\t\t\t\t<div class=\"faq-item-question-icon\"><\/div>\r\n\t\t\t\t\t<\/div>\r\n\r\n\t\t\t\t\t<div class=\"faq-item-answer\">\r\n\t\t\t\t\t\t<div class=\"faq-item-answer-text\"> <p>Ci vorranno solo tre minuti di tempo per attivare il widget sul tuo sito. Il processo \u00e8 molto veloce, gratuito e non richiede codifica. <\/p> <p>La verifica dell&#8217;et\u00e0 Elfsight pu\u00f2 essere aggiunta al tuo sito tramite il nostro servizio o accedendo al mercato. Qui puoi saperne di pi\u00f9 su queste varianti e scegliere la tua.<\/p> <\/div>\r\n\t\t\t\t\t<\/div>\r\n\t\t\t\t<\/div> <\/div> <\/div> <div class=\"application-platform-content-item-features application-platform-content-item\" id=\"features\" data-nav-section=\"features\"> <h2>Caratteristiche<\/h2> <p>Per Per comprendere meglio il widget, visualizzare l&#8217;elenco delle sue principali funzionalit\u00e0. Rendono il nostro widget estremamente efficiente per te: <\/p> <ul><li>Scegli uno dei formati di controllo: chiedi la data di nascita completa, solo l&#8217;anno di nascita o una domanda che offre risposte S\u00ec e No; <\/li><li>L&#8217;opzione di ricordare i visitatori per qualsiasi periodo di tempo; <\/li><li>Due scenari dopo la negazione dell&#8217;accesso: visualizzare un testo o indirizzare un utente a qualsiasi indirizzo; <\/li><li>Carica la tua immagine da mostrare nel popup di controllo dell&#8217;et\u00e0; <\/li><li>Visualizza testo aggiuntivo con collegamenti sotto il pulsante di verifica. <\/li><\/ul><p><a href=\"#demo\">La demo dal vivo ti riveler\u00e0 tutte le funzionalit\u00e0<\/a><\/p> <\/div> <div class=\"application-platform-content-item-installation application-platform-content-item\" id=\"installation\" data-nav-section=\"installation\"> <h2>Controlla come incorporare la verifica dell&#8217;et\u00e0 nel tuo sito web OpenCart<\/h2> <p>I passaggi seguenti sono l&#8217;unica cosa di cui hai bisogno per aggiungere il widget. <\/p> <ol><li><b>Utilizza la nostra demo gratuita e inizia a creare la tua estensione personalizzata. <\/b><br> Determina la forma preferibile e i tratti funzionali dell&#8217;estensione e salva tutte le modifiche. <\/li> <li><b>Copia il codice personale dimostrato nell&#8217;apposito modulo su Elfsight Apps. <\/b><br> Una volta terminata la creazione della tua estensione, copia il codice nella finestra visualizzata e salvalo per un utilizzo successivo. <\/li> <li><b>Avvia l&#8217;utilizzo dell&#8217;estensione sulla pagina web OpenCart. <\/b><br> Incorpora il codice che hai salvato in precedenza nel tuo sito web e applica le modifiche. <\/li> <li><b>L&#8217;installazione \u00e8 completamente eseguita. <\/b><br> Vai alla tua pagina web per vedere in azione il lavoro dell&#8217;estensione. <\/li><\/ol><p>Hai ancora dubbi? O sperimentare domande? Scrivi semplicemente una richiesta al nostro dipartimento di assistenza clienti e risolveranno ogni problema per te. <\/p> <\/div>","protected":false},"excerpt":{"rendered":"","protected":false},"author":9,"featured_media":0,"parent":1175,"menu_order":0,"comment_status":"closed","ping_status":"closed","template":"templates\/template-application-platform.php","meta":{"publish_to_discourse":"","publish_post_category":"","wpdc_auto_publish_overridden":"","wpdc_topic_tags":"","wpdc_pin_topic":"","wpdc_pin_until":"","discourse_post_id":"","discourse_permalink":"","wpdc_publishing_response":"","wpdc_publishing_error":"","footnotes":""},"class_list":["post-3315","page","type-page","status-publish","hentry"],"yoast_head":"<!-- This site is optimized with the Yoast SEO plugin v25.3.1 - https:\/\/yoast.com\/wordpress\/plugins\/seo\/ -->\n<title>Aggiungi l&#039;estensione di verifica dell&#039;et\u00e0 al sito Web OpenCart (veloce e gratuita)<\/title>\n<meta name=\"description\" content=\"Ecco la possibilit\u00e0 di produrre l&#039;estensione di verifica dell&#039;et\u00e0 e incorporarla nel tuo sito Web OpenCart. Goditi il \u200b\u200bservizio clienti gratuito e altri vantaggi di Elfsight.\" \/>\n<meta name=\"robots\" content=\"index, follow, max-snippet:-1, max-image-preview:large, max-video-preview:-1\" \/>\n<link rel=\"canonical\" href=\"https:\/\/elfsight.com\/it\/age-verification-widget\/opencart\/\" \/>\n<meta property=\"og:locale\" content=\"it_IT\" \/>\n<meta property=\"og:type\" content=\"article\" \/>\n<meta property=\"og:title\" content=\"Aggiungi l&#039;estensione di verifica dell&#039;et\u00e0 al sito Web OpenCart (veloce e gratuita)\" \/>\n<meta property=\"og:description\" content=\"Ecco la possibilit\u00e0 di produrre l&#039;estensione di verifica dell&#039;et\u00e0 e incorporarla nel tuo sito Web OpenCart. Goditi il \u200b\u200bservizio clienti gratuito e altri vantaggi di Elfsight.\" \/>\n<meta property=\"og:url\" content=\"https:\/\/elfsight.com\/it\/age-verification-widget\/opencart\/\" \/>\n<meta property=\"og:site_name\" content=\"Elfsight IT\" \/>\n<meta property=\"article:modified_time\" content=\"2024-11-12T13:11:21+00:00\" \/>\n<meta name=\"twitter:card\" content=\"summary_large_image\" \/>\n<meta name=\"twitter:label1\" content=\"Tempo di lettura stimato\" \/>\n\t<meta name=\"twitter:data1\" content=\"3 minuti\" \/>\n<!-- \/ Yoast SEO plugin. -->","yoast_head_json":{"title":"Aggiungi l'estensione di verifica dell'et\u00e0 al sito Web OpenCart (veloce e gratuita)","description":"Ecco la possibilit\u00e0 di produrre l'estensione di verifica dell'et\u00e0 e incorporarla nel tuo sito Web OpenCart. Goditi il \u200b\u200bservizio clienti gratuito e altri vantaggi di Elfsight.","robots":{"index":"index","follow":"follow","max-snippet":"max-snippet:-1","max-image-preview":"max-image-preview:large","max-video-preview":"max-video-preview:-1"},"canonical":"https:\/\/elfsight.com\/it\/age-verification-widget\/opencart\/","og_locale":"it_IT","og_type":"article","og_title":"Aggiungi l'estensione di verifica dell'et\u00e0 al sito Web OpenCart (veloce e gratuita)","og_description":"Ecco la possibilit\u00e0 di produrre l'estensione di verifica dell'et\u00e0 e incorporarla nel tuo sito Web OpenCart. Goditi il \u200b\u200bservizio clienti gratuito e altri vantaggi di Elfsight.","og_url":"https:\/\/elfsight.com\/it\/age-verification-widget\/opencart\/","og_site_name":"Elfsight IT","article_modified_time":"2024-11-12T13:11:21+00:00","twitter_card":"summary_large_image","twitter_misc":{"Tempo di lettura stimato":"3 minuti"},"schema":{"@context":"https:\/\/schema.org","@graph":[{"@type":"WebPage","@id":"https:\/\/elfsight.com\/it\/age-verification-widget\/opencart\/","url":"https:\/\/elfsight.com\/it\/age-verification-widget\/opencart\/","name":"Aggiungi l'estensione di verifica dell'et\u00e0 al sito Web OpenCart (veloce e gratuita)","isPartOf":{"@id":"https:\/\/elfsight.com\/it\/#website"},"datePublished":"2024-05-03T06:26:00+00:00","dateModified":"2024-11-12T13:11:21+00:00","description":"Ecco la possibilit\u00e0 di produrre l'estensione di verifica dell'et\u00e0 e incorporarla nel tuo sito Web OpenCart. Goditi il \u200b\u200bservizio clienti gratuito e altri vantaggi di Elfsight.","breadcrumb":{"@id":"https:\/\/elfsight.com\/it\/age-verification-widget\/opencart\/#breadcrumb"},"inLanguage":"it-IT","potentialAction":[{"@type":"ReadAction","target":["https:\/\/elfsight.com\/it\/age-verification-widget\/opencart\/"]}]},{"@type":"BreadcrumbList","@id":"https:\/\/elfsight.com\/it\/age-verification-widget\/opencart\/#breadcrumb","itemListElement":[{"@type":"ListItem","position":1,"name":"Home","item":"https:\/\/elfsight.com\/it\/"},{"@type":"ListItem","position":2,"name":"Age Verification","item":"https:\/\/elfsight.com\/it\/age-verification-widget\/"},{"@type":"ListItem","position":3,"name":"Age Verification &#8211; OpenCart"}]},{"@type":"WebSite","@id":"https:\/\/elfsight.com\/it\/#website","url":"https:\/\/elfsight.com\/it\/","name":"Elfsight IT","description":"Just another Elfsight Sites site","potentialAction":[{"@type":"SearchAction","target":{"@type":"EntryPoint","urlTemplate":"https:\/\/elfsight.com\/it\/?s={search_term_string}"},"query-input":{"@type":"PropertyValueSpecification","valueRequired":true,"valueName":"search_term_string"}}],"inLanguage":"it-IT"}]}},"meta_box":{"industry":"","seo_heading":"","heading":"","description":"","cta_heading":"","cta_description":"","application":"1174","h1":"Estensione di verifica dell'et\u00e0 OpenCart","h1_caption":"Assicurati che i contenuti sensibili all'et\u00e0 siano accessibili in modo responsabile con un'estensione di verifica dell'et\u00e0 semplice e personalizzabile nel tuo sito Web Opencart senza sforzo.","application_category":[],"applications_title":"","applications_request_title":"","applications_request_button_text":"","hero_text":"","hero_video":"","hero_video_schema_markup":"","selling_points_title":"","selling_points_caption":"","selling_points":[],"selling_points_cta_text":"","features_title":"","features":"","ed_cta_examples_text":"","ed_cta_examples_hidden":"","ed_cta_demo_text":"","ed_cta_demo_hidden":"","why_caption":"","why_editor_title":"","why_editor_text":"","why_team_title":"","why_team_text":"","why_service_title":"","why_service_text":"","template_catalog_visible":"","template_catalog_title":"","template_catalog_text":"","template_catalog_categories_visible":"","demo_title":"Crea la tua estensione per la verifica dell'et\u00e0","demo_caption":"Configura la verifica dell'et\u00e0 e aggiungila gratuitamente al tuo sito Web OpenCart!","default_faq_hidden":"","app_template_category":[],"platform":"41","template_public_id":"","codecanyon_url":"","codecanyon_item_id":"","codecanyon_price":"","pricing_caption":"","pricing_elfsight_apps_hide_column":"","pricing_elfsight_apps_url":"","pricing_codecanyon_price_caption":"","integration_category":[],"integration_request_title":"","integration_request_cta":"","integration_platform":"","integrations":[],"platform_category":[],"video_schema_markup":"","price":"da $ 0 al mese","trial":"","benefits":[{"text":"Servizio di installazione gratuito"},{"text":"Assistenza clienti con esperienza"},{"text":"Garanzia di rimborso di 14 giorni"},{"text":"Futuri aggiornamenti gratuiti"}],"button_url":"#demo","button_target_blank":"","button_nofollow":"","attributes":[{"name":"Installazioni"},{"name":"Reattivo","content":"S\u00cc"},{"name":"Browser compatibili","content":"Safari, Firefox, Opera, Edge, Chrome"}],"tags":[],"tags_disable_links":"","hide_more_platforms":"","video_object":"","demo_hide_cta":"","demo_hide_cloud_options":"","pricing_title":"","pricing":[{"pricing_icon":"platform","pricing_title":"Elfsight Apps","pricing_title_caption":"Soluzione digitale multipiattaforma adatta a qualsiasi sito web","pricing_price":"da $ 0 \/ mese","pricing_price_caption":"inizia con il piano gratuito","pricing_benefits":[{"text":"Domini illimitati"},{"text":"Supporto aziendale professionale"},{"text":"Aiuto per l'installazione gratuito"},{"text":"Progettazione flessibile"}],"pricing_button_text":"Aggiungi al sito web","pricing_button_url":"#demo"}],"related_apps_title":"","related_apps_hidden":"","author":"","image":[],"title":"","job":"","social_networks":[]},"_links":{"self":[{"href":"https:\/\/elfsight.com\/it\/wp-json\/wp\/v2\/pages\/3315","targetHints":{"allow":["GET"]}}],"collection":[{"href":"https:\/\/elfsight.com\/it\/wp-json\/wp\/v2\/pages"}],"about":[{"href":"https:\/\/elfsight.com\/it\/wp-json\/wp\/v2\/types\/page"}],"author":[{"embeddable":true,"href":"https:\/\/elfsight.com\/it\/wp-json\/wp\/v2\/users\/9"}],"replies":[{"embeddable":true,"href":"https:\/\/elfsight.com\/it\/wp-json\/wp\/v2\/comments?post=3315"}],"version-history":[{"count":1,"href":"https:\/\/elfsight.com\/it\/wp-json\/wp\/v2\/pages\/3315\/revisions"}],"predecessor-version":[{"id":3319,"href":"https:\/\/elfsight.com\/it\/wp-json\/wp\/v2\/pages\/3315\/revisions\/3319"}],"up":[{"embeddable":true,"href":"https:\/\/elfsight.com\/it\/wp-json\/wp\/v2\/pages\/1175"}],"wp:attachment":[{"href":"https:\/\/elfsight.com\/it\/wp-json\/wp\/v2\/media?parent=3315"}],"curies":[{"name":"wp","href":"https:\/\/api.w.org\/{rel}","templated":true}]}}