{"id":3314,"date":"2024-05-03T06:25:59","date_gmt":"2024-05-03T06:25:59","guid":{"rendered":"https:\/\/elfsight.com\/it\/?page_id=3314"},"modified":"2025-12-18T15:37:11","modified_gmt":"2025-12-18T15:37:11","slug":"shopify","status":"publish","type":"page","link":"https:\/\/elfsight.com\/it\/age-verification-widget\/shopify\/","title":{"rendered":"Age Verification &#8211; Shopify"},"content":{"rendered":"\n<div class=\"application-platform-content-item-description application-platform-content-item\" id=\"description\" data-nav-section=\"description\"> <h2>Incorpora la verifica dell&#8217;et\u00e0 su Shopify con il widget Elfsight<\/h2> <p>Questo widget sar\u00e0 il modo pi\u00f9 pratico per configurare una finestra immediata, che richiede l&#8217;et\u00e0 di un visitatore del sito web. Rende accessibile il materiale limitato all&#8217;et\u00e0 agli utenti maggiorenni e lo protegge dal pubblico minorenne. Sono disponibili opzioni per specificare l&#8217;et\u00e0, selezionare il metodo di verifica, aggiungere il popup su ciascuna o solo pagine specifiche e scegliere l&#8217;azione dopo la negazione dell&#8217;accesso. Il look \u00e8 flessibile con dettagli verniciabili e la possibilit\u00e0 di aggiungere immagini personalizzate. <\/p> <div class=\"faq\" data-component=\"FAQ\"> <div class=\"faq-item\">\r\n\t\t\t\t\t<div class=\"faq-item-question\">\r\n\t\t\t\t\t\t<h3 class=\"faq-item-question-text\">Dove posso integrare il widget sul mio sito web<\/h3>\r\n\r\n\t\t\t\t\t\t<div class=\"faq-item-question-icon\"><\/div>\r\n\t\t\t\t\t<\/div>\r\n\r\n\t\t\t\t\t<div class=\"faq-item-answer\">\r\n\t\t\t\t\t\t<div class=\"faq-item-answer-text\"> <p>Puoi scegliere di incorporare il popup di verifica su ogni pagina o scegliere le pagine in cui integrarlo. Inoltre, puoi utilizzare l&#8217;opzione per escludere quelle pagine in cui non desideri. <\/p> <\/div>\r\n\t\t\t\t\t<\/div>\r\n\t\t\t\t<\/div> <div class=\"faq-item\">\r\n\t\t\t\t\t<div class=\"faq-item-question\">\r\n\t\t\t\t\t\t<h3 class=\"faq-item-question-text\">Quali vantaggi mi dar\u00e0?<\/h3>\r\n\r\n\t\t\t\t\t\t<div class=\"faq-item-question-icon\"><\/div>\r\n\t\t\t\t\t<\/div>\r\n\r\n\t\t\t\t\t<div class=\"faq-item-answer\">\r\n\t\t\t\t\t\t<div class=\"faq-item-answer-text\"> <p>Con l&#8217;aiuto del nostro widget, \u00e8 assolutamente facile e veloce configurare una finestra di verifica dell&#8217;et\u00e0 e rendere i tuoi contenuti inaccessibili ai minorenni utenti. In questo modo sarai sicuro che il tuo sito sia conforme alla legislazione. Inoltre, questo ti dar\u00e0 pi\u00f9 visitatori target e potenziali clienti validi. <\/p> <\/div>\r\n\t\t\t\t\t<\/div>\r\n\t\t\t\t<\/div> <div class=\"faq-item\">\r\n\t\t\t\t\t<div class=\"faq-item-question\">\r\n\t\t\t\t\t\t<h3 class=\"faq-item-question-text\">Di cosa ho bisogno per ottenere il widget di verifica dell'et\u00e0 sul mio sito Shopify?<\/h3>\r\n\r\n\t\t\t\t\t\t<div class=\"faq-item-question-icon\"><\/div>\r\n\t\t\t\t\t<\/div>\r\n\r\n\t\t\t\t\t<div class=\"faq-item-answer\">\r\n\t\t\t\t\t\t<div class=\"faq-item-answer-text\"> <p>Ci vogliono due minuti del tuo tempo per incorporare il widget. L&#8217;integrazione \u00e8 estremamente rapida, gratuita e priva di codifica. <\/p> <p>La verifica dell&#8217;et\u00e0 Elfsight pu\u00f2 essere introdotta tramite il nostro servizio o sul mercato. Qui puoi confrontare pi\u00f9 dettagliatamente le due opzioni e scegliere la tua.<\/p> <\/div>\r\n\t\t\t\t\t<\/div>\r\n\t\t\t\t<\/div> <\/div> <\/div> <div class=\"application-platform-content-item-features application-platform-content-item\" id=\"features\" data-nav-section=\"features\"> <h2>Caratteristiche principali del widget di verifica dell&#8217;et\u00e0<\/h2> <p>Per avere una migliore percezione del widget, puoi dare un&#8217;occhiata all&#8217;elenco delle caratteristiche principali. Rendono il widget incredibilmente efficace per te: <\/p> <ul><li>Scegli uno dei tipi di controllo: chiedi la data di nascita completa, solo l&#8217;anno di nascita o una domanda con le opzioni S\u00ec e No; <\/li><li>Scegliere di ricordare gli utenti per qualsiasi periodo di tempo; <\/li><li>Due possibili scenari per i visitatori scoraggiati: visualizzare un testo personalizzato o reindirizzare un utente a qualsiasi indirizzo; <\/li><li>Aggiungi qualsiasi immagine da mostrare nella finestra di verifica; <\/li><li>Dimostra informazioni aggiuntive con i collegamenti sotto il pulsante di verifica. <\/li><\/ul><p><a href=\"#demo\">La nostra demo dal vivo ti mostrer\u00e0 tutte le funzionalit\u00e0<\/a><\/p> <\/div><div class=\"application-platform-content-item-installation application-platform-content-item\" id=\"installation\" data-nav-section=\"installation\"> <h2>Vediamo come introdurre l&#8217;app di verifica dell&#8217;et\u00e0 nel tuo negozio Shopify. \u00c8 incredibilmente facile.<\/h2> <div class=\"video-container\">\n<iframe width=\"720\" height=\"405\" src=\"https:\/\/www.youtube.com\/embed\/HoyI5ybafJE?si=omOJ_TNxmSGHDny8\" frameborder=\"0\" allowfullscreen=\"\"><\/iframe>\n<\/div><p>I passaggi seguenti sono l&#8217;unica cosa che devi fare per impostare il widget. <\/p> <ol><li><b>Utilizza il nostro configuratore gratuito e inizia a creare la tua app. <\/b><br> Specifica la disposizione e le caratteristiche adatte dell&#8217;app e applica tutte le modifiche. <\/li> <li><b>Ricevi il tuo codice univoco che appare nella casella delle app Elfsight. <\/b><br> Non appena la generazione della tua app personale sar\u00e0 completata, copia il tuo codice dalla finestra emersa e salvalo per necessit\u00e0 successive. <\/li> <li><b>Inizia a utilizzare l&#8217;app sulla tua pagina web Shopify.<\/b><br> Incorpora il codice copiato in precedenza nel tuo sito e applica le modifiche.<\/li> <li><b>L&#8217;installazione \u00e8 completata.<\/b><br> Vai al tuo sito per vedere il funzionamento dell&#8217;app.<\/li><\/ol><p>Hai ancora qualche dubbio? O hai domande? Basta una singola richiesta al nostro servizio clienti per risolvere ogni problema.<\/p> <\/div>\n","protected":false},"excerpt":{"rendered":"","protected":false},"author":9,"featured_media":0,"parent":1175,"menu_order":0,"comment_status":"closed","ping_status":"closed","template":"templates\/template-application-platform.php","meta":{"publish_to_discourse":"","publish_post_category":"","wpdc_auto_publish_overridden":"","wpdc_topic_tags":"","wpdc_pin_topic":"","wpdc_pin_until":"","discourse_post_id":"","discourse_permalink":"","wpdc_publishing_response":"","wpdc_publishing_error":"","footnotes":""},"class_list":["post-3314","page","type-page","status-publish","hentry"],"yoast_head":"<!-- This site is optimized with the Yoast SEO plugin v25.3.1 - https:\/\/yoast.com\/wordpress\/plugins\/seo\/ -->\n<title>Aggiungi l&#039;app di verifica dell&#039;et\u00e0 al sito web Shopify (veloce e gratuita)<\/title>\n<meta name=\"description\" content=\"Con Elfsight, progetta la tua app di verifica dell&#039;et\u00e0 e aggiungila facilmente al tuo sito Web Shopify. Abbiamo supporto clienti gratuito e pi\u00f9 bonus.\" \/>\n<meta name=\"robots\" content=\"index, follow, max-snippet:-1, max-image-preview:large, max-video-preview:-1\" \/>\n<link rel=\"canonical\" href=\"https:\/\/elfsight.com\/it\/age-verification-widget\/shopify\/\" \/>\n<meta property=\"og:locale\" content=\"it_IT\" \/>\n<meta property=\"og:type\" content=\"article\" \/>\n<meta property=\"og:title\" content=\"Aggiungi l&#039;app di verifica dell&#039;et\u00e0 al sito web Shopify (veloce e gratuita)\" \/>\n<meta property=\"og:description\" content=\"Con Elfsight, progetta la tua app di verifica dell&#039;et\u00e0 e aggiungila facilmente al tuo sito Web Shopify. Abbiamo supporto clienti gratuito e pi\u00f9 bonus.\" \/>\n<meta property=\"og:url\" content=\"https:\/\/elfsight.com\/it\/age-verification-widget\/shopify\/\" \/>\n<meta property=\"og:site_name\" content=\"Elfsight IT\" \/>\n<meta property=\"article:modified_time\" content=\"2025-12-18T15:37:11+00:00\" \/>\n<meta name=\"twitter:card\" content=\"summary_large_image\" \/>\n<meta name=\"twitter:label1\" content=\"Tempo di lettura stimato\" \/>\n\t<meta name=\"twitter:data1\" content=\"3 minuti\" \/>\n<!-- \/ Yoast SEO plugin. -->","yoast_head_json":{"title":"Aggiungi l'app di verifica dell'et\u00e0 al sito web Shopify (veloce e gratuita)","description":"Con Elfsight, progetta la tua app di verifica dell'et\u00e0 e aggiungila facilmente al tuo sito Web Shopify. Abbiamo supporto clienti gratuito e pi\u00f9 bonus.","robots":{"index":"index","follow":"follow","max-snippet":"max-snippet:-1","max-image-preview":"max-image-preview:large","max-video-preview":"max-video-preview:-1"},"canonical":"https:\/\/elfsight.com\/it\/age-verification-widget\/shopify\/","og_locale":"it_IT","og_type":"article","og_title":"Aggiungi l'app di verifica dell'et\u00e0 al sito web Shopify (veloce e gratuita)","og_description":"Con Elfsight, progetta la tua app di verifica dell'et\u00e0 e aggiungila facilmente al tuo sito Web Shopify. Abbiamo supporto clienti gratuito e pi\u00f9 bonus.","og_url":"https:\/\/elfsight.com\/it\/age-verification-widget\/shopify\/","og_site_name":"Elfsight IT","article_modified_time":"2025-12-18T15:37:11+00:00","twitter_card":"summary_large_image","twitter_misc":{"Tempo di lettura stimato":"3 minuti"},"schema":{"@context":"https:\/\/schema.org","@graph":[{"@type":"WebPage","@id":"https:\/\/elfsight.com\/it\/age-verification-widget\/shopify\/","url":"https:\/\/elfsight.com\/it\/age-verification-widget\/shopify\/","name":"Aggiungi l'app di verifica dell'et\u00e0 al sito web Shopify (veloce e gratuita)","isPartOf":{"@id":"https:\/\/elfsight.com\/it\/#website"},"datePublished":"2024-05-03T06:25:59+00:00","dateModified":"2025-12-18T15:37:11+00:00","description":"Con Elfsight, progetta la tua app di verifica dell'et\u00e0 e aggiungila facilmente al tuo sito Web Shopify. Abbiamo supporto clienti gratuito e pi\u00f9 bonus.","breadcrumb":{"@id":"https:\/\/elfsight.com\/it\/age-verification-widget\/shopify\/#breadcrumb"},"inLanguage":"it-IT","potentialAction":[{"@type":"ReadAction","target":["https:\/\/elfsight.com\/it\/age-verification-widget\/shopify\/"]}]},{"@type":"BreadcrumbList","@id":"https:\/\/elfsight.com\/it\/age-verification-widget\/shopify\/#breadcrumb","itemListElement":[{"@type":"ListItem","position":1,"name":"Home","item":"https:\/\/elfsight.com\/it\/"},{"@type":"ListItem","position":2,"name":"Age Verification","item":"https:\/\/elfsight.com\/it\/age-verification-widget\/"},{"@type":"ListItem","position":3,"name":"Age Verification &#8211; Shopify"}]},{"@type":"WebSite","@id":"https:\/\/elfsight.com\/it\/#website","url":"https:\/\/elfsight.com\/it\/","name":"Elfsight IT","description":"Just another Elfsight Sites site","potentialAction":[{"@type":"SearchAction","target":{"@type":"EntryPoint","urlTemplate":"https:\/\/elfsight.com\/it\/?s={search_term_string}"},"query-input":{"@type":"PropertyValueSpecification","valueRequired":true,"valueName":"search_term_string"}}],"inLanguage":"it-IT"}]}},"meta_box":{"industry":"","seo_heading":"","heading":"","description":"","cta_heading":"","cta_description":"","application":"1174","h1":"App Shopify per la verifica dell'et\u00e0","h1_caption":"Assicurati che i contenuti sensibili all'et\u00e0 siano accessibili in modo responsabile con un'app di verifica dell'et\u00e0 semplice e personalizzabile nel tuo sito web Shopify senza sforzo.","application_category":[],"applications_title":"","applications_request_title":"","applications_request_button_text":"","hero_text":"","hero_video":"","hero_video_schema_markup":"","selling_points_title":"","selling_points_caption":"","selling_points":[],"selling_points_cta_text":"","features_title":"","features":"","ed_cta_examples_text":"","ed_cta_examples_hidden":"","ed_cta_demo_text":"","ed_cta_demo_hidden":"","why_caption":"","why_editor_title":"","why_editor_text":"","why_team_title":"","why_team_text":"","why_service_title":"","why_service_text":"","template_catalog_visible":"0","template_catalog_title":"","template_catalog_text":"","template_catalog_categories_visible":"","demo_title":"Crea la tua app per la verifica dell'et\u00e0","demo_caption":"Configura la verifica dell'et\u00e0 e aggiungila gratuitamente al tuo sito Shopify!","default_faq_hidden":"","app_template_category":[],"platform":"42","template_public_id":"","codecanyon_url":"","codecanyon_item_id":"","codecanyon_price":"","pricing_caption":"","pricing_elfsight_apps_hide_column":"","pricing_elfsight_apps_url":"","pricing_codecanyon_price_caption":"","integration_category":[],"integration_request_title":"","integration_request_cta":"","integration_platform":"","integrations":[],"platform_category":[],"video_schema_markup":"","price":"da $ 0 al mese","trial":"","benefits":[{"text":"Servizio di installazione gratuito"},{"text":"Supporto premium"},{"text":"Garanzia di rimborso di 14 giorni"},{"text":"Aggiornamenti gratuiti continui"}],"button_url":"#demo","button_target_blank":"0","button_nofollow":"0","attributes":[{"name":"Installazioni"},{"name":"Reattivo","content":"S\u00cc"},{"name":"Browser compatibili","content":"IE11, Firefox, Safari, Opera, Chrome, Edge"}],"tags":[],"tags_disable_links":"0","hide_more_platforms":"0","video_object":"","demo_hide_cta":"0","demo_hide_cloud_options":"0","pricing_title":"","pricing":[{"pricing_icon":"cloud","pricing_title":"Elfsight Apps","pricing_title_caption":"Versione multipiattaforma che funziona su qualsiasi sito web","pricing_price":"da $ 0 \/ mese","pricing_price_caption":"inizia con il piano gratuito","pricing_benefits":[{"text":"Siti web illimitati"},{"text":"Supporto premium"},{"text":"Servizio di installazione gratuito"},{"text":"Offerta speciale per pi\u00f9 app"}],"pricing_button_text":"Aggiungi al sito web","pricing_button_url":"#demo"}],"related_apps_title":"","related_apps_hidden":"0","author":"","image":[],"title":"","job":"","social_networks":[]},"_links":{"self":[{"href":"https:\/\/elfsight.com\/it\/wp-json\/wp\/v2\/pages\/3314","targetHints":{"allow":["GET"]}}],"collection":[{"href":"https:\/\/elfsight.com\/it\/wp-json\/wp\/v2\/pages"}],"about":[{"href":"https:\/\/elfsight.com\/it\/wp-json\/wp\/v2\/types\/page"}],"author":[{"embeddable":true,"href":"https:\/\/elfsight.com\/it\/wp-json\/wp\/v2\/users\/9"}],"replies":[{"embeddable":true,"href":"https:\/\/elfsight.com\/it\/wp-json\/wp\/v2\/comments?post=3314"}],"version-history":[{"count":4,"href":"https:\/\/elfsight.com\/it\/wp-json\/wp\/v2\/pages\/3314\/revisions"}],"predecessor-version":[{"id":10566,"href":"https:\/\/elfsight.com\/it\/wp-json\/wp\/v2\/pages\/3314\/revisions\/10566"}],"up":[{"embeddable":true,"href":"https:\/\/elfsight.com\/it\/wp-json\/wp\/v2\/pages\/1175"}],"wp:attachment":[{"href":"https:\/\/elfsight.com\/it\/wp-json\/wp\/v2\/media?parent=3314"}],"curies":[{"name":"wp","href":"https:\/\/api.w.org\/{rel}","templated":true}]}}