{"id":3309,"date":"2024-05-03T06:25:58","date_gmt":"2024-05-03T06:25:58","guid":{"rendered":"https:\/\/elfsight.com\/it\/?page_id=3309"},"modified":"2025-03-21T10:12:55","modified_gmt":"2025-03-21T10:12:55","slug":"squarespace","status":"publish","type":"page","link":"https:\/\/elfsight.com\/it\/age-verification-widget\/squarespace\/","title":{"rendered":"Age Verification &#8211; Squarespace"},"content":{"rendered":"\n<iframe width=\"720\" height=\"405\" src=\"https:\/\/www.youtube.com\/embed\/r_CmpExwAhk\" frameborder=\"0\" allowfullscreen=\"\"><\/iframe><div class=\"application-platform-content-item-description application-platform-content-item\" id=\"description\" data-nav-section=\"description\"> <h2>Incorpora la verifica dell&#8217;et\u00e0 su Squarespace con il widget Elfsight<\/h2> <p>Il widget di verifica dell&#8217;et\u00e0 Elfsight sar\u00e0 il metodo migliore per impostare un notifica che controlla l&#8217;et\u00e0 di un utente. Il widget ti aiuter\u00e0 a rendere i tuoi contenuti sensibili all&#8217;et\u00e0 accessibili agli adulti e a nasconderli al pubblico minorenne. Puoi determinare un limite di et\u00e0 appropriato, selezionare il metodo di verifica, introdurre la finestra su tutte o solo pagine specifiche e scegliere lo scenario. L&#8217;aspetto \u00e8 flessibile con dettagli verniciabili e la possibilit\u00e0 di caricare immagini personalizzate. <\/p> <div class=\"faq\" data-component=\"FAQ\"> <div class=\"faq-item\">\r\n\t\t\t\t\t<div class=\"faq-item-question\">\r\n\t\t\t\t\t\t<h3 class=\"faq-item-question-text\">Dove posso pubblicare la verifica dell'et\u00e0<\/h3>\r\n\r\n\t\t\t\t\t\t<div class=\"faq-item-question-icon\"><\/div>\r\n\t\t\t\t\t<\/div>\r\n\r\n\t\t\t\t\t<div class=\"faq-item-answer\">\r\n\t\t\t\t\t\t<div class=\"faq-item-answer-text\"> <p>Puoi incorporare la finestra di verifica su tutto il sito Web o scegliere le pagine in cui integrarla o escludere diverse pagine. <\/p> <\/div>\r\n\t\t\t\t\t<\/div>\r\n\t\t\t\t<\/div> <div class=\"faq-item\">\r\n\t\t\t\t\t<div class=\"faq-item-question\">\r\n\t\t\t\t\t\t<h3 class=\"faq-item-question-text\">Come potrei trarne vantaggio?<\/h3>\r\n\r\n\t\t\t\t\t\t<div class=\"faq-item-question-icon\"><\/div>\r\n\t\t\t\t\t<\/div>\r\n\r\n\t\t\t\t\t<div class=\"faq-item-answer\">\r\n\t\t\t\t\t\t<div class=\"faq-item-answer-text\"> <p>Con questo widget, \u00e8 estremamente facile e veloce mostrare un popup di controllo dell&#8217;et\u00e0 e scoraggiare gli utenti minorenni. In questo modo ti assicurerai che il tuo sito sia conforme alla legislazione. Inoltre, ti dar\u00e0 pi\u00f9 pubblico target e clienti validi. <\/p> <\/div>\r\n\t\t\t\t\t<\/div>\r\n\t\t\t\t<\/div> <div class=\"faq-item\">\r\n\t\t\t\t\t<div class=\"faq-item-question\">\r\n\t\t\t\t\t\t<h3 class=\"faq-item-question-text\">Come faccio ad aggiungere la verifica dell'et\u00e0 al mio sito web Squarespace?<\/h3>\r\n\r\n\t\t\t\t\t\t<div class=\"faq-item-question-icon\"><\/div>\r\n\t\t\t\t\t<\/div>\r\n\r\n\t\t\t\t\t<div class=\"faq-item-answer\">\r\n\t\t\t\t\t\t<div class=\"faq-item-answer-text\"> <p>Ci vorranno solo un paio di minuti del tuo tempo per attivare il widget. L&#8217;incorporamento \u00e8 molto rapido, gratuito e senza codifica. <\/p> <p>C&#8217;\u00e8 un&#8217;opzione per introdurre la verifica dell&#8217;et\u00e0 nel tuo sito direttamente nel nostro servizio. Basta applicare la guida pubblicata di seguito in questa pagina.<\/p> <\/div>\r\n\t\t\t\t\t<\/div>\r\n\t\t\t\t<\/div> <\/div> <\/div> <div class=\"application-platform-content-item-features application-platform-content-item\" id=\"features\" data-nav-section=\"features\"> <h2>Caratteristiche principali del widget di verifica dell&#8217;et\u00e0<\/h2> <p>Per comprendere meglio il widget di verifica dell&#8217;et\u00e0, guarda l&#8217;elenco delle sue funzionalit\u00e0 essenziali. Rendono il nostro widget estremamente vantaggioso per la tua attivit\u00e0: <\/p> <ul><li>Seleziona uno dei tre metodi di verifica: chiedere la data di nascita completa, solo l&#8217;anno di nascita o una domanda che offre risposte S\u00ec e No; <\/li><li>Imposta il widget per ricordare un visitatore per un qualsiasi periodo di tempo; <\/li><li>2 possibili scenari per gli utenti dissuasi: visualizzare un messaggio o indirizzare un utente a qualsiasi indirizzo; <\/li><li>Carica qualsiasi immagine per il popup dell&#8217;assegno; <\/li><li>Mostra testo e collegamenti aggiuntivi sotto il pulsante di verifica. <\/li><\/ul><p><a href=\"#demo\">Per controllare l&#8217;elenco completo delle funzionalit\u00e0, guarda la nostra demo live<\/a><\/p> <\/div> <div class=\"application-platform-content-item-installation  application-platform-content-item\" id=\"installation \" data-nav-section=\"installation \"> <h2>Scopri come introdurre il widget di verifica dell&#8217;et\u00e0 nel tuo sito web Squarespace. \u00c8 facile e veloce.<\/h2> <div class=\"video-container\"><iframe width=\"560\" height=\"315\" src=\"https:\/\/www.youtube.com\/embed\/X3uKHw65C8M?si=s8gnMeQWdRfIx4xt\" frameborder=\"0\" allow=\"accelerometer; autoplay; clipboard-write; encrypted-media; gyroscope; picture-in-picture; web-share\" allowfullscreen><\/iframe><\/div><p>Le azioni seguenti sono l&#8217;unica cosa che devi fare per installare il widget. \u00c8 veloce e privo di codifica. <\/p> <ol><li><b>Costruisci il tuo plugin per la verifica dell&#8217;et\u00e0<\/b><br> Gestendo il nostro editor gratuito, imposta un plugin con un layout e funzioni preferibili. <\/li><li><b>Copia il codice personale per aggiungere il plugin<\/b><br> Dopo aver impostato il tuo widget, riceverai il tuo codice personale dalla notifica che appare sulle App Elfsight. Copia questo codice. <\/li> <li><b>Integra il plugin sul tuo sito Squarespace<\/b><br> Trova l&#8217;area in cui devi posizionare il plugin e inserisci l\u00ec il codice salvato. Pubblica i risultati. <\/li> <li><b>Fatto! <\/b><br> Accedi al tuo sito web per controllare il tuo plugin.<\/li> <\/ol><p>Non riesci ancora a prendere una decisione? Oppure hai domande da porre? Basta una singola richiesta al nostro team di supporto per risolvere ogni domanda. <\/p> <\/div>\n","protected":false},"excerpt":{"rendered":"","protected":false},"author":9,"featured_media":0,"parent":1175,"menu_order":0,"comment_status":"closed","ping_status":"closed","template":"templates\/template-application-platform.php","meta":{"publish_to_discourse":"","publish_post_category":"","wpdc_auto_publish_overridden":"","wpdc_topic_tags":"","wpdc_pin_topic":"","wpdc_pin_until":"","discourse_post_id":"","discourse_permalink":"","wpdc_publishing_response":"","wpdc_publishing_error":"","footnotes":""},"class_list":["post-3309","page","type-page","status-publish","hentry"],"yoast_head":"<!-- This site is optimized with the Yoast SEO plugin v25.3.1 - https:\/\/yoast.com\/wordpress\/plugins\/seo\/ -->\n<title>Plug-in di verifica dell&#039;et\u00e0 sul sito web di Squarespace (veloce e gratuito)<\/title>\n<meta name=\"description\" content=\"Non \u00e8 un problema progettare il plug-in di verifica dell&#039;et\u00e0 e visualizzarlo sul sito Web di Squarespace. Il supporto client Elfsight \u00e8 gratuito.\" \/>\n<meta name=\"robots\" content=\"index, follow, max-snippet:-1, max-image-preview:large, max-video-preview:-1\" \/>\n<link rel=\"canonical\" href=\"https:\/\/elfsight.com\/it\/age-verification-widget\/squarespace\/\" \/>\n<meta property=\"og:locale\" content=\"it_IT\" \/>\n<meta property=\"og:type\" content=\"article\" \/>\n<meta property=\"og:title\" content=\"Plug-in di verifica dell&#039;et\u00e0 sul sito web di Squarespace (veloce e gratuito)\" \/>\n<meta property=\"og:description\" content=\"Non \u00e8 un problema progettare il plug-in di verifica dell&#039;et\u00e0 e visualizzarlo sul sito Web di Squarespace. Il supporto client Elfsight \u00e8 gratuito.\" \/>\n<meta property=\"og:url\" content=\"https:\/\/elfsight.com\/it\/age-verification-widget\/squarespace\/\" \/>\n<meta property=\"og:site_name\" content=\"Elfsight IT\" \/>\n<meta property=\"article:modified_time\" content=\"2025-03-21T10:12:55+00:00\" \/>\n<meta name=\"twitter:card\" content=\"summary_large_image\" \/>\n<meta name=\"twitter:label1\" content=\"Tempo di lettura stimato\" \/>\n\t<meta name=\"twitter:data1\" content=\"3 minuti\" \/>\n<!-- \/ Yoast SEO plugin. -->","yoast_head_json":{"title":"Plug-in di verifica dell'et\u00e0 sul sito web di Squarespace (veloce e gratuito)","description":"Non \u00e8 un problema progettare il plug-in di verifica dell'et\u00e0 e visualizzarlo sul sito Web di Squarespace. Il supporto client Elfsight \u00e8 gratuito.","robots":{"index":"index","follow":"follow","max-snippet":"max-snippet:-1","max-image-preview":"max-image-preview:large","max-video-preview":"max-video-preview:-1"},"canonical":"https:\/\/elfsight.com\/it\/age-verification-widget\/squarespace\/","og_locale":"it_IT","og_type":"article","og_title":"Plug-in di verifica dell'et\u00e0 sul sito web di Squarespace (veloce e gratuito)","og_description":"Non \u00e8 un problema progettare il plug-in di verifica dell'et\u00e0 e visualizzarlo sul sito Web di Squarespace. Il supporto client Elfsight \u00e8 gratuito.","og_url":"https:\/\/elfsight.com\/it\/age-verification-widget\/squarespace\/","og_site_name":"Elfsight IT","article_modified_time":"2025-03-21T10:12:55+00:00","twitter_card":"summary_large_image","twitter_misc":{"Tempo di lettura stimato":"3 minuti"},"schema":{"@context":"https:\/\/schema.org","@graph":[{"@type":"WebPage","@id":"https:\/\/elfsight.com\/it\/age-verification-widget\/squarespace\/","url":"https:\/\/elfsight.com\/it\/age-verification-widget\/squarespace\/","name":"Plug-in di verifica dell'et\u00e0 sul sito web di Squarespace (veloce e gratuito)","isPartOf":{"@id":"https:\/\/elfsight.com\/it\/#website"},"datePublished":"2024-05-03T06:25:58+00:00","dateModified":"2025-03-21T10:12:55+00:00","description":"Non \u00e8 un problema progettare il plug-in di verifica dell'et\u00e0 e visualizzarlo sul sito Web di Squarespace. Il supporto client Elfsight \u00e8 gratuito.","breadcrumb":{"@id":"https:\/\/elfsight.com\/it\/age-verification-widget\/squarespace\/#breadcrumb"},"inLanguage":"it-IT","potentialAction":[{"@type":"ReadAction","target":["https:\/\/elfsight.com\/it\/age-verification-widget\/squarespace\/"]}]},{"@type":"BreadcrumbList","@id":"https:\/\/elfsight.com\/it\/age-verification-widget\/squarespace\/#breadcrumb","itemListElement":[{"@type":"ListItem","position":1,"name":"Home","item":"https:\/\/elfsight.com\/it\/"},{"@type":"ListItem","position":2,"name":"Age Verification","item":"https:\/\/elfsight.com\/it\/age-verification-widget\/"},{"@type":"ListItem","position":3,"name":"Age Verification &#8211; Squarespace"}]},{"@type":"WebSite","@id":"https:\/\/elfsight.com\/it\/#website","url":"https:\/\/elfsight.com\/it\/","name":"Elfsight IT","description":"Just another Elfsight Sites site","potentialAction":[{"@type":"SearchAction","target":{"@type":"EntryPoint","urlTemplate":"https:\/\/elfsight.com\/it\/?s={search_term_string}"},"query-input":{"@type":"PropertyValueSpecification","valueRequired":true,"valueName":"search_term_string"}}],"inLanguage":"it-IT"}]}},"meta_box":{"industry":"","seo_heading":"","heading":"","description":"","cta_heading":"","cta_description":"","application":"1174","h1":"Plug-in per la verifica dell'et\u00e0 di Squarespace","h1_caption":"Assicurati che i contenuti sensibili all'et\u00e0 siano accessibili in modo responsabile con un plug-in di verifica dell'et\u00e0 semplice e personalizzabile nel tuo sito web Squarespace senza sforzo.","application_category":[],"applications_title":"","applications_request_title":"","applications_request_button_text":"","hero_text":"","hero_video":"","hero_video_schema_markup":"","selling_points_title":"","selling_points_caption":"","selling_points":[],"selling_points_cta_text":"","features_title":"","features":"","ed_cta_examples_text":"","ed_cta_examples_hidden":"","ed_cta_demo_text":"","ed_cta_demo_hidden":"","why_caption":"","why_editor_title":"","why_editor_text":"","why_team_title":"","why_team_text":"","why_service_title":"","why_service_text":"","template_catalog_visible":"0","template_catalog_title":"","template_catalog_text":"","template_catalog_categories_visible":"","demo_title":"Crea il tuo plugin per la verifica dell'et\u00e0","demo_caption":"Configura la verifica dell'et\u00e0 e aggiungila gratuitamente al tuo sito web Squarespace!","default_faq_hidden":"","app_template_category":[],"platform":"43","template_public_id":"","codecanyon_url":"","codecanyon_item_id":"","codecanyon_price":"","pricing_caption":"","pricing_elfsight_apps_hide_column":"","pricing_elfsight_apps_url":"","pricing_codecanyon_price_caption":"","integration_category":[],"integration_request_title":"","integration_request_cta":"","integration_platform":"","integrations":[],"platform_category":[],"video_schema_markup":"","price":"da $ 0 al mese","trial":"","benefits":[{"text":"Servizio clienti professionale"},{"text":"Assistenza per l'installazione gratuita"},{"text":"Garanzia di rimborso di 14 giorni"},{"text":"Miglioramenti gratuiti a vita"}],"button_url":"#demo","button_target_blank":"0","button_nofollow":"0","attributes":[{"name":"Installazioni"},{"name":"Reattivo","content":"S\u00cc"},{"name":"Browser compatibili","content":"Firefox, Safari, Opera, Chrome, Edge"}],"tags":[],"tags_disable_links":"0","hide_more_platforms":"0","video_object":"","demo_hide_cta":"0","demo_hide_cloud_options":"0","pricing_title":"","pricing":[{"pricing_icon":"platform","pricing_title":"Elfsight Apps","pricing_title_caption":"Soluzione multipiattaforma adatta a qualsiasi sito","pricing_price":"da $ 0 \/ mese","pricing_price_caption":"inizia con un piano gratuito","pricing_benefits":[{"text":"Domini illimitati"},{"text":"Supporto puntuale 24 ore su 24, 7 giorni su 7 e ben documentato"},{"text":"Servizio di installazione gratuito"},{"text":"Completamente personalizzabile"}],"pricing_button_text":"Aggiungi al sito web","pricing_button_url":"#demo"}],"related_apps_title":"","related_apps_hidden":"0","author":"","image":[],"title":"","job":"","social_networks":[]},"_links":{"self":[{"href":"https:\/\/elfsight.com\/it\/wp-json\/wp\/v2\/pages\/3309","targetHints":{"allow":["GET"]}}],"collection":[{"href":"https:\/\/elfsight.com\/it\/wp-json\/wp\/v2\/pages"}],"about":[{"href":"https:\/\/elfsight.com\/it\/wp-json\/wp\/v2\/types\/page"}],"author":[{"embeddable":true,"href":"https:\/\/elfsight.com\/it\/wp-json\/wp\/v2\/users\/9"}],"replies":[{"embeddable":true,"href":"https:\/\/elfsight.com\/it\/wp-json\/wp\/v2\/comments?post=3309"}],"version-history":[{"count":4,"href":"https:\/\/elfsight.com\/it\/wp-json\/wp\/v2\/pages\/3309\/revisions"}],"predecessor-version":[{"id":9576,"href":"https:\/\/elfsight.com\/it\/wp-json\/wp\/v2\/pages\/3309\/revisions\/9576"}],"up":[{"embeddable":true,"href":"https:\/\/elfsight.com\/it\/wp-json\/wp\/v2\/pages\/1175"}],"wp:attachment":[{"href":"https:\/\/elfsight.com\/it\/wp-json\/wp\/v2\/media?parent=3309"}],"curies":[{"name":"wp","href":"https:\/\/api.w.org\/{rel}","templated":true}]}}