{"id":3308,"date":"2024-05-03T06:25:57","date_gmt":"2024-05-03T06:25:57","guid":{"rendered":"https:\/\/elfsight.com\/it\/?page_id=3308"},"modified":"2025-03-21T10:14:44","modified_gmt":"2025-03-21T10:14:44","slug":"webflow","status":"publish","type":"page","link":"https:\/\/elfsight.com\/it\/age-verification-widget\/webflow\/","title":{"rendered":"Age Verification &#8211; Webflow"},"content":{"rendered":"\n<div class=\"application-platform-content-item-description application-platform-content-item\" id=\"description\" data-nav-section=\"description\"> <h2>Incorpora la verifica dell&#8217;et\u00e0 nel flusso Web con il widget Elfsight<\/h2> <p>Il widget di verifica dell&#8217;et\u00e0 Elfsight \u00e8 il modo pi\u00f9 semplice per impostare un finestra, che verifica l&#8217;et\u00e0 di un visitatore. Il nostro widget aiuta a rendere i materiali sensibili all&#8217;et\u00e0 accessibili agli utenti adulti e a scoraggiarli per gli spettatori minorenni. Puoi impostare l&#8217;et\u00e0 corretta, scegliere il metodo di verifica, introdurre la finestra su ciascuna o solo le pagine selezionate e scegliere l&#8217;azione. Anche lo stile pu\u00f2 essere adattato, includendo elementi verniciabili e la possibilit\u00e0 di aggiungere immagini personalizzate. <\/p> <div class=\"faq\" data-component=\"FAQ\"> <div class=\"faq-item\">\r\n\t\t\t\t\t<div class=\"faq-item-question\">\r\n\t\t\t\t\t\t<h3 class=\"faq-item-question-text\">Dove posso visualizzarlo<\/h3>\r\n\r\n\t\t\t\t\t\t<div class=\"faq-item-question-icon\"><\/div>\r\n\t\t\t\t\t<\/div>\r\n\r\n\t\t\t\t\t<div class=\"faq-item-answer\">\r\n\t\t\t\t\t\t<div class=\"faq-item-answer-text\"> <p>Puoi scegliere di visualizzare il popup di verifica su ogni pagina o nominare pagine particolari, dove mostrarlo. Inoltre, c&#8217;\u00e8 la possibilit\u00e0 di escludere le pagine su cui non lo desideri. <\/p> <\/div>\r\n\t\t\t\t\t<\/div>\r\n\t\t\t\t<\/div> <div class=\"faq-item\">\r\n\t\t\t\t\t<div class=\"faq-item-question\">\r\n\t\t\t\t\t\t<h3 class=\"faq-item-question-text\">Come trarr\u00f2 vantaggio dal widget? <\/h3>\r\n\r\n\t\t\t\t\t\t<div class=\"faq-item-question-icon\"><\/div>\r\n\t\t\t\t\t<\/div>\r\n\r\n\t\t\t\t\t<div class=\"faq-item-answer\">\r\n\t\t\t\t\t\t<div class=\"faq-item-answer-text\"> <p>Utilizzando questo widget, \u00e8 perfettamente semplice e veloce incorporare una finestra di controllo dell&#8217;et\u00e0 e rendere i tuoi contenuti inaccessibili ai visitatori minorenni . Pertanto, ti assicurerai che il tuo sito web soddisfi i requisiti legali. Inoltre, attirer\u00e0 nuovi visitatori target e clienti validi. <\/p> <\/div>\r\n\t\t\t\t\t<\/div>\r\n\t\t\t\t<\/div> <div class=\"faq-item\">\r\n\t\t\t\t\t<div class=\"faq-item-question\">\r\n\t\t\t\t\t\t<h3 class=\"faq-item-question-text\">Come posso incorporare la verifica dell'et\u00e0 nel mio sito Webflow? <\/h3>\r\n\r\n\t\t\t\t\t\t<div class=\"faq-item-question-icon\"><\/div>\r\n\t\t\t\t\t<\/div>\r\n\r\n\t\t\t\t\t<div class=\"faq-item-answer\">\r\n\t\t\t\t\t\t<div class=\"faq-item-answer-text\"> <p>Ci vorr\u00e0 un minuto di tempo per iniziare a utilizzare il widget. L&#8217;integrazione \u00e8 davvero veloce, gratuita e priva di codifica. <\/p> <ol> <li>Puoi incorporare il widget nel sito web direttamente tramite il nostro servizio. Basta applicare le istruzioni in questa pagina. <\/li> <li>Il widget pu\u00f2 essere incorporato tramite il nostro servizio o tramite il marketplace. Qui puoi confrontare entrambe le varianti e selezionarne una pi\u00f9 adatta. <\/li> <\/ol> <\/div>\r\n\t\t\t\t\t<\/div>\r\n\t\t\t\t<\/div> <\/div> <\/div> <div class=\"application-platform-content-item-features application-platform-content-item\" id=\"features\" data-nav-section=\"features\"> <h2>Caratteristiche principali del widget di verifica dell&#8217;et\u00e0<\/h2> <p>Per una migliore comprensione di Verifica dell&#8217;et\u00e0, controlla l&#8217;elenco delle principali funzionalit\u00e0 del widget. Rendono questo widget davvero vantaggioso per il tuo negozio: <\/p> <ul><li>Seleziona uno dei formati di verifica: chiedendo la data di nascita completa, solo l&#8217;anno di nascita o una domanda che offre opzioni S\u00ec e No; <\/li><li>Scegliere di ricordare gli utenti per un periodo di tempo qualsiasi; <\/li><li>Due scenari per scoraggiare i visitatori: mostrare un messaggio personalizzato o indirizzare un utente a qualsiasi indirizzo; <\/li><li>Aggiungi qualsiasi immagine da mostrare nella finestra di verifica; <\/li><li>Mostra dettagli aggiuntivi con collegamenti sotto il pulsante di verifica. <\/li><\/ul><p><a href=\"#demo\">Scopri pi\u00f9 funzionalit\u00e0 nella demo<\/a><\/p> <\/div> <div class=\"application-platform-content-item-installation application-platform-content-item\" id=\"installation\" data-nav-section=\"installation\"> <h2>Scopri come per aggiungere la verifica dell&#8217;et\u00e0 al tuo sito Webflow. Non richiede codifica ed \u00e8 molto veloce.<\/h2><div class=\"video-container\"><iframe width=\"560\" height=\"315\" src=\"https:\/\/www.youtube.com\/embed\/rAr3jZG6hsA?si=OOGDR-Pv4yLb-wxZ\" frameborder=\"0\" allow=\"accelerometer; autoplay; clipboard-write; encrypted-media; gyroscope; picture-in-picture; web-share\" allowfullscreen><\/iframe><\/div><p>I seguenti passaggi sono l&#8217;unica cosa che devi eseguire per incorporare il widget. <\/p> <ol><li><b>Crea il tuo plug-in unico per la verifica dell&#8217;et\u00e0<\/b><br> Nel nostro configuratore gratuito, imposta un plug-in, scegli un layout e personalizza altri dettagli dell&#8217;interfaccia. <\/li><li><b>Ricevi il codice personale per aggiungere il plugin<\/b><br> Dopo aver generato il tuo widget, acquisirai il codice di installazione dalla notifica apparsa su Elfsight Apps. Copia questo codice. <\/li> <li><b>Incorpora il plug-in nel tuo sito web Webflow<\/b><br> Scegli il punto in cui desideri visualizzare il plug-in e incolla l\u00ec il codice copiato. Applicare le modifiche. <\/li> <li><b>Hai completato con successo l&#8217;installazione<\/b><br> Vai al sito per vedere il tuo widget. <\/li> <\/ol><p>Non riesci ancora a deciderti? O hai domande? Invia semplicemente la tua richiesta al nostro dipartimento di assistenza clienti; aiuteremo con ogni problema. <\/p> <\/div>\n","protected":false},"excerpt":{"rendered":"","protected":false},"author":9,"featured_media":0,"parent":1175,"menu_order":0,"comment_status":"closed","ping_status":"closed","template":"templates\/template-application-platform.php","meta":{"publish_to_discourse":"","publish_post_category":"","wpdc_auto_publish_overridden":"","wpdc_topic_tags":"","wpdc_pin_topic":"","wpdc_pin_until":"","discourse_post_id":"","discourse_permalink":"","wpdc_publishing_response":"","wpdc_publishing_error":"","footnotes":""},"class_list":["post-3308","page","type-page","status-publish","hentry"],"yoast_head":"<!-- This site is optimized with the Yoast SEO plugin v25.3.1 - https:\/\/yoast.com\/wordpress\/plugins\/seo\/ -->\n<title>Aggiungi il widget di verifica dell&#039;et\u00e0 al sito Web Webflow (veloce e gratuito)<\/title>\n<meta name=\"description\" content=\"Con Elfsight, costruisci il tuo widget di verifica dell&#039;et\u00e0 e pubblicalo facilmente sul sito web Webflow. Offriamo assistenza clienti gratuita e pi\u00f9 bonus.\" \/>\n<meta name=\"robots\" content=\"index, follow, max-snippet:-1, max-image-preview:large, max-video-preview:-1\" \/>\n<link rel=\"canonical\" href=\"https:\/\/elfsight.com\/it\/age-verification-widget\/webflow\/\" \/>\n<meta property=\"og:locale\" content=\"it_IT\" \/>\n<meta property=\"og:type\" content=\"article\" \/>\n<meta property=\"og:title\" content=\"Aggiungi il widget di verifica dell&#039;et\u00e0 al sito Web Webflow (veloce e gratuito)\" \/>\n<meta property=\"og:description\" content=\"Con Elfsight, costruisci il tuo widget di verifica dell&#039;et\u00e0 e pubblicalo facilmente sul sito web Webflow. Offriamo assistenza clienti gratuita e pi\u00f9 bonus.\" \/>\n<meta property=\"og:url\" content=\"https:\/\/elfsight.com\/it\/age-verification-widget\/webflow\/\" \/>\n<meta property=\"og:site_name\" content=\"Elfsight IT\" \/>\n<meta property=\"article:modified_time\" content=\"2025-03-21T10:14:44+00:00\" \/>\n<meta name=\"twitter:card\" content=\"summary_large_image\" \/>\n<meta name=\"twitter:label1\" content=\"Tempo di lettura stimato\" \/>\n\t<meta name=\"twitter:data1\" content=\"3 minuti\" \/>\n<!-- \/ Yoast SEO plugin. -->","yoast_head_json":{"title":"Aggiungi il widget di verifica dell'et\u00e0 al sito Web Webflow (veloce e gratuito)","description":"Con Elfsight, costruisci il tuo widget di verifica dell'et\u00e0 e pubblicalo facilmente sul sito web Webflow. Offriamo assistenza clienti gratuita e pi\u00f9 bonus.","robots":{"index":"index","follow":"follow","max-snippet":"max-snippet:-1","max-image-preview":"max-image-preview:large","max-video-preview":"max-video-preview:-1"},"canonical":"https:\/\/elfsight.com\/it\/age-verification-widget\/webflow\/","og_locale":"it_IT","og_type":"article","og_title":"Aggiungi il widget di verifica dell'et\u00e0 al sito Web Webflow (veloce e gratuito)","og_description":"Con Elfsight, costruisci il tuo widget di verifica dell'et\u00e0 e pubblicalo facilmente sul sito web Webflow. Offriamo assistenza clienti gratuita e pi\u00f9 bonus.","og_url":"https:\/\/elfsight.com\/it\/age-verification-widget\/webflow\/","og_site_name":"Elfsight IT","article_modified_time":"2025-03-21T10:14:44+00:00","twitter_card":"summary_large_image","twitter_misc":{"Tempo di lettura stimato":"3 minuti"},"schema":{"@context":"https:\/\/schema.org","@graph":[{"@type":"WebPage","@id":"https:\/\/elfsight.com\/it\/age-verification-widget\/webflow\/","url":"https:\/\/elfsight.com\/it\/age-verification-widget\/webflow\/","name":"Aggiungi il widget di verifica dell'et\u00e0 al sito Web Webflow (veloce e gratuito)","isPartOf":{"@id":"https:\/\/elfsight.com\/it\/#website"},"datePublished":"2024-05-03T06:25:57+00:00","dateModified":"2025-03-21T10:14:44+00:00","description":"Con Elfsight, costruisci il tuo widget di verifica dell'et\u00e0 e pubblicalo facilmente sul sito web Webflow. Offriamo assistenza clienti gratuita e pi\u00f9 bonus.","breadcrumb":{"@id":"https:\/\/elfsight.com\/it\/age-verification-widget\/webflow\/#breadcrumb"},"inLanguage":"it-IT","potentialAction":[{"@type":"ReadAction","target":["https:\/\/elfsight.com\/it\/age-verification-widget\/webflow\/"]}]},{"@type":"BreadcrumbList","@id":"https:\/\/elfsight.com\/it\/age-verification-widget\/webflow\/#breadcrumb","itemListElement":[{"@type":"ListItem","position":1,"name":"Home","item":"https:\/\/elfsight.com\/it\/"},{"@type":"ListItem","position":2,"name":"Age Verification","item":"https:\/\/elfsight.com\/it\/age-verification-widget\/"},{"@type":"ListItem","position":3,"name":"Age Verification &#8211; Webflow"}]},{"@type":"WebSite","@id":"https:\/\/elfsight.com\/it\/#website","url":"https:\/\/elfsight.com\/it\/","name":"Elfsight IT","description":"Just another Elfsight Sites site","potentialAction":[{"@type":"SearchAction","target":{"@type":"EntryPoint","urlTemplate":"https:\/\/elfsight.com\/it\/?s={search_term_string}"},"query-input":{"@type":"PropertyValueSpecification","valueRequired":true,"valueName":"search_term_string"}}],"inLanguage":"it-IT"}]}},"meta_box":{"industry":"","seo_heading":"","heading":"","description":"","cta_heading":"","cta_description":"","application":"1174","h1":"Widget di verifica dell'et\u00e0 del flusso Web","h1_caption":"Assicurati che i contenuti sensibili all'et\u00e0 siano accessibili in modo responsabile con un widget di verifica dell'et\u00e0 semplice e personalizzabile nel tuo sito Web Webflow senza sforzo.","application_category":[],"applications_title":"","applications_request_title":"","applications_request_button_text":"","hero_text":"","hero_video":"","hero_video_schema_markup":"","selling_points_title":"","selling_points_caption":"","selling_points":[],"selling_points_cta_text":"","features_title":"","features":"","ed_cta_examples_text":"","ed_cta_examples_hidden":"","ed_cta_demo_text":"","ed_cta_demo_hidden":"","why_caption":"","why_editor_title":"","why_editor_text":"","why_team_title":"","why_team_text":"","why_service_title":"","why_service_text":"","template_catalog_visible":"0","template_catalog_title":"","template_catalog_text":"","template_catalog_categories_visible":"","demo_title":"Crea il tuo widget di verifica dell'et\u00e0","demo_caption":"Configura la verifica dell'et\u00e0 e aggiungila gratuitamente al tuo sito Webflow!","default_faq_hidden":"","app_template_category":[],"platform":"44","template_public_id":"","codecanyon_url":"","codecanyon_item_id":"","codecanyon_price":"","pricing_caption":"","pricing_elfsight_apps_hide_column":"","pricing_elfsight_apps_url":"","pricing_codecanyon_price_caption":"","integration_category":[],"integration_request_title":"","integration_request_cta":"","integration_platform":"","integrations":[],"platform_category":[],"video_schema_markup":"","price":"da $ 0 al mese","trial":"","benefits":[{"text":"Servizio di installazione gratuito"},{"text":"Servizio clienti professionale"},{"text":"Garanzia di rimborso di 14 giorni"},{"text":"Aggiornamenti gratuiti continui"}],"button_url":"#demo","button_target_blank":"0","button_nofollow":"0","attributes":[{"name":"Installazioni"},{"name":"Reattivo","content":"S\u00cc"},{"name":"Browser compatibili","content":"Firefox, Safari, Opera, Chrome, Edge"}],"tags":[],"tags_disable_links":"0","hide_more_platforms":"0","video_object":"","demo_hide_cta":"0","demo_hide_cloud_options":"0","pricing_title":"","pricing":[{"pricing_icon":"platform","pricing_title":"Elfsight Apps","pricing_title_caption":"Soluzione multipiattaforma","pricing_price":"da $ 0 \/ mese","pricing_price_caption":"inizia con il piano gratuito","pricing_benefits":[{"text":"Siti web illimitati"},{"text":"Supporto professionale"},{"text":"Supporto per l'installazione senza costi"},{"text":"Offerta speciale per pi\u00f9 app"}],"pricing_button_text":"Aggiungi al sito web","pricing_button_url":"#demo"}],"related_apps_title":"","related_apps_hidden":"0","author":"","image":[],"title":"","job":"","social_networks":[]},"_links":{"self":[{"href":"https:\/\/elfsight.com\/it\/wp-json\/wp\/v2\/pages\/3308","targetHints":{"allow":["GET"]}}],"collection":[{"href":"https:\/\/elfsight.com\/it\/wp-json\/wp\/v2\/pages"}],"about":[{"href":"https:\/\/elfsight.com\/it\/wp-json\/wp\/v2\/types\/page"}],"author":[{"embeddable":true,"href":"https:\/\/elfsight.com\/it\/wp-json\/wp\/v2\/users\/9"}],"replies":[{"embeddable":true,"href":"https:\/\/elfsight.com\/it\/wp-json\/wp\/v2\/comments?post=3308"}],"version-history":[{"count":3,"href":"https:\/\/elfsight.com\/it\/wp-json\/wp\/v2\/pages\/3308\/revisions"}],"predecessor-version":[{"id":9578,"href":"https:\/\/elfsight.com\/it\/wp-json\/wp\/v2\/pages\/3308\/revisions\/9578"}],"up":[{"embeddable":true,"href":"https:\/\/elfsight.com\/it\/wp-json\/wp\/v2\/pages\/1175"}],"wp:attachment":[{"href":"https:\/\/elfsight.com\/it\/wp-json\/wp\/v2\/media?parent=3308"}],"curies":[{"name":"wp","href":"https:\/\/api.w.org\/{rel}","templated":true}]}}