{"id":3307,"date":"2024-05-03T06:25:56","date_gmt":"2024-05-03T06:25:56","guid":{"rendered":"https:\/\/elfsight.com\/it\/?page_id=3307"},"modified":"2024-11-12T13:11:12","modified_gmt":"2024-11-12T13:11:12","slug":"webnode","status":"publish","type":"page","link":"https:\/\/elfsight.com\/it\/age-verification-widget\/webnode\/","title":{"rendered":"Age Verification &#8211; Webnode"},"content":{"rendered":"<div class=\"application-platform-content-item-description application-platform-content-item\" id=\"description\" data-nav-section=\"description\"> <h2>Descrizione<\/h2> <p>Il nostro widget diventer\u00e0 il metodo pi\u00f9 pratico per creare una notifica che controlla l&#8217;et\u00e0 di un utente. Il nostro widget aiuta a rendere il tuo materiale soggetto a limiti di et\u00e0 accessibile agli utenti maggiorenni e a bloccarne l&#8217;accesso agli spettatori minorenni. Il widget consente di impostare il limite di et\u00e0, selezionare il formato di verifica, posizionare la finestra su ciascuna pagina o solo pagine particolari e scegliere l&#8217;azione dopo la negazione dell&#8217;accesso. Anche l&#8217;aspetto \u00e8 sotto il tuo controllo con elementi verniciabili e la possibilit\u00e0 di mostrare immagini personalizzate. <\/p> <div class=\"faq\" data-component=\"FAQ\"> <div class=\"faq-item\">\r\n\t\t\t\t\t<div class=\"faq-item-question\">\r\n\t\t\t\t\t\t<h3 class=\"faq-item-question-text\">Dove posso visualizzare il widget di verifica dell'et\u00e0?<\/h3>\r\n\r\n\t\t\t\t\t\t<div class=\"faq-item-question-icon\"><\/div>\r\n\t\t\t\t\t<\/div>\r\n\r\n\t\t\t\t\t<div class=\"faq-item-answer\">\r\n\t\t\t\t\t\t<div class=\"faq-item-answer-text\"> <p>Puoi scegliere di mostrare il popup di controllo dell&#8217;et\u00e0 su ogni pagina o selezionare le pagine su cui mostrarlo. Inoltre, c&#8217;\u00e8 la possibilit\u00e0 di escludere quelle pagine in cui non ne hai bisogno. <\/p> <\/div>\r\n\t\t\t\t\t<\/div>\r\n\t\t\t\t<\/div> <div class=\"faq-item\">\r\n\t\t\t\t\t<div class=\"faq-item-question\">\r\n\t\t\t\t\t\t<h3 class=\"faq-item-question-text\">Quali vantaggi mi dar\u00e0?<\/h3>\r\n\r\n\t\t\t\t\t\t<div class=\"faq-item-question-icon\"><\/div>\r\n\t\t\t\t\t<\/div>\r\n\r\n\t\t\t\t\t<div class=\"faq-item-answer\">\r\n\t\t\t\t\t\t<div class=\"faq-item-answer-text\"> <p>Utilizzando il nostro widget, \u00e8 assolutamente facile e veloce mostrare una finestra di verifica dell&#8217;et\u00e0 e nascondere i tuoi contenuti ai visitatori minorenni. In questo modo sarai sicuro che il tuo sito web soddisfi i requisiti legali. Inoltre, ci\u00f2 attirer\u00e0 pi\u00f9 pubblico target e potenziali clienti validi. <\/p> <\/div>\r\n\t\t\t\t\t<\/div>\r\n\t\t\t\t<\/div> <div class=\"faq-item\">\r\n\t\t\t\t\t<div class=\"faq-item-question\">\r\n\t\t\t\t\t\t<h3 class=\"faq-item-question-text\">Di cosa ho bisogno per aggiungere la verifica dell'et\u00e0 sul mio sito Webnode?<\/h3>\r\n\r\n\t\t\t\t\t\t<div class=\"faq-item-question-icon\"><\/div>\r\n\t\t\t\t\t<\/div>\r\n\r\n\t\t\t\t\t<div class=\"faq-item-answer\">\r\n\t\t\t\t\t\t<div class=\"faq-item-answer-text\"> <p>Ci vogliono solo tre minuti per attivare il widget. Aggiungerlo al sito \u00e8 super veloce, gratuito e privo di codifica. <\/p> <p>C&#8217;\u00e8 un&#8217;opzione per integrare la verifica dell&#8217;et\u00e0 nel sito web direttamente tramite il nostro servizio. Basta vedere la breve descrizione qui sotto in questa pagina.<\/p> <\/div>\r\n\t\t\t\t\t<\/div>\r\n\t\t\t\t<\/div> <\/div> <\/div> <div class=\"application-platform-content-item-features application-platform-content-item\" id=\"features\" data-nav-section=\"features\"> <h2>Caratteristiche<\/h2> <p>Per dare forma ad una conoscenza completa del widget, controlla l&#8217;elenco delle funzionalit\u00e0 principali. Rendono questo widget incredibilmente efficiente per te: <\/p> <ul><li>Seleziona uno dei tipi di controllo: inserendo la data di nascita completa, solo l&#8217;anno di nascita o i pulsanti S\u00ec e No tra cui scegliere; <\/li><li>Imposta il widget per ricordare un visitatore per un qualsiasi periodo di tempo; <\/li><li>2 scenari per utenti minorenni: per mostrare un messaggio personalizzato o indirizzare un utente a qualsiasi pagina o sito; <\/li><li>Carica la tua immagine da mostrare nella finestra di controllo dell&#8217;et\u00e0; <\/li><li>Visualizza informazioni aggiuntive con collegamenti sotto il pulsante di verifica. <\/li><\/ul><p><a href=\"#demo\">Scopri ulteriori funzionalit\u00e0 nella nostra demo live<\/a><\/p> <\/div><div class=\"application-platform-content-item-installation application-platform-content-item\" id=\"installation\" data-nav-section=\"installation\"> <h2> Scopri come aggiungere il widget di verifica dell&#8217;et\u00e0 al tuo sito. \u00c8 facile uno-due-tre<\/h2> <p>Procedi come segue per configurare il widget. <\/p> <ol><li><b>Crea il tuo plugin personalizzato per la verifica dell&#8217;et\u00e0<\/b><br> Tramite la nostra demo gratuita, configura un plugin, scegli l&#8217;interfaccia e le opzioni di funzionalit\u00e0 preferite. <\/li><li><b>Copia il codice personale per visualizzare il plugin<\/b><br> Dopo aver creato il tuo widget, riceverai il codice di installazione dalla notifica popup su Elfsight Apps. Copia il codice. <\/li> <li><b>Visualizza il plugin sul tuo sito Webnode<\/b><br> Trova l&#8217;area in cui intendi incorporare il plugin e aggiungi l\u00ec il codice salvato. Applica le modifiche.<\/li> <li><b>Congratulazioni! Hai appena pubblicato il widget! <\/b><br> Visita il sito, per dare un&#8217;occhiata ai tuoi lavori.<\/li> <\/ol><p>Ancora non riesci a decidere? O riscontri problemi? Basta inviare una richiesta al nostro servizio clienti per risolvere ogni problema.<\/p> <\/div>","protected":false},"excerpt":{"rendered":"","protected":false},"author":9,"featured_media":0,"parent":1175,"menu_order":0,"comment_status":"closed","ping_status":"closed","template":"templates\/template-application-platform.php","meta":{"publish_to_discourse":"","publish_post_category":"","wpdc_auto_publish_overridden":"","wpdc_topic_tags":"","wpdc_pin_topic":"","wpdc_pin_until":"","discourse_post_id":"","discourse_permalink":"","wpdc_publishing_response":"","wpdc_publishing_error":"","footnotes":""},"class_list":["post-3307","page","type-page","status-publish","hentry"],"yoast_head":"<!-- This site is optimized with the Yoast SEO plugin v25.3.1 - https:\/\/yoast.com\/wordpress\/plugins\/seo\/ -->\n<title>Aggiungi la verifica dell&#039;et\u00e0 al sito Webnode (veloce e gratuita)<\/title>\n<meta name=\"description\" content=\"Con Elfsight, produci la tua verifica dell&#039;et\u00e0 e mostrala rapidamente sulla pagina Webnode. Abbiamo assistenza clienti gratuita e altri bonus.\" \/>\n<meta name=\"robots\" content=\"index, follow, max-snippet:-1, max-image-preview:large, max-video-preview:-1\" \/>\n<link rel=\"canonical\" href=\"https:\/\/elfsight.com\/it\/age-verification-widget\/webnode\/\" \/>\n<meta property=\"og:locale\" content=\"it_IT\" \/>\n<meta property=\"og:type\" content=\"article\" \/>\n<meta property=\"og:title\" content=\"Aggiungi la verifica dell&#039;et\u00e0 al sito Webnode (veloce e gratuita)\" \/>\n<meta property=\"og:description\" content=\"Con Elfsight, produci la tua verifica dell&#039;et\u00e0 e mostrala rapidamente sulla pagina Webnode. Abbiamo assistenza clienti gratuita e altri bonus.\" \/>\n<meta property=\"og:url\" content=\"https:\/\/elfsight.com\/it\/age-verification-widget\/webnode\/\" \/>\n<meta property=\"og:site_name\" content=\"Elfsight IT\" \/>\n<meta property=\"article:modified_time\" content=\"2024-11-12T13:11:12+00:00\" \/>\n<meta name=\"twitter:card\" content=\"summary_large_image\" \/>\n<meta name=\"twitter:label1\" content=\"Tempo di lettura stimato\" \/>\n\t<meta name=\"twitter:data1\" content=\"3 minuti\" \/>\n<!-- \/ Yoast SEO plugin. -->","yoast_head_json":{"title":"Aggiungi la verifica dell'et\u00e0 al sito Webnode (veloce e gratuita)","description":"Con Elfsight, produci la tua verifica dell'et\u00e0 e mostrala rapidamente sulla pagina Webnode. Abbiamo assistenza clienti gratuita e altri bonus.","robots":{"index":"index","follow":"follow","max-snippet":"max-snippet:-1","max-image-preview":"max-image-preview:large","max-video-preview":"max-video-preview:-1"},"canonical":"https:\/\/elfsight.com\/it\/age-verification-widget\/webnode\/","og_locale":"it_IT","og_type":"article","og_title":"Aggiungi la verifica dell'et\u00e0 al sito Webnode (veloce e gratuita)","og_description":"Con Elfsight, produci la tua verifica dell'et\u00e0 e mostrala rapidamente sulla pagina Webnode. Abbiamo assistenza clienti gratuita e altri bonus.","og_url":"https:\/\/elfsight.com\/it\/age-verification-widget\/webnode\/","og_site_name":"Elfsight IT","article_modified_time":"2024-11-12T13:11:12+00:00","twitter_card":"summary_large_image","twitter_misc":{"Tempo di lettura stimato":"3 minuti"},"schema":{"@context":"https:\/\/schema.org","@graph":[{"@type":"WebPage","@id":"https:\/\/elfsight.com\/it\/age-verification-widget\/webnode\/","url":"https:\/\/elfsight.com\/it\/age-verification-widget\/webnode\/","name":"Aggiungi la verifica dell'et\u00e0 al sito Webnode (veloce e gratuita)","isPartOf":{"@id":"https:\/\/elfsight.com\/it\/#website"},"datePublished":"2024-05-03T06:25:56+00:00","dateModified":"2024-11-12T13:11:12+00:00","description":"Con Elfsight, produci la tua verifica dell'et\u00e0 e mostrala rapidamente sulla pagina Webnode. Abbiamo assistenza clienti gratuita e altri bonus.","breadcrumb":{"@id":"https:\/\/elfsight.com\/it\/age-verification-widget\/webnode\/#breadcrumb"},"inLanguage":"it-IT","potentialAction":[{"@type":"ReadAction","target":["https:\/\/elfsight.com\/it\/age-verification-widget\/webnode\/"]}]},{"@type":"BreadcrumbList","@id":"https:\/\/elfsight.com\/it\/age-verification-widget\/webnode\/#breadcrumb","itemListElement":[{"@type":"ListItem","position":1,"name":"Home","item":"https:\/\/elfsight.com\/it\/"},{"@type":"ListItem","position":2,"name":"Age Verification","item":"https:\/\/elfsight.com\/it\/age-verification-widget\/"},{"@type":"ListItem","position":3,"name":"Age Verification &#8211; Webnode"}]},{"@type":"WebSite","@id":"https:\/\/elfsight.com\/it\/#website","url":"https:\/\/elfsight.com\/it\/","name":"Elfsight IT","description":"Just another Elfsight Sites site","potentialAction":[{"@type":"SearchAction","target":{"@type":"EntryPoint","urlTemplate":"https:\/\/elfsight.com\/it\/?s={search_term_string}"},"query-input":{"@type":"PropertyValueSpecification","valueRequired":true,"valueName":"search_term_string"}}],"inLanguage":"it-IT"}]}},"meta_box":{"industry":"","seo_heading":"","heading":"","description":"","cta_heading":"","cta_description":"","application":"1174","h1":"Verifica dell'et\u00e0 del Webnode","h1_caption":"Assicurati che i contenuti sensibili all'et\u00e0 siano accessibili in modo responsabile con un widget di verifica dell'et\u00e0 semplice e personalizzabile nel tuo sito Webnode senza sforzo.","application_category":[],"applications_title":"","applications_request_title":"","applications_request_button_text":"","hero_text":"","hero_video":"","hero_video_schema_markup":"","selling_points_title":"","selling_points_caption":"","selling_points":[],"selling_points_cta_text":"","features_title":"","features":"","ed_cta_examples_text":"","ed_cta_examples_hidden":"","ed_cta_demo_text":"","ed_cta_demo_hidden":"","why_caption":"","why_editor_title":"","why_editor_text":"","why_team_title":"","why_team_text":"","why_service_title":"","why_service_text":"","template_catalog_visible":"","template_catalog_title":"","template_catalog_text":"","template_catalog_categories_visible":"","demo_title":"Crea il tuo widget di verifica dell'et\u00e0","demo_caption":"Configura la verifica dell'et\u00e0 e aggiungila gratuitamente al tuo sito Webnode!","default_faq_hidden":"","app_template_category":[],"platform":"47","template_public_id":"","codecanyon_url":"","codecanyon_item_id":"","codecanyon_price":"","pricing_caption":"","pricing_elfsight_apps_hide_column":"","pricing_elfsight_apps_url":"","pricing_codecanyon_price_caption":"","integration_category":[],"integration_request_title":"","integration_request_cta":"","integration_platform":"","integrations":[],"platform_category":[],"video_schema_markup":"","price":"da $ 0 al mese","trial":"","benefits":[{"text":"Assistenza gratuita per l'installazione"},{"text":"Assistenza clienti con esperienza"},{"text":"Garanzia di rimborso di 14 giorni"},{"text":"Sviluppo continuo"}],"button_url":"#demo","button_target_blank":"","button_nofollow":"","attributes":[{"name":"Installazioni"},{"name":"Reattivo","content":"S\u00cc"},{"name":"Browser compatibili","content":"Firefox, Safari, Opera, Chrome, Edge"}],"tags":[],"tags_disable_links":"","hide_more_platforms":"","video_object":"","demo_hide_cta":"","demo_hide_cloud_options":"","pricing_title":"","pricing":[{"pricing_icon":"platform","pricing_title":"Elfsight Apps","pricing_title_caption":"Versione indipendente dalla piattaforma che funziona su qualsiasi sito web","pricing_price":"da $ 0 \/ mese","pricing_price_caption":"inizia con il piano gratuito","pricing_benefits":[{"text":"Siti web illimitati"},{"text":"Supporto aziendale 24 ore su 24, 7 giorni su 7 e ben documentato"},{"text":"Aiuto per l'installazione gratuito"},{"text":"Offerta speciale per pi\u00f9 app"}],"pricing_button_text":"Aggiungi al sito web","pricing_button_url":"#demo"}],"related_apps_title":"","related_apps_hidden":"","author":"","image":[],"title":"","job":"","social_networks":[]},"_links":{"self":[{"href":"https:\/\/elfsight.com\/it\/wp-json\/wp\/v2\/pages\/3307","targetHints":{"allow":["GET"]}}],"collection":[{"href":"https:\/\/elfsight.com\/it\/wp-json\/wp\/v2\/pages"}],"about":[{"href":"https:\/\/elfsight.com\/it\/wp-json\/wp\/v2\/types\/page"}],"author":[{"embeddable":true,"href":"https:\/\/elfsight.com\/it\/wp-json\/wp\/v2\/users\/9"}],"replies":[{"embeddable":true,"href":"https:\/\/elfsight.com\/it\/wp-json\/wp\/v2\/comments?post=3307"}],"version-history":[{"count":1,"href":"https:\/\/elfsight.com\/it\/wp-json\/wp\/v2\/pages\/3307\/revisions"}],"predecessor-version":[{"id":3311,"href":"https:\/\/elfsight.com\/it\/wp-json\/wp\/v2\/pages\/3307\/revisions\/3311"}],"up":[{"embeddable":true,"href":"https:\/\/elfsight.com\/it\/wp-json\/wp\/v2\/pages\/1175"}],"wp:attachment":[{"href":"https:\/\/elfsight.com\/it\/wp-json\/wp\/v2\/media?parent=3307"}],"curies":[{"name":"wp","href":"https:\/\/api.w.org\/{rel}","templated":true}]}}