{"id":3301,"date":"2024-05-03T06:25:54","date_gmt":"2024-05-03T06:25:54","guid":{"rendered":"https:\/\/elfsight.com\/it\/?page_id=3301"},"modified":"2025-03-21T10:18:42","modified_gmt":"2025-03-21T10:18:42","slug":"wix","status":"publish","type":"page","link":"https:\/\/elfsight.com\/it\/age-verification-widget\/wix\/","title":{"rendered":"Age Verification &#8211; Wix"},"content":{"rendered":"\n<div class=\"application-platform-content-item-description application-platform-content-item\" id=\"description\" data-nav-section=\"description\"> <h2>Descrizione<\/h2><p>Il widget Elfsight \u00e8 il metodo migliore per organizzare una notifica che controlli l&#8217;et\u00e0 di un utente. Il nostro widget rende disponibile il materiale sensibile all&#8217;et\u00e0 per gli adulti e lo nasconde per il pubblico minorenne. Puoi impostare il limite di et\u00e0 corretto, scegliere il metodo di verifica, posizionare il widget su tutte o solo su pi\u00f9 pagine e l&#8217;azione che devia l&#8217;accesso. L&#8217;aspetto \u00e8 flessibile con dettagli verniciabili e la funzionalit\u00e0 per mostrare immagini personalizzate. <\/p> <div class=\"faq\" data-component=\"FAQ\"> <div class=\"faq-item\">\r\n\t\t\t\t\t<div class=\"faq-item-question\">\r\n\t\t\t\t\t\t<h3 class=\"faq-item-question-text\">Dove posso inserire la verifica dell'et\u00e0<\/h3>\r\n\r\n\t\t\t\t\t\t<div class=\"faq-item-question-icon\"><\/div>\r\n\t\t\t\t\t<\/div>\r\n\r\n\t\t\t\t\t<div class=\"faq-item-answer\">\r\n\t\t\t\t\t\t<div class=\"faq-item-answer-text\"> <p>Puoi mostrare la finestra di controllo dell&#8217;et\u00e0 su tutte le pagine o scegliere pagine specifiche. Inoltre, c&#8217;\u00e8 la possibilit\u00e0 di escludere quelle pagine dove non vuoi. <\/p> <\/div>\r\n\t\t\t\t\t<\/div>\r\n\t\t\t\t<\/div> <div class=\"faq-item\">\r\n\t\t\t\t\t<div class=\"faq-item-question\">\r\n\t\t\t\t\t\t<h3 class=\"faq-item-question-text\">Come posso trarre vantaggio da questo plugin?<\/h3>\r\n\r\n\t\t\t\t\t\t<div class=\"faq-item-question-icon\"><\/div>\r\n\t\t\t\t\t<\/div>\r\n\r\n\t\t\t\t\t<div class=\"faq-item-answer\">\r\n\t\t\t\t\t\t<div class=\"faq-item-answer-text\"> <p>Con questo widget, \u00e8 perfettamente semplice e veloce configurare una finestra di controllo dell&#8217;et\u00e0 e bloccare l&#8217;accesso al tuo materiale ai minorenni utenti. Ci\u00f2 ti aiuter\u00e0 a garantire che il tuo sito sia conforme alla legislazione. Oltre a ci\u00f2, ti dar\u00e0 nuovi visitatori target e clienti validi. <\/p> <\/div>\r\n\t\t\t\t\t<\/div>\r\n\t\t\t\t<\/div> <div class=\"faq-item\">\r\n\t\t\t\t\t<div class=\"faq-item-question\">\r\n\t\t\t\t\t\t<h3 class=\"faq-item-question-text\">Come faccio ad aggiungere la verifica dell'et\u00e0 sul mio sito web Wix?<\/h3>\r\n\r\n\t\t\t\t\t\t<div class=\"faq-item-question-icon\"><\/div>\r\n\t\t\t\t\t<\/div>\r\n\r\n\t\t\t\t\t<div class=\"faq-item-answer\">\r\n\t\t\t\t\t\t<div class=\"faq-item-answer-text\"> <p>Ci vorranno solo due minuti del tuo tempo per la configurazione. L&#8217;installazione \u00e8 molto rapida, gratuita e senza codifica. <\/p> <p>Puoi inserire la verifica dell&#8217;et\u00e0 nella tua pagina web tramite il nostro servizio. Per questo, consulta la guida qui sotto in questa pagina.<\/p> <\/div>\r\n\t\t\t\t\t<\/div>\r\n\t\t\t\t<\/div> <\/div> <\/div> <div class=\"application-platform-content-item-features application-platform-content-item\" id=\"features\" data-nav-section=\"features\"> <h2>Funzionalit\u00e0<\/h2> <p>Per ottenere una migliore conoscenza di Age Verification, ecco l&#8217;elenco delle sue principali funzioni. Rendono il widget incredibilmente vantaggioso per te: <\/p> <ul><li>Scegli uno dei metodi di controllo: richiesta della data di nascita completa, solo dell&#8217;anno di nascita o una domanda che offre opzioni S\u00ec e No; <\/li><li>Scegliere di ricordare un visitatore per qualsiasi periodo di tempo espresso in giorni; <\/li><li>2 scenari per visitatori minorenni: per mostrare un testo personalizzato o reindirizzare un utente a qualsiasi pagina o sito; <\/li><li>Carica la tua foto da aggiungere alla finestra di verifica; <\/li><li>Mostra testo e collegamenti aggiuntivi sotto il pulsante di verifica. <\/li><\/ul><p><a href=\"#demo\">Scopri tutte le funzionalit\u00e0 nella demo<\/a><\/p> <\/div> <div class=\"application-platform-content-item-installation application-platform-content-item\" id=\"installation\" data-nav-section=\"installation\"> <h2> Scopri come inserire la verifica dell&#8217;et\u00e0 nel tuo negozio Wix. \u00c8 incredibilmente facile e veloce.<\/h2> <div class=\"video-container\"><iframe width=\"560\" height=\"315\" src=\"https:\/\/www.youtube.com\/embed\/wey9y44dpEE?si=2fgMUEWkuXrPguUW\" frameborder=\"0\" allow=\"accelerometer; autoplay; clipboard-write; encrypted-media; gyroscope; picture-in-picture; web-share\" allowfullscreen><\/iframe><\/div><p>Basta seguire i seguenti passaggi per introdurre il widget nel tuo sito web. <\/p> <ol><li><b>Crea il tuo plugin personalizzato per la verifica dell&#8217;et\u00e0<\/b><br> Con l&#8217;aiuto del nostro configuratore gratuito, crea un plugin, seleziona un layout e scegli altre funzionalit\u00e0 dell&#8217;interfaccia. <\/li><li><b>Acquisisci il codice personale per installare il plugin<\/b><br> Dopo aver impostato il widget, otterrai il codice di installazione dalla finestra visualizzata su Elfsight Apps. Copialo. <\/li> <li><b>Aggiungi il plugin al tuo sito Wix<\/b><br> Seleziona l&#8217;area in cui desideri incorporare il plugin e incolla l\u00ec il codice copiato. Applicare le modifiche. <\/li> <li><b>Fatto! <\/b><br> Vai alla pagina web per vedere la tua et\u00e0. <\/li> <\/ol><p>Hai ancora dubbi? O hai bisogno di aiuto? Basta inviare una richiesta al nostro servizio clienti. Risolveremo qualsiasi problema. <\/p> <\/div>\n","protected":false},"excerpt":{"rendered":"","protected":false},"author":9,"featured_media":0,"parent":1175,"menu_order":0,"comment_status":"closed","ping_status":"closed","template":"templates\/template-application-platform.php","meta":{"publish_to_discourse":"","publish_post_category":"","wpdc_auto_publish_overridden":"","wpdc_topic_tags":"","wpdc_pin_topic":"","wpdc_pin_until":"","discourse_post_id":"","discourse_permalink":"","wpdc_publishing_response":"","wpdc_publishing_error":"","footnotes":""},"class_list":["post-3301","page","type-page","status-publish","hentry"],"yoast_head":"<!-- This site is optimized with the Yoast SEO plugin v25.3.1 - https:\/\/yoast.com\/wordpress\/plugins\/seo\/ -->\n<title>Aggiungi l&#039;app di verifica dell&#039;et\u00e0 al sito web Wix (veloce e gratuita)<\/title>\n<meta name=\"description\" content=\"Con Elfsight, crea la tua app di verifica dell&#039;et\u00e0 e aggiungila sul sito Wix in pochissimo tempo. Offriamo un servizio clienti gratuito e pi\u00f9 bonus.\" \/>\n<meta name=\"robots\" content=\"index, follow, max-snippet:-1, max-image-preview:large, max-video-preview:-1\" \/>\n<link rel=\"canonical\" href=\"https:\/\/elfsight.com\/it\/age-verification-widget\/wix\/\" \/>\n<meta property=\"og:locale\" content=\"it_IT\" \/>\n<meta property=\"og:type\" content=\"article\" \/>\n<meta property=\"og:title\" content=\"Aggiungi l&#039;app di verifica dell&#039;et\u00e0 al sito web Wix (veloce e gratuita)\" \/>\n<meta property=\"og:description\" content=\"Con Elfsight, crea la tua app di verifica dell&#039;et\u00e0 e aggiungila sul sito Wix in pochissimo tempo. Offriamo un servizio clienti gratuito e pi\u00f9 bonus.\" \/>\n<meta property=\"og:url\" content=\"https:\/\/elfsight.com\/it\/age-verification-widget\/wix\/\" \/>\n<meta property=\"og:site_name\" content=\"Elfsight IT\" \/>\n<meta property=\"article:modified_time\" content=\"2025-03-21T10:18:42+00:00\" \/>\n<meta name=\"twitter:card\" content=\"summary_large_image\" \/>\n<meta name=\"twitter:label1\" content=\"Tempo di lettura stimato\" \/>\n\t<meta name=\"twitter:data1\" content=\"3 minuti\" \/>\n<!-- \/ Yoast SEO plugin. -->","yoast_head_json":{"title":"Aggiungi l'app di verifica dell'et\u00e0 al sito web Wix (veloce e gratuita)","description":"Con Elfsight, crea la tua app di verifica dell'et\u00e0 e aggiungila sul sito Wix in pochissimo tempo. Offriamo un servizio clienti gratuito e pi\u00f9 bonus.","robots":{"index":"index","follow":"follow","max-snippet":"max-snippet:-1","max-image-preview":"max-image-preview:large","max-video-preview":"max-video-preview:-1"},"canonical":"https:\/\/elfsight.com\/it\/age-verification-widget\/wix\/","og_locale":"it_IT","og_type":"article","og_title":"Aggiungi l'app di verifica dell'et\u00e0 al sito web Wix (veloce e gratuita)","og_description":"Con Elfsight, crea la tua app di verifica dell'et\u00e0 e aggiungila sul sito Wix in pochissimo tempo. Offriamo un servizio clienti gratuito e pi\u00f9 bonus.","og_url":"https:\/\/elfsight.com\/it\/age-verification-widget\/wix\/","og_site_name":"Elfsight IT","article_modified_time":"2025-03-21T10:18:42+00:00","twitter_card":"summary_large_image","twitter_misc":{"Tempo di lettura stimato":"3 minuti"},"schema":{"@context":"https:\/\/schema.org","@graph":[{"@type":"WebPage","@id":"https:\/\/elfsight.com\/it\/age-verification-widget\/wix\/","url":"https:\/\/elfsight.com\/it\/age-verification-widget\/wix\/","name":"Aggiungi l'app di verifica dell'et\u00e0 al sito web Wix (veloce e gratuita)","isPartOf":{"@id":"https:\/\/elfsight.com\/it\/#website"},"datePublished":"2024-05-03T06:25:54+00:00","dateModified":"2025-03-21T10:18:42+00:00","description":"Con Elfsight, crea la tua app di verifica dell'et\u00e0 e aggiungila sul sito Wix in pochissimo tempo. Offriamo un servizio clienti gratuito e pi\u00f9 bonus.","breadcrumb":{"@id":"https:\/\/elfsight.com\/it\/age-verification-widget\/wix\/#breadcrumb"},"inLanguage":"it-IT","potentialAction":[{"@type":"ReadAction","target":["https:\/\/elfsight.com\/it\/age-verification-widget\/wix\/"]}]},{"@type":"BreadcrumbList","@id":"https:\/\/elfsight.com\/it\/age-verification-widget\/wix\/#breadcrumb","itemListElement":[{"@type":"ListItem","position":1,"name":"Home","item":"https:\/\/elfsight.com\/it\/"},{"@type":"ListItem","position":2,"name":"Age Verification","item":"https:\/\/elfsight.com\/it\/age-verification-widget\/"},{"@type":"ListItem","position":3,"name":"Age Verification &#8211; Wix"}]},{"@type":"WebSite","@id":"https:\/\/elfsight.com\/it\/#website","url":"https:\/\/elfsight.com\/it\/","name":"Elfsight IT","description":"Just another Elfsight Sites site","potentialAction":[{"@type":"SearchAction","target":{"@type":"EntryPoint","urlTemplate":"https:\/\/elfsight.com\/it\/?s={search_term_string}"},"query-input":{"@type":"PropertyValueSpecification","valueRequired":true,"valueName":"search_term_string"}}],"inLanguage":"it-IT"}]}},"meta_box":{"industry":"","seo_heading":"","heading":"","description":"","cta_heading":"","cta_description":"","application":"1174","h1":"App Wix per la verifica dell'et\u00e0","h1_caption":"Assicurati che i contenuti sensibili all'et\u00e0 siano accessibili in modo responsabile con un'app di verifica dell'et\u00e0 semplice e personalizzabile nel tuo sito web Wix senza sforzo.","application_category":[],"applications_title":"","applications_request_title":"","applications_request_button_text":"","hero_text":"","hero_video":"","hero_video_schema_markup":"","selling_points_title":"","selling_points_caption":"","selling_points":[],"selling_points_cta_text":"","features_title":"","features":"","ed_cta_examples_text":"","ed_cta_examples_hidden":"","ed_cta_demo_text":"","ed_cta_demo_hidden":"","why_caption":"","why_editor_title":"","why_editor_text":"","why_team_title":"","why_team_text":"","why_service_title":"","why_service_text":"","template_catalog_visible":"0","template_catalog_title":"","template_catalog_text":"","template_catalog_categories_visible":"","demo_title":"Crea la tua app per la verifica dell'et\u00e0","demo_caption":"Configura la verifica dell'et\u00e0 e aggiungila gratuitamente al tuo sito Wix!","default_faq_hidden":"","app_template_category":[],"platform":"29","template_public_id":"","codecanyon_url":"","codecanyon_item_id":"","codecanyon_price":"","pricing_caption":"","pricing_elfsight_apps_hide_column":"","pricing_elfsight_apps_url":"","pricing_codecanyon_price_caption":"","integration_category":[],"integration_request_title":"","integration_request_cta":"","integration_platform":"","integrations":[],"platform_category":[],"video_schema_markup":"","price":"da $ 0 al mese","trial":"","benefits":[{"text":"Aiuto gratuito per l'installazione"},{"text":"Supporto eccezionale"},{"text":"Garanzia di rimborso di 14 giorni"},{"text":"Futuri miglioramenti gratuiti"}],"button_url":"#demo","button_target_blank":"0","button_nofollow":"0","attributes":[{"name":"Installazioni"},{"name":"Reattivo","content":"S\u00cc"},{"name":"Browser compatibili","content":"Firefox, Safari, Opera, Chrome, Edge"}],"tags":[],"tags_disable_links":"0","hide_more_platforms":"0","video_object":"","demo_hide_cta":"0","demo_hide_cloud_options":"0","pricing_title":"","pricing":[{"pricing_icon":"platform","pricing_title":"Elfsight Apps","pricing_title_caption":"Versione multipiattaforma che funziona su qualsiasi sito web","pricing_price":"da $ 0 \/ mese","pricing_price_caption":"inizia con il piano gratuito","pricing_benefits":[{"text":"Domini illimitati"},{"text":"Supporto aziendale gratuito"},{"text":"Supporto per l'installazione senza costi"},{"text":"Offerta speciale per pi\u00f9 app"}],"pricing_button_text":"Aggiungi al sito web","pricing_button_url":"#demo"}],"related_apps_title":"","related_apps_hidden":"0","author":"","image":[],"title":"","job":"","social_networks":[]},"_links":{"self":[{"href":"https:\/\/elfsight.com\/it\/wp-json\/wp\/v2\/pages\/3301","targetHints":{"allow":["GET"]}}],"collection":[{"href":"https:\/\/elfsight.com\/it\/wp-json\/wp\/v2\/pages"}],"about":[{"href":"https:\/\/elfsight.com\/it\/wp-json\/wp\/v2\/types\/page"}],"author":[{"embeddable":true,"href":"https:\/\/elfsight.com\/it\/wp-json\/wp\/v2\/users\/9"}],"replies":[{"embeddable":true,"href":"https:\/\/elfsight.com\/it\/wp-json\/wp\/v2\/comments?post=3301"}],"version-history":[{"count":3,"href":"https:\/\/elfsight.com\/it\/wp-json\/wp\/v2\/pages\/3301\/revisions"}],"predecessor-version":[{"id":9581,"href":"https:\/\/elfsight.com\/it\/wp-json\/wp\/v2\/pages\/3301\/revisions\/9581"}],"up":[{"embeddable":true,"href":"https:\/\/elfsight.com\/it\/wp-json\/wp\/v2\/pages\/1175"}],"wp:attachment":[{"href":"https:\/\/elfsight.com\/it\/wp-json\/wp\/v2\/media?parent=3301"}],"curies":[{"name":"wp","href":"https:\/\/api.w.org\/{rel}","templated":true}]}}