{"id":3300,"date":"2024-05-03T06:25:53","date_gmt":"2024-05-03T06:25:53","guid":{"rendered":"https:\/\/elfsight.com\/it\/?page_id=3300"},"modified":"2025-03-21T10:20:21","modified_gmt":"2025-03-21T10:20:21","slug":"wordpress","status":"publish","type":"page","link":"https:\/\/elfsight.com\/it\/age-verification-widget\/wordpress\/","title":{"rendered":"Age Verification &#8211; WordPress"},"content":{"rendered":"\n<div class=\"application-platform-content-item-description application-platform-content-item\" id=\"description\" data-nav-section=\"description\"> <h2>Incorpora la verifica dell&#8217;et\u00e0 su WordPress con il widget Elfsight<\/h2> <p>Il nostro widget diventer\u00e0 il metodo pi\u00f9 semplice per ottenere una notifica immediata che verificher\u00e0 l&#8217;et\u00e0 di un utente. Questo widget aiuta a rendere i materiali con limiti di et\u00e0 accessibili agli utenti maggiorenni e a nasconderli ai visitatori minorenni. Sono disponibili opzioni per definire un limite di et\u00e0 richiesto, specificare il modulo di verifica, introdurre il popup in tutto il sito Web o solo nelle pagine selezionate e successivamente definire lo scenario. Anche l&#8217;aspetto pu\u00f2 essere adattato, includendo elementi verniciabili e la possibilit\u00e0 di aggiungere le proprie immagini. <\/p> <div class=\"faq\" data-component=\"FAQ\"> <div class=\"faq-item\">\r\n\t\t\t\t\t<div class=\"faq-item-question\">\r\n\t\t\t\t\t\t<h3 class=\"faq-item-question-text\">Dove posso integrare questo plugin nel mio sito web<\/h3>\r\n\r\n\t\t\t\t\t\t<div class=\"faq-item-question-icon\"><\/div>\r\n\t\t\t\t\t<\/div>\r\n\r\n\t\t\t\t\t<div class=\"faq-item-answer\">\r\n\t\t\t\t\t\t<div class=\"faq-item-answer-text\"> <p>Puoi scegliere di incorporare il popup di verifica su tutto il sito web o scegliere le pagine in cui mostrarlo. Inoltre, c&#8217;\u00e8 la funzione per escludere le pagine in cui non le desideri. <\/p> <\/div>\r\n\t\t\t\t\t<\/div>\r\n\t\t\t\t<\/div> <div class=\"faq-item\">\r\n\t\t\t\t\t<div class=\"faq-item-question\">\r\n\t\t\t\t\t\t<h3 class=\"faq-item-question-text\">Quali sono i vantaggi per me della verifica dell'et\u00e0? <\/h3>\r\n\r\n\t\t\t\t\t\t<div class=\"faq-item-question-icon\"><\/div>\r\n\t\t\t\t\t<\/div>\r\n\r\n\t\t\t\t\t<div class=\"faq-item-answer\">\r\n\t\t\t\t\t\t<div class=\"faq-item-answer-text\"> <p>Utilizzando il nostro widget, \u00e8 estremamente facile e veloce creare un popup di controllo dell&#8217;et\u00e0 e nascondere i tuoi contenuti utenti minorenni. Pertanto, ti assicurerai che il tuo sito soddisfi i requisiti legali. Inoltre, ti dar\u00e0 pi\u00f9 visitatori target e clienti validi. <\/p> <\/div>\r\n\t\t\t\t\t<\/div>\r\n\t\t\t\t<\/div> <div class=\"faq-item\">\r\n\t\t\t\t\t<div class=\"faq-item-question\">\r\n\t\t\t\t\t\t<h3 class=\"faq-item-question-text\">Come posso aggiungere la verifica dell'et\u00e0 sul mio sito WordPress? <\/h3>\r\n\r\n\t\t\t\t\t\t<div class=\"faq-item-question-icon\"><\/div>\r\n\t\t\t\t\t<\/div>\r\n\r\n\t\t\t\t\t<div class=\"faq-item-answer\">\r\n\t\t\t\t\t\t<div class=\"faq-item-answer-text\"> <p>Ti serve solo un minuto del tuo tempo per impostare la notifica. Il processo \u00e8 super veloce, gratuito e non prevede la codifica. <\/p> <p>C&#8217;\u00e8 un&#8217;opzione per incorporare il widget nel sito web tramite il nostro servizio. Per questo vedere le istruzioni in basso in questa pagina. <\/p> <\/div>\r\n\t\t\t\t\t<\/div>\r\n\t\t\t\t<\/div> <\/div> <\/div> <div class=\"application-platform-content-item-features application-platform-content-item\" id=\"features\" data-nav-section=\"features\"> <h2>Caratteristiche principali del widget Age Verification<\/h2> <p>Per ottenere una chiara percezione della widget, puoi consultare l&#8217;elenco delle sue funzionalit\u00e0 pi\u00f9 importanti. Rendono il nostro widget estremamente vantaggioso per il tuo negozio: <\/p> <ul><li>Seleziona uno dei tre tipi di controllo: chiedendo la data di nascita completa, solo l&#8217;anno di nascita o una domanda con risposte S\u00ec e No; <\/li><li>Scegliere di ricordare gli utenti per qualsiasi periodo di tempo; <\/li><li>2 scenari dopo la negazione dell&#8217;accesso: mostrare un testo o indirizzare un utente a qualsiasi indirizzo; <\/li><li>Carica un&#8217;immagine personalizzata da aggiungere alla finestra di controllo; <\/li><li>Fornisci informazioni e collegamenti aggiuntivi sotto il pulsante di verifica. <\/li><\/ul><p><a href=\"#demo\">La nostra demo ti riveler\u00e0 pi\u00f9 funzionalit\u00e0<\/a><\/p> <\/div> <div class=\"application-platform-content-item-installation application-platform-content-item\" id=\"installation\" data-nav-section=\"installation\"> <h2>Scopri come incorporare il plug-in di verifica dell&#8217;et\u00e0 nel tuo sito WordPress<\/h2><div class=\"video-container\"><iframe width=\"560\" height=\"315\" src=\"https:\/\/www.youtube.com\/embed\/X4zmD7Zj9pE?si=hG1e9zIJoLPI5U6r\" frameborder=\"0\" allow=\"accelerometer; autoplay; clipboard-write; encrypted-media; gyroscope; picture-in-picture; web-share\" allowfullscreen><\/iframe><\/div><p>Racconta questi passaggi e goditi il \u200b\u200bfunzionamento del widget: <\/p> <ol><li><b>Lancia il nostro editor gratuito e inizia a creare il tuo plug-in di verifica personalizzato. <\/b><br> Determina la forma selezionata e le specifiche del plugin e salva tutte le modifiche. <\/li> <li><b>Ricevi il codice personale che appare nell&#8217;apposito modulo su Elfsight Apps. <\/b><br> Una volta terminata la configurazione del plug-in, copia il codice individuale dal popup visualizzato e conservalo per un uso futuro. <\/li> <li><b>Inizia a utilizzare il plugin sul tuo sito WordPress. <\/b><br> Inserisci il codice che hai salvato di recente nella tua pagina web e salva i miglioramenti. <\/li> <li><b>L&#8217;installazione \u00e8 terminata con successo. <\/b><br> Apri la tua pagina web per vedere come funziona il plugin. <\/li><\/ol><p>Non sei ancora sicuro? O hai domande? Invia semplicemente la tua richiesta al nostro team di assistenza clienti; aiuteranno con ogni problema. <\/p> <\/div>\n","protected":false},"excerpt":{"rendered":"","protected":false},"author":9,"featured_media":0,"parent":1175,"menu_order":0,"comment_status":"closed","ping_status":"closed","template":"templates\/template-application-platform.php","meta":{"publish_to_discourse":"","publish_post_category":"","wpdc_auto_publish_overridden":"","wpdc_topic_tags":"","wpdc_pin_topic":"","wpdc_pin_until":"","discourse_post_id":"","discourse_permalink":"","wpdc_publishing_response":"","wpdc_publishing_error":"","footnotes":""},"class_list":["post-3300","page","type-page","status-publish","hentry"],"yoast_head":"<!-- This site is optimized with the Yoast SEO plugin v25.3.1 - https:\/\/yoast.com\/wordpress\/plugins\/seo\/ -->\n<title>Plug-in di verifica dell&#039;et\u00e0 sul sito Web WordPress (veloce e gratuito)<\/title>\n<meta name=\"description\" content=\"\u00c8 facile creare il plug-in di verifica dell&#039;et\u00e0 e aggiungerlo al sito Web WordPress. Il servizio clienti Elfsight \u00e8 gratuito e veloce.\" \/>\n<meta name=\"robots\" content=\"index, follow, max-snippet:-1, max-image-preview:large, max-video-preview:-1\" \/>\n<link rel=\"canonical\" href=\"https:\/\/elfsight.com\/it\/age-verification-widget\/wordpress\/\" \/>\n<meta property=\"og:locale\" content=\"it_IT\" \/>\n<meta property=\"og:type\" content=\"article\" \/>\n<meta property=\"og:title\" content=\"Plug-in di verifica dell&#039;et\u00e0 sul sito Web WordPress (veloce e gratuito)\" \/>\n<meta property=\"og:description\" content=\"\u00c8 facile creare il plug-in di verifica dell&#039;et\u00e0 e aggiungerlo al sito Web WordPress. Il servizio clienti Elfsight \u00e8 gratuito e veloce.\" \/>\n<meta property=\"og:url\" content=\"https:\/\/elfsight.com\/it\/age-verification-widget\/wordpress\/\" \/>\n<meta property=\"og:site_name\" content=\"Elfsight IT\" \/>\n<meta property=\"article:modified_time\" content=\"2025-03-21T10:20:21+00:00\" \/>\n<meta name=\"twitter:card\" content=\"summary_large_image\" \/>\n<meta name=\"twitter:label1\" content=\"Tempo di lettura stimato\" \/>\n\t<meta name=\"twitter:data1\" content=\"3 minuti\" \/>\n<!-- \/ Yoast SEO plugin. -->","yoast_head_json":{"title":"Plug-in di verifica dell'et\u00e0 sul sito Web WordPress (veloce e gratuito)","description":"\u00c8 facile creare il plug-in di verifica dell'et\u00e0 e aggiungerlo al sito Web WordPress. Il servizio clienti Elfsight \u00e8 gratuito e veloce.","robots":{"index":"index","follow":"follow","max-snippet":"max-snippet:-1","max-image-preview":"max-image-preview:large","max-video-preview":"max-video-preview:-1"},"canonical":"https:\/\/elfsight.com\/it\/age-verification-widget\/wordpress\/","og_locale":"it_IT","og_type":"article","og_title":"Plug-in di verifica dell'et\u00e0 sul sito Web WordPress (veloce e gratuito)","og_description":"\u00c8 facile creare il plug-in di verifica dell'et\u00e0 e aggiungerlo al sito Web WordPress. Il servizio clienti Elfsight \u00e8 gratuito e veloce.","og_url":"https:\/\/elfsight.com\/it\/age-verification-widget\/wordpress\/","og_site_name":"Elfsight IT","article_modified_time":"2025-03-21T10:20:21+00:00","twitter_card":"summary_large_image","twitter_misc":{"Tempo di lettura stimato":"3 minuti"},"schema":{"@context":"https:\/\/schema.org","@graph":[{"@type":"WebPage","@id":"https:\/\/elfsight.com\/it\/age-verification-widget\/wordpress\/","url":"https:\/\/elfsight.com\/it\/age-verification-widget\/wordpress\/","name":"Plug-in di verifica dell'et\u00e0 sul sito Web WordPress (veloce e gratuito)","isPartOf":{"@id":"https:\/\/elfsight.com\/it\/#website"},"datePublished":"2024-05-03T06:25:53+00:00","dateModified":"2025-03-21T10:20:21+00:00","description":"\u00c8 facile creare il plug-in di verifica dell'et\u00e0 e aggiungerlo al sito Web WordPress. Il servizio clienti Elfsight \u00e8 gratuito e veloce.","breadcrumb":{"@id":"https:\/\/elfsight.com\/it\/age-verification-widget\/wordpress\/#breadcrumb"},"inLanguage":"it-IT","potentialAction":[{"@type":"ReadAction","target":["https:\/\/elfsight.com\/it\/age-verification-widget\/wordpress\/"]}]},{"@type":"BreadcrumbList","@id":"https:\/\/elfsight.com\/it\/age-verification-widget\/wordpress\/#breadcrumb","itemListElement":[{"@type":"ListItem","position":1,"name":"Home","item":"https:\/\/elfsight.com\/it\/"},{"@type":"ListItem","position":2,"name":"Age Verification","item":"https:\/\/elfsight.com\/it\/age-verification-widget\/"},{"@type":"ListItem","position":3,"name":"Age Verification &#8211; WordPress"}]},{"@type":"WebSite","@id":"https:\/\/elfsight.com\/it\/#website","url":"https:\/\/elfsight.com\/it\/","name":"Elfsight IT","description":"Just another Elfsight Sites site","potentialAction":[{"@type":"SearchAction","target":{"@type":"EntryPoint","urlTemplate":"https:\/\/elfsight.com\/it\/?s={search_term_string}"},"query-input":{"@type":"PropertyValueSpecification","valueRequired":true,"valueName":"search_term_string"}}],"inLanguage":"it-IT"}]}},"meta_box":{"industry":"","seo_heading":"","heading":"","description":"","cta_heading":"","cta_description":"","application":"1174","h1":"App per la verifica dell'et\u00e0 di WordPress","h1_caption":"Assicurati che i contenuti sensibili all'et\u00e0 siano accessibili in modo responsabile con un plug-in di verifica dell'et\u00e0 semplice e personalizzabile nel tuo sito Web WordPress senza sforzo.","application_category":[],"applications_title":"","applications_request_title":"","applications_request_button_text":"","hero_text":"","hero_video":"","hero_video_schema_markup":"","selling_points_title":"","selling_points_caption":"","selling_points":[],"selling_points_cta_text":"","features_title":"","features":"","ed_cta_examples_text":"","ed_cta_examples_hidden":"","ed_cta_demo_text":"","ed_cta_demo_hidden":"","why_caption":"","why_editor_title":"","why_editor_text":"","why_team_title":"","why_team_text":"","why_service_title":"","why_service_text":"","template_catalog_visible":"0","template_catalog_title":"","template_catalog_text":"","template_catalog_categories_visible":"","demo_title":"Crea il tuo plugin per la verifica dell'et\u00e0","demo_caption":"Configura la verifica dell'et\u00e0 e aggiungila gratuitamente al tuo sito Web WordPress!","default_faq_hidden":"","app_template_category":[],"platform":"28","template_public_id":"","codecanyon_url":"","codecanyon_item_id":"","codecanyon_price":"","pricing_caption":"","pricing_elfsight_apps_hide_column":"","pricing_elfsight_apps_url":"","pricing_codecanyon_price_caption":"","integration_category":[],"integration_request_title":"","integration_request_cta":"","integration_platform":"","integrations":[],"platform_category":[],"video_schema_markup":"","price":"da $ 0 al mese","trial":"","benefits":[{"text":"Assistenza gratuita per l'installazione"},{"text":"Assistenza clienti con esperienza"},{"text":"Garanzia di rimborso di 14 giorni"},{"text":"Sviluppo continuo"}],"button_url":"#demo","button_target_blank":"0","button_nofollow":"0","attributes":[{"name":"Installazioni"},{"name":"Reattivo","content":"S\u00cc"},{"name":"Browser compatibili","content":"IE11, Firefox, Safari, Opera, Chrome, Edge"}],"tags":[],"tags_disable_links":"0","hide_more_platforms":"0","video_object":"","demo_hide_cta":"0","demo_hide_cloud_options":"0","pricing_title":"","pricing":[{"pricing_icon":"platform","pricing_title":"Elfsight Apps","pricing_title_caption":"Versione indipendente dalla piattaforma che funziona su qualsiasi sito web","pricing_price":"da $ 0 \/ mese","pricing_price_caption":"inizia con il piano gratuito","pricing_benefits":[{"text":"Siti web illimitati"},{"text":"Supporto aziendale 24 ore su 24, 7 giorni su 7 e ben documentato"},{"text":"Aiuto per l'installazione gratuito"},{"text":"Offerta speciale per pi\u00f9 app"}],"pricing_button_text":"Aggiungi al sito web","pricing_button_url":"#demo"}],"related_apps_title":"","related_apps_hidden":"0","author":"","image":[],"title":"","job":"","social_networks":[]},"_links":{"self":[{"href":"https:\/\/elfsight.com\/it\/wp-json\/wp\/v2\/pages\/3300","targetHints":{"allow":["GET"]}}],"collection":[{"href":"https:\/\/elfsight.com\/it\/wp-json\/wp\/v2\/pages"}],"about":[{"href":"https:\/\/elfsight.com\/it\/wp-json\/wp\/v2\/types\/page"}],"author":[{"embeddable":true,"href":"https:\/\/elfsight.com\/it\/wp-json\/wp\/v2\/users\/9"}],"replies":[{"embeddable":true,"href":"https:\/\/elfsight.com\/it\/wp-json\/wp\/v2\/comments?post=3300"}],"version-history":[{"count":3,"href":"https:\/\/elfsight.com\/it\/wp-json\/wp\/v2\/pages\/3300\/revisions"}],"predecessor-version":[{"id":9583,"href":"https:\/\/elfsight.com\/it\/wp-json\/wp\/v2\/pages\/3300\/revisions\/9583"}],"up":[{"embeddable":true,"href":"https:\/\/elfsight.com\/it\/wp-json\/wp\/v2\/pages\/1175"}],"wp:attachment":[{"href":"https:\/\/elfsight.com\/it\/wp-json\/wp\/v2\/media?parent=3300"}],"curies":[{"name":"wp","href":"https:\/\/api.w.org\/{rel}","templated":true}]}}