{"id":3292,"date":"2024-05-03T06:25:49","date_gmt":"2024-05-03T06:25:49","guid":{"rendered":"https:\/\/elfsight.com\/it\/?page_id=3292"},"modified":"2024-11-12T08:31:45","modified_gmt":"2024-11-12T08:31:45","slug":"facebook","status":"publish","type":"page","link":"https:\/\/elfsight.com\/it\/age-verification-widget\/facebook\/","title":{"rendered":"Age Verification &#8211; Facebook Page"},"content":{"rendered":"<div class=\"application-platform-content-item-description application-platform-content-item\" id=\"description\" data-nav-section=\"description\"><h2>Descrizione<\/h2><p>Il widget Elfsight sar\u00e0 il modo pi\u00f9 rapido per creare una notifica che richiede l&#8217;et\u00e0 di un utente. Questo widget aiuter\u00e0 a rendere disponibili i contenuti con limiti di et\u00e0 per gli utenti maggiorenni e a nasconderli per i visitatori minorenni. Puoi determinare il limite di et\u00e0 corretto, scegliere il modulo di verifica e selezionare l&#8217;azione per gli utenti minorenni. Anche lo stile \u00e8 sotto il tuo controllo con elementi verniciabili e la possibilit\u00e0 di caricare immagini personalizzate.<\/p><p><b>Mantieni l&#8217;et\u00e0 sotto controllo con widget semplici e personalizzabili sul tuo sito!<\/b><\/p><\/div> <div class=\"application-platform-content-item-features application-platform-content-item\" id=\"features\" data-nav-section=\"features\"><h2>Caratteristiche<\/h2><p>Qui puoi vedere tutte le funzioni del widget. Puoi modificarli direttamente nell&#8217;editor e ti aiuteranno a configurare il widget adatto al tuo caso d&#8217;uso.<\/p><ul><li>Scegli uno dei tipi di verifica: richiesta per la data di nascita completa, solo l&#8217;anno di nascita o una domanda che offre risposte S\u00ec e No;<\/li><li>L&#8217;opzione di ricordare gli utenti per qualsiasi periodo di tempo;<\/li><li>2 scenari per utenti minorenni: per mostrare un messaggio o reindirizzare un utente a un altro indirizzo;<\/li><li>Aggiungi la tua immagine da mostrare nella finestra di controllo dell&#8217;et\u00e0;<\/li><li>Mostra testo e collegamenti aggiuntivi sotto il pulsante di verifica.<\/li><\/ul><p><a href=\"#demo\">Prova tutte le altre funzioni nella demo<\/a><\/p><\/div><div class=\"application-platform-content-item-installation application-platform-content-item\" id=\"installation\" data-nav-section=\"installation\"><h2>Come aggiungere la scheda Verifica et\u00e0 a Facebook pagina<\/h2><p>Per attivare il widget sulla tua pagina Facebook, segui semplicemente le linee guida di seguito<\/p><ul><li><b>Costruisci il tuo plugin unico<\/b><br>Gestione del nostro configuratore gratuito, imposta l&#8217;interfaccia del widget e scegli la funzionalit\u00e0.<\/li><li><b>Copia il codice personale per installare il plugin<\/b><br>Dopo aver impostato il widget, otterrai il codice di installazione dal menu visualizzato notifica sulle app Elfsight. Copialo.<\/li><li><b>Aggiungi il widget alla pagina Facebook<\/b><br> Crea la tua scheda Facebook personalizzata. Inserisci nella scheda il codice che hai ricevuto su elfsight apps. In caso di problemi, consulta la nostra guida su <a href=\"https:\/\/elfsight.com\/blog\/how-to-add-custom-tab-to-facebook-page\/\" target=\"_blank\" rel=\"noopener noreferrer\">creazione di una scheda Facebook personalizzata<\/a><\/li><li><b>La configurazione \u00e8 riuscita! <\/b><br>Vai alla tua pagina e controlla il widget. <\/li><\/ul><p>Prenditi un minuto per contattare la nostra assistenza clienti se hai bisogno di consigli o hai domande. Daremo una mano con ogni richiesta. <\/p><div class=\"faq\" data-component=\"FAQ\"> <div class=\"faq-item\">\r\n\t\t\t\t\t<div class=\"faq-item-question\">\r\n\t\t\t\t\t\t<h3 class=\"faq-item-question-text\">Come aggiungere la verifica dell'et\u00e0 al sito web della mia pagina Facebook senza competenze di programmazione?<\/h3>\r\n\r\n\t\t\t\t\t\t<div class=\"faq-item-question-icon\"><\/div>\r\n\t\t\t\t\t<\/div>\r\n\r\n\t\t\t\t\t<div class=\"faq-item-answer\">\r\n\t\t\t\t\t\t<div class=\"faq-item-answer-text\"> <p>Elfsight fornisce una soluzione SaaS che ti consente di creare tu stesso un widget di verifica dell&#8217;et\u00e0, scopri quanto \u00e8 facile Il processo \u00e8: lavora direttamente nell&#8217;editor online per creare un widget di verifica dell&#8217;et\u00e0 che vorresti vedere sul sito web della tua pagina Facebook. Scegli uno dei modelli predefiniti e regola le impostazioni di verifica dell&#8217;et\u00e0, aggiungi i tuoi contenuti, modifica il layout e i colori senza alcuna competenza di codifica. Salva la verifica dell&#8217;et\u00e0 e copia il suo codice di installazione, che potrai includere facilmente nel sito della tua Pagina Facebook senza la necessit\u00e0 di acquistare un piano a pagamento. Con il nostro editor intuitivo qualsiasi utente di Internet pu\u00f2 creare un widget di verifica dell&#8217;et\u00e0 online e incorporarlo facilmente nel sito Web della propria pagina Facebook. Non \u00e8 necessario pagare n\u00e9 inserire le credenziali della carta per accedere al servizio. In caso di problemi in qualsiasi momento, non esitate a contattare il nostro team di supporto tecnico.<\/p> <\/div>\r\n\t\t\t\t\t<\/div>\r\n\t\t\t\t<\/div> <\/div> <\/div>","protected":false},"excerpt":{"rendered":"","protected":false},"author":9,"featured_media":0,"parent":1175,"menu_order":0,"comment_status":"closed","ping_status":"closed","template":"templates\/template-application-platform.php","meta":{"publish_to_discourse":"","publish_post_category":"","wpdc_auto_publish_overridden":"","wpdc_topic_tags":"","wpdc_pin_topic":"","wpdc_pin_until":"","discourse_post_id":"","discourse_permalink":"","wpdc_publishing_response":"","wpdc_publishing_error":"","footnotes":""},"class_list":["post-3292","page","type-page","status-publish","hentry"],"yoast_head":"<!-- This site is optimized with the Yoast SEO plugin v25.3.1 - https:\/\/yoast.com\/wordpress\/plugins\/seo\/ -->\n<title>Aggiungi la verifica dell&#039;et\u00e0 alla scheda personalizzata della pagina Facebook (2025)<\/title>\n<meta name=\"description\" content=\"Non \u00e8 un problema costruire il tuo widget di verifica dell&#039;et\u00e0 e aggiungerlo alla pagina Facebook. Il servizio clienti Elfsight \u00e8 gratuito e veloce.\" \/>\n<meta name=\"robots\" content=\"index, follow, max-snippet:-1, max-image-preview:large, max-video-preview:-1\" \/>\n<link rel=\"canonical\" href=\"https:\/\/elfsight.com\/it\/age-verification-widget\/facebook\/\" \/>\n<meta property=\"og:locale\" content=\"it_IT\" \/>\n<meta property=\"og:type\" content=\"article\" \/>\n<meta property=\"og:title\" content=\"Aggiungi la verifica dell&#039;et\u00e0 alla scheda personalizzata della pagina Facebook (2025)\" \/>\n<meta property=\"og:description\" content=\"Non \u00e8 un problema costruire il tuo widget di verifica dell&#039;et\u00e0 e aggiungerlo alla pagina Facebook. Il servizio clienti Elfsight \u00e8 gratuito e veloce.\" \/>\n<meta property=\"og:url\" content=\"https:\/\/elfsight.com\/it\/age-verification-widget\/facebook\/\" \/>\n<meta property=\"og:site_name\" content=\"Elfsight IT\" \/>\n<meta property=\"article:modified_time\" content=\"2024-11-12T08:31:45+00:00\" \/>\n<meta name=\"twitter:card\" content=\"summary_large_image\" \/>\n<meta name=\"twitter:label1\" content=\"Tempo di lettura stimato\" \/>\n\t<meta name=\"twitter:data1\" content=\"3 minuti\" \/>\n<!-- \/ Yoast SEO plugin. -->","yoast_head_json":{"title":"Aggiungi la verifica dell'et\u00e0 alla scheda personalizzata della pagina Facebook (2025)","description":"Non \u00e8 un problema costruire il tuo widget di verifica dell'et\u00e0 e aggiungerlo alla pagina Facebook. Il servizio clienti Elfsight \u00e8 gratuito e veloce.","robots":{"index":"index","follow":"follow","max-snippet":"max-snippet:-1","max-image-preview":"max-image-preview:large","max-video-preview":"max-video-preview:-1"},"canonical":"https:\/\/elfsight.com\/it\/age-verification-widget\/facebook\/","og_locale":"it_IT","og_type":"article","og_title":"Aggiungi la verifica dell'et\u00e0 alla scheda personalizzata della pagina Facebook (2025)","og_description":"Non \u00e8 un problema costruire il tuo widget di verifica dell'et\u00e0 e aggiungerlo alla pagina Facebook. Il servizio clienti Elfsight \u00e8 gratuito e veloce.","og_url":"https:\/\/elfsight.com\/it\/age-verification-widget\/facebook\/","og_site_name":"Elfsight IT","article_modified_time":"2024-11-12T08:31:45+00:00","twitter_card":"summary_large_image","twitter_misc":{"Tempo di lettura stimato":"3 minuti"},"schema":{"@context":"https:\/\/schema.org","@graph":[{"@type":"WebPage","@id":"https:\/\/elfsight.com\/it\/age-verification-widget\/facebook\/","url":"https:\/\/elfsight.com\/it\/age-verification-widget\/facebook\/","name":"Aggiungi la verifica dell'et\u00e0 alla scheda personalizzata della pagina Facebook (2025)","isPartOf":{"@id":"https:\/\/elfsight.com\/it\/#website"},"datePublished":"2024-05-03T06:25:49+00:00","dateModified":"2024-11-12T08:31:45+00:00","description":"Non \u00e8 un problema costruire il tuo widget di verifica dell'et\u00e0 e aggiungerlo alla pagina Facebook. Il servizio clienti Elfsight \u00e8 gratuito e veloce.","breadcrumb":{"@id":"https:\/\/elfsight.com\/it\/age-verification-widget\/facebook\/#breadcrumb"},"inLanguage":"it-IT","potentialAction":[{"@type":"ReadAction","target":["https:\/\/elfsight.com\/it\/age-verification-widget\/facebook\/"]}]},{"@type":"BreadcrumbList","@id":"https:\/\/elfsight.com\/it\/age-verification-widget\/facebook\/#breadcrumb","itemListElement":[{"@type":"ListItem","position":1,"name":"Home","item":"https:\/\/elfsight.com\/it\/"},{"@type":"ListItem","position":2,"name":"Age Verification","item":"https:\/\/elfsight.com\/it\/age-verification-widget\/"},{"@type":"ListItem","position":3,"name":"Age Verification &#8211; Facebook Page"}]},{"@type":"WebSite","@id":"https:\/\/elfsight.com\/it\/#website","url":"https:\/\/elfsight.com\/it\/","name":"Elfsight IT","description":"Just another Elfsight Sites site","potentialAction":[{"@type":"SearchAction","target":{"@type":"EntryPoint","urlTemplate":"https:\/\/elfsight.com\/it\/?s={search_term_string}"},"query-input":{"@type":"PropertyValueSpecification","valueRequired":true,"valueName":"search_term_string"}}],"inLanguage":"it-IT"}]}},"meta_box":{"industry":"","seo_heading":"","heading":"","description":"","cta_heading":"","cta_description":"","application":"1174","h1":"Verifica dell'et\u00e0 per la pagina Facebook","h1_caption":"Assicurati che i contenuti sensibili all'et\u00e0 siano accessibili in modo responsabile con un widget di verifica dell'et\u00e0 semplice e personalizzabile nel sito web della tua pagina Facebook senza sforzo.","application_category":[],"applications_title":"","applications_request_title":"","applications_request_button_text":"","hero_text":"","hero_video":"","hero_video_schema_markup":"","selling_points_title":"","selling_points_caption":"","selling_points":[],"selling_points_cta_text":"","features_title":"","features":"","ed_cta_examples_text":"","ed_cta_examples_hidden":"","ed_cta_demo_text":"","ed_cta_demo_hidden":"","why_caption":"","why_editor_title":"","why_editor_text":"","why_team_title":"","why_team_text":"","why_service_title":"","why_service_text":"","template_catalog_visible":"","template_catalog_title":"","template_catalog_text":"","template_catalog_categories_visible":"","demo_title":"Crea il tuo widget di verifica dell'et\u00e0","demo_caption":"Configura la verifica dell'et\u00e0 e aggiungila gratuitamente al sito della tua pagina Facebook!","default_faq_hidden":"","app_template_category":[],"platform":"77","template_public_id":"","codecanyon_url":"","codecanyon_item_id":"","codecanyon_price":"","pricing_caption":"","pricing_elfsight_apps_hide_column":"","pricing_elfsight_apps_url":"","pricing_codecanyon_price_caption":"","integration_category":[],"integration_request_title":"","integration_request_cta":"","integration_platform":"","integrations":[],"platform_category":[],"video_schema_markup":"","price":"da $ 0 al mese","trial":"","benefits":[{"text":"Aiuto per l'installazione gratuito"},{"text":"Assistenza clienti con esperienza"},{"text":"Garanzia di rimborso di 14 giorni"},{"text":"Miglioramenti gratuiti continui"}],"button_url":"#demo","button_target_blank":"","button_nofollow":"","attributes":[{"name":"Installazioni"},{"name":"Reattivo","content":"S\u00cc"},{"name":"Browser compatibili","content":"Opera, Safari, Edge, Chrome, Firefox"}],"tags":[],"tags_disable_links":"","hide_more_platforms":"","video_object":"","demo_hide_cta":"","demo_hide_cloud_options":"","pricing_title":"","pricing":[{"pricing_icon":"platform","pricing_title":"Elfsight Apps","pricing_title_caption":"Soluzione digitale multipiattaforma adatta a qualsiasi sito web","pricing_price":"da $ 0 \/ mese","pricing_price_caption":"inizia con il piano gratuito","pricing_benefits":[{"text":"Domini illimitati"},{"text":"Supporto dedicato e puntuale"},{"text":"Assistenza gratuita per l'installazione"},{"text":"Progettazione flessibile"}],"pricing_button_text":"Aggiungi al sito web","pricing_button_url":"#demo"}],"related_apps_title":"","related_apps_hidden":"","author":"","image":[],"title":"","job":"","social_networks":[]},"_links":{"self":[{"href":"https:\/\/elfsight.com\/it\/wp-json\/wp\/v2\/pages\/3292","targetHints":{"allow":["GET"]}}],"collection":[{"href":"https:\/\/elfsight.com\/it\/wp-json\/wp\/v2\/pages"}],"about":[{"href":"https:\/\/elfsight.com\/it\/wp-json\/wp\/v2\/types\/page"}],"author":[{"embeddable":true,"href":"https:\/\/elfsight.com\/it\/wp-json\/wp\/v2\/users\/9"}],"replies":[{"embeddable":true,"href":"https:\/\/elfsight.com\/it\/wp-json\/wp\/v2\/comments?post=3292"}],"version-history":[{"count":1,"href":"https:\/\/elfsight.com\/it\/wp-json\/wp\/v2\/pages\/3292\/revisions"}],"predecessor-version":[{"id":3296,"href":"https:\/\/elfsight.com\/it\/wp-json\/wp\/v2\/pages\/3292\/revisions\/3296"}],"up":[{"embeddable":true,"href":"https:\/\/elfsight.com\/it\/wp-json\/wp\/v2\/pages\/1175"}],"wp:attachment":[{"href":"https:\/\/elfsight.com\/it\/wp-json\/wp\/v2\/media?parent=3292"}],"curies":[{"name":"wp","href":"https:\/\/api.w.org\/{rel}","templated":true}]}}