{"id":3291,"date":"2024-05-03T06:25:48","date_gmt":"2024-05-03T06:25:48","guid":{"rendered":"https:\/\/elfsight.com\/it\/?page_id=3291"},"modified":"2024-11-12T08:23:54","modified_gmt":"2024-11-12T08:23:54","slug":"woocommerce","status":"publish","type":"page","link":"https:\/\/elfsight.com\/it\/age-verification-widget\/woocommerce\/","title":{"rendered":"Age Verification &#8211; WooCommerce"},"content":{"rendered":"<div class=\"application-platform-content-item-description application-platform-content-item\" id=\"description\" data-nav-section=\"description\"><h2>Descrizione<\/h2><p>Questo widget diventer\u00e0 il metodo pi\u00f9 rapido per configurare una finestra di caricamento della pagina che controlla l&#8217;et\u00e0 di un visitatore del sito web . Il widget render\u00e0 accessibili i contenuti soggetti a limiti di et\u00e0 per gli utenti maggiorenni e li nasconder\u00e0 per la categoria dei minorenni. Puoi selezionare un limite di et\u00e0 richiesto, scegliere il modulo di verifica, introdurre il widget su ciascuna o solo su un numero di pagine e nominare l&#8217;azione. Lo stile \u00e8 facilmente personalizzabile, inclusi dettagli verniciabili e la possibilit\u00e0 di mostrare immagini personalizzate.<\/p><\/div> <div class=\"application-platform-content-item-features application-platform-content-item\" id=\"features\" data-nav-section=\"features\"><h2>Conosci l&#8217;elenco delle migliori funzionalit\u00e0:<\/h2><ul><li>Seleziona uno dei tipi di verifica: richiesta per la data di nascita completa, solo l&#8217;anno di nascita o una domanda che offre opzioni S\u00ec e No; <\/li><li>Scegliere di ricordare i visitatori per qualsiasi periodo di tempo espresso in giorni; <\/li><li>Due scenari per i visitatori minorenni: mostrare un testo personalizzato o indirizzare un utente verso un&#8217;altra pagina o sito; <\/li><li>Aggiungi qualsiasi immagine per il popup di controllo; <\/li><li>Mostra dettagli dettagliati e collegamenti sotto il pulsante di verifica. <\/li><\/ul><p><a href=\"#demo\">Prova tutte le funzionalit\u00e0 di personalizzazione nella demo completa<\/a><\/p><\/div><div class=\"application-platform-content-item-installation application-platform-content-item\" id=\"installation\" data-nav-section=\"installation\"> <h2>Come faccio ad aggiungere la verifica dell&#8217;et\u00e0 sulla mia pagina web WooCommerce?<\/h2><p>Segui semplicemente i passaggi indicati di seguito per iniziare a lavorare con il plug-in.<\/p><ol><li><b>Utilizza il nostro editor gratuito e inizia a modellare il tuo plugin.<\/b><br>Determina l&#8217;interfaccia e le opzioni adatte dello strumento e salva le modifiche.<\/li><li><b>Acquisisci il codice personale rivelato nella vedova su Elfsight App.<\/b><br>Non appena la configurazione del tuo plugin personale \u00e8 terminata, copia il codice esclusivo nel popup che appare e salvalo per un&#8217;occasione successiva.<\/li><li><b>Inizia l&#8217;utilizzo delle widget sul tuo sito WooCommerce.<\/b><br>Inserisci il codice copiato in precedenza nella tua home page e applica le modifiche.<\/li><li><b>Il gioco \u00e8 fatto! L&#8217;integrazione \u00e8 stata eseguita con successo.<\/b><br>Visita il tuo sito web per osservare il funzionamento del plugin.<\/li><\/ol><p>Se dovessi incontrare difficolt\u00e0, non esitare a contattare il nostro Il team del servizio clienti. I nostri consulenti sono ansiosi di risolvere tutti i problemi che potresti avere con il prodotto.<\/p><div class=\"faq\" data-component=\"FAQ\"> <div class=\"faq-item\">\r\n\t\t\t\t\t<div class=\"faq-item-question\">\r\n\t\t\t\t\t\t<h3 class=\"faq-item-question-text\">Come aggiungere la verifica dell'et\u00e0 al mio sito web WooCommerce senza competenze di codifica?<\/h3>\r\n\r\n\t\t\t\t\t\t<div class=\"faq-item-question-icon\"><\/div>\r\n\t\t\t\t\t<\/div>\r\n\r\n\t\t\t\t\t<div class=\"faq-item-answer\">\r\n\t\t\t\t\t\t<div class=\"faq-item-answer-text\"> <p>Elfsight fornisce un servizio SaaS soluzione che ti consente di creare tu stesso un widget di verifica dell&#8217;et\u00e0, scopri quanto \u00e8 semplice il processo: lavora direttamente nell&#8217;editor online per creare un widget di verifica dell&#8217;et\u00e0 che vorresti vedere sul tuo sito web WooCommerce. Scegli uno dei modelli predefiniti e regola le impostazioni di verifica dell&#8217;et\u00e0, aggiungi i tuoi contenuti, modifica il layout e i colori senza alcuna competenza di codifica. Salva la verifica dell&#8217;et\u00e0 e copia il suo codice di installazione, che potrai incorporare facilmente nel tuo sito WooCommerce senza la necessit\u00e0 di acquistare una versione a pagamento. Con il nostro editor intuitivo qualsiasi utente di Internet pu\u00f2 creare un widget di verifica dell&#8217;et\u00e0 online e incorporarlo facilmente nel proprio sito Web WooCommerce. Non \u00e8 necessario pagare o inserire le credenziali della carta per accedere al servizio. In caso di problemi in qualsiasi momento, non esitate a contattare il nostro team di supporto tecnico.<\/p> <\/div>\r\n\t\t\t\t\t<\/div>\r\n\t\t\t\t<\/div> <\/div> <\/div>","protected":false},"excerpt":{"rendered":"","protected":false},"author":9,"featured_media":0,"parent":1175,"menu_order":0,"comment_status":"closed","ping_status":"closed","template":"templates\/template-application-platform.php","meta":{"publish_to_discourse":"","publish_post_category":"","wpdc_auto_publish_overridden":"","wpdc_topic_tags":"","wpdc_pin_topic":"","wpdc_pin_until":"","discourse_post_id":"","discourse_permalink":"","wpdc_publishing_response":"","wpdc_publishing_error":"","footnotes":""},"class_list":["post-3291","page","type-page","status-publish","hentry"],"yoast_head":"<!-- This site is optimized with the Yoast SEO plugin v25.3.1 - https:\/\/yoast.com\/wordpress\/plugins\/seo\/ -->\n<title>Plug-in WooCommerce per la verifica dell&#039;et\u00e0 per il tuo sito web (2025)<\/title>\n<meta name=\"description\" content=\"Puoi personalizzare il plug-in Age Verification nell&#039;editor e integrarlo nel tuo sito Web WooCommerce direttamente dalla demo live.\" \/>\n<meta name=\"robots\" content=\"index, follow, max-snippet:-1, max-image-preview:large, max-video-preview:-1\" \/>\n<link rel=\"canonical\" href=\"https:\/\/elfsight.com\/it\/age-verification-widget\/woocommerce\/\" \/>\n<meta property=\"og:locale\" content=\"it_IT\" \/>\n<meta property=\"og:type\" content=\"article\" \/>\n<meta property=\"og:title\" content=\"Plug-in WooCommerce per la verifica dell&#039;et\u00e0 per il tuo sito web (2025)\" \/>\n<meta property=\"og:description\" content=\"Puoi personalizzare il plug-in Age Verification nell&#039;editor e integrarlo nel tuo sito Web WooCommerce direttamente dalla demo live.\" \/>\n<meta property=\"og:url\" content=\"https:\/\/elfsight.com\/it\/age-verification-widget\/woocommerce\/\" \/>\n<meta property=\"og:site_name\" content=\"Elfsight IT\" \/>\n<meta property=\"article:modified_time\" content=\"2024-11-12T08:23:54+00:00\" \/>\n<meta name=\"twitter:card\" content=\"summary_large_image\" \/>\n<meta name=\"twitter:label1\" content=\"Tempo di lettura stimato\" \/>\n\t<meta name=\"twitter:data1\" content=\"3 minuti\" \/>\n<!-- \/ Yoast SEO plugin. -->","yoast_head_json":{"title":"Plug-in WooCommerce per la verifica dell'et\u00e0 per il tuo sito web (2025)","description":"Puoi personalizzare il plug-in Age Verification nell'editor e integrarlo nel tuo sito Web WooCommerce direttamente dalla demo live.","robots":{"index":"index","follow":"follow","max-snippet":"max-snippet:-1","max-image-preview":"max-image-preview:large","max-video-preview":"max-video-preview:-1"},"canonical":"https:\/\/elfsight.com\/it\/age-verification-widget\/woocommerce\/","og_locale":"it_IT","og_type":"article","og_title":"Plug-in WooCommerce per la verifica dell'et\u00e0 per il tuo sito web (2025)","og_description":"Puoi personalizzare il plug-in Age Verification nell'editor e integrarlo nel tuo sito Web WooCommerce direttamente dalla demo live.","og_url":"https:\/\/elfsight.com\/it\/age-verification-widget\/woocommerce\/","og_site_name":"Elfsight IT","article_modified_time":"2024-11-12T08:23:54+00:00","twitter_card":"summary_large_image","twitter_misc":{"Tempo di lettura stimato":"3 minuti"},"schema":{"@context":"https:\/\/schema.org","@graph":[{"@type":"WebPage","@id":"https:\/\/elfsight.com\/it\/age-verification-widget\/woocommerce\/","url":"https:\/\/elfsight.com\/it\/age-verification-widget\/woocommerce\/","name":"Plug-in WooCommerce per la verifica dell'et\u00e0 per il tuo sito web (2025)","isPartOf":{"@id":"https:\/\/elfsight.com\/it\/#website"},"datePublished":"2024-05-03T06:25:48+00:00","dateModified":"2024-11-12T08:23:54+00:00","description":"Puoi personalizzare il plug-in Age Verification nell'editor e integrarlo nel tuo sito Web WooCommerce direttamente dalla demo live.","breadcrumb":{"@id":"https:\/\/elfsight.com\/it\/age-verification-widget\/woocommerce\/#breadcrumb"},"inLanguage":"it-IT","potentialAction":[{"@type":"ReadAction","target":["https:\/\/elfsight.com\/it\/age-verification-widget\/woocommerce\/"]}]},{"@type":"BreadcrumbList","@id":"https:\/\/elfsight.com\/it\/age-verification-widget\/woocommerce\/#breadcrumb","itemListElement":[{"@type":"ListItem","position":1,"name":"Home","item":"https:\/\/elfsight.com\/it\/"},{"@type":"ListItem","position":2,"name":"Age Verification","item":"https:\/\/elfsight.com\/it\/age-verification-widget\/"},{"@type":"ListItem","position":3,"name":"Age Verification &#8211; WooCommerce"}]},{"@type":"WebSite","@id":"https:\/\/elfsight.com\/it\/#website","url":"https:\/\/elfsight.com\/it\/","name":"Elfsight IT","description":"Just another Elfsight Sites site","potentialAction":[{"@type":"SearchAction","target":{"@type":"EntryPoint","urlTemplate":"https:\/\/elfsight.com\/it\/?s={search_term_string}"},"query-input":{"@type":"PropertyValueSpecification","valueRequired":true,"valueName":"search_term_string"}}],"inLanguage":"it-IT"}]}},"meta_box":{"industry":"","seo_heading":"","heading":"","description":"","cta_heading":"","cta_description":"","application":"1174","h1":"Plug-in per la verifica dell'et\u00e0 di WooCommerce","h1_caption":"Assicurati che i contenuti sensibili all'et\u00e0 siano accessibili in modo responsabile con un'app di verifica dell'et\u00e0 semplice e personalizzabile nel tuo sito web WooCommerce senza sforzo.","application_category":[],"applications_title":"","applications_request_title":"","applications_request_button_text":"","hero_text":"","hero_video":"","hero_video_schema_markup":"","selling_points_title":"","selling_points_caption":"","selling_points":[],"selling_points_cta_text":"","features_title":"","features":"","ed_cta_examples_text":"","ed_cta_examples_hidden":"","ed_cta_demo_text":"","ed_cta_demo_hidden":"","why_caption":"","why_editor_title":"","why_editor_text":"","why_team_title":"","why_team_text":"","why_service_title":"","why_service_text":"","template_catalog_visible":"","template_catalog_title":"","template_catalog_text":"","template_catalog_categories_visible":"","demo_title":"Crea la tua app per la verifica dell'et\u00e0","demo_caption":"Configura la verifica dell'et\u00e0 e aggiungila gratuitamente al tuo sito WooCommerce!","default_faq_hidden":"","app_template_category":[],"platform":"80","template_public_id":"","codecanyon_url":"","codecanyon_item_id":"","codecanyon_price":"","pricing_caption":"","pricing_elfsight_apps_hide_column":"","pricing_elfsight_apps_url":"","pricing_codecanyon_price_caption":"","integration_category":[],"integration_request_title":"","integration_request_cta":"","integration_platform":"","integrations":[],"platform_category":[],"video_schema_markup":"","price":"da $ 0 al mese","trial":"","benefits":[{"text":"Aiuto per l'installazione gratuito"},{"text":"Assistenza clienti con esperienza"},{"text":"Garanzia di rimborso di 14 giorni"},{"text":"Miglioramenti futuri"}],"button_url":"#demo","button_target_blank":"","button_nofollow":"","attributes":[{"name":"Installazioni"},{"name":"Reattivo","content":"S\u00cc"},{"name":"Browser compatibili","content":"Firefox, Safari, Opera, Chrome, Edge"}],"tags":[],"tags_disable_links":"","hide_more_platforms":"","video_object":"","demo_hide_cta":"","demo_hide_cloud_options":"","pricing_title":"","pricing":[{"pricing_icon":"platform","pricing_title":"Elfsight Apps","pricing_title_caption":"Il meglio per i dispositivi mobili","pricing_price":"da $ 0 \/ mese","pricing_price_caption":"inizia con un piano gratuito","pricing_benefits":[{"text":"Siti web illimitati"},{"text":"Supporto aziendale gratuito"},{"text":"Assistenza gratuita per l'installazione"},{"text":"100% personalizzabile"}],"pricing_button_text":"Aggiungi al sito web","pricing_button_url":"#demo"}],"related_apps_title":"","related_apps_hidden":"","author":"","image":[],"title":"","job":"","social_networks":[]},"_links":{"self":[{"href":"https:\/\/elfsight.com\/it\/wp-json\/wp\/v2\/pages\/3291","targetHints":{"allow":["GET"]}}],"collection":[{"href":"https:\/\/elfsight.com\/it\/wp-json\/wp\/v2\/pages"}],"about":[{"href":"https:\/\/elfsight.com\/it\/wp-json\/wp\/v2\/types\/page"}],"author":[{"embeddable":true,"href":"https:\/\/elfsight.com\/it\/wp-json\/wp\/v2\/users\/9"}],"replies":[{"embeddable":true,"href":"https:\/\/elfsight.com\/it\/wp-json\/wp\/v2\/comments?post=3291"}],"version-history":[{"count":1,"href":"https:\/\/elfsight.com\/it\/wp-json\/wp\/v2\/pages\/3291\/revisions"}],"predecessor-version":[{"id":3295,"href":"https:\/\/elfsight.com\/it\/wp-json\/wp\/v2\/pages\/3291\/revisions\/3295"}],"up":[{"embeddable":true,"href":"https:\/\/elfsight.com\/it\/wp-json\/wp\/v2\/pages\/1175"}],"wp:attachment":[{"href":"https:\/\/elfsight.com\/it\/wp-json\/wp\/v2\/media?parent=3291"}],"curies":[{"name":"wp","href":"https:\/\/api.w.org\/{rel}","templated":true}]}}