{"id":3285,"date":"2024-05-03T06:25:46","date_gmt":"2024-05-03T06:25:46","guid":{"rendered":"https:\/\/elfsight.com\/it\/?page_id=3285"},"modified":"2025-03-21T10:21:32","modified_gmt":"2025-03-21T10:21:32","slug":"google-sites","status":"publish","type":"page","link":"https:\/\/elfsight.com\/it\/age-verification-widget\/google-sites\/","title":{"rendered":"Age Verification &#8211; Google Sites"},"content":{"rendered":"\n<div class=\"application-platform-content-item-description application-platform-content-item\" id=\"description\" data-nav-section=\"description\"> <h2>Incorpora la verifica dell&#8217;et\u00e0 su Google Sites con il widget Elfsight<\/h2> <p>La verifica dell&#8217;et\u00e0 Elfsight per Google Sites \u00e8 il metodo migliore per creare una notifica immediata che controlla l&#8217;et\u00e0 di un utente. Il widget rende disponibili i tuoi contenuti sensibili all&#8217;et\u00e0 per gli utenti maggiorenni e li protegge per la categoria dei minorenni. Sono disponibili opzioni per definire il limite di et\u00e0, definire il formato di verifica, inserire il popup su ciascuna o solo pi\u00f9 pagine e l&#8217;azione di negazione dell&#8217;accesso. L&#8217;interfaccia \u00e8 facilmente personalizzabile, presenta dettagli verniciabili e la possibilit\u00e0 di mostrare le tue immagini. <\/p> <p><b>Rendi il tuo sito web pi\u00f9 efficiente per i target aziendali con l&#8217;aiuto della verifica dell&#8217;et\u00e0<\/b><\/p> <\/div> <div class=\"application-platform-content-item-features application-platform-content-item\" id=\"features\" data-nav-section=\"features\"> <h2>Di seguito sono riportati gli elementi essenziali caratteristiche del widget: <\/h2> <ul><li>Scegli uno dei metodi di controllo: chiedendo la data di nascita completa, solo l&#8217;anno di nascita o una domanda che offre risposte S\u00ec e No; <\/li><li>Scegliere di ricordare i visitatori per un periodo di tempo qualsiasi; <\/li><li>2 scenari per utenti dissuasi: mostrare un messaggio o reindirizzare un utente a un&#8217;altra pagina o sito; <\/li><li>Carica qualsiasi immagine per la finestra di controllo; <\/li><li>Visualizza informazioni aggiuntive con collegamenti sotto il pulsante di verifica. <\/li><\/ul><p><a href=\"#demo\">Puoi provare tutte le funzionalit\u00e0 del widget nella demo qui sotto<\/a><\/p> <\/div> <div class=\"application-platform-content-item- installazione application-platform-content-item\" id=\" installazione\" data-nav-section=\" installazione\"> <h2>Come faccio ad aggiungere la verifica dell&#8217;et\u00e0 sui miei siti Google?<\/h2> <p>Segui semplicemente le linee guida riportate di seguito per attivare il plug-in. <\/p> <ol><li><b>Utilizza il nostro configuratore gratuito e inizia a dare forma al tuo plugin personalizzato. <\/b><br> Trova il layout personalizzato e le caratteristiche funzionali del widget e applica le modifiche. <\/li> <li><b>Ricevi il tuo codice personale che appare nell&#8217;apposito modulo su Elfsight Apps. <\/b><br> Subito dopo aver completato la personalizzazione del tuo widget, copia il codice esclusivo nella casella emersa e salvalo per ulteriori occasioni. <\/li> <li><b>Inizia l&#8217;utilizzo dello strumento sul sito web di Google Sites. <\/b><br> Inserisci il codice copiato di recente nella tua pagina web e applica le modifiche. <\/li> <li><b>L&#8217;installazione \u00e8 terminata con successo. <\/b><br> Vai alla tua pagina per osservare come funziona il widget. <\/li><\/ol> <div class=\"tip-yellow tip\"><b>A causa delle peculiarit\u00e0 del funzionamento di Google Sites, il widget potrebbe avere un aspetto diverso dalla demo online. Ci scusiamo per gli eventuali disagi causati.<\/b><\/div><p>Se hai domande o riscontri alcune difficolt\u00e0, contatta il nostro team di assistenza clienti. I nostri consulenti saranno felici di risolvere tutte le difficolt\u00e0 che potresti avere con il prodotto. <\/p> <div class=\"faq\" data-component=\"FAQ\"> <div class=\"faq-item\">\r\n\t\t\t\t\t<div class=\"faq-item-question\">\r\n\t\t\t\t\t\t<h3 class=\"faq-item-question-text\">Come aggiungere la verifica dell'et\u00e0 al mio sito web di Google Sites senza competenze di programmazione?<\/h3>\r\n\r\n\t\t\t\t\t\t<div class=\"faq-item-question-icon\"><\/div>\r\n\t\t\t\t\t<\/div>\r\n\r\n\t\t\t\t\t<div class=\"faq-item-answer\">\r\n\t\t\t\t\t\t<div class=\"faq-item-answer-text\"> <p>Elfsight fornisce una soluzione SaaS che ti consente di creare tu stesso un widget di verifica dell&#8217;et\u00e0, scopri quanto \u00e8 facile Il processo \u00e8: lavora direttamente nell&#8217;editor online per creare un widget di verifica dell&#8217;et\u00e0 che vorresti vedere sul tuo sito web di Google Sites. Scegli uno dei modelli predefiniti e regola le impostazioni di verifica dell&#8217;et\u00e0, aggiungi i tuoi contenuti, modifica il layout e i colori senza competenze di codifica. Salva la verifica dell&#8217;et\u00e0 e copia il suo codice di installazione, che puoi facilmente incorporare nel tuo sito web di Google Sites senza acquistare una versione a pagamento. Con il nostro editor intuitivo qualsiasi utente di Internet pu\u00f2 creare un widget di verifica dell&#8217;et\u00e0 online e incorporarlo facilmente nel proprio sito Web di Google Sites. Non \u00e8 necessario pagare n\u00e9 inserire le credenziali della carta per accedere al servizio. In caso di problemi in qualsiasi momento, non esitate a contattare il nostro team di supporto tecnico.<\/p> <\/div>\r\n\t\t\t\t\t<\/div>\r\n\t\t\t\t<\/div> <\/div> <\/div>\n","protected":false},"excerpt":{"rendered":"","protected":false},"author":9,"featured_media":0,"parent":1175,"menu_order":0,"comment_status":"closed","ping_status":"closed","template":"templates\/template-application-platform.php","meta":{"publish_to_discourse":"","publish_post_category":"","wpdc_auto_publish_overridden":"","wpdc_topic_tags":"","wpdc_pin_topic":"","wpdc_pin_until":"","discourse_post_id":"","discourse_permalink":"","wpdc_publishing_response":"","wpdc_publishing_error":"","footnotes":""},"class_list":["post-3285","page","type-page","status-publish","hentry"],"yoast_head":"<!-- This site is optimized with the Yoast SEO plugin v25.3.1 - https:\/\/yoast.com\/wordpress\/plugins\/seo\/ -->\n<title>Verifica dell&#039;et\u00e0: aggiungi il widget di verifica dell&#039;et\u00e0 a Google Sites (2025)<\/title>\n<meta name=\"description\" content=\"Aggiungi un plug-in reattivo per la verifica dell&#039;et\u00e0 sul tuo sito web di Google Sites e ottieni piena fiducia. Utilizza la demo facile da usare di Elfsight per costruire il tuo widget unico.\" \/>\n<meta name=\"robots\" content=\"index, follow, max-snippet:-1, max-image-preview:large, max-video-preview:-1\" \/>\n<link rel=\"canonical\" href=\"https:\/\/elfsight.com\/it\/age-verification-widget\/google-sites\/\" \/>\n<meta property=\"og:locale\" content=\"it_IT\" \/>\n<meta property=\"og:type\" content=\"article\" \/>\n<meta property=\"og:title\" content=\"Verifica dell&#039;et\u00e0: aggiungi il widget di verifica dell&#039;et\u00e0 a Google Sites (2025)\" \/>\n<meta property=\"og:description\" content=\"Aggiungi un plug-in reattivo per la verifica dell&#039;et\u00e0 sul tuo sito web di Google Sites e ottieni piena fiducia. Utilizza la demo facile da usare di Elfsight per costruire il tuo widget unico.\" \/>\n<meta property=\"og:url\" content=\"https:\/\/elfsight.com\/it\/age-verification-widget\/google-sites\/\" \/>\n<meta property=\"og:site_name\" content=\"Elfsight IT\" \/>\n<meta property=\"article:modified_time\" content=\"2025-03-21T10:21:32+00:00\" \/>\n<meta name=\"twitter:card\" content=\"summary_large_image\" \/>\n<meta name=\"twitter:label1\" content=\"Tempo di lettura stimato\" \/>\n\t<meta name=\"twitter:data1\" content=\"4 minuti\" \/>\n<!-- \/ Yoast SEO plugin. -->","yoast_head_json":{"title":"Verifica dell'et\u00e0: aggiungi il widget di verifica dell'et\u00e0 a Google Sites (2025)","description":"Aggiungi un plug-in reattivo per la verifica dell'et\u00e0 sul tuo sito web di Google Sites e ottieni piena fiducia. Utilizza la demo facile da usare di Elfsight per costruire il tuo widget unico.","robots":{"index":"index","follow":"follow","max-snippet":"max-snippet:-1","max-image-preview":"max-image-preview:large","max-video-preview":"max-video-preview:-1"},"canonical":"https:\/\/elfsight.com\/it\/age-verification-widget\/google-sites\/","og_locale":"it_IT","og_type":"article","og_title":"Verifica dell'et\u00e0: aggiungi il widget di verifica dell'et\u00e0 a Google Sites (2025)","og_description":"Aggiungi un plug-in reattivo per la verifica dell'et\u00e0 sul tuo sito web di Google Sites e ottieni piena fiducia. Utilizza la demo facile da usare di Elfsight per costruire il tuo widget unico.","og_url":"https:\/\/elfsight.com\/it\/age-verification-widget\/google-sites\/","og_site_name":"Elfsight IT","article_modified_time":"2025-03-21T10:21:32+00:00","twitter_card":"summary_large_image","twitter_misc":{"Tempo di lettura stimato":"4 minuti"},"schema":{"@context":"https:\/\/schema.org","@graph":[{"@type":"WebPage","@id":"https:\/\/elfsight.com\/it\/age-verification-widget\/google-sites\/","url":"https:\/\/elfsight.com\/it\/age-verification-widget\/google-sites\/","name":"Verifica dell'et\u00e0: aggiungi il widget di verifica dell'et\u00e0 a Google Sites (2025)","isPartOf":{"@id":"https:\/\/elfsight.com\/it\/#website"},"datePublished":"2024-05-03T06:25:46+00:00","dateModified":"2025-03-21T10:21:32+00:00","description":"Aggiungi un plug-in reattivo per la verifica dell'et\u00e0 sul tuo sito web di Google Sites e ottieni piena fiducia. Utilizza la demo facile da usare di Elfsight per costruire il tuo widget unico.","breadcrumb":{"@id":"https:\/\/elfsight.com\/it\/age-verification-widget\/google-sites\/#breadcrumb"},"inLanguage":"it-IT","potentialAction":[{"@type":"ReadAction","target":["https:\/\/elfsight.com\/it\/age-verification-widget\/google-sites\/"]}]},{"@type":"BreadcrumbList","@id":"https:\/\/elfsight.com\/it\/age-verification-widget\/google-sites\/#breadcrumb","itemListElement":[{"@type":"ListItem","position":1,"name":"Home","item":"https:\/\/elfsight.com\/it\/"},{"@type":"ListItem","position":2,"name":"Age Verification","item":"https:\/\/elfsight.com\/it\/age-verification-widget\/"},{"@type":"ListItem","position":3,"name":"Age Verification &#8211; Google Sites"}]},{"@type":"WebSite","@id":"https:\/\/elfsight.com\/it\/#website","url":"https:\/\/elfsight.com\/it\/","name":"Elfsight IT","description":"Just another Elfsight Sites site","potentialAction":[{"@type":"SearchAction","target":{"@type":"EntryPoint","urlTemplate":"https:\/\/elfsight.com\/it\/?s={search_term_string}"},"query-input":{"@type":"PropertyValueSpecification","valueRequired":true,"valueName":"search_term_string"}}],"inLanguage":"it-IT"}]}},"meta_box":{"industry":"","seo_heading":"","heading":"","description":"","cta_heading":"","cta_description":"","application":"1174","h1":"Widget di verifica dell'et\u00e0 di Google Sites","h1_caption":"Assicurati che i contenuti sensibili all'et\u00e0 siano accessibili in modo responsabile con un widget di verifica dell'et\u00e0 semplice e personalizzabile nel tuo Google Sites senza sforzo.","application_category":[],"applications_title":"","applications_request_title":"","applications_request_button_text":"","hero_text":"","hero_video":"","hero_video_schema_markup":"","selling_points_title":"","selling_points_caption":"","selling_points":[],"selling_points_cta_text":"","features_title":"","features":"","ed_cta_examples_text":"","ed_cta_examples_hidden":"","ed_cta_demo_text":"","ed_cta_demo_hidden":"","why_caption":"","why_editor_title":"","why_editor_text":"","why_team_title":"","why_team_text":"","why_service_title":"","why_service_text":"","template_catalog_visible":"0","template_catalog_title":"","template_catalog_text":"","template_catalog_categories_visible":"","demo_title":"Crea il tuo widget di verifica dell'et\u00e0","demo_caption":"Configura la verifica dell'et\u00e0 e aggiungila gratuitamente al tuo sito web di Google Sites!","default_faq_hidden":"","app_template_category":[],"platform":"105","template_public_id":"","codecanyon_url":"","codecanyon_item_id":"","codecanyon_price":"","pricing_caption":"","pricing_elfsight_apps_hide_column":"","pricing_elfsight_apps_url":"","pricing_codecanyon_price_caption":"","integration_category":[],"integration_request_title":"","integration_request_cta":"","integration_platform":"","integrations":[],"platform_category":[],"video_schema_markup":"","price":"da $ 0 al mese","trial":"","benefits":[{"text":"Assistenza gratuita per l'installazione"},{"text":"Assistenza clienti con esperienza"},{"text":"Garanzia di rimborso di 14 giorni"},{"text":"Aggiornamento costante"}],"button_url":"#demo","button_target_blank":"0","button_nofollow":"0","attributes":[{"name":"Installazioni"},{"name":"Reattivo","content":"S\u00cc"},{"name":"Browser compatibili","content":"Firefox, Safari, Opera, Chrome, Edge"}],"tags":[],"tags_disable_links":"0","hide_more_platforms":"0","video_object":"","demo_hide_cta":"0","demo_hide_cloud_options":"0","pricing_title":"","pricing":[{"pricing_icon":"platform","pricing_title":"Elfsight Apps","pricing_title_caption":"Soluzione digitale multipiattaforma che funziona su qualsiasi sito web","pricing_price":"da $ 0 \/ mese","pricing_price_caption":"inizia con il piano gratuito","pricing_benefits":[{"text":"Domini illimitati"},{"text":"Assistenza gratuita e puntuale"},{"text":"Servizio di installazione gratuito"},{"text":"Offerta speciale per pi\u00f9 app"}],"pricing_button_text":"Aggiungi al sito web","pricing_button_url":"#demo"}],"related_apps_title":"","related_apps_hidden":"0","author":"","image":[],"title":"","job":"","social_networks":[]},"_links":{"self":[{"href":"https:\/\/elfsight.com\/it\/wp-json\/wp\/v2\/pages\/3285","targetHints":{"allow":["GET"]}}],"collection":[{"href":"https:\/\/elfsight.com\/it\/wp-json\/wp\/v2\/pages"}],"about":[{"href":"https:\/\/elfsight.com\/it\/wp-json\/wp\/v2\/types\/page"}],"author":[{"embeddable":true,"href":"https:\/\/elfsight.com\/it\/wp-json\/wp\/v2\/users\/9"}],"replies":[{"embeddable":true,"href":"https:\/\/elfsight.com\/it\/wp-json\/wp\/v2\/comments?post=3285"}],"version-history":[{"count":2,"href":"https:\/\/elfsight.com\/it\/wp-json\/wp\/v2\/pages\/3285\/revisions"}],"predecessor-version":[{"id":9584,"href":"https:\/\/elfsight.com\/it\/wp-json\/wp\/v2\/pages\/3285\/revisions\/9584"}],"up":[{"embeddable":true,"href":"https:\/\/elfsight.com\/it\/wp-json\/wp\/v2\/pages\/1175"}],"wp:attachment":[{"href":"https:\/\/elfsight.com\/it\/wp-json\/wp\/v2\/media?parent=3285"}],"curies":[{"name":"wp","href":"https:\/\/api.w.org\/{rel}","templated":true}]}}