{"id":3284,"date":"2024-05-03T06:25:45","date_gmt":"2024-05-03T06:25:45","guid":{"rendered":"https:\/\/elfsight.com\/it\/?page_id=3284"},"modified":"2025-03-21T10:22:35","modified_gmt":"2025-03-21T10:22:35","slug":"godaddy","status":"publish","type":"page","link":"https:\/\/elfsight.com\/it\/age-verification-widget\/godaddy\/","title":{"rendered":"Age Verification &#8211; GoDaddy"},"content":{"rendered":"\n<div class=\"application-platform-content-item-description application-platform-content-item\" id=\"description\" data-nav-section=\"description\"> <h2>Incorpora la verifica dell&#8217;et\u00e0 su GoDaddy con il widget Elfsight<\/h2> <p>Il plugin Elfsight Age Verification \u00e8 il metodo pi\u00f9 semplice per configurare una finestra immediata che richiede l&#8217;et\u00e0 di un visitatore del sito web. Il plug-in contribuir\u00e0 a rendere accessibile il materiale sensibile all&#8217;et\u00e0 agli utenti maggiorenni e a nasconderlo agli spettatori minorenni. Puoi stabilire il limite di et\u00e0, definire il formato di verifica, introdurre il popup su tutte o solo pagine particolari e selezionare lo scenario. L&#8217;aspetto \u00e8 facilmente personalizzabile con elementi verniciabili e la funzionalit\u00e0 per aggiungere immagini personalizzate. <\/p> <p><b>Clienti pi\u00f9 validi e pubblico mirato sul tuo sito web!<\/b><\/p> <\/div> <div class=\"application-platform-content-item-features application-platform-content-item\" id=\"features\" data-nav-section=\"features\"> <h2>Ecco le caratteristiche essenziali del plugin: <\/h2> <ul><li>Scegli uno dei tre metodi di verifica: chiedere la data di nascita completa, solo l&#8217;anno di nascita o una domanda con le opzioni S\u00ec e No; <\/li><li>L&#8217;opzione di ricordare i visitatori per qualsiasi periodo di tempo; <\/li><li>Due possibili scenari per gli utenti dissuasi: mostrare un testo o reindirizzare un utente a un&#8217;altra pagina o sito; <\/li><li>Carica qualsiasi immagine da mostrare nel popup di controllo; <\/li><li>Fornisci informazioni aggiuntive tramite i collegamenti sotto il pulsante di verifica. <\/li><\/ul><p><a href=\"#demo\">Basta controllare questa demo per avere un&#8217;idea completa<\/a><\/p> <\/div> <div class=\"application-platform-content-item-installation application-platform-content-item\" id=\"installation\" data-nav-section=\"installation\"> <h2>Come faccio a incorporare la verifica dell&#8217;et\u00e0 sul mio sito GoDaddy? <\/h2> <p>Segui semplicemente le istruzioni seguenti per incorporare il plugin. <\/p> <ol><li><b>Esegui la nostra demo gratuita e inizia a creare il tuo plugin. <\/b><br> Trova il design e i parametri adatti dello strumento e salva le modifiche. <\/li> <li><b>Ricevi il codice individuale che \u00e8 mostrato nell&#8217;apposito modulo su Elfsight Apps. <\/b><br> Una volta terminata la generazione del plug-in, copia il codice esclusivo nella casella visualizzata e salvalo per occasioni future. <\/li> <li><b>Avvia l&#8217;applicazione del plugin sulla pagina web di GoDaddy. <\/b><br> Inserisci il codice che hai salvato in precedenza nella tua pagina web e applica le modifiche. <\/li> <li><b>Fatto! L&#8217;incorporamento \u00e8 completamente completato. <\/b><br> Visita la tua pagina web per vedere in azione il funzionamento del plugin. <\/li><\/ol> <div class=\"tip-yellow tip\"><b>A causa delle peculiarit\u00e0 della visualizzazione degli inserti personalizzati con codice, i modelli mobili potrebbero avere un aspetto diverso dalla demo online. Per favore, prenditi il \u200b\u200btuo tempo per testare i tuoi widget.<\/b><\/div><p>Se dovessi gestire richieste o incontrare alcuni ostacoli, non esitare a contattare il nostro personale di supporto. I nostri specialisti non vedono l&#8217;ora di aiutarti con tutte le domande che potresti avere sul prodotto. <\/p> <div class=\"faq\" data-component=\"FAQ\"> <div class=\"faq-item\">\r\n\t\t\t\t\t<div class=\"faq-item-question\">\r\n\t\t\t\t\t\t<h3 class=\"faq-item-question-text\">Come aggiungere la verifica dell'et\u00e0 al mio sito Web GoDaddy senza competenze di programmazione?<\/h3>\r\n\r\n\t\t\t\t\t\t<div class=\"faq-item-question-icon\"><\/div>\r\n\t\t\t\t\t<\/div>\r\n\r\n\t\t\t\t\t<div class=\"faq-item-answer\">\r\n\t\t\t\t\t\t<div class=\"faq-item-answer-text\"> <p>Elfsight fornisce una soluzione SaaS che ti consente di creare tu stesso un widget di verifica dell&#8217;et\u00e0, scopri quanto \u00e8 facile il processo \u00e8: lavora direttamente nell&#8217;editor online per creare un widget di verifica dell&#8217;et\u00e0 che vorresti vedere sul tuo sito web GoDaddy. Scegli uno dei modelli predefiniti e regola le impostazioni di verifica dell&#8217;et\u00e0, aggiungi i tuoi contenuti, modifica il layout e i colori senza alcuna competenza di codifica. Salva la verifica dell&#8217;et\u00e0 e copia il codice di installazione, che potrai incollare facilmente nel tuo sito Web GoDaddy senza acquistare un abbonamento a pagamento. Con il nostro editor intuitivo qualsiasi utente di Internet pu\u00f2 creare un widget di verifica dell&#8217;et\u00e0 online e incorporarlo facilmente nel proprio sito Web GoDaddy. Non \u00e8 necessario pagare n\u00e9 inserire le credenziali della carta per accedere al servizio. In caso di problemi in qualsiasi momento, non esitate a contattare il nostro team di supporto tecnico.<\/p> <\/div>\r\n\t\t\t\t\t<\/div>\r\n\t\t\t\t<\/div> <\/div> <\/div>\n","protected":false},"excerpt":{"rendered":"","protected":false},"author":9,"featured_media":0,"parent":1175,"menu_order":0,"comment_status":"closed","ping_status":"closed","template":"templates\/template-application-platform.php","meta":{"publish_to_discourse":"","publish_post_category":"","wpdc_auto_publish_overridden":"","wpdc_topic_tags":"","wpdc_pin_topic":"","wpdc_pin_until":"","discourse_post_id":"","discourse_permalink":"","wpdc_publishing_response":"","wpdc_publishing_error":"","footnotes":""},"class_list":["post-3284","page","type-page","status-publish","hentry"],"yoast_head":"<!-- This site is optimized with the Yoast SEO plugin v25.3.1 - https:\/\/yoast.com\/wordpress\/plugins\/seo\/ -->\n<title>Verifica dell&#039;et\u00e0: aggiungi il plug-in di verifica al sito Web di GoDaddy!<\/title>\n<meta name=\"description\" content=\"Utilizza un modo pratico per verificare l&#039;et\u00e0 dei tuoi utenti con il plug-in di verifica dell&#039;et\u00e0 per GoDaddy incorporato nel tuo sito web!\" \/>\n<meta name=\"robots\" content=\"index, follow, max-snippet:-1, max-image-preview:large, max-video-preview:-1\" \/>\n<link rel=\"canonical\" href=\"https:\/\/elfsight.com\/it\/age-verification-widget\/godaddy\/\" \/>\n<meta property=\"og:locale\" content=\"it_IT\" \/>\n<meta property=\"og:type\" content=\"article\" \/>\n<meta property=\"og:title\" content=\"Verifica dell&#039;et\u00e0: aggiungi il plug-in di verifica al sito Web di GoDaddy!\" \/>\n<meta property=\"og:description\" content=\"Utilizza un modo pratico per verificare l&#039;et\u00e0 dei tuoi utenti con il plug-in di verifica dell&#039;et\u00e0 per GoDaddy incorporato nel tuo sito web!\" \/>\n<meta property=\"og:url\" content=\"https:\/\/elfsight.com\/it\/age-verification-widget\/godaddy\/\" \/>\n<meta property=\"og:site_name\" content=\"Elfsight IT\" \/>\n<meta property=\"article:modified_time\" content=\"2025-03-21T10:22:35+00:00\" \/>\n<meta name=\"twitter:card\" content=\"summary_large_image\" \/>\n<meta name=\"twitter:label1\" content=\"Tempo di lettura stimato\" \/>\n\t<meta name=\"twitter:data1\" content=\"3 minuti\" \/>\n<!-- \/ Yoast SEO plugin. -->","yoast_head_json":{"title":"Verifica dell'et\u00e0: aggiungi il plug-in di verifica al sito Web di GoDaddy!","description":"Utilizza un modo pratico per verificare l'et\u00e0 dei tuoi utenti con il plug-in di verifica dell'et\u00e0 per GoDaddy incorporato nel tuo sito web!","robots":{"index":"index","follow":"follow","max-snippet":"max-snippet:-1","max-image-preview":"max-image-preview:large","max-video-preview":"max-video-preview:-1"},"canonical":"https:\/\/elfsight.com\/it\/age-verification-widget\/godaddy\/","og_locale":"it_IT","og_type":"article","og_title":"Verifica dell'et\u00e0: aggiungi il plug-in di verifica al sito Web di GoDaddy!","og_description":"Utilizza un modo pratico per verificare l'et\u00e0 dei tuoi utenti con il plug-in di verifica dell'et\u00e0 per GoDaddy incorporato nel tuo sito web!","og_url":"https:\/\/elfsight.com\/it\/age-verification-widget\/godaddy\/","og_site_name":"Elfsight IT","article_modified_time":"2025-03-21T10:22:35+00:00","twitter_card":"summary_large_image","twitter_misc":{"Tempo di lettura stimato":"3 minuti"},"schema":{"@context":"https:\/\/schema.org","@graph":[{"@type":"WebPage","@id":"https:\/\/elfsight.com\/it\/age-verification-widget\/godaddy\/","url":"https:\/\/elfsight.com\/it\/age-verification-widget\/godaddy\/","name":"Verifica dell'et\u00e0: aggiungi il plug-in di verifica al sito Web di GoDaddy!","isPartOf":{"@id":"https:\/\/elfsight.com\/it\/#website"},"datePublished":"2024-05-03T06:25:45+00:00","dateModified":"2025-03-21T10:22:35+00:00","description":"Utilizza un modo pratico per verificare l'et\u00e0 dei tuoi utenti con il plug-in di verifica dell'et\u00e0 per GoDaddy incorporato nel tuo sito web!","breadcrumb":{"@id":"https:\/\/elfsight.com\/it\/age-verification-widget\/godaddy\/#breadcrumb"},"inLanguage":"it-IT","potentialAction":[{"@type":"ReadAction","target":["https:\/\/elfsight.com\/it\/age-verification-widget\/godaddy\/"]}]},{"@type":"BreadcrumbList","@id":"https:\/\/elfsight.com\/it\/age-verification-widget\/godaddy\/#breadcrumb","itemListElement":[{"@type":"ListItem","position":1,"name":"Home","item":"https:\/\/elfsight.com\/it\/"},{"@type":"ListItem","position":2,"name":"Age Verification","item":"https:\/\/elfsight.com\/it\/age-verification-widget\/"},{"@type":"ListItem","position":3,"name":"Age Verification &#8211; GoDaddy"}]},{"@type":"WebSite","@id":"https:\/\/elfsight.com\/it\/#website","url":"https:\/\/elfsight.com\/it\/","name":"Elfsight IT","description":"Just another Elfsight Sites site","potentialAction":[{"@type":"SearchAction","target":{"@type":"EntryPoint","urlTemplate":"https:\/\/elfsight.com\/it\/?s={search_term_string}"},"query-input":{"@type":"PropertyValueSpecification","valueRequired":true,"valueName":"search_term_string"}}],"inLanguage":"it-IT"}]}},"meta_box":{"industry":"","seo_heading":"","heading":"","description":"","cta_heading":"","cta_description":"","application":"1174","h1":"Plug-in per la verifica dell'et\u00e0 di GoDaddy","h1_caption":"Assicurati che i contenuti sensibili all'et\u00e0 siano accessibili in modo responsabile con un widget di verifica dell'et\u00e0 semplice e personalizzabile nel tuo sito web GoDaddy senza sforzo.","application_category":[],"applications_title":"","applications_request_title":"","applications_request_button_text":"","hero_text":"","hero_video":"","hero_video_schema_markup":"","selling_points_title":"","selling_points_caption":"","selling_points":[],"selling_points_cta_text":"","features_title":"","features":"","ed_cta_examples_text":"","ed_cta_examples_hidden":"","ed_cta_demo_text":"","ed_cta_demo_hidden":"","why_caption":"","why_editor_title":"","why_editor_text":"","why_team_title":"","why_team_text":"","why_service_title":"","why_service_text":"","template_catalog_visible":"0","template_catalog_title":"","template_catalog_text":"","template_catalog_categories_visible":"","demo_title":"Crea il tuo plugin per la verifica dell'et\u00e0","demo_caption":"Configura la verifica dell'et\u00e0 e aggiungila gratuitamente al tuo sito web GoDaddy!","default_faq_hidden":"","app_template_category":[],"platform":"53","template_public_id":"","codecanyon_url":"","codecanyon_item_id":"","codecanyon_price":"","pricing_caption":"","pricing_elfsight_apps_hide_column":"","pricing_elfsight_apps_url":"","pricing_codecanyon_price_caption":"","integration_category":[],"integration_request_title":"","integration_request_cta":"","integration_platform":"","integrations":[],"platform_category":[],"video_schema_markup":"","price":"da $ 0 al mese","trial":"","benefits":[{"text":"Aiuto per l'installazione gratuito"},{"text":"Servizio clienti competente"},{"text":"Garanzia di rimborso di 14 giorni"},{"text":"Sviluppo continuo"}],"button_url":"#demo","button_target_blank":"0","button_nofollow":"0","attributes":[{"name":"Installazioni"},{"name":"Reattivo","content":"S\u00cc"},{"name":"Browser compatibili","content":"Firefox, Safari, Opera, Chrome, Edge"}],"tags":[],"tags_disable_links":"0","hide_more_platforms":"0","video_object":"","demo_hide_cta":"0","demo_hide_cloud_options":"0","pricing_title":"","pricing":[{"pricing_icon":"platform","pricing_title":"Elfsight Apps","pricing_title_caption":"Versione multipiattaforma che funziona su qualsiasi sito","pricing_price":"da $ 0 \/ mese","pricing_price_caption":"inizia con il piano gratuito","pricing_benefits":[{"text":"Domini illimitati"},{"text":"Supporto professionale e puntuale"},{"text":"Aiuto per l'installazione gratuito"},{"text":"100% personalizzabile"}],"pricing_button_text":"Aggiungi al sito web","pricing_button_url":"#demo"}],"related_apps_title":"","related_apps_hidden":"0","author":"","image":[],"title":"","job":"","social_networks":[]},"_links":{"self":[{"href":"https:\/\/elfsight.com\/it\/wp-json\/wp\/v2\/pages\/3284","targetHints":{"allow":["GET"]}}],"collection":[{"href":"https:\/\/elfsight.com\/it\/wp-json\/wp\/v2\/pages"}],"about":[{"href":"https:\/\/elfsight.com\/it\/wp-json\/wp\/v2\/types\/page"}],"author":[{"embeddable":true,"href":"https:\/\/elfsight.com\/it\/wp-json\/wp\/v2\/users\/9"}],"replies":[{"embeddable":true,"href":"https:\/\/elfsight.com\/it\/wp-json\/wp\/v2\/comments?post=3284"}],"version-history":[{"count":2,"href":"https:\/\/elfsight.com\/it\/wp-json\/wp\/v2\/pages\/3284\/revisions"}],"predecessor-version":[{"id":9585,"href":"https:\/\/elfsight.com\/it\/wp-json\/wp\/v2\/pages\/3284\/revisions\/9585"}],"up":[{"embeddable":true,"href":"https:\/\/elfsight.com\/it\/wp-json\/wp\/v2\/pages\/1175"}],"wp:attachment":[{"href":"https:\/\/elfsight.com\/it\/wp-json\/wp\/v2\/media?parent=3284"}],"curies":[{"name":"wp","href":"https:\/\/api.w.org\/{rel}","templated":true}]}}