{"id":3174,"date":"2024-03-01T09:27:15","date_gmt":"2024-03-01T09:27:15","guid":{"rendered":"https:\/\/elfsight.com\/it\/?page_id=3174"},"modified":"2024-12-13T13:46:49","modified_gmt":"2024-12-13T13:46:49","slug":"pricing","status":"publish","type":"page","link":"https:\/\/elfsight.com\/it\/store-locator-widget\/pricing\/","title":{"rendered":"Store Locator &#8211; Pricing"},"content":{"rendered":"<div class=\"faq\" data-component=\"FAQ\"><div class=\"faq-item\">\r\n\t\t\t\t\t<div class=\"faq-item-question\">\r\n\t\t\t\t\t\t<h3 class=\"faq-item-question-text\">Posso utilizzare i widget che avete a costo zero? <\/h3>\r\n\r\n\t\t\t\t\t\t<div class=\"faq-item-question-icon\"><\/div>\r\n\t\t\t\t\t<\/div>\r\n\r\n\t\t\t\t\t<div class=\"faq-item-answer\">\r\n\t\t\t\t\t\t<div class=\"faq-item-answer-text\">Certo! Tutto ci\u00f2 che serve per godere di tutti i progressi dei nostri strumenti \u00e8 selezionare il piano Gratuito. <\/div>\r\n\t\t\t\t\t<\/div>\r\n\t\t\t\t<\/div><div class=\"faq-item\">\r\n\t\t\t\t\t<div class=\"faq-item-question\">\r\n\t\t\t\t\t\t<h3 class=\"faq-item-question-text\">Esiste un periodo di prova gratuito? <\/h3>\r\n\r\n\t\t\t\t\t\t<div class=\"faq-item-question-icon\"><\/div>\r\n\t\t\t\t\t<\/div>\r\n\r\n\t\t\t\t\t<div class=\"faq-item-answer\">\r\n\t\t\t\t\t\t<div class=\"faq-item-answer-text\">No, non abbiamo alcuna prova gratuita. Puoi invece scegliere un piano gratuito e sfruttare tutte le possibilit\u00e0 che i nostri strumenti possono offrirti. Il piano gratuito non prevede limitazioni sulle funzionalit\u00e0, quindi avrai un&#8217;idea di tutte le potenzialit\u00e0 con pochi clic. <\/div>\r\n\t\t\t\t\t<\/div>\r\n\t\t\t\t<\/div><div class=\"faq-item\">\r\n\t\t\t\t\t<div class=\"faq-item-question\">\r\n\t\t\t\t\t\t<h3 class=\"faq-item-question-text\">Hai degli sconti? <\/h3>\r\n\r\n\t\t\t\t\t\t<div class=\"faq-item-question-icon\"><\/div>\r\n\t\t\t\t\t<\/div>\r\n\r\n\t\t\t\t\t<div class=\"faq-item-answer\">\r\n\t\t\t\t\t\t<div class=\"faq-item-answer-text\">Certo, puoi ottenere uno sconto di benvenuto del 20% per il primo abbonamento pagato. Inoltre, abbiamo uno sconto del 30% per un secondo abbonamento per app singola. <\/div>\r\n\t\t\t\t\t<\/div>\r\n\t\t\t\t<\/div><div class=\"faq-item\">\r\n\t\t\t\t\t<div class=\"faq-item-question\">\r\n\t\t\t\t\t\t<h3 class=\"faq-item-question-text\">Posso modificare il mio piano in futuro? <\/h3>\r\n\r\n\t\t\t\t\t\t<div class=\"faq-item-question-icon\"><\/div>\r\n\t\t\t\t\t<\/div>\r\n\r\n\t\t\t\t\t<div class=\"faq-item-answer\">\r\n\t\t\t\t\t\t<div class=\"faq-item-answer-text\">Certo! Puoi migliorare o declassare il tuo piano a qualsiasi ora. Il denaro pagato per l&#8217;abbonamento precedente verr\u00e0 convertito nel nuovo piano. <\/div>\r\n\t\t\t\t\t<\/div>\r\n\t\t\t\t<\/div><div class=\"faq-item\">\r\n\t\t\t\t\t<div class=\"faq-item-question\">\r\n\t\t\t\t\t\t<h3 class=\"faq-item-question-text\">Cos'\u00e8 una restrizione di visualizzazione? <\/h3>\r\n\r\n\t\t\t\t\t\t<div class=\"faq-item-question-icon\"><\/div>\r\n\t\t\t\t\t<\/div>\r\n\r\n\t\t\t\t\t<div class=\"faq-item-answer\">\r\n\t\t\t\t\t\t<div class=\"faq-item-answer-text\">Il numero di visualizzazioni indica la quantit\u00e0 di caricamenti del plugin sulla pagina del tuo sito. Le visualizzazioni pubblicano quante volte il widget \u00e8 stato caricato sulla tua pagina, ovvero non \u00e8 la quantit\u00e0 di visitatori unici. Tieni presente che ogni piano prevede la propria limitazione di visualizzazione. <\/div>\r\n\t\t\t\t\t<\/div>\r\n\t\t\t\t<\/div><div class=\"faq-item\">\r\n\t\t\t\t\t<div class=\"faq-item-question\">\r\n\t\t\t\t\t\t<h3 class=\"faq-item-question-text\">Su quanti siti web posso inserire il mio widget? <\/h3>\r\n\r\n\t\t\t\t\t\t<div class=\"faq-item-question-icon\"><\/div>\r\n\t\t\t\t\t<\/div>\r\n\r\n\t\t\t\t\t<div class=\"faq-item-answer\">\r\n\t\t\t\t\t\t<div class=\"faq-item-answer-text\">Il piano Free Lite ti aiuta a integrare il plugin su un solo sito e a modellare un solo strumento. Tutti i piani a pagamento non prevedono tale restrizione, ovvero lo strumento pu\u00f2 essere integrato su qualsiasi numero di siti web. <\/div>\r\n\t\t\t\t\t<\/div>\r\n\t\t\t\t<\/div><div class=\"faq-item\">\r\n\t\t\t\t\t<div class=\"faq-item-question\">\r\n\t\t\t\t\t\t<h3 class=\"faq-item-question-text\">Offrite assistenza gratuita per l'installazione? <\/h3>\r\n\r\n\t\t\t\t\t\t<div class=\"faq-item-question-icon\"><\/div>\r\n\t\t\t\t\t<\/div>\r\n\r\n\t\t\t\t\t<div class=\"faq-item-answer\">\r\n\t\t\t\t\t\t<div class=\"faq-item-answer-text\">Non c&#8217;\u00e8 dubbio, garantiamo assistenza gratuita per l&#8217;installazione a tutti i nostri utenti. Ti preghiamo di metterti in contatto con il nostro team di assistenza clienti nel caso ne avessi bisogno. <\/div>\r\n\t\t\t\t\t<\/div>\r\n\t\t\t\t<\/div><\/div><p><\/p>","protected":false},"excerpt":{"rendered":"","protected":false},"author":9,"featured_media":0,"parent":3114,"menu_order":0,"comment_status":"closed","ping_status":"closed","template":"templates\/template-application-pricing.php","meta":{"publish_to_discourse":"","publish_post_category":"","wpdc_auto_publish_overridden":"","wpdc_topic_tags":"","wpdc_pin_topic":"","wpdc_pin_until":"","discourse_post_id":"","discourse_permalink":"","wpdc_publishing_response":"","wpdc_publishing_error":"","footnotes":""},"class_list":["post-3174","page","type-page","status-publish","hentry"],"yoast_head":"<!-- This site is optimized with the Yoast SEO plugin v25.3.1 - https:\/\/yoast.com\/wordpress\/plugins\/seo\/ -->\n<title>Widget Elfsight Store Locator - Prezzi (piani gratuiti e Premium)<\/title>\n<meta name=\"description\" content=\"Il widget Localizzatore di negozi personalizzato ti consente di mostrare le sedi della tua attivit\u00e0 sul tuo sito web. Crea widget facili da gestire gratuitamente o al prezzo pi\u00f9 basso!\" \/>\n<meta name=\"robots\" content=\"index, follow, max-snippet:-1, max-image-preview:large, max-video-preview:-1\" \/>\n<link rel=\"canonical\" href=\"https:\/\/elfsight.com\/it\/store-locator-widget\/pricing\/\" \/>\n<meta property=\"og:locale\" content=\"it_IT\" \/>\n<meta property=\"og:type\" content=\"article\" \/>\n<meta property=\"og:title\" content=\"Widget Elfsight Store Locator - Prezzi (piani gratuiti e Premium)\" \/>\n<meta property=\"og:description\" content=\"Il widget Localizzatore di negozi personalizzato ti consente di mostrare le sedi della tua attivit\u00e0 sul tuo sito web. Crea widget facili da gestire gratuitamente o al prezzo pi\u00f9 basso!\" \/>\n<meta property=\"og:url\" content=\"https:\/\/elfsight.com\/it\/store-locator-widget\/pricing\/\" \/>\n<meta property=\"og:site_name\" content=\"Elfsight IT\" \/>\n<meta property=\"article:modified_time\" content=\"2024-12-13T13:46:49+00:00\" \/>\n<meta name=\"twitter:card\" content=\"summary_large_image\" \/>\n<meta name=\"twitter:label1\" content=\"Tempo di lettura stimato\" \/>\n\t<meta name=\"twitter:data1\" content=\"2 minuti\" \/>\n<!-- \/ Yoast SEO plugin. -->","yoast_head_json":{"title":"Widget Elfsight Store Locator - Prezzi (piani gratuiti e Premium)","description":"Il widget Localizzatore di negozi personalizzato ti consente di mostrare le sedi della tua attivit\u00e0 sul tuo sito web. Crea widget facili da gestire gratuitamente o al prezzo pi\u00f9 basso!","robots":{"index":"index","follow":"follow","max-snippet":"max-snippet:-1","max-image-preview":"max-image-preview:large","max-video-preview":"max-video-preview:-1"},"canonical":"https:\/\/elfsight.com\/it\/store-locator-widget\/pricing\/","og_locale":"it_IT","og_type":"article","og_title":"Widget Elfsight Store Locator - Prezzi (piani gratuiti e Premium)","og_description":"Il widget Localizzatore di negozi personalizzato ti consente di mostrare le sedi della tua attivit\u00e0 sul tuo sito web. Crea widget facili da gestire gratuitamente o al prezzo pi\u00f9 basso!","og_url":"https:\/\/elfsight.com\/it\/store-locator-widget\/pricing\/","og_site_name":"Elfsight IT","article_modified_time":"2024-12-13T13:46:49+00:00","twitter_card":"summary_large_image","twitter_misc":{"Tempo di lettura stimato":"2 minuti"},"schema":{"@context":"https:\/\/schema.org","@graph":[{"@type":"WebPage","@id":"https:\/\/elfsight.com\/it\/store-locator-widget\/pricing\/","url":"https:\/\/elfsight.com\/it\/store-locator-widget\/pricing\/","name":"Widget Elfsight Store Locator - Prezzi (piani gratuiti e Premium)","isPartOf":{"@id":"https:\/\/elfsight.com\/it\/#website"},"datePublished":"2024-03-01T09:27:15+00:00","dateModified":"2024-12-13T13:46:49+00:00","description":"Il widget Localizzatore di negozi personalizzato ti consente di mostrare le sedi della tua attivit\u00e0 sul tuo sito web. Crea widget facili da gestire gratuitamente o al prezzo pi\u00f9 basso!","breadcrumb":{"@id":"https:\/\/elfsight.com\/it\/store-locator-widget\/pricing\/#breadcrumb"},"inLanguage":"it-IT","potentialAction":[{"@type":"ReadAction","target":["https:\/\/elfsight.com\/it\/store-locator-widget\/pricing\/"]}]},{"@type":"BreadcrumbList","@id":"https:\/\/elfsight.com\/it\/store-locator-widget\/pricing\/#breadcrumb","itemListElement":[{"@type":"ListItem","position":1,"name":"Home","item":"https:\/\/elfsight.com\/it\/"},{"@type":"ListItem","position":2,"name":"Store Locator","item":"https:\/\/elfsight.com\/it\/store-locator-widget\/"},{"@type":"ListItem","position":3,"name":"Store Locator &#8211; Pricing"}]},{"@type":"WebSite","@id":"https:\/\/elfsight.com\/it\/#website","url":"https:\/\/elfsight.com\/it\/","name":"Elfsight IT","description":"Just another Elfsight Sites site","potentialAction":[{"@type":"SearchAction","target":{"@type":"EntryPoint","urlTemplate":"https:\/\/elfsight.com\/it\/?s={search_term_string}"},"query-input":{"@type":"PropertyValueSpecification","valueRequired":true,"valueName":"search_term_string"}}],"inLanguage":"it-IT"}]}},"meta_box":{"industry":"","seo_heading":"","heading":"","description":"","cta_heading":"","cta_description":"","application":"","h1":"","h1_caption":"","application_category":[],"applications_title":"","applications_request_title":"","applications_request_button_text":"","hero_text":"","hero_video":"","hero_video_schema_markup":"","selling_points_title":"","selling_points_caption":"","selling_points":[],"selling_points_cta_text":"","features_title":"","features":"","ed_cta_examples_text":"","ed_cta_examples_hidden":"","ed_cta_demo_text":"","ed_cta_demo_hidden":"","why_caption":"","why_editor_title":"","why_editor_text":"","why_team_title":"","why_team_text":"","why_service_title":"","why_service_text":"","template_catalog_visible":"","template_catalog_title":"","template_catalog_text":"","template_catalog_categories_visible":"","demo_title":"","demo_caption":"","default_faq_hidden":"0","app_template_category":[],"platform":"","template_public_id":"","codecanyon_url":"","codecanyon_item_id":"","codecanyon_price":"","pricing_caption":"","pricing_elfsight_apps_hide_column":"","pricing_elfsight_apps_url":"","pricing_codecanyon_price_caption":"","integration_category":[],"integration_request_title":"","integration_request_cta":"","integration_platform":"","integrations":[],"platform_category":[],"video_schema_markup":"","price":"","trial":"","benefits":[],"button_url":"","button_target_blank":"","button_nofollow":"","attributes":[],"tags":[],"tags_disable_links":"","hide_more_platforms":"","video_object":"","demo_hide_cta":"","demo_hide_cloud_options":"","pricing_title":"","pricing":[],"related_apps_title":"","related_apps_hidden":"","author":"","image":[],"title":"","job":"","social_networks":[]},"_links":{"self":[{"href":"https:\/\/elfsight.com\/it\/wp-json\/wp\/v2\/pages\/3174","targetHints":{"allow":["GET"]}}],"collection":[{"href":"https:\/\/elfsight.com\/it\/wp-json\/wp\/v2\/pages"}],"about":[{"href":"https:\/\/elfsight.com\/it\/wp-json\/wp\/v2\/types\/page"}],"author":[{"embeddable":true,"href":"https:\/\/elfsight.com\/it\/wp-json\/wp\/v2\/users\/9"}],"replies":[{"embeddable":true,"href":"https:\/\/elfsight.com\/it\/wp-json\/wp\/v2\/comments?post=3174"}],"version-history":[{"count":1,"href":"https:\/\/elfsight.com\/it\/wp-json\/wp\/v2\/pages\/3174\/revisions"}],"predecessor-version":[{"id":3178,"href":"https:\/\/elfsight.com\/it\/wp-json\/wp\/v2\/pages\/3174\/revisions\/3178"}],"up":[{"embeddable":true,"href":"https:\/\/elfsight.com\/it\/wp-json\/wp\/v2\/pages\/3114"}],"wp:attachment":[{"href":"https:\/\/elfsight.com\/it\/wp-json\/wp\/v2\/media?parent=3174"}],"curies":[{"name":"wp","href":"https:\/\/api.w.org\/{rel}","templated":true}]}}