{"id":3156,"date":"2024-04-16T07:27:58","date_gmt":"2024-04-16T07:27:58","guid":{"rendered":"https:\/\/elfsight.com\/it\/?page_id=3156"},"modified":"2024-04-19T12:20:52","modified_gmt":"2024-04-19T12:20:52","slug":"examples","status":"publish","type":"page","link":"https:\/\/elfsight.com\/it\/business-hours-widget\/examples\/","title":{"rendered":"Business Hours &#8211; Examples"},"content":{"rendered":"\n<div class=\"application-examples-item application-examples-item-loading\">\n                            <div class=\"col-row\">\n                                <div class=\"col-6 col-m-8 col-s-12\"><h3 class=\"application-examples-item-title\">Esempio 1. Idee Aziendali Complete<\/h3><div class=\"application-examples-item-description\">Il layout del widget garantisce che i tuoi orari di apertura siano presentati in ogni dettaglio, rendendo facile per i tuoi clienti pianificare le visite o contattarti al momento giusto. Le informazioni sono visualizzate in modo chiaro e organizzato, migliorando l'esperienza dell'utente e riducendo ogni confusione. Le informazioni di contatto non solo sono incluse, ma anche altamente visibili, permettendo ai tuoi clienti di contattarti senza sforzo. Che si tratti del tuo numero di telefono, email o indirizzo, tutto \u00e8 visualizzato in modo prominente, garantendo che i tuoi clienti possano contattarti rapidamente quando necessario. Ma non \u00e8 tutto - il widget va oltre il semplice fornire informazioni. Presenta attraenti pulsanti di Call-to-Action (CTA) che facilitano interazioni senza soluzione di continuit\u00e0 con la tua attivit\u00e0. I clienti possono facilmente Prenotare un appuntamento, avviare una Chat su WhatsApp, o ottenere Indicazioni per la tua posizione. Questi pulsanti CTA accattivanti semplificano il processo e incoraggiano i visitatori a interagire con la tua attivit\u00e0 in modo pi\u00f9 significativo.<\/div><\/div>\n                <\/div>\n\n                <div class=\"application-examples-item-iframe-container browser-frame\">\n                    <div class=\"application-examples-item-iframe-wrapper\">\n                        <iframe class=\"application-examples-item-iframe application-examples-item-iframe-fixed-height\" data-src=\"https:\/\/elfsight.com\/examples?widget_id=e80e0133-c65f-4298-ad45-19813d488591\" width=\"100%\" height=\"800\" allow=\"autoplay; fullscreen\"><\/iframe>\n                    <\/div>\n\n                    <div class=\"application-examples-item-loader\"><\/div>\n                <\/div>\n            <\/div><div class=\"application-examples-item application-examples-item-loading\">\n                            <div class=\"col-row\">\n                                <div class=\"col-6 col-m-8 col-s-12\"><h3 class=\"application-examples-item-title\">Esempio 2. Orari Aziendali<\/h3><div class=\"application-examples-item-description\">Questa soluzione elegante e minimalista mostra perfettamente l'orario settimanale di lavoro della tua attivit\u00e0. Progettato per essere semplice ed efficiente, questo widget fornisce tutte le informazioni essenziali in un colpo d'occhio. A differenza dei widget confusionari, questo si concentra esclusivamente sulla visualizzazione dell'orario di lavoro per la settimana. Presenta queste informazioni in un formato chiaro e facile da leggere, garantendo che gli utenti possano rapidamente determinare quando la tua attivit\u00e0 \u00e8 aperta senza distrazioni. Gli utenti possono non solo vedere gli orari di apertura, ma anche il tempo rimanente prima della chiusura della tua attivit\u00e0 per la serata. Questa utile funzione tiene informati i clienti sulla finestra di opportunit\u00e0 che hanno per visitare o contattare la tua attivit\u00e0 prima della fine della giornata.<\/div><\/div>\n                <\/div>\n\n                <div class=\"application-examples-item-iframe-container browser-frame\">\n                    <div class=\"application-examples-item-iframe-wrapper\">\n                        <iframe class=\"application-examples-item-iframe application-examples-item-iframe-fixed-height\" data-src=\"https:\/\/elfsight.com\/examples?widget_id=6e317af1-3b18-41aa-86a5-22fcdacfb4b2\" width=\"100%\" height=\"400\" allow=\"autoplay; fullscreen\"><\/iframe>\n                    <\/div>\n\n                    <div class=\"application-examples-item-loader\"><\/div>\n                <\/div>\n            <\/div><div class=\"application-cta-create\">\n                    <div class=\"application-cta-create-bg\">\n                        <div class=\"application-cta-create-bg-left\"><\/div>\n\n                        <div class=\"application-cta-create-bg-right\">\n                            <img decoding=\"async\" src=\"https:\/\/elfsight.com\/it\/wp-content\/themes\/elfsight\/frontend\/assets\/img\/application-cta-create.jpg\" alt=\"Inizia a creare il tuo widget\">\n                        <\/div>\n                    <\/div>\n\n                    <div class=\"application-cta-create-content inner\">\n                        <div class=\"application-cta-create-content-inner\">\n                            <div class=\"application-cta-create-content-icon\">\n                                <svg viewBox=\"0 0 25 25\" width=\"100%\" height=\"100%\">\n                                    <use xlink:href=\"#icon-settings\"><\/use>\n                                <\/svg>\n                            <\/div>\n\n                            <div class=\"application-cta-create-content-title\">Inizia a creare il tuo widget<\/div>\n\n                            <div class=\"application-cta-create-content-text\">Veloce. Facile. Senza codifica.<\/div>\n\n                            <a class=\"application-cta-create-content-button button-48 button-has-right-icon button-black button\" href=\"\">\n                                <span class=\"button-label\">Crea widget<\/span>\n\n                                <svg class=\"button-icon\">\n                                    <use xlink:href=\"#icon-arrow-link\"><\/use>\n                                <\/svg>\n                            <\/a>\n                        <\/div>\n                    <\/div>\n                <\/div><div class=\"application-examples-item application-examples-item-loading\">\n                            <div class=\"col-row\">\n                                <div class=\"col-6 col-m-8 col-s-12\"><h3 class=\"application-examples-item-title\">Esempio 3. Stato di Apertura<\/h3><div class=\"application-examples-item-description\">Questa \u00e8 una soluzione intelligente e efficiente nello spazio che comunica efficacemente lo stato di apertura della tua attivit\u00e0 ai visitatori del tuo sito web. Il widget semplifica la presentazione dei tuoi orari di apertura, garantendo un'esperienza utente senza soluzione di continuit\u00e0. Con un focus sulla semplicit\u00e0, il widget Orari Aziendali di Elfsight mostra solo lo stato di apertura attuale della tua attivit\u00e0. Ci\u00f2 significa che i tuoi visitatori possono facilmente determinare se la tua attivit\u00e0 \u00e8 aperta o chiusa con un semplice sguardo al widget, risparmiando loro tempo e fatica. Ma per coloro che desiderano informazioni pi\u00f9 dettagliate sui tuoi orari di apertura, il widget offre una soluzione ordinata. Cliccando sul widget, gli utenti possono accedere a una vista pop-up o espansa che mostra l'intero orario di lavoro. Questa funzione interattiva garantisce che coloro che hanno bisogno di pi\u00f9 informazioni possano accedervi senza appesantire le pagine principali del tuo sito web.<\/div><\/div>\n                <\/div>\n\n                <div class=\"application-examples-item-iframe-container browser-frame\">\n                    <div class=\"application-examples-item-iframe-wrapper\">\n                        <iframe class=\"application-examples-item-iframe application-examples-item-iframe-fixed-height\" data-src=\"https:\/\/elfsight.com\/examples?widget_id=6d07ee2e-533b-47ab-a439-6f0c2c0437c8\" width=\"100%\" height=\"450\" allow=\"autoplay; fullscreen\"><\/iframe>\n                    <\/div>\n\n                    <div class=\"application-examples-item-loader\"><\/div>\n                <\/div>\n            <\/div><div class=\"application-examples-item application-examples-item-loading\">\n                            <div class=\"col-row\">\n                                <div class=\"col-6 col-m-8 col-s-12\"><h3 class=\"application-examples-item-title\">Esempio 4. Piccola Scheda di Contatto<\/h3><div class=\"application-examples-item-description\">Il compatto widget Orari Aziendali porta tutte le informazioni essenziali letteralmente a portata di mano dei tuoi clienti. Include una foto della posizione, informazioni di contatto visivamente evidenti e orari di apertura con un design intelligente. Gli utenti possono accedere a una vista espansa dell'orario cliccando sul widget. Inoltre, quattro pulsanti CTA consentono azioni dirette come la chat WhatsApp, le indicazioni, le chiamate e la prenotazione di appuntamenti, migliorando il coinvolgimento degli utenti e razionalizzando le interazioni.<\/div><\/div>\n                <\/div>\n\n                <div class=\"application-examples-item-iframe-container browser-frame\">\n                    <div class=\"application-examples-item-iframe-wrapper\">\n                        <iframe class=\"application-examples-item-iframe application-examples-item-iframe-fixed-height\" data-src=\"https:\/\/elfsight.com\/examples?widget_id=193dffbf-6980-44c3-b8d8-5c328f621e42\" width=\"100%\" height=\"650\" allow=\"autoplay; fullscreen\"><\/iframe>\n                    <\/div>\n\n                    <div class=\"application-examples-item-loader\"><\/div>\n                <\/div>\n            <\/div><div class=\"application-examples-item application-examples-item-loading\">\n                            <div class=\"col-row\">\n                                <div class=\"col-6 col-m-8 col-s-12\"><h3 class=\"application-examples-item-title\">Esempio 5. Scheda di Contatto Scura<\/h3><div class=\"application-examples-item-description\">Il widget Orari Aziendali qui \u00e8 progettato con un elegante tema scuro. Questo widget non solo mostra gli orari di apertura della tua attivit\u00e0, ma offre anche un'esperienza visiva coinvolgente per i visitatori del tuo sito web. Gli utenti possono vedere la foto della tua posizione, creando un collegamento istantaneo con il tuo locale. Le informazioni di contatto sono visualizzate in modo prominente, rendendo facile ai clienti contattarti. Cliccando sul widget, gli utenti possono accedere a una vista espansa del tuo completo orario di lavoro, garantendo che tutte le informazioni necessarie siano facilmente accessibili. Inoltre, quattro prominenti pulsanti CTA consentono ai visitatori di avviare una Chat su WhatsApp, ottenere indicazioni, chiamare ora e prenotare un appuntamento, migliorando il coinvolgimento degli utenti e consentendo interazioni senza soluzione di continuit\u00e0.<\/div><\/div>\n                <\/div>\n\n                <div class=\"application-examples-item-iframe-container browser-frame\">\n                    <div class=\"application-examples-item-iframe-wrapper\">\n                        <iframe class=\"application-examples-item-iframe application-examples-item-iframe-fixed-height\" data-src=\"https:\/\/elfsight.com\/examples?widget_id=88bf50bb-d966-4676-bc02-b496546eddac\" width=\"100%\" height=\"600\" allow=\"autoplay; fullscreen\"><\/iframe>\n                    <\/div>\n\n                    <div class=\"application-examples-item-loader\"><\/div>\n                <\/div>\n            <\/div>\n","protected":false},"excerpt":{"rendered":"","protected":false},"author":9,"featured_media":0,"parent":3120,"menu_order":0,"comment_status":"closed","ping_status":"closed","template":"templates\/template-application-examples.php","meta":{"publish_to_discourse":"","publish_post_category":"","wpdc_auto_publish_overridden":"","wpdc_topic_tags":"","wpdc_pin_topic":"","wpdc_pin_until":"","discourse_post_id":"","discourse_permalink":"","wpdc_publishing_response":"","wpdc_publishing_error":"","footnotes":""},"class_list":["post-3156","page","type-page","status-publish","hentry"],"yoast_head":"<!-- This site is optimized with the Yoast SEO plugin v25.3.1 - https:\/\/yoast.com\/wordpress\/plugins\/seo\/ -->\n<title>The TOP 5 Business Hours widget examples for your site (2025)<\/title>\n<meta name=\"description\" content=\"Business Hours widget examples: Full Business Ideas, Business Hours, Open status and many other templates for your website.\" \/>\n<meta name=\"robots\" content=\"index, follow, max-snippet:-1, max-image-preview:large, max-video-preview:-1\" \/>\n<link rel=\"canonical\" href=\"https:\/\/elfsight.com\/it\/business-hours-widget\/examples\/\" \/>\n<meta property=\"og:locale\" content=\"it_IT\" \/>\n<meta property=\"og:type\" content=\"article\" \/>\n<meta property=\"og:title\" content=\"The TOP 5 Business Hours widget examples for your site (2025)\" \/>\n<meta property=\"og:description\" content=\"Business Hours widget examples: Full Business Ideas, Business Hours, Open status and many other templates for your website.\" \/>\n<meta property=\"og:url\" content=\"https:\/\/elfsight.com\/it\/business-hours-widget\/examples\/\" \/>\n<meta property=\"og:site_name\" content=\"Elfsight IT\" \/>\n<meta property=\"article:modified_time\" content=\"2024-04-19T12:20:52+00:00\" \/>\n<meta name=\"twitter:card\" content=\"summary_large_image\" \/>\n<meta name=\"twitter:label1\" content=\"Tempo di lettura stimato\" \/>\n\t<meta name=\"twitter:data1\" content=\"4 minuti\" \/>\n<!-- \/ Yoast SEO plugin. -->","yoast_head_json":{"title":"The TOP 5 Business Hours widget examples for your site (2025)","description":"Business Hours widget examples: Full Business Ideas, Business Hours, Open status and many other templates for your website.","robots":{"index":"index","follow":"follow","max-snippet":"max-snippet:-1","max-image-preview":"max-image-preview:large","max-video-preview":"max-video-preview:-1"},"canonical":"https:\/\/elfsight.com\/it\/business-hours-widget\/examples\/","og_locale":"it_IT","og_type":"article","og_title":"The TOP 5 Business Hours widget examples for your site (2025)","og_description":"Business Hours widget examples: Full Business Ideas, Business Hours, Open status and many other templates for your website.","og_url":"https:\/\/elfsight.com\/it\/business-hours-widget\/examples\/","og_site_name":"Elfsight IT","article_modified_time":"2024-04-19T12:20:52+00:00","twitter_card":"summary_large_image","twitter_misc":{"Tempo di lettura stimato":"4 minuti"},"schema":{"@context":"https:\/\/schema.org","@graph":[{"@type":"WebPage","@id":"https:\/\/elfsight.com\/it\/business-hours-widget\/examples\/","url":"https:\/\/elfsight.com\/it\/business-hours-widget\/examples\/","name":"The TOP 5 Business Hours widget examples for your site (2025)","isPartOf":{"@id":"https:\/\/elfsight.com\/it\/#website"},"datePublished":"2024-04-16T07:27:58+00:00","dateModified":"2024-04-19T12:20:52+00:00","description":"Business Hours widget examples: Full Business Ideas, Business Hours, Open status and many other templates for your website.","breadcrumb":{"@id":"https:\/\/elfsight.com\/it\/business-hours-widget\/examples\/#breadcrumb"},"inLanguage":"it-IT","potentialAction":[{"@type":"ReadAction","target":["https:\/\/elfsight.com\/it\/business-hours-widget\/examples\/"]}]},{"@type":"BreadcrumbList","@id":"https:\/\/elfsight.com\/it\/business-hours-widget\/examples\/#breadcrumb","itemListElement":[{"@type":"ListItem","position":1,"name":"Home","item":"https:\/\/elfsight.com\/it\/"},{"@type":"ListItem","position":2,"name":"Business Hours","item":"https:\/\/elfsight.com\/it\/business-hours-widget\/"},{"@type":"ListItem","position":3,"name":"Business Hours &#8211; Examples"}]},{"@type":"WebSite","@id":"https:\/\/elfsight.com\/it\/#website","url":"https:\/\/elfsight.com\/it\/","name":"Elfsight IT","description":"Just another Elfsight Sites site","potentialAction":[{"@type":"SearchAction","target":{"@type":"EntryPoint","urlTemplate":"https:\/\/elfsight.com\/it\/?s={search_term_string}"},"query-input":{"@type":"PropertyValueSpecification","valueRequired":true,"valueName":"search_term_string"}}],"inLanguage":"it-IT"}]}},"meta_box":{"industry":"","seo_heading":"","heading":"","description":"","cta_heading":"","cta_description":"","application":"3111","h1":"","h1_caption":"","application_category":[],"applications_title":"","applications_request_title":"","applications_request_button_text":"","hero_text":"","hero_video":"","hero_video_schema_markup":"","selling_points_title":"","selling_points_caption":"","selling_points":[],"selling_points_cta_text":"","features_title":"","features":"","ed_cta_examples_text":"","ed_cta_examples_hidden":"","ed_cta_demo_text":"","ed_cta_demo_hidden":"","why_caption":"","why_editor_title":"","why_editor_text":"","why_team_title":"","why_team_text":"","why_service_title":"","why_service_text":"","template_catalog_visible":"","template_catalog_title":"","template_catalog_text":"","template_catalog_categories_visible":"","demo_title":"","demo_caption":"","default_faq_hidden":"","app_template_category":[],"platform":"","template_public_id":"","codecanyon_url":"","codecanyon_item_id":"","codecanyon_price":"","pricing_caption":"","pricing_elfsight_apps_hide_column":"","pricing_elfsight_apps_url":"","pricing_codecanyon_price_caption":"","integration_category":[],"integration_request_title":"","integration_request_cta":"","integration_platform":"","integrations":[],"platform_category":[],"video_schema_markup":"","price":"","trial":"","benefits":[],"button_url":"","button_target_blank":"","button_nofollow":"","attributes":[],"tags":[],"tags_disable_links":"","hide_more_platforms":"","video_object":"","demo_hide_cta":"","demo_hide_cloud_options":"","pricing_title":"","pricing":[],"related_apps_title":"","related_apps_hidden":"","author":"","image":[],"title":"","job":"","social_networks":[]},"_links":{"self":[{"href":"https:\/\/elfsight.com\/it\/wp-json\/wp\/v2\/pages\/3156","targetHints":{"allow":["GET"]}}],"collection":[{"href":"https:\/\/elfsight.com\/it\/wp-json\/wp\/v2\/pages"}],"about":[{"href":"https:\/\/elfsight.com\/it\/wp-json\/wp\/v2\/types\/page"}],"author":[{"embeddable":true,"href":"https:\/\/elfsight.com\/it\/wp-json\/wp\/v2\/users\/9"}],"replies":[{"embeddable":true,"href":"https:\/\/elfsight.com\/it\/wp-json\/wp\/v2\/comments?post=3156"}],"version-history":[{"count":2,"href":"https:\/\/elfsight.com\/it\/wp-json\/wp\/v2\/pages\/3156\/revisions"}],"predecessor-version":[{"id":3226,"href":"https:\/\/elfsight.com\/it\/wp-json\/wp\/v2\/pages\/3156\/revisions\/3226"}],"up":[{"embeddable":true,"href":"https:\/\/elfsight.com\/it\/wp-json\/wp\/v2\/pages\/3120"}],"wp:attachment":[{"href":"https:\/\/elfsight.com\/it\/wp-json\/wp\/v2\/media?parent=3156"}],"curies":[{"name":"wp","href":"https:\/\/api.w.org\/{rel}","templated":true}]}}