{"id":3150,"date":"2023-05-16T07:49:30","date_gmt":"2023-05-16T07:49:30","guid":{"rendered":"https:\/\/elfsight.com\/it\/?page_id=3150"},"modified":"2024-12-13T13:46:31","modified_gmt":"2024-12-13T13:46:31","slug":"features","status":"publish","type":"page","link":"https:\/\/elfsight.com\/it\/instagram-chat-widget\/features\/","title":{"rendered":"Instagram Chat &#8211; Features"},"content":{"rendered":"<section class=\"application-features-group section\" id=\"COMMUNICATION\">\n                    <div class=\"inner\">\n                        <div class=\"col-row\">\n                            <div class=\"col-6 col-offset-3 col-m-12 col-m-offset-0\"><h3>Lascia che i visitatori del tuo sito ti raggiungano ogni volta che ne hanno bisogno<\/h3><p>Rendilo possibile per i tuoi clienti per indirizzarti in ogni momento direttamente sulla tua pagina web. Saranno deliziati da una conversazione rapida e semplice tramite Instagram, una delle piattaforme pi\u00f9 popolari in tutto il mondo. Basta un clic sull&#8217;icona e apparir\u00e0 la finestra di chat per avviare una conversazione e contattarti.<\/p><h3>Il modo pi\u00f9 semplice per integrare la chat di Instagram<\/h3><p>Tutto ci\u00f2 di cui hai bisogno per iniziare una conversazione con clienti tramite il tuo sito web \u00e8 accedere a Instagram. Il nostro widget allineer\u00e0 automaticamente la connessione al tuo account <a href=\"https:\/\/elfsight.com\/blog\/how-to-embed-instagram-feed-on-website\/\">sito web Instagram<\/a> e a una casella di chat apparir\u00e0 sul tuo sito. Sei pronto per visualizzare i messaggi dei clienti e rispondere.<\/p><\/div>\n                        <\/div>\n                    <\/div>\n\n                    <div class=\"application-features-group-title\">COMMUNICATION<\/div>\n                <\/section><section class=\"application-cta-ed\">\n                    <div class=\"inner\">\n                        <div class=\"col-row\">\n                            <div class=\"col-6 col-m-12\">\n                                <div class=\"application-cta-ed-item-examples application-cta-ed-item\">\n                                    <div class=\"application-cta-ed-item-icon\">\n                                        <svg viewBox=\"0 0 25 25\" width=\"100%\" height=\"100%\">\n                                            <use xlink:href=\"#icon-desktop\"><\/use>\n                                        <\/svg>\n                                    <\/div>\n\n                                    <div class=\"application-cta-ed-item-content\">\n                                        <div class=\"application-cta-ed-item-content-title\">Esempi d'uso<\/div>\n\n                                        <div class=\"application-cta-ed-item-content-text\">Visualizza una selezione di esempi reali per scoprire il massimo potenziale di  per il tuo sito web.\n                                        <\/div>\n\n                                        <a class=\"button-48 button-purple button\" href=\"\">Vedere in azione<\/a>\n                                    <\/div>\n                                <\/div>\n                            <\/div>\n                            <div class=\"col-6 col-m-12\">\n                                <div class=\"application-cta-ed-item-demo application-cta-ed-item\">\n                                    <div class=\"application-cta-ed-item-icon\">\n                                        <svg viewBox=\"0 0 25 25\" width=\"100%\" height=\"100%\">\n                                            <use xlink:href=\"#icon-settings\"><\/use>\n                                        <\/svg>\n                                    <\/div>\n\n                                    <div class=\"application-cta-ed-item-content\">\n                                        <div class=\"application-cta-ed-item-content-title\">Live demo<\/div>\n\n                                        <div class=\"application-cta-ed-item-content-text\">Prova subito tutte le funzionalit\u00e0 di  nella live demo. Gratis. Non richiede scrittura di codice.\n                                        <\/div>\n\n                                        <a class=\"button-48 button-magenta button\" href=\"#demo\" data-nav-scroll-to=\"demo\">Prova subito<\/a>\n                                    <\/div>\n                                <\/div>\n                            <\/div>\n                        <\/div>\n                    <\/div>\n                <\/section><section class=\"application-features-group section\" style=\"background-color:#fafafa;\" id=\"BOOST CONVERSION\">\n                    <div class=\"inner\">\n                        <div class=\"col-row\">\n                            <div class=\"col-6 col-offset-3 col-m-12 col-m-offset-0\"><h3>Tre varianti di chat posizionamento sulla pagina<\/h3><p>A seconda delle tue esigenze, la finestra della chat di Instagram pu\u00f2 apparire come una bolla distensibile, fluttuante o fissata su un posizione particolare o come casella di chat incorporata. La bolla mobile pu\u00f2 essere allineata al centro, a sinistra o a destra. Pu\u00f2 seguire quando i visitatori scorrono la pagina verso il basso e rimangono in vista. La casella di chat incorporata pu\u00f2 essere inserita nel campo del contenuto, ad esempio in una pagina di prodotto per aiutare i visitatori ad acquistare un ordine.<\/p><h3>Definisci il tuo pubblico di destinazione<\/h3><p>Il widget pu\u00f2 essere impostato per essere visualizzato solo per una determinata categoria di clienti. Possono essere tutti i visitatori, solo i nuovi visitatori o semplicemente i visitatori di ritorno. Ad esempio, puoi limitare la visualizzazione della chat solo al gruppo di ritorno, per aiutare questi utenti a ottenere ci\u00f2 che non hanno potuto ottenere la prima volta sul sito. Oppure potrebbe essere necessario coinvolgere il maggior numero possibile di utenti alle prime armi. Ogni caso d&#8217;uso \u00e8 individuale.<\/p><h3>Visualizzare la chat dove funziona meglio<\/h3><p>La tua chat pu\u00f2 essere visualizzata su tutte le pagine web del sito o solo su pagine particolari. Se lo desideri su determinate pagine, \u00e8 facile, basta selezionare l&#8217;opzione Pagine specifiche e inserire gli URL delle pagine selezionate. Nel frattempo, l&#8217;opzione Pagine escluse limiter\u00e0 la visualizzazione su quelle pagine in cui non \u00e8 necessario. Anche la visualizzazione sui dispositivi mobili \u00e8 facoltativa, se ritieni che possa ostacolare un&#8217;esperienza fluida, sei libero di nasconderla.<\/p><h3>Scegliere un trigger per l&#8217;apertura della chat<\/h3><p>La tua chat di Instagram pu\u00f2 fungere da uno strumento per attrarre clienti e aumentare il numero di interazioni. Se imposti uno dei trigger di attivazione della chat, la finestra della chat apparir\u00e0 automaticamente e coinvolger\u00e0 un utente per avviare una chat. Come trigger, puoi scegliere il tempo specifico trascorso sul sito o su una determinata pagina, il raggiungimento di una percentuale di scorrimento selezionata o l&#8217;intenzione di un visitatore di uscire dal tuo sito.<\/p><\/div>\n                        <\/div>\n                    <\/div>\n\n                    <div class=\"application-features-group-title\">BOOST CONVERSION<\/div>\n                <\/section><section class=\"application-features-group section\" id=\"STILE\">\n                    <div class=\"inner\">\n                        <div class=\"col-row\">\n                            <div class=\"col-6 col-offset-3 col-m-12 col-m-offset-0\"><h3>Modifica l&#8217;icona e il testo del fumetto della chat<\/h3><p>Il fumetto della chat \u00e8 la funzionalit\u00e0 che i visitatori del sito vedono per primi e associano alla comunicazione. Scegliere l&#8217;icona a forma di bolla giusta pu\u00f2 aiutarti a mostrare l&#8217;idea principale della tua casella di chat: servizio clienti, invio ordini, prenotazione appartamento e cos\u00ec via. Offriamo un&#8217;enorme variet\u00e0 di miniature per vari casi, quindi puoi scegliere quella pi\u00f9 adatta. Inoltre \u00e8 disponibile un campo di immissione a fumetto per mostrare il tuo testo personalizzato accanto all&#8217;icona.<\/p><h3>Intestazione della chat personalizzabile<\/h3><p>Ci sono molti elementi dell&#8217;intestazione della chat che puoi variare in base alle tue esigenze. esigenze. L&#8217;immagine pu\u00f2 essere la foto del tuo profilo Instagram oppure puoi sceglierla dalla raccolta o caricarne una tua. Sei libero di impostare il nome della chat e selezionare una didascalia. Quest&#8217;ultimo offre cinque possibili opzioni per il tempo di risposta, chiedendo quando i visitatori del sito dovrebbero aspettarsi il messaggio di risposta o uno spazio per il testo della didascalia. Supporta opzioni di carattere e peso, elenchi, collegamenti e molto altro.<\/p><h3>Un messaggio di saluto e un pulsante di avvio della chat<\/h3><p>Un messaggio di benvenuto \u00e8 la prima cosa a cui i tuoi clienti prestano attenzione quando apri la finestra della chat. \u00c8 l\u00ec per aiutarli a iniziare a inviare messaggi, offrire assistenza o soddisfare le esigenze di altri visitatori. Nel campo del messaggio di benvenuto puoi modificare varianti, elenchi e collegamenti. Il pulsante Avvia chat pu\u00f2 anche contenere il tuo messaggio personalizzato e puoi mostrare o nascondere l&#8217;icona della chat su di esso. Inoltre, prova diversi contorni dei pulsanti, da quadrati a pi\u00f9 arrotondati.<\/p><h3>Aggiungi notifiche per attirare l&#8217;attenzione<\/h3><p>Esiste un modo alternativo per attirare l&#8217;attenzione degli utenti nella tua casella di chat. Puoi aggiungere un indicatore di notifica al fumetto della chat, che visualizzer\u00e0 un messaggio non letto e render\u00e0 le persone desiderose di fare clic sulla chat. C&#8217;\u00e8 anche un&#8217;opzione per aggiungere una notifica al titolo della scheda, verr\u00e0 visualizzata non appena viene attivato un trigger di avvio della chat.<\/p><h3>Colora l&#8217;interfaccia come preferisci<\/h3><p>Sai gi\u00e0 quali colori scegliere per creare la chat box con il miglior colore abbinato per il tuo sito. Quindi non esitare e progetta tu stesso gli elementi dell\u2019interfaccia. Puoi scegliere i colori per lo sfondo del fumetto e dell&#8217;icona, per lo sfondo dell&#8217;intestazione e per il pulsante.<\/p><\/div>\n                        <\/div>\n                    <\/div>\n\n                    <div class=\"application-features-group-title\">STYLE<\/div>\n                <\/section>","protected":false},"excerpt":{"rendered":"","protected":false},"author":9,"featured_media":0,"parent":3113,"menu_order":0,"comment_status":"closed","ping_status":"closed","template":"templates\/template-application-features.php","meta":{"publish_to_discourse":"","publish_post_category":"","wpdc_auto_publish_overridden":"","wpdc_topic_tags":"","wpdc_pin_topic":"","wpdc_pin_until":"","discourse_post_id":"","discourse_permalink":"","wpdc_publishing_response":"","wpdc_publishing_error":"","footnotes":""},"class_list":["post-3150","page","type-page","status-publish","hentry"],"yoast_head":"<!-- This site is optimized with the Yoast SEO plugin v25.3.1 - https:\/\/yoast.com\/wordpress\/plugins\/seo\/ -->\n<title>Instagram Chat - Features - Elfsight IT<\/title>\n<meta name=\"robots\" content=\"index, follow, max-snippet:-1, max-image-preview:large, max-video-preview:-1\" \/>\n<link rel=\"canonical\" href=\"https:\/\/elfsight.com\/it\/instagram-chat-widget\/features\/\" \/>\n<meta property=\"og:locale\" content=\"it_IT\" \/>\n<meta property=\"og:type\" content=\"article\" \/>\n<meta property=\"og:title\" content=\"Instagram Chat - Features - Elfsight IT\" \/>\n<meta property=\"og:url\" content=\"https:\/\/elfsight.com\/it\/instagram-chat-widget\/features\/\" \/>\n<meta property=\"og:site_name\" content=\"Elfsight IT\" \/>\n<meta property=\"article:modified_time\" content=\"2024-12-13T13:46:31+00:00\" \/>\n<meta name=\"twitter:card\" content=\"summary_large_image\" \/>\n<meta name=\"twitter:label1\" content=\"Tempo di lettura stimato\" \/>\n\t<meta name=\"twitter:data1\" content=\"5 minuti\" \/>\n<!-- \/ Yoast SEO plugin. -->","yoast_head_json":{"title":"Instagram Chat - Features - Elfsight IT","robots":{"index":"index","follow":"follow","max-snippet":"max-snippet:-1","max-image-preview":"max-image-preview:large","max-video-preview":"max-video-preview:-1"},"canonical":"https:\/\/elfsight.com\/it\/instagram-chat-widget\/features\/","og_locale":"it_IT","og_type":"article","og_title":"Instagram Chat - Features - Elfsight IT","og_url":"https:\/\/elfsight.com\/it\/instagram-chat-widget\/features\/","og_site_name":"Elfsight IT","article_modified_time":"2024-12-13T13:46:31+00:00","twitter_card":"summary_large_image","twitter_misc":{"Tempo di lettura stimato":"5 minuti"},"schema":{"@context":"https:\/\/schema.org","@graph":[{"@type":"WebPage","@id":"https:\/\/elfsight.com\/it\/instagram-chat-widget\/features\/","url":"https:\/\/elfsight.com\/it\/instagram-chat-widget\/features\/","name":"Instagram Chat - Features - Elfsight IT","isPartOf":{"@id":"https:\/\/elfsight.com\/it\/#website"},"datePublished":"2023-05-16T07:49:30+00:00","dateModified":"2024-12-13T13:46:31+00:00","breadcrumb":{"@id":"https:\/\/elfsight.com\/it\/instagram-chat-widget\/features\/#breadcrumb"},"inLanguage":"it-IT","potentialAction":[{"@type":"ReadAction","target":["https:\/\/elfsight.com\/it\/instagram-chat-widget\/features\/"]}]},{"@type":"BreadcrumbList","@id":"https:\/\/elfsight.com\/it\/instagram-chat-widget\/features\/#breadcrumb","itemListElement":[{"@type":"ListItem","position":1,"name":"Home","item":"https:\/\/elfsight.com\/it\/"},{"@type":"ListItem","position":2,"name":"Instagram Chat","item":"https:\/\/elfsight.com\/it\/instagram-chat-widget\/"},{"@type":"ListItem","position":3,"name":"Instagram Chat &#8211; Features"}]},{"@type":"WebSite","@id":"https:\/\/elfsight.com\/it\/#website","url":"https:\/\/elfsight.com\/it\/","name":"Elfsight IT","description":"Just another Elfsight Sites site","potentialAction":[{"@type":"SearchAction","target":{"@type":"EntryPoint","urlTemplate":"https:\/\/elfsight.com\/it\/?s={search_term_string}"},"query-input":{"@type":"PropertyValueSpecification","valueRequired":true,"valueName":"search_term_string"}}],"inLanguage":"it-IT"}]}},"meta_box":{"industry":"","seo_heading":"","heading":"","description":"","cta_heading":"","cta_description":"","application":"","h1":"Funzionalit\u00e0 della chat di Instagram","h1_caption":"Esplora tutte le funzionalit\u00e0 di Elfsight Instagram Chat e come possono aiutarti a creare il widget pi\u00f9 efficace.","application_category":[],"applications_title":"","applications_request_title":"","applications_request_button_text":"","hero_text":"","hero_video":"","hero_video_schema_markup":"","selling_points_title":"","selling_points_caption":"","selling_points":[],"selling_points_cta_text":"","features_title":"","features":"","ed_cta_examples_text":"","ed_cta_examples_hidden":"","ed_cta_demo_text":"","ed_cta_demo_hidden":"","why_caption":"","why_editor_title":"","why_editor_text":"","why_team_title":"","why_team_text":"","why_service_title":"","why_service_text":"","template_catalog_visible":"","template_catalog_title":"","template_catalog_text":"","template_catalog_categories_visible":"","demo_title":"","demo_caption":"","default_faq_hidden":"","app_template_category":[],"platform":"","template_public_id":"","codecanyon_url":"","codecanyon_item_id":"","codecanyon_price":"","pricing_caption":"","pricing_elfsight_apps_hide_column":"","pricing_elfsight_apps_url":"","pricing_codecanyon_price_caption":"","integration_category":[],"integration_request_title":"","integration_request_cta":"","integration_platform":"","integrations":[],"platform_category":[],"video_schema_markup":"","price":"","trial":"","benefits":[],"button_url":"","button_target_blank":"","button_nofollow":"","attributes":[],"tags":[],"tags_disable_links":"","hide_more_platforms":"","video_object":"","demo_hide_cta":"","demo_hide_cloud_options":"","pricing_title":"","pricing":[],"related_apps_title":"","related_apps_hidden":"","author":"","image":[],"title":"","job":"","social_networks":[]},"_links":{"self":[{"href":"https:\/\/elfsight.com\/it\/wp-json\/wp\/v2\/pages\/3150","targetHints":{"allow":["GET"]}}],"collection":[{"href":"https:\/\/elfsight.com\/it\/wp-json\/wp\/v2\/pages"}],"about":[{"href":"https:\/\/elfsight.com\/it\/wp-json\/wp\/v2\/types\/page"}],"author":[{"embeddable":true,"href":"https:\/\/elfsight.com\/it\/wp-json\/wp\/v2\/users\/9"}],"replies":[{"embeddable":true,"href":"https:\/\/elfsight.com\/it\/wp-json\/wp\/v2\/comments?post=3150"}],"version-history":[{"count":4,"href":"https:\/\/elfsight.com\/it\/wp-json\/wp\/v2\/pages\/3150\/revisions"}],"predecessor-version":[{"id":7918,"href":"https:\/\/elfsight.com\/it\/wp-json\/wp\/v2\/pages\/3150\/revisions\/7918"}],"up":[{"embeddable":true,"href":"https:\/\/elfsight.com\/it\/wp-json\/wp\/v2\/pages\/3113"}],"wp:attachment":[{"href":"https:\/\/elfsight.com\/it\/wp-json\/wp\/v2\/media?parent=3150"}],"curies":[{"name":"wp","href":"https:\/\/api.w.org\/{rel}","templated":true}]}}