{"id":3149,"date":"2024-04-16T09:27:15","date_gmt":"2024-04-16T09:27:15","guid":{"rendered":"https:\/\/elfsight.com\/it\/?page_id=3149"},"modified":"2024-04-19T12:22:24","modified_gmt":"2024-04-19T12:22:24","slug":"features","status":"publish","type":"page","link":"https:\/\/elfsight.com\/it\/linkedin-feed-widget\/features\/","title":{"rendered":"LinkedIn Feed &#8211; Features"},"content":{"rendered":"\n<section class=\"application-features-group section\" id=\"SOURCE\">\n                    <div class=\"inner\">\n                        <div class=\"col-row\">\n                            <div class=\"col-6 col-offset-3 col-m-12 col-m-offset-0\"><h3>Condividi tutti i dettagli integrando il Feed LinkedIn<\/h3><p>Il Feed LinkedIn \u00e8 la chiave per creare una connessione con gli utenti del tuo sito web. Lascia che le persone costruiscano una forte percezione del tuo marchio e cerchino opportunit\u00e0 di collaborazione. Inoltre, non c&#8217;\u00e8 pi\u00f9 bisogno di cercare di far di pi\u00f9 manualmente aggiornando tutti i canali di marketing: il widget aggiorna automaticamente i contenuti sincronizzandosi con il tuo account. Quindi la sfida pi\u00f9 grande per te finora \u00e8 solo una cosa: copiare il link del Feed LinkedIn della tua attivit\u00e0 e incollarlo nel configuratore.<\/p><h3>Visualizza il widget su qualsiasi pagina web<\/h3><p>Non ci sono limiti su dove dovresti aggiungere il Feed LinkedIn per riflettere e pubblicizzare i tuoi contenuti. Pu\u00f2 essere qualsiasi pagina web, che sia la homepage o una pagina di contatto. In base allo spazio disponibile, scegli ci\u00f2 che sembra pi\u00f9 convincente per l&#8217;azienda!<\/p><\/div>\n                        <\/div>\n                    <\/div>\n\n                    <div class=\"application-features-group-title\">FONTE<\/div>\n                <\/section><section class=\"application-cta-ed\">\n                    <div class=\"inner\">\n                        <div class=\"col-row\">\n                            <div class=\"col-6 col-m-12\">\n                                <div class=\"application-cta-ed-item-examples application-cta-ed-item\">\n                                    <div class=\"application-cta-ed-item-icon\">\n                                        <svg viewBox=\"0 0 25 25\" width=\"100%\" height=\"100%\">\n                                            <use xlink:href=\"#icon-desktop\"><\/use>\n                                        <\/svg>\n                                    <\/div>\n\n                                    <div class=\"application-cta-ed-item-content\">\n                                        <div class=\"application-cta-ed-item-content-title\">Esempi d'uso<\/div>\n\n                                        <div class=\"application-cta-ed-item-content-text\">Visualizza una selezione di esempi reali per scoprire il massimo potenziale di  per il tuo sito web.\n                                        <\/div>\n\n                                        <a class=\"button-48 button-purple button\" href=\"\">Vedere in azione<\/a>\n                                    <\/div>\n                                <\/div>\n                            <\/div>\n                            <div class=\"col-6 col-m-12\">\n                                <div class=\"application-cta-ed-item-demo application-cta-ed-item\">\n                                    <div class=\"application-cta-ed-item-icon\">\n                                        <svg viewBox=\"0 0 25 25\" width=\"100%\" height=\"100%\">\n                                            <use xlink:href=\"#icon-settings\"><\/use>\n                                        <\/svg>\n                                    <\/div>\n\n                                    <div class=\"application-cta-ed-item-content\">\n                                        <div class=\"application-cta-ed-item-content-title\">Live demo<\/div>\n\n                                        <div class=\"application-cta-ed-item-content-text\">Prova subito tutte le funzionalit\u00e0 di  nella live demo. Gratis. Non richiede scrittura di codice.\n                                        <\/div>\n\n                                        <a class=\"button-48 button-magenta button\" href=\"#demo\" data-nav-scroll-to=\"demo\">Prova subito<\/a>\n                                    <\/div>\n                                <\/div>\n                            <\/div>\n                        <\/div>\n                    <\/div>\n                <\/section><section class=\"application-features-group section\" style=\"background-color:#fafafa;\" id=\"CONTENT\">\n                    <div class=\"inner\">\n                        <div class=\"col-row\">\n                            <div class=\"col-6 col-offset-3 col-m-12 col-m-offset-0\"><h3>Promuovi tutti i tipi di contenuto<\/h3><p>Puoi essere certo che questo widget supporta tutti i tipi di contenuto: post di testo, video, immagini, ecc. Crea un feed completamente reattivo per coinvolgere gli utenti del tuo sito web e aumentare il traffico organico verso la pagina LinkedIn. E non dimenticare di includere il pulsante &#8220;Carica altro&#8221; per una navigazione facile.<\/p><h3>Cinque stili di scheda per mostrare i post<\/h3><p>Il widget Feed LinkedIn include cinque stili di scheda post incorporati per ogni caso e occasione: partendo da un approccio minimalista a un design pi\u00f9 complesso. Ci\u00f2 che \u00e8 altrettanto importante \u00e8 che puoi decidere quali elementi del post includere, come il nome dell&#8217;autore, l&#8217;immagine, la barra di azione, il testo del post e l&#8217;icona o la medaglia della fonte. Definisci gli obiettivi principali per dimostrare la tua esperienza e autenticit\u00e0 del marchio.<\/p><h3>Scegli l&#8217;azione post-clic per conversioni pi\u00f9 elevate<\/h3><p>In base al tuo focus attuale, puoi indirizzare gli utenti alla pagina LinkedIn o farli rimanere sul sito web tramite tre opzioni post-clic disponibili: aprire in popup, aprire nei social media o nessuna. Avere la capacit\u00e0 di convertire l&#8217;interesse degli utenti in azione \u00e8 cruciale per le aziende che cercano di aumentare la loro credibilit\u00e0 online, aumentare la consapevolezza del marchio e guidare il traffico. Guidali attraverso il tuo percorso personalizzato!<\/p><\/div>\n                        <\/div>\n                    <\/div>\n\n                    <div class=\"application-features-group-title\">CONTENUTO<\/div>\n                <\/section><section class=\"application-features-group section\" id=\"POPUP\">\n                    <div class=\"inner\">\n                        <div class=\"col-row\">\n                            <div class=\"col-6 col-offset-3 col-m-12 col-m-offset-0\"><h3>Due stili di layout popup per informazioni dettagliate sui contenuti<\/h3><p>Esplora due formati di modalit\u00e0 popup: feed e classico. Lo stile Feed potrebbe ricordarti lo scroll infinito con contenuti inesauribili che si caricano automaticamente. Sul lato opposto c&#8217;\u00e8 lo stile Classico. Mostra solo un post alla volta per massimizzare la concentrazione e l&#8217;attenzione delle persone. Ma non importa quale sceglierai, ti aiuter\u00e0 ad aumentare l&#8217;esperienza dell&#8217;utente, semplificare il coinvolgimento con il contenuto e creare un legame con il pubblico per ricevere vantaggi promozionali.<\/p><h3>Elementi popup flessibili per una dinamica accattivante<\/h3><p>Con il nostro widget, puoi giocare con diversi elementi: immagine, nome, mi piace, pulsante CTA, testo del post e pulsante di rete per configurare il formato perfetto. Scegli quali elementi appariranno nella modalit\u00e0 popup. Significa che, se vuoi disattivarli in qualsiasi momento, puoi farlo.<\/p><\/div>\n                        <\/div>\n                    <\/div>\n\n                    <div class=\"application-features-group-title\">POPUP<\/div>\n                <\/section><section class=\"application-features-group section\" style=\"background-color:#fafafa;\" id=\"STYLE\">\n                    <div class=\"inner\">\n                        <div class=\"col-row\">\n                            <div class=\"col-6 col-offset-3 col-m-12 col-m-offset-0\"><h3>Configurare l&#8217;intestazione e il titolo commutabili \u00e8 la soluzione migliore<\/h3><p>Presenta il Feed LinkedIn al pubblico del tuo sito web tramite il titolo dell&#8217;intestazione per attirare pi\u00f9 attenzione. Aggiungi qualcosa di accattivante per diventare memorabile nella mente degli utenti mantenendo gli standard del tuo marchio e allineandoli ai tuoi obiettivi strategici. Ma nel caso tu voglia creare un look pi\u00f9 minimalista, l&#8217;intestazione pu\u00f2 essere nascosta con pochi tocchi di un pulsante: \u00e8 tutto a tua discrezione!<\/p><h3>Cinque layout feed regolabili<\/h3><p>Rimanere al passo con le tendenze e seguire i concetti di design innovativi. \u00c8 la definizione di un catalogo nativo di layout Feed LinkedIn. Ottieni cinque varianti ben pensate tra cui scegliere: Griglia, Masonry, Lista, Carosello e Slider. Tutti sono ottimizzati per funzionare ininterrottamente, indipendentemente dal dispositivo digitale, dal sistema operativo, dalla risoluzione e dal browser che utilizzi.<\/p><h3>Abbinare le dimensioni del widget all&#8217;area dei tuoi contenuti<\/h3><p>Assicurati che il widget si adatti correttamente al tuo sito web. E per farlo, personalizza la larghezza in pixel. Essendo completamente adattivo a ogni ambiente, puoi provare tutte le possibili combinazioni personalizzate e a schermo intero per vedere quale \u00e8 la migliore per te.<\/p><h3>Rifletti la tua estetica con la scelta del colore e del carattere<\/h3><p>Colorare \u00e8 divertente, anche quando si tratta di personalizzare l&#8217;aspetto del widget del sito web. Con una vasta gamma di elementi, puoi concentrarti sull&#8217;intestazione, sul post, sul popup e sul pulsante Carica altro, scegliendo anche un colore di accentuazione e un carattere di testo.<\/p><\/div>\n                        <\/div>\n                    <\/div>\n\n                    <div class=\"application-features-group-title\">STILE<\/div>\n                <\/section>\n","protected":false},"excerpt":{"rendered":"","protected":false},"author":9,"featured_media":0,"parent":3122,"menu_order":0,"comment_status":"closed","ping_status":"closed","template":"templates\/template-application-features.php","meta":{"publish_to_discourse":"","publish_post_category":"","wpdc_auto_publish_overridden":"","wpdc_topic_tags":"","wpdc_pin_topic":"","wpdc_pin_until":"","discourse_post_id":"","discourse_permalink":"","wpdc_publishing_response":"","wpdc_publishing_error":"","footnotes":""},"class_list":["post-3149","page","type-page","status-publish","hentry"],"yoast_head":"<!-- This site is optimized with the Yoast SEO plugin v25.3.1 - https:\/\/yoast.com\/wordpress\/plugins\/seo\/ -->\n<title>LinkedIn Feed widget - tons of free settings for your website (2025)<\/title>\n<meta name=\"description\" content=\"Try all the LinkedIn Feed widget features via online demo. Customizable features and a fully responsive widget layout for any digital device.\" \/>\n<meta name=\"robots\" content=\"index, follow, max-snippet:-1, max-image-preview:large, max-video-preview:-1\" \/>\n<link rel=\"canonical\" href=\"https:\/\/elfsight.com\/it\/linkedin-feed-widget\/features\/\" \/>\n<meta property=\"og:locale\" content=\"it_IT\" \/>\n<meta property=\"og:type\" content=\"article\" \/>\n<meta property=\"og:title\" content=\"LinkedIn Feed widget - tons of free settings for your website (2025)\" \/>\n<meta property=\"og:description\" content=\"Try all the LinkedIn Feed widget features via online demo. Customizable features and a fully responsive widget layout for any digital device.\" \/>\n<meta property=\"og:url\" content=\"https:\/\/elfsight.com\/it\/linkedin-feed-widget\/features\/\" \/>\n<meta property=\"og:site_name\" content=\"Elfsight IT\" \/>\n<meta property=\"article:modified_time\" content=\"2024-04-19T12:22:24+00:00\" \/>\n<meta name=\"twitter:card\" content=\"summary_large_image\" \/>\n<meta name=\"twitter:label1\" content=\"Tempo di lettura stimato\" \/>\n\t<meta name=\"twitter:data1\" content=\"5 minuti\" \/>\n<!-- \/ Yoast SEO plugin. -->","yoast_head_json":{"title":"LinkedIn Feed widget - tons of free settings for your website (2025)","description":"Try all the LinkedIn Feed widget features via online demo. Customizable features and a fully responsive widget layout for any digital device.","robots":{"index":"index","follow":"follow","max-snippet":"max-snippet:-1","max-image-preview":"max-image-preview:large","max-video-preview":"max-video-preview:-1"},"canonical":"https:\/\/elfsight.com\/it\/linkedin-feed-widget\/features\/","og_locale":"it_IT","og_type":"article","og_title":"LinkedIn Feed widget - tons of free settings for your website (2025)","og_description":"Try all the LinkedIn Feed widget features via online demo. Customizable features and a fully responsive widget layout for any digital device.","og_url":"https:\/\/elfsight.com\/it\/linkedin-feed-widget\/features\/","og_site_name":"Elfsight IT","article_modified_time":"2024-04-19T12:22:24+00:00","twitter_card":"summary_large_image","twitter_misc":{"Tempo di lettura stimato":"5 minuti"},"schema":{"@context":"https:\/\/schema.org","@graph":[{"@type":"WebPage","@id":"https:\/\/elfsight.com\/it\/linkedin-feed-widget\/features\/","url":"https:\/\/elfsight.com\/it\/linkedin-feed-widget\/features\/","name":"LinkedIn Feed widget - tons of free settings for your website (2025)","isPartOf":{"@id":"https:\/\/elfsight.com\/it\/#website"},"datePublished":"2024-04-16T09:27:15+00:00","dateModified":"2024-04-19T12:22:24+00:00","description":"Try all the LinkedIn Feed widget features via online demo. Customizable features and a fully responsive widget layout for any digital device.","breadcrumb":{"@id":"https:\/\/elfsight.com\/it\/linkedin-feed-widget\/features\/#breadcrumb"},"inLanguage":"it-IT","potentialAction":[{"@type":"ReadAction","target":["https:\/\/elfsight.com\/it\/linkedin-feed-widget\/features\/"]}]},{"@type":"BreadcrumbList","@id":"https:\/\/elfsight.com\/it\/linkedin-feed-widget\/features\/#breadcrumb","itemListElement":[{"@type":"ListItem","position":1,"name":"Home","item":"https:\/\/elfsight.com\/it\/"},{"@type":"ListItem","position":2,"name":"LinkedIn Feed","item":"https:\/\/elfsight.com\/it\/linkedin-feed-widget\/"},{"@type":"ListItem","position":3,"name":"LinkedIn Feed &#8211; Features"}]},{"@type":"WebSite","@id":"https:\/\/elfsight.com\/it\/#website","url":"https:\/\/elfsight.com\/it\/","name":"Elfsight IT","description":"Just another Elfsight Sites site","potentialAction":[{"@type":"SearchAction","target":{"@type":"EntryPoint","urlTemplate":"https:\/\/elfsight.com\/it\/?s={search_term_string}"},"query-input":{"@type":"PropertyValueSpecification","valueRequired":true,"valueName":"search_term_string"}}],"inLanguage":"it-IT"}]}},"meta_box":{"industry":"","seo_heading":"","heading":"","description":"","cta_heading":"","cta_description":"","application":"3109","h1":"Caratteristiche del Feed LinkedIn","h1_caption":"Esplora tutte le funzionalit\u00e0 di Elfsight LinkedIn Feed e come possono aiutarti a creare il widget pi\u00f9 efficace.","application_category":[],"applications_title":"","applications_request_title":"","applications_request_button_text":"","hero_text":"","hero_video":"","hero_video_schema_markup":"","selling_points_title":"","selling_points_caption":"","selling_points":[],"selling_points_cta_text":"","features_title":"","features":"","ed_cta_examples_text":"","ed_cta_examples_hidden":"","ed_cta_demo_text":"","ed_cta_demo_hidden":"","why_caption":"","why_editor_title":"","why_editor_text":"","why_team_title":"","why_team_text":"","why_service_title":"","why_service_text":"","template_catalog_visible":"","template_catalog_title":"","template_catalog_text":"","template_catalog_categories_visible":"","demo_title":"","demo_caption":"","default_faq_hidden":"","app_template_category":[],"platform":"","template_public_id":"","codecanyon_url":"","codecanyon_item_id":"","codecanyon_price":"","pricing_caption":"","pricing_elfsight_apps_hide_column":"","pricing_elfsight_apps_url":"","pricing_codecanyon_price_caption":"","integration_category":[],"integration_request_title":"","integration_request_cta":"","integration_platform":"","integrations":[],"platform_category":[],"video_schema_markup":"","price":"","trial":"","benefits":[],"button_url":"","button_target_blank":"","button_nofollow":"","attributes":[],"tags":[],"tags_disable_links":"","hide_more_platforms":"","video_object":"","demo_hide_cta":"","demo_hide_cloud_options":"","pricing_title":"","pricing":[],"related_apps_title":"","related_apps_hidden":"","author":"","image":[],"title":"","job":"","social_networks":[]},"_links":{"self":[{"href":"https:\/\/elfsight.com\/it\/wp-json\/wp\/v2\/pages\/3149","targetHints":{"allow":["GET"]}}],"collection":[{"href":"https:\/\/elfsight.com\/it\/wp-json\/wp\/v2\/pages"}],"about":[{"href":"https:\/\/elfsight.com\/it\/wp-json\/wp\/v2\/types\/page"}],"author":[{"embeddable":true,"href":"https:\/\/elfsight.com\/it\/wp-json\/wp\/v2\/users\/9"}],"replies":[{"embeddable":true,"href":"https:\/\/elfsight.com\/it\/wp-json\/wp\/v2\/comments?post=3149"}],"version-history":[{"count":3,"href":"https:\/\/elfsight.com\/it\/wp-json\/wp\/v2\/pages\/3149\/revisions"}],"predecessor-version":[{"id":3236,"href":"https:\/\/elfsight.com\/it\/wp-json\/wp\/v2\/pages\/3149\/revisions\/3236"}],"up":[{"embeddable":true,"href":"https:\/\/elfsight.com\/it\/wp-json\/wp\/v2\/pages\/3122"}],"wp:attachment":[{"href":"https:\/\/elfsight.com\/it\/wp-json\/wp\/v2\/media?parent=3149"}],"curies":[{"name":"wp","href":"https:\/\/api.w.org\/{rel}","templated":true}]}}