{"id":2844,"date":"2022-02-23T12:27:55","date_gmt":"2022-02-23T12:27:55","guid":{"rendered":"https:\/\/elfsight.com\/it\/?page_id=2844"},"modified":"2024-07-18T15:11:33","modified_gmt":"2024-07-18T15:11:33","slug":"examples","status":"publish","type":"page","link":"https:\/\/elfsight.com\/it\/restaurant-menu-widget\/examples\/","title":{"rendered":"Restaurant Menu &#8211; Examples"},"content":{"rendered":"\n<div class=\"application-examples-item application-examples-item-loading\">\n                            <div class=\"col-row\">\n                                <div class=\"col-6 col-m-8 col-s-12\"><h3 class=\"application-examples-item-title\">Esempio 1. Restaurant<\/h3><div class=\"application-examples-item-description\">Niente pi\u00f9 problemi per creare un menu complicato direttamente sul tuo sito nel modo pi\u00f9 leggibile. Ecco l'esempio per il menu del ristorante. Ci sono 4 tipi di menu: pranzo, cena, menu bambini e bevande, tutti suddivisi in sezioni in base alla loro tipologia: antipasti, secondo, contorni e altro. Le schede cliccabili per i menu aiutano i visitatori a trovare il piatto di cui hanno bisogno. Per ogni articolo c'\u00e8 una breve descrizione e un prezzo.<\/div><\/div>\n                <\/div>\n\n                <div class=\"application-examples-item-iframe-container browser-frame\">\n                    <div class=\"application-examples-item-iframe-wrapper\">\n                        <iframe class=\"application-examples-item-iframe application-examples-item-iframe-fixed-height\" data-src=\"https:\/\/elfsight.com\/examples?widget_id=0f43a6bc-67c7-40cd-819d-a681ad2ba6b6\" width=\"100%\" height=\"600\" allow=\"autoplay; fullscreen\"><\/iframe>\n                    <\/div>\n\n                    <div class=\"application-examples-item-loader\"><\/div>\n                <\/div>\n            <\/div>\n<div class=\"application-examples-item application-examples-item-loading\">\n                            <div class=\"col-row\">\n                                <div class=\"col-6 col-m-8 col-s-12\"><h3 class=\"application-examples-item-title\">Esempio 2. Fast Food Restaurant<\/h3><div class=\"application-examples-item-description\">Il menu del ristorante fast food \u00e8 rappresentato nel modo pi\u00f9 facile da visualizzare. Ci sono cinque sezioni di fast food pi\u00f9 diffuse: pizza, hamburger, snack, insalate e bevande. Icone accattivanti del menu e deliziose immagini di cibo mostrano al tuo pubblico il tuo menu nel modo pi\u00f9 allettante. La struttura ben organizzata mostra tutti gli elementi essenziali come il prezzo e gli ingredienti principali per ogni articolo. Se un piatto \u00e8 piuttosto piccante o ha altre caratteristiche importanti, ecco dei distintivi speciali per avvisare. Per quanto riguarda pizza e snack c'\u00e8 la possibilit\u00e0 di specificare il prezzo in base alle dimensioni.<\/div><\/div>\n                <\/div>\n\n                <div class=\"application-examples-item-iframe-container browser-frame\">\n                    <div class=\"application-examples-item-iframe-wrapper\">\n                        <iframe class=\"application-examples-item-iframe\" data-src=\"https:\/\/elfsight.com\/examples?widget_id=50d36c18-017a-4a44-85e8-212afe5a478b\" width=\"100%\" allow=\"autoplay; fullscreen\"><\/iframe>\n                    <\/div>\n\n                    <div class=\"application-examples-item-loader\"><\/div>\n                <\/div>\n            <\/div>\n<div class=\"application-examples-item application-examples-item-loading\">\n                            <div class=\"col-row\">\n                                <div class=\"col-6 col-m-8 col-s-12\"><h3 class=\"application-examples-item-title\">Esempio 3. Bar Menu<\/h3><div class=\"application-examples-item-description\">Ecco l'esempio del Menu Bar con le sezioni pi\u00f9 popolari: cocktail, birra e vino. Ogni sezione \u00e8 suddivisa per visualizzare i tipi di bevande. Inoltre, il menu include un breve elenco di antipasti da bar. Per quanto riguarda le offerte, l'happy hour \u00e8 integrato nell'elenco principale per attirare l'attenzione degli utenti. Per ogni voce di menu c'\u00e8 un prezzo e informazioni sugli short drink.<\/div><\/div>\n                <\/div>\n\n                <div class=\"application-examples-item-iframe-container browser-frame\">\n                    <div class=\"application-examples-item-iframe-wrapper\">\n                        <iframe class=\"application-examples-item-iframe\" data-src=\"https:\/\/elfsight.com\/examples?widget_id=9d256d8f-6674-441f-a502-63fd660cc290\" width=\"100%\" allow=\"autoplay; fullscreen\"><\/iframe>\n                    <\/div>\n\n                    <div class=\"application-examples-item-loader\"><\/div>\n                <\/div>\n            <\/div>\n<div class=\"application-cta-create\">\n                    <div class=\"application-cta-create-bg\">\n                        <div class=\"application-cta-create-bg-left\"><\/div>\n\n                        <div class=\"application-cta-create-bg-right\">\n                            <img decoding=\"async\" src=\"https:\/\/elfsight.com\/it\/wp-content\/themes\/elfsight\/frontend\/assets\/img\/application-cta-create.jpg\" alt=\"Inizia a creare il tuo widget\">\n                        <\/div>\n                    <\/div>\n\n                    <div class=\"application-cta-create-content inner\">\n                        <div class=\"application-cta-create-content-inner\">\n                            <div class=\"application-cta-create-content-icon\">\n                                <svg viewBox=\"0 0 25 25\" width=\"100%\" height=\"100%\">\n                                    <use xlink:href=\"#icon-settings\"><\/use>\n                                <\/svg>\n                            <\/div>\n\n                            <div class=\"application-cta-create-content-title\">Inizia a creare il tuo widget<\/div>\n\n                            <div class=\"application-cta-create-content-text\">Veloce. Facile. Senza codifica.<\/div>\n\n                            <a class=\"application-cta-create-content-button button-48 button-has-right-icon button-black button\" href=\"\">\n                                <span class=\"button-label\">Crea widget<\/span>\n\n                                <svg class=\"button-icon\">\n                                    <use xlink:href=\"#icon-arrow-link\"><\/use>\n                                <\/svg>\n                            <\/a>\n                        <\/div>\n                    <\/div>\n                <\/div>\n<div class=\"application-examples-item application-examples-item-loading\">\n                            <div class=\"col-row\">\n                                <div class=\"col-6 col-m-8 col-s-12\"><h3 class=\"application-examples-item-title\">Esempio 4. Coffee House<\/h3><div class=\"application-examples-item-description\">Il tuo ristorante serve deliziose specialit\u00e0? Lo straordinario tema scuro e il layout dell'elenco aiuteranno i tuoi visitatori a effettuare un ordine rapidamente. Vuoi aggiungere le tue icone o ingredienti? Puoi farlo facilmente nelle impostazioni.<\/div><\/div>\n                <\/div>\n\n                <div class=\"application-examples-item-iframe-container browser-frame\">\n                    <div class=\"application-examples-item-iframe-wrapper\">\n                        <iframe class=\"application-examples-item-iframe\" data-src=\"https:\/\/elfsight.com\/examples?widget_id=a16a9aee-b253-47fd-a554-088c5f0b7ca9\" width=\"100%\" allow=\"autoplay; fullscreen\"><\/iframe>\n                    <\/div>\n\n                    <div class=\"application-examples-item-loader\"><\/div>\n                <\/div>\n            <\/div>\n<div class=\"application-examples-item application-examples-item-loading\">\n                            <div class=\"col-row\">\n                                <div class=\"col-6 col-m-8 col-s-12\"><h3 class=\"application-examples-item-title\">Esempio 5. Healthy Restaurant<\/h3><div class=\"application-examples-item-description\">Questo \u00e8 un menu per un ristorante sano o eco-friendly. C'\u00e8 un elenco ordinato, organizzato in sezioni di come bowl, piatti stagionali, contorni e bibite. Per soddisfare tutte le richieste del pubblico, ecco un'informazione approfondita di cui di solito hanno bisogno. Ogni voce ha la denominazione degli ingredienti, degli elementi nutritivi (proteine, grassi e carboidrati) e qualificata da distintivi specifici, come \u201cvegano\u201d o \u201csenza glutine\u201d.<\/div><\/div>\n                <\/div>\n\n                <div class=\"application-examples-item-iframe-container browser-frame\">\n                    <div class=\"application-examples-item-iframe-wrapper\">\n                        <iframe class=\"application-examples-item-iframe application-examples-item-iframe-fixed-height\" data-src=\"https:\/\/elfsight.com\/examples?widget_id=6ab27832-5e8e-44fa-a477-671e89baf32f\" width=\"100%\" height=\"600\" allow=\"autoplay; fullscreen\"><\/iframe>\n                    <\/div>\n\n                    <div class=\"application-examples-item-loader\"><\/div>\n                <\/div>\n            <\/div>\n","protected":false},"excerpt":{"rendered":"","protected":false},"author":13,"featured_media":0,"parent":2834,"menu_order":0,"comment_status":"closed","ping_status":"closed","template":"templates\/template-application-examples.php","meta":{"publish_to_discourse":"","publish_post_category":"","wpdc_auto_publish_overridden":"","wpdc_topic_tags":"","wpdc_pin_topic":"","wpdc_pin_until":"","discourse_post_id":"","discourse_permalink":"","wpdc_publishing_response":"","wpdc_publishing_error":"","footnotes":""},"class_list":["post-2844","page","type-page","status-publish","hentry"],"yoast_head":"<!-- This site is optimized with the Yoast SEO plugin v25.3.1 - https:\/\/yoast.com\/wordpress\/plugins\/seo\/ -->\n<title>I migliori esempi di widget Menu Ristorante su un sito web (TOP 5)<\/title>\n<meta name=\"description\" content=\"TOP 5 esempi di Menu Ristorante: Family Restaurant, Coffee House e altri template. Esempi di widget Menu per il tuo sito web.\" \/>\n<meta name=\"robots\" content=\"index, follow, max-snippet:-1, max-image-preview:large, max-video-preview:-1\" \/>\n<link rel=\"canonical\" href=\"https:\/\/elfsight.com\/it\/restaurant-menu-widget\/examples\/\" \/>\n<meta property=\"og:locale\" content=\"it_IT\" \/>\n<meta property=\"og:type\" content=\"article\" \/>\n<meta property=\"og:title\" content=\"I migliori esempi di widget Menu Ristorante su un sito web (TOP 5)\" \/>\n<meta property=\"og:description\" content=\"TOP 5 esempi di Menu Ristorante: Family Restaurant, Coffee House e altri template. Esempi di widget Menu per il tuo sito web.\" \/>\n<meta property=\"og:url\" content=\"https:\/\/elfsight.com\/it\/restaurant-menu-widget\/examples\/\" \/>\n<meta property=\"og:site_name\" content=\"Elfsight IT\" \/>\n<meta property=\"article:modified_time\" content=\"2024-07-18T15:11:33+00:00\" \/>\n<meta name=\"twitter:card\" content=\"summary_large_image\" \/>\n<meta name=\"twitter:label1\" content=\"Tempo di lettura stimato\" \/>\n\t<meta name=\"twitter:data1\" content=\"2 minuti\" \/>\n<!-- \/ Yoast SEO plugin. -->","yoast_head_json":{"title":"I migliori esempi di widget Menu Ristorante su un sito web (TOP 5)","description":"TOP 5 esempi di Menu Ristorante: Family Restaurant, Coffee House e altri template. Esempi di widget Menu per il tuo sito web.","robots":{"index":"index","follow":"follow","max-snippet":"max-snippet:-1","max-image-preview":"max-image-preview:large","max-video-preview":"max-video-preview:-1"},"canonical":"https:\/\/elfsight.com\/it\/restaurant-menu-widget\/examples\/","og_locale":"it_IT","og_type":"article","og_title":"I migliori esempi di widget Menu Ristorante su un sito web (TOP 5)","og_description":"TOP 5 esempi di Menu Ristorante: Family Restaurant, Coffee House e altri template. Esempi di widget Menu per il tuo sito web.","og_url":"https:\/\/elfsight.com\/it\/restaurant-menu-widget\/examples\/","og_site_name":"Elfsight IT","article_modified_time":"2024-07-18T15:11:33+00:00","twitter_card":"summary_large_image","twitter_misc":{"Tempo di lettura stimato":"2 minuti"},"schema":{"@context":"https:\/\/schema.org","@graph":[{"@type":"WebPage","@id":"https:\/\/elfsight.com\/it\/restaurant-menu-widget\/examples\/","url":"https:\/\/elfsight.com\/it\/restaurant-menu-widget\/examples\/","name":"I migliori esempi di widget Menu Ristorante su un sito web (TOP 5)","isPartOf":{"@id":"https:\/\/elfsight.com\/it\/#website"},"datePublished":"2022-02-23T12:27:55+00:00","dateModified":"2024-07-18T15:11:33+00:00","description":"TOP 5 esempi di Menu Ristorante: Family Restaurant, Coffee House e altri template. Esempi di widget Menu per il tuo sito web.","breadcrumb":{"@id":"https:\/\/elfsight.com\/it\/restaurant-menu-widget\/examples\/#breadcrumb"},"inLanguage":"it-IT","potentialAction":[{"@type":"ReadAction","target":["https:\/\/elfsight.com\/it\/restaurant-menu-widget\/examples\/"]}]},{"@type":"BreadcrumbList","@id":"https:\/\/elfsight.com\/it\/restaurant-menu-widget\/examples\/#breadcrumb","itemListElement":[{"@type":"ListItem","position":1,"name":"Home","item":"https:\/\/elfsight.com\/it\/"},{"@type":"ListItem","position":2,"name":"Restaurant Menu","item":"https:\/\/elfsight.com\/it\/restaurant-menu-widget\/"},{"@type":"ListItem","position":3,"name":"Restaurant Menu &#8211; Examples"}]},{"@type":"WebSite","@id":"https:\/\/elfsight.com\/it\/#website","url":"https:\/\/elfsight.com\/it\/","name":"Elfsight IT","description":"Just another Elfsight Sites site","potentialAction":[{"@type":"SearchAction","target":{"@type":"EntryPoint","urlTemplate":"https:\/\/elfsight.com\/it\/?s={search_term_string}"},"query-input":{"@type":"PropertyValueSpecification","valueRequired":true,"valueName":"search_term_string"}}],"inLanguage":"it-IT"}]}},"meta_box":{"industry":"","seo_heading":"","heading":"","description":"","cta_heading":"","cta_description":"","application":"2833","h1":"Esempi di Menu Ristorante","h1_caption":"Controlla gli esempi di Menu Ristorante per scoprire tutto il potenziale del widget. Assicurati che soddisfi i tuoi obiettivi.","application_category":[],"applications_title":"","applications_request_title":"","applications_request_button_text":"","hero_text":"","hero_video":"","hero_video_schema_markup":"","selling_points_title":"","selling_points_caption":"","selling_points":[],"selling_points_cta_text":"","features_title":"","features":"","ed_cta_examples_text":"","ed_cta_examples_hidden":"","ed_cta_demo_text":"","ed_cta_demo_hidden":"","why_caption":"","why_editor_title":"","why_editor_text":"","why_team_title":"","why_team_text":"","why_service_title":"","why_service_text":"","template_catalog_visible":"","template_catalog_title":"","template_catalog_text":"","template_catalog_categories_visible":"","demo_title":"","demo_caption":"","default_faq_hidden":"","app_template_category":[],"platform":"","template_public_id":"","codecanyon_url":"","codecanyon_item_id":"","codecanyon_price":"","pricing_caption":"","pricing_elfsight_apps_hide_column":"","pricing_elfsight_apps_url":"","pricing_codecanyon_price_caption":"","integration_category":[],"integration_request_title":"","integration_request_cta":"","integration_platform":"","integrations":[],"platform_category":[],"video_schema_markup":"","price":"","trial":"","benefits":[],"button_url":"","button_target_blank":"","button_nofollow":"","attributes":[],"tags":[],"tags_disable_links":"","hide_more_platforms":"","video_object":"","demo_hide_cta":"","demo_hide_cloud_options":"","pricing_title":"","pricing":[],"related_apps_title":"","related_apps_hidden":"","author":"","image":[],"title":"","job":"","social_networks":[]},"_links":{"self":[{"href":"https:\/\/elfsight.com\/it\/wp-json\/wp\/v2\/pages\/2844","targetHints":{"allow":["GET"]}}],"collection":[{"href":"https:\/\/elfsight.com\/it\/wp-json\/wp\/v2\/pages"}],"about":[{"href":"https:\/\/elfsight.com\/it\/wp-json\/wp\/v2\/types\/page"}],"author":[{"embeddable":true,"href":"https:\/\/elfsight.com\/it\/wp-json\/wp\/v2\/users\/13"}],"replies":[{"embeddable":true,"href":"https:\/\/elfsight.com\/it\/wp-json\/wp\/v2\/comments?post=2844"}],"version-history":[{"count":3,"href":"https:\/\/elfsight.com\/it\/wp-json\/wp\/v2\/pages\/2844\/revisions"}],"predecessor-version":[{"id":7475,"href":"https:\/\/elfsight.com\/it\/wp-json\/wp\/v2\/pages\/2844\/revisions\/7475"}],"up":[{"embeddable":true,"href":"https:\/\/elfsight.com\/it\/wp-json\/wp\/v2\/pages\/2834"}],"wp:attachment":[{"href":"https:\/\/elfsight.com\/it\/wp-json\/wp\/v2\/media?parent=2844"}],"curies":[{"name":"wp","href":"https:\/\/api.w.org\/{rel}","templated":true}]}}