{"id":2477,"date":"2021-11-29T15:35:21","date_gmt":"2021-11-29T15:35:21","guid":{"rendered":"https:\/\/elfsight.com\/it\/?page_id=2477"},"modified":"2021-11-29T15:46:06","modified_gmt":"2021-11-29T15:46:06","slug":"examples","status":"publish","type":"page","link":"https:\/\/elfsight.com\/it\/banner-widget\/examples\/","title":{"rendered":"Banner &#8211; Examples"},"content":{"rendered":"\n<div class=\"application-examples-item application-examples-item-loading\">\n                            <div class=\"col-row\">\n                                <div class=\"col-6 col-m-8 col-s-12\"><h3 class=\"application-examples-item-title\">Esempio 1. Simple banner<\/h3><div class=\"application-examples-item-description\">Questo semplice banner contiene un'immagine di sfondo accompagnata da un semplice pulsante CTA che promuove uno sconto recente. Soluzione semplice e intelligente.<\/div><\/div>\n                <\/div>\n\n                <div class=\"application-examples-item-iframe-container browser-frame\">\n                    <div class=\"application-examples-item-iframe-wrapper\">\n                        <iframe class=\"application-examples-item-iframe application-examples-item-iframe-fixed-height\" data-src=\"https:\/\/elfsight.com\/examples?widget_id=867abb8e-55be-4607-9d1b-0ac88830ca70\" width=\"100%\" height=\"450\" allow=\"autoplay; fullscreen\"><\/iframe>\n                    <\/div>\n\n                    <div class=\"application-examples-item-loader\"><\/div>\n                <\/div>\n            <\/div>\n<div class=\"application-examples-item application-examples-item-loading\">\n                            <div class=\"col-row\">\n                                <div class=\"col-6 col-m-8 col-s-12\"><h3 class=\"application-examples-item-title\">Esempio 2. Vertical<\/h3><div class=\"application-examples-item-description\">Questo banner verticale con un'immagine di sfondo attraente sar\u00e0 un'ottima aggiunta alla tua barra laterale. Promuovi le tue offerte con facilit\u00e0!<\/div><\/div>\n                <\/div>\n\n                <div class=\"application-examples-item-iframe-container browser-frame\">\n                    <div class=\"application-examples-item-iframe-wrapper\">\n                        <iframe class=\"application-examples-item-iframe application-examples-item-iframe-fixed-height\" data-src=\"https:\/\/elfsight.com\/examples?widget_id=3bd7a35b-59db-42c6-beea-71113dffefe5\" width=\"100%\" height=\"700\" allow=\"autoplay; fullscreen\"><\/iframe>\n                    <\/div>\n\n                    <div class=\"application-examples-item-loader\"><\/div>\n                <\/div>\n            <\/div>\n<div class=\"application-examples-item application-examples-item-loading\">\n                            <div class=\"col-row\">\n                                <div class=\"col-6 col-m-8 col-s-12\"><h3 class=\"application-examples-item-title\">Esempio 3. Video background<\/h3><div class=\"application-examples-item-description\">Qui vediamo un esempio di banner video semplice ma accattivante che cattura immediatamente l'attenzione di tutti gli utenti.<\/div><\/div>\n                <\/div>\n\n                <div class=\"application-examples-item-iframe-container browser-frame\">\n                    <div class=\"application-examples-item-iframe-wrapper\">\n                        <iframe class=\"application-examples-item-iframe application-examples-item-iframe-fixed-height\" data-src=\"https:\/\/elfsight.com\/examples?widget_id=9499b757-83bd-43c0-aea1-90d6da7ef84c\" width=\"100%\" height=\"400\" allow=\"autoplay; fullscreen\"><\/iframe>\n                    <\/div>\n\n                    <div class=\"application-examples-item-loader\"><\/div>\n                <\/div>\n            <\/div>\n<div class=\"application-examples-item application-examples-item-loading\">\n                            <div class=\"col-row\">\n                                <div class=\"col-6 col-m-8 col-s-12\"><h3 class=\"application-examples-item-title\">Esempio 4. Right image<\/h3><div class=\"application-examples-item-description\">Questo banner si distingue per il posizionamento dell'immagine non standard. Il colore accento del pulsante completa magnificamente il design.<\/div><\/div>\n                <\/div>\n\n                <div class=\"application-examples-item-iframe-container browser-frame\">\n                    <div class=\"application-examples-item-iframe-wrapper\">\n                        <iframe class=\"application-examples-item-iframe application-examples-item-iframe-fixed-height\" data-src=\"https:\/\/elfsight.com\/examples?widget_id=c20d4b2f-cc8a-4ffc-9b76-ebf9120e463a\" width=\"100%\" height=\"400\" allow=\"autoplay; fullscreen\"><\/iframe>\n                    <\/div>\n\n                    <div class=\"application-examples-item-loader\"><\/div>\n                <\/div>\n            <\/div>\n<div class=\"application-examples-item application-examples-item-loading\">\n                            <div class=\"col-row\">\n                                <div class=\"col-6 col-m-8 col-s-12\"><h3 class=\"application-examples-item-title\">Esempio 5. Social Media<\/h3><div class=\"application-examples-item-description\">Un ottimo modo per attirare nuovi follower sui tuoi account sui social media \u00e8 aggiungere pulsanti colorati al tuo banner verticale! Abbonarsi non \u00e8 mai stato cos\u00ec facile.<\/div><\/div>\n                <\/div>\n\n                <div class=\"application-examples-item-iframe-container browser-frame\">\n                    <div class=\"application-examples-item-iframe-wrapper\">\n                        <iframe class=\"application-examples-item-iframe application-examples-item-iframe-fixed-height\" data-src=\"https:\/\/elfsight.com\/examples?widget_id=c450a373-f226-49a3-a63b-3e383f8e410b\" width=\"100%\" height=\"450\" allow=\"autoplay; fullscreen\"><\/iframe>\n                    <\/div>\n\n                    <div class=\"application-examples-item-loader\"><\/div>\n                <\/div>\n            <\/div>\n<div class=\"application-examples-item application-examples-item-loading\">\n                            <div class=\"col-row\">\n                                <div class=\"col-6 col-m-8 col-s-12\"><h3 class=\"application-examples-item-title\">Esempio 6. Webinar Announcement<\/h3><div class=\"application-examples-item-description\">Un banner pu\u00f2 essere non solo un invito all'azione, ma anche un elemento contenente tutte le informazioni di cui gli utenti hanno bisogno.<\/div><\/div>\n                <\/div>\n\n                <div class=\"application-examples-item-iframe-container browser-frame\">\n                    <div class=\"application-examples-item-iframe-wrapper\">\n                        <iframe class=\"application-examples-item-iframe application-examples-item-iframe-fixed-height\" data-src=\"https:\/\/elfsight.com\/examples?widget_id=bb00952b-461a-4e5f-9840-b29eda31a474\" width=\"100%\" height=\"600\" allow=\"autoplay; fullscreen\"><\/iframe>\n                    <\/div>\n\n                    <div class=\"application-examples-item-loader\"><\/div>\n                <\/div>\n            <\/div>\n<div class=\"application-examples-item application-examples-item-loading\">\n                            <div class=\"col-row\">\n                                <div class=\"col-6 col-m-8 col-s-12\"><h3 class=\"application-examples-item-title\">Esempio 7. Product<\/h3><div class=\"application-examples-item-description\">E qui puoi vedere un ottimo esempio di banner per promuovere un'ampia variet\u00e0 di categorie di prodotti. Basta scegliere un riempimento sfumato, aggiungere un'immagine e un testo che descriva le dimensioni disponibili e, prima ancora di battere le palpebre, il tuo prodotto sar\u00e0 esaurito!<\/div><\/div>\n                <\/div>\n\n                <div class=\"application-examples-item-iframe-container browser-frame\">\n                    <div class=\"application-examples-item-iframe-wrapper\">\n                        <iframe class=\"application-examples-item-iframe application-examples-item-iframe-fixed-height\" data-src=\"https:\/\/elfsight.com\/examples?widget_id=656ddf64-5b8d-4867-824e-93188dd230f5\" width=\"100%\" height=\"350\" allow=\"autoplay; fullscreen\"><\/iframe>\n                    <\/div>\n\n                    <div class=\"application-examples-item-loader\"><\/div>\n                <\/div>\n            <\/div>\n<div class=\"application-examples-item application-examples-item-loading\">\n                            <div class=\"col-row\">\n                                <div class=\"col-6 col-m-8 col-s-12\"><h3 class=\"application-examples-item-title\">Esempio 8. New Restaurant Menu<\/h3><div class=\"application-examples-item-description\">Vuoi che tutti vedano di sicuro il menu aggiornato del tuo ristorante? Quindi usa uno sfondo verde brillante e un'immagine accattivante<\/div><\/div>\n                <\/div>\n\n                <div class=\"application-examples-item-iframe-container browser-frame\">\n                    <div class=\"application-examples-item-iframe-wrapper\">\n                        <iframe class=\"application-examples-item-iframe application-examples-item-iframe-fixed-height\" data-src=\"https:\/\/elfsight.com\/examples?widget_id=7ef409e0-5f24-4b33-9f53-12b34dbd7c26\" width=\"100%\" height=\"650\" allow=\"autoplay; fullscreen\"><\/iframe>\n                    <\/div>\n\n                    <div class=\"application-examples-item-loader\"><\/div>\n                <\/div>\n            <\/div>\n<div class=\"application-examples-item application-examples-item-loading\">\n                            <div class=\"col-row\">\n                                <div class=\"col-6 col-m-8 col-s-12\"><h3 class=\"application-examples-item-title\">Esempio 9. Travel Discount<\/h3><div class=\"application-examples-item-description\">Per coloro che sono nel settore dei viaggi, questo banner con un'immagine di sfondo da sogno e un invito all'azione discreto pu\u00f2 essere una grande ispirazione.<\/div><\/div>\n                <\/div>\n\n                <div class=\"application-examples-item-iframe-container browser-frame\">\n                    <div class=\"application-examples-item-iframe-wrapper\">\n                        <iframe class=\"application-examples-item-iframe application-examples-item-iframe-fixed-height\" data-src=\"https:\/\/elfsight.com\/examples?widget_id=8bb7a69e-825c-4746-8469-3df1428c3735\" width=\"100%\" height=\"400\" allow=\"autoplay; fullscreen\"><\/iframe>\n                    <\/div>\n\n                    <div class=\"application-examples-item-loader\"><\/div>\n                <\/div>\n            <\/div>\n<div class=\"application-examples-item application-examples-item-loading\">\n                            <div class=\"col-row\">\n                                <div class=\"col-6 col-m-8 col-s-12\"><div class=\"application-examples-item-description\">Se non puoi permetterti di allocare abbastanza spazio per un banner a tutti gli effetti, allora questo esempio fa per te. Tutto ci\u00f2 di cui hai bisogno \u00e8 uno sfondo luminoso e un invito all'azione convincente!<\/div><\/div>\n                <\/div>\n\n                <div class=\"application-examples-item-iframe-container browser-frame\">\n                    <div class=\"application-examples-item-iframe-wrapper\">\n                        <iframe class=\"application-examples-item-iframe application-examples-item-iframe-fixed-height\" data-src=\"https:\/\/elfsight.com\/examples?widget_id=93fdf6a8-7490-4de4-86c1-0d708a81fa75\" width=\"100%\" height=\"300\" allow=\"autoplay; fullscreen\"><\/iframe>\n                    <\/div>\n\n                    <div class=\"application-examples-item-loader\"><\/div>\n                <\/div>\n            <\/div>\n","protected":false},"excerpt":{"rendered":"","protected":false},"author":13,"featured_media":0,"parent":2468,"menu_order":0,"comment_status":"closed","ping_status":"closed","template":"templates\/template-application-examples.php","meta":{"publish_to_discourse":"","publish_post_category":"","wpdc_auto_publish_overridden":"","wpdc_topic_tags":"","wpdc_pin_topic":"","wpdc_pin_until":"","discourse_post_id":"","discourse_permalink":"","wpdc_publishing_response":"","wpdc_publishing_error":"","footnotes":""},"class_list":["post-2477","page","type-page","status-publish","hentry"],"yoast_head":"<!-- This site is optimized with the Yoast SEO plugin v25.3.1 - https:\/\/yoast.com\/wordpress\/plugins\/seo\/ -->\n<title>I 10 migliori esempi di widget Banner per il tuo sito web (2025)<\/title>\n<meta name=\"description\" content=\"Esempi di widget Banner: Simple Banner, Product, Travel Discount e molti altri template di banner promozionali per il tuo sito web.\" \/>\n<meta name=\"robots\" content=\"index, follow, max-snippet:-1, max-image-preview:large, max-video-preview:-1\" \/>\n<link rel=\"canonical\" href=\"https:\/\/elfsight.com\/it\/banner-widget\/examples\/\" \/>\n<meta property=\"og:locale\" content=\"it_IT\" \/>\n<meta property=\"og:type\" content=\"article\" \/>\n<meta property=\"og:title\" content=\"I 10 migliori esempi di widget Banner per il tuo sito web (2025)\" \/>\n<meta property=\"og:description\" content=\"Esempi di widget Banner: Simple Banner, Product, Travel Discount e molti altri template di banner promozionali per il tuo sito web.\" \/>\n<meta property=\"og:url\" content=\"https:\/\/elfsight.com\/it\/banner-widget\/examples\/\" \/>\n<meta property=\"og:site_name\" content=\"Elfsight IT\" \/>\n<meta property=\"article:modified_time\" content=\"2021-11-29T15:46:06+00:00\" \/>\n<meta name=\"twitter:card\" content=\"summary_large_image\" \/>\n<meta name=\"twitter:label1\" content=\"Tempo di lettura stimato\" \/>\n\t<meta name=\"twitter:data1\" content=\"2 minuti\" \/>\n<!-- \/ Yoast SEO plugin. -->","yoast_head_json":{"title":"I 10 migliori esempi di widget Banner per il tuo sito web (2025)","description":"Esempi di widget Banner: Simple Banner, Product, Travel Discount e molti altri template di banner promozionali per il tuo sito web.","robots":{"index":"index","follow":"follow","max-snippet":"max-snippet:-1","max-image-preview":"max-image-preview:large","max-video-preview":"max-video-preview:-1"},"canonical":"https:\/\/elfsight.com\/it\/banner-widget\/examples\/","og_locale":"it_IT","og_type":"article","og_title":"I 10 migliori esempi di widget Banner per il tuo sito web (2025)","og_description":"Esempi di widget Banner: Simple Banner, Product, Travel Discount e molti altri template di banner promozionali per il tuo sito web.","og_url":"https:\/\/elfsight.com\/it\/banner-widget\/examples\/","og_site_name":"Elfsight IT","article_modified_time":"2021-11-29T15:46:06+00:00","twitter_card":"summary_large_image","twitter_misc":{"Tempo di lettura stimato":"2 minuti"},"schema":{"@context":"https:\/\/schema.org","@graph":[{"@type":"WebPage","@id":"https:\/\/elfsight.com\/it\/banner-widget\/examples\/","url":"https:\/\/elfsight.com\/it\/banner-widget\/examples\/","name":"I 10 migliori esempi di widget Banner per il tuo sito web (2025)","isPartOf":{"@id":"https:\/\/elfsight.com\/it\/#website"},"datePublished":"2021-11-29T15:35:21+00:00","dateModified":"2021-11-29T15:46:06+00:00","description":"Esempi di widget Banner: Simple Banner, Product, Travel Discount e molti altri template di banner promozionali per il tuo sito web.","breadcrumb":{"@id":"https:\/\/elfsight.com\/it\/banner-widget\/examples\/#breadcrumb"},"inLanguage":"it-IT","potentialAction":[{"@type":"ReadAction","target":["https:\/\/elfsight.com\/it\/banner-widget\/examples\/"]}]},{"@type":"BreadcrumbList","@id":"https:\/\/elfsight.com\/it\/banner-widget\/examples\/#breadcrumb","itemListElement":[{"@type":"ListItem","position":1,"name":"Home","item":"https:\/\/elfsight.com\/it\/"},{"@type":"ListItem","position":2,"name":"Banner","item":"https:\/\/elfsight.com\/it\/banner-widget\/"},{"@type":"ListItem","position":3,"name":"Banner &#8211; Examples"}]},{"@type":"WebSite","@id":"https:\/\/elfsight.com\/it\/#website","url":"https:\/\/elfsight.com\/it\/","name":"Elfsight IT","description":"Just another Elfsight Sites site","potentialAction":[{"@type":"SearchAction","target":{"@type":"EntryPoint","urlTemplate":"https:\/\/elfsight.com\/it\/?s={search_term_string}"},"query-input":{"@type":"PropertyValueSpecification","valueRequired":true,"valueName":"search_term_string"}}],"inLanguage":"it-IT"}]}},"meta_box":{"industry":"","seo_heading":"","heading":"","description":"","cta_heading":"","cta_description":"","application":"2467","h1":"Esempi di Banner","h1_caption":"Controlla gli esempi di Banner per scoprire il pieno potenziale del widget. Assicurati che si adatti ai tuoi obiettivi.","application_category":[],"applications_title":"","applications_request_title":"","applications_request_button_text":"","hero_text":"","hero_video":"","hero_video_schema_markup":"","selling_points_title":"","selling_points_caption":"","selling_points":[],"selling_points_cta_text":"","features_title":"","features":"","ed_cta_examples_text":"","ed_cta_examples_hidden":"","ed_cta_demo_text":"","ed_cta_demo_hidden":"","why_caption":"","why_editor_title":"","why_editor_text":"","why_team_title":"","why_team_text":"","why_service_title":"","why_service_text":"","template_catalog_visible":"","template_catalog_title":"","template_catalog_text":"","template_catalog_categories_visible":"","demo_title":"","demo_caption":"","default_faq_hidden":"","app_template_category":[],"platform":"","template_public_id":"","codecanyon_url":"","codecanyon_item_id":"","codecanyon_price":"","pricing_caption":"","pricing_elfsight_apps_hide_column":"","pricing_elfsight_apps_url":"","pricing_codecanyon_price_caption":"","integration_category":[],"integration_request_title":"","integration_request_cta":"","integration_platform":"","integrations":[],"platform_category":[],"video_schema_markup":"","price":"","trial":"","benefits":[],"button_url":"","button_target_blank":"","button_nofollow":"","attributes":[],"tags":[],"tags_disable_links":"","hide_more_platforms":"","video_object":"","demo_hide_cta":"","demo_hide_cloud_options":"","pricing_title":"","pricing":[],"related_apps_title":"","related_apps_hidden":"","author":"","image":[],"title":"","job":"","social_networks":[]},"_links":{"self":[{"href":"https:\/\/elfsight.com\/it\/wp-json\/wp\/v2\/pages\/2477","targetHints":{"allow":["GET"]}}],"collection":[{"href":"https:\/\/elfsight.com\/it\/wp-json\/wp\/v2\/pages"}],"about":[{"href":"https:\/\/elfsight.com\/it\/wp-json\/wp\/v2\/types\/page"}],"author":[{"embeddable":true,"href":"https:\/\/elfsight.com\/it\/wp-json\/wp\/v2\/users\/13"}],"replies":[{"embeddable":true,"href":"https:\/\/elfsight.com\/it\/wp-json\/wp\/v2\/comments?post=2477"}],"version-history":[{"count":2,"href":"https:\/\/elfsight.com\/it\/wp-json\/wp\/v2\/pages\/2477\/revisions"}],"predecessor-version":[{"id":2479,"href":"https:\/\/elfsight.com\/it\/wp-json\/wp\/v2\/pages\/2477\/revisions\/2479"}],"up":[{"embeddable":true,"href":"https:\/\/elfsight.com\/it\/wp-json\/wp\/v2\/pages\/2468"}],"wp:attachment":[{"href":"https:\/\/elfsight.com\/it\/wp-json\/wp\/v2\/media?parent=2477"}],"curies":[{"name":"wp","href":"https:\/\/api.w.org\/{rel}","templated":true}]}}