{"id":2420,"date":"2021-11-17T14:20:08","date_gmt":"2021-11-17T14:20:08","guid":{"rendered":"https:\/\/elfsight.com\/it\/?page_id=2420"},"modified":"2021-11-17T14:32:24","modified_gmt":"2021-11-17T14:32:24","slug":"features","status":"publish","type":"page","link":"https:\/\/elfsight.com\/it\/airbnb-reviews-widget\/features\/","title":{"rendered":"Airbnb Reviews &#8211; Features"},"content":{"rendered":"\n<section class=\"application-features-group section\" id=\"REVIEWS\">\n                    <div class=\"inner\">\n                        <div class=\"col-row\">\n                            <div class=\"col-6 col-offset-3 col-m-12 col-m-offset-0\">\n<h3>Aggiungi recensioni al tuo sito in pochi secondi<\/h3>\n<p>Se hai un account Airbnb, dove i clienti lasciano i loro commenti, bastano un paio di clic per incorporarli nel tuo sito web. Con il nostro widget, tutto ci\u00f2 che devi fare \u00e8 ottenere l&#8217;autorizzazione su Airbnb come amministratore della pagina. Il widget trover\u00e0 le recensioni e le mostrer\u00e0 sul tuo sito. Subito dopo la pubblicazione di una nuova recensione su Airbnb, sar\u00e0 presente anche sul tuo sito.<\/p>\n<h3>Scegli i contenuti pi\u00f9 significativi<\/h3>\n<p>Il widget Elfsight ti aiuter\u00e0 a visualizzare solo le recensioni positive o pi\u00f9 rilevanti dei clienti sul tuo appartamento o hotel. Per questo ci sono 3 filtri nel widget. \u00c8 possibile impostare il widget per mostrare tutte le recensioni o solo quelle quelle positive; Il filtro Exclude By (Escludi per) rimuove le recensioni comprese le parole chiave impostate; e con l&#8217;aiuto del filtro quantity (quantit\u00e0) puoi scegliere il numero di recensioni da mostrare.<\/p>\n<h3>Vanta la tua alta valutazione sul sito<\/h3>\n<p>Le recensioni dei tuoi ospiti sono il modo migliore per dimostrare agli utenti che la tua attivit\u00e0 merita fiducia,ecco perch\u00e9 devono apparire affidabili. Con il nostro widget, i visitatori del sito vedranno non solo il testo della recensione, ma anche i dettagli pi\u00f9 convincenti: nome dell&#8217;autore, immagine, data di aggiunta, icona di Airbnb e una valutazione a stelle. E sono tutte intercambiabili. Avendo dettagli di design Airbnb familiari, le tue recensioni saranno indiscutibilmente affidabili!<\/p>\n<\/div>\n                        <\/div>\n                    <\/div>\n\n                    <div class=\"application-features-group-title\">REVIEWS<\/div>\n                <\/section>\n<section class=\"application-features-group section\" id=\"HEADER\">\n                    <div class=\"inner\">\n                        <div class=\"col-row\">\n                            <div class=\"col-6 col-offset-3 col-m-12 col-m-offset-0\">\n<h3>Intestazione widget per mostrare la tua credibilit\u00e0 sui social<\/h3>\n<p>Con l&#8217;aiuto del nostro widget, puoi utilizzare i fattori sociali per ottenere un&#8217;immagine positiva della tua attivit\u00e0 tra i visitatori del sito. L&#8217;intestazione di Elfsight Airbnb Reviews mostra il numero di stelle che le persone ti hanno assegnato, il numero totale di clienti che hanno consigliato il tuo luogo e le foto recenti. Cliccando sulla foto e sul nome del tuo luogo, le persone saranno reindirizzati alla tua pagina Airbnb, dove potranno pubblicare la propria recensione.<\/p>\n<h3>Elementi intercambiabili dell&#8217;intestazione<\/h3>\n<p>L&#8217;intestazione del widget Elfsight Airbnb Reviews ti d\u00e0 la libert\u00e0 di crearlo a modo tuo. Puoi mostrare o nascondere le valutazioni e le immagini degli utenti e impostare il colore del rating. Il titolo del widget \u00e8 modificabile, quindi puoi pensare al tuo nome e personalizzare il carattere . Nel caso in cui non desideri mostrare l&#8217;intestazione, puoi semplicemente disattivarla.<\/p>\n<\/div>\n                        <\/div>\n                    <\/div>\n\n                    <div class=\"application-features-group-title\">HEADER<\/div>\n                <\/section>\n<section class=\"application-features-group section\" id=\"FEEDBACK\">\n                    <div class=\"inner\">\n                        <div class=\"col-row\">\n                            <div class=\"col-6 col-offset-3 col-m-12 col-m-offset-0\">\n<h3>Pulsante CTA<\/h3>\n<p>Con l&#8217;aiuto del nostro widget, non solo puoi dimostrare le recensioni, ma anche ottenere quelle nuove. Il pulsante di invito all&#8217;azione nell&#8217;intestazione del nostro widget offre ai visitatori di lasciare immediatamente una nuova recensione. Quando un visitatore \u00e8 pronto a commentare, il pulsante \u201cS\u00ec\u201d lo condurr\u00e0 alla tua pagina Airbnb. Pulsante \u201cNo\u201d mostrer\u00e0 il tuo messaggio. Nel messaggio puoi inserire qualsiasi testo e link, ad esempio la tua email per il feedback.<\/p>\n<\/div>\n                        <\/div>\n                    <\/div>\n\n                    <div class=\"application-features-group-title\">FEEDBACK<\/div>\n                <\/section>\n<section class=\"application-features-group section\" id=\"DESIGN\">\n                    <div class=\"inner\">\n                        <div class=\"col-row\">\n                            <div class=\"col-6 col-offset-3 col-m-12 col-m-offset-0\">\n<h3>Tre template predefiniti<\/h3>\n<p>Con il widget Elfsight, le tue recensioni di Airbnb avranno un aspetto elegante e manterranno i dettagli del noto design Airbnb. Offriamo tre template: il template Classico manterr\u00e0 l&#8217;aspetto originale di Airbnb, Bubble imposta le informazioni sull&#8217;autore sotto il testo della recensione e Spotlight posiziona tutti gli elementi al centro e mette in evidenza il testo.<\/p>\n<h3>I layout aiuteranno a trovare la giusta posizione<\/h3>\n<p>Il widget Elfsight ha 4 tipi di layout, per garantire una posizione ottimale delle recensioni sulla pagina Possono essere mostrate una ad una con l&#8217;opzione List; scegli Grid per creare una griglia di recensioni; Slider mostrer\u00e0 un carosello di recensioni; e Masonry metter\u00e0 le recensioni in posizione ottimale in base allo spazio verticale disponibile.Tutti i layout dispongono di opzioni aggiuntive: con Slider, puoi impostare frecce o scorrimento per la navigazione, scegliere la velocit\u00e0 con cui scorre e il tipo di impaginazione. Con ogni layout, puoi impostare la quantit\u00e0 di recensioni da mostrare per pagina.<\/p>\n<h3>Imposta parametri di dimensione personalizzati<\/h3>\n<p>Scegli altezza e larghezza in pixel o in percentuale. Prova tutti i parametri e trova l&#8217;optimum. Inoltre, con qualsiasi parametro tu scelga, le tue Recensioni di Airbnb avranno un aspetto impeccabile su tablet e telefoni cellulari perch\u00e9 sono dotate di ottimizzazione per dispositivi mobili.<\/p>\n<\/div>\n                        <\/div>\n                    <\/div>\n\n                    <div class=\"application-features-group-title\">DESIGN<\/div>\n                <\/section>\n<section class=\"application-features-group section\" id=\"STYLE\">\n                    <div class=\"inner\">\n                        <div class=\"col-row\">\n                            <div class=\"col-6 col-offset-3 col-m-12 col-m-offset-0\">\n<h3>Cambia la dimensione e il peso del carattere<\/h3>\n<p>Il testo \u00e8 una delle parti pi\u00f9 importanti del widget,quindi  puoi scegliere la dimensione del carattere. A tua disposizione sono le opzioni per il titolo e per il testo della recensione in modo da poterle modificare separatamente. Per il testo del titolo, puoi anche scegliere il peso normale o in grassetto del carattere.<\/p>\n<h3>Elementi dell&#8217;interfaccia colorabili<\/h3>\n<p>Se stai utilizzando il widget di Elfsight, le tue recensioni Airbnb non possono sembrare noiose. Questo widget include cinque elementi che possono essere colorati in modo indipendente: testo della recensione, sfondo della recensione, i link, pulsante di richiesta di recensione e una valutazione a stelle. Prova diverse combinazioni o imposta i colori familiari di Airbnb; sei tu a decidere!<\/p>\n<\/div>\n                        <\/div>\n                    <\/div>\n\n                    <div class=\"application-features-group-title\">STYLE<\/div>\n                <\/section>\n","protected":false},"excerpt":{"rendered":"","protected":false},"author":13,"featured_media":0,"parent":2411,"menu_order":0,"comment_status":"closed","ping_status":"closed","template":"templates\/template-application-features.php","meta":{"publish_to_discourse":"","publish_post_category":"","wpdc_auto_publish_overridden":"","wpdc_topic_tags":"","wpdc_pin_topic":"","wpdc_pin_until":"","discourse_post_id":"","discourse_permalink":"","wpdc_publishing_response":"","wpdc_publishing_error":"","footnotes":""},"class_list":["post-2420","page","type-page","status-publish","hentry"],"yoast_head":"<!-- This site is optimized with the Yoast SEO plugin v25.3.1 - https:\/\/yoast.com\/wordpress\/plugins\/seo\/ -->\n<title>AirBnb Reviews widget \u2014 Funzionalit\u00e0 (20+ impostazioni personalizzate)<\/title>\n<meta name=\"description\" content=\"Funzionalit\u00e0 del widget Recensioni di AirBnb. Impostazioni e layout di widget AirBnb completamente responsive per qualsiasi dispositivo.\" \/>\n<meta name=\"robots\" content=\"index, follow, max-snippet:-1, max-image-preview:large, max-video-preview:-1\" \/>\n<link rel=\"canonical\" href=\"https:\/\/elfsight.com\/it\/airbnb-reviews-widget\/features\/\" \/>\n<meta property=\"og:locale\" content=\"it_IT\" \/>\n<meta property=\"og:type\" content=\"article\" \/>\n<meta property=\"og:title\" content=\"AirBnb Reviews widget \u2014 Funzionalit\u00e0 (20+ impostazioni personalizzate)\" \/>\n<meta property=\"og:description\" content=\"Funzionalit\u00e0 del widget Recensioni di AirBnb. Impostazioni e layout di widget AirBnb completamente responsive per qualsiasi dispositivo.\" \/>\n<meta property=\"og:url\" content=\"https:\/\/elfsight.com\/it\/airbnb-reviews-widget\/features\/\" \/>\n<meta property=\"og:site_name\" content=\"Elfsight IT\" \/>\n<meta property=\"article:modified_time\" content=\"2021-11-17T14:32:24+00:00\" \/>\n<meta name=\"twitter:card\" content=\"summary_large_image\" \/>\n<meta name=\"twitter:label1\" content=\"Tempo di lettura stimato\" \/>\n\t<meta name=\"twitter:data1\" content=\"4 minuti\" \/>\n<!-- \/ Yoast SEO plugin. -->","yoast_head_json":{"title":"AirBnb Reviews widget \u2014 Funzionalit\u00e0 (20+ impostazioni personalizzate)","description":"Funzionalit\u00e0 del widget Recensioni di AirBnb. Impostazioni e layout di widget AirBnb completamente responsive per qualsiasi dispositivo.","robots":{"index":"index","follow":"follow","max-snippet":"max-snippet:-1","max-image-preview":"max-image-preview:large","max-video-preview":"max-video-preview:-1"},"canonical":"https:\/\/elfsight.com\/it\/airbnb-reviews-widget\/features\/","og_locale":"it_IT","og_type":"article","og_title":"AirBnb Reviews widget \u2014 Funzionalit\u00e0 (20+ impostazioni personalizzate)","og_description":"Funzionalit\u00e0 del widget Recensioni di AirBnb. Impostazioni e layout di widget AirBnb completamente responsive per qualsiasi dispositivo.","og_url":"https:\/\/elfsight.com\/it\/airbnb-reviews-widget\/features\/","og_site_name":"Elfsight IT","article_modified_time":"2021-11-17T14:32:24+00:00","twitter_card":"summary_large_image","twitter_misc":{"Tempo di lettura stimato":"4 minuti"},"schema":{"@context":"https:\/\/schema.org","@graph":[{"@type":"WebPage","@id":"https:\/\/elfsight.com\/it\/airbnb-reviews-widget\/features\/","url":"https:\/\/elfsight.com\/it\/airbnb-reviews-widget\/features\/","name":"AirBnb Reviews widget \u2014 Funzionalit\u00e0 (20+ impostazioni personalizzate)","isPartOf":{"@id":"https:\/\/elfsight.com\/it\/#website"},"datePublished":"2021-11-17T14:20:08+00:00","dateModified":"2021-11-17T14:32:24+00:00","description":"Funzionalit\u00e0 del widget Recensioni di AirBnb. Impostazioni e layout di widget AirBnb completamente responsive per qualsiasi dispositivo.","breadcrumb":{"@id":"https:\/\/elfsight.com\/it\/airbnb-reviews-widget\/features\/#breadcrumb"},"inLanguage":"it-IT","potentialAction":[{"@type":"ReadAction","target":["https:\/\/elfsight.com\/it\/airbnb-reviews-widget\/features\/"]}]},{"@type":"BreadcrumbList","@id":"https:\/\/elfsight.com\/it\/airbnb-reviews-widget\/features\/#breadcrumb","itemListElement":[{"@type":"ListItem","position":1,"name":"Home","item":"https:\/\/elfsight.com\/it\/"},{"@type":"ListItem","position":2,"name":"Airbnb Reviews","item":"https:\/\/elfsight.com\/it\/airbnb-reviews-widget\/"},{"@type":"ListItem","position":3,"name":"Airbnb Reviews &#8211; Features"}]},{"@type":"WebSite","@id":"https:\/\/elfsight.com\/it\/#website","url":"https:\/\/elfsight.com\/it\/","name":"Elfsight IT","description":"Just another Elfsight Sites site","potentialAction":[{"@type":"SearchAction","target":{"@type":"EntryPoint","urlTemplate":"https:\/\/elfsight.com\/it\/?s={search_term_string}"},"query-input":{"@type":"PropertyValueSpecification","valueRequired":true,"valueName":"search_term_string"}}],"inLanguage":"it-IT"}]}},"meta_box":{"industry":"","seo_heading":"","heading":"","description":"","cta_heading":"","cta_description":"","application":"2410","h1":"Funzionalit\u00e0 di Airbnb Reviews","h1_caption":"Esplora tutte le funzionalit\u00e0 di Elfsight Airbnb Reviews e come possono aiutarti a creare il widget pi\u00f9 efficace.","application_category":[],"applications_title":"","applications_request_title":"","applications_request_button_text":"","hero_text":"","hero_video":"","hero_video_schema_markup":"","selling_points_title":"","selling_points_caption":"","selling_points":[],"selling_points_cta_text":"","features_title":"","features":"","ed_cta_examples_text":"","ed_cta_examples_hidden":"","ed_cta_demo_text":"","ed_cta_demo_hidden":"","why_caption":"","why_editor_title":"","why_editor_text":"","why_team_title":"","why_team_text":"","why_service_title":"","why_service_text":"","template_catalog_visible":"","template_catalog_title":"","template_catalog_text":"","template_catalog_categories_visible":"","demo_title":"","demo_caption":"","default_faq_hidden":"","app_template_category":[],"platform":"","template_public_id":"","codecanyon_url":"","codecanyon_item_id":"","codecanyon_price":"","pricing_caption":"","pricing_elfsight_apps_hide_column":"","pricing_elfsight_apps_url":"","pricing_codecanyon_price_caption":"","integration_category":[],"integration_request_title":"","integration_request_cta":"","integration_platform":"","integrations":[],"platform_category":[],"video_schema_markup":"","price":"","trial":"","benefits":[],"button_url":"","button_target_blank":"","button_nofollow":"","attributes":[],"tags":[],"tags_disable_links":"","hide_more_platforms":"","video_object":"","demo_hide_cta":"","demo_hide_cloud_options":"","pricing_title":"","pricing":[],"related_apps_title":"","related_apps_hidden":"","author":"","image":[],"title":"","job":"","social_networks":[]},"_links":{"self":[{"href":"https:\/\/elfsight.com\/it\/wp-json\/wp\/v2\/pages\/2420","targetHints":{"allow":["GET"]}}],"collection":[{"href":"https:\/\/elfsight.com\/it\/wp-json\/wp\/v2\/pages"}],"about":[{"href":"https:\/\/elfsight.com\/it\/wp-json\/wp\/v2\/types\/page"}],"author":[{"embeddable":true,"href":"https:\/\/elfsight.com\/it\/wp-json\/wp\/v2\/users\/13"}],"replies":[{"embeddable":true,"href":"https:\/\/elfsight.com\/it\/wp-json\/wp\/v2\/comments?post=2420"}],"version-history":[{"count":2,"href":"https:\/\/elfsight.com\/it\/wp-json\/wp\/v2\/pages\/2420\/revisions"}],"predecessor-version":[{"id":2422,"href":"https:\/\/elfsight.com\/it\/wp-json\/wp\/v2\/pages\/2420\/revisions\/2422"}],"up":[{"embeddable":true,"href":"https:\/\/elfsight.com\/it\/wp-json\/wp\/v2\/pages\/2411"}],"wp:attachment":[{"href":"https:\/\/elfsight.com\/it\/wp-json\/wp\/v2\/media?parent=2420"}],"curies":[{"name":"wp","href":"https:\/\/api.w.org\/{rel}","templated":true}]}}