{"id":2282,"date":"2021-06-29T17:38:01","date_gmt":"2021-06-29T17:38:01","guid":{"rendered":"https:\/\/elfsight.com\/it\/?page_id=2282"},"modified":"2021-06-29T17:55:47","modified_gmt":"2021-06-29T17:55:47","slug":"examples","status":"publish","type":"page","link":"https:\/\/elfsight.com\/it\/portfolio-widget\/examples\/","title":{"rendered":"Portfolio &#8211; Examples"},"content":{"rendered":"\n<div class=\"application-examples-item application-examples-item-loading\">\n                            <div class=\"col-row\">\n                                <div class=\"col-6 col-m-8 col-s-12\"><h3 class=\"application-examples-item-title\">Esempio 1: Portfolio per Travel Blog<\/h3><div class=\"application-examples-item-description\">Crea il tuo portfolio fotografico completo che non mostrer\u00e0 solo i tuoi lavori, ma ne parler\u00e0 agli utenti. Il layout List dispone i progetti in una colonna e sono accompagnati da una breve descrizione. Un layout Card crea questo tipo di posizionamento degli elementi. Basta un clic sul progetto e tutti i lavori vengono visualizzati nel popup, con testo e altre informazioni sul progetto. Gli utenti non possono semplicemente scorrere i lavori, ma anche navigare tra i progetti con l'aiuto delle frecce.<\/div><\/div>\n                <\/div>\n\n                <div class=\"application-examples-item-iframe-container browser-frame\">\n                    <div class=\"application-examples-item-iframe-wrapper\">\n                        <iframe class=\"application-examples-item-iframe application-examples-item-iframe-fixed-height\" data-src=\"https:\/\/elfsight.com\/examples?widget_id=46a5f589-a476-4236-82f7-3f388ec7cb9b&padding=28px\" width=\"100%\" height=\"800px\" allow=\"autoplay; fullscreen\"><\/iframe>\n                    <\/div>\n\n                    <div class=\"application-examples-item-loader\"><\/div>\n                <\/div>\n            <\/div>\n<div class=\"application-examples-item application-examples-item-loading\">\n                            <div class=\"col-row\">\n                                <div class=\"col-6 col-m-8 col-s-12\"><h3 class=\"application-examples-item-title\">Esempio 2: Portfolio per la Produzione Video<\/h3><div class=\"application-examples-item-description\">Mostra tutti i tuoi lavori in un elegante portfolio video incorporato in una pagina del sito web. Elfsight Portfolio consente di aggiungere video Vimeo e YouTube con anteprime e riprodurli nel popup direttamente sul sito. Tutte le solite azioni: Mi piace, Condividi e Visualizza in seguito sono disponibili anche nel popup. Puoi impostare il nome del video, aggiungere la data e la descrizione e includere un link a qualsiasi indirizzo. Tutti questi elementi possono anche essere disabilitati.<\/div><\/div>\n                <\/div>\n\n                <div class=\"application-examples-item-iframe-container browser-frame\">\n                    <div class=\"application-examples-item-iframe-wrapper\">\n                        <iframe class=\"application-examples-item-iframe\" data-src=\"https:\/\/elfsight.com\/examples?widget_id=0d0672fd-5f1a-4de9-b6f1-b5386ef2480b&padding=28px\" width=\"100%\" allow=\"autoplay; fullscreen\"><\/iframe>\n                    <\/div>\n\n                    <div class=\"application-examples-item-loader\"><\/div>\n                <\/div>\n            <\/div>\n<div class=\"application-examples-item application-examples-item-loading\">\n                            <div class=\"col-row\">\n                                <div class=\"col-6 col-m-8 col-s-12\"><h3 class=\"application-examples-item-title\">Esempio 3: Portfolio per Web Designer<\/h3><div class=\"application-examples-item-description\">Mostrare i tuoi lavori da diverse aree non potrebbe essere pi\u00f9 facile, con un menu di categorie nel tuo portfolio. I tuoi progetti saranno suddivisi in categorie e gli utenti potranno passare da una all'altra. Per visualizzare l'essenza di ogni progetto puoi caricare una copertina del progetto. Se scegli Look Bottom overlay, la descrizione del progetto apparir\u00e0 al passaggio del mouse nell'angolo in basso a sinistra. L'intestazione aiuta a promuovere l'autore mostrando i suoi dettagli di contatto e il pulsante CTA.<\/div><\/div>\n                <\/div>\n\n                <div class=\"application-examples-item-iframe-container browser-frame\">\n                    <div class=\"application-examples-item-iframe-wrapper\">\n                        <iframe class=\"application-examples-item-iframe application-examples-item-iframe-fixed-height\" data-src=\"https:\/\/elfsight.com\/examples?widget_id=0d92aa7b-7c5b-4113-9198-07d2bd3d21d1&padding=28px\" width=\"100%\" height=\"850px\" allow=\"autoplay; fullscreen\"><\/iframe>\n                    <\/div>\n\n                    <div class=\"application-examples-item-loader\"><\/div>\n                <\/div>\n            <\/div>\n<div class=\"application-examples-item application-examples-item-loading\">\n                            <div class=\"col-row\">\n                                <div class=\"col-6 col-m-8 col-s-12\"><h3 class=\"application-examples-item-title\">Esempio 4: Portfolio per Servizi Fotografici<\/h3><div class=\"application-examples-item-description\">Con il layout Grid, puoi creare una galleria elegante e minimalista delle tue foto. In questo esempio, l'intestazione del widget \u00e8 nascosta, le descrizioni del progetto sono visibili solo al passaggio del mouse, il che rende l'interfaccia discreta. Tutti i progetti sono disposti in una griglia 3x5 con una dimensione uniforme e una forma quadrata delle schede progetto. L'effetto hover in bianco e nero aggiunge stile. Facendo clic, il progetto apre tutti i lavori senza dettagli non necessari.<\/div><\/div>\n                <\/div>\n\n                <div class=\"application-examples-item-iframe-container browser-frame\">\n                    <div class=\"application-examples-item-iframe-wrapper\">\n                        <iframe class=\"application-examples-item-iframe application-examples-item-iframe-fixed-height\" data-src=\"https:\/\/elfsight.com\/examples?widget_id=98a5ac9f-c9e8-4c93-a29f-fea152f0408b&padding=28px\" width=\"100%\" height=\"800px\" allow=\"autoplay; fullscreen\"><\/iframe>\n                    <\/div>\n\n                    <div class=\"application-examples-item-loader\"><\/div>\n                <\/div>\n            <\/div>\n<div class=\"application-examples-item application-examples-item-loading\">\n                            <div class=\"col-row\">\n                                <div class=\"col-6 col-m-8 col-s-12\"><h3 class=\"application-examples-item-title\">Esempio 5: Portfolio per Makeup Artist<\/h3><div class=\"application-examples-item-description\">Mostra il tuo talento artistico e crea un widget davvero elegante. Guarda come questo esempio combina il colore di sfondo con il colore del pulsante CTA e le informazioni di contatto. Tutte le foto sono posizionate in una griglia con un intervallo impostato, le descrizioni delle foto sono disabilitate. Gli utenti possono vedere le foto eccellenti nel popup e contattare l'autore tramite le informazioni di contatto nell'intestazione del widget.<\/div><\/div>\n                <\/div>\n\n                <div class=\"application-examples-item-iframe-container browser-frame\">\n                    <div class=\"application-examples-item-iframe-wrapper\">\n                        <iframe class=\"application-examples-item-iframe application-examples-item-iframe-fixed-height\" data-src=\"https:\/\/elfsight.com\/examples?widget_id=54910454-2cc3-423c-9afd-171403d7e32f&padding=28px\" width=\"100%\" height=\"800px\" allow=\"autoplay; fullscreen\"><\/iframe>\n                    <\/div>\n\n                    <div class=\"application-examples-item-loader\"><\/div>\n                <\/div>\n            <\/div>\n<div class=\"application-examples-item application-examples-item-loading\">\n                            <div class=\"col-row\">\n                                <div class=\"col-6 col-m-8 col-s-12\"><h3 class=\"application-examples-item-title\">Esempio 6: Portfolio per Hair Stylist<\/h3><div class=\"application-examples-item-description\">Se hai bisogno di mostrare un'ampia variet\u00e0 di lavori, il nostro widget pu\u00f2 aiutarti. Queste fotografie che illustrano il lavoro di un parrucchiere sono raccolte in una griglia 3x3 con una spaziatura abbastanza ampia. La dimensione e la forma delle fotografie sono abbinate alla stessa dimensione per aggiungere moderazione e unit\u00e0. Una tale galleria illustra perfettamente le abilit\u00e0 e i talenti del maestro. Popup aprir\u00e0 ciascuna delle immagini in piena vista per consentire agli utenti di guardarla in tutti i dettagli.<\/div><\/div>\n                <\/div>\n\n                <div class=\"application-examples-item-iframe-container browser-frame\">\n                    <div class=\"application-examples-item-iframe-wrapper\">\n                        <iframe class=\"application-examples-item-iframe application-examples-item-iframe-fixed-height\" data-src=\"https:\/\/elfsight.com\/examples?widget_id=41438b69-2632-44cc-adcd-c6a2285df432&padding=28px\" width=\"100%\" height=\"800px\" allow=\"autoplay; fullscreen\"><\/iframe>\n                    <\/div>\n\n                    <div class=\"application-examples-item-loader\"><\/div>\n                <\/div>\n            <\/div>\n<div class=\"application-examples-item application-examples-item-loading\">\n                            <div class=\"col-row\">\n                                <div class=\"col-6 col-m-8 col-s-12\"><h3 class=\"application-examples-item-title\">Esempio 7: Portfolio per Fotografo di Moda<\/h3><div class=\"application-examples-item-description\">Quando \u00e8 importante mostrare le tue foto nelle dimensioni reali e salvare le proporzioni, il nostro widget offre il layout Masonry che dispone le foto in modo ottimale salvando i parametri originali. In questo esempio la spaziatura tra le foto \u00e8 ridotta, il che, combinato con lo sfondo nero, crea un aspetto geometrico contrastante. Il fotografo pu\u00f2 aggiungere il proprio nome e le informazioni di contatto all'intestazione del widget. E gli elementi pi\u00f9 importanti: il nome e il pulsante CTA rimangono visibili anche nel popup.<\/div><\/div>\n                <\/div>\n\n                <div class=\"application-examples-item-iframe-container browser-frame\">\n                    <div class=\"application-examples-item-iframe-wrapper\">\n                        <iframe class=\"application-examples-item-iframe application-examples-item-iframe-fixed-height\" data-src=\"https:\/\/elfsight.com\/examples?widget_id=93b5f6e5-27a0-456a-9423-933ae5ccf715&padding=28px\" width=\"100%\" height=\"800px\" allow=\"autoplay; fullscreen\"><\/iframe>\n                    <\/div>\n\n                    <div class=\"application-examples-item-loader\"><\/div>\n                <\/div>\n            <\/div>\n<div class=\"application-examples-item application-examples-item-loading\">\n                            <div class=\"col-row\">\n                                <div class=\"col-6 col-m-8 col-s-12\"><h3 class=\"application-examples-item-title\">Esempio 8: Portfolio per Fotografo di Prodotti<\/h3><div class=\"application-examples-item-description\">Questo \u00e8 un altro esempio di come Elfsight Portfolio corrisponda perfettamente alle esigenze di coloro che mettono in mostra le proprie foto sul sito. Questo widget sembra molto vivace e dinamico. Tutte le foto sono della stessa dimensione e forma quadrata e l'assenza di spaziatura tra di loro crea unit\u00e0 visiva. Sebbene mostrino tutti prodotti completamente diversi, stanno benissimo insieme per formare un vivace collage. Questo widget si ridimensiona automaticamente e riempie tutto lo spazio libero della pagina.<\/div><\/div>\n                <\/div>\n\n                <div class=\"application-examples-item-iframe-container browser-frame\">\n                    <div class=\"application-examples-item-iframe-wrapper\">\n                        <iframe class=\"application-examples-item-iframe application-examples-item-iframe-fixed-height\" data-src=\"https:\/\/elfsight.com\/examples?widget_id=3a29d147-de50-4748-908a-e2d9151de3ab&padding=28px\" width=\"100%\" height=\"800px\" allow=\"autoplay; fullscreen\"><\/iframe>\n                    <\/div>\n\n                    <div class=\"application-examples-item-loader\"><\/div>\n                <\/div>\n            <\/div>\n<div class=\"application-examples-item application-examples-item-loading\">\n                            <div class=\"col-row\">\n                                <div class=\"col-6 col-m-8 col-s-12\"><h3 class=\"application-examples-item-title\">Esempio 9: Portfolio per l'Architettura<\/h3><div class=\"application-examples-item-description\">Le splendide fotografie di architettura non hanno perso la loro imponenza sul sito. Grazie al ridimensionamento automatico, le foto occupano tutto lo spazio disponibile e sembrano grandi. Nel layout List i progetti sono disposti uno per uno, con un'ampia spaziatura che crea confini visivi tra di loro. Quando si passa con il mouse su un progetto, gli utenti vedranno un effetto in bianco e nero e un'animazione di zoom. L'opzione di design selezionata mostra la descrizione solo quando passi il mouse.<\/div><\/div>\n                <\/div>\n\n                <div class=\"application-examples-item-iframe-container browser-frame\">\n                    <div class=\"application-examples-item-iframe-wrapper\">\n                        <iframe class=\"application-examples-item-iframe application-examples-item-iframe-fixed-height\" data-src=\"https:\/\/elfsight.com\/examples?widget_id=af6b8ad0-baf4-440c-933b-f624415ba277&padding=28px\" width=\"100%\" height=\"800px\" allow=\"autoplay; fullscreen\"><\/iframe>\n                    <\/div>\n\n                    <div class=\"application-examples-item-loader\"><\/div>\n                <\/div>\n            <\/div>\n<div class=\"application-examples-item application-examples-item-loading\">\n                            <div class=\"col-row\">\n                                <div class=\"col-6 col-m-8 col-s-12\"><h3 class=\"application-examples-item-title\">Esempio 10: Portfolio per Tattoo Artist<\/h3><div class=\"application-examples-item-description\">Queste opere del tatuatore sembrano davvero eleganti ed espressive. Sono su fondo nero e con una spaziatura piuttosto ampia. Il layout Masonry consente di visualizzare tutte le foto nelle dimensioni e nei parametri originali. Tutte le informazioni sull'artista si trovano nella parte superiore dell'intestazione del widget. Anche il titolo del widget viene modificato e ha una linea personalizzata. Le foto dei progetti possono essere aperte nel popup oppure \u00e8 possibile impostare l'indirizzo a cui gli utenti verranno reindirizzati per la visualizzazione.<\/div><\/div>\n                <\/div>\n\n                <div class=\"application-examples-item-iframe-container browser-frame\">\n                    <div class=\"application-examples-item-iframe-wrapper\">\n                        <iframe class=\"application-examples-item-iframe application-examples-item-iframe-fixed-height\" data-src=\"https:\/\/elfsight.com\/examples?widget_id=ae948f42-d1ab-4cb4-9def-c53dcebb3ea0&padding=28px\" width=\"100%\" height=\"800px\" allow=\"autoplay; fullscreen\"><\/iframe>\n                    <\/div>\n\n                    <div class=\"application-examples-item-loader\"><\/div>\n                <\/div>\n            <\/div>\n<div class=\"application-examples-item application-examples-item-loading\">\n                            <div class=\"col-row\">\n                                <div class=\"col-6 col-m-8 col-s-12\"><h3 class=\"application-examples-item-title\">Esempio 11: Portfolio per l'illustrazione<\/h3><div class=\"application-examples-item-description\">Per il portfolio pi\u00f9 impressionante carica le tue immagini in dimensioni reali. Queste illustrazioni vengono caricati a grandezza naturale e gli utenti possono vedere tutti i dettagli e apprezzare il talento dell'artista. Le immagini salvano i parametri originali. Quando passi il mouse su un'illustrazione, puoi vedere il nome dell'opera e l'anno di creazione. Le informazioni sull'artista sono nell'intestazione, gli utenti possono accedere immediatamente al suo account nei social network facendo clic sull'icona. Il pulsante CTA rimane visibile sia durante la visualizzazione dei progetti che in un popup.<\/div><\/div>\n                <\/div>\n\n                <div class=\"application-examples-item-iframe-container browser-frame\">\n                    <div class=\"application-examples-item-iframe-wrapper\">\n                        <iframe class=\"application-examples-item-iframe application-examples-item-iframe-fixed-height\" data-src=\"https:\/\/elfsight.com\/examples?widget_id=47e5d50f-dfcd-45c5-b355-5733c2f8dc75&padding=28px\" width=\"100%\" height=\"800px\" allow=\"autoplay; fullscreen\"><\/iframe>\n                    <\/div>\n\n                    <div class=\"application-examples-item-loader\"><\/div>\n                <\/div>\n            <\/div>\n<div class=\"application-examples-item application-examples-item-loading\">\n                            <div class=\"col-row\">\n                                <div class=\"col-6 col-m-8 col-s-12\"><h3 class=\"application-examples-item-title\">Esempio 12: Portfolio per Fotografo di matrimoni<\/h3><div class=\"application-examples-item-description\">Questo portfolio di un fotografo di matrimoni mette in mostra i progetti e racconta un po' di ogni coppia. Le foto sono disposte in una griglia, due in fila, e poste su uno sfondo di un colore beige associato al matrimonio. Il nome di ogni sessione fotografica \u00e8 indicato di seguito sotto la scheda del progetto. Cliccando sul progetto l'utente pu\u00f2 vedere le foto migliori e leggere la descrizione. Il nostro widget \u00e8 completamente responsive, quindi anche se i tuoi utenti visitano il sito da un telefono o tablet, l'interfaccia sar\u00e0 impeccabile. Ed \u00e8 facile prenotare un servizio fotografico con il pulsante CTA che porta a una pagina con il modulo di prenotazione.<\/div><\/div>\n                <\/div>\n\n                <div class=\"application-examples-item-iframe-container browser-frame\">\n                    <div class=\"application-examples-item-iframe-wrapper\">\n                        <iframe class=\"application-examples-item-iframe application-examples-item-iframe-fixed-height\" data-src=\"https:\/\/elfsight.com\/examples?widget_id=6972978e-9ddd-4c86-b754-de996cec861a&padding=28px\" width=\"100%\" height=\"800px\" allow=\"autoplay; fullscreen\"><\/iframe>\n                    <\/div>\n\n                    <div class=\"application-examples-item-loader\"><\/div>\n                <\/div>\n            <\/div>\n","protected":false},"excerpt":{"rendered":"","protected":false},"author":13,"featured_media":0,"parent":2272,"menu_order":0,"comment_status":"closed","ping_status":"closed","template":"templates\/template-application-examples.php","meta":{"publish_to_discourse":"","publish_post_category":"","wpdc_auto_publish_overridden":"","wpdc_topic_tags":"","wpdc_pin_topic":"","wpdc_pin_until":"","discourse_post_id":"","discourse_permalink":"","wpdc_publishing_response":"","wpdc_publishing_error":"","footnotes":""},"class_list":["post-2282","page","type-page","status-publish","hentry"],"yoast_head":"<!-- This site is optimized with the Yoast SEO plugin v25.3.1 - https:\/\/yoast.com\/wordpress\/plugins\/seo\/ -->\n<title>TOP 12 esempi di Portfolio per siti web - Showcase (2025)<\/title>\n<meta name=\"description\" content=\"TOP 12 esempi di Portfolio di siti web: Blog, Produzione video, Illustrazione, Fotografo, Artista e altri template per il tuo sito web\" \/>\n<meta name=\"robots\" content=\"index, follow, max-snippet:-1, max-image-preview:large, max-video-preview:-1\" \/>\n<link rel=\"canonical\" href=\"https:\/\/elfsight.com\/it\/portfolio-widget\/examples\/\" \/>\n<meta property=\"og:locale\" content=\"it_IT\" \/>\n<meta property=\"og:type\" content=\"article\" \/>\n<meta property=\"og:title\" content=\"TOP 12 esempi di Portfolio per siti web - Showcase (2025)\" \/>\n<meta property=\"og:description\" content=\"TOP 12 esempi di Portfolio di siti web: Blog, Produzione video, Illustrazione, Fotografo, Artista e altri template per il tuo sito web\" \/>\n<meta property=\"og:url\" content=\"https:\/\/elfsight.com\/it\/portfolio-widget\/examples\/\" \/>\n<meta property=\"og:site_name\" content=\"Elfsight IT\" \/>\n<meta property=\"article:modified_time\" content=\"2021-06-29T17:55:47+00:00\" \/>\n<meta name=\"twitter:card\" content=\"summary_large_image\" \/>\n<meta name=\"twitter:label1\" content=\"Tempo di lettura stimato\" \/>\n\t<meta name=\"twitter:data1\" content=\"7 minuti\" \/>\n<!-- \/ Yoast SEO plugin. -->","yoast_head_json":{"title":"TOP 12 esempi di Portfolio per siti web - Showcase (2025)","description":"TOP 12 esempi di Portfolio di siti web: Blog, Produzione video, Illustrazione, Fotografo, Artista e altri template per il tuo sito web","robots":{"index":"index","follow":"follow","max-snippet":"max-snippet:-1","max-image-preview":"max-image-preview:large","max-video-preview":"max-video-preview:-1"},"canonical":"https:\/\/elfsight.com\/it\/portfolio-widget\/examples\/","og_locale":"it_IT","og_type":"article","og_title":"TOP 12 esempi di Portfolio per siti web - Showcase (2025)","og_description":"TOP 12 esempi di Portfolio di siti web: Blog, Produzione video, Illustrazione, Fotografo, Artista e altri template per il tuo sito web","og_url":"https:\/\/elfsight.com\/it\/portfolio-widget\/examples\/","og_site_name":"Elfsight IT","article_modified_time":"2021-06-29T17:55:47+00:00","twitter_card":"summary_large_image","twitter_misc":{"Tempo di lettura stimato":"7 minuti"},"schema":{"@context":"https:\/\/schema.org","@graph":[{"@type":"WebPage","@id":"https:\/\/elfsight.com\/it\/portfolio-widget\/examples\/","url":"https:\/\/elfsight.com\/it\/portfolio-widget\/examples\/","name":"TOP 12 esempi di Portfolio per siti web - Showcase (2025)","isPartOf":{"@id":"https:\/\/elfsight.com\/it\/#website"},"datePublished":"2021-06-29T17:38:01+00:00","dateModified":"2021-06-29T17:55:47+00:00","description":"TOP 12 esempi di Portfolio di siti web: Blog, Produzione video, Illustrazione, Fotografo, Artista e altri template per il tuo sito web","breadcrumb":{"@id":"https:\/\/elfsight.com\/it\/portfolio-widget\/examples\/#breadcrumb"},"inLanguage":"it-IT","potentialAction":[{"@type":"ReadAction","target":["https:\/\/elfsight.com\/it\/portfolio-widget\/examples\/"]}]},{"@type":"BreadcrumbList","@id":"https:\/\/elfsight.com\/it\/portfolio-widget\/examples\/#breadcrumb","itemListElement":[{"@type":"ListItem","position":1,"name":"Home","item":"https:\/\/elfsight.com\/it\/"},{"@type":"ListItem","position":2,"name":"Portfolio","item":"https:\/\/elfsight.com\/it\/portfolio-widget\/"},{"@type":"ListItem","position":3,"name":"Portfolio &#8211; Examples"}]},{"@type":"WebSite","@id":"https:\/\/elfsight.com\/it\/#website","url":"https:\/\/elfsight.com\/it\/","name":"Elfsight IT","description":"Just another Elfsight Sites site","potentialAction":[{"@type":"SearchAction","target":{"@type":"EntryPoint","urlTemplate":"https:\/\/elfsight.com\/it\/?s={search_term_string}"},"query-input":{"@type":"PropertyValueSpecification","valueRequired":true,"valueName":"search_term_string"}}],"inLanguage":"it-IT"}]}},"meta_box":{"industry":"","seo_heading":"","heading":"","description":"","cta_heading":"","cta_description":"","application":"2271","h1":"Esempi di Portfolio per siti web","h1_caption":"Controlla gli esempi di Portfolio per rivelare il pieno potenziale del widget. Assicurati che si adatti ai tuoi obiettivi.","application_category":[],"applications_title":"","applications_request_title":"","applications_request_button_text":"","hero_text":"","hero_video":"","hero_video_schema_markup":"","selling_points_title":"","selling_points_caption":"","selling_points":[],"selling_points_cta_text":"","features_title":"","features":"","ed_cta_examples_text":"","ed_cta_examples_hidden":"","ed_cta_demo_text":"","ed_cta_demo_hidden":"","why_caption":"","why_editor_title":"","why_editor_text":"","why_team_title":"","why_team_text":"","why_service_title":"","why_service_text":"","template_catalog_visible":"","template_catalog_title":"","template_catalog_text":"","template_catalog_categories_visible":"","demo_title":"","demo_caption":"","default_faq_hidden":"","app_template_category":[],"platform":"","template_public_id":"","codecanyon_url":"","codecanyon_item_id":"","codecanyon_price":"","pricing_caption":"","pricing_elfsight_apps_hide_column":"","pricing_elfsight_apps_url":"","pricing_codecanyon_price_caption":"","integration_category":[],"integration_request_title":"","integration_request_cta":"","integration_platform":"","integrations":[],"platform_category":[],"video_schema_markup":"","price":"","trial":"","benefits":[],"button_url":"","button_target_blank":"","button_nofollow":"","attributes":[],"tags":[],"tags_disable_links":"","hide_more_platforms":"","video_object":"","demo_hide_cta":"","demo_hide_cloud_options":"","pricing_title":"","pricing":[],"related_apps_title":"","related_apps_hidden":"","author":"","image":[],"title":"","job":"","social_networks":[]},"_links":{"self":[{"href":"https:\/\/elfsight.com\/it\/wp-json\/wp\/v2\/pages\/2282","targetHints":{"allow":["GET"]}}],"collection":[{"href":"https:\/\/elfsight.com\/it\/wp-json\/wp\/v2\/pages"}],"about":[{"href":"https:\/\/elfsight.com\/it\/wp-json\/wp\/v2\/types\/page"}],"author":[{"embeddable":true,"href":"https:\/\/elfsight.com\/it\/wp-json\/wp\/v2\/users\/13"}],"replies":[{"embeddable":true,"href":"https:\/\/elfsight.com\/it\/wp-json\/wp\/v2\/comments?post=2282"}],"version-history":[{"count":2,"href":"https:\/\/elfsight.com\/it\/wp-json\/wp\/v2\/pages\/2282\/revisions"}],"predecessor-version":[{"id":2284,"href":"https:\/\/elfsight.com\/it\/wp-json\/wp\/v2\/pages\/2282\/revisions\/2284"}],"up":[{"embeddable":true,"href":"https:\/\/elfsight.com\/it\/wp-json\/wp\/v2\/pages\/2272"}],"wp:attachment":[{"href":"https:\/\/elfsight.com\/it\/wp-json\/wp\/v2\/media?parent=2282"}],"curies":[{"name":"wp","href":"https:\/\/api.w.org\/{rel}","templated":true}]}}