{"id":2256,"date":"2021-06-25T09:31:55","date_gmt":"2021-06-25T09:31:55","guid":{"rendered":"https:\/\/elfsight.com\/it\/?page_id=2256"},"modified":"2021-06-29T17:49:49","modified_gmt":"2021-06-29T17:49:49","slug":"features","status":"publish","type":"page","link":"https:\/\/elfsight.com\/it\/podcast-player-widget\/features\/","title":{"rendered":"Podcast Player &#8211; Features"},"content":{"rendered":"\n<section class=\"application-features-group section\" id=\"CASES\">\n                    <div class=\"inner\">\n                        <div class=\"col-row\">\n                            <div class=\"col-6 col-offset-3 col-m-12 col-m-offset-0\">\n<h3>Aumenta la tua portata ed espandi il tuo pubblico<\/h3>\n<p>Il numero di ascoltatori di podcast sta crescendo in tutto il mondo. Incorporando questo formato incredibilmente popolare nel tuo sito web, puoi facilmente far crescere il tuo pubblico. Secondo i dati della ricerca, gli ascoltatori sono fedeli ai loro programmi preferiti, il che significa che \u00e8 probabile che tornino sul tuo sito per un nuovo episodio.<\/p>\n<h3>Distinguiti dalla concorrenza<\/h3>\n<p>Per mezzo dei podcast puoi facilmente fornire al tuo pubblico informazioni utili e soluzioni ai loro problemi. E nonostante l&#8217;estrema popolarit\u00e0 di questo formato, hai la possibilit\u00e0 di affrontare pochissima concorrenza. L&#8217;aggiunta di un podcast al tuo sito Web pu\u00f2 aiutarti a distinguerti immediatamente dai tuoi rivali nella tua sfera aziendale.<\/p>\n<h3>Crea la fiducia del tuo pubblico<\/h3>\n<p>Il contenuto audio \u00e8 generalmente percepito dagli utenti come qualcosa di personale. Quindi implementare un podcast nella tua pagina web pu\u00f2 aiutarti a stabilire un rapporto a lungo termine con il tuo pubblico. Avere una forte community fedele \u00e8 davvero importante per attirare nuovi utenti sul tuo sito web.<\/p>\n<h3>Opzioni interattive<\/h3>\n<p>Uno dei principali vantaggi dei podcast \u00e8 la loro interattivit\u00e0. Ogni podcast \u00e8 una sorta di spettacolo audio, in cui il presentatore pu\u00f2 condurre sondaggi, comunicare con gli ascoltatori, intervistare e molto altro. Questa variet\u00e0 di possibilit\u00e0 \u00e8 una nuova esperienza per il tuo pubblico.<\/p>\n<h3>Scegli qualsiasi fonte che ti piace<\/h3>\n<p>Puoi aggiungere podcast da quasi tutte le fonti, come, ad esempio, PodBean, Podster, Libsyn. Tutto quello che devi fare \u00e8 aggiungere un link al feed RSS nell&#8217;apposita casella del nostro editor.<\/p>\n<\/div>\n                        <\/div>\n                    <\/div>\n\n                    <div class=\"application-features-group-title\">CASES<\/div>\n                <\/section>\n<section class=\"application-features-group section\" id=\"PLAYER\">\n                    <div class=\"inner\">\n                        <div class=\"col-row\">\n                            <div class=\"col-6 col-offset-3 col-m-12 col-m-offset-0\">\n<h3>Player info<\/h3>\n<p>Puoi creare un lettore classico che contenga informazioni sull&#8217;autore del podcast, sul titolo dell&#8217;episodio e sulla copertina. Ciascuno di questi elementi pu\u00f2 essere disabilitato, lasciando solo i pulsanti di controllo.<\/p>\n<h3>Mostra o nascondi playlist<\/h3>\n<p>Consenti agli utenti di visualizzare l&#8217;elenco completo dei brani aggiungendo una playlist. Pu\u00f2 essere facilmente nascosto facendo clic su un pulsante speciale. \u00c8 davvero conveniente per quei proprietari di siti che non vogliono che l&#8217;interfaccia appaia sovraccarica. Gli episodi del podcast possono essere pubblicati sia in ordine cronologico che in ordine inverso, utilizzando un pulsante speciale. Inoltre, puoi scegliere il formato della data.<\/p>\n<h3>Due layout per una migliore comodit\u00e0 dell&#8217;utente<\/h3>\n<p>Ti offriamo due tipi di layout &#8211; Embed \u0443 Floating. Il primo consentir\u00e0 di integrare il player nell&#8217;area contenuti del sito nel modo pi\u00f9 comodo possibile, e Floating consentir\u00e0 di posizionare il player nel punto pi\u00f9 adatto della pagina.<\/p>\n<h3>Opzione di riproduzione automatica<\/h3>\n<p>Sta a te scegliere se vuoi che il podcast inizi a essere riprodotto subito dopo che l&#8217;utente entra nel tuo sito web o meno. Attiva o disattiva semplicemente l&#8217;opzione di riproduzione automatica, offrendo agli utenti un maggiore controllo sulla funzione.<\/p>\n<\/div>\n                        <\/div>\n                    <\/div>\n\n                    <div class=\"application-features-group-title\">PLAYER<\/div>\n                <\/section>\n<section class=\"application-features-group section\" id=\"STYLE\">\n                    <div class=\"inner\">\n                        <div class=\"col-row\">\n                            <div class=\"col-6 col-offset-3 col-m-12 col-m-offset-0\">\n<h3>Elementi del player e della playlist<\/h3>\n<p>Ogni player e playlist contiene tre elementi intercambiabili. Puoi aggiungere o rimuovere un&#8217;immagine, il titolo del podcast e la barra di avanzamento. Sta a te decidere se vuoi che il tuo player abbia un aspetto minimalista o accattivante.<\/p>\n<h3>Ricolora le opzioni per adattarlo perfettamente al tuo sito<\/h3>\n<p>Scegli un colore di sfondo per il widget che sar\u00e0 il match perfetto per il tuo sito web. Crea un player straordinario in pochi clic!<\/p>\n<h3>Tema scuro \/ chiaro<\/h3>\n<p>Con un tema scuro, puoi creare un lettore elegante che non ingombra l&#8217;interfaccia del tuo sito e non lascer\u00e0 indifferenti gli utenti. Per chi preferisce l&#8217;abbigliamento classico, \u00e8 disponibile un tema chiaro.<\/p>\n<h3>Tema colore personalizzato<\/h3>\n<p>Se i temi scuri e chiari non funzionano per te, puoi crearne uno tuo. Tutto ci\u00f2 che serve \u00e8 scegliere un colore di sfondo o un&#8217;immagine di sfondo e ricolorare tutti gli elementi del player.<\/p>\n<\/div>\n                        <\/div>\n                    <\/div>\n\n                    <div class=\"application-features-group-title\">STYLE<\/div>\n                <\/section>\n","protected":false},"excerpt":{"rendered":"","protected":false},"author":13,"featured_media":0,"parent":2250,"menu_order":0,"comment_status":"closed","ping_status":"closed","template":"templates\/template-application-features.php","meta":{"publish_to_discourse":"","publish_post_category":"","wpdc_auto_publish_overridden":"","wpdc_topic_tags":"","wpdc_pin_topic":"","wpdc_pin_until":"","discourse_post_id":"","discourse_permalink":"","wpdc_publishing_response":"","wpdc_publishing_error":"","footnotes":""},"class_list":["post-2256","page","type-page","status-publish","hentry"],"yoast_head":"<!-- This site is optimized with the Yoast SEO plugin v25.3.1 - https:\/\/yoast.com\/wordpress\/plugins\/seo\/ -->\n<title>Responsive Podcast Player widget (25+ impostazioni personalizzate)<\/title>\n<meta name=\"description\" content=\"Prova funzionalit\u00e0 del widget nella nostra pratica demo. Impostazioni personalizzate e layout del widget podcast per qualsiasi dispositivo.\" \/>\n<meta name=\"robots\" content=\"index, follow, max-snippet:-1, max-image-preview:large, max-video-preview:-1\" \/>\n<link rel=\"canonical\" href=\"https:\/\/elfsight.com\/it\/podcast-player-widget\/features\/\" \/>\n<meta property=\"og:locale\" content=\"it_IT\" \/>\n<meta property=\"og:type\" content=\"article\" \/>\n<meta property=\"og:title\" content=\"Responsive Podcast Player widget (25+ impostazioni personalizzate)\" \/>\n<meta property=\"og:description\" content=\"Prova funzionalit\u00e0 del widget nella nostra pratica demo. Impostazioni personalizzate e layout del widget podcast per qualsiasi dispositivo.\" \/>\n<meta property=\"og:url\" content=\"https:\/\/elfsight.com\/it\/podcast-player-widget\/features\/\" \/>\n<meta property=\"og:site_name\" content=\"Elfsight IT\" \/>\n<meta property=\"article:modified_time\" content=\"2021-06-29T17:49:49+00:00\" \/>\n<meta name=\"twitter:card\" content=\"summary_large_image\" \/>\n<meta name=\"twitter:label1\" content=\"Tempo di lettura stimato\" \/>\n\t<meta name=\"twitter:data1\" content=\"3 minuti\" \/>\n<!-- \/ Yoast SEO plugin. -->","yoast_head_json":{"title":"Responsive Podcast Player widget (25+ impostazioni personalizzate)","description":"Prova funzionalit\u00e0 del widget nella nostra pratica demo. Impostazioni personalizzate e layout del widget podcast per qualsiasi dispositivo.","robots":{"index":"index","follow":"follow","max-snippet":"max-snippet:-1","max-image-preview":"max-image-preview:large","max-video-preview":"max-video-preview:-1"},"canonical":"https:\/\/elfsight.com\/it\/podcast-player-widget\/features\/","og_locale":"it_IT","og_type":"article","og_title":"Responsive Podcast Player widget (25+ impostazioni personalizzate)","og_description":"Prova funzionalit\u00e0 del widget nella nostra pratica demo. Impostazioni personalizzate e layout del widget podcast per qualsiasi dispositivo.","og_url":"https:\/\/elfsight.com\/it\/podcast-player-widget\/features\/","og_site_name":"Elfsight IT","article_modified_time":"2021-06-29T17:49:49+00:00","twitter_card":"summary_large_image","twitter_misc":{"Tempo di lettura stimato":"3 minuti"},"schema":{"@context":"https:\/\/schema.org","@graph":[{"@type":"WebPage","@id":"https:\/\/elfsight.com\/it\/podcast-player-widget\/features\/","url":"https:\/\/elfsight.com\/it\/podcast-player-widget\/features\/","name":"Responsive Podcast Player widget (25+ impostazioni personalizzate)","isPartOf":{"@id":"https:\/\/elfsight.com\/it\/#website"},"datePublished":"2021-06-25T09:31:55+00:00","dateModified":"2021-06-29T17:49:49+00:00","description":"Prova funzionalit\u00e0 del widget nella nostra pratica demo. Impostazioni personalizzate e layout del widget podcast per qualsiasi dispositivo.","breadcrumb":{"@id":"https:\/\/elfsight.com\/it\/podcast-player-widget\/features\/#breadcrumb"},"inLanguage":"it-IT","potentialAction":[{"@type":"ReadAction","target":["https:\/\/elfsight.com\/it\/podcast-player-widget\/features\/"]}]},{"@type":"BreadcrumbList","@id":"https:\/\/elfsight.com\/it\/podcast-player-widget\/features\/#breadcrumb","itemListElement":[{"@type":"ListItem","position":1,"name":"Home","item":"https:\/\/elfsight.com\/it\/"},{"@type":"ListItem","position":2,"name":"Podcast Player","item":"https:\/\/elfsight.com\/it\/podcast-player-widget\/"},{"@type":"ListItem","position":3,"name":"Podcast Player &#8211; Features"}]},{"@type":"WebSite","@id":"https:\/\/elfsight.com\/it\/#website","url":"https:\/\/elfsight.com\/it\/","name":"Elfsight IT","description":"Just another Elfsight Sites site","potentialAction":[{"@type":"SearchAction","target":{"@type":"EntryPoint","urlTemplate":"https:\/\/elfsight.com\/it\/?s={search_term_string}"},"query-input":{"@type":"PropertyValueSpecification","valueRequired":true,"valueName":"search_term_string"}}],"inLanguage":"it-IT"}]}},"meta_box":{"industry":"","seo_heading":"","heading":"","description":"","cta_heading":"","cta_description":"","application":"2249","h1":"Funzionalit\u00e0 di Podcast Player","h1_caption":"Esplora tutte le funzionalit\u00e0 di Elfsight Podcast Player e come possono aiutarti a creare il widget pi\u00f9 efficace.","application_category":[],"applications_title":"","applications_request_title":"","applications_request_button_text":"","hero_text":"","hero_video":"","hero_video_schema_markup":"","selling_points_title":"","selling_points_caption":"","selling_points":[],"selling_points_cta_text":"","features_title":"","features":"","ed_cta_examples_text":"","ed_cta_examples_hidden":"","ed_cta_demo_text":"","ed_cta_demo_hidden":"","why_caption":"","why_editor_title":"","why_editor_text":"","why_team_title":"","why_team_text":"","why_service_title":"","why_service_text":"","template_catalog_visible":"","template_catalog_title":"","template_catalog_text":"","template_catalog_categories_visible":"","demo_title":"","demo_caption":"","default_faq_hidden":"","app_template_category":[],"platform":"","template_public_id":"","codecanyon_url":"","codecanyon_item_id":"","codecanyon_price":"","pricing_caption":"","pricing_elfsight_apps_hide_column":"","pricing_elfsight_apps_url":"","pricing_codecanyon_price_caption":"","integration_category":[],"integration_request_title":"","integration_request_cta":"","integration_platform":"","integrations":[],"platform_category":[],"video_schema_markup":"","price":"","trial":"","benefits":[],"button_url":"","button_target_blank":"","button_nofollow":"","attributes":[],"tags":[],"tags_disable_links":"","hide_more_platforms":"","video_object":"","demo_hide_cta":"","demo_hide_cloud_options":"","pricing_title":"","pricing":[],"related_apps_title":"","related_apps_hidden":"","author":"","image":[],"title":"","job":"","social_networks":[]},"_links":{"self":[{"href":"https:\/\/elfsight.com\/it\/wp-json\/wp\/v2\/pages\/2256","targetHints":{"allow":["GET"]}}],"collection":[{"href":"https:\/\/elfsight.com\/it\/wp-json\/wp\/v2\/pages"}],"about":[{"href":"https:\/\/elfsight.com\/it\/wp-json\/wp\/v2\/types\/page"}],"author":[{"embeddable":true,"href":"https:\/\/elfsight.com\/it\/wp-json\/wp\/v2\/users\/13"}],"replies":[{"embeddable":true,"href":"https:\/\/elfsight.com\/it\/wp-json\/wp\/v2\/comments?post=2256"}],"version-history":[{"count":2,"href":"https:\/\/elfsight.com\/it\/wp-json\/wp\/v2\/pages\/2256\/revisions"}],"predecessor-version":[{"id":2258,"href":"https:\/\/elfsight.com\/it\/wp-json\/wp\/v2\/pages\/2256\/revisions\/2258"}],"up":[{"embeddable":true,"href":"https:\/\/elfsight.com\/it\/wp-json\/wp\/v2\/pages\/2250"}],"wp:attachment":[{"href":"https:\/\/elfsight.com\/it\/wp-json\/wp\/v2\/media?parent=2256"}],"curies":[{"name":"wp","href":"https:\/\/api.w.org\/{rel}","templated":true}]}}