{"id":2236,"date":"2021-06-21T09:38:24","date_gmt":"2021-06-21T09:38:24","guid":{"rendered":"https:\/\/elfsight.com\/it\/?page_id=2236"},"modified":"2021-06-21T09:49:02","modified_gmt":"2021-06-21T09:49:02","slug":"examples","status":"publish","type":"page","link":"https:\/\/elfsight.com\/it\/pinterest-feed-widget\/examples\/","title":{"rendered":"Pinterest Feed &#8211; examples"},"content":{"rendered":"\n<div class=\"application-examples-item application-examples-item-loading\">\n                            <div class=\"col-row\">\n                                <div class=\"col-6 col-m-8 col-s-12\"><h3 class=\"application-examples-item-title\">Esempio 1. Profilo Pinterest<\/h3><div class=\"application-examples-item-description\">Integra il tuo account Pinterest nel sito web per ampliare la portata dei tuoi contenuti visivi. Il widget mostra i pin e le bacheche del tuo profilo e mostra un'intestazione con il nome dell'account cliccabile e un'immagine autentica. Il pulsante Segui assicurer\u00e0 un'iscrizione fluida e contribuir\u00e0 ad aumentare il numero di follower.<\/div><\/div>\n                <\/div>\n\n                <div class=\"application-examples-item-iframe-container browser-frame\">\n                    <div class=\"application-examples-item-iframe-wrapper\">\n                        <iframe class=\"application-examples-item-iframe\" data-src=\"https:\/\/elfsight.com\/examples?widget_id=9b939323-50f3-488a-8b72-894ed3b121fb&padding=28px+0+40px\" width=\"100%\" allow=\"autoplay; fullscreen\"><\/iframe>\n                    <\/div>\n\n                    <div class=\"application-examples-item-loader\"><\/div>\n                <\/div>\n            <\/div>\n<div class=\"application-examples-item application-examples-item-loading\">\n                            <div class=\"col-row\">\n                                <div class=\"col-6 col-m-8 col-s-12\"><h3 class=\"application-examples-item-title\">Esempio 2. Boards Gallery<\/h3><div class=\"application-examples-item-description\">Aggiungi bacheche al tuo feed utilizzando gli URL e trasformale in una bellissima galleria. Le bacheche mostrano le immagini in modalit\u00e0 di anteprima e si aprono come pin quando fai clic su di esse. La larghezza del widget \u00e8 stata aumentata e ha reso utile mostrare tutte le bacheche in una riga.<\/div><\/div>\n                <\/div>\n\n                <div class=\"application-examples-item-iframe-container browser-frame\">\n                    <div class=\"application-examples-item-iframe-wrapper\">\n                        <iframe class=\"application-examples-item-iframe\" data-src=\"https:\/\/elfsight.com\/examples?widget_id=44257f7b-0e1c-4037-9ac6-fd5455f34735&padding=28px+0+40px\" width=\"100%\" allow=\"autoplay; fullscreen\"><\/iframe>\n                    <\/div>\n\n                    <div class=\"application-examples-item-loader\"><\/div>\n                <\/div>\n            <\/div>\n<div class=\"application-examples-item application-examples-item-loading\">\n                            <div class=\"col-row\">\n                                <div class=\"col-6 col-m-8 col-s-12\"><h3 class=\"application-examples-item-title\">Esempio 3. Pins Gallery<\/h3><div class=\"application-examples-item-description\">Questo \u00e8 un esempio di come puoi organizzare i pin preferiti sul tuo sito. Tutti i pin vengono visualizzati con informazioni aggiuntive: autore, test, icona Pinterest e icona Condividi. Un clic su ciascun pin lo aprir\u00e0 su Pinterest in una nuova scheda del browser.<\/div><\/div>\n                <\/div>\n\n                <div class=\"application-examples-item-iframe-container browser-frame\">\n                    <div class=\"application-examples-item-iframe-wrapper\">\n                        <iframe class=\"application-examples-item-iframe\" data-src=\"https:\/\/elfsight.com\/examples?widget_id=a4b7ef2a-0982-4102-9cc0-edf64817228c&padding=28px+0+40px\" width=\"100%\" allow=\"autoplay; fullscreen\"><\/iframe>\n                    <\/div>\n\n                    <div class=\"application-examples-item-loader\"><\/div>\n                <\/div>\n            <\/div>\n<div class=\"application-examples-item application-examples-item-loading\">\n                            <div class=\"col-row\">\n                                <div class=\"col-6 col-m-8 col-s-12\"><h3 class=\"application-examples-item-title\">Esempio 4. Widget sul pannello laterale<\/h3><div class=\"application-examples-item-description\">Grazie al fatto che il widget \u00e8 facilmente adattabile a qualsiasi dimensione, pu\u00f2 essere posizionato sulla barra laterale. I pin verranno quindi presentati senza ulteriori informazioni o dettagli, solo immagini e un'icona Pinterest. Il pulsante Segui sull'intestazione \u00e8 dipinto di nero per adattarsi al concetto di colore del sito web.<\/div><\/div>\n                <\/div>\n\n                <div class=\"application-examples-item-iframe-container browser-frame\">\n                    <div class=\"application-examples-item-iframe-wrapper\">\n                        <iframe class=\"application-examples-item-iframe\" data-src=\"https:\/\/elfsight.com\/examples?widget_id=9deafb3e-8b02-47f1-922e-ed98d7d21b90&padding=28px+0+40px\" width=\"100%\" allow=\"autoplay; fullscreen\"><\/iframe>\n                    <\/div>\n\n                    <div class=\"application-examples-item-loader\"><\/div>\n                <\/div>\n            <\/div>\n<div class=\"application-examples-item application-examples-item-loading\">\n                            <div class=\"col-row\">\n                                <div class=\"col-6 col-m-8 col-s-12\"><h3 class=\"application-examples-item-title\">Esempio 5. Widget a pagina intera<\/h3><div class=\"application-examples-item-description\">In questo esempio, la dimensione del widget \u00e8 notevolmente aumentata e lo rende la parte prevalente della pagina. Tutti i pin dell'account sono organizzati in una bella galleria per impressionare gli spettatori e farli rimanere sulla pagina pi\u00f9 a lungo.<\/div><\/div>\n                <\/div>\n\n                <div class=\"application-examples-item-iframe-container browser-frame\">\n                    <div class=\"application-examples-item-iframe-wrapper\">\n                        <iframe class=\"application-examples-item-iframe\" data-src=\"https:\/\/elfsight.com\/examples?widget_id=60686877-de21-4a85-b726-16adc77a4c08&padding=28px+0+40px\" width=\"100%\" allow=\"autoplay; fullscreen\"><\/iframe>\n                    <\/div>\n\n                    <div class=\"application-examples-item-loader\"><\/div>\n                <\/div>\n            <\/div>\n<div class=\"application-examples-item application-examples-item-loading\">\n                            <div class=\"col-row\">\n                                <div class=\"col-6 col-m-8 col-s-12\"><h3 class=\"application-examples-item-title\">Esempio 6. Portfolio Board<\/h3><div class=\"application-examples-item-description\">Ecco come puoi mostrare il tuo portfolio di progetti e presentare al meglio i tuoi lavori. C'\u00e8 una raccolta di bacheche tematiche, ognuna dedicata a un determinato progetto. Grazie alle anteprime, \u00e8 facile vedere l'essenza di ciascuna bacheca. L'intestazione del widget \u00e8 disattivata per renderlo strutturato.<\/div><\/div>\n                <\/div>\n\n                <div class=\"application-examples-item-iframe-container browser-frame\">\n                    <div class=\"application-examples-item-iframe-wrapper\">\n                        <iframe class=\"application-examples-item-iframe\" data-src=\"https:\/\/elfsight.com\/examples?widget_id=d03b5ac9-4e12-42ef-8081-14f47543535f&padding=28px+0+40px\" width=\"100%\" allow=\"autoplay; fullscreen\"><\/iframe>\n                    <\/div>\n\n                    <div class=\"application-examples-item-loader\"><\/div>\n                <\/div>\n            <\/div>\n","protected":false},"excerpt":{"rendered":"","protected":false},"author":13,"featured_media":0,"parent":2221,"menu_order":0,"comment_status":"closed","ping_status":"closed","template":"templates\/template-application-examples.php","meta":{"publish_to_discourse":"","publish_post_category":"","wpdc_auto_publish_overridden":"","wpdc_topic_tags":"","wpdc_pin_topic":"","wpdc_pin_until":"","discourse_post_id":"","discourse_permalink":"","wpdc_publishing_response":"","wpdc_publishing_error":"","footnotes":""},"class_list":["post-2236","page","type-page","status-publish","hentry"],"yoast_head":"<!-- This site is optimized with the Yoast SEO plugin v25.3.1 - https:\/\/yoast.com\/wordpress\/plugins\/seo\/ -->\n<title>I migliori esempi di widget Pinterest su un sito web (Vetrina)<\/title>\n<meta name=\"description\" content=\"TOP 6 esempi di Pinterest Feed per sito web: Portfolio, Galleria, Profilo, Pin ecc. Esempio di widget Pinterest per il tuo sito web.\" \/>\n<meta name=\"robots\" content=\"index, follow, max-snippet:-1, max-image-preview:large, max-video-preview:-1\" \/>\n<link rel=\"canonical\" href=\"https:\/\/elfsight.com\/it\/pinterest-feed-widget\/examples\/\" \/>\n<meta property=\"og:locale\" content=\"it_IT\" \/>\n<meta property=\"og:type\" content=\"article\" \/>\n<meta property=\"og:title\" content=\"I migliori esempi di widget Pinterest su un sito web (Vetrina)\" \/>\n<meta property=\"og:description\" content=\"TOP 6 esempi di Pinterest Feed per sito web: Portfolio, Galleria, Profilo, Pin ecc. Esempio di widget Pinterest per il tuo sito web.\" \/>\n<meta property=\"og:url\" content=\"https:\/\/elfsight.com\/it\/pinterest-feed-widget\/examples\/\" \/>\n<meta property=\"og:site_name\" content=\"Elfsight IT\" \/>\n<meta property=\"article:modified_time\" content=\"2021-06-21T09:49:02+00:00\" \/>\n<meta name=\"twitter:card\" content=\"summary_large_image\" \/>\n<meta name=\"twitter:label1\" content=\"Tempo di lettura stimato\" \/>\n\t<meta name=\"twitter:data1\" content=\"2 minuti\" \/>\n<!-- \/ Yoast SEO plugin. -->","yoast_head_json":{"title":"I migliori esempi di widget Pinterest su un sito web (Vetrina)","description":"TOP 6 esempi di Pinterest Feed per sito web: Portfolio, Galleria, Profilo, Pin ecc. Esempio di widget Pinterest per il tuo sito web.","robots":{"index":"index","follow":"follow","max-snippet":"max-snippet:-1","max-image-preview":"max-image-preview:large","max-video-preview":"max-video-preview:-1"},"canonical":"https:\/\/elfsight.com\/it\/pinterest-feed-widget\/examples\/","og_locale":"it_IT","og_type":"article","og_title":"I migliori esempi di widget Pinterest su un sito web (Vetrina)","og_description":"TOP 6 esempi di Pinterest Feed per sito web: Portfolio, Galleria, Profilo, Pin ecc. Esempio di widget Pinterest per il tuo sito web.","og_url":"https:\/\/elfsight.com\/it\/pinterest-feed-widget\/examples\/","og_site_name":"Elfsight IT","article_modified_time":"2021-06-21T09:49:02+00:00","twitter_card":"summary_large_image","twitter_misc":{"Tempo di lettura stimato":"2 minuti"},"schema":{"@context":"https:\/\/schema.org","@graph":[{"@type":"WebPage","@id":"https:\/\/elfsight.com\/it\/pinterest-feed-widget\/examples\/","url":"https:\/\/elfsight.com\/it\/pinterest-feed-widget\/examples\/","name":"I migliori esempi di widget Pinterest su un sito web (Vetrina)","isPartOf":{"@id":"https:\/\/elfsight.com\/it\/#website"},"datePublished":"2021-06-21T09:38:24+00:00","dateModified":"2021-06-21T09:49:02+00:00","description":"TOP 6 esempi di Pinterest Feed per sito web: Portfolio, Galleria, Profilo, Pin ecc. Esempio di widget Pinterest per il tuo sito web.","breadcrumb":{"@id":"https:\/\/elfsight.com\/it\/pinterest-feed-widget\/examples\/#breadcrumb"},"inLanguage":"it-IT","potentialAction":[{"@type":"ReadAction","target":["https:\/\/elfsight.com\/it\/pinterest-feed-widget\/examples\/"]}]},{"@type":"BreadcrumbList","@id":"https:\/\/elfsight.com\/it\/pinterest-feed-widget\/examples\/#breadcrumb","itemListElement":[{"@type":"ListItem","position":1,"name":"Home","item":"https:\/\/elfsight.com\/it\/"},{"@type":"ListItem","position":2,"name":"Pinterest Feed","item":"https:\/\/elfsight.com\/it\/pinterest-feed-widget\/"},{"@type":"ListItem","position":3,"name":"Pinterest Feed &#8211; examples"}]},{"@type":"WebSite","@id":"https:\/\/elfsight.com\/it\/#website","url":"https:\/\/elfsight.com\/it\/","name":"Elfsight IT","description":"Just another Elfsight Sites site","potentialAction":[{"@type":"SearchAction","target":{"@type":"EntryPoint","urlTemplate":"https:\/\/elfsight.com\/it\/?s={search_term_string}"},"query-input":{"@type":"PropertyValueSpecification","valueRequired":true,"valueName":"search_term_string"}}],"inLanguage":"it-IT"}]}},"meta_box":{"industry":"","seo_heading":"","heading":"","description":"","cta_heading":"","cta_description":"","application":"2219","h1":"Esempi di Pinterest Feed","h1_caption":"Controlla gli esempi di Pinterest Feed per scoprire il pieno potenziale del widget. Assicurati che si adatti ai tuoi obiettivi.","application_category":[],"applications_title":"","applications_request_title":"","applications_request_button_text":"","hero_text":"","hero_video":"","hero_video_schema_markup":"","selling_points_title":"","selling_points_caption":"","selling_points":[],"selling_points_cta_text":"","features_title":"","features":"","ed_cta_examples_text":"","ed_cta_examples_hidden":"","ed_cta_demo_text":"","ed_cta_demo_hidden":"","why_caption":"","why_editor_title":"","why_editor_text":"","why_team_title":"","why_team_text":"","why_service_title":"","why_service_text":"","template_catalog_visible":"","template_catalog_title":"","template_catalog_text":"","template_catalog_categories_visible":"","demo_title":"","demo_caption":"","default_faq_hidden":"","app_template_category":[],"platform":"","template_public_id":"","codecanyon_url":"","codecanyon_item_id":"","codecanyon_price":"","pricing_caption":"","pricing_elfsight_apps_hide_column":"","pricing_elfsight_apps_url":"","pricing_codecanyon_price_caption":"","integration_category":[],"integration_request_title":"","integration_request_cta":"","integration_platform":"","integrations":[],"platform_category":[],"video_schema_markup":"","price":"","trial":"","benefits":[],"button_url":"","button_target_blank":"","button_nofollow":"","attributes":[],"tags":[],"tags_disable_links":"","hide_more_platforms":"","video_object":"","demo_hide_cta":"","demo_hide_cloud_options":"","pricing_title":"","pricing":[],"related_apps_title":"","related_apps_hidden":"","author":"","image":[],"title":"","job":"","social_networks":[]},"_links":{"self":[{"href":"https:\/\/elfsight.com\/it\/wp-json\/wp\/v2\/pages\/2236","targetHints":{"allow":["GET"]}}],"collection":[{"href":"https:\/\/elfsight.com\/it\/wp-json\/wp\/v2\/pages"}],"about":[{"href":"https:\/\/elfsight.com\/it\/wp-json\/wp\/v2\/types\/page"}],"author":[{"embeddable":true,"href":"https:\/\/elfsight.com\/it\/wp-json\/wp\/v2\/users\/13"}],"replies":[{"embeddable":true,"href":"https:\/\/elfsight.com\/it\/wp-json\/wp\/v2\/comments?post=2236"}],"version-history":[{"count":3,"href":"https:\/\/elfsight.com\/it\/wp-json\/wp\/v2\/pages\/2236\/revisions"}],"predecessor-version":[{"id":2239,"href":"https:\/\/elfsight.com\/it\/wp-json\/wp\/v2\/pages\/2236\/revisions\/2239"}],"up":[{"embeddable":true,"href":"https:\/\/elfsight.com\/it\/wp-json\/wp\/v2\/pages\/2221"}],"wp:attachment":[{"href":"https:\/\/elfsight.com\/it\/wp-json\/wp\/v2\/media?parent=2236"}],"curies":[{"name":"wp","href":"https:\/\/api.w.org\/{rel}","templated":true}]}}