{"id":1967,"date":"2021-06-01T10:14:27","date_gmt":"2021-06-01T10:14:27","guid":{"rendered":"https:\/\/elfsight.com\/it\/?page_id=1967"},"modified":"2021-06-01T10:20:47","modified_gmt":"2021-06-01T10:20:47","slug":"examples","status":"publish","type":"page","link":"https:\/\/elfsight.com\/it\/click-to-call-widget\/examples\/","title":{"rendered":"Click to Call &#8211; Examples"},"content":{"rendered":"\n<div class=\"application-examples-item application-examples-item-loading\">\n                            <div class=\"col-row\">\n                                <div class=\"col-6 col-m-8 col-s-12\"><h3 class=\"application-examples-item-title\">Esempio 1. Chiamaci<\/h3><div class=\"application-examples-item-description\">Questo widget in formato Floating segue l'utente mentre la pagina scorre.  La scelta personalizzata dei colori lo rende molto contrastante con sfondo nero e cifre verdi. La finestra della chiamata mostra il minimo dei dettagli: solo il numero e l'invito all'azione.<\/div><\/div>\n                <\/div>\n\n                <div class=\"application-examples-item-iframe-container browser-frame\">\n                    <div class=\"application-examples-item-iframe-wrapper\">\n                        <iframe class=\"application-examples-item-iframe application-examples-item-iframe-fixed-height\" data-src=\"https:\/\/elfsight.com\/examples?widget_id=2bf94145-5082-4f0a-9dd9-8fba17568d70&padding=28px+40px+40px\" width=\"100%\" height=\"500\" allow=\"autoplay; fullscreen\"><\/iframe>\n                    <\/div>\n\n                    <div class=\"application-examples-item-loader\"><\/div>\n                <\/div>\n            <\/div>\n<div class=\"application-examples-item application-examples-item-loading\">\n                            <div class=\"col-row\">\n                                <div class=\"col-6 col-m-8 col-s-12\"><h3 class=\"application-examples-item-title\">Esempio 2. Vendita<\/h3><div class=\"application-examples-item-description\">Puoi rendere pi\u00f9 personalizzata la finestra della chiamata caricando una foto di una persona di contatto. Qui vediamo l'immagine, il nome dello specialista e la sua posizione. C'\u00e8 anche una breve didascalia che serve per attirare nuove chiamate.<\/div><\/div>\n                <\/div>\n\n                <div class=\"application-examples-item-iframe-container browser-frame\">\n                    <div class=\"application-examples-item-iframe-wrapper\">\n                        <iframe class=\"application-examples-item-iframe application-examples-item-iframe-fixed-height\" data-src=\"https:\/\/elfsight.com\/examples?widget_id=b7ecb2c9-fb0e-4c2a-9670-0e439c1d452e&padding=28px+40px+40px\" width=\"100%\" height=\"500\" allow=\"autoplay; fullscreen\"><\/iframe>\n                    <\/div>\n\n                    <div class=\"application-examples-item-loader\"><\/div>\n                <\/div>\n            <\/div>\n<div class=\"application-examples-item application-examples-item-loading\">\n                            <div class=\"col-row\">\n                                <div class=\"col-6 col-m-8 col-s-12\"><h3 class=\"application-examples-item-title\">Esempio 3. Consultazione<\/h3><div class=\"application-examples-item-description\">Promuovi qualsiasi tipo di servizio al telefono utilizzando il widget Click to Call. In questo esempio, agli utenti viene offerto di ottenere la consulenza di un esperto. \u00c8 facile avviare una chiamata facendo clic sul numero di telefono. Il widget pu\u00f2 essere impostato per apparire solo quando \u00e8 realmente necessario: dopo un certo periodo di tempo trascorso sulla pagina, in una posizione di scorrimento definita o quando l'utente cerca di uscire dal sito.<\/div><\/div>\n                <\/div>\n\n                <div class=\"application-examples-item-iframe-container browser-frame\">\n                    <div class=\"application-examples-item-iframe-wrapper\">\n                        <iframe class=\"application-examples-item-iframe application-examples-item-iframe-fixed-height\" data-src=\"https:\/\/elfsight.com\/examples?widget_id=9e5c02cc-0149-4542-8f55-dfbce7de0968&padding=28px+40px+40px\" width=\"100%\" height=\"500\" allow=\"autoplay; fullscreen\"><\/iframe>\n                    <\/div>\n\n                    <div class=\"application-examples-item-loader\"><\/div>\n                <\/div>\n            <\/div>\n<div class=\"application-examples-item application-examples-item-loading\">\n                            <div class=\"col-row\">\n                                <div class=\"col-6 col-m-8 col-s-12\"><h3 class=\"application-examples-item-title\">Esempio 4. Supporto<\/h3><div class=\"application-examples-item-description\">Puoi fornire assistenza ai clienti tramite telefono e il widget ti aiuter\u00e0 ad attirare le chiamate. In questo esempio, il testo invita gli utenti a effettuare una chiamata nel caso in cui abbiano bisogno di aiuto. Puoi scegliere il layout Floating o Custom per modificare la posizione del widget sulla pagina.<\/div><\/div>\n                <\/div>\n\n                <div class=\"application-examples-item-iframe-container browser-frame\">\n                    <div class=\"application-examples-item-iframe-wrapper\">\n                        <iframe class=\"application-examples-item-iframe application-examples-item-iframe-fixed-height\" data-src=\"https:\/\/elfsight.com\/examples?widget_id=0a8139df-02e0-4fb6-a067-7404b252c196&padding=28px+40px+40px\" width=\"100%\" height=\"500\" allow=\"autoplay; fullscreen\"><\/iframe>\n                    <\/div>\n\n                    <div class=\"application-examples-item-loader\"><\/div>\n                <\/div>\n            <\/div>\n<div class=\"application-examples-item application-examples-item-loading\">\n                            <div class=\"col-row\">\n                                <div class=\"col-6 col-m-8 col-s-12\"><h3 class=\"application-examples-item-title\">Esempio 5. Booking<\/h3><div class=\"application-examples-item-description\">Il widget Click to Call pu\u00f2 essere personalizzato per qualsiasi tipo di attivit\u00e0. In questo caso riprende i colori del popolare servizio di prenotazione alberghiera. Puoi scegliere il colore dello sfondo, del testo e del numero di telefono e modificare la dimensione del carattere.<\/div><\/div>\n                <\/div>\n\n                <div class=\"application-examples-item-iframe-container browser-frame\">\n                    <div class=\"application-examples-item-iframe-wrapper\">\n                        <iframe class=\"application-examples-item-iframe application-examples-item-iframe-fixed-height\" data-src=\"https:\/\/elfsight.com\/examples?widget_id=9c97acb7-77ce-4276-8165-53403fc75410&padding=28px+40px+40px\" width=\"100%\" height=\"500\" allow=\"autoplay; fullscreen\"><\/iframe>\n                    <\/div>\n\n                    <div class=\"application-examples-item-loader\"><\/div>\n                <\/div>\n            <\/div>\n\n","protected":false},"excerpt":{"rendered":"","protected":false},"author":13,"featured_media":0,"parent":1959,"menu_order":0,"comment_status":"closed","ping_status":"closed","template":"templates\/template-application-examples.php","meta":{"publish_to_discourse":"","publish_post_category":"","wpdc_auto_publish_overridden":"","wpdc_topic_tags":"","wpdc_pin_topic":"","wpdc_pin_until":"","discourse_post_id":"","discourse_permalink":"","wpdc_publishing_response":"","wpdc_publishing_error":"","footnotes":""},"class_list":["post-1967","page","type-page","status-publish","hentry"],"yoast_head":"<!-- This site is optimized with the Yoast SEO plugin v25.3.1 - https:\/\/yoast.com\/wordpress\/plugins\/seo\/ -->\n<title>Esempi Click to Call - Esempi di integrazione del pulsante Call Now<\/title>\n<meta name=\"description\" content=\"I 6 migliori esempi di integrazione del pulsante di chiamata: Chiamaci, Vendita, Consulenza, Supporto, Booking e altri template per sito web.\" \/>\n<meta name=\"robots\" content=\"index, follow, max-snippet:-1, max-image-preview:large, max-video-preview:-1\" \/>\n<link rel=\"canonical\" href=\"https:\/\/elfsight.com\/it\/click-to-call-widget\/examples\/\" \/>\n<meta property=\"og:locale\" content=\"it_IT\" \/>\n<meta property=\"og:type\" content=\"article\" \/>\n<meta property=\"og:title\" content=\"Esempi Click to Call - Esempi di integrazione del pulsante Call Now\" \/>\n<meta property=\"og:description\" content=\"I 6 migliori esempi di integrazione del pulsante di chiamata: Chiamaci, Vendita, Consulenza, Supporto, Booking e altri template per sito web.\" \/>\n<meta property=\"og:url\" content=\"https:\/\/elfsight.com\/it\/click-to-call-widget\/examples\/\" \/>\n<meta property=\"og:site_name\" content=\"Elfsight IT\" \/>\n<meta property=\"article:modified_time\" content=\"2021-06-01T10:20:47+00:00\" \/>\n<meta name=\"twitter:card\" content=\"summary_large_image\" \/>\n<meta name=\"twitter:label1\" content=\"Tempo di lettura stimato\" \/>\n\t<meta name=\"twitter:data1\" content=\"2 minuti\" \/>\n<!-- \/ Yoast SEO plugin. -->","yoast_head_json":{"title":"Esempi Click to Call - Esempi di integrazione del pulsante Call Now","description":"I 6 migliori esempi di integrazione del pulsante di chiamata: Chiamaci, Vendita, Consulenza, Supporto, Booking e altri template per sito web.","robots":{"index":"index","follow":"follow","max-snippet":"max-snippet:-1","max-image-preview":"max-image-preview:large","max-video-preview":"max-video-preview:-1"},"canonical":"https:\/\/elfsight.com\/it\/click-to-call-widget\/examples\/","og_locale":"it_IT","og_type":"article","og_title":"Esempi Click to Call - Esempi di integrazione del pulsante Call Now","og_description":"I 6 migliori esempi di integrazione del pulsante di chiamata: Chiamaci, Vendita, Consulenza, Supporto, Booking e altri template per sito web.","og_url":"https:\/\/elfsight.com\/it\/click-to-call-widget\/examples\/","og_site_name":"Elfsight IT","article_modified_time":"2021-06-01T10:20:47+00:00","twitter_card":"summary_large_image","twitter_misc":{"Tempo di lettura stimato":"2 minuti"},"schema":{"@context":"https:\/\/schema.org","@graph":[{"@type":"WebPage","@id":"https:\/\/elfsight.com\/it\/click-to-call-widget\/examples\/","url":"https:\/\/elfsight.com\/it\/click-to-call-widget\/examples\/","name":"Esempi Click to Call - Esempi di integrazione del pulsante Call Now","isPartOf":{"@id":"https:\/\/elfsight.com\/it\/#website"},"datePublished":"2021-06-01T10:14:27+00:00","dateModified":"2021-06-01T10:20:47+00:00","description":"I 6 migliori esempi di integrazione del pulsante di chiamata: Chiamaci, Vendita, Consulenza, Supporto, Booking e altri template per sito web.","breadcrumb":{"@id":"https:\/\/elfsight.com\/it\/click-to-call-widget\/examples\/#breadcrumb"},"inLanguage":"it-IT","potentialAction":[{"@type":"ReadAction","target":["https:\/\/elfsight.com\/it\/click-to-call-widget\/examples\/"]}]},{"@type":"BreadcrumbList","@id":"https:\/\/elfsight.com\/it\/click-to-call-widget\/examples\/#breadcrumb","itemListElement":[{"@type":"ListItem","position":1,"name":"Home","item":"https:\/\/elfsight.com\/it\/"},{"@type":"ListItem","position":2,"name":"Click to Call","item":"https:\/\/elfsight.com\/it\/click-to-call-widget\/"},{"@type":"ListItem","position":3,"name":"Click to Call &#8211; Examples"}]},{"@type":"WebSite","@id":"https:\/\/elfsight.com\/it\/#website","url":"https:\/\/elfsight.com\/it\/","name":"Elfsight IT","description":"Just another Elfsight Sites site","potentialAction":[{"@type":"SearchAction","target":{"@type":"EntryPoint","urlTemplate":"https:\/\/elfsight.com\/it\/?s={search_term_string}"},"query-input":{"@type":"PropertyValueSpecification","valueRequired":true,"valueName":"search_term_string"}}],"inLanguage":"it-IT"}]}},"meta_box":{"industry":"","seo_heading":"","heading":"","description":"","cta_heading":"","cta_description":"","application":"1958","h1":"Esempi di Click to Call","h1_caption":"Guarda gli esempi di Click to Call per scoprire il pieno potenziale del widget. Assicurati che si adatti ai tuoi obiettivi.","application_category":[],"applications_title":"","applications_request_title":"","applications_request_button_text":"","hero_text":"","hero_video":"","hero_video_schema_markup":"","selling_points_title":"","selling_points_caption":"","selling_points":[],"selling_points_cta_text":"","features_title":"","features":"","ed_cta_examples_text":"","ed_cta_examples_hidden":"","ed_cta_demo_text":"","ed_cta_demo_hidden":"","why_caption":"","why_editor_title":"","why_editor_text":"","why_team_title":"","why_team_text":"","why_service_title":"","why_service_text":"","template_catalog_visible":"","template_catalog_title":"","template_catalog_text":"","template_catalog_categories_visible":"","demo_title":"","demo_caption":"","default_faq_hidden":"","app_template_category":[],"platform":"","template_public_id":"","codecanyon_url":"","codecanyon_item_id":"","codecanyon_price":"","pricing_caption":"","pricing_elfsight_apps_hide_column":"","pricing_elfsight_apps_url":"","pricing_codecanyon_price_caption":"","integration_category":[],"integration_request_title":"","integration_request_cta":"","integration_platform":"","integrations":[],"platform_category":[],"video_schema_markup":"","price":"","trial":"","benefits":[],"button_url":"","button_target_blank":"","button_nofollow":"","attributes":[],"tags":[],"tags_disable_links":"","hide_more_platforms":"","video_object":"","demo_hide_cta":"","demo_hide_cloud_options":"","pricing_title":"","pricing":[],"related_apps_title":"","related_apps_hidden":"","author":"","image":[],"title":"","job":"","social_networks":[]},"_links":{"self":[{"href":"https:\/\/elfsight.com\/it\/wp-json\/wp\/v2\/pages\/1967","targetHints":{"allow":["GET"]}}],"collection":[{"href":"https:\/\/elfsight.com\/it\/wp-json\/wp\/v2\/pages"}],"about":[{"href":"https:\/\/elfsight.com\/it\/wp-json\/wp\/v2\/types\/page"}],"author":[{"embeddable":true,"href":"https:\/\/elfsight.com\/it\/wp-json\/wp\/v2\/users\/13"}],"replies":[{"embeddable":true,"href":"https:\/\/elfsight.com\/it\/wp-json\/wp\/v2\/comments?post=1967"}],"version-history":[{"count":2,"href":"https:\/\/elfsight.com\/it\/wp-json\/wp\/v2\/pages\/1967\/revisions"}],"predecessor-version":[{"id":1969,"href":"https:\/\/elfsight.com\/it\/wp-json\/wp\/v2\/pages\/1967\/revisions\/1969"}],"up":[{"embeddable":true,"href":"https:\/\/elfsight.com\/it\/wp-json\/wp\/v2\/pages\/1959"}],"wp:attachment":[{"href":"https:\/\/elfsight.com\/it\/wp-json\/wp\/v2\/media?parent=1967"}],"curies":[{"name":"wp","href":"https:\/\/api.w.org\/{rel}","templated":true}]}}