{"id":1964,"date":"2021-06-01T10:11:58","date_gmt":"2021-06-01T10:11:58","guid":{"rendered":"https:\/\/elfsight.com\/it\/?page_id=1964"},"modified":"2021-06-01T10:20:35","modified_gmt":"2021-06-01T10:20:35","slug":"features","status":"publish","type":"page","link":"https:\/\/elfsight.com\/it\/click-to-call-widget\/features\/","title":{"rendered":"Click to Call &#8211; Features"},"content":{"rendered":"\n<section class=\"application-features-group section\" id=\"PHONE CALLS\">\n                    <div class=\"inner\">\n                        <div class=\"col-row\">\n                            <div class=\"col-6 col-offset-3 col-m-12 col-m-offset-0\">\n<h3>Chiamarti al telefono \u00e8 questione di un clic<\/h3>\n<p>Il widget mostra un&#8217;icona di chiamata cliccabile in modo che gli utenti possano raggiungerti rapidamente. Per chi utilizza dispositivi mobili, sar\u00e0 sufficiente cliccare sull&#8217;icona per effettuare una chiamata. I proprietari di desktop vedranno il tuo numero e ulteriori dettagli di contatto e potranno utilizzare qualsiasi dispositivo adatto per effettuare una chiamata.<\/p>\n<h3>Trova la posizione ottimale sulla pagina<\/h3>\n<p>Posiziona il widget direttamente sulla pagina scegliendo una delle opzioni di posizione. Puoi scegliere un formato floating che seguir\u00e0 lo scorrimento e manterr\u00e0 l&#8217;icona del telefono a portata di mano. \u00c8 disponibile nelle varianti sinistra e destra. Oppure puoi scegliere una posizione personalizzata: posiziona il widget in qualsiasi area della pagina.<\/p>\n<h3>Impostazioni di visualizzazione<\/h3>\n<p>\u00c8 possibile far funzionare il widget in modo pi\u00f9 efficace concentrandosi su diversi aspetti della sua visualizzazione. Puoi scegliere la categoria di utenti che lo vedranno: tutti, solo nuovi o quelli di ritorno. Puoi anche scegliere il giorno della settimana in cui apparir\u00e0 l&#8217;icona della chiamata sul tuo sito, specificare su quali pagine gli utenti possono vederla e anche selezionare il tipo di dispositivi su cui verr\u00e0 visualizzata: desktop e cellulari.<\/p>\n<h3>I trigger delle telefonate aiutano a stimolare nuove chiamate<\/h3>\n<p>Elfsight Click To Call aiuta non solo a effettuare una chiamata, ma anche a stimolare gli utenti. Basta mostrare l&#8217;icona della chiamata al momento giusto. Per fare ci\u00f2, devi andare alle impostazioni del widget e scegliere quando l&#8217;utente vede l&#8217;icona &#8211; dopo un po&#8217; di tempo trascorso sulla pagina, scorrendo fino a una certa posizione o quando prova a lasciare il sito.<\/p>\n<\/div>\n                        <\/div>\n                    <\/div>\n\n                    <div class=\"application-features-group-title\">PHONE CALLS<\/div>\n                <\/section>\n<section class=\"application-features-group section\" id=\"DESIGN\">\n                    <div class=\"inner\">\n                        <div class=\"col-row\">\n                            <div class=\"col-6 col-offset-3 col-m-12 col-m-offset-0\">\n<h3>Modifica l&#8217;aspetto dell&#8217;icona della chiamata<\/h3>\n<p>Il fumetto del telefono \u00e8 la parte del widget che gli utenti vedono per prima. Dovrebbe attirare clic e sei libero di personalizzarlo. Puoi scegliere la dimensione del fumetto, mostrare o nascondere l&#8217;icona del telefono e aggiungere il tuo testo. C&#8217;\u00e8 anche un&#8217;opzione per impostare l&#8217;effetto di animazione e scegliere il suo intervallo.<\/p>\n<h3>Scegli gli elementi della finestra di chiamata<\/h3>\n<p>La finestra di chiamata offre molte opportunit\u00e0 di personalizzazione. Puoi aggiungere il nome e l&#8217;immagine della tua persona di contatto: carica una foto o sceglila dalla nostra libreria. Aggiungi una didascalia e un testo, dove puoi utilizzare le opzioni di formattazione, utilizzare elenchi, inserire link e altro.<\/p>\n<\/div>\n                        <\/div>\n                    <\/div>\n\n                    <div class=\"application-features-group-title\">DESIGN<\/div>\n                <\/section>\n<section class=\"application-features-group section\" id=\"Style\">\n                    <div class=\"inner\">\n                        <div class=\"col-row\">\n                            <div class=\"col-6 col-offset-3 col-m-12 col-m-offset-0\">\n<h3>Trova la migliore combinazione di colori<\/h3>\n<p>Vuoi creare un widget che attiri l&#8217;attenzione? O, al contrario, hai bisogno di un&#8217;opzione tranquilla che si adatti organicamente al design del tuo sito web? Tutto questo \u00e8 possibile con Elfsight Click To Call. Cambia il colore dell&#8217;icona e della finestra di chiamata, dello sfondo e del testo e trova la soluzione perfetta.<\/p>\n<h3>Scegli le dimensioni dei caratteri per i vari elementi<\/h3>\n<p>Tutti gli elementi di testo della finestra di chiamata: nome della persona, didascalia e testo hanno un&#8217;opzione per la dimensione del carattere. \u00c8 possibile variare questo parametro separatamente per ogni elemento e ottenere l&#8217;aspetto pi\u00f9 equilibrato. Anche la dimensione del carattere del numero di telefono \u00e8 flessibile.<\/p>\n<\/div>\n                        <\/div>\n                    <\/div>\n\n                    <div class=\"application-features-group-title\">Style<\/div>\n                <\/section>\n","protected":false},"excerpt":{"rendered":"","protected":false},"author":13,"featured_media":0,"parent":1959,"menu_order":0,"comment_status":"closed","ping_status":"closed","template":"templates\/template-application-features.php","meta":{"publish_to_discourse":"","publish_post_category":"","wpdc_auto_publish_overridden":"","wpdc_topic_tags":"","wpdc_pin_topic":"","wpdc_pin_until":"","discourse_post_id":"","discourse_permalink":"","wpdc_publishing_response":"","wpdc_publishing_error":"","footnotes":""},"class_list":["post-1964","page","type-page","status-publish","hentry"],"yoast_head":"<!-- This site is optimized with the Yoast SEO plugin v25.3.1 - https:\/\/yoast.com\/wordpress\/plugins\/seo\/ -->\n<title>Widget Click to Call: Telefonate; Design, Template, Stile (2025)<\/title>\n<meta name=\"description\" content=\"Prova funzionalit\u00e0 del pulsante Chiama ora in una live demo. Impostazioni personalizzate e un layout responsive per qualsiasi dispositivo.\" \/>\n<meta name=\"robots\" content=\"index, follow, max-snippet:-1, max-image-preview:large, max-video-preview:-1\" \/>\n<link rel=\"canonical\" href=\"https:\/\/elfsight.com\/it\/click-to-call-widget\/features\/\" \/>\n<meta property=\"og:locale\" content=\"it_IT\" \/>\n<meta property=\"og:type\" content=\"article\" \/>\n<meta property=\"og:title\" content=\"Widget Click to Call: Telefonate; Design, Template, Stile (2025)\" \/>\n<meta property=\"og:description\" content=\"Prova funzionalit\u00e0 del pulsante Chiama ora in una live demo. Impostazioni personalizzate e un layout responsive per qualsiasi dispositivo.\" \/>\n<meta property=\"og:url\" content=\"https:\/\/elfsight.com\/it\/click-to-call-widget\/features\/\" \/>\n<meta property=\"og:site_name\" content=\"Elfsight IT\" \/>\n<meta property=\"article:modified_time\" content=\"2021-06-01T10:20:35+00:00\" \/>\n<meta name=\"twitter:card\" content=\"summary_large_image\" \/>\n<meta name=\"twitter:label1\" content=\"Tempo di lettura stimato\" \/>\n\t<meta name=\"twitter:data1\" content=\"3 minuti\" \/>\n<!-- \/ Yoast SEO plugin. -->","yoast_head_json":{"title":"Widget Click to Call: Telefonate; Design, Template, Stile (2025)","description":"Prova funzionalit\u00e0 del pulsante Chiama ora in una live demo. Impostazioni personalizzate e un layout responsive per qualsiasi dispositivo.","robots":{"index":"index","follow":"follow","max-snippet":"max-snippet:-1","max-image-preview":"max-image-preview:large","max-video-preview":"max-video-preview:-1"},"canonical":"https:\/\/elfsight.com\/it\/click-to-call-widget\/features\/","og_locale":"it_IT","og_type":"article","og_title":"Widget Click to Call: Telefonate; Design, Template, Stile (2025)","og_description":"Prova funzionalit\u00e0 del pulsante Chiama ora in una live demo. Impostazioni personalizzate e un layout responsive per qualsiasi dispositivo.","og_url":"https:\/\/elfsight.com\/it\/click-to-call-widget\/features\/","og_site_name":"Elfsight IT","article_modified_time":"2021-06-01T10:20:35+00:00","twitter_card":"summary_large_image","twitter_misc":{"Tempo di lettura stimato":"3 minuti"},"schema":{"@context":"https:\/\/schema.org","@graph":[{"@type":"WebPage","@id":"https:\/\/elfsight.com\/it\/click-to-call-widget\/features\/","url":"https:\/\/elfsight.com\/it\/click-to-call-widget\/features\/","name":"Widget Click to Call: Telefonate; Design, Template, Stile (2025)","isPartOf":{"@id":"https:\/\/elfsight.com\/it\/#website"},"datePublished":"2021-06-01T10:11:58+00:00","dateModified":"2021-06-01T10:20:35+00:00","description":"Prova funzionalit\u00e0 del pulsante Chiama ora in una live demo. Impostazioni personalizzate e un layout responsive per qualsiasi dispositivo.","breadcrumb":{"@id":"https:\/\/elfsight.com\/it\/click-to-call-widget\/features\/#breadcrumb"},"inLanguage":"it-IT","potentialAction":[{"@type":"ReadAction","target":["https:\/\/elfsight.com\/it\/click-to-call-widget\/features\/"]}]},{"@type":"BreadcrumbList","@id":"https:\/\/elfsight.com\/it\/click-to-call-widget\/features\/#breadcrumb","itemListElement":[{"@type":"ListItem","position":1,"name":"Home","item":"https:\/\/elfsight.com\/it\/"},{"@type":"ListItem","position":2,"name":"Click to Call","item":"https:\/\/elfsight.com\/it\/click-to-call-widget\/"},{"@type":"ListItem","position":3,"name":"Click to Call &#8211; Features"}]},{"@type":"WebSite","@id":"https:\/\/elfsight.com\/it\/#website","url":"https:\/\/elfsight.com\/it\/","name":"Elfsight IT","description":"Just another Elfsight Sites site","potentialAction":[{"@type":"SearchAction","target":{"@type":"EntryPoint","urlTemplate":"https:\/\/elfsight.com\/it\/?s={search_term_string}"},"query-input":{"@type":"PropertyValueSpecification","valueRequired":true,"valueName":"search_term_string"}}],"inLanguage":"it-IT"}]}},"meta_box":{"industry":"","seo_heading":"","heading":"","description":"","cta_heading":"","cta_description":"","application":"1958","h1":"Funzionalit\u00e0 di Click to Call","h1_caption":"Esplora tutte le funzionalit\u00e0 di Elfsight Click to Call e come possono aiutarti a creare il widget pi\u00f9 efficace.","application_category":[],"applications_title":"","applications_request_title":"","applications_request_button_text":"","hero_text":"","hero_video":"","hero_video_schema_markup":"","selling_points_title":"","selling_points_caption":"","selling_points":[],"selling_points_cta_text":"","features_title":"","features":"","ed_cta_examples_text":"","ed_cta_examples_hidden":"","ed_cta_demo_text":"","ed_cta_demo_hidden":"","why_caption":"","why_editor_title":"","why_editor_text":"","why_team_title":"","why_team_text":"","why_service_title":"","why_service_text":"","template_catalog_visible":"","template_catalog_title":"","template_catalog_text":"","template_catalog_categories_visible":"","demo_title":"","demo_caption":"","default_faq_hidden":"","app_template_category":[],"platform":"","template_public_id":"","codecanyon_url":"","codecanyon_item_id":"","codecanyon_price":"","pricing_caption":"","pricing_elfsight_apps_hide_column":"","pricing_elfsight_apps_url":"","pricing_codecanyon_price_caption":"","integration_category":[],"integration_request_title":"","integration_request_cta":"","integration_platform":"","integrations":[],"platform_category":[],"video_schema_markup":"","price":"","trial":"","benefits":[],"button_url":"","button_target_blank":"","button_nofollow":"","attributes":[],"tags":[],"tags_disable_links":"","hide_more_platforms":"","video_object":"","demo_hide_cta":"","demo_hide_cloud_options":"","pricing_title":"","pricing":[],"related_apps_title":"","related_apps_hidden":"","author":"","image":[],"title":"","job":"","social_networks":[]},"_links":{"self":[{"href":"https:\/\/elfsight.com\/it\/wp-json\/wp\/v2\/pages\/1964","targetHints":{"allow":["GET"]}}],"collection":[{"href":"https:\/\/elfsight.com\/it\/wp-json\/wp\/v2\/pages"}],"about":[{"href":"https:\/\/elfsight.com\/it\/wp-json\/wp\/v2\/types\/page"}],"author":[{"embeddable":true,"href":"https:\/\/elfsight.com\/it\/wp-json\/wp\/v2\/users\/13"}],"replies":[{"embeddable":true,"href":"https:\/\/elfsight.com\/it\/wp-json\/wp\/v2\/comments?post=1964"}],"version-history":[{"count":2,"href":"https:\/\/elfsight.com\/it\/wp-json\/wp\/v2\/pages\/1964\/revisions"}],"predecessor-version":[{"id":1966,"href":"https:\/\/elfsight.com\/it\/wp-json\/wp\/v2\/pages\/1964\/revisions\/1966"}],"up":[{"embeddable":true,"href":"https:\/\/elfsight.com\/it\/wp-json\/wp\/v2\/pages\/1959"}],"wp:attachment":[{"href":"https:\/\/elfsight.com\/it\/wp-json\/wp\/v2\/media?parent=1964"}],"curies":[{"name":"wp","href":"https:\/\/api.w.org\/{rel}","templated":true}]}}