{"id":1922,"date":"2021-05-20T09:58:41","date_gmt":"2021-05-20T09:58:41","guid":{"rendered":"https:\/\/elfsight.com\/it\/?page_id=1922"},"modified":"2021-05-20T10:08:12","modified_gmt":"2021-05-20T10:08:12","slug":"examples","status":"publish","type":"page","link":"https:\/\/elfsight.com\/it\/social-media-icons-widget\/examples\/","title":{"rendered":"Social Media Icons &#8211; examples"},"content":{"rendered":"\n<div class=\"application-examples-item application-examples-item-loading\">\n                            <div class=\"col-row\">\n                                <div class=\"col-6 col-m-8 col-s-12\"><h3 class=\"application-examples-item-title\">Esempio 1: Icone Social<\/h3><div class=\"application-examples-item-description\">Questa \u00e8 una delle varianti pi\u00f9 diffusi del widget. Le icone hanno una forma rotonda e sono colorate con colori originali dei social network. Il layout Inline dispone le icone in una riga. \u00c8 una buona variante per un'area di contenuto di qualsiasi sito web.<\/div><\/div>\n                <\/div>\n\n                <div class=\"application-examples-item-iframe-container browser-frame\">\n                    <div class=\"application-examples-item-iframe-wrapper\">\n                        <iframe class=\"application-examples-item-iframe\" data-src=\"https:\/\/elfsight.com\/examples?widget_id=a39387ab-d9ea-4e51-b176-0238eafc914d&padding=140px+40px+0\" width=\"100%\" allow=\"autoplay; fullscreen\"><\/iframe>\n                    <\/div>\n\n                    <div class=\"application-examples-item-loader\"><\/div>\n                <\/div>\n            <\/div>\n<div class=\"application-examples-item application-examples-item-loading\">\n                            <div class=\"col-row\">\n                                <div class=\"col-6 col-m-8 col-s-12\"><h3 class=\"application-examples-item-title\">Esempio 2: Floating Icons<\/h3><div class=\"application-examples-item-description\">Se scegli il layout Floating, il widget si sposter\u00e0 lungo la pagina, seguendo lo scroll e rester\u00e0 sempre a portata di mano. Questo tipo di layout pu\u00f2 essere allineato a qualsiasi lato dello schermo e verr\u00e0 riorganizzato in orizzontale, se scegli l'allineamento centrale. Le icone qui sono quadrate con lo stile predefinito.<\/div><\/div>\n                <\/div>\n\n                <div class=\"application-examples-item-iframe-container browser-frame\">\n                    <div class=\"application-examples-item-iframe-wrapper\">\n                        <iframe class=\"application-examples-item-iframe\" data-src=\"https:\/\/elfsight.com\/examples?widget_id=4ce734ab-d0a4-47f3-8dd5-f6f544a84c56&padding=140px+40px+0\" width=\"100%\" allow=\"autoplay; fullscreen\"><\/iframe>\n                    <\/div>\n\n                    <div class=\"application-examples-item-loader\"><\/div>\n                <\/div>\n            <\/div>\n<div class=\"application-examples-item application-examples-item-loading\">\n                            <div class=\"col-row\">\n                                <div class=\"col-6 col-m-8 col-s-12\"><h3 class=\"application-examples-item-title\">Esempio 3: Icone Nere<\/h3><div class=\"application-examples-item-description\">Queste icone sembrano assolutamente uniche grazie alla soluzione cromatica in bianco e nero. I colori dello sfondo e il simbolo del supporto sono stati modificati nelle impostazioni. Le icone sono in linea e allineate al centro. C'\u00e8 anche un effetto di animazione al passaggio del mouse.<\/div><\/div>\n                <\/div>\n\n                <div class=\"application-examples-item-iframe-container browser-frame\">\n                    <div class=\"application-examples-item-iframe-wrapper\">\n                        <iframe class=\"application-examples-item-iframe application-examples-item-iframe-fixed-height\" data-src=\"https:\/\/elfsight.com\/examples?widget_id=02aa9da1-726c-4323-a731-82b97e0249ac&padding=140px+40px+0\" width=\"100%\" height=\"350\" allow=\"autoplay; fullscreen\"><\/iframe>\n                    <\/div>\n\n                    <div class=\"application-examples-item-loader\"><\/div>\n                <\/div>\n            <\/div>\n<div class=\"application-examples-item application-examples-item-loading\">\n                            <div class=\"col-row\">\n                                <div class=\"col-6 col-m-8 col-s-12\"><h3 class=\"application-examples-item-title\">Esempio 4: Icone Bianche<\/h3><div class=\"application-examples-item-description\">Per adattare il widget al concetto generale dello stile, puoi cambiarne completamente l'aspetto. Qui le icone hanno lo sfondo bianco ei simboli dei media hanno salvato i colori originali per salvare l'autenticit\u00e0. La forma arrotondata e la larghezza personalizzata li hanno resi minimalisti.<\/div><\/div>\n                <\/div>\n\n                <div class=\"application-examples-item-iframe-container browser-frame\">\n                    <div class=\"application-examples-item-iframe-wrapper\">\n                        <iframe class=\"application-examples-item-iframe\" data-src=\"https:\/\/elfsight.com\/examples?widget_id=6ac81eff-028d-46dd-91ea-f13a8e0f2286&padding=140px+40px+0\" width=\"100%\" allow=\"autoplay; fullscreen\"><\/iframe>\n                    <\/div>\n\n                    <div class=\"application-examples-item-loader\"><\/div>\n                <\/div>\n            <\/div>\n<div class=\"application-examples-item application-examples-item-loading\">\n                            <div class=\"col-row\">\n                                <div class=\"col-6 col-m-8 col-s-12\"><h3 class=\"application-examples-item-title\">Esempio 5: Clean Icons<\/h3><div class=\"application-examples-item-description\">Grazie allo stile Symbol applicato a questo widget, le icone vengono visualizzate senza lo sfondo. Le icone dei media hanno salvato i colori originali e sembrano estremamente minimaliste. L'animazione zoom viene visualizzata al passaggio del mouse e ci sono anche altre varianti di animazione che puoi scegliere.<\/div><\/div>\n                <\/div>\n\n                <div class=\"application-examples-item-iframe-container browser-frame\">\n                    <div class=\"application-examples-item-iframe-wrapper\">\n                        <iframe class=\"application-examples-item-iframe\" data-src=\"https:\/\/elfsight.com\/examples?widget_id=384a754c-c101-4c7d-9ea6-06850e7ba6af&padding=140px+40px+0\" width=\"100%\" allow=\"autoplay; fullscreen\"><\/iframe>\n                    <\/div>\n\n                    <div class=\"application-examples-item-loader\"><\/div>\n                <\/div>\n            <\/div>\n<div class=\"application-examples-item application-examples-item-loading\">\n                            <div class=\"col-row\">\n                                <div class=\"col-6 col-m-8 col-s-12\"><h3 class=\"application-examples-item-title\">Esempio 6: Pi\u00f9 Icone<\/h3><div class=\"application-examples-item-description\">Puoi visualizzare qualsiasi numero di icone sulla pagina e questo esempio dimostra che avranno un bell'aspetto, qualunque sia il numero. Ci sono 8 icone disposte su una riga e allineate al centro. Tutti hanno colori originali di sfondo e simboli e mostrano l'animazione di rimbalzo quando si passa con il mouse.<\/div><\/div>\n                <\/div>\n\n                <div class=\"application-examples-item-iframe-container browser-frame\">\n                    <div class=\"application-examples-item-iframe-wrapper\">\n                        <iframe class=\"application-examples-item-iframe\" data-src=\"https:\/\/elfsight.com\/examples?widget_id=28d8a218-1153-4b07-88b8-2debb5da9b3d&padding=140px+40px+0\" width=\"100%\" allow=\"autoplay; fullscreen\"><\/iframe>\n                    <\/div>\n\n                    <div class=\"application-examples-item-loader\"><\/div>\n                <\/div>\n            <\/div>\n<div class=\"application-examples-item application-examples-item-loading\">\n                            <div class=\"col-row\">\n                                <div class=\"col-6 col-m-8 col-s-12\"><h3 class=\"application-examples-item-title\">Esempio 7: Messenger<\/h3><div class=\"application-examples-item-description\">Questo esempio mostra come indirizzare gli utenti ai tuoi canali in Messenger direttamente dal sito web. Le icone in questo esempio hanno una dimensione moderata di 32 px e hanno la forma di un cerchio. I colori originali dei messaggeri vengono salvati in background e i simboli stessi sono bianchi. Queste opzioni, cos\u00ec come altre impostazioni di personalizzazione, possono essere facilmente modificate nell'editor.<\/div><\/div>\n                <\/div>\n\n                <div class=\"application-examples-item-iframe-container browser-frame\">\n                    <div class=\"application-examples-item-iframe-wrapper\">\n                        <iframe class=\"application-examples-item-iframe\" data-src=\"https:\/\/elfsight.com\/examples?widget_id=ba6fb5e7-354a-4852-83ee-9dc55cb498b1&padding=140px+40px+0\" width=\"100%\" allow=\"autoplay; fullscreen\"><\/iframe>\n                    <\/div>\n\n                    <div class=\"application-examples-item-loader\"><\/div>\n                <\/div>\n            <\/div>\n","protected":false},"excerpt":{"rendered":"","protected":false},"author":13,"featured_media":0,"parent":1908,"menu_order":0,"comment_status":"closed","ping_status":"closed","template":"templates\/template-application-examples.php","meta":{"publish_to_discourse":"","publish_post_category":"","wpdc_auto_publish_overridden":"","wpdc_topic_tags":"","wpdc_pin_topic":"","wpdc_pin_until":"","discourse_post_id":"","discourse_permalink":"","wpdc_publishing_response":"","wpdc_publishing_error":"","footnotes":""},"class_list":["post-1922","page","type-page","status-publish","hentry"],"yoast_head":"<!-- This site is optimized with the Yoast SEO plugin v25.3.1 - https:\/\/yoast.com\/wordpress\/plugins\/seo\/ -->\n<title>TOP 7 esempi di Social Media Icons su sito web (vetrina)<\/title>\n<meta name=\"description\" content=\"I 7 migliori esempi di Social Icons: template classico, design minimalista, icone mobili o universali e altri template per il tuo sito web.\" \/>\n<meta name=\"robots\" content=\"index, follow, max-snippet:-1, max-image-preview:large, max-video-preview:-1\" \/>\n<link rel=\"canonical\" href=\"https:\/\/elfsight.com\/it\/social-media-icons-widget\/examples\/\" \/>\n<meta property=\"og:locale\" content=\"it_IT\" \/>\n<meta property=\"og:type\" content=\"article\" \/>\n<meta property=\"og:title\" content=\"TOP 7 esempi di Social Media Icons su sito web (vetrina)\" \/>\n<meta property=\"og:description\" content=\"I 7 migliori esempi di Social Icons: template classico, design minimalista, icone mobili o universali e altri template per il tuo sito web.\" \/>\n<meta property=\"og:url\" content=\"https:\/\/elfsight.com\/it\/social-media-icons-widget\/examples\/\" \/>\n<meta property=\"og:site_name\" content=\"Elfsight IT\" \/>\n<meta property=\"article:modified_time\" content=\"2021-05-20T10:08:12+00:00\" \/>\n<meta name=\"twitter:card\" content=\"summary_large_image\" \/>\n<meta name=\"twitter:label1\" content=\"Tempo di lettura stimato\" \/>\n\t<meta name=\"twitter:data1\" content=\"3 minuti\" \/>\n<!-- \/ Yoast SEO plugin. -->","yoast_head_json":{"title":"TOP 7 esempi di Social Media Icons su sito web (vetrina)","description":"I 7 migliori esempi di Social Icons: template classico, design minimalista, icone mobili o universali e altri template per il tuo sito web.","robots":{"index":"index","follow":"follow","max-snippet":"max-snippet:-1","max-image-preview":"max-image-preview:large","max-video-preview":"max-video-preview:-1"},"canonical":"https:\/\/elfsight.com\/it\/social-media-icons-widget\/examples\/","og_locale":"it_IT","og_type":"article","og_title":"TOP 7 esempi di Social Media Icons su sito web (vetrina)","og_description":"I 7 migliori esempi di Social Icons: template classico, design minimalista, icone mobili o universali e altri template per il tuo sito web.","og_url":"https:\/\/elfsight.com\/it\/social-media-icons-widget\/examples\/","og_site_name":"Elfsight IT","article_modified_time":"2021-05-20T10:08:12+00:00","twitter_card":"summary_large_image","twitter_misc":{"Tempo di lettura stimato":"3 minuti"},"schema":{"@context":"https:\/\/schema.org","@graph":[{"@type":"WebPage","@id":"https:\/\/elfsight.com\/it\/social-media-icons-widget\/examples\/","url":"https:\/\/elfsight.com\/it\/social-media-icons-widget\/examples\/","name":"TOP 7 esempi di Social Media Icons su sito web (vetrina)","isPartOf":{"@id":"https:\/\/elfsight.com\/it\/#website"},"datePublished":"2021-05-20T09:58:41+00:00","dateModified":"2021-05-20T10:08:12+00:00","description":"I 7 migliori esempi di Social Icons: template classico, design minimalista, icone mobili o universali e altri template per il tuo sito web.","breadcrumb":{"@id":"https:\/\/elfsight.com\/it\/social-media-icons-widget\/examples\/#breadcrumb"},"inLanguage":"it-IT","potentialAction":[{"@type":"ReadAction","target":["https:\/\/elfsight.com\/it\/social-media-icons-widget\/examples\/"]}]},{"@type":"BreadcrumbList","@id":"https:\/\/elfsight.com\/it\/social-media-icons-widget\/examples\/#breadcrumb","itemListElement":[{"@type":"ListItem","position":1,"name":"Home","item":"https:\/\/elfsight.com\/it\/"},{"@type":"ListItem","position":2,"name":"Social Media Icons","item":"https:\/\/elfsight.com\/it\/social-media-icons-widget\/"},{"@type":"ListItem","position":3,"name":"Social Media Icons &#8211; examples"}]},{"@type":"WebSite","@id":"https:\/\/elfsight.com\/it\/#website","url":"https:\/\/elfsight.com\/it\/","name":"Elfsight IT","description":"Just another Elfsight Sites site","potentialAction":[{"@type":"SearchAction","target":{"@type":"EntryPoint","urlTemplate":"https:\/\/elfsight.com\/it\/?s={search_term_string}"},"query-input":{"@type":"PropertyValueSpecification","valueRequired":true,"valueName":"search_term_string"}}],"inLanguage":"it-IT"}]}},"meta_box":{"industry":"","seo_heading":"","heading":"","description":"","cta_heading":"","cta_description":"","application":"1907","h1":"Esempi di Social Media Icons","h1_caption":"Controlla gli esempi di Icone Social per il sito web per scoprire il pieno potenziale del widget. Assicurati che si adatti ai tuoi obiettivi.","application_category":[],"applications_title":"","applications_request_title":"","applications_request_button_text":"","hero_text":"","hero_video":"","hero_video_schema_markup":"","selling_points_title":"","selling_points_caption":"","selling_points":[],"selling_points_cta_text":"","features_title":"","features":"","ed_cta_examples_text":"","ed_cta_examples_hidden":"","ed_cta_demo_text":"","ed_cta_demo_hidden":"","why_caption":"","why_editor_title":"","why_editor_text":"","why_team_title":"","why_team_text":"","why_service_title":"","why_service_text":"","template_catalog_visible":"","template_catalog_title":"","template_catalog_text":"","template_catalog_categories_visible":"","demo_title":"","demo_caption":"","default_faq_hidden":"","app_template_category":[],"platform":"","template_public_id":"","codecanyon_url":"","codecanyon_item_id":"","codecanyon_price":"","pricing_caption":"","pricing_elfsight_apps_hide_column":"","pricing_elfsight_apps_url":"","pricing_codecanyon_price_caption":"","integration_category":[],"integration_request_title":"","integration_request_cta":"","integration_platform":"","integrations":[],"platform_category":[],"video_schema_markup":"","price":"","trial":"","benefits":[],"button_url":"","button_target_blank":"","button_nofollow":"","attributes":[],"tags":[],"tags_disable_links":"","hide_more_platforms":"","video_object":"","demo_hide_cta":"","demo_hide_cloud_options":"","pricing_title":"","pricing":[],"related_apps_title":"","related_apps_hidden":"","author":"","image":[],"title":"","job":"","social_networks":[]},"_links":{"self":[{"href":"https:\/\/elfsight.com\/it\/wp-json\/wp\/v2\/pages\/1922","targetHints":{"allow":["GET"]}}],"collection":[{"href":"https:\/\/elfsight.com\/it\/wp-json\/wp\/v2\/pages"}],"about":[{"href":"https:\/\/elfsight.com\/it\/wp-json\/wp\/v2\/types\/page"}],"author":[{"embeddable":true,"href":"https:\/\/elfsight.com\/it\/wp-json\/wp\/v2\/users\/13"}],"replies":[{"embeddable":true,"href":"https:\/\/elfsight.com\/it\/wp-json\/wp\/v2\/comments?post=1922"}],"version-history":[{"count":2,"href":"https:\/\/elfsight.com\/it\/wp-json\/wp\/v2\/pages\/1922\/revisions"}],"predecessor-version":[{"id":1924,"href":"https:\/\/elfsight.com\/it\/wp-json\/wp\/v2\/pages\/1922\/revisions\/1924"}],"up":[{"embeddable":true,"href":"https:\/\/elfsight.com\/it\/wp-json\/wp\/v2\/pages\/1908"}],"wp:attachment":[{"href":"https:\/\/elfsight.com\/it\/wp-json\/wp\/v2\/media?parent=1922"}],"curies":[{"name":"wp","href":"https:\/\/api.w.org\/{rel}","templated":true}]}}