{"id":1914,"date":"2021-05-20T09:53:31","date_gmt":"2021-05-20T09:53:31","guid":{"rendered":"https:\/\/elfsight.com\/it\/?page_id=1914"},"modified":"2021-05-20T10:07:55","modified_gmt":"2021-05-20T10:07:55","slug":"features","status":"publish","type":"page","link":"https:\/\/elfsight.com\/it\/social-media-icons-widget\/features\/","title":{"rendered":"Social Media Icons &#8211; features"},"content":{"rendered":"\n<section class=\"application-features-group section\" id=\"content\">\n                    <div class=\"inner\">\n                        <div class=\"col-row\">\n                            <div class=\"col-6 col-offset-3 col-m-12 col-m-offset-0\">\n<h3>50+ icone a tua disposizione<\/h3>\n<p>Elfsight Social Media Icons ha una libreria di oltre 50 icone delle reti sociali pi\u00f9 popolari in tutto il mondo. Devi solo scegliere i media necessari dall&#8217;elenco e inserire un URL per il tuo account nella casella. L&#8217;icona verr\u00e0 visualizzata sulla pagina e reindirizzer\u00e0 gli utenti al tuo account con un clic.<\/p>\n<div class=\"post-row col-row\"><br><div class=\"col-12 col-offset-0 col-m-12 col-m-offset-0\"><\/p>\n<figure><img decoding=\"async\" src=\"https:\/\/elfsight.com\/wp-content\/uploads\/2021\/04\/social-media-icons-content-1.jpg\" alt=\"\"><\/figure>\n<p><\/div><br><\/div>\n<h3>Qualsiasi numero di social network<\/h3>\n<p>Se gestisci molti profili di social media, non \u00e8 un problema visualizzarli tutti su un sito web. Il nostro widget consente di aggiungere un numero illimitato di icone alla pagina: scegli quante ne hai bisogno. Dai al tuo pubblico la possibilit\u00e0 di visitare tutte le tue pagine attive. Inoltre, puoi scegliere l&#8217;ordine in cui verranno visualizzate le icone.<\/p>\n<div class=\"post-row col-row\"><br><div class=\"col-12 col-offset-0 col-m-12 col-m-offset-0\"><\/p>\n<figure><img decoding=\"async\" src=\"https:\/\/elfsight.com\/wp-content\/uploads\/2021\/04\/social-media-icons-content-2.jpg\" alt=\"\"><\/figure>\n<p><\/div><br><\/div>\n<p><\/div>\n                        <\/div>\n                    <\/div>\n\n                    <div class=\"application-features-group-title\">Content<\/div>\n                <\/section><br><section class=\"application-cta-ed\">\n                    <div class=\"inner\">\n                        <div class=\"col-row\">\n                            <div class=\"col-6 col-m-12\">\n                                <div class=\"application-cta-ed-item-examples application-cta-ed-item\">\n                                    <div class=\"application-cta-ed-item-icon\">\n                                        <svg viewBox=\"0 0 25 25\" width=\"100%\" height=\"100%\">\n                                            <use xlink:href=\"#icon-desktop\"><\/use>\n                                        <\/svg>\n                                    <\/div>\n\n                                    <div class=\"application-cta-ed-item-content\">\n                                        <div class=\"application-cta-ed-item-content-title\">Esempi d'uso<\/div>\n\n                                        <div class=\"application-cta-ed-item-content-text\">Visualizza una selezione di esempi reali per scoprire il massimo potenziale di  per il tuo sito web.\n                                        <\/div>\n\n                                        <a class=\"button-48 button-purple button\" href=\"\">Vedere in azione<\/a>\n                                    <\/div>\n                                <\/div>\n                            <\/div>\n                            <div class=\"col-6 col-m-12\">\n                                <div class=\"application-cta-ed-item-demo application-cta-ed-item\">\n                                    <div class=\"application-cta-ed-item-icon\">\n                                        <svg viewBox=\"0 0 25 25\" width=\"100%\" height=\"100%\">\n                                            <use xlink:href=\"#icon-settings\"><\/use>\n                                        <\/svg>\n                                    <\/div>\n\n                                    <div class=\"application-cta-ed-item-content\">\n                                        <div class=\"application-cta-ed-item-content-title\">Live demo<\/div>\n\n                                        <div class=\"application-cta-ed-item-content-text\">Prova subito tutte le funzionalit\u00e0 di  nella live demo. Gratis. Non richiede scrittura di codice.\n                                        <\/div>\n\n                                        <a class=\"button-48 button-magenta button\" href=\"#demo\" data-nav-scroll-to=\"demo\">Prova subito<\/a>\n                                    <\/div>\n                                <\/div>\n                            <\/div>\n                        <\/div>\n                    <\/div>\n                <\/section><\/p>\n<section class=\"application-features-group section\" style=\"background-color:#fafafa;\" id=\"layout\">\n                    <div class=\"inner\">\n                        <div class=\"col-row\">\n                            <div class=\"col-6 col-offset-3 col-m-12 col-m-offset-0\"><\/p>\n<h3>Cambia facilmente le dimensioni<\/h3>\n<p>Non \u00e8 necessario perdere tempo a cercare la dimensione perfetta dell&#8217;icona: offriamo cinque opzioni predefinite, dalla pi\u00f9 discreta alla pi\u00f9 visibile. Puoi provarli tutti con un solo clic per vedere quale funziona meglio per te.<\/p>\n<p><div class=\"post-row col-row\"><br><div class=\"col-12 col-offset-0 col-m-12 col-m-offset-0\"><\/p>\n<figure><img decoding=\"async\" src=\"https:\/\/elfsight.com\/wp-content\/uploads\/2018\/08\/social-media-icons-layout-1.jpg\" alt=\"\"><\/figure>\n<p><\/div><br><\/div><\/p>\n<h3>Layout Inline per una posizione ottimale sulla pagina<\/h3>\n<p>Posiziona le icone social nell&#8217;area dei contenuti della tua pagina utilizzando il layout Inline, in modo che sembrino naturali e forniscano un modo semplice per indirizzare gli spettatori ai tuoi account nei social media. Puoi scegliere l&#8217;opzione di allineamento a seconda delle tue preferenze: a sinistra, a destra o centrato.<\/p>\n<p><div class=\"post-row col-row\"><br><div class=\"col-12 col-offset-0 col-m-12 col-m-offset-0\"><\/p>\n<figure><img decoding=\"async\" src=\"https:\/\/elfsight.com\/wp-content\/uploads\/2021\/04\/social-media-icons-layout-2.jpg\" alt=\"\"><\/figure>\n<p><\/div><br><\/div><\/p>\n<h3>Metti le icone in movimento con il layout Floating<\/h3>\n<p> Il nostro widget ti aiuter\u00e0 a creare icone dei social media che saranno sempre visibili agli utenti e attireranno pi\u00f9 visitatori sulle pagine social. Il layout Floating fa muovere le icone in modo che seguono lo scorrimento della pagina e restano a portata di mano in ogni momento. Puoi posizionare queste icone su entrambi i lati dello schermo o al centro.<\/p>\n\n<p><div class=\"post-row col-row\"><br><div class=\"col-12 col-offset-0 col-m-12 col-m-offset-0\"><\/p>\n<figure><img decoding=\"async\" src=\"https:\/\/elfsight.com\/wp-content\/uploads\/2021\/04\/social-media-icons-layout-3.jpg\" alt=\"\"><\/figure>\n<p><\/div><br><\/div><\/p>\n<p><\/div>\n                        <\/div>\n                    <\/div>\n\n                    <div class=\"application-features-group-title\">Layout<\/div>\n                <\/section>\n<section class=\"application-cta-ed\">\n                    <div class=\"inner\">\n                        <div class=\"col-row\">\n                            <div class=\"col-6 col-m-12\">\n                                <div class=\"application-cta-ed-item-examples application-cta-ed-item\">\n                                    <div class=\"application-cta-ed-item-icon\">\n                                        <svg viewBox=\"0 0 25 25\" width=\"100%\" height=\"100%\">\n                                            <use xlink:href=\"#icon-desktop\"><\/use>\n                                        <\/svg>\n                                    <\/div>\n\n                                    <div class=\"application-cta-ed-item-content\">\n                                        <div class=\"application-cta-ed-item-content-title\">Esempi d'uso<\/div>\n\n                                        <div class=\"application-cta-ed-item-content-text\">Visualizza una selezione di esempi reali per scoprire il massimo potenziale di  per il tuo sito web.\n                                        <\/div>\n\n                                        <a class=\"button-48 button-purple button\" href=\"\">Vedere in azione<\/a>\n                                    <\/div>\n                                <\/div>\n                            <\/div>\n                            <div class=\"col-6 col-m-12\">\n                                <div class=\"application-cta-ed-item-demo application-cta-ed-item\">\n                                    <div class=\"application-cta-ed-item-icon\">\n                                        <svg viewBox=\"0 0 25 25\" width=\"100%\" height=\"100%\">\n                                            <use xlink:href=\"#icon-settings\"><\/use>\n                                        <\/svg>\n                                    <\/div>\n\n                                    <div class=\"application-cta-ed-item-content\">\n                                        <div class=\"application-cta-ed-item-content-title\">Live demo<\/div>\n\n                                        <div class=\"application-cta-ed-item-content-text\">Prova subito tutte le funzionalit\u00e0 di  nella live demo. Gratis. Non richiede scrittura di codice.\n                                        <\/div>\n\n                                        <a class=\"button-48 button-magenta button\" href=\"#demo\" data-nav-scroll-to=\"demo\">Prova subito<\/a>\n                                    <\/div>\n                                <\/div>\n                            <\/div>\n                        <\/div>\n                    <\/div>\n                <\/section>\n<section class=\"application-features-group section\" id=\"style\">\n                    <div class=\"inner\">\n                        <div class=\"col-row\">\n                            <div class=\"col-6 col-offset-3 col-m-12 col-m-offset-0\"><\/p>\n<h3>5 stili predefiniti<\/h3>\n<p>Il nostro widget include cinque stili appositamente creati per trovare la migliore corrispondenza per il design del tuo sito web. Puoi provarli tutti in un clic grazie a un editor comodo e semplice. Material, Flat, Classic, Bordered e Symbol &#8211; trova il tuo.<\/p>\n<p><div class=\"post-row col-row\"><br><div class=\"col-12 col-offset-0 col-m-12 col-m-offset-0\"><\/p>\n<figure><img decoding=\"async\" src=\"https:\/\/elfsight.com\/wp-content\/uploads\/2018\/08\/social-media-icons-style-1.jpg\" alt=\"\"><\/figure>\n<p><\/div><br><\/div><\/p>\n<h3>Colora le tue icone per avere un look unico<\/h3>\n<p>Per aggiungere ancora pi\u00f9 personalizzazione, Elfsight Social Media Icons ti offre la possibilit\u00e0 di colorare quattro elementi. Scegli le opzioni di colore Originale, Nero o Bianco per ciascuno degli elementi colorabili: icona, sfondo, icona al passaggio del mouse e sfondo al passaggio del mouse. Puoi anche modificare la trasparenza delle icone.<\/p>\n<p><div class=\"post-row col-row\"><br><div class=\"col-12 col-offset-0 col-m-12 col-m-offset-0\"><\/p>\n<figure><img decoding=\"async\" src=\"https:\/\/elfsight.com\/wp-content\/uploads\/2018\/08\/social-media-icons-style-2.jpg\" alt=\"\"><\/figure>\n<p><\/div><br><\/div><\/p>\n<h3>3 opzioni di forma dell&#8217;icona<\/h3>\n<p>Definisci il tipo di raggio del bordo che si adatta meglio alla tua pagina. Offriamo tre varianti: cerchio, arrotondato e quadrato. Mentre le icone del cerchio sono pi\u00f9 tradizionali, la forma quadrata sembra elegante e pu\u00f2 essere la soluzione migliore per i siti web con uno stile minimalista.<\/p>\n<p><div class=\"post-row col-row\"><br><div class=\"col-12 col-offset-0 col-m-12 col-m-offset-0\"><\/p>\n<figure><img decoding=\"async\" src=\"https:\/\/elfsight.com\/wp-content\/uploads\/2018\/08\/social-media-icons-style-3.jpg\" alt=\"\"><\/figure>\n<p><\/div><br><\/div><\/p>\n<h3>5 varianti di animazione<\/h3>\n<p> Se passi il mouse su un&#8217;icona di social media, vedrai come funziona l&#8217;effetto di animazione. Puoi scegliere il modo in cui le tue icone reagiscono al passaggio del mouse dell&#8217;utente con l&#8217;opzione Animazione nell&#8217;editor. Ci sono cinque tipi di animazione incorporati: basta scegliere il tuo dall&#8217;elenco.<\/p>\n<p><\/div>\n                        <\/div>\n                    <\/div>\n\n                    <div class=\"application-features-group-title\">Style<\/div>\n                <\/section>\n","protected":false},"excerpt":{"rendered":"","protected":false},"author":13,"featured_media":0,"parent":1908,"menu_order":0,"comment_status":"closed","ping_status":"closed","template":"templates\/template-application-features.php","meta":{"publish_to_discourse":"","publish_post_category":"","wpdc_auto_publish_overridden":"","wpdc_topic_tags":"","wpdc_pin_topic":"","wpdc_pin_until":"","discourse_post_id":"","discourse_permalink":"","wpdc_publishing_response":"","wpdc_publishing_error":"","footnotes":""},"class_list":["post-1914","page","type-page","status-publish","hentry"],"yoast_head":"<!-- This site is optimized with the Yoast SEO plugin v25.3.1 - https:\/\/yoast.com\/wordpress\/plugins\/seo\/ -->\n<title>Icone dei Social Media \u2014 Funzionalit\u00e0 (25 impostazioni personalizzate)<\/title>\n<meta name=\"description\" content=\"Prova funzionalit\u00e0 delle icone dei social in una demo live. Impostazioni personalizzate e un layout responsive per qualsiasi dispositivo.\" \/>\n<meta name=\"robots\" content=\"index, follow, max-snippet:-1, max-image-preview:large, max-video-preview:-1\" \/>\n<link rel=\"canonical\" href=\"https:\/\/elfsight.com\/it\/social-media-icons-widget\/features\/\" \/>\n<meta property=\"og:locale\" content=\"it_IT\" \/>\n<meta property=\"og:type\" content=\"article\" \/>\n<meta property=\"og:title\" content=\"Icone dei Social Media \u2014 Funzionalit\u00e0 (25 impostazioni personalizzate)\" \/>\n<meta property=\"og:description\" content=\"Prova funzionalit\u00e0 delle icone dei social in una demo live. Impostazioni personalizzate e un layout responsive per qualsiasi dispositivo.\" \/>\n<meta property=\"og:url\" content=\"https:\/\/elfsight.com\/it\/social-media-icons-widget\/features\/\" \/>\n<meta property=\"og:site_name\" content=\"Elfsight IT\" \/>\n<meta property=\"article:modified_time\" content=\"2021-05-20T10:07:55+00:00\" \/>\n<meta property=\"og:image\" content=\"https:\/\/elfsight.com\/wp-content\/uploads\/2021\/04\/social-media-icons-content-1.jpg\" \/>\n<meta name=\"twitter:card\" content=\"summary_large_image\" \/>\n<meta name=\"twitter:label1\" content=\"Tempo di lettura stimato\" \/>\n\t<meta name=\"twitter:data1\" content=\"3 minuti\" \/>\n<!-- \/ Yoast SEO plugin. -->","yoast_head_json":{"title":"Icone dei Social Media \u2014 Funzionalit\u00e0 (25 impostazioni personalizzate)","description":"Prova funzionalit\u00e0 delle icone dei social in una demo live. Impostazioni personalizzate e un layout responsive per qualsiasi dispositivo.","robots":{"index":"index","follow":"follow","max-snippet":"max-snippet:-1","max-image-preview":"max-image-preview:large","max-video-preview":"max-video-preview:-1"},"canonical":"https:\/\/elfsight.com\/it\/social-media-icons-widget\/features\/","og_locale":"it_IT","og_type":"article","og_title":"Icone dei Social Media \u2014 Funzionalit\u00e0 (25 impostazioni personalizzate)","og_description":"Prova funzionalit\u00e0 delle icone dei social in una demo live. Impostazioni personalizzate e un layout responsive per qualsiasi dispositivo.","og_url":"https:\/\/elfsight.com\/it\/social-media-icons-widget\/features\/","og_site_name":"Elfsight IT","article_modified_time":"2021-05-20T10:07:55+00:00","og_image":[{"url":"https:\/\/elfsight.com\/wp-content\/uploads\/2021\/04\/social-media-icons-content-1.jpg","type":"","width":"","height":""}],"twitter_card":"summary_large_image","twitter_misc":{"Tempo di lettura stimato":"3 minuti"},"schema":{"@context":"https:\/\/schema.org","@graph":[{"@type":"WebPage","@id":"https:\/\/elfsight.com\/it\/social-media-icons-widget\/features\/","url":"https:\/\/elfsight.com\/it\/social-media-icons-widget\/features\/","name":"Icone dei Social Media \u2014 Funzionalit\u00e0 (25 impostazioni personalizzate)","isPartOf":{"@id":"https:\/\/elfsight.com\/it\/#website"},"primaryImageOfPage":{"@id":"https:\/\/elfsight.com\/it\/social-media-icons-widget\/features\/#primaryimage"},"image":{"@id":"https:\/\/elfsight.com\/it\/social-media-icons-widget\/features\/#primaryimage"},"thumbnailUrl":"https:\/\/elfsight.com\/wp-content\/uploads\/2021\/04\/social-media-icons-content-1.jpg","datePublished":"2021-05-20T09:53:31+00:00","dateModified":"2021-05-20T10:07:55+00:00","description":"Prova funzionalit\u00e0 delle icone dei social in una demo live. Impostazioni personalizzate e un layout responsive per qualsiasi dispositivo.","breadcrumb":{"@id":"https:\/\/elfsight.com\/it\/social-media-icons-widget\/features\/#breadcrumb"},"inLanguage":"it-IT","potentialAction":[{"@type":"ReadAction","target":["https:\/\/elfsight.com\/it\/social-media-icons-widget\/features\/"]}]},{"@type":"ImageObject","inLanguage":"it-IT","@id":"https:\/\/elfsight.com\/it\/social-media-icons-widget\/features\/#primaryimage","url":"https:\/\/elfsight.com\/wp-content\/uploads\/2021\/04\/social-media-icons-content-1.jpg","contentUrl":"https:\/\/elfsight.com\/wp-content\/uploads\/2021\/04\/social-media-icons-content-1.jpg"},{"@type":"BreadcrumbList","@id":"https:\/\/elfsight.com\/it\/social-media-icons-widget\/features\/#breadcrumb","itemListElement":[{"@type":"ListItem","position":1,"name":"Home","item":"https:\/\/elfsight.com\/it\/"},{"@type":"ListItem","position":2,"name":"Social Media Icons","item":"https:\/\/elfsight.com\/it\/social-media-icons-widget\/"},{"@type":"ListItem","position":3,"name":"Social Media Icons &#8211; features"}]},{"@type":"WebSite","@id":"https:\/\/elfsight.com\/it\/#website","url":"https:\/\/elfsight.com\/it\/","name":"Elfsight IT","description":"Just another Elfsight Sites site","potentialAction":[{"@type":"SearchAction","target":{"@type":"EntryPoint","urlTemplate":"https:\/\/elfsight.com\/it\/?s={search_term_string}"},"query-input":{"@type":"PropertyValueSpecification","valueRequired":true,"valueName":"search_term_string"}}],"inLanguage":"it-IT"}]}},"meta_box":{"industry":"","seo_heading":"","heading":"","description":"","cta_heading":"","cta_description":"","application":"1907","h1":"Funzionalit\u00e0 di Social Media Icons","h1_caption":"Esplora tutte le funzionalit\u00e0 di Elfsight Social Media Icons e come possono aiutarti a creare il widget pi\u00f9 efficace.","application_category":[],"applications_title":"","applications_request_title":"","applications_request_button_text":"","hero_text":"","hero_video":"","hero_video_schema_markup":"","selling_points_title":"","selling_points_caption":"","selling_points":[],"selling_points_cta_text":"","features_title":"","features":"","ed_cta_examples_text":"","ed_cta_examples_hidden":"","ed_cta_demo_text":"","ed_cta_demo_hidden":"","why_caption":"","why_editor_title":"","why_editor_text":"","why_team_title":"","why_team_text":"","why_service_title":"","why_service_text":"","template_catalog_visible":"","template_catalog_title":"","template_catalog_text":"","template_catalog_categories_visible":"","demo_title":"","demo_caption":"","default_faq_hidden":"","app_template_category":[],"platform":"","template_public_id":"","codecanyon_url":"","codecanyon_item_id":"","codecanyon_price":"","pricing_caption":"","pricing_elfsight_apps_hide_column":"","pricing_elfsight_apps_url":"","pricing_codecanyon_price_caption":"","integration_category":[],"integration_request_title":"","integration_request_cta":"","integration_platform":"","integrations":[],"platform_category":[],"video_schema_markup":"","price":"","trial":"","benefits":[],"button_url":"","button_target_blank":"","button_nofollow":"","attributes":[],"tags":[],"tags_disable_links":"","hide_more_platforms":"","video_object":"","demo_hide_cta":"","demo_hide_cloud_options":"","pricing_title":"","pricing":[],"related_apps_title":"","related_apps_hidden":"","author":"","image":[],"title":"","job":"","social_networks":[]},"_links":{"self":[{"href":"https:\/\/elfsight.com\/it\/wp-json\/wp\/v2\/pages\/1914","targetHints":{"allow":["GET"]}}],"collection":[{"href":"https:\/\/elfsight.com\/it\/wp-json\/wp\/v2\/pages"}],"about":[{"href":"https:\/\/elfsight.com\/it\/wp-json\/wp\/v2\/types\/page"}],"author":[{"embeddable":true,"href":"https:\/\/elfsight.com\/it\/wp-json\/wp\/v2\/users\/13"}],"replies":[{"embeddable":true,"href":"https:\/\/elfsight.com\/it\/wp-json\/wp\/v2\/comments?post=1914"}],"version-history":[{"count":7,"href":"https:\/\/elfsight.com\/it\/wp-json\/wp\/v2\/pages\/1914\/revisions"}],"predecessor-version":[{"id":1921,"href":"https:\/\/elfsight.com\/it\/wp-json\/wp\/v2\/pages\/1914\/revisions\/1921"}],"up":[{"embeddable":true,"href":"https:\/\/elfsight.com\/it\/wp-json\/wp\/v2\/pages\/1908"}],"wp:attachment":[{"href":"https:\/\/elfsight.com\/it\/wp-json\/wp\/v2\/media?parent=1914"}],"curies":[{"name":"wp","href":"https:\/\/api.w.org\/{rel}","templated":true}]}}