{"id":1709,"date":"2021-03-25T14:07:33","date_gmt":"2021-03-25T14:07:33","guid":{"rendered":"https:\/\/elfsight.com\/it\/?page_id=1709"},"modified":"2021-08-30T12:25:28","modified_gmt":"2021-08-30T12:25:28","slug":"examples","status":"publish","type":"page","link":"https:\/\/elfsight.com\/it\/logo-showcase-widget\/examples\/","title":{"rendered":"Logo Showcase &#8211; Examples"},"content":{"rendered":"\n<div class=\"application-examples-item application-examples-item-loading\">\n                            <div class=\"col-row\">\n                                <div class=\"col-6 col-m-8 col-s-12\"><h3 class=\"application-examples-item-title\">Esempio 1: Our clients<\/h3><div class=\"application-examples-item-description\">Questo widget mostra una griglia di loghi per tutti i clienti dell'azienda, che risulta evidente dal titolo del widget. Grazie all'adattabilit\u00e0 del widget, puoi vedere tutti i loghi su una pagina. Allo stesso tempo, le immagini del logo hanno mantenuto i loro colori originali, ma la spaziatura tra di loro \u00e8 stata aumentata. Questo tipo di widget pu\u00f2 occupare un posto significativo nella pagina e ti consentir\u00e0 di mostrare i tuoi clienti importanti.<\/div><\/div>\n                <\/div>\n\n                <div class=\"application-examples-item-iframe-container browser-frame\">\n                    <div class=\"application-examples-item-iframe-wrapper\">\n                        <iframe class=\"application-examples-item-iframe application-examples-item-iframe-fixed-height\" data-src=\"https:\/\/elfsight.com\/examples?widget_id=2a8b993c-c1f1-44ee-b599-6e2ea166fb64&padding=28px+40px+40px\" width=\"100%\" height=\"600\" allow=\"autoplay; fullscreen\"><\/iframe>\n                    <\/div>\n\n                    <div class=\"application-examples-item-loader\"><\/div>\n                <\/div>\n            <\/div>\n<div class=\"application-examples-item application-examples-item-loading\">\n                            <div class=\"col-row\">\n                                <div class=\"col-6 col-m-8 col-s-12\"><h3 class=\"application-examples-item-title\">Esempio 2: Logo slider<\/h3><div class=\"application-examples-item-description\">Creare uno slider per il logo non potrebbe essere pi\u00f9 semplice. Questi loghi vengono messi in movimento con l'aiuto del layout Slider e l'opzione di scorrimento automatico. Gli utenti possono anche scorrere facendo clic sulle frecce o trascinando. La velocit\u00e0 di transizione pu\u00f2 essere facilmente modificata nelle impostazioni. La dimensione dei loghi definisce il loro numero per slide, quindi se vuoi mostrarne di pi\u00f9, riduci la dimensione del logo.<\/div><\/div>\n                <\/div>\n\n                <div class=\"application-examples-item-iframe-container browser-frame\">\n                    <div class=\"application-examples-item-iframe-wrapper\">\n                        <iframe class=\"application-examples-item-iframe application-examples-item-iframe-fixed-height\" data-src=\"https:\/\/elfsight.com\/examples?widget_id=623b0f78-74db-42b4-be9e-15d8d68d2aa7&padding=28px+40px+40px\" width=\"100%\" height=\"600\" allow=\"autoplay; fullscreen\"><\/iframe>\n                    <\/div>\n\n                    <div class=\"application-examples-item-loader\"><\/div>\n                <\/div>\n            <\/div>\n<div class=\"application-examples-item application-examples-item-loading\">\n                            <div class=\"col-row\">\n                                <div class=\"col-6 col-m-8 col-s-12\"><h3 class=\"application-examples-item-title\">Esempio 3: Trust index<\/h3><\/div>\n                <\/div>\n\n                <div class=\"application-examples-item-iframe-container browser-frame\">\n                    <div class=\"application-examples-item-iframe-wrapper\">\n                        <iframe class=\"application-examples-item-iframe application-examples-item-iframe-fixed-height\" data-src=\"https:\/\/elfsight.com\/examples?widget_id=bce6bea4-db6e-46bf-8fa5-129ef071a199&padding=28px+40px+40px\" width=\"100%\" height=\"600\" allow=\"autoplay; fullscreen\"><\/iframe>\n                    <\/div>\n\n                    <div class=\"application-examples-item-loader\"><\/div>\n                <\/div>\n            <\/div>\n<div class=\"application-examples-item application-examples-item-loading\">\n                            <div class=\"col-row\">\n                                <div class=\"col-6 col-m-8 col-s-12\"><h3 class=\"application-examples-item-title\">Esempio 4: Call to action<\/h3><div class=\"application-examples-item-description\">Per rendere il tuo widget personalizzato e ottenere l'aspetto che corrisponde al tuo sito web,  \u00e8 possibile utilizzare l'opzione per caricare un'immagine di sfondo. In questo esempio, il widget ha larghezza automatica e occupa tutto lo spazio libero sulla pagina. Il pulsante CTA serve per attirare pi\u00f9 contatti dei clienti, pu\u00f2 reindirizzare gli utenti a qualsiasi pagina o sito.<\/div><\/div>\n                <\/div>\n\n                <div class=\"application-examples-item-iframe-container browser-frame\">\n                    <div class=\"application-examples-item-iframe-wrapper\">\n                        <iframe class=\"application-examples-item-iframe application-examples-item-iframe-fixed-height\" data-src=\"https:\/\/elfsight.com\/examples?widget_id=b8ef791b-82c7-47be-b0b8-d87aa312409b&padding=28px+40px+40px\" width=\"100%\" height=\"600\" allow=\"autoplay; fullscreen\"><\/iframe>\n                    <\/div>\n\n                    <div class=\"application-examples-item-loader\"><\/div>\n                <\/div>\n            <\/div>\n<div class=\"application-examples-item application-examples-item-loading\">\n                            <div class=\"col-row\">\n                                <div class=\"col-6 col-m-8 col-s-12\"><h3 class=\"application-examples-item-title\">Esempio 5: Infinite carousel<\/h3><div class=\"application-examples-item-description\">Scopri come puoi utilizzare il nostro widget per creare un carosello di logo che si adatter\u00e0 organicamente al design del sito e non distoglier\u00e0 l'attenzione da altri contenuti. Qui abbiamo selezionato una scala di grigi: un colore di sfondo grigio e un filtro in scala di grigi sui loghi. Questo design funziona bene per il pi\u00e8 di una pagina. Il movimento fa un ciclo infinito e se l'opzione \u201cPausa al passaggio del mouse\u201d \u00e8 attiva, gli utenti possono mettere in pausa il carosello.<\/div><\/div>\n                <\/div>\n\n                <div class=\"application-examples-item-iframe-container browser-frame\">\n                    <div class=\"application-examples-item-iframe-wrapper\">\n                        <iframe class=\"application-examples-item-iframe application-examples-item-iframe-fixed-height\" data-src=\"https:\/\/elfsight.com\/examples?widget_id=2694dc0a-17a6-46a9-8e9b-dfe196d07cc2&padding=28px+40px+40px\" width=\"100%\" height=\"600\" allow=\"autoplay; fullscreen\"><\/iframe>\n                    <\/div>\n\n                    <div class=\"application-examples-item-loader\"><\/div>\n                <\/div>\n            <\/div>\n<div class=\"application-examples-item application-examples-item-loading\">\n                            <div class=\"col-row\">\n                                <div class=\"col-6 col-m-8 col-s-12\"><h3 class=\"application-examples-item-title\">Esempio 7: Sponsors<\/h3><div class=\"application-examples-item-description\">Questo widget crea un'intera unit\u00e0 di contenuti dedicata agli sponsor dell'azienda. La dimensione del carattere del titolo \u00e8 stata aumentata e il titolo sembra davvero solido. I loghi degli sponsor sono colorati di bianco e insieme al titolo del widget bianco creano un'unit\u00e0 di colore, posizionata sull'immagine di sfondo personalizzata. Con l'aiuto del layout Grid e delle dimensioni moderate del logo, gli utenti possono vederli tutti a colpo d'occhio.<\/div><\/div>\n                <\/div>\n\n                <div class=\"application-examples-item-iframe-container browser-frame\">\n                    <div class=\"application-examples-item-iframe-wrapper\">\n                        <iframe class=\"application-examples-item-iframe application-examples-item-iframe-fixed-height\" data-src=\"https:\/\/elfsight.com\/examples?widget_id=11c86b42-0e97-46c2-ba6f-58bacb8c5895&padding=28px+40px+40px\" width=\"100%\" height=\"600\" allow=\"autoplay; fullscreen\"><\/iframe>\n                    <\/div>\n\n                    <div class=\"application-examples-item-loader\"><\/div>\n                <\/div>\n            <\/div>\n<div class=\"application-examples-item application-examples-item-loading\">\n                            <div class=\"col-row\">\n                                <div class=\"col-6 col-m-8 col-s-12\"><h3 class=\"application-examples-item-title\">Esempio 8: Featured in media<\/h3><div class=\"application-examples-item-description\">Puoi utilizzare il widget non solo per visualizzare i loghi dei partner, ma anche per mostrare ci\u00f2 che viene scritto sulla tua azienda su vari media. Per fare ci\u00f2, \u00e8 sufficiente collegare i loghi agli articoli o ad altre fonti e gli utenti potranno verificare ci\u00f2 che scrivono su di te sulla stampa. Questo widget mostra otto loghi di risorse multimediali sullo sfondo nero del widget. Il layout Grid divide tutti i loghi in due righe.<\/div><\/div>\n                <\/div>\n\n                <div class=\"application-examples-item-iframe-container browser-frame\">\n                    <div class=\"application-examples-item-iframe-wrapper\">\n                        <iframe class=\"application-examples-item-iframe application-examples-item-iframe-fixed-height\" data-src=\"https:\/\/elfsight.com\/examples?widget_id=53c5a40b-0c74-4a9f-a78a-cca4a3f91fe0&padding=28px+40px+40px\" width=\"100%\" height=\"600\" allow=\"autoplay; fullscreen\"><\/iframe>\n                    <\/div>\n\n                    <div class=\"application-examples-item-loader\"><\/div>\n                <\/div>\n            <\/div>\n","protected":false},"excerpt":{"rendered":"","protected":false},"author":9,"featured_media":0,"parent":1700,"menu_order":0,"comment_status":"closed","ping_status":"closed","template":"templates\/template-application-examples.php","meta":{"publish_to_discourse":"","publish_post_category":"","wpdc_auto_publish_overridden":"","wpdc_topic_tags":"","wpdc_pin_topic":"","wpdc_pin_until":"","discourse_post_id":"","discourse_permalink":"","wpdc_publishing_response":"","wpdc_publishing_error":"","footnotes":""},"class_list":["post-1709","page","type-page","status-publish","hentry"],"yoast_head":"<!-- This site is optimized with the Yoast SEO plugin v25.3.1 - https:\/\/yoast.com\/wordpress\/plugins\/seo\/ -->\n<title>I 8 migliori esempi di widget Logo Showcase (nel 2025)<\/title>\n<meta name=\"description\" content=\"TOP 8 esempi di logo del sito web: Our clients, Logo slider, Trust index, Call to action, Infinite carousel, Partners e Sponsors per tuo sito\" \/>\n<meta name=\"robots\" content=\"index, follow, max-snippet:-1, max-image-preview:large, max-video-preview:-1\" \/>\n<link rel=\"canonical\" href=\"https:\/\/elfsight.com\/it\/logo-showcase-widget\/examples\/\" \/>\n<meta property=\"og:locale\" content=\"it_IT\" \/>\n<meta property=\"og:type\" content=\"article\" \/>\n<meta property=\"og:title\" content=\"I 8 migliori esempi di widget Logo Showcase (nel 2025)\" \/>\n<meta property=\"og:description\" content=\"TOP 8 esempi di logo del sito web: Our clients, Logo slider, Trust index, Call to action, Infinite carousel, Partners e Sponsors per tuo sito\" \/>\n<meta property=\"og:url\" content=\"https:\/\/elfsight.com\/it\/logo-showcase-widget\/examples\/\" \/>\n<meta property=\"og:site_name\" content=\"Elfsight IT\" \/>\n<meta property=\"article:modified_time\" content=\"2021-08-30T12:25:28+00:00\" \/>\n<meta name=\"twitter:card\" content=\"summary_large_image\" \/>\n<meta name=\"twitter:label1\" content=\"Tempo di lettura stimato\" \/>\n\t<meta name=\"twitter:data1\" content=\"3 minuti\" \/>\n<!-- \/ Yoast SEO plugin. -->","yoast_head_json":{"title":"I 8 migliori esempi di widget Logo Showcase (nel 2025)","description":"TOP 8 esempi di logo del sito web: Our clients, Logo slider, Trust index, Call to action, Infinite carousel, Partners e Sponsors per tuo sito","robots":{"index":"index","follow":"follow","max-snippet":"max-snippet:-1","max-image-preview":"max-image-preview:large","max-video-preview":"max-video-preview:-1"},"canonical":"https:\/\/elfsight.com\/it\/logo-showcase-widget\/examples\/","og_locale":"it_IT","og_type":"article","og_title":"I 8 migliori esempi di widget Logo Showcase (nel 2025)","og_description":"TOP 8 esempi di logo del sito web: Our clients, Logo slider, Trust index, Call to action, Infinite carousel, Partners e Sponsors per tuo sito","og_url":"https:\/\/elfsight.com\/it\/logo-showcase-widget\/examples\/","og_site_name":"Elfsight IT","article_modified_time":"2021-08-30T12:25:28+00:00","twitter_card":"summary_large_image","twitter_misc":{"Tempo di lettura stimato":"3 minuti"},"schema":{"@context":"https:\/\/schema.org","@graph":[{"@type":"WebPage","@id":"https:\/\/elfsight.com\/it\/logo-showcase-widget\/examples\/","url":"https:\/\/elfsight.com\/it\/logo-showcase-widget\/examples\/","name":"I 8 migliori esempi di widget Logo Showcase (nel 2025)","isPartOf":{"@id":"https:\/\/elfsight.com\/it\/#website"},"datePublished":"2021-03-25T14:07:33+00:00","dateModified":"2021-08-30T12:25:28+00:00","description":"TOP 8 esempi di logo del sito web: Our clients, Logo slider, Trust index, Call to action, Infinite carousel, Partners e Sponsors per tuo sito","breadcrumb":{"@id":"https:\/\/elfsight.com\/it\/logo-showcase-widget\/examples\/#breadcrumb"},"inLanguage":"it-IT","potentialAction":[{"@type":"ReadAction","target":["https:\/\/elfsight.com\/it\/logo-showcase-widget\/examples\/"]}]},{"@type":"BreadcrumbList","@id":"https:\/\/elfsight.com\/it\/logo-showcase-widget\/examples\/#breadcrumb","itemListElement":[{"@type":"ListItem","position":1,"name":"Home","item":"https:\/\/elfsight.com\/it\/"},{"@type":"ListItem","position":2,"name":"Logo Showcase","item":"https:\/\/elfsight.com\/it\/logo-showcase-widget\/"},{"@type":"ListItem","position":3,"name":"Logo Showcase &#8211; Examples"}]},{"@type":"WebSite","@id":"https:\/\/elfsight.com\/it\/#website","url":"https:\/\/elfsight.com\/it\/","name":"Elfsight IT","description":"Just another Elfsight Sites site","potentialAction":[{"@type":"SearchAction","target":{"@type":"EntryPoint","urlTemplate":"https:\/\/elfsight.com\/it\/?s={search_term_string}"},"query-input":{"@type":"PropertyValueSpecification","valueRequired":true,"valueName":"search_term_string"}}],"inLanguage":"it-IT"}]}},"meta_box":{"industry":"","seo_heading":"","heading":"","description":"","cta_heading":"","cta_description":"","application":"1699","h1":"Esempi di Logo Showcase","h1_caption":"Controlla gli esempi di Logo Showcase per scoprire il pieno potenziale del widget. Assicurati che si adatti ai tuoi obiettivi.","application_category":[],"applications_title":"","applications_request_title":"","applications_request_button_text":"","hero_text":"","hero_video":"","hero_video_schema_markup":"","selling_points_title":"","selling_points_caption":"","selling_points":[],"selling_points_cta_text":"","features_title":"","features":"","ed_cta_examples_text":"","ed_cta_examples_hidden":"","ed_cta_demo_text":"","ed_cta_demo_hidden":"","why_caption":"","why_editor_title":"","why_editor_text":"","why_team_title":"","why_team_text":"","why_service_title":"","why_service_text":"","template_catalog_visible":"","template_catalog_title":"","template_catalog_text":"","template_catalog_categories_visible":"","demo_title":"","demo_caption":"","default_faq_hidden":"","app_template_category":[],"platform":"","template_public_id":"","codecanyon_url":"","codecanyon_item_id":"","codecanyon_price":"","pricing_caption":"","pricing_elfsight_apps_hide_column":"","pricing_elfsight_apps_url":"","pricing_codecanyon_price_caption":"","integration_category":[],"integration_request_title":"","integration_request_cta":"","integration_platform":"","integrations":[],"platform_category":[],"video_schema_markup":"","price":"","trial":"","benefits":[],"button_url":"","button_target_blank":"","button_nofollow":"","attributes":[],"tags":[],"tags_disable_links":"","hide_more_platforms":"","video_object":"","demo_hide_cta":"","demo_hide_cloud_options":"","pricing_title":"","pricing":[],"related_apps_title":"","related_apps_hidden":"","author":"","image":[],"title":"","job":"","social_networks":[]},"_links":{"self":[{"href":"https:\/\/elfsight.com\/it\/wp-json\/wp\/v2\/pages\/1709","targetHints":{"allow":["GET"]}}],"collection":[{"href":"https:\/\/elfsight.com\/it\/wp-json\/wp\/v2\/pages"}],"about":[{"href":"https:\/\/elfsight.com\/it\/wp-json\/wp\/v2\/types\/page"}],"author":[{"embeddable":true,"href":"https:\/\/elfsight.com\/it\/wp-json\/wp\/v2\/users\/9"}],"replies":[{"embeddable":true,"href":"https:\/\/elfsight.com\/it\/wp-json\/wp\/v2\/comments?post=1709"}],"version-history":[{"count":1,"href":"https:\/\/elfsight.com\/it\/wp-json\/wp\/v2\/pages\/1709\/revisions"}],"predecessor-version":[{"id":1710,"href":"https:\/\/elfsight.com\/it\/wp-json\/wp\/v2\/pages\/1709\/revisions\/1710"}],"up":[{"embeddable":true,"href":"https:\/\/elfsight.com\/it\/wp-json\/wp\/v2\/pages\/1700"}],"wp:attachment":[{"href":"https:\/\/elfsight.com\/it\/wp-json\/wp\/v2\/media?parent=1709"}],"curies":[{"name":"wp","href":"https:\/\/api.w.org\/{rel}","templated":true}]}}