{"id":1684,"date":"2021-03-22T11:35:49","date_gmt":"2021-03-22T11:35:49","guid":{"rendered":"https:\/\/elfsight.com\/it\/?page_id=1684"},"modified":"2021-08-31T07:44:04","modified_gmt":"2021-08-31T07:44:04","slug":"features","status":"publish","type":"page","link":"https:\/\/elfsight.com\/it\/photo-gallery-widget\/features\/","title":{"rendered":"Photo Gallery &#8211; Features"},"content":{"rendered":"\n<section class=\"application-features-group section\" id=\"GALLERIES\">\n                    <div class=\"inner\">\n                        <div class=\"col-row\">\n                            <div class=\"col-6 col-offset-3 col-m-12 col-m-offset-0\">\n<h3>Fotografia<\/h3>\n<p>Non c&#8217;\u00e8 niente di meglio di una galleria pulita e semplice, quando devi mostrare le tue foto migliori sul sito web. Rimuovi tutti gli elementi di testo e permetti ai tuoi utenti di godersi le immagini. Possono avviare una presentazione per una full immersion.<\/p>\n<h3>Presentazione del prodotto<\/h3>\n<p>Puoi mettere in evidenza tutti i vantaggi dei tuoi prodotti o mostrare ogni aspetto del tuo servizio &#8211; tutto attraverso le immagini. Aggiungendo descrizioni, puoi dire di pi\u00f9, spiegare qualcosa, fare un commento o prestare attenzione a cose importanti.<\/p>\n<h3>Rivista<\/h3>\n<p>Aumenta il numero di lettori della tua rivista inserendola nel tuo sito come galleria interattiva. Il layout Slider ti aiuter\u00e0 a ottenere una somiglianza visiva con una rivista di carta, posizionando le immagini una per una. Gli utenti possono trascinare o utilizzare le frecce per voltare pagina.<\/p>\n<h3>Fitness<\/h3>\n<p>Consenti agli utenti di controllare il pi\u00f9 possibile la tua palestra, fitness o centro benessere con l&#8217;aiuto della galleria fotografica. Gli interni, gli allenatori, le attrezzature, il team &#8211; \u00e8 tutto importante per coloro che pensano di entrare a far parte. Rimuovi tutti i loro dubbi mostrando una griglia di foto.<\/p>\n<h3>Hotel<\/h3>\n<p>Converti pi\u00f9 visitatori del sito web in visitatori del tuo hotel o spa. L&#8217;elegante layout Columns render\u00e0 le foto dei tuoi interni e dei tuoi servizi sofisticate e attraenti. Puoi anche modificare la forma delle foto e le loro dimensioni.<\/p>\n<\/div>\n                        <\/div>\n                    <\/div>\n\n                    <div class=\"application-features-group-title\">GALLERIES<\/div>\n                <\/section>\n<section class=\"application-features-group section\" id=\"DESIGN\">\n                    <div class=\"inner\">\n                        <div class=\"col-row\">\n                            <div class=\"col-6 col-offset-3 col-m-12 col-m-offset-0\">\n<h3>Sette layout eleganti per trasformazioni meravigliose<\/h3>\n<p>Il widget offre sette varianti del layout. Scegli un tipo orizzontale o verticale di layout Masonry, presenta le foto una alla volta utilizzando l&#8217;opzione Slider, imposta il numero di righe e colonne nella Griglia (Grid) o mostra le foto come strisce (Stripes) o colonne (Columns). Il layout Thumbnails mostrer\u00e0 le anteprime di tutte le foto.<\/p>\n<h3>Aggiungi testo e personalizza l&#8217;ordine di presentazione<\/h3>\n<p>Hai bisogno di aggiungere del testo alle tue foto? Basta incollare il testo negli appositi campi nelle impostazioni e selezionare una posizione: nell&#8217;immagine o sotto di essa. Inoltre, il testo pu\u00f2 apparire e scomparire al passaggio del mouse. Puoi modificare l&#8217;ordine di presentazione delle foto o renderlo casuale.<\/p>\n<h3>Aggiungi e personalizza l&#8217;intestazione<\/h3>\n<p>Dai alla tua galleria un nome memorabile. Per fare ci\u00f2, puoi utilizzare l&#8217;intestazione del widget: inserisci il nome nel campo speciale nelle impostazioni e verr\u00e0 visualizzato sopra le foto. Il campo supporta la formattazione del testo e puoi anche scegliere la dimensione e il colore del carattere.<\/p>\n<h3>Dimensioni adattabili della galleria<\/h3>\n<p>La galleria fotografica avr\u00e0 un bell&#8217;aspetto non solo su un computer, ma anche su qualsiasi dispositivo mobile. \u00c8 possibile impostare manualmente la larghezza della galleria in pixel o percentuali in modo che riempia il pi\u00f9 possibile lo spazio richiesto. Per assicurarti che l&#8217;interfaccia sia responsive, puoi controllare come apparir\u00e0 la galleria su diversi dispositivi.<\/p>\n<\/div>\n                        <\/div>\n                    <\/div>\n\n                    <div class=\"application-features-group-title\">DESIGN<\/div>\n                <\/section>\n<section class=\"application-features-group section\" id=\"POPUP\">\n                    <div class=\"inner\">\n                        <div class=\"col-row\">\n                            <div class=\"col-6 col-offset-3 col-m-12 col-m-offset-0\">\n<h3>Apri le tue foto nel posto giusto<\/h3>\n<p>Con il nostro widget potrai scegliere dove si apriranno le foto della tua galleria. Quindi puoi reindirizzare gli utenti a qualsiasi link, ad esempio, un sito web del progetto &#8211; inserisci semplicemente l&#8217;URL  o lascia che visualizzino le foto in una finestra popup. Se non vuoi che le foto si aprano, scegli semplicemente l&#8217;opzione corrispondente, abbiamo aggiunto anche quella.<\/p>\n<h3>Pi\u00f9 di una semplice modalit\u00e0 popup<\/h3>\n<p>Nel nostro widget, il popup consente pi\u00f9 della semplice visione. Puoi impostare questa modalit\u00e0 per mostrare anche gli elementi di testo: titolo e descrizione della foto. Include anche molti controlli: si pu\u00f2 ingrandire e rimpicciolire l&#8217;immagine, aprirla in modalit\u00e0 a schermo intero e abilitare una presentazione per la visualizzazione. Puoi anche aggiungere la visualizzazione di elementi di testo: il nome della foto e la sua descrizione.<\/p>\n<\/div>\n                        <\/div>\n                    <\/div>\n\n                    <div class=\"application-features-group-title\">POPUP<\/div>\n                <\/section>\n<section class=\"application-features-group section\" id=\"STYLE\">\n                    <div class=\"inner\">\n                        <div class=\"col-row\">\n                            <div class=\"col-6 col-offset-3 col-m-12 col-m-offset-0\">\n<h3>Crea lo sfondo giusto per la galleria<\/h3>\n<p>Il widget Photo Gallery di Elfsight  ti offre tre varianti dello sfondo della galleria. Puoi impostare la sovrapposizione in modo che lo sfondo sia trasparente e allo stesso tempo scegliere il suo colore; impostare qualsiasi colore di sfondo o caricare la tua immagine.<\/p>\n<h3>Trasformazioni eleganti delle immagini<\/h3>\n<p>Puoi fare cos\u00ec tante personalizzazioni con le foto! Le impostazioni del widget consentono di variare la forma della foto &#8211; da perfettamente rettangolare a arrotondata. Scegli il colore della sovrapposizione sulle immagini e il colore del carattere del titolo e della descrizione. Ci sono diversi effetti di animazione tra cui scegliere: per la foto predefinita e per la foto quando ci passi sopra con il mouse.<\/p>\n<h3>Seleziona i colori del popup<\/h3>\n<p>Nel popup puoi anche utilizzare la sovrapposizione per rendere le foto pi\u00f9 affascinanti. Il colore della sovrapposizione dipende da te, cos\u00ec come il colore della descrizione e del titolo. Se non desideri mostrare gli elementi di testo nel popup, disattivali.<\/p>\n<\/div>\n                        <\/div>\n                    <\/div>\n\n                    <div class=\"application-features-group-title\">STYLE<\/div>\n                <\/section>\n","protected":false},"excerpt":{"rendered":"","protected":false},"author":9,"featured_media":0,"parent":1677,"menu_order":0,"comment_status":"closed","ping_status":"closed","template":"templates\/template-application-features.php","meta":{"publish_to_discourse":"","publish_post_category":"","wpdc_auto_publish_overridden":"","wpdc_topic_tags":"","wpdc_pin_topic":"","wpdc_pin_until":"","discourse_post_id":"","discourse_permalink":"","wpdc_publishing_response":"","wpdc_publishing_error":"","footnotes":""},"class_list":["post-1684","page","type-page","status-publish","hentry"],"yoast_head":"<!-- This site is optimized with the Yoast SEO plugin v25.3.1 - https:\/\/yoast.com\/wordpress\/plugins\/seo\/ -->\n<title>Galleria Fotografica Responsive \u2014 Funzionalit\u00e0 (28+ impostazioni)<\/title>\n<meta name=\"description\" content=\"Le funzionalit\u00e0 della Galleria Fotografica nella demo live. Impostazioni personalizzate e un layout responsive per qualsiasi dispositivo.\" \/>\n<meta name=\"robots\" content=\"index, follow, max-snippet:-1, max-image-preview:large, max-video-preview:-1\" \/>\n<link rel=\"canonical\" href=\"https:\/\/elfsight.com\/it\/photo-gallery-widget\/features\/\" \/>\n<meta property=\"og:locale\" content=\"it_IT\" \/>\n<meta property=\"og:type\" content=\"article\" \/>\n<meta property=\"og:title\" content=\"Galleria Fotografica Responsive \u2014 Funzionalit\u00e0 (28+ impostazioni)\" \/>\n<meta property=\"og:description\" content=\"Le funzionalit\u00e0 della Galleria Fotografica nella demo live. Impostazioni personalizzate e un layout responsive per qualsiasi dispositivo.\" \/>\n<meta property=\"og:url\" content=\"https:\/\/elfsight.com\/it\/photo-gallery-widget\/features\/\" \/>\n<meta property=\"og:site_name\" content=\"Elfsight IT\" \/>\n<meta property=\"article:modified_time\" content=\"2021-08-31T07:44:04+00:00\" \/>\n<meta name=\"twitter:card\" content=\"summary_large_image\" \/>\n<meta name=\"twitter:label1\" content=\"Tempo di lettura stimato\" \/>\n\t<meta name=\"twitter:data1\" content=\"4 minuti\" \/>\n<!-- \/ Yoast SEO plugin. -->","yoast_head_json":{"title":"Galleria Fotografica Responsive \u2014 Funzionalit\u00e0 (28+ impostazioni)","description":"Le funzionalit\u00e0 della Galleria Fotografica nella demo live. Impostazioni personalizzate e un layout responsive per qualsiasi dispositivo.","robots":{"index":"index","follow":"follow","max-snippet":"max-snippet:-1","max-image-preview":"max-image-preview:large","max-video-preview":"max-video-preview:-1"},"canonical":"https:\/\/elfsight.com\/it\/photo-gallery-widget\/features\/","og_locale":"it_IT","og_type":"article","og_title":"Galleria Fotografica Responsive \u2014 Funzionalit\u00e0 (28+ impostazioni)","og_description":"Le funzionalit\u00e0 della Galleria Fotografica nella demo live. Impostazioni personalizzate e un layout responsive per qualsiasi dispositivo.","og_url":"https:\/\/elfsight.com\/it\/photo-gallery-widget\/features\/","og_site_name":"Elfsight IT","article_modified_time":"2021-08-31T07:44:04+00:00","twitter_card":"summary_large_image","twitter_misc":{"Tempo di lettura stimato":"4 minuti"},"schema":{"@context":"https:\/\/schema.org","@graph":[{"@type":"WebPage","@id":"https:\/\/elfsight.com\/it\/photo-gallery-widget\/features\/","url":"https:\/\/elfsight.com\/it\/photo-gallery-widget\/features\/","name":"Galleria Fotografica Responsive \u2014 Funzionalit\u00e0 (28+ impostazioni)","isPartOf":{"@id":"https:\/\/elfsight.com\/it\/#website"},"datePublished":"2021-03-22T11:35:49+00:00","dateModified":"2021-08-31T07:44:04+00:00","description":"Le funzionalit\u00e0 della Galleria Fotografica nella demo live. Impostazioni personalizzate e un layout responsive per qualsiasi dispositivo.","breadcrumb":{"@id":"https:\/\/elfsight.com\/it\/photo-gallery-widget\/features\/#breadcrumb"},"inLanguage":"it-IT","potentialAction":[{"@type":"ReadAction","target":["https:\/\/elfsight.com\/it\/photo-gallery-widget\/features\/"]}]},{"@type":"BreadcrumbList","@id":"https:\/\/elfsight.com\/it\/photo-gallery-widget\/features\/#breadcrumb","itemListElement":[{"@type":"ListItem","position":1,"name":"Home","item":"https:\/\/elfsight.com\/it\/"},{"@type":"ListItem","position":2,"name":"Photo Gallery","item":"https:\/\/elfsight.com\/it\/photo-gallery-widget\/"},{"@type":"ListItem","position":3,"name":"Photo Gallery &#8211; Features"}]},{"@type":"WebSite","@id":"https:\/\/elfsight.com\/it\/#website","url":"https:\/\/elfsight.com\/it\/","name":"Elfsight IT","description":"Just another Elfsight Sites site","potentialAction":[{"@type":"SearchAction","target":{"@type":"EntryPoint","urlTemplate":"https:\/\/elfsight.com\/it\/?s={search_term_string}"},"query-input":{"@type":"PropertyValueSpecification","valueRequired":true,"valueName":"search_term_string"}}],"inLanguage":"it-IT"}]}},"meta_box":{"industry":"","seo_heading":"","heading":"","description":"","cta_heading":"","cta_description":"","application":"1676","h1":"Funzionalit\u00e0 di Photo Gallery","h1_caption":"Esplora tutte le funzionalit\u00e0 di Elfsight Gallery e come possono aiutarti a creare il widget pi\u00f9 efficace.","application_category":[],"applications_title":"","applications_request_title":"","applications_request_button_text":"","hero_text":"","hero_video":"","hero_video_schema_markup":"","selling_points_title":"","selling_points_caption":"","selling_points":[],"selling_points_cta_text":"","features_title":"","features":"","ed_cta_examples_text":"","ed_cta_examples_hidden":"","ed_cta_demo_text":"","ed_cta_demo_hidden":"","why_caption":"","why_editor_title":"","why_editor_text":"","why_team_title":"","why_team_text":"","why_service_title":"","why_service_text":"","template_catalog_visible":"","template_catalog_title":"","template_catalog_text":"","template_catalog_categories_visible":"","demo_title":"","demo_caption":"","default_faq_hidden":"","app_template_category":[],"platform":"","template_public_id":"","codecanyon_url":"","codecanyon_item_id":"","codecanyon_price":"","pricing_caption":"","pricing_elfsight_apps_hide_column":"","pricing_elfsight_apps_url":"","pricing_codecanyon_price_caption":"","integration_category":[],"integration_request_title":"","integration_request_cta":"","integration_platform":"","integrations":[],"platform_category":[],"video_schema_markup":"","price":"","trial":"","benefits":[],"button_url":"","button_target_blank":"","button_nofollow":"","attributes":[],"tags":[],"tags_disable_links":"","hide_more_platforms":"","video_object":"","demo_hide_cta":"","demo_hide_cloud_options":"","pricing_title":"","pricing":[],"related_apps_title":"","related_apps_hidden":"","author":"","image":[],"title":"","job":"","social_networks":[]},"_links":{"self":[{"href":"https:\/\/elfsight.com\/it\/wp-json\/wp\/v2\/pages\/1684","targetHints":{"allow":["GET"]}}],"collection":[{"href":"https:\/\/elfsight.com\/it\/wp-json\/wp\/v2\/pages"}],"about":[{"href":"https:\/\/elfsight.com\/it\/wp-json\/wp\/v2\/types\/page"}],"author":[{"embeddable":true,"href":"https:\/\/elfsight.com\/it\/wp-json\/wp\/v2\/users\/9"}],"replies":[{"embeddable":true,"href":"https:\/\/elfsight.com\/it\/wp-json\/wp\/v2\/comments?post=1684"}],"version-history":[{"count":2,"href":"https:\/\/elfsight.com\/it\/wp-json\/wp\/v2\/pages\/1684\/revisions"}],"predecessor-version":[{"id":1686,"href":"https:\/\/elfsight.com\/it\/wp-json\/wp\/v2\/pages\/1684\/revisions\/1686"}],"up":[{"embeddable":true,"href":"https:\/\/elfsight.com\/it\/wp-json\/wp\/v2\/pages\/1677"}],"wp:attachment":[{"href":"https:\/\/elfsight.com\/it\/wp-json\/wp\/v2\/media?parent=1684"}],"curies":[{"name":"wp","href":"https:\/\/api.w.org\/{rel}","templated":true}]}}