{"id":1665,"date":"2021-03-18T11:38:23","date_gmt":"2021-03-18T11:38:23","guid":{"rendered":"https:\/\/elfsight.com\/it\/?page_id=1665"},"modified":"2021-08-31T09:08:34","modified_gmt":"2021-08-31T09:08:34","slug":"examples","status":"publish","type":"page","link":"https:\/\/elfsight.com\/it\/slider-widget\/examples\/","title":{"rendered":"Slider &#8211; Examples"},"content":{"rendered":"\n<div class=\"application-examples-item application-examples-item-loading\">\n                            <div class=\"col-row\">\n                                <div class=\"col-6 col-m-8 col-s-12\"><h3 class=\"application-examples-item-title\">Esempio 1: Articles Slider<\/h3><div class=\"application-examples-item-description\">Uno slider \u00e8 un nuovo modo per rappresentare gli articoli che pubblichi sul sito o per o per annunciare l'ultimo numero di una rivista o di un quotidiano, attirando l'attenzione con titoli brillanti. L'immagine di sfondo elegante con effetto zoom aggiunge un po 'di vivacit\u00e0 al look. Gli elementi di testo della diapositiva hanno tutte le diverse dimensioni dei caratteri, il che aiuta a rendere le slide strutturate e dinamiche.<\/div><\/div>\n                <\/div>\n\n                <div class=\"application-examples-item-iframe-container browser-frame\">\n                    <div class=\"application-examples-item-iframe-wrapper\">\n                        <iframe class=\"application-examples-item-iframe\" data-src=\"https:\/\/elfsight.com\/examples?widget_id=ba5823ef-c712-4080-a09e-2399aef67d53&padding=28px+0+28px+0\" width=\"100%\" allow=\"autoplay; fullscreen\"><\/iframe>\n                    <\/div>\n\n                    <div class=\"application-examples-item-loader\"><\/div>\n                <\/div>\n            <\/div>\n<div class=\"application-examples-item application-examples-item-loading\">\n                            <div class=\"col-row\">\n                                <div class=\"col-6 col-m-8 col-s-12\"><h3 class=\"application-examples-item-title\">Esempio 2: Fitness Slider<\/h3><\/div>\n                <\/div>\n\n                <div class=\"application-examples-item-iframe-container browser-frame\">\n                    <div class=\"application-examples-item-iframe-wrapper\">\n                        <iframe class=\"application-examples-item-iframe\" data-src=\"https:\/\/elfsight.com\/examples?widget_id=8dfb12fb-b823-4046-95ef-8c66953eec5d&padding=28px+0+28px+0\" width=\"100%\" allow=\"autoplay; fullscreen\"><\/iframe>\n                    <\/div>\n\n                    <div class=\"application-examples-item-loader\"><\/div>\n                <\/div>\n            <\/div>\n<div class=\"application-examples-item application-examples-item-loading\">\n                            <div class=\"col-row\">\n                                <div class=\"col-6 col-m-8 col-s-12\"><h3 class=\"application-examples-item-title\">Esempio 3: On-line food Slider<\/h3><div class=\"application-examples-item-description\">Uno slider \u00e8 il modo migliore per visualizzare una serie di banner sul tuo sito web, che si tratti di un nuovo prodotto o di un'offerta speciale. Basta caricare i banner nello slider e scegliere l'opzione di navigazione per i tuoi utenti. Questo \u00e8 un modo perfetto per attirare nuove vendite attraverso la pubblicit\u00e0. Le miniature servono come elementi di navigazione. Gli utenti possono fare clic per passare da una diapositiva all'altra.<\/div><\/div>\n                <\/div>\n\n                <div class=\"application-examples-item-iframe-container browser-frame\">\n                    <div class=\"application-examples-item-iframe-wrapper\">\n                        <iframe class=\"application-examples-item-iframe\" data-src=\"https:\/\/elfsight.com\/examples?widget_id=e7967712-e104-4c53-897d-f47f7c1c4ce0&padding=28px+0+28px+0\" width=\"100%\" allow=\"autoplay; fullscreen\"><\/iframe>\n                    <\/div>\n\n                    <div class=\"application-examples-item-loader\"><\/div>\n                <\/div>\n            <\/div>\n<div class=\"application-examples-item application-examples-item-loading\">\n                            <div class=\"col-row\">\n                                <div class=\"col-6 col-m-8 col-s-12\"><h3 class=\"application-examples-item-title\">Esempio 4: Fashion Slider<\/h3><div class=\"application-examples-item-description\">Cosa pu\u00f2 portare un utente alla pagina di acquisto pi\u00f9 velocemente di un pulsante CTA? Attira l'attenzione dei visitatori sulle tue vendite e sconti con uno slider. Per attirare l'attenzione degli utenti, devi solo scegliere un'immagine elegante e aggiungere un testo allettante. Il pulsante attivo far\u00e0 il resto per te. Basta aggiungere un link alla pagina desiderata e lo schema per attirare nuove vendite \u00e8 pronto!<\/div><\/div>\n                <\/div>\n\n                <div class=\"application-examples-item-iframe-container browser-frame\">\n                    <div class=\"application-examples-item-iframe-wrapper\">\n                        <iframe class=\"application-examples-item-iframe\" data-src=\"https:\/\/elfsight.com\/examples?widget_id=46e6024e-fee8-45d9-b1b4-8f796f5f8018&padding=28px+0+28px+0\" width=\"100%\" allow=\"autoplay; fullscreen\"><\/iframe>\n                    <\/div>\n\n                    <div class=\"application-examples-item-loader\"><\/div>\n                <\/div>\n            <\/div>\n<div class=\"application-examples-item application-examples-item-loading\">\n                            <div class=\"col-row\">\n                                <div class=\"col-6 col-m-8 col-s-12\"><h3 class=\"application-examples-item-title\">Esempio 5: Products Slider<\/h3><div class=\"application-examples-item-description\">Mostra le tue offerte nel modo migliore! Attraverso le foto in primo piano, \u00e8 cos\u00ec facile visualizzare tutte le migliori caratteristiche dei tuoi prodotti o servizi. L'effetto di parallasse delle immagini le fa sembrare belle e accattivanti! Puoi modificare il layout del testo e dell'immagine per ogni slide e impostare manualmente la posizione del contenuto per ottenere l'aspetto migliore.<\/div><\/div>\n                <\/div>\n\n                <div class=\"application-examples-item-iframe-container browser-frame\">\n                    <div class=\"application-examples-item-iframe-wrapper\">\n                        <iframe class=\"application-examples-item-iframe\" data-src=\"https:\/\/elfsight.com\/examples?widget_id=4395b7f9-800c-4b3c-aacd-7bfc7ad546d7&padding=28px+0+28px+0\" width=\"100%\" allow=\"autoplay; fullscreen\"><\/iframe>\n                    <\/div>\n\n                    <div class=\"application-examples-item-loader\"><\/div>\n                <\/div>\n            <\/div>\n<div class=\"application-examples-item application-examples-item-loading\">\n                            <div class=\"col-row\">\n                                <div class=\"col-6 col-m-8 col-s-12\"><h3 class=\"application-examples-item-title\">Esempio 6: Dishes Slider<\/h3><div class=\"application-examples-item-description\">I tuoi capolavori culinari saranno cos\u00ec attraenti che nessun visitatore potr\u00e0 resistere! Puoi posizionare tutte le foto su uno sfondo a tema per far sembrare i piatti proprio come nella vita reale. Gli utenti saranno curiosi di controllarli tutti, uno per uno, passando da una diapositiva all'altra con l'aiuto delle frecce o scorrendo.Ogni visitatore del sito trover\u00e0 un piatto di suo gradimento!<\/div><\/div>\n                <\/div>\n\n                <div class=\"application-examples-item-iframe-container browser-frame\">\n                    <div class=\"application-examples-item-iframe-wrapper\">\n                        <iframe class=\"application-examples-item-iframe\" data-src=\"https:\/\/elfsight.com\/examples?widget_id=09a8fe64-92d0-4e28-9600-dac0f08792a9&padding=28px+0+28px+0\" width=\"100%\" allow=\"autoplay; fullscreen\"><\/iframe>\n                    <\/div>\n\n                    <div class=\"application-examples-item-loader\"><\/div>\n                <\/div>\n            <\/div>\n<div class=\"application-examples-item application-examples-item-loading\">\n                            <div class=\"col-row\">\n                                <div class=\"col-6 col-m-8 col-s-12\"><h3 class=\"application-examples-item-title\">Esempio 7: Booking Slider<\/h3><div class=\"application-examples-item-description\">Ottieni uno slider per il tuo sito che riempie tutto lo spazio dell'area dei contenuti grazie all'opzione Larghezza automatica. L'immagine sovrapposta nasconder\u00e0 lo sfondo del sito e concentrer\u00e0 l'attenzione degli utenti sul contenuto dello slide. Ad esempio, funziona benissimo se desideri visualizzare le testimonianze dei clienti o descrivere le caratteristiche delle tue offerte. Gli elementi di navigazione possono essere posizionati sia all'interno che all'esterno dello slider.<\/div><\/div>\n                <\/div>\n\n                <div class=\"application-examples-item-iframe-container browser-frame\">\n                    <div class=\"application-examples-item-iframe-wrapper\">\n                        <iframe class=\"application-examples-item-iframe\" data-src=\"https:\/\/elfsight.com\/examples?widget_id=ff36e138-3274-4cc2-abbc-41bc356ea407&padding=28px+0+28px+0\" width=\"100%\" allow=\"autoplay; fullscreen\"><\/iframe>\n                    <\/div>\n\n                    <div class=\"application-examples-item-loader\"><\/div>\n                <\/div>\n            <\/div>\n<div class=\"application-examples-item application-examples-item-loading\">\n                            <div class=\"col-row\">\n                                <div class=\"col-6 col-m-8 col-s-12\"><h3 class=\"application-examples-item-title\">Esempio 8: Seasonal sale Slider<\/h3><div class=\"application-examples-item-description\">Vuoi informare gli utenti su una svendita del Black Friday o qualche altra svendita? Uno slider ti aiuter\u00e0 a farlo con la massima efficienza! I templare accattivanti pronti per l'uso richiedono solo un paio di righe del tuo testo e un banner \u00e8 pronto! Aggiungi un pulsante call-to-action che render\u00e0 il viaggio di acquisto molto pi\u00f9 breve. Il tuo slider apparir\u00e0 perfetto su tutti i dispositivi: puoi controllarlo direttamente nell'editor.<\/div><\/div>\n                <\/div>\n\n                <div class=\"application-examples-item-iframe-container browser-frame\">\n                    <div class=\"application-examples-item-iframe-wrapper\">\n                        <iframe class=\"application-examples-item-iframe\" data-src=\"https:\/\/elfsight.com\/examples?widget_id=b7d8dc16-65b0-4da1-b8f7-6be537c384c5&padding=28px+0+28px+0\" width=\"100%\" allow=\"autoplay; fullscreen\"><\/iframe>\n                    <\/div>\n\n                    <div class=\"application-examples-item-loader\"><\/div>\n                <\/div>\n            <\/div>\n","protected":false},"excerpt":{"rendered":"","protected":false},"author":9,"featured_media":0,"parent":1656,"menu_order":0,"comment_status":"closed","ping_status":"closed","template":"templates\/template-application-examples.php","meta":{"publish_to_discourse":"","publish_post_category":"","wpdc_auto_publish_overridden":"","wpdc_topic_tags":"","wpdc_pin_topic":"","wpdc_pin_until":"","discourse_post_id":"","discourse_permalink":"","wpdc_publishing_response":"","wpdc_publishing_error":"","footnotes":""},"class_list":["post-1665","page","type-page","status-publish","hentry"],"yoast_head":"<!-- This site is optimized with the Yoast SEO plugin v25.3.1 - https:\/\/yoast.com\/wordpress\/plugins\/seo\/ -->\n<title>I 8 migliori esempi di widget Slider per sito web (nel 2025)<\/title>\n<meta name=\"description\" content=\"I 8 migliori esempi di Slider: Articles, Fashion, Products, Dishes, Booking, Seasonal Sale, Video e altri widget per il tuo sito web.\" \/>\n<meta name=\"robots\" content=\"index, follow, max-snippet:-1, max-image-preview:large, max-video-preview:-1\" \/>\n<link rel=\"canonical\" href=\"https:\/\/elfsight.com\/it\/slider-widget\/examples\/\" \/>\n<meta property=\"og:locale\" content=\"it_IT\" \/>\n<meta property=\"og:type\" content=\"article\" \/>\n<meta property=\"og:title\" content=\"I 8 migliori esempi di widget Slider per sito web (nel 2025)\" \/>\n<meta property=\"og:description\" content=\"I 8 migliori esempi di Slider: Articles, Fashion, Products, Dishes, Booking, Seasonal Sale, Video e altri widget per il tuo sito web.\" \/>\n<meta property=\"og:url\" content=\"https:\/\/elfsight.com\/it\/slider-widget\/examples\/\" \/>\n<meta property=\"og:site_name\" content=\"Elfsight IT\" \/>\n<meta property=\"article:modified_time\" content=\"2021-08-31T09:08:34+00:00\" \/>\n<meta name=\"twitter:card\" content=\"summary_large_image\" \/>\n<meta name=\"twitter:label1\" content=\"Tempo di lettura stimato\" \/>\n\t<meta name=\"twitter:data1\" content=\"3 minuti\" \/>\n<!-- \/ Yoast SEO plugin. -->","yoast_head_json":{"title":"I 8 migliori esempi di widget Slider per sito web (nel 2025)","description":"I 8 migliori esempi di Slider: Articles, Fashion, Products, Dishes, Booking, Seasonal Sale, Video e altri widget per il tuo sito web.","robots":{"index":"index","follow":"follow","max-snippet":"max-snippet:-1","max-image-preview":"max-image-preview:large","max-video-preview":"max-video-preview:-1"},"canonical":"https:\/\/elfsight.com\/it\/slider-widget\/examples\/","og_locale":"it_IT","og_type":"article","og_title":"I 8 migliori esempi di widget Slider per sito web (nel 2025)","og_description":"I 8 migliori esempi di Slider: Articles, Fashion, Products, Dishes, Booking, Seasonal Sale, Video e altri widget per il tuo sito web.","og_url":"https:\/\/elfsight.com\/it\/slider-widget\/examples\/","og_site_name":"Elfsight IT","article_modified_time":"2021-08-31T09:08:34+00:00","twitter_card":"summary_large_image","twitter_misc":{"Tempo di lettura stimato":"3 minuti"},"schema":{"@context":"https:\/\/schema.org","@graph":[{"@type":"WebPage","@id":"https:\/\/elfsight.com\/it\/slider-widget\/examples\/","url":"https:\/\/elfsight.com\/it\/slider-widget\/examples\/","name":"I 8 migliori esempi di widget Slider per sito web (nel 2025)","isPartOf":{"@id":"https:\/\/elfsight.com\/it\/#website"},"datePublished":"2021-03-18T11:38:23+00:00","dateModified":"2021-08-31T09:08:34+00:00","description":"I 8 migliori esempi di Slider: Articles, Fashion, Products, Dishes, Booking, Seasonal Sale, Video e altri widget per il tuo sito web.","breadcrumb":{"@id":"https:\/\/elfsight.com\/it\/slider-widget\/examples\/#breadcrumb"},"inLanguage":"it-IT","potentialAction":[{"@type":"ReadAction","target":["https:\/\/elfsight.com\/it\/slider-widget\/examples\/"]}]},{"@type":"BreadcrumbList","@id":"https:\/\/elfsight.com\/it\/slider-widget\/examples\/#breadcrumb","itemListElement":[{"@type":"ListItem","position":1,"name":"Home","item":"https:\/\/elfsight.com\/it\/"},{"@type":"ListItem","position":2,"name":"Slider","item":"https:\/\/elfsight.com\/it\/slider-widget\/"},{"@type":"ListItem","position":3,"name":"Slider &#8211; Examples"}]},{"@type":"WebSite","@id":"https:\/\/elfsight.com\/it\/#website","url":"https:\/\/elfsight.com\/it\/","name":"Elfsight IT","description":"Just another Elfsight Sites site","potentialAction":[{"@type":"SearchAction","target":{"@type":"EntryPoint","urlTemplate":"https:\/\/elfsight.com\/it\/?s={search_term_string}"},"query-input":{"@type":"PropertyValueSpecification","valueRequired":true,"valueName":"search_term_string"}}],"inLanguage":"it-IT"}]}},"meta_box":{"industry":"","seo_heading":"","heading":"","description":"","cta_heading":"","cta_description":"","application":"1655","h1":"Esempi di Slider","h1_caption":"Controlla gli esempi di Slider per rivelare il pieno potenziale del widget. Assicurati che si adatti ai tuoi obiettivi.","application_category":[],"applications_title":"","applications_request_title":"","applications_request_button_text":"","hero_text":"","hero_video":"","hero_video_schema_markup":"","selling_points_title":"","selling_points_caption":"","selling_points":[],"selling_points_cta_text":"","features_title":"","features":"","ed_cta_examples_text":"","ed_cta_examples_hidden":"","ed_cta_demo_text":"","ed_cta_demo_hidden":"","why_caption":"","why_editor_title":"","why_editor_text":"","why_team_title":"","why_team_text":"","why_service_title":"","why_service_text":"","template_catalog_visible":"","template_catalog_title":"","template_catalog_text":"","template_catalog_categories_visible":"","demo_title":"","demo_caption":"","default_faq_hidden":"","app_template_category":[],"platform":"","template_public_id":"","codecanyon_url":"","codecanyon_item_id":"","codecanyon_price":"","pricing_caption":"","pricing_elfsight_apps_hide_column":"","pricing_elfsight_apps_url":"","pricing_codecanyon_price_caption":"","integration_category":[],"integration_request_title":"","integration_request_cta":"","integration_platform":"","integrations":[],"platform_category":[],"video_schema_markup":"","price":"","trial":"","benefits":[],"button_url":"","button_target_blank":"","button_nofollow":"","attributes":[],"tags":[],"tags_disable_links":"","hide_more_platforms":"","video_object":"","demo_hide_cta":"","demo_hide_cloud_options":"","pricing_title":"","pricing":[],"related_apps_title":"","related_apps_hidden":"","author":"","image":[],"title":"","job":"","social_networks":[]},"_links":{"self":[{"href":"https:\/\/elfsight.com\/it\/wp-json\/wp\/v2\/pages\/1665","targetHints":{"allow":["GET"]}}],"collection":[{"href":"https:\/\/elfsight.com\/it\/wp-json\/wp\/v2\/pages"}],"about":[{"href":"https:\/\/elfsight.com\/it\/wp-json\/wp\/v2\/types\/page"}],"author":[{"embeddable":true,"href":"https:\/\/elfsight.com\/it\/wp-json\/wp\/v2\/users\/9"}],"replies":[{"embeddable":true,"href":"https:\/\/elfsight.com\/it\/wp-json\/wp\/v2\/comments?post=1665"}],"version-history":[{"count":2,"href":"https:\/\/elfsight.com\/it\/wp-json\/wp\/v2\/pages\/1665\/revisions"}],"predecessor-version":[{"id":1667,"href":"https:\/\/elfsight.com\/it\/wp-json\/wp\/v2\/pages\/1665\/revisions\/1667"}],"up":[{"embeddable":true,"href":"https:\/\/elfsight.com\/it\/wp-json\/wp\/v2\/pages\/1656"}],"wp:attachment":[{"href":"https:\/\/elfsight.com\/it\/wp-json\/wp\/v2\/media?parent=1665"}],"curies":[{"name":"wp","href":"https:\/\/api.w.org\/{rel}","templated":true}]}}